{"id":1573,"date":"2023-12-24T19:28:53","date_gmt":"2023-12-24T17:28:53","guid":{"rendered":"https:\/\/sites.uef.fi\/learning-analytics\/?page_id=1573"},"modified":"2023-12-24T19:28:54","modified_gmt":"2023-12-24T17:28:54","slug":"2021-2","status":"publish","type":"page","link":"https:\/\/sites.uef.fi\/learning-analytics\/publications\/2021-2\/","title":{"rendered":"LA Publications (2021)"},"content":{"rendered":"\n<ol class=\"wp-block-list\">\n<li>Ofir, Z., Tedre, M. Saqr, M.,&nbsp; Kliukina, S. End of programme evaluation of Sida\u2019s support to the World Academy of Science (TWAS), 2017-2021.<\/li>\n\n\n\n<li>L\u00f3pez-Pernas, S., M. Saqr,&nbsp;<a href=\"https:\/\/doi.org\/10.1109\/ACCESS.2021.3134844\">Bringing synchrony and clarity to complex multi-channel data: A learning analytic study in programming education<\/a>.&nbsp;<em>IEEE Access,<\/em>&nbsp;vol.9, pp. 166531-166541, 2021.<\/li>\n\n\n\n<li>M. Saqr, S. L\u00f3pez-Pernas,&nbsp;<a href=\"https:\/\/link.springer.com\/article\/10.1007%2Fs11412-021-09356-4\">Modelling diffusion in computer-supported collaborative learning: A large scale learning analytics study<\/a>.&nbsp;<em>International Journal of Computer-Supported Collaborative Learning,&nbsp;<\/em>2021.<\/li>\n\n\n\n<li>T. Valtonen, S. L\u00f3pez-Pernas, M. Saqr, H. Vartiainen, E.T. Sointu, M. Tedre,&nbsp;<a href=\"https:\/\/doi.org\/10.1016\/j.chb.2021.107123\">The nature and building blocks of educational technology research<\/a>.&nbsp;<em>Computers in Human Behavior,&nbsp;<\/em>vol. 128, 2021.<\/li>\n\n\n\n<li>M. Apiola, M. Tedre, S. L\u00f2pez-Pernas, M. Saqr, M. Daniels, A. Pears,&nbsp;<a href=\"https:\/\/doi.org\/10.1109\/FIE49875.2021.9637209\">A scientometric journey through the FIE bookshelf: 1982-2020<\/a>.&nbsp;<em>Proceedings of the<\/em>&nbsp;<em>2021 IEEE Frontiers in Education (FIE) Conference,<\/em>&nbsp;IEEE, 2021.<\/li>\n\n\n\n<li>M. Apiola, M. Tedre, S. L\u00f2pez-Pernas, M. Saqr, M. Daniels, A. Pears,&nbsp;<a href=\"https:\/\/doi.org\/10.1109\/FIE49875.2021.9637209\">A scientometric journey through the FIE bookshelf: 1982-2020<\/a>.&nbsp;<em>Proceedings of the<\/em>&nbsp;<em>2021 IEEE Frontiers in Education (FIE) Conference,<\/em>&nbsp;IEEE, 2021.<\/li>\n\n\n\n<li>M. Saqr, S. L\u00f3pez-Pernas,&nbsp;<a href=\"https:\/\/doi.org\/10.1007\/978-3-030-86436-1_10\">The dire cost of early disengagement: A four-year learning analytics study over a full program<\/a>. In De Laet T., Klemke R., Alario-Hoyos C., Hilliger I., Ortega-Arranz A. (eds),&nbsp;<em>Technology-Enhanced Learning for a Free, Safe, and Sustainable World. EC-TEL 2021<\/em>. Lecture Notes in Computer Science, vol 12884. Springer, Cham, 2021.<\/li>\n\n\n\n<li>M. Saqr, S. L\u00f3pez-Pernas,&nbsp;<a href=\"https:\/\/doi.org\/10.1016\/j.compedu.2021.104325\">The longitudinal trajectories of online engagement over a full program<\/a>.&nbsp;<em>Computers &amp; Education,<\/em>&nbsp;vol. 175, 2021.<\/li>\n\n\n\n<li>M. Saqr, S. L\u00f3pez-Pernas,&nbsp;<a href=\"https:\/\/ijhs.org.sa\/index.php\/journal\/article\/view\/6112\">Towards self-big data<\/a>.&nbsp;<em>International Journal of Health Sciences,&nbsp;<\/em>vol. 15, no. 5, pp. 1-2, 2021.<\/li>\n\n\n\n<li>M. Saqr, S. L\u00f3pez-Pernas,&nbsp;<a href=\"https:\/\/doi.org\/10.1109\/ICALT52272.2021.00056\">Idiographic learning analytics: A definition and case study<\/a>.&nbsp;<em>Proceedings of the 2021 International Conference on Advanced Learning<\/em>&nbsp;<em>Technologies<\/em>&nbsp;(pp. 163-165), 2021<\/li>\n\n\n\n<li>S. Sch\u00f6bel, M. Saqr, A. Janson,&nbsp;<a href=\"https:\/\/www.sciencedirect.com\/science\/article\/pii\/S0360131521001731\">Two decades of game concepts in digital learning environments \u2013 A bibliometric study and research agenda<\/a>.&nbsp;<em>Computers &amp; Education,&nbsp;<\/em>2021.<\/li>\n\n\n\n<li>M. Bermo, M. Saqr, H. Hoffman, D. Patterson, S. Sharar, S. Minoshima, D.H. Lewis,&nbsp;<a href=\"https:\/\/doi.org\/10.3389\/fpsyt.2021.705242\">Utility of SPECT functional neuroimaging of brain<\/a>.&nbsp;<em>Frontiers in Psychiatry,&nbsp;<\/em>2021.<\/li>\n\n\n\n<li>J. Jovanovi\u0107, M. Saqr, S. Joksimovi\u0107, D. Ga\u0161evi\u0107,&nbsp;<a href=\"https:\/\/doi.org\/10.1016\/j.compedu.2021.104251\">Students matter the most in learning analytics: The effect of internal and instructional conditions in predicting academic success<\/a>.&nbsp;<em>Computers &amp; Education,&nbsp;<\/em>vol. 172, 2021.<\/li>\n\n\n\n<li>O. Poquet, B. Chen, M. Saqr, T. Hecking,&nbsp;<a href=\"http:\/\/ceur-ws.org\/Vol-2868\/article_1.pdf\">Using network science in learning analytics: Building bridges towards a common agenda<\/a>.&nbsp;<em>Proceedings of the NetSciLA21 workshop<\/em>, 2021.<\/li>\n\n\n\n<li>O. Poquet, M. Saqr, B. Chen,&nbsp;<a href=\"http:\/\/ceur-ws.org\/Vol-2868\/article_7.pdf\">Recommendations for network research in learning analytics: To open a conversation<\/a>.&nbsp;<em>Proceedings of the NetSciLA21 workshop<\/em>, 2021.<\/li>\n\n\n\n<li>S. L\u00f3pez-Pernas, M. Saqr, O. Viberg,&nbsp;<a href=\"https:\/\/doi.org\/10.3390\/su13094825\">Putting it all together: Combining learning analytics methods and data sources to understand students\u2019 approaches to learning programming<\/a>.&nbsp;<em>Sustainability,&nbsp;<\/em>vol. 13, no. 9, 2021.<\/li>\n\n\n\n<li>M. Saqr, O. Viberg, W. Peeters,&nbsp;<a href=\"http:\/\/ceur-ws.org\/Vol-2828\/article_2.pdf\">Using psychological networks to reveal the interplay between foreign language students\u2019 self-regulated learning tactics<\/a>.&nbsp;<em>Proceedings of the 2020 STELLA Symposium<\/em>, 2021<\/li>\n\n\n\n<li>M. Saqr, S. L\u00f3pez-Pernas,&nbsp;<a href=\"http:\/\/ceur-ws.org\/Vol-2868\/article_4.pdf\">Idiographic learning analytics: A single student (N=1) approach<\/a>.&nbsp;<em>Companion Proceedings of the 11th International Conference on Learning Analytics &amp; Knowledge (LAK21),&nbsp;<\/em>2021.<\/li>\n\n\n\n<li>M. Saqr, K. Ng, S.S. Oyelere, M. Tedre,&nbsp;<a href=\"https:\/\/doi.org\/10.1145\/3445984\">People, ideas, milestones: A scientometric analysis of computational thinking.<\/a>&nbsp;<em>ACM Transactions on Computing Education,&nbsp;<\/em>vol. 21, no. 3, 2021.<\/li>\n\n\n\n<li>M. Saqr, J. Nouri, U. Fors, O. Viberg, M. Alsuhaibani, A. Alharbi, M. Alharbi, A. Alamer,&nbsp;<a href=\"https:\/\/link.springer.com\/chapter\/10.1007%2F978-3-030-64877-0_22\">How networking and social capital influence performance: The role of long-term ties<\/a>. In Antonyuk A., Basov N. (eds.)&nbsp;<em>Networks in the Global World V. Net Glow 2020.<\/em>&nbsp;Lecture Notes in Networks and Systems, vol. 181. Springer, Cham, 2021.<\/li>\n\n\n\n<li>M. Wedberg, O. Viberg, M. Saqr,&nbsp;<a href=\"https:\/\/www.learntechlib.org\/p\/218888\">Facilitating disciplinary-specific knowledge sharing: A usability study of a dementia library<\/a>. In&nbsp;<em>Proceedings of the 19 World Conference on Mobile, Blended and Seamless Learning, 2021.<\/em><\/li>\n<\/ol>\n","protected":false},"excerpt":{"rendered":"","protected":false},"author":704,"featured_media":0,"parent":622,"menu_order":0,"comment_status":"closed","ping_status":"closed","template":"","meta":{"_acf_changed":false,"footnotes":""},"class_list":["post-1573","page","type-page","status-publish","hentry"],"acf":[],"yoast_head":"<!-- This site is optimized with the Yoast SEO plugin v27.3 - https:\/\/yoast.com\/product\/yoast-seo-wordpress\/ -->\n<title>LA Publications (2021) - Learning Analytics Unit<\/title>\n<meta name=\"robots\" content=\"index, follow, max-snippet:-1, max-image-preview:large, max-video-preview:-1\" \/>\n<link rel=\"canonical\" href=\"https:\/\/sites.uef.fi\/learning-analytics\/publications\/2021-2\/\" \/>\n<meta property=\"og:locale\" content=\"en_US\" \/>\n<meta property=\"og:type\" content=\"article\" \/>\n<meta property=\"og:title\" content=\"LA Publications (2021) - Learning Analytics Unit\" \/>\n<meta property=\"og:url\" content=\"https:\/\/sites.uef.fi\/learning-analytics\/publications\/2021-2\/\" \/>\n<meta property=\"og:site_name\" content=\"Learning Analytics Unit\" \/>\n<meta property=\"article:modified_time\" content=\"2023-12-24T17:28:54+00:00\" \/>\n<meta name=\"twitter:card\" content=\"summary_large_image\" \/>\n<meta name=\"twitter:label1\" content=\"Est. reading time\" \/>\n\t<meta name=\"twitter:data1\" content=\"3 minutes\" \/>\n<script type=\"application\/ld+json\" class=\"yoast-schema-graph\">{\"@context\":\"https:\\\/\\\/schema.org\",\"@graph\":[{\"@type\":\"WebPage\",\"@id\":\"https:\\\/\\\/sites.uef.fi\\\/learning-analytics\\\/publications\\\/2021-2\\\/\",\"url\":\"https:\\\/\\\/sites.uef.fi\\\/learning-analytics\\\/publications\\\/2021-2\\\/\",\"name\":\"LA Publications (2021) - Learning Analytics Unit\",\"isPartOf\":{\"@id\":\"https:\\\/\\\/sites.uef.fi\\\/learning-analytics\\\/#website\"},\"datePublished\":\"2023-12-24T17:28:53+00:00\",\"dateModified\":\"2023-12-24T17:28:54+00:00\",\"breadcrumb\":{\"@id\":\"https:\\\/\\\/sites.uef.fi\\\/learning-analytics\\\/publications\\\/2021-2\\\/#breadcrumb\"},\"inLanguage\":\"en-US\",\"potentialAction\":[{\"@type\":\"ReadAction\",\"target\":[\"https:\\\/\\\/sites.uef.fi\\\/learning-analytics\\\/publications\\\/2021-2\\\/\"]}]},{\"@type\":\"BreadcrumbList\",\"@id\":\"https:\\\/\\\/sites.uef.fi\\\/learning-analytics\\\/publications\\\/2021-2\\\/#breadcrumb\",\"itemListElement\":[{\"@type\":\"ListItem\",\"position\":1,\"name\":\"Home\",\"item\":\"https:\\\/\\\/sites.uef.fi\\\/learning-analytics\\\/\"},{\"@type\":\"ListItem\",\"position\":2,\"name\":\"Publications\",\"item\":\"https:\\\/\\\/sites.uef.fi\\\/learning-analytics\\\/publications\\\/\"},{\"@type\":\"ListItem\",\"position\":3,\"name\":\"LA Publications (2021)\"}]},{\"@type\":\"WebSite\",\"@id\":\"https:\\\/\\\/sites.uef.fi\\\/learning-analytics\\\/#website\",\"url\":\"https:\\\/\\\/sites.uef.fi\\\/learning-analytics\\\/\",\"name\":\"Learning Analytics Unit\",\"description\":\"\",\"potentialAction\":[{\"@type\":\"SearchAction\",\"target\":{\"@type\":\"EntryPoint\",\"urlTemplate\":\"https:\\\/\\\/sites.uef.fi\\\/learning-analytics\\\/?s={search_term_string}\"},\"query-input\":{\"@type\":\"PropertyValueSpecification\",\"valueRequired\":true,\"valueName\":\"search_term_string\"}}],\"inLanguage\":\"en-US\"}]}<\/script>\n<!-- \/ Yoast SEO plugin. -->","yoast_head_json":{"title":"LA Publications (2021) - Learning Analytics Unit","robots":{"index":"index","follow":"follow","max-snippet":"max-snippet:-1","max-image-preview":"max-image-preview:large","max-video-preview":"max-video-preview:-1"},"canonical":"https:\/\/sites.uef.fi\/learning-analytics\/publications\/2021-2\/","og_locale":"en_US","og_type":"article","og_title":"LA Publications (2021) - Learning Analytics Unit","og_url":"https:\/\/sites.uef.fi\/learning-analytics\/publications\/2021-2\/","og_site_name":"Learning Analytics Unit","article_modified_time":"2023-12-24T17:28:54+00:00","twitter_card":"summary_large_image","twitter_misc":{"Est. reading time":"3 minutes"},"schema":{"@context":"https:\/\/schema.org","@graph":[{"@type":"WebPage","@id":"https:\/\/sites.uef.fi\/learning-analytics\/publications\/2021-2\/","url":"https:\/\/sites.uef.fi\/learning-analytics\/publications\/2021-2\/","name":"LA Publications (2021) - Learning Analytics Unit","isPartOf":{"@id":"https:\/\/sites.uef.fi\/learning-analytics\/#website"},"datePublished":"2023-12-24T17:28:53+00:00","dateModified":"2023-12-24T17:28:54+00:00","breadcrumb":{"@id":"https:\/\/sites.uef.fi\/learning-analytics\/publications\/2021-2\/#breadcrumb"},"inLanguage":"en-US","potentialAction":[{"@type":"ReadAction","target":["https:\/\/sites.uef.fi\/learning-analytics\/publications\/2021-2\/"]}]},{"@type":"BreadcrumbList","@id":"https:\/\/sites.uef.fi\/learning-analytics\/publications\/2021-2\/#breadcrumb","itemListElement":[{"@type":"ListItem","position":1,"name":"Home","item":"https:\/\/sites.uef.fi\/learning-analytics\/"},{"@type":"ListItem","position":2,"name":"Publications","item":"https:\/\/sites.uef.fi\/learning-analytics\/publications\/"},{"@type":"ListItem","position":3,"name":"LA Publications (2021)"}]},{"@type":"WebSite","@id":"https:\/\/sites.uef.fi\/learning-analytics\/#website","url":"https:\/\/sites.uef.fi\/learning-analytics\/","name":"Learning Analytics Unit","description":"","potentialAction":[{"@type":"SearchAction","target":{"@type":"EntryPoint","urlTemplate":"https:\/\/sites.uef.fi\/learning-analytics\/?s={search_term_string}"},"query-input":{"@type":"PropertyValueSpecification","valueRequired":true,"valueName":"search_term_string"}}],"inLanguage":"en-US"}]}},"_links":{"self":[{"href":"https:\/\/sites.uef.fi\/learning-analytics\/wp-json\/wp\/v2\/pages\/1573","targetHints":{"allow":["GET"]}}],"collection":[{"href":"https:\/\/sites.uef.fi\/learning-analytics\/wp-json\/wp\/v2\/pages"}],"about":[{"href":"https:\/\/sites.uef.fi\/learning-analytics\/wp-json\/wp\/v2\/types\/page"}],"author":[{"embeddable":true,"href":"https:\/\/sites.uef.fi\/learning-analytics\/wp-json\/wp\/v2\/users\/704"}],"replies":[{"embeddable":true,"href":"https:\/\/sites.uef.fi\/learning-analytics\/wp-json\/wp\/v2\/comments?post=1573"}],"version-history":[{"count":1,"href":"https:\/\/sites.uef.fi\/learning-analytics\/wp-json\/wp\/v2\/pages\/1573\/revisions"}],"predecessor-version":[{"id":1576,"href":"https:\/\/sites.uef.fi\/learning-analytics\/wp-json\/wp\/v2\/pages\/1573\/revisions\/1576"}],"up":[{"embeddable":true,"href":"https:\/\/sites.uef.fi\/learning-analytics\/wp-json\/wp\/v2\/pages\/622"}],"wp:attachment":[{"href":"https:\/\/sites.uef.fi\/learning-analytics\/wp-json\/wp\/v2\/media?parent=1573"}],"curies":[{"name":"wp","href":"https:\/\/api.w.org\/{rel}","templated":true}]}}