{"id":17,"date":"2021-05-18T08:09:17","date_gmt":"2021-05-18T08:09:17","guid":{"rendered":"https:\/\/sites.uef.fi\/letto-putte\/?page_id=17"},"modified":"2023-11-16T08:03:02","modified_gmt":"2023-11-16T08:03:02","slug":"homepage","status":"publish","type":"page","link":"https:\/\/sites.uef.fi\/letto-putte\/","title":{"rendered":"Etusivu"},"content":{"rendered":"\n<h2 class=\"wp-block-heading\">Tervetuloa hankkeemme kotisivuille!<\/h2>\n\n\n\n<figure class=\"wp-block-image size-large\"><img loading=\"lazy\" decoding=\"async\" width=\"1024\" height=\"768\" src=\"https:\/\/sites.uef.fi\/letto-putte\/wp-content\/uploads\/sites\/296\/2021\/11\/20210610_174132-1024x768.jpg\" alt=\"\" class=\"wp-image-325\" srcset=\"https:\/\/sites.uef.fi\/letto-putte\/wp-content\/uploads\/sites\/296\/2021\/11\/20210610_174132-1024x768.jpg 1024w, https:\/\/sites.uef.fi\/letto-putte\/wp-content\/uploads\/sites\/296\/2021\/11\/20210610_174132-300x225.jpg 300w, https:\/\/sites.uef.fi\/letto-putte\/wp-content\/uploads\/sites\/296\/2021\/11\/20210610_174132-768x576.jpg 768w, https:\/\/sites.uef.fi\/letto-putte\/wp-content\/uploads\/sites\/296\/2021\/11\/20210610_174132-1536x1152.jpg 1536w, https:\/\/sites.uef.fi\/letto-putte\/wp-content\/uploads\/sites\/296\/2021\/11\/20210610_174132-2048x1536.jpg 2048w\" sizes=\"auto, (max-width: 1024px) 100vw, 1024px\" \/><\/figure>\n\n\n\n<p>Mist\u00e4 hankkeessa on kyse:<\/p>\n\n\n\n<ul class=\"wp-block-list\">\n<li>LETTO-PUTTE- hankkeessa, eli puutteellisesti tunnettujen ja uhanalaisten lajien ja luontotyyppien tutkimusohjelman (PUTTE 2) hankkeessa tarkastelemme lettojen luontotyyppej\u00e4 ja lajistoa.<\/li>\n\n\n\n<li>Letot ovat uhanalaisimpia suotyyppej\u00e4 ja erityisen t\u00e4rkeit\u00e4 biodiversiteetin kannalta. Ker\u00e4\u00e4mme kaiken mahdollisen jo olemassa olevan lettojen kasvillisuusaineiston ja t\u00e4ydenn\u00e4mme sit\u00e4 uusilla havainnoilla. Aineiston avulla pystymme tarkastelemaan lettojen kasvillisuusvaihtelua uudella tavalla. T\u00e4ydenn\u00e4mme tietoa lettojen luontotyypeist\u00e4 ja niiden esiintymisest\u00e4 Suomessa.<\/li>\n\n\n\n<li>Tuotamme tietoa my\u00f6s lajien esiintymisest\u00e4, erityiskohteina ovat puutteellisesti tunnetut nilvi\u00e4iset ja maksasammalet.<\/li>\n<\/ul>\n\n\n\n<p><\/p>\n","protected":false},"excerpt":{"rendered":"<p>Tervetuloa hankkeemme kotisivuille! Mist\u00e4 hankkeessa on kyse:<\/p>\n","protected":false},"author":2,"featured_media":0,"parent":0,"menu_order":0,"comment_status":"closed","ping_status":"closed","template":"","meta":{"_acf_changed":false,"footnotes":""},"class_list":["post-17","page","type-page","status-publish","hentry"],"acf":[],"yoast_head":"<!-- This site is optimized with the Yoast SEO plugin v27.1.1 - https:\/\/yoast.com\/product\/yoast-seo-wordpress\/ -->\n<title>Etusivu - LETTO-PUTTE<\/title>\n<meta name=\"robots\" content=\"index, follow, max-snippet:-1, max-image-preview:large, max-video-preview:-1\" \/>\n<link rel=\"canonical\" href=\"https:\/\/sites.uef.fi\/letto-putte\/\" \/>\n<meta property=\"og:locale\" content=\"fi_FI\" \/>\n<meta property=\"og:type\" content=\"article\" \/>\n<meta property=\"og:title\" content=\"Etusivu - LETTO-PUTTE\" \/>\n<meta property=\"og:description\" content=\"Tervetuloa hankkeemme kotisivuille! Mist\u00e4 hankkeessa on kyse:\" \/>\n<meta property=\"og:url\" content=\"https:\/\/sites.uef.fi\/letto-putte\/\" \/>\n<meta property=\"og:site_name\" content=\"LETTO-PUTTE\" \/>\n<meta property=\"article:modified_time\" content=\"2023-11-16T08:03:02+00:00\" \/>\n<meta property=\"og:image\" content=\"https:\/\/sites.uef.fi\/letto-putte\/wp-content\/uploads\/sites\/296\/2021\/11\/20210610_174132-1024x768.jpg\" \/>\n<meta name=\"twitter:card\" content=\"summary_large_image\" \/>\n<meta name=\"twitter:label1\" content=\"Arvioitu lukuaika\" \/>\n\t<meta name=\"twitter:data1\" content=\"1 minuutti\" \/>\n<script type=\"application\/ld+json\" class=\"yoast-schema-graph\">{\"@context\":\"https:\/\/schema.org\",\"@graph\":[{\"@type\":\"WebPage\",\"@id\":\"https:\/\/sites.uef.fi\/letto-putte\/\",\"url\":\"https:\/\/sites.uef.fi\/letto-putte\/\",\"name\":\"Etusivu - LETTO-PUTTE\",\"isPartOf\":{\"@id\":\"https:\/\/sites.uef.fi\/letto-putte\/#website\"},\"primaryImageOfPage\":{\"@id\":\"https:\/\/sites.uef.fi\/letto-putte\/#primaryimage\"},\"image\":{\"@id\":\"https:\/\/sites.uef.fi\/letto-putte\/#primaryimage\"},\"thumbnailUrl\":\"https:\/\/sites.uef.fi\/letto-putte\/wp-content\/uploads\/sites\/296\/2021\/11\/20210610_174132-1024x768.jpg\",\"datePublished\":\"2021-05-18T08:09:17+00:00\",\"dateModified\":\"2023-11-16T08:03:02+00:00\",\"breadcrumb\":{\"@id\":\"https:\/\/sites.uef.fi\/letto-putte\/#breadcrumb\"},\"inLanguage\":\"fi\",\"potentialAction\":[{\"@type\":\"ReadAction\",\"target\":[\"https:\/\/sites.uef.fi\/letto-putte\/\"]}]},{\"@type\":\"ImageObject\",\"inLanguage\":\"fi\",\"@id\":\"https:\/\/sites.uef.fi\/letto-putte\/#primaryimage\",\"url\":\"https:\/\/sites.uef.fi\/letto-putte\/wp-content\/uploads\/sites\/296\/2021\/11\/20210610_174132-scaled.jpg\",\"contentUrl\":\"https:\/\/sites.uef.fi\/letto-putte\/wp-content\/uploads\/sites\/296\/2021\/11\/20210610_174132-scaled.jpg\",\"width\":2560,\"height\":1920},{\"@type\":\"BreadcrumbList\",\"@id\":\"https:\/\/sites.uef.fi\/letto-putte\/#breadcrumb\",\"itemListElement\":[{\"@type\":\"ListItem\",\"position\":1,\"name\":\"Home\",\"item\":\"https:\/\/sites.uef.fi\/letto-putte\/\"},{\"@type\":\"ListItem\",\"position\":2,\"name\":\"Etusivu\"}]},{\"@type\":\"WebSite\",\"@id\":\"https:\/\/sites.uef.fi\/letto-putte\/#website\",\"url\":\"https:\/\/sites.uef.fi\/letto-putte\/\",\"name\":\"LETTO-PUTTE\",\"description\":\"\",\"potentialAction\":[{\"@type\":\"SearchAction\",\"target\":{\"@type\":\"EntryPoint\",\"urlTemplate\":\"https:\/\/sites.uef.fi\/letto-putte\/?s={search_term_string}\"},\"query-input\":{\"@type\":\"PropertyValueSpecification\",\"valueRequired\":true,\"valueName\":\"search_term_string\"}}],\"inLanguage\":\"fi\"}]}<\/script>\n<!-- \/ Yoast SEO plugin. -->","yoast_head_json":{"title":"Etusivu - LETTO-PUTTE","robots":{"index":"index","follow":"follow","max-snippet":"max-snippet:-1","max-image-preview":"max-image-preview:large","max-video-preview":"max-video-preview:-1"},"canonical":"https:\/\/sites.uef.fi\/letto-putte\/","og_locale":"fi_FI","og_type":"article","og_title":"Etusivu - LETTO-PUTTE","og_description":"Tervetuloa hankkeemme kotisivuille! Mist\u00e4 hankkeessa on kyse:","og_url":"https:\/\/sites.uef.fi\/letto-putte\/","og_site_name":"LETTO-PUTTE","article_modified_time":"2023-11-16T08:03:02+00:00","og_image":[{"url":"https:\/\/sites.uef.fi\/letto-putte\/wp-content\/uploads\/sites\/296\/2021\/11\/20210610_174132-1024x768.jpg","type":"","width":"","height":""}],"twitter_card":"summary_large_image","twitter_misc":{"Arvioitu lukuaika":"1 minuutti"},"schema":{"@context":"https:\/\/schema.org","@graph":[{"@type":"WebPage","@id":"https:\/\/sites.uef.fi\/letto-putte\/","url":"https:\/\/sites.uef.fi\/letto-putte\/","name":"Etusivu - LETTO-PUTTE","isPartOf":{"@id":"https:\/\/sites.uef.fi\/letto-putte\/#website"},"primaryImageOfPage":{"@id":"https:\/\/sites.uef.fi\/letto-putte\/#primaryimage"},"image":{"@id":"https:\/\/sites.uef.fi\/letto-putte\/#primaryimage"},"thumbnailUrl":"https:\/\/sites.uef.fi\/letto-putte\/wp-content\/uploads\/sites\/296\/2021\/11\/20210610_174132-1024x768.jpg","datePublished":"2021-05-18T08:09:17+00:00","dateModified":"2023-11-16T08:03:02+00:00","breadcrumb":{"@id":"https:\/\/sites.uef.fi\/letto-putte\/#breadcrumb"},"inLanguage":"fi","potentialAction":[{"@type":"ReadAction","target":["https:\/\/sites.uef.fi\/letto-putte\/"]}]},{"@type":"ImageObject","inLanguage":"fi","@id":"https:\/\/sites.uef.fi\/letto-putte\/#primaryimage","url":"https:\/\/sites.uef.fi\/letto-putte\/wp-content\/uploads\/sites\/296\/2021\/11\/20210610_174132-scaled.jpg","contentUrl":"https:\/\/sites.uef.fi\/letto-putte\/wp-content\/uploads\/sites\/296\/2021\/11\/20210610_174132-scaled.jpg","width":2560,"height":1920},{"@type":"BreadcrumbList","@id":"https:\/\/sites.uef.fi\/letto-putte\/#breadcrumb","itemListElement":[{"@type":"ListItem","position":1,"name":"Home","item":"https:\/\/sites.uef.fi\/letto-putte\/"},{"@type":"ListItem","position":2,"name":"Etusivu"}]},{"@type":"WebSite","@id":"https:\/\/sites.uef.fi\/letto-putte\/#website","url":"https:\/\/sites.uef.fi\/letto-putte\/","name":"LETTO-PUTTE","description":"","potentialAction":[{"@type":"SearchAction","target":{"@type":"EntryPoint","urlTemplate":"https:\/\/sites.uef.fi\/letto-putte\/?s={search_term_string}"},"query-input":{"@type":"PropertyValueSpecification","valueRequired":true,"valueName":"search_term_string"}}],"inLanguage":"fi"}]}},"_links":{"self":[{"href":"https:\/\/sites.uef.fi\/letto-putte\/wp-json\/wp\/v2\/pages\/17","targetHints":{"allow":["GET"]}}],"collection":[{"href":"https:\/\/sites.uef.fi\/letto-putte\/wp-json\/wp\/v2\/pages"}],"about":[{"href":"https:\/\/sites.uef.fi\/letto-putte\/wp-json\/wp\/v2\/types\/page"}],"author":[{"embeddable":true,"href":"https:\/\/sites.uef.fi\/letto-putte\/wp-json\/wp\/v2\/users\/2"}],"replies":[{"embeddable":true,"href":"https:\/\/sites.uef.fi\/letto-putte\/wp-json\/wp\/v2\/comments?post=17"}],"version-history":[{"count":2,"href":"https:\/\/sites.uef.fi\/letto-putte\/wp-json\/wp\/v2\/pages\/17\/revisions"}],"predecessor-version":[{"id":646,"href":"https:\/\/sites.uef.fi\/letto-putte\/wp-json\/wp\/v2\/pages\/17\/revisions\/646"}],"wp:attachment":[{"href":"https:\/\/sites.uef.fi\/letto-putte\/wp-json\/wp\/v2\/media?parent=17"}],"curies":[{"name":"wp","href":"https:\/\/api.w.org\/{rel}","templated":true}]}}