{"id":57,"date":"2021-05-27T20:55:04","date_gmt":"2021-05-27T20:55:04","guid":{"rendered":"https:\/\/sites.uef.fi\/letto-putte\/?page_id=57"},"modified":"2021-06-01T12:44:37","modified_gmt":"2021-06-01T12:44:37","slug":"osallistu-letto-putte-hankkeeseen","status":"publish","type":"page","link":"https:\/\/sites.uef.fi\/letto-putte\/osallistu-letto-putte-hankkeeseen\/","title":{"rendered":"Osallistuminen"},"content":{"rendered":"\n<p>Onko sinulla tiedossa vanhoja kasvillisuusaineistoja lettoalueilta, joita voit jakaa meille? Tai vaihtoehtoisesti l\u00f6ytyyk\u00f6 sinulta innostusta l\u00e4hte\u00e4 suorittamaan letoille uusia kasvin\u00e4ytealoja? Ent\u00e4 hyvi\u00e4 paikkatietovinkkej\u00e4 lettoalueista, joita voimme ryhm\u00e4mme kanssa k\u00e4yd\u00e4 inventoimassa. Mainiota,  ota meihin yhteytt\u00e4 ja osallistu hankkeeseen!<\/p>\n\n\n\n<p><strong>Millaisesta aineistosta olemme kiinnostuneet: <\/strong><\/p>\n\n\n\n<ul class=\"wp-block-list\"><li>Haemme letoilta ker\u00e4tty\u00e4 kasvillisuusaineistoa, joista ilmenee kasvilajit ja kasvien peitt\u00e4vyysarvoinnit tietylt\u00e4 alalta. <\/li><li>Kasvilajit ovat p\u00e4\u00e4osassa lettojen luokittelussa, joten tieto lajistosta on merkitsev\u00e4ss\u00e4 osassa hanketta.<\/li><li>Peitt\u00e4vyysarviot ovat my\u00f6s hankkeen tavoitteen kannalta t\u00e4rke\u00e4\u00e4 tietoa ja ne voidaan ilmoittaa usealla erilaisilla tavoilla, kuten esimerkiksi  prosenttiluokituksella tai Braun-Blanquet- arviointiasteikolla tietyn kokoiselta alalta.<\/li><\/ul>\n\n\n\n<p><strong>Etsint\u00e4kuulutus:<\/strong> <\/p>\n\n\n\n<p>Aineistostamme uupuu luhtaletot, joita ilment\u00e4\u00e4 luhta- ja lettolajien kasvillisuus. Voit l\u00e4hett\u00e4\u00e4 meille vihjetietoa luhtalettojen esiintym\u00e4paikoista.<\/p>\n\n\n\n<p><strong>Yhteydenotot<\/strong>:<\/p>\n\n\n\n<ul class=\"wp-block-list\"><li>Ville Vesakoski (ville.vesakoski@uef.fi) <\/li><li>puh. 0505282417<\/li><\/ul>\n\n\n\n<p><\/p>\n","protected":false},"excerpt":{"rendered":"<p>Onko sinulla tiedossa vanhoja kasvillisuusaineistoja lettoalueilta, joita voit jakaa meille? Tai vaihtoehtoisesti l\u00f6ytyyk\u00f6 sinulta innostusta l\u00e4hte\u00e4 suorittamaan letoille uusia kasvin\u00e4ytealoja? Ent\u00e4 hyvi\u00e4 paikkatietovinkkej\u00e4 lettoalueista, joita voimme ryhm\u00e4mme kanssa k\u00e4yd\u00e4 inventoimassa. Mainiota, ota meihin yhteytt\u00e4 ja osallistu hankkeeseen! Millaisesta aineistosta olemme kiinnostuneet: Haemme letoilta ker\u00e4tty\u00e4 kasvillisuusaineistoa, joista ilmenee kasvilajit ja kasvien peitt\u00e4vyysarvoinnit tietylt\u00e4 alalta. Kasvilajit ovat [&hellip;]<\/p>\n","protected":false},"author":581,"featured_media":0,"parent":0,"menu_order":0,"comment_status":"closed","ping_status":"closed","template":"","meta":{"_acf_changed":false,"footnotes":""},"class_list":["post-57","page","type-page","status-publish","hentry"],"acf":[],"yoast_head":"<!-- This site is optimized with the Yoast SEO plugin v27.1.1 - https:\/\/yoast.com\/product\/yoast-seo-wordpress\/ -->\n<title>Osallistuminen - LETTO-PUTTE<\/title>\n<meta name=\"robots\" content=\"index, follow, max-snippet:-1, max-image-preview:large, max-video-preview:-1\" \/>\n<link rel=\"canonical\" href=\"https:\/\/sites.uef.fi\/letto-putte\/osallistu-letto-putte-hankkeeseen\/\" \/>\n<meta property=\"og:locale\" content=\"fi_FI\" \/>\n<meta property=\"og:type\" content=\"article\" \/>\n<meta property=\"og:title\" content=\"Osallistuminen - LETTO-PUTTE\" \/>\n<meta property=\"og:description\" content=\"Onko sinulla tiedossa vanhoja kasvillisuusaineistoja lettoalueilta, joita voit jakaa meille? Tai vaihtoehtoisesti l\u00f6ytyyk\u00f6 sinulta innostusta l\u00e4hte\u00e4 suorittamaan letoille uusia kasvin\u00e4ytealoja? Ent\u00e4 hyvi\u00e4 paikkatietovinkkej\u00e4 lettoalueista, joita voimme ryhm\u00e4mme kanssa k\u00e4yd\u00e4 inventoimassa. Mainiota, ota meihin yhteytt\u00e4 ja osallistu hankkeeseen! Millaisesta aineistosta olemme kiinnostuneet: Haemme letoilta ker\u00e4tty\u00e4 kasvillisuusaineistoa, joista ilmenee kasvilajit ja kasvien peitt\u00e4vyysarvoinnit tietylt\u00e4 alalta. Kasvilajit ovat [&hellip;]\" \/>\n<meta property=\"og:url\" content=\"https:\/\/sites.uef.fi\/letto-putte\/osallistu-letto-putte-hankkeeseen\/\" \/>\n<meta property=\"og:site_name\" content=\"LETTO-PUTTE\" \/>\n<meta property=\"article:modified_time\" content=\"2021-06-01T12:44:37+00:00\" \/>\n<meta name=\"twitter:card\" content=\"summary_large_image\" \/>\n<meta name=\"twitter:label1\" content=\"Arvioitu lukuaika\" \/>\n\t<meta name=\"twitter:data1\" content=\"1 minuutti\" \/>\n<script type=\"application\/ld+json\" class=\"yoast-schema-graph\">{\"@context\":\"https:\/\/schema.org\",\"@graph\":[{\"@type\":\"WebPage\",\"@id\":\"https:\/\/sites.uef.fi\/letto-putte\/osallistu-letto-putte-hankkeeseen\/\",\"url\":\"https:\/\/sites.uef.fi\/letto-putte\/osallistu-letto-putte-hankkeeseen\/\",\"name\":\"Osallistuminen - LETTO-PUTTE\",\"isPartOf\":{\"@id\":\"https:\/\/sites.uef.fi\/letto-putte\/#website\"},\"datePublished\":\"2021-05-27T20:55:04+00:00\",\"dateModified\":\"2021-06-01T12:44:37+00:00\",\"breadcrumb\":{\"@id\":\"https:\/\/sites.uef.fi\/letto-putte\/osallistu-letto-putte-hankkeeseen\/#breadcrumb\"},\"inLanguage\":\"fi\",\"potentialAction\":[{\"@type\":\"ReadAction\",\"target\":[\"https:\/\/sites.uef.fi\/letto-putte\/osallistu-letto-putte-hankkeeseen\/\"]}]},{\"@type\":\"BreadcrumbList\",\"@id\":\"https:\/\/sites.uef.fi\/letto-putte\/osallistu-letto-putte-hankkeeseen\/#breadcrumb\",\"itemListElement\":[{\"@type\":\"ListItem\",\"position\":1,\"name\":\"Home\",\"item\":\"https:\/\/sites.uef.fi\/letto-putte\/\"},{\"@type\":\"ListItem\",\"position\":2,\"name\":\"Osallistuminen\"}]},{\"@type\":\"WebSite\",\"@id\":\"https:\/\/sites.uef.fi\/letto-putte\/#website\",\"url\":\"https:\/\/sites.uef.fi\/letto-putte\/\",\"name\":\"LETTO-PUTTE\",\"description\":\"\",\"potentialAction\":[{\"@type\":\"SearchAction\",\"target\":{\"@type\":\"EntryPoint\",\"urlTemplate\":\"https:\/\/sites.uef.fi\/letto-putte\/?s={search_term_string}\"},\"query-input\":{\"@type\":\"PropertyValueSpecification\",\"valueRequired\":true,\"valueName\":\"search_term_string\"}}],\"inLanguage\":\"fi\"}]}<\/script>\n<!-- \/ Yoast SEO plugin. -->","yoast_head_json":{"title":"Osallistuminen - LETTO-PUTTE","robots":{"index":"index","follow":"follow","max-snippet":"max-snippet:-1","max-image-preview":"max-image-preview:large","max-video-preview":"max-video-preview:-1"},"canonical":"https:\/\/sites.uef.fi\/letto-putte\/osallistu-letto-putte-hankkeeseen\/","og_locale":"fi_FI","og_type":"article","og_title":"Osallistuminen - LETTO-PUTTE","og_description":"Onko sinulla tiedossa vanhoja kasvillisuusaineistoja lettoalueilta, joita voit jakaa meille? Tai vaihtoehtoisesti l\u00f6ytyyk\u00f6 sinulta innostusta l\u00e4hte\u00e4 suorittamaan letoille uusia kasvin\u00e4ytealoja? Ent\u00e4 hyvi\u00e4 paikkatietovinkkej\u00e4 lettoalueista, joita voimme ryhm\u00e4mme kanssa k\u00e4yd\u00e4 inventoimassa. Mainiota, ota meihin yhteytt\u00e4 ja osallistu hankkeeseen! Millaisesta aineistosta olemme kiinnostuneet: Haemme letoilta ker\u00e4tty\u00e4 kasvillisuusaineistoa, joista ilmenee kasvilajit ja kasvien peitt\u00e4vyysarvoinnit tietylt\u00e4 alalta. Kasvilajit ovat [&hellip;]","og_url":"https:\/\/sites.uef.fi\/letto-putte\/osallistu-letto-putte-hankkeeseen\/","og_site_name":"LETTO-PUTTE","article_modified_time":"2021-06-01T12:44:37+00:00","twitter_card":"summary_large_image","twitter_misc":{"Arvioitu lukuaika":"1 minuutti"},"schema":{"@context":"https:\/\/schema.org","@graph":[{"@type":"WebPage","@id":"https:\/\/sites.uef.fi\/letto-putte\/osallistu-letto-putte-hankkeeseen\/","url":"https:\/\/sites.uef.fi\/letto-putte\/osallistu-letto-putte-hankkeeseen\/","name":"Osallistuminen - LETTO-PUTTE","isPartOf":{"@id":"https:\/\/sites.uef.fi\/letto-putte\/#website"},"datePublished":"2021-05-27T20:55:04+00:00","dateModified":"2021-06-01T12:44:37+00:00","breadcrumb":{"@id":"https:\/\/sites.uef.fi\/letto-putte\/osallistu-letto-putte-hankkeeseen\/#breadcrumb"},"inLanguage":"fi","potentialAction":[{"@type":"ReadAction","target":["https:\/\/sites.uef.fi\/letto-putte\/osallistu-letto-putte-hankkeeseen\/"]}]},{"@type":"BreadcrumbList","@id":"https:\/\/sites.uef.fi\/letto-putte\/osallistu-letto-putte-hankkeeseen\/#breadcrumb","itemListElement":[{"@type":"ListItem","position":1,"name":"Home","item":"https:\/\/sites.uef.fi\/letto-putte\/"},{"@type":"ListItem","position":2,"name":"Osallistuminen"}]},{"@type":"WebSite","@id":"https:\/\/sites.uef.fi\/letto-putte\/#website","url":"https:\/\/sites.uef.fi\/letto-putte\/","name":"LETTO-PUTTE","description":"","potentialAction":[{"@type":"SearchAction","target":{"@type":"EntryPoint","urlTemplate":"https:\/\/sites.uef.fi\/letto-putte\/?s={search_term_string}"},"query-input":{"@type":"PropertyValueSpecification","valueRequired":true,"valueName":"search_term_string"}}],"inLanguage":"fi"}]}},"_links":{"self":[{"href":"https:\/\/sites.uef.fi\/letto-putte\/wp-json\/wp\/v2\/pages\/57","targetHints":{"allow":["GET"]}}],"collection":[{"href":"https:\/\/sites.uef.fi\/letto-putte\/wp-json\/wp\/v2\/pages"}],"about":[{"href":"https:\/\/sites.uef.fi\/letto-putte\/wp-json\/wp\/v2\/types\/page"}],"author":[{"embeddable":true,"href":"https:\/\/sites.uef.fi\/letto-putte\/wp-json\/wp\/v2\/users\/581"}],"replies":[{"embeddable":true,"href":"https:\/\/sites.uef.fi\/letto-putte\/wp-json\/wp\/v2\/comments?post=57"}],"version-history":[{"count":1,"href":"https:\/\/sites.uef.fi\/letto-putte\/wp-json\/wp\/v2\/pages\/57\/revisions"}],"predecessor-version":[{"id":306,"href":"https:\/\/sites.uef.fi\/letto-putte\/wp-json\/wp\/v2\/pages\/57\/revisions\/306"}],"wp:attachment":[{"href":"https:\/\/sites.uef.fi\/letto-putte\/wp-json\/wp\/v2\/media?parent=57"}],"curies":[{"name":"wp","href":"https:\/\/api.w.org\/{rel}","templated":true}]}}