{"id":66,"date":"2021-05-27T20:56:31","date_gmt":"2021-05-27T20:56:31","guid":{"rendered":"https:\/\/sites.uef.fi\/letto-putte\/?page_id=66"},"modified":"2021-06-01T12:35:19","modified_gmt":"2021-06-01T12:35:19","slug":"tutkimusryhman-jasenet","status":"publish","type":"page","link":"https:\/\/sites.uef.fi\/letto-putte\/tutkimusryhman-jasenet\/","title":{"rendered":"Tutkimusryhm\u00e4n j\u00e4senet"},"content":{"rendered":"\n<p>Terve! T\u00e4ll\u00e4 sivulla esittelemme meid\u00e4n hankkeen j\u00e4senet lyhyesti. Hankkeen j\u00e4senet toimivat kahdessa eri sijainnissa &#8211; Joensuussa ja Oulussa. Joensuussa toimipaikkana toimii It\u00e4-Suomen yliopisto ja Oulussa Oulun yliopisto. Lis\u00e4ksi hankkeessa on  mukana Ringa Luostarinen Pohjois-Karjalan Ely-keskukselta.<\/p>\n\n\n\n<div class=\"wp-block-columns is-layout-flex wp-container-core-columns-is-layout-9d6595d7 wp-block-columns-is-layout-flex\">\n<div class=\"wp-block-column is-layout-flow wp-block-column-is-layout-flow\" style=\"flex-basis:50%\">\n<p>It\u00e4-Suomen yliopistolta hanketta johtaa Teemu Tahvanainen ja projektitutkijoina toimivat Tiina Kolari, Mika Pajari, Pekka Pohjola ja Ville Vesakoski. <\/p>\n<\/div>\n\n\n\n<div class=\"wp-block-column is-layout-flow wp-block-column-is-layout-flow\" style=\"flex-basis:50%\">\n<p>Oulun yliopistolta osahanketta johtaa Risto Virtanen ja projektitutkijana toimii Jarmo Laitinen ja Lauralotta Muurinen.<\/p>\n<\/div>\n<\/div>\n\n\n\n<p><strong>Yhteisty\u00f6tahot<\/strong>:<\/p>\n\n\n\n<ul class=\"wp-block-list\"><li>SYKE: Lettojen esiintyminen, tila sek\u00e4 ennallistamis- ja hoitotarpeet (LETOT) (<a rel=\"noreferrer noopener\" href=\"https:\/\/eur03.safelinks.protection.outlook.com\/?url=https%3A%2F%2Fwww.syke.fi%2Ffi-FI%2FTutkimus__kehittaminen%2FTutkimus_ja_kehittamishankkeet%2FHankkeet%2FLettojen_esiintyminen_tila_seka_ennallistamis_ja_hoitotarpeet_LETOT%2FLettojen_esiintyminen_tila_seka_ennallis(60225)&amp;data=04%7C01%7C%7Ce6e44cc4567246c1aa7c08d924f7e12c%7C87879f2e73044bf2baf263e7f83f3c34%7C0%7C0%7C637581469311748469%7CUnknown%7CTWFpbGZsb3d8eyJWIjoiMC4wLjAwMDAiLCJQIjoiV2luMzIiLCJBTiI6Ik1haWwiLCJXVCI6Mn0%3D%7C1000&amp;sdata=Pan%2FymQ8xFjG%2Fl9hq%2BZ%2F4BrsZ76fX9%2FOZB%2BJRvlc700%3D&amp;reserved=0\" target=\"_blank\">https:\/\/www.syke.fi\/fi-FI\/Tutkimus__kehittaminen\/Tutkimus_ja_kehittamishankkeet\/Hankkeet\/Lettojen_esiintyminen_tila_seka_ennallistamis_ja_hoitotarpeet_LETOT\/Lettojen_esiintyminen_tila_seka_ennallis(60225)<\/a>)<\/li><li>Mire Ecology Group, Masaryk University, Michal H\u00e1jek  (<a rel=\"noreferrer noopener\" href=\"https:\/\/eur03.safelinks.protection.outlook.com\/?url=https%3A%2F%2Fwww.muni.cz%2Fen%2Fabout-us%2Forganizational-structure%2Ffaculty-of-science%2F314023-mire-ecology-group&amp;data=04%7C01%7C%7Ce6e44cc4567246c1aa7c08d924f7e12c%7C87879f2e73044bf2baf263e7f83f3c34%7C0%7C0%7C637581469311748469%7CUnknown%7CTWFpbGZsb3d8eyJWIjoiMC4wLjAwMDAiLCJQIjoiV2luMzIiLCJBTiI6Ik1haWwiLCJXVCI6Mn0%3D%7C1000&amp;sdata=EloryZv6TW00t4S1g1yhGBt8nFGda%2F1E%2FCjBZtJjyZM%3D&amp;reserved=0\" target=\"_blank\">https:\/\/www.muni.cz\/en\/about-us\/organizational-structure\/faculty-of-science\/314023-mire-ecology-group<\/a>)<\/li><\/ul>\n\n\n\n<p><strong>Henkil\u00f6esittelyt<\/strong>:<\/p>\n\n\n\n<p><strong>Teemu Tahvanainen<\/strong>:  Hankkeen johtaja. Teemu on It\u00e4-Suomen yliopistolla toiminut jo usean vuoden lehtorina, nyky\u00e4\u00e4n toimii yliopistotutkijana. Aika kuluu hankkeen koordinoinnissa ja maastossa botanistin saaappaissa.<\/p>\n\n\n\n<p><strong>Tiina Kolari<\/strong>: Tiina toimii hankkeessa sek\u00e4 botanistina ett\u00e4 EVA- ohjelmiston asiantuntijana.<\/p>\n\n\n\n<p><strong>Mika Pajari<\/strong>: Toimii It\u00e4-Suomen yliopistolla opettajana. Mikalta l\u00f6ytyy pitk\u00e4 historia hy\u00f6nteisten parissa ty\u00f6skentelyst\u00e4. T\u00e4ss\u00e4 hankkeessa Mikan toimenkuvaan kuuluu  maanilvi\u00e4isten kartoitus lettoalueilta.<\/p>\n\n\n\n<p><strong>Pekka Pohjola<\/strong>: Pekka on eritt\u00e4in kokenut hy\u00f6nteisasiantuntija ja h\u00e4nen toimenkuvaan kuuluu maanilvi\u00e4isten kartoitus ja m\u00e4\u00e4ritys lettoaluilta. <\/p>\n\n\n\n<p><\/p>\n\n\n\n<div class=\"wp-block-media-text alignwide is-stacked-on-mobile\" style=\"grid-template-columns:25% auto\"><figure class=\"wp-block-media-text__media\"><img loading=\"lazy\" decoding=\"async\" width=\"720\" height=\"720\" src=\"https:\/\/sites.uef.fi\/letto-putte\/wp-content\/uploads\/sites\/296\/2021\/05\/IMG-20200217-WA0001-edited.jpg\" alt=\"\" class=\"wp-image-168 size-full\" srcset=\"https:\/\/sites.uef.fi\/letto-putte\/wp-content\/uploads\/sites\/296\/2021\/05\/IMG-20200217-WA0001-edited.jpg 720w, https:\/\/sites.uef.fi\/letto-putte\/wp-content\/uploads\/sites\/296\/2021\/05\/IMG-20200217-WA0001-edited-300x300.jpg 300w, https:\/\/sites.uef.fi\/letto-putte\/wp-content\/uploads\/sites\/296\/2021\/05\/IMG-20200217-WA0001-edited-150x150.jpg 150w, https:\/\/sites.uef.fi\/letto-putte\/wp-content\/uploads\/sites\/296\/2021\/05\/IMG-20200217-WA0001-edited-100x100.jpg 100w\" sizes=\"auto, (max-width: 720px) 100vw, 720px\" \/><\/figure><div class=\"wp-block-media-text__content\">\n<p><strong>Ville Vesakoski<\/strong>: Toimenpiteen kuviin kuuluu nettisivujen luominen ja yll\u00e4pito, aineistojen digitointi ja botanistin teht\u00e4v\u00e4t.<\/p>\n<\/div><\/div>\n","protected":false},"excerpt":{"rendered":"<p>Terve! T\u00e4ll\u00e4 sivulla esittelemme meid\u00e4n hankkeen j\u00e4senet lyhyesti. Hankkeen j\u00e4senet toimivat kahdessa eri sijainnissa &#8211; Joensuussa ja Oulussa. Joensuussa toimipaikkana toimii It\u00e4-Suomen yliopisto ja Oulussa Oulun yliopisto. Lis\u00e4ksi hankkeessa on mukana Ringa Luostarinen Pohjois-Karjalan Ely-keskukselta. It\u00e4-Suomen yliopistolta hanketta johtaa Teemu Tahvanainen ja projektitutkijoina toimivat Tiina Kolari, Mika Pajari, Pekka Pohjola ja Ville Vesakoski. Oulun yliopistolta [&hellip;]<\/p>\n","protected":false},"author":581,"featured_media":0,"parent":0,"menu_order":0,"comment_status":"closed","ping_status":"closed","template":"","meta":{"_acf_changed":false,"footnotes":""},"class_list":["post-66","page","type-page","status-publish","hentry"],"acf":[],"yoast_head":"<!-- This site is optimized with the Yoast SEO plugin v27.1.1 - https:\/\/yoast.com\/product\/yoast-seo-wordpress\/ -->\n<title>Tutkimusryhm\u00e4n j\u00e4senet - LETTO-PUTTE<\/title>\n<meta name=\"robots\" content=\"index, follow, max-snippet:-1, max-image-preview:large, max-video-preview:-1\" \/>\n<link rel=\"canonical\" href=\"https:\/\/sites.uef.fi\/letto-putte\/tutkimusryhman-jasenet\/\" \/>\n<meta property=\"og:locale\" content=\"fi_FI\" \/>\n<meta property=\"og:type\" content=\"article\" \/>\n<meta property=\"og:title\" content=\"Tutkimusryhm\u00e4n j\u00e4senet - LETTO-PUTTE\" \/>\n<meta property=\"og:description\" content=\"Terve! T\u00e4ll\u00e4 sivulla esittelemme meid\u00e4n hankkeen j\u00e4senet lyhyesti. Hankkeen j\u00e4senet toimivat kahdessa eri sijainnissa &#8211; Joensuussa ja Oulussa. Joensuussa toimipaikkana toimii It\u00e4-Suomen yliopisto ja Oulussa Oulun yliopisto. Lis\u00e4ksi hankkeessa on mukana Ringa Luostarinen Pohjois-Karjalan Ely-keskukselta. It\u00e4-Suomen yliopistolta hanketta johtaa Teemu Tahvanainen ja projektitutkijoina toimivat Tiina Kolari, Mika Pajari, Pekka Pohjola ja Ville Vesakoski. Oulun yliopistolta [&hellip;]\" \/>\n<meta property=\"og:url\" content=\"https:\/\/sites.uef.fi\/letto-putte\/tutkimusryhman-jasenet\/\" \/>\n<meta property=\"og:site_name\" content=\"LETTO-PUTTE\" \/>\n<meta property=\"article:modified_time\" content=\"2021-06-01T12:35:19+00:00\" \/>\n<meta property=\"og:image\" content=\"https:\/\/sites.uef.fi\/letto-putte\/wp-content\/uploads\/sites\/296\/2021\/05\/IMG-20200217-WA0001-edited.jpg\" \/>\n<meta name=\"twitter:card\" content=\"summary_large_image\" \/>\n<meta name=\"twitter:label1\" content=\"Arvioitu lukuaika\" \/>\n\t<meta name=\"twitter:data1\" content=\"1 minuutti\" \/>\n<script type=\"application\/ld+json\" class=\"yoast-schema-graph\">{\"@context\":\"https:\/\/schema.org\",\"@graph\":[{\"@type\":\"WebPage\",\"@id\":\"https:\/\/sites.uef.fi\/letto-putte\/tutkimusryhman-jasenet\/\",\"url\":\"https:\/\/sites.uef.fi\/letto-putte\/tutkimusryhman-jasenet\/\",\"name\":\"Tutkimusryhm\u00e4n j\u00e4senet - LETTO-PUTTE\",\"isPartOf\":{\"@id\":\"https:\/\/sites.uef.fi\/letto-putte\/#website\"},\"primaryImageOfPage\":{\"@id\":\"https:\/\/sites.uef.fi\/letto-putte\/tutkimusryhman-jasenet\/#primaryimage\"},\"image\":{\"@id\":\"https:\/\/sites.uef.fi\/letto-putte\/tutkimusryhman-jasenet\/#primaryimage\"},\"thumbnailUrl\":\"https:\/\/sites.uef.fi\/letto-putte\/wp-content\/uploads\/sites\/296\/2021\/05\/IMG-20200217-WA0001-edited.jpg\",\"datePublished\":\"2021-05-27T20:56:31+00:00\",\"dateModified\":\"2021-06-01T12:35:19+00:00\",\"breadcrumb\":{\"@id\":\"https:\/\/sites.uef.fi\/letto-putte\/tutkimusryhman-jasenet\/#breadcrumb\"},\"inLanguage\":\"fi\",\"potentialAction\":[{\"@type\":\"ReadAction\",\"target\":[\"https:\/\/sites.uef.fi\/letto-putte\/tutkimusryhman-jasenet\/\"]}]},{\"@type\":\"ImageObject\",\"inLanguage\":\"fi\",\"@id\":\"https:\/\/sites.uef.fi\/letto-putte\/tutkimusryhman-jasenet\/#primaryimage\",\"url\":\"https:\/\/sites.uef.fi\/letto-putte\/wp-content\/uploads\/sites\/296\/2021\/05\/IMG-20200217-WA0001-edited.jpg\",\"contentUrl\":\"https:\/\/sites.uef.fi\/letto-putte\/wp-content\/uploads\/sites\/296\/2021\/05\/IMG-20200217-WA0001-edited.jpg\",\"width\":720,\"height\":720},{\"@type\":\"BreadcrumbList\",\"@id\":\"https:\/\/sites.uef.fi\/letto-putte\/tutkimusryhman-jasenet\/#breadcrumb\",\"itemListElement\":[{\"@type\":\"ListItem\",\"position\":1,\"name\":\"Home\",\"item\":\"https:\/\/sites.uef.fi\/letto-putte\/\"},{\"@type\":\"ListItem\",\"position\":2,\"name\":\"Tutkimusryhm\u00e4n j\u00e4senet\"}]},{\"@type\":\"WebSite\",\"@id\":\"https:\/\/sites.uef.fi\/letto-putte\/#website\",\"url\":\"https:\/\/sites.uef.fi\/letto-putte\/\",\"name\":\"LETTO-PUTTE\",\"description\":\"\",\"potentialAction\":[{\"@type\":\"SearchAction\",\"target\":{\"@type\":\"EntryPoint\",\"urlTemplate\":\"https:\/\/sites.uef.fi\/letto-putte\/?s={search_term_string}\"},\"query-input\":{\"@type\":\"PropertyValueSpecification\",\"valueRequired\":true,\"valueName\":\"search_term_string\"}}],\"inLanguage\":\"fi\"}]}<\/script>\n<!-- \/ Yoast SEO plugin. -->","yoast_head_json":{"title":"Tutkimusryhm\u00e4n j\u00e4senet - LETTO-PUTTE","robots":{"index":"index","follow":"follow","max-snippet":"max-snippet:-1","max-image-preview":"max-image-preview:large","max-video-preview":"max-video-preview:-1"},"canonical":"https:\/\/sites.uef.fi\/letto-putte\/tutkimusryhman-jasenet\/","og_locale":"fi_FI","og_type":"article","og_title":"Tutkimusryhm\u00e4n j\u00e4senet - LETTO-PUTTE","og_description":"Terve! T\u00e4ll\u00e4 sivulla esittelemme meid\u00e4n hankkeen j\u00e4senet lyhyesti. Hankkeen j\u00e4senet toimivat kahdessa eri sijainnissa &#8211; Joensuussa ja Oulussa. Joensuussa toimipaikkana toimii It\u00e4-Suomen yliopisto ja Oulussa Oulun yliopisto. Lis\u00e4ksi hankkeessa on mukana Ringa Luostarinen Pohjois-Karjalan Ely-keskukselta. It\u00e4-Suomen yliopistolta hanketta johtaa Teemu Tahvanainen ja projektitutkijoina toimivat Tiina Kolari, Mika Pajari, Pekka Pohjola ja Ville Vesakoski. Oulun yliopistolta [&hellip;]","og_url":"https:\/\/sites.uef.fi\/letto-putte\/tutkimusryhman-jasenet\/","og_site_name":"LETTO-PUTTE","article_modified_time":"2021-06-01T12:35:19+00:00","og_image":[{"url":"https:\/\/sites.uef.fi\/letto-putte\/wp-content\/uploads\/sites\/296\/2021\/05\/IMG-20200217-WA0001-edited.jpg","type":"","width":"","height":""}],"twitter_card":"summary_large_image","twitter_misc":{"Arvioitu lukuaika":"1 minuutti"},"schema":{"@context":"https:\/\/schema.org","@graph":[{"@type":"WebPage","@id":"https:\/\/sites.uef.fi\/letto-putte\/tutkimusryhman-jasenet\/","url":"https:\/\/sites.uef.fi\/letto-putte\/tutkimusryhman-jasenet\/","name":"Tutkimusryhm\u00e4n j\u00e4senet - LETTO-PUTTE","isPartOf":{"@id":"https:\/\/sites.uef.fi\/letto-putte\/#website"},"primaryImageOfPage":{"@id":"https:\/\/sites.uef.fi\/letto-putte\/tutkimusryhman-jasenet\/#primaryimage"},"image":{"@id":"https:\/\/sites.uef.fi\/letto-putte\/tutkimusryhman-jasenet\/#primaryimage"},"thumbnailUrl":"https:\/\/sites.uef.fi\/letto-putte\/wp-content\/uploads\/sites\/296\/2021\/05\/IMG-20200217-WA0001-edited.jpg","datePublished":"2021-05-27T20:56:31+00:00","dateModified":"2021-06-01T12:35:19+00:00","breadcrumb":{"@id":"https:\/\/sites.uef.fi\/letto-putte\/tutkimusryhman-jasenet\/#breadcrumb"},"inLanguage":"fi","potentialAction":[{"@type":"ReadAction","target":["https:\/\/sites.uef.fi\/letto-putte\/tutkimusryhman-jasenet\/"]}]},{"@type":"ImageObject","inLanguage":"fi","@id":"https:\/\/sites.uef.fi\/letto-putte\/tutkimusryhman-jasenet\/#primaryimage","url":"https:\/\/sites.uef.fi\/letto-putte\/wp-content\/uploads\/sites\/296\/2021\/05\/IMG-20200217-WA0001-edited.jpg","contentUrl":"https:\/\/sites.uef.fi\/letto-putte\/wp-content\/uploads\/sites\/296\/2021\/05\/IMG-20200217-WA0001-edited.jpg","width":720,"height":720},{"@type":"BreadcrumbList","@id":"https:\/\/sites.uef.fi\/letto-putte\/tutkimusryhman-jasenet\/#breadcrumb","itemListElement":[{"@type":"ListItem","position":1,"name":"Home","item":"https:\/\/sites.uef.fi\/letto-putte\/"},{"@type":"ListItem","position":2,"name":"Tutkimusryhm\u00e4n j\u00e4senet"}]},{"@type":"WebSite","@id":"https:\/\/sites.uef.fi\/letto-putte\/#website","url":"https:\/\/sites.uef.fi\/letto-putte\/","name":"LETTO-PUTTE","description":"","potentialAction":[{"@type":"SearchAction","target":{"@type":"EntryPoint","urlTemplate":"https:\/\/sites.uef.fi\/letto-putte\/?s={search_term_string}"},"query-input":{"@type":"PropertyValueSpecification","valueRequired":true,"valueName":"search_term_string"}}],"inLanguage":"fi"}]}},"_links":{"self":[{"href":"https:\/\/sites.uef.fi\/letto-putte\/wp-json\/wp\/v2\/pages\/66","targetHints":{"allow":["GET"]}}],"collection":[{"href":"https:\/\/sites.uef.fi\/letto-putte\/wp-json\/wp\/v2\/pages"}],"about":[{"href":"https:\/\/sites.uef.fi\/letto-putte\/wp-json\/wp\/v2\/types\/page"}],"author":[{"embeddable":true,"href":"https:\/\/sites.uef.fi\/letto-putte\/wp-json\/wp\/v2\/users\/581"}],"replies":[{"embeddable":true,"href":"https:\/\/sites.uef.fi\/letto-putte\/wp-json\/wp\/v2\/comments?post=66"}],"version-history":[{"count":2,"href":"https:\/\/sites.uef.fi\/letto-putte\/wp-json\/wp\/v2\/pages\/66\/revisions"}],"predecessor-version":[{"id":300,"href":"https:\/\/sites.uef.fi\/letto-putte\/wp-json\/wp\/v2\/pages\/66\/revisions\/300"}],"wp:attachment":[{"href":"https:\/\/sites.uef.fi\/letto-putte\/wp-json\/wp\/v2\/media?parent=66"}],"curies":[{"name":"wp","href":"https:\/\/api.w.org\/{rel}","templated":true}]}}