{"id":99,"date":"2021-05-27T21:05:40","date_gmt":"2021-05-27T21:05:40","guid":{"rendered":"https:\/\/sites.uef.fi\/letto-putte\/?page_id=99"},"modified":"2021-11-29T14:58:53","modified_gmt":"2021-11-29T14:58:53","slug":"blogi","status":"publish","type":"page","link":"https:\/\/sites.uef.fi\/letto-putte\/blogi\/","title":{"rendered":"Blogi"},"content":{"rendered":"\n<p>1.6.2021<\/p>\n\n\n\n<p>Oli pilvinen aamu ja aika l\u00e4hte\u00e4 ensimm\u00e4iselle lettokeikalle. V\u00e4synein silmin l\u00e4hdettiin kohti Enossa sijaitsevia kohteita. Y\u00f6ll\u00e4 oli unet j\u00e4\u00e4neet v\u00e4hiin, sill\u00e4 lapsenomainen intous oli saanut olon levottomaksi. Oli aika laittaa luotu maastoprotokolla testiin ja verest\u00e4\u00e4 omia m\u00e4\u00e4ritystaitoja talven j\u00e4ljilt\u00e4.<\/p>\n\n\n\n<p> Ryhm\u00e4mme iski ensimm\u00e4isen\u00e4 luhtavaikutteiseen lettoon , eli &#8221;luhtalettoon&#8221;. Siell\u00e4 silmiini paloi sangen hauska n\u00e4ky, miss\u00e4 saram\u00e4tt\u00e4iden tuppaat ik\u00e4\u00e4n kuin vartioivat lettoa. Seuraava kohde oli rinteell\u00e4 sijaitseva letto, josta l\u00f6ytyi mm. rimpisirppisammalta (<em>Scorpidium revolvens<\/em>), hetekuirisammalta (<em>Calliergon giganteum<\/em>) ja lettohiirensammalta (<em>Bryum pseudotriquetrum<\/em>). P\u00e4iv\u00e4n viimeinen lettokohde oli l\u00e4hdevaikutteinen, sijaiten korpimaisessa ja lehtomaisessa ymp\u00e4rist\u00f6ss\u00e4. <\/p>\n\n\n\n<p>Kohteilla laadittiin kasviruudut ja arvioitiin lajiston peitt\u00e4vyydet. Osat putkilokasveista ovat vasta aloittelemassa kasvukausiaan, eik\u00e4 t\u00e4m\u00e4n vuoksi kaikkia lajeja v\u00e4ltt\u00e4m\u00e4tt\u00e4 havaita, joten varotoimenpiteen\u00e4 on viisainta j\u00e4tt\u00e4\u00e4 letot Pohjois-Karjalan alueella viel\u00e4 pariksi viikoksi rauhaan. Seuraavaan kertaan siis, rakkaat lukijat. -Ville<\/p>\n\n\n\n<figure class=\"wp-block-image size-large\"><img loading=\"lazy\" decoding=\"async\" width=\"1024\" height=\"594\" src=\"https:\/\/sites.uef.fi\/letto-putte\/wp-content\/uploads\/sites\/296\/2021\/05\/20210531_121900-scaled-e1622498518922-1024x594.jpg\" alt=\"\" class=\"wp-image-195\" srcset=\"https:\/\/sites.uef.fi\/letto-putte\/wp-content\/uploads\/sites\/296\/2021\/05\/20210531_121900-scaled-e1622498518922-1024x594.jpg 1024w, https:\/\/sites.uef.fi\/letto-putte\/wp-content\/uploads\/sites\/296\/2021\/05\/20210531_121900-scaled-e1622498518922-300x174.jpg 300w, https:\/\/sites.uef.fi\/letto-putte\/wp-content\/uploads\/sites\/296\/2021\/05\/20210531_121900-scaled-e1622498518922-768x445.jpg 768w, https:\/\/sites.uef.fi\/letto-putte\/wp-content\/uploads\/sites\/296\/2021\/05\/20210531_121900-scaled-e1622498518922-1536x890.jpg 1536w, https:\/\/sites.uef.fi\/letto-putte\/wp-content\/uploads\/sites\/296\/2021\/05\/20210531_121900-scaled-e1622498518922-2048x1187.jpg 2048w\" sizes=\"auto, (max-width: 1024px) 100vw, 1024px\" \/><figcaption>Rinteess\u00e4 sijaitseva letto. Botanistit arvioimassa lajistonpeitt\u00e4vyyksi\u00e4 vasemmalla ja keskell\u00e4 kuvaa, sek\u00e4 oikealla kotiloiden etsint\u00e4\u00e4 suodattammalla sammalia.<\/figcaption><\/figure>\n\n\n\n<h2 class=\"wp-block-heading\"><strong>Kes\u00e4n 2021 maastokohteet &#8211; tilastoja<\/strong><\/h2>\n\n\n\n<p>Kes\u00e4n maastoilut on ohitse ja aika vilkaista mit\u00e4 maastoretkien j\u00e4lkeen on saatu aikaan. Kasvillisuus n\u00e4ytealoja kertyi 202 kappaletta noin 75 eri kohteelta, joista uupuu viel\u00e4 osa Lapin ja Oulun seudun n\u00e4ytealoja. Tutkittujen kohteiden suotyypit alla olevassa kuvassa (kuva 1.).<\/p>\n\n\n\n<figure class=\"wp-block-image size-large\"><img loading=\"lazy\" decoding=\"async\" width=\"1024\" height=\"420\" src=\"https:\/\/sites.uef.fi\/letto-putte\/wp-content\/uploads\/sites\/296\/2021\/11\/image-2-1024x420.png\" alt=\"\" class=\"wp-image-415\" srcset=\"https:\/\/sites.uef.fi\/letto-putte\/wp-content\/uploads\/sites\/296\/2021\/11\/image-2-1024x420.png 1024w, https:\/\/sites.uef.fi\/letto-putte\/wp-content\/uploads\/sites\/296\/2021\/11\/image-2-300x123.png 300w, https:\/\/sites.uef.fi\/letto-putte\/wp-content\/uploads\/sites\/296\/2021\/11\/image-2-768x315.png 768w, https:\/\/sites.uef.fi\/letto-putte\/wp-content\/uploads\/sites\/296\/2021\/11\/image-2.png 1102w\" sizes=\"auto, (max-width: 1024px) 100vw, 1024px\" \/><figcaption>Kuva 1. Tutkitut lettotyypit<\/figcaption><\/figure>\n\n\n\n<p>N\u00e4ytealojen neli\u00f6m\u00e4\u00e4r\u00e4 oli yhteens\u00e4 1899,5 m \u00b2 , eli kes\u00e4n aikana on tullut kontattua polvet m\u00e4rkin\u00e4. Eniten neli\u00f6metrej\u00e4 kertyi Pohjois-Karjalasta (taulukko 1.)<\/p>\n\n\n\n<figure class=\"wp-block-table\"><table><tbody><tr><td>Pohjois-Karjala<\/td><td>1246,5 m\u00b2<\/td><\/tr><tr><td>Pohjois-Savo<\/td><td>374 m\u00b2<\/td><\/tr><tr><td>Lappi<\/td><td>174 m\u00b2<\/td><\/tr><tr><td>Varsinais-Suomi<\/td><td>99 m\u00b2<\/td><\/tr><tr><td>Keski-Suomi<\/td><td>6 m\u00b2<\/td><\/tr><tr><td><strong>Kaikki yhteens\u00e4<\/strong><\/td><td>1899,5 m\u00b2<\/td><\/tr><\/tbody><\/table><figcaption>Taulukko 1. Tutkittujen n\u00e4ytealojen neli\u00f6m\u00e4\u00e4r\u00e4t maakunnittain.<\/figcaption><\/figure>\n\n\n\n<p><\/p>\n\n\n\n<p>Muutama esimerkki L\u00f6ydettyj\u00e4 uhanalaisia sammalia olivat: <\/p>\n\n\n\n<ul class=\"wp-block-list\"><li>Pohjois-Karjalassa uusi esiintym\u00e4 lapinsirppisammalta (Hamatocaulis lapponicus), VU, EU:n direktiivilaji. <\/li><\/ul>\n\n\n\n<ul class=\"wp-block-list\"><li> Luhtarahkasammalta (Sphagnum inundatum),  EN.<\/li><\/ul>\n\n\n\n<ul class=\"wp-block-list\"><li>Isonauhasammal (Aneura maxima), VU.<\/li><\/ul>\n\n\n\n<p>Kes\u00e4n aikana my\u00f6s saatiin maksasammal- ja kotilon\u00e4ytteit\u00e4. Maksasammalien m\u00e4\u00e4ritys on tehty, mutta kotiloiden m\u00e4\u00e4ritys on aluillaan. Kotiloita on kuitenkin saatu ker\u00e4tty\u00e4 seulomalla ja muutamat n\u00e4ytteet l\u00f6ydettiin silm\u00e4m\u00e4\u00e4r\u00e4isesti maastosta. Onnea ollut siis matkassa, sill\u00e4 kotilot ovat kooltaan olleet pieni\u00e4. <\/p>\n\n\n\n<p>lloista joulun odotusta,<\/p>\n\n\n\n<p>Terveisin Ville Vesakoski, 29.11.2021<\/p>\n","protected":false},"excerpt":{"rendered":"<p>1.6.2021 Oli pilvinen aamu ja aika l\u00e4hte\u00e4 ensimm\u00e4iselle lettokeikalle. V\u00e4synein silmin l\u00e4hdettiin kohti Enossa sijaitsevia kohteita. Y\u00f6ll\u00e4 oli unet j\u00e4\u00e4neet v\u00e4hiin, sill\u00e4 lapsenomainen intous oli saanut olon levottomaksi. Oli aika laittaa luotu maastoprotokolla testiin ja verest\u00e4\u00e4 omia m\u00e4\u00e4ritystaitoja talven j\u00e4ljilt\u00e4. Ryhm\u00e4mme iski ensimm\u00e4isen\u00e4 luhtavaikutteiseen lettoon , eli &#8221;luhtalettoon&#8221;. Siell\u00e4 silmiini paloi sangen hauska n\u00e4ky, miss\u00e4 [&hellip;]<\/p>\n","protected":false},"author":581,"featured_media":0,"parent":0,"menu_order":0,"comment_status":"closed","ping_status":"closed","template":"","meta":{"_acf_changed":false,"footnotes":""},"class_list":["post-99","page","type-page","status-publish","hentry"],"acf":[],"yoast_head":"<!-- This site is optimized with the Yoast SEO plugin v27.1.1 - https:\/\/yoast.com\/product\/yoast-seo-wordpress\/ -->\n<title>Blogi - LETTO-PUTTE<\/title>\n<meta name=\"robots\" content=\"index, follow, max-snippet:-1, max-image-preview:large, max-video-preview:-1\" \/>\n<link rel=\"canonical\" href=\"https:\/\/sites.uef.fi\/letto-putte\/blogi\/\" \/>\n<meta property=\"og:locale\" content=\"fi_FI\" \/>\n<meta property=\"og:type\" content=\"article\" \/>\n<meta property=\"og:title\" content=\"Blogi - LETTO-PUTTE\" \/>\n<meta property=\"og:description\" content=\"1.6.2021 Oli pilvinen aamu ja aika l\u00e4hte\u00e4 ensimm\u00e4iselle lettokeikalle. V\u00e4synein silmin l\u00e4hdettiin kohti Enossa sijaitsevia kohteita. Y\u00f6ll\u00e4 oli unet j\u00e4\u00e4neet v\u00e4hiin, sill\u00e4 lapsenomainen intous oli saanut olon levottomaksi. Oli aika laittaa luotu maastoprotokolla testiin ja verest\u00e4\u00e4 omia m\u00e4\u00e4ritystaitoja talven j\u00e4ljilt\u00e4. Ryhm\u00e4mme iski ensimm\u00e4isen\u00e4 luhtavaikutteiseen lettoon , eli &#8221;luhtalettoon&#8221;. Siell\u00e4 silmiini paloi sangen hauska n\u00e4ky, miss\u00e4 [&hellip;]\" \/>\n<meta property=\"og:url\" content=\"https:\/\/sites.uef.fi\/letto-putte\/blogi\/\" \/>\n<meta property=\"og:site_name\" content=\"LETTO-PUTTE\" \/>\n<meta property=\"article:modified_time\" content=\"2021-11-29T14:58:53+00:00\" \/>\n<meta property=\"og:image\" content=\"https:\/\/sites.uef.fi\/letto-putte\/wp-content\/uploads\/sites\/296\/2021\/05\/20210531_121900-scaled-e1622498518922-1024x594.jpg\" \/>\n<meta name=\"twitter:card\" content=\"summary_large_image\" \/>\n<meta name=\"twitter:label1\" content=\"Arvioitu lukuaika\" \/>\n\t<meta name=\"twitter:data1\" content=\"2 minuuttia\" \/>\n<script type=\"application\/ld+json\" class=\"yoast-schema-graph\">{\"@context\":\"https:\/\/schema.org\",\"@graph\":[{\"@type\":\"WebPage\",\"@id\":\"https:\/\/sites.uef.fi\/letto-putte\/blogi\/\",\"url\":\"https:\/\/sites.uef.fi\/letto-putte\/blogi\/\",\"name\":\"Blogi - LETTO-PUTTE\",\"isPartOf\":{\"@id\":\"https:\/\/sites.uef.fi\/letto-putte\/#website\"},\"primaryImageOfPage\":{\"@id\":\"https:\/\/sites.uef.fi\/letto-putte\/blogi\/#primaryimage\"},\"image\":{\"@id\":\"https:\/\/sites.uef.fi\/letto-putte\/blogi\/#primaryimage\"},\"thumbnailUrl\":\"https:\/\/sites.uef.fi\/letto-putte\/wp-content\/uploads\/sites\/296\/2021\/05\/20210531_121900-scaled-e1622498518922-1024x594.jpg\",\"datePublished\":\"2021-05-27T21:05:40+00:00\",\"dateModified\":\"2021-11-29T14:58:53+00:00\",\"breadcrumb\":{\"@id\":\"https:\/\/sites.uef.fi\/letto-putte\/blogi\/#breadcrumb\"},\"inLanguage\":\"fi\",\"potentialAction\":[{\"@type\":\"ReadAction\",\"target\":[\"https:\/\/sites.uef.fi\/letto-putte\/blogi\/\"]}]},{\"@type\":\"ImageObject\",\"inLanguage\":\"fi\",\"@id\":\"https:\/\/sites.uef.fi\/letto-putte\/blogi\/#primaryimage\",\"url\":\"https:\/\/sites.uef.fi\/letto-putte\/wp-content\/uploads\/sites\/296\/2021\/05\/20210531_121900-scaled-e1622498518922.jpg\",\"contentUrl\":\"https:\/\/sites.uef.fi\/letto-putte\/wp-content\/uploads\/sites\/296\/2021\/05\/20210531_121900-scaled-e1622498518922.jpg\",\"width\":2560,\"height\":1484},{\"@type\":\"BreadcrumbList\",\"@id\":\"https:\/\/sites.uef.fi\/letto-putte\/blogi\/#breadcrumb\",\"itemListElement\":[{\"@type\":\"ListItem\",\"position\":1,\"name\":\"Home\",\"item\":\"https:\/\/sites.uef.fi\/letto-putte\/\"},{\"@type\":\"ListItem\",\"position\":2,\"name\":\"Blogi\"}]},{\"@type\":\"WebSite\",\"@id\":\"https:\/\/sites.uef.fi\/letto-putte\/#website\",\"url\":\"https:\/\/sites.uef.fi\/letto-putte\/\",\"name\":\"LETTO-PUTTE\",\"description\":\"\",\"potentialAction\":[{\"@type\":\"SearchAction\",\"target\":{\"@type\":\"EntryPoint\",\"urlTemplate\":\"https:\/\/sites.uef.fi\/letto-putte\/?s={search_term_string}\"},\"query-input\":{\"@type\":\"PropertyValueSpecification\",\"valueRequired\":true,\"valueName\":\"search_term_string\"}}],\"inLanguage\":\"fi\"}]}<\/script>\n<!-- \/ Yoast SEO plugin. -->","yoast_head_json":{"title":"Blogi - LETTO-PUTTE","robots":{"index":"index","follow":"follow","max-snippet":"max-snippet:-1","max-image-preview":"max-image-preview:large","max-video-preview":"max-video-preview:-1"},"canonical":"https:\/\/sites.uef.fi\/letto-putte\/blogi\/","og_locale":"fi_FI","og_type":"article","og_title":"Blogi - LETTO-PUTTE","og_description":"1.6.2021 Oli pilvinen aamu ja aika l\u00e4hte\u00e4 ensimm\u00e4iselle lettokeikalle. V\u00e4synein silmin l\u00e4hdettiin kohti Enossa sijaitsevia kohteita. Y\u00f6ll\u00e4 oli unet j\u00e4\u00e4neet v\u00e4hiin, sill\u00e4 lapsenomainen intous oli saanut olon levottomaksi. Oli aika laittaa luotu maastoprotokolla testiin ja verest\u00e4\u00e4 omia m\u00e4\u00e4ritystaitoja talven j\u00e4ljilt\u00e4. Ryhm\u00e4mme iski ensimm\u00e4isen\u00e4 luhtavaikutteiseen lettoon , eli &#8221;luhtalettoon&#8221;. Siell\u00e4 silmiini paloi sangen hauska n\u00e4ky, miss\u00e4 [&hellip;]","og_url":"https:\/\/sites.uef.fi\/letto-putte\/blogi\/","og_site_name":"LETTO-PUTTE","article_modified_time":"2021-11-29T14:58:53+00:00","og_image":[{"url":"https:\/\/sites.uef.fi\/letto-putte\/wp-content\/uploads\/sites\/296\/2021\/05\/20210531_121900-scaled-e1622498518922-1024x594.jpg","type":"","width":"","height":""}],"twitter_card":"summary_large_image","twitter_misc":{"Arvioitu lukuaika":"2 minuuttia"},"schema":{"@context":"https:\/\/schema.org","@graph":[{"@type":"WebPage","@id":"https:\/\/sites.uef.fi\/letto-putte\/blogi\/","url":"https:\/\/sites.uef.fi\/letto-putte\/blogi\/","name":"Blogi - LETTO-PUTTE","isPartOf":{"@id":"https:\/\/sites.uef.fi\/letto-putte\/#website"},"primaryImageOfPage":{"@id":"https:\/\/sites.uef.fi\/letto-putte\/blogi\/#primaryimage"},"image":{"@id":"https:\/\/sites.uef.fi\/letto-putte\/blogi\/#primaryimage"},"thumbnailUrl":"https:\/\/sites.uef.fi\/letto-putte\/wp-content\/uploads\/sites\/296\/2021\/05\/20210531_121900-scaled-e1622498518922-1024x594.jpg","datePublished":"2021-05-27T21:05:40+00:00","dateModified":"2021-11-29T14:58:53+00:00","breadcrumb":{"@id":"https:\/\/sites.uef.fi\/letto-putte\/blogi\/#breadcrumb"},"inLanguage":"fi","potentialAction":[{"@type":"ReadAction","target":["https:\/\/sites.uef.fi\/letto-putte\/blogi\/"]}]},{"@type":"ImageObject","inLanguage":"fi","@id":"https:\/\/sites.uef.fi\/letto-putte\/blogi\/#primaryimage","url":"https:\/\/sites.uef.fi\/letto-putte\/wp-content\/uploads\/sites\/296\/2021\/05\/20210531_121900-scaled-e1622498518922.jpg","contentUrl":"https:\/\/sites.uef.fi\/letto-putte\/wp-content\/uploads\/sites\/296\/2021\/05\/20210531_121900-scaled-e1622498518922.jpg","width":2560,"height":1484},{"@type":"BreadcrumbList","@id":"https:\/\/sites.uef.fi\/letto-putte\/blogi\/#breadcrumb","itemListElement":[{"@type":"ListItem","position":1,"name":"Home","item":"https:\/\/sites.uef.fi\/letto-putte\/"},{"@type":"ListItem","position":2,"name":"Blogi"}]},{"@type":"WebSite","@id":"https:\/\/sites.uef.fi\/letto-putte\/#website","url":"https:\/\/sites.uef.fi\/letto-putte\/","name":"LETTO-PUTTE","description":"","potentialAction":[{"@type":"SearchAction","target":{"@type":"EntryPoint","urlTemplate":"https:\/\/sites.uef.fi\/letto-putte\/?s={search_term_string}"},"query-input":{"@type":"PropertyValueSpecification","valueRequired":true,"valueName":"search_term_string"}}],"inLanguage":"fi"}]}},"_links":{"self":[{"href":"https:\/\/sites.uef.fi\/letto-putte\/wp-json\/wp\/v2\/pages\/99","targetHints":{"allow":["GET"]}}],"collection":[{"href":"https:\/\/sites.uef.fi\/letto-putte\/wp-json\/wp\/v2\/pages"}],"about":[{"href":"https:\/\/sites.uef.fi\/letto-putte\/wp-json\/wp\/v2\/types\/page"}],"author":[{"embeddable":true,"href":"https:\/\/sites.uef.fi\/letto-putte\/wp-json\/wp\/v2\/users\/581"}],"replies":[{"embeddable":true,"href":"https:\/\/sites.uef.fi\/letto-putte\/wp-json\/wp\/v2\/comments?post=99"}],"version-history":[{"count":1,"href":"https:\/\/sites.uef.fi\/letto-putte\/wp-json\/wp\/v2\/pages\/99\/revisions"}],"predecessor-version":[{"id":421,"href":"https:\/\/sites.uef.fi\/letto-putte\/wp-json\/wp\/v2\/pages\/99\/revisions\/421"}],"wp:attachment":[{"href":"https:\/\/sites.uef.fi\/letto-putte\/wp-json\/wp\/v2\/media?parent=99"}],"curies":[{"name":"wp","href":"https:\/\/api.w.org\/{rel}","templated":true}]}}