{"id":37,"date":"2021-01-22T06:05:07","date_gmt":"2021-01-22T06:05:07","guid":{"rendered":"https:\/\/sites.uef.fi\/linguapeda2021\/?page_id=37"},"modified":"2023-12-08T13:01:25","modified_gmt":"2023-12-08T11:01:25","slug":"frontpage","status":"publish","type":"page","link":"https:\/\/sites.uef.fi\/linguapeda2021\/","title":{"rendered":"Frontpage"},"content":{"rendered":"\n<p>The Linguapeda conference was held at the University of Eastern Finland on 14-15 May 2021.<\/p>\n\n\n\n<p>The conference was held online. The theme of the conference was Elinik\u00e4inen kielenoppiminen \u2013 Lifelong language learning \u2013 Livsl\u00e5ng spr\u00e5kinl\u00e4rning.<\/p>\n\n\n\n<p>The organisers wish to thank all participants and other people involved in organizing the conference!<\/p>\n\n\n\n<p>The conference proceedings are available here: <a href=\"http:\/\/hdl.handle.net\/10138\/352128\">http:\/\/hdl.handle.net\/10138\/352128<\/a><\/p>\n\n\n\n<p>The conference was funded by Goethe-Institut Finland and Joensuun yliopiston tukis\u00e4\u00e4ti\u00f6.<\/p>\n\n\n\n<p>Organisers:<br>School of Applied Educational Science and Teacher Education<\/p>\n","protected":false},"excerpt":{"rendered":"<p>The Linguapeda conference was held at the University of Eastern Finland on 14-15 May 2021. The conference was held online. The theme of the conference was Elinik\u00e4inen kielenoppiminen \u2013 Lifelong language learning \u2013 Livsl\u00e5ng spr\u00e5kinl\u00e4rning. The organisers wish to thank all participants and other people involved in organizing the conference! The conference proceedings are available [&hellip;]<\/p>\n","protected":false},"author":2,"featured_media":0,"parent":0,"menu_order":0,"comment_status":"closed","ping_status":"closed","template":"","meta":{"_acf_changed":false,"footnotes":""},"class_list":["post-37","page","type-page","status-publish","hentry"],"acf":[],"_links":{"self":[{"href":"https:\/\/sites.uef.fi\/linguapeda2021\/wp-json\/wp\/v2\/pages\/37","targetHints":{"allow":["GET"]}}],"collection":[{"href":"https:\/\/sites.uef.fi\/linguapeda2021\/wp-json\/wp\/v2\/pages"}],"about":[{"href":"https:\/\/sites.uef.fi\/linguapeda2021\/wp-json\/wp\/v2\/types\/page"}],"author":[{"embeddable":true,"href":"https:\/\/sites.uef.fi\/linguapeda2021\/wp-json\/wp\/v2\/users\/2"}],"replies":[{"embeddable":true,"href":"https:\/\/sites.uef.fi\/linguapeda2021\/wp-json\/wp\/v2\/comments?post=37"}],"version-history":[{"count":3,"href":"https:\/\/sites.uef.fi\/linguapeda2021\/wp-json\/wp\/v2\/pages\/37\/revisions"}],"predecessor-version":[{"id":2553,"href":"https:\/\/sites.uef.fi\/linguapeda2021\/wp-json\/wp\/v2\/pages\/37\/revisions\/2553"}],"wp:attachment":[{"href":"https:\/\/sites.uef.fi\/linguapeda2021\/wp-json\/wp\/v2\/media?parent=37"}],"curies":[{"name":"wp","href":"https:\/\/api.w.org\/{rel}","templated":true}]}}