{"id":43,"date":"2021-01-22T06:05:24","date_gmt":"2021-01-22T06:05:24","guid":{"rendered":"https:\/\/sites.uef.fi\/linguapeda2021\/?page_id=43"},"modified":"2023-12-08T13:00:47","modified_gmt":"2023-12-08T11:00:47","slug":"etusivu","status":"publish","type":"page","link":"https:\/\/sites.uef.fi\/linguapeda2021\/etusivu\/?lang=fi","title":{"rendered":"Etusivu"},"content":{"rendered":"\n<p>Linguapeda-konferenssi j\u00e4rjestettiin 14.-15.5.2021 It\u00e4-Suomen yliopistossa.<\/p>\n\n\n\n<p>Konferenssi toteutettiin et\u00e4yhteyksin ja teemana oli Elinik\u00e4inen kielenoppiminen \u2013 Lifelong language learning \u2013 Livsl\u00e5ng spr\u00e5kinl\u00e4rning.<\/p>\n\n\n\n<p>Kiitos kaikille osallistujille ja muille j\u00e4rjestelyiss\u00e4 mukana olleille!<\/p>\n\n\n\n<p>Konferenssijulkaisu l\u00f6ytyy t\u00e4\u00e4lt\u00e4: <a href=\"http:\/\/hdl.handle.net\/10138\/352128\">http:\/\/hdl.handle.net\/10138\/352128<\/a> <\/p>\n\n\n\n<p>Konferenssia rahoittivat Goethe-Institut Finnland ja Joensuun yliopiston tukis\u00e4\u00e4ti\u00f6. <\/p>\n\n\n\n<p>J\u00e4rjestelytoimikunta:<br>Soveltavan kasvatustieteen ja opettajankoulutuksen osasto<\/p>\n","protected":false},"excerpt":{"rendered":"<p>Linguapeda-konferenssi j\u00e4rjestettiin 14.-15.5.2021 It\u00e4-Suomen yliopistossa. Konferenssi toteutettiin et\u00e4yhteyksin ja teemana oli Elinik\u00e4inen kielenoppiminen \u2013 Lifelong language learning \u2013 Livsl\u00e5ng spr\u00e5kinl\u00e4rning. Kiitos kaikille osallistujille ja muille j\u00e4rjestelyiss\u00e4 mukana olleille! Konferenssijulkaisu l\u00f6ytyy t\u00e4\u00e4lt\u00e4: http:\/\/hdl.handle.net\/10138\/352128 Konferenssia rahoittivat Goethe-Institut Finnland ja Joensuun yliopiston tukis\u00e4\u00e4ti\u00f6. J\u00e4rjestelytoimikunta:Soveltavan kasvatustieteen ja opettajankoulutuksen osasto<\/p>\n","protected":false},"author":2,"featured_media":0,"parent":0,"menu_order":0,"comment_status":"closed","ping_status":"closed","template":"","meta":{"_acf_changed":false,"footnotes":""},"class_list":["post-43","page","type-page","status-publish","hentry"],"acf":[],"_links":{"self":[{"href":"https:\/\/sites.uef.fi\/linguapeda2021\/wp-json\/wp\/v2\/pages\/43","targetHints":{"allow":["GET"]}}],"collection":[{"href":"https:\/\/sites.uef.fi\/linguapeda2021\/wp-json\/wp\/v2\/pages"}],"about":[{"href":"https:\/\/sites.uef.fi\/linguapeda2021\/wp-json\/wp\/v2\/types\/page"}],"author":[{"embeddable":true,"href":"https:\/\/sites.uef.fi\/linguapeda2021\/wp-json\/wp\/v2\/users\/2"}],"replies":[{"embeddable":true,"href":"https:\/\/sites.uef.fi\/linguapeda2021\/wp-json\/wp\/v2\/comments?post=43"}],"version-history":[{"count":3,"href":"https:\/\/sites.uef.fi\/linguapeda2021\/wp-json\/wp\/v2\/pages\/43\/revisions"}],"predecessor-version":[{"id":2550,"href":"https:\/\/sites.uef.fi\/linguapeda2021\/wp-json\/wp\/v2\/pages\/43\/revisions\/2550"}],"wp:attachment":[{"href":"https:\/\/sites.uef.fi\/linguapeda2021\/wp-json\/wp\/v2\/media?parent=43"}],"curies":[{"name":"wp","href":"https:\/\/api.w.org\/{rel}","templated":true}]}}