{"id":49,"date":"2021-01-22T06:05:39","date_gmt":"2021-01-22T06:05:39","guid":{"rendered":"https:\/\/sites.uef.fi\/linguapeda2021\/?page_id=49"},"modified":"2023-12-08T12:54:34","modified_gmt":"2023-12-08T10:54:34","slug":"framsida","status":"publish","type":"page","link":"https:\/\/sites.uef.fi\/linguapeda2021\/framsida\/?lang=sv","title":{"rendered":"Framsida"},"content":{"rendered":"\n<p>Linguapeda-konferensen h\u00f6lls vid \u00d6stra Finlands universitet den 14-15 maj 2021.<\/p>\n\n\n\n<p>Konferensen h\u00f6lls online. Temat f\u00f6r konferensen var Elinik\u00e4inen kielenoppiminen \u2013 Lifelong language learning \u2013 Livsl\u00e5ng spr\u00e5kinl\u00e4rning.<\/p>\n\n\n\n<p>Vi vill tacka alla deltagare och andra som bidrog till konferensen!<\/p>\n\n\n\n<p>Konferensvolymen \u00e4r tillg\u00e4nglig h\u00e4r: <a href=\"http:\/\/hdl.handle.net\/10138\/352128\">http:\/\/hdl.handle.net\/10138\/352128<\/a> <\/p>\n\n\n\n<p>Konferensen finansierades av Goethe-Institut Finland och Joensuun yliopiston tukis\u00e4\u00e4ti\u00f6. <\/p>\n\n\n\n<p>Ogranisationskommitt\u00e9n:<br>Avdelningen f\u00f6r till\u00e4mpad pedagogik och l\u00e4rarutbildning<\/p>\n","protected":false},"excerpt":{"rendered":"<p>Linguapeda-konferensen h\u00f6lls vid \u00d6stra Finlands universitet den 14-15 maj 2021. Konferensen h\u00f6lls online. Temat f\u00f6r konferensen var Elinik\u00e4inen kielenoppiminen \u2013 Lifelong language learning \u2013 Livsl\u00e5ng spr\u00e5kinl\u00e4rning. Vi vill tacka alla deltagare och andra som bidrog till konferensen! Konferensvolymen \u00e4r tillg\u00e4nglig h\u00e4r: http:\/\/hdl.handle.net\/10138\/352128 Konferensen finansierades av Goethe-Institut Finland och Joensuun yliopiston tukis\u00e4\u00e4ti\u00f6. Ogranisationskommitt\u00e9n:Avdelningen f\u00f6r till\u00e4mpad pedagogik [&hellip;]<\/p>\n","protected":false},"author":2,"featured_media":0,"parent":0,"menu_order":0,"comment_status":"closed","ping_status":"closed","template":"","meta":{"_acf_changed":false,"footnotes":""},"class_list":["post-49","page","type-page","status-publish","hentry"],"acf":[],"_links":{"self":[{"href":"https:\/\/sites.uef.fi\/linguapeda2021\/wp-json\/wp\/v2\/pages\/49","targetHints":{"allow":["GET"]}}],"collection":[{"href":"https:\/\/sites.uef.fi\/linguapeda2021\/wp-json\/wp\/v2\/pages"}],"about":[{"href":"https:\/\/sites.uef.fi\/linguapeda2021\/wp-json\/wp\/v2\/types\/page"}],"author":[{"embeddable":true,"href":"https:\/\/sites.uef.fi\/linguapeda2021\/wp-json\/wp\/v2\/users\/2"}],"replies":[{"embeddable":true,"href":"https:\/\/sites.uef.fi\/linguapeda2021\/wp-json\/wp\/v2\/comments?post=49"}],"version-history":[{"count":3,"href":"https:\/\/sites.uef.fi\/linguapeda2021\/wp-json\/wp\/v2\/pages\/49\/revisions"}],"predecessor-version":[{"id":2535,"href":"https:\/\/sites.uef.fi\/linguapeda2021\/wp-json\/wp\/v2\/pages\/49\/revisions\/2535"}],"wp:attachment":[{"href":"https:\/\/sites.uef.fi\/linguapeda2021\/wp-json\/wp\/v2\/media?parent=49"}],"curies":[{"name":"wp","href":"https:\/\/api.w.org\/{rel}","templated":true}]}}