{"id":113,"date":"2022-07-01T09:52:30","date_gmt":"2022-07-01T09:52:30","guid":{"rendered":"https:\/\/sites.uef.fi\/logoverkosto\/?page_id=113"},"modified":"2023-09-20T12:30:43","modified_gmt":"2023-09-20T12:30:43","slug":"yhteistyoverkosto","status":"publish","type":"page","link":"https:\/\/sites.uef.fi\/logoverkosto\/yhteistyoverkosto\/","title":{"rendered":"Yhteisty\u00f6verkosto"},"content":{"rendered":"\n<p>Verkosto tarjoaa monipuolisia mahdollisuuksia yhteisty\u00f6h\u00f6n. Ota rohkeasti yhteytt\u00e4, niin vied\u00e4\u00e4n yhdess\u00e4 kehitysty\u00f6t\u00e4 eteenp\u00e4in!<\/p>\n\n\n\n<h2 class=\"wp-block-heading\">Harjoitteluyhteisty\u00f6<\/h2>\n\n\n\n<p>Kliiniset harjoittelut ovat keskeinen osa logopedian opiskelua. Laadukkaat kliiniset harjoittelut antavat opiskelijoille valmiuksia toimia kliinisess\u00e4 ty\u00f6ss\u00e4 valmistumisen j\u00e4lkeen. Harjoittelut toteutetaan tyypillisesti julkisen tai yksityisen sektorin terveydenhuollon palveluita tuottavassa organisaatiossa. It\u00e4-Suomen yliopistossa osa logopedian harjoitteluista toteutetaan yliopiston tiloissa yhteisty\u00f6ss\u00e4 Siun soten kanssa. Harjoitteluja ohjaavat aina laillistetut puheterapeutit. Harjoitteluverkostoa on rakennettu LogoTy\u00f6 -hankkeessa vuosien 2021 ja 2022 aikana ja ty\u00f6 jatkuu. Yliopiston ja harjoittelupaikkojen v\u00e4linen yhteisty\u00f6 konkretisoituu harjoittelujen lis\u00e4ksi vuosittain pidett\u00e4viss\u00e4 ohjaajien kokoontumissa ja koulutuksissa. Opintojen edetess\u00e4 ja opiskelijam\u00e4\u00e4r\u00e4n kasvaessa harjoittelujen ohjaajia tarvitaan lis\u00e4\u00e4, joten kuulemme mielell\u00e4mme uusista harjoittelu- ja yhteisty\u00f6mahdollisuuksista!<\/p>\n\n\n\n<h2 class=\"wp-block-heading\">Ty\u00f6el\u00e4m\u00e4- ja yritysyhteisty\u00f6<\/h2>\n\n\n\n<p>Harjoittelujen kautta opiskelijat tutustuvat ty\u00f6el\u00e4m\u00e4\u00e4n ja harjoittelupaikasta tulee monille vakituinen ty\u00f6paikka opiskelujen p\u00e4\u00e4tytty\u00e4. Yliopiston ja ammattikent\u00e4n v\u00e4linen ty\u00f6el\u00e4m\u00e4yhteisty\u00f6 on merkitt\u00e4v\u00e4ss\u00e4 roolissa alueellisen ty\u00f6voimapulan helpottamisessa.  Puheterapia-alan opiskelijat voivat suuntautua asiakasty\u00f6n lis\u00e4ksi tutkijoiksi tai muihin asiantuntijateht\u00e4viin, mik\u00e4 tuo mukanaan yhteisty\u00f6mahdollisuuksia my\u00f6s yritysmaailman suuntaan.  Yritysten kanssa on potentiaalia tehd\u00e4 yhteisty\u00f6t\u00e4 esimerkiksi tuote- ja sovelluskehityksen sek\u00e4 puheentutkimuksen laboratorion k\u00e4ytt\u00f6mahdollisuuksien kautta. L\u00e4htisik\u00f6 sinun yrityksesi mukaan etsim\u00e4\u00e4n yhteisi\u00e4 rajapintoja ja avaamaan uusia verkostoja yliopiston, opiskelijoiden ja ty\u00f6el\u00e4m\u00e4n v\u00e4lille?<\/p>\n\n\n\n<h2 class=\"wp-block-heading\">Tutkimusyhteisty\u00f6<\/h2>\n\n\n\n<p>Tieteellinen tutkimus antaa vankan pohjan ja tuo lis\u00e4arvoa yrityksen tarjoamille palveluille. Jos yrityksesi tai taustaorganisaatiosi kaipaa tutkittua tietoa ja tukea yliopistolta, ota yhteytt\u00e4. Jos sinulla on idea tai tarve tutkimusprojektin k\u00e4ynnist\u00e4miselle, yliopisto tarjoaa kanavan tutkijoiden tavoittamiseen. Yliopistolta l\u00f6ytyy osaamista mm. tutkimusty\u00f6n k\u00e4yt\u00e4nt\u00f6ihin, tutkimusaiheen muotoiluun sek\u00e4 rahoitusmahdollisuuksien kartoittamiseen.<\/p>\n\n\n\n<h2 class=\"wp-block-heading\">Opinn\u00e4yteyhteisty\u00f6<\/h2>\n\n\n\n<p>L\u00e4hivuosina logopedian opiskelijat tulevat tarvitsemaan aiheita ja aineistoja opinn\u00e4ytet\u00f6ihin. Kuulemme mielell\u00e4mme ehdotuksia tutkimusaiheista, aineistoista tai  tuotekehityksest\u00e4, joiden ty\u00f6st\u00e4misess\u00e4 opiskelijat voisivat olla mukana. Onnistunut opinn\u00e4ytety\u00f6 hy\u00f6dytt\u00e4\u00e4 molempia osapuolia ja voi toimia ponnahduslautana ty\u00f6el\u00e4m\u00e4yhteisty\u00f6lle. Erilaisten arjen ty\u00f6ss\u00e4 havaittujen tutkimusideoiden jalostaminen tai aiemmin ker\u00e4ttyjen aineistojen analysointi voi johtaa mielenkiintoisiin opinn\u00e4ytet\u00f6ihin.  Oletko sin\u00e4 t\u00f6rm\u00e4nnyt logopediseen ongelmaan, jota mielest\u00e4si kannattaisi tutkia? Ota yhteytt\u00e4 ja kerro siit\u00e4 meille!<\/p>\n\n\n\n<h2 class=\"wp-block-heading\">Oppiaineyhteisty\u00f6<\/h2>\n\n\n\n<p>Logopedia tekee yhteisty\u00f6t\u00e4 useiden oppiaineiden ja l\u00e4hitieteiden kanssa sek\u00e4 perusopetuksessa ett\u00e4 tutkimuksessa. Esimerkiksi LogoLab-tutkimusymp\u00e4rist\u00f6 tarjoaa monitieteisi\u00e4 k\u00e4ytt\u00f6mahdollisuuksia laajalla rintamalla. Tutkimus- ja innovaatiotoiminnassa voimme tehd\u00e4 yhteisty\u00f6t\u00e4 esimerkiksi tietojenk\u00e4sittelytieteen kanssa. Logopedian opintoihin kuuluu my\u00f6s Moniammatillinen klinikkaty\u00f6skentely -opintojakso, joka toteutetaan yhteisty\u00f6ss\u00e4 psykologian oppiaineen kanssa. Asiakasty\u00f6ss\u00e4 moniammatillinen l\u00e4hestyminen on keskeist\u00e4 ja t\u00e4h\u00e4n pyrit\u00e4\u00e4n kasvamaan jo opintojen aikana. <\/p>\n\n\n\n<h2 class=\"wp-block-heading\">J\u00e4rjest\u00f6yhteisty\u00f6<\/h2>\n\n\n\n<p>J\u00e4rjest\u00f6t, s\u00e4\u00e4ti\u00f6t ja yhdistykset sek\u00e4 muut kolmannen sektorin toimijat ovat t\u00e4rkeit\u00e4 yhteisty\u00f6kumppaneita esimerkiksi kokemusasiantuntijuuden kautta. Voimme hy\u00f6dynt\u00e4\u00e4 puheterapiapalveluita k\u00e4ytt\u00e4vien asiakasryhmien edustajien kokemuksia ja n\u00e4kemyksi\u00e4 tai esimerkiksi potilasj\u00e4rjest\u00f6jen ja liittojen kontakteja. Kartoitamme my\u00f6s mahdollisia tutkimusaiheita sek\u00e4 aineistoja ja voimme tarjota yhdistyksille asiatuntijaluentoja tai uutta tutkimustietoa. Tavoitteena on molemminpuoliset vierailut ja tutustuminen yliopiston, opiskelijoiden sek\u00e4 j\u00e4rjest\u00f6jen v\u00e4lill\u00e4. Ota rohkeasti yhteytt\u00e4, jos haluat tuoda edustamasi tahon \u00e4\u00e4nt\u00e4 kuuluviin tai kaipaat meilt\u00e4 lis\u00e4tietoa. <\/p>\n\n\n\n<figure class=\"wp-block-image size-large\"><img loading=\"lazy\" decoding=\"async\" width=\"1024\" height=\"576\" src=\"https:\/\/sites.uef.fi\/logoverkosto\/wp-content\/uploads\/sites\/374\/2022\/07\/UEF-logopedia_1.285.1-1024x576.jpg\" alt=\"\" class=\"wp-image-532\" srcset=\"https:\/\/sites.uef.fi\/logoverkosto\/wp-content\/uploads\/sites\/374\/2022\/07\/UEF-logopedia_1.285.1-1024x576.jpg 1024w, https:\/\/sites.uef.fi\/logoverkosto\/wp-content\/uploads\/sites\/374\/2022\/07\/UEF-logopedia_1.285.1-300x169.jpg 300w, https:\/\/sites.uef.fi\/logoverkosto\/wp-content\/uploads\/sites\/374\/2022\/07\/UEF-logopedia_1.285.1-768x432.jpg 768w, https:\/\/sites.uef.fi\/logoverkosto\/wp-content\/uploads\/sites\/374\/2022\/07\/UEF-logopedia_1.285.1-1536x864.jpg 1536w, https:\/\/sites.uef.fi\/logoverkosto\/wp-content\/uploads\/sites\/374\/2022\/07\/UEF-logopedia_1.285.1.jpg 2048w\" sizes=\"auto, (max-width: 1024px) 100vw, 1024px\" \/><\/figure>\n","protected":false},"excerpt":{"rendered":"<p>Verkosto tarjoaa monipuolisia mahdollisuuksia yhteisty\u00f6h\u00f6n. Ota rohkeasti yhteytt\u00e4, niin vied\u00e4\u00e4n yhdess\u00e4 kehitysty\u00f6t\u00e4 eteenp\u00e4in! Harjoitteluyhteisty\u00f6 Kliiniset harjoittelut ovat keskeinen osa logopedian opiskelua. Laadukkaat kliiniset harjoittelut antavat opiskelijoille valmiuksia toimia kliinisess\u00e4 ty\u00f6ss\u00e4 valmistumisen j\u00e4lkeen. Harjoittelut toteutetaan tyypillisesti julkisen tai yksityisen sektorin terveydenhuollon palveluita tuottavassa organisaatiossa. It\u00e4-Suomen yliopistossa osa logopedian harjoitteluista toteutetaan yliopiston tiloissa yhteisty\u00f6ss\u00e4 Siun soten kanssa. [&hellip;]<\/p>\n","protected":false},"author":817,"featured_media":0,"parent":0,"menu_order":0,"comment_status":"closed","ping_status":"closed","template":"","meta":{"_acf_changed":false,"footnotes":""},"class_list":["post-113","page","type-page","status-publish","hentry"],"acf":[],"yoast_head":"<!-- This site is optimized with the Yoast SEO plugin v27.3 - https:\/\/yoast.com\/product\/yoast-seo-wordpress\/ -->\n<title>Yhteisty\u00f6verkosto - Logoverkosto<\/title>\n<meta name=\"robots\" content=\"index, follow, max-snippet:-1, max-image-preview:large, max-video-preview:-1\" \/>\n<link rel=\"canonical\" href=\"https:\/\/sites.uef.fi\/logoverkosto\/yhteistyoverkosto\/\" \/>\n<meta property=\"og:locale\" content=\"fi_FI\" \/>\n<meta property=\"og:type\" content=\"article\" \/>\n<meta property=\"og:title\" content=\"Yhteisty\u00f6verkosto - Logoverkosto\" \/>\n<meta property=\"og:description\" content=\"Verkosto tarjoaa monipuolisia mahdollisuuksia yhteisty\u00f6h\u00f6n. Ota rohkeasti yhteytt\u00e4, niin vied\u00e4\u00e4n yhdess\u00e4 kehitysty\u00f6t\u00e4 eteenp\u00e4in! Harjoitteluyhteisty\u00f6 Kliiniset harjoittelut ovat keskeinen osa logopedian opiskelua. Laadukkaat kliiniset harjoittelut antavat opiskelijoille valmiuksia toimia kliinisess\u00e4 ty\u00f6ss\u00e4 valmistumisen j\u00e4lkeen. Harjoittelut toteutetaan tyypillisesti julkisen tai yksityisen sektorin terveydenhuollon palveluita tuottavassa organisaatiossa. It\u00e4-Suomen yliopistossa osa logopedian harjoitteluista toteutetaan yliopiston tiloissa yhteisty\u00f6ss\u00e4 Siun soten kanssa. [&hellip;]\" \/>\n<meta property=\"og:url\" content=\"https:\/\/sites.uef.fi\/logoverkosto\/yhteistyoverkosto\/\" \/>\n<meta property=\"og:site_name\" content=\"Logoverkosto\" \/>\n<meta property=\"article:modified_time\" content=\"2023-09-20T12:30:43+00:00\" \/>\n<meta property=\"og:image\" content=\"https:\/\/sites.uef.fi\/logoverkosto\/wp-content\/uploads\/sites\/374\/2022\/07\/UEF-logopedia_1.285.1-1024x576.jpg\" \/>\n<meta name=\"twitter:card\" content=\"summary_large_image\" \/>\n<meta name=\"twitter:label1\" content=\"Arvioitu lukuaika\" \/>\n\t<meta name=\"twitter:data1\" content=\"3 minuuttia\" \/>\n<script type=\"application\/ld+json\" class=\"yoast-schema-graph\">{\"@context\":\"https:\\\/\\\/schema.org\",\"@graph\":[{\"@type\":\"WebPage\",\"@id\":\"https:\\\/\\\/sites.uef.fi\\\/logoverkosto\\\/yhteistyoverkosto\\\/\",\"url\":\"https:\\\/\\\/sites.uef.fi\\\/logoverkosto\\\/yhteistyoverkosto\\\/\",\"name\":\"Yhteisty\u00f6verkosto - Logoverkosto\",\"isPartOf\":{\"@id\":\"https:\\\/\\\/sites.uef.fi\\\/logoverkosto\\\/#website\"},\"primaryImageOfPage\":{\"@id\":\"https:\\\/\\\/sites.uef.fi\\\/logoverkosto\\\/yhteistyoverkosto\\\/#primaryimage\"},\"image\":{\"@id\":\"https:\\\/\\\/sites.uef.fi\\\/logoverkosto\\\/yhteistyoverkosto\\\/#primaryimage\"},\"thumbnailUrl\":\"https:\\\/\\\/sites.uef.fi\\\/logoverkosto\\\/wp-content\\\/uploads\\\/sites\\\/374\\\/2022\\\/07\\\/UEF-logopedia_1.285.1-1024x576.jpg\",\"datePublished\":\"2022-07-01T09:52:30+00:00\",\"dateModified\":\"2023-09-20T12:30:43+00:00\",\"breadcrumb\":{\"@id\":\"https:\\\/\\\/sites.uef.fi\\\/logoverkosto\\\/yhteistyoverkosto\\\/#breadcrumb\"},\"inLanguage\":\"fi\",\"potentialAction\":[{\"@type\":\"ReadAction\",\"target\":[\"https:\\\/\\\/sites.uef.fi\\\/logoverkosto\\\/yhteistyoverkosto\\\/\"]}]},{\"@type\":\"ImageObject\",\"inLanguage\":\"fi\",\"@id\":\"https:\\\/\\\/sites.uef.fi\\\/logoverkosto\\\/yhteistyoverkosto\\\/#primaryimage\",\"url\":\"https:\\\/\\\/sites.uef.fi\\\/logoverkosto\\\/wp-content\\\/uploads\\\/sites\\\/374\\\/2022\\\/07\\\/UEF-logopedia_1.285.1.jpg\",\"contentUrl\":\"https:\\\/\\\/sites.uef.fi\\\/logoverkosto\\\/wp-content\\\/uploads\\\/sites\\\/374\\\/2022\\\/07\\\/UEF-logopedia_1.285.1.jpg\",\"width\":2048,\"height\":1152},{\"@type\":\"BreadcrumbList\",\"@id\":\"https:\\\/\\\/sites.uef.fi\\\/logoverkosto\\\/yhteistyoverkosto\\\/#breadcrumb\",\"itemListElement\":[{\"@type\":\"ListItem\",\"position\":1,\"name\":\"Home\",\"item\":\"https:\\\/\\\/sites.uef.fi\\\/logoverkosto\\\/\"},{\"@type\":\"ListItem\",\"position\":2,\"name\":\"Yhteisty\u00f6verkosto\"}]},{\"@type\":\"WebSite\",\"@id\":\"https:\\\/\\\/sites.uef.fi\\\/logoverkosto\\\/#website\",\"url\":\"https:\\\/\\\/sites.uef.fi\\\/logoverkosto\\\/\",\"name\":\"Logoverkosto\",\"description\":\"\",\"publisher\":{\"@id\":\"https:\\\/\\\/sites.uef.fi\\\/logoverkosto\\\/#organization\"},\"potentialAction\":[{\"@type\":\"SearchAction\",\"target\":{\"@type\":\"EntryPoint\",\"urlTemplate\":\"https:\\\/\\\/sites.uef.fi\\\/logoverkosto\\\/?s={search_term_string}\"},\"query-input\":{\"@type\":\"PropertyValueSpecification\",\"valueRequired\":true,\"valueName\":\"search_term_string\"}}],\"inLanguage\":\"fi\"},{\"@type\":\"Organization\",\"@id\":\"https:\\\/\\\/sites.uef.fi\\\/logoverkosto\\\/#organization\",\"name\":\"Logoverkosto\",\"url\":\"https:\\\/\\\/sites.uef.fi\\\/logoverkosto\\\/\",\"logo\":{\"@type\":\"ImageObject\",\"inLanguage\":\"fi\",\"@id\":\"https:\\\/\\\/sites.uef.fi\\\/logoverkosto\\\/#\\\/schema\\\/logo\\\/image\\\/\",\"url\":\"https:\\\/\\\/sites.uef.fi\\\/logoverkosto\\\/wp-content\\\/uploads\\\/sites\\\/374\\\/2022\\\/08\\\/cropped-UEF_wordpress_white.png\",\"contentUrl\":\"https:\\\/\\\/sites.uef.fi\\\/logoverkosto\\\/wp-content\\\/uploads\\\/sites\\\/374\\\/2022\\\/08\\\/cropped-UEF_wordpress_white.png\",\"width\":250,\"height\":250,\"caption\":\"Logoverkosto\"},\"image\":{\"@id\":\"https:\\\/\\\/sites.uef.fi\\\/logoverkosto\\\/#\\\/schema\\\/logo\\\/image\\\/\"}}]}<\/script>\n<!-- \/ Yoast SEO plugin. -->","yoast_head_json":{"title":"Yhteisty\u00f6verkosto - Logoverkosto","robots":{"index":"index","follow":"follow","max-snippet":"max-snippet:-1","max-image-preview":"max-image-preview:large","max-video-preview":"max-video-preview:-1"},"canonical":"https:\/\/sites.uef.fi\/logoverkosto\/yhteistyoverkosto\/","og_locale":"fi_FI","og_type":"article","og_title":"Yhteisty\u00f6verkosto - Logoverkosto","og_description":"Verkosto tarjoaa monipuolisia mahdollisuuksia yhteisty\u00f6h\u00f6n. Ota rohkeasti yhteytt\u00e4, niin vied\u00e4\u00e4n yhdess\u00e4 kehitysty\u00f6t\u00e4 eteenp\u00e4in! Harjoitteluyhteisty\u00f6 Kliiniset harjoittelut ovat keskeinen osa logopedian opiskelua. Laadukkaat kliiniset harjoittelut antavat opiskelijoille valmiuksia toimia kliinisess\u00e4 ty\u00f6ss\u00e4 valmistumisen j\u00e4lkeen. Harjoittelut toteutetaan tyypillisesti julkisen tai yksityisen sektorin terveydenhuollon palveluita tuottavassa organisaatiossa. It\u00e4-Suomen yliopistossa osa logopedian harjoitteluista toteutetaan yliopiston tiloissa yhteisty\u00f6ss\u00e4 Siun soten kanssa. [&hellip;]","og_url":"https:\/\/sites.uef.fi\/logoverkosto\/yhteistyoverkosto\/","og_site_name":"Logoverkosto","article_modified_time":"2023-09-20T12:30:43+00:00","og_image":[{"url":"https:\/\/sites.uef.fi\/logoverkosto\/wp-content\/uploads\/sites\/374\/2022\/07\/UEF-logopedia_1.285.1-1024x576.jpg","type":"","width":"","height":""}],"twitter_card":"summary_large_image","twitter_misc":{"Arvioitu lukuaika":"3 minuuttia"},"schema":{"@context":"https:\/\/schema.org","@graph":[{"@type":"WebPage","@id":"https:\/\/sites.uef.fi\/logoverkosto\/yhteistyoverkosto\/","url":"https:\/\/sites.uef.fi\/logoverkosto\/yhteistyoverkosto\/","name":"Yhteisty\u00f6verkosto - Logoverkosto","isPartOf":{"@id":"https:\/\/sites.uef.fi\/logoverkosto\/#website"},"primaryImageOfPage":{"@id":"https:\/\/sites.uef.fi\/logoverkosto\/yhteistyoverkosto\/#primaryimage"},"image":{"@id":"https:\/\/sites.uef.fi\/logoverkosto\/yhteistyoverkosto\/#primaryimage"},"thumbnailUrl":"https:\/\/sites.uef.fi\/logoverkosto\/wp-content\/uploads\/sites\/374\/2022\/07\/UEF-logopedia_1.285.1-1024x576.jpg","datePublished":"2022-07-01T09:52:30+00:00","dateModified":"2023-09-20T12:30:43+00:00","breadcrumb":{"@id":"https:\/\/sites.uef.fi\/logoverkosto\/yhteistyoverkosto\/#breadcrumb"},"inLanguage":"fi","potentialAction":[{"@type":"ReadAction","target":["https:\/\/sites.uef.fi\/logoverkosto\/yhteistyoverkosto\/"]}]},{"@type":"ImageObject","inLanguage":"fi","@id":"https:\/\/sites.uef.fi\/logoverkosto\/yhteistyoverkosto\/#primaryimage","url":"https:\/\/sites.uef.fi\/logoverkosto\/wp-content\/uploads\/sites\/374\/2022\/07\/UEF-logopedia_1.285.1.jpg","contentUrl":"https:\/\/sites.uef.fi\/logoverkosto\/wp-content\/uploads\/sites\/374\/2022\/07\/UEF-logopedia_1.285.1.jpg","width":2048,"height":1152},{"@type":"BreadcrumbList","@id":"https:\/\/sites.uef.fi\/logoverkosto\/yhteistyoverkosto\/#breadcrumb","itemListElement":[{"@type":"ListItem","position":1,"name":"Home","item":"https:\/\/sites.uef.fi\/logoverkosto\/"},{"@type":"ListItem","position":2,"name":"Yhteisty\u00f6verkosto"}]},{"@type":"WebSite","@id":"https:\/\/sites.uef.fi\/logoverkosto\/#website","url":"https:\/\/sites.uef.fi\/logoverkosto\/","name":"Logoverkosto","description":"","publisher":{"@id":"https:\/\/sites.uef.fi\/logoverkosto\/#organization"},"potentialAction":[{"@type":"SearchAction","target":{"@type":"EntryPoint","urlTemplate":"https:\/\/sites.uef.fi\/logoverkosto\/?s={search_term_string}"},"query-input":{"@type":"PropertyValueSpecification","valueRequired":true,"valueName":"search_term_string"}}],"inLanguage":"fi"},{"@type":"Organization","@id":"https:\/\/sites.uef.fi\/logoverkosto\/#organization","name":"Logoverkosto","url":"https:\/\/sites.uef.fi\/logoverkosto\/","logo":{"@type":"ImageObject","inLanguage":"fi","@id":"https:\/\/sites.uef.fi\/logoverkosto\/#\/schema\/logo\/image\/","url":"https:\/\/sites.uef.fi\/logoverkosto\/wp-content\/uploads\/sites\/374\/2022\/08\/cropped-UEF_wordpress_white.png","contentUrl":"https:\/\/sites.uef.fi\/logoverkosto\/wp-content\/uploads\/sites\/374\/2022\/08\/cropped-UEF_wordpress_white.png","width":250,"height":250,"caption":"Logoverkosto"},"image":{"@id":"https:\/\/sites.uef.fi\/logoverkosto\/#\/schema\/logo\/image\/"}}]}},"_links":{"self":[{"href":"https:\/\/sites.uef.fi\/logoverkosto\/wp-json\/wp\/v2\/pages\/113","targetHints":{"allow":["GET"]}}],"collection":[{"href":"https:\/\/sites.uef.fi\/logoverkosto\/wp-json\/wp\/v2\/pages"}],"about":[{"href":"https:\/\/sites.uef.fi\/logoverkosto\/wp-json\/wp\/v2\/types\/page"}],"author":[{"embeddable":true,"href":"https:\/\/sites.uef.fi\/logoverkosto\/wp-json\/wp\/v2\/users\/817"}],"replies":[{"embeddable":true,"href":"https:\/\/sites.uef.fi\/logoverkosto\/wp-json\/wp\/v2\/comments?post=113"}],"version-history":[{"count":1,"href":"https:\/\/sites.uef.fi\/logoverkosto\/wp-json\/wp\/v2\/pages\/113\/revisions"}],"predecessor-version":[{"id":3003,"href":"https:\/\/sites.uef.fi\/logoverkosto\/wp-json\/wp\/v2\/pages\/113\/revisions\/3003"}],"wp:attachment":[{"href":"https:\/\/sites.uef.fi\/logoverkosto\/wp-json\/wp\/v2\/media?parent=113"}],"curies":[{"name":"wp","href":"https:\/\/api.w.org\/{rel}","templated":true}]}}