{"id":1209,"date":"2022-09-30T09:28:14","date_gmt":"2022-09-30T09:28:14","guid":{"rendered":"https:\/\/sites.uef.fi\/logoverkosto\/?page_id=1209"},"modified":"2026-04-13T13:22:21","modified_gmt":"2026-04-13T13:22:21","slug":"uutisia","status":"publish","type":"page","link":"https:\/\/sites.uef.fi\/logoverkosto\/uutisia\/","title":{"rendered":"Uutisia"},"content":{"rendered":"\n<p>Uutisista n\u00e4et mik\u00e4 Logoverkostossa on pinnalla juuri nyt ja mit\u00e4 aiemmin on tapahtunut. T\u00e4lle sivulle on koottu logoverkoston ajankohtaisia asioita sek\u00e4 tulevia ja menneit\u00e4 tapahtumia. T\u00e4\u00e4lt\u00e4 p\u00e4\u00e4set my\u00f6s lukemaan logoverkostolle s\u00e4hk\u00f6isesti l\u00e4hetetyt uutiskirjeet, mik\u00e4li posti ei ole sinua tavoittanut.  <\/p>\n\n\n\n<div class=\"links-block\">\n\n    \n    <ul class=\"link-list\">\n        \n            \n            <li class=\"link-list-item\">\n                <a href=\"https:\/\/sites.uef.fi\/logoverkosto\/ajankohtaista\/\" class=\"link-reset link hover-scale-down\">\n                    <svg\n        width=\"43\" height=\"25\"\n        viewBox=\"0 0 43 25\"\n        xmlns=\"http:\/\/www.w3.org\/2000\/svg\">\n    <path\n        d=\"M30.027 0 43 12.5 30.027 25 27 22.083 34.351 15H0v-5h34.351L27 2.917z\"\n        fill=\"currentColor\"\n        fill-rule=\"evenodd\"\/>\n<\/svg>                    <div>Ajankohtaista<\/div>\n                <\/a>\n                <div class=\"link-info\">\n                                    <\/div>\n            <\/li>\n\n        \n            <li class=\"link-list-item\">\n                <a href=\"https:\/\/sites.uef.fi\/logoverkosto\/tapahtumat\/\" class=\"link-reset link hover-scale-down\">\n                    <svg\n        width=\"43\" height=\"25\"\n        viewBox=\"0 0 43 25\"\n        xmlns=\"http:\/\/www.w3.org\/2000\/svg\">\n    <path\n        d=\"M30.027 0 43 12.5 30.027 25 27 22.083 34.351 15H0v-5h34.351L27 2.917z\"\n        fill=\"currentColor\"\n        fill-rule=\"evenodd\"\/>\n<\/svg>                    <div>Menneet tapahtumat<\/div>\n                <\/a>\n                <div class=\"link-info\">\n                                    <\/div>\n            <\/li>\n\n        \n            <li class=\"link-list-item\">\n                <a href=\"https:\/\/sites.uef.fi\/logoverkosto\/uutiskirjeet\/\" class=\"link-reset link hover-scale-down\">\n                    <svg\n        width=\"43\" height=\"25\"\n        viewBox=\"0 0 43 25\"\n        xmlns=\"http:\/\/www.w3.org\/2000\/svg\">\n    <path\n        d=\"M30.027 0 43 12.5 30.027 25 27 22.083 34.351 15H0v-5h34.351L27 2.917z\"\n        fill=\"currentColor\"\n        fill-rule=\"evenodd\"\/>\n<\/svg>                    <div>Uutiskirjeet<\/div>\n                <\/a>\n                <div class=\"link-info\">\n                                    <\/div>\n            <\/li>\n\n                <\/ul>\n<\/div>\n\n\n<div class=\"links-block\">\n\n    \n    <ul class=\"link-list\">\n            <\/ul>\n<\/div>\n\n\n<figure class=\"wp-block-image size-large is-resized\"><img loading=\"lazy\" decoding=\"async\" width=\"1133\" height=\"1200\" src=\"https:\/\/sites.uef.fi\/logoverkosto\/wp-content\/uploads\/sites\/374\/2024\/02\/Logoverkosto_logo_musta-1133x1200.png\" alt=\"Logokuutio\" class=\"wp-image-3683\" style=\"width:144px;height:auto\" srcset=\"https:\/\/sites.uef.fi\/logoverkosto\/wp-content\/uploads\/sites\/374\/2024\/02\/Logoverkosto_logo_musta-1133x1200.png 1133w, https:\/\/sites.uef.fi\/logoverkosto\/wp-content\/uploads\/sites\/374\/2024\/02\/Logoverkosto_logo_musta-283x300.png 283w, https:\/\/sites.uef.fi\/logoverkosto\/wp-content\/uploads\/sites\/374\/2024\/02\/Logoverkosto_logo_musta-768x813.png 768w, https:\/\/sites.uef.fi\/logoverkosto\/wp-content\/uploads\/sites\/374\/2024\/02\/Logoverkosto_logo_musta-1451x1536.png 1451w, https:\/\/sites.uef.fi\/logoverkosto\/wp-content\/uploads\/sites\/374\/2024\/02\/Logoverkosto_logo_musta.png 1664w\" sizes=\"auto, (max-width: 1133px) 100vw, 1133px\" \/><\/figure>\n","protected":false},"excerpt":{"rendered":"<p>Uutisista n\u00e4et mik\u00e4 Logoverkostossa on pinnalla juuri nyt ja mit\u00e4 aiemmin on tapahtunut. T\u00e4lle sivulle on koottu logoverkoston ajankohtaisia asioita sek\u00e4 tulevia ja menneit\u00e4 tapahtumia. T\u00e4\u00e4lt\u00e4 p\u00e4\u00e4set my\u00f6s lukemaan logoverkostolle s\u00e4hk\u00f6isesti l\u00e4hetetyt uutiskirjeet, mik\u00e4li posti ei ole sinua tavoittanut.<\/p>\n","protected":false},"author":817,"featured_media":0,"parent":0,"menu_order":0,"comment_status":"closed","ping_status":"closed","template":"","meta":{"_acf_changed":false,"footnotes":""},"class_list":["post-1209","page","type-page","status-publish","hentry"],"acf":[],"yoast_head":"<!-- This site is optimized with the Yoast SEO plugin v27.3 - https:\/\/yoast.com\/product\/yoast-seo-wordpress\/ -->\n<title>Uutisia - Logoverkosto<\/title>\n<meta name=\"robots\" content=\"index, follow, max-snippet:-1, max-image-preview:large, max-video-preview:-1\" \/>\n<link rel=\"canonical\" href=\"https:\/\/sites.uef.fi\/logoverkosto\/uutisia\/\" \/>\n<meta property=\"og:locale\" content=\"fi_FI\" \/>\n<meta property=\"og:type\" content=\"article\" \/>\n<meta property=\"og:title\" content=\"Uutisia - Logoverkosto\" \/>\n<meta property=\"og:description\" content=\"Uutisista n\u00e4et mik\u00e4 Logoverkostossa on pinnalla juuri nyt ja mit\u00e4 aiemmin on tapahtunut. T\u00e4lle sivulle on koottu logoverkoston ajankohtaisia asioita sek\u00e4 tulevia ja menneit\u00e4 tapahtumia. T\u00e4\u00e4lt\u00e4 p\u00e4\u00e4set my\u00f6s lukemaan logoverkostolle s\u00e4hk\u00f6isesti l\u00e4hetetyt uutiskirjeet, mik\u00e4li posti ei ole sinua tavoittanut.\" \/>\n<meta property=\"og:url\" content=\"https:\/\/sites.uef.fi\/logoverkosto\/uutisia\/\" \/>\n<meta property=\"og:site_name\" content=\"Logoverkosto\" \/>\n<meta property=\"article:modified_time\" content=\"2026-04-13T13:22:21+00:00\" \/>\n<meta property=\"og:image\" content=\"https:\/\/sites.uef.fi\/logoverkosto\/wp-content\/uploads\/sites\/374\/2024\/02\/Logoverkosto_logo_musta.png\" \/>\n\t<meta property=\"og:image:width\" content=\"1664\" \/>\n\t<meta property=\"og:image:height\" content=\"1762\" \/>\n\t<meta property=\"og:image:type\" content=\"image\/png\" \/>\n<meta name=\"twitter:card\" content=\"summary_large_image\" \/>\n<meta name=\"twitter:label1\" content=\"Arvioitu lukuaika\" \/>\n\t<meta name=\"twitter:data1\" content=\"1 minuutti\" \/>\n<script type=\"application\/ld+json\" class=\"yoast-schema-graph\">{\"@context\":\"https:\\\/\\\/schema.org\",\"@graph\":[{\"@type\":\"WebPage\",\"@id\":\"https:\\\/\\\/sites.uef.fi\\\/logoverkosto\\\/uutisia\\\/\",\"url\":\"https:\\\/\\\/sites.uef.fi\\\/logoverkosto\\\/uutisia\\\/\",\"name\":\"Uutisia - Logoverkosto\",\"isPartOf\":{\"@id\":\"https:\\\/\\\/sites.uef.fi\\\/logoverkosto\\\/#website\"},\"primaryImageOfPage\":{\"@id\":\"https:\\\/\\\/sites.uef.fi\\\/logoverkosto\\\/uutisia\\\/#primaryimage\"},\"image\":{\"@id\":\"https:\\\/\\\/sites.uef.fi\\\/logoverkosto\\\/uutisia\\\/#primaryimage\"},\"thumbnailUrl\":\"https:\\\/\\\/sites.uef.fi\\\/logoverkosto\\\/wp-content\\\/uploads\\\/sites\\\/374\\\/2024\\\/02\\\/Logoverkosto_logo_musta-1133x1200.png\",\"datePublished\":\"2022-09-30T09:28:14+00:00\",\"dateModified\":\"2026-04-13T13:22:21+00:00\",\"breadcrumb\":{\"@id\":\"https:\\\/\\\/sites.uef.fi\\\/logoverkosto\\\/uutisia\\\/#breadcrumb\"},\"inLanguage\":\"fi\",\"potentialAction\":[{\"@type\":\"ReadAction\",\"target\":[\"https:\\\/\\\/sites.uef.fi\\\/logoverkosto\\\/uutisia\\\/\"]}]},{\"@type\":\"ImageObject\",\"inLanguage\":\"fi\",\"@id\":\"https:\\\/\\\/sites.uef.fi\\\/logoverkosto\\\/uutisia\\\/#primaryimage\",\"url\":\"https:\\\/\\\/sites.uef.fi\\\/logoverkosto\\\/wp-content\\\/uploads\\\/sites\\\/374\\\/2024\\\/02\\\/Logoverkosto_logo_musta.png\",\"contentUrl\":\"https:\\\/\\\/sites.uef.fi\\\/logoverkosto\\\/wp-content\\\/uploads\\\/sites\\\/374\\\/2024\\\/02\\\/Logoverkosto_logo_musta.png\",\"width\":1664,\"height\":1762,\"caption\":\"Logokuutio\"},{\"@type\":\"BreadcrumbList\",\"@id\":\"https:\\\/\\\/sites.uef.fi\\\/logoverkosto\\\/uutisia\\\/#breadcrumb\",\"itemListElement\":[{\"@type\":\"ListItem\",\"position\":1,\"name\":\"Home\",\"item\":\"https:\\\/\\\/sites.uef.fi\\\/logoverkosto\\\/\"},{\"@type\":\"ListItem\",\"position\":2,\"name\":\"Uutisia\"}]},{\"@type\":\"WebSite\",\"@id\":\"https:\\\/\\\/sites.uef.fi\\\/logoverkosto\\\/#website\",\"url\":\"https:\\\/\\\/sites.uef.fi\\\/logoverkosto\\\/\",\"name\":\"Logoverkosto\",\"description\":\"\",\"publisher\":{\"@id\":\"https:\\\/\\\/sites.uef.fi\\\/logoverkosto\\\/#organization\"},\"potentialAction\":[{\"@type\":\"SearchAction\",\"target\":{\"@type\":\"EntryPoint\",\"urlTemplate\":\"https:\\\/\\\/sites.uef.fi\\\/logoverkosto\\\/?s={search_term_string}\"},\"query-input\":{\"@type\":\"PropertyValueSpecification\",\"valueRequired\":true,\"valueName\":\"search_term_string\"}}],\"inLanguage\":\"fi\"},{\"@type\":\"Organization\",\"@id\":\"https:\\\/\\\/sites.uef.fi\\\/logoverkosto\\\/#organization\",\"name\":\"Logoverkosto\",\"url\":\"https:\\\/\\\/sites.uef.fi\\\/logoverkosto\\\/\",\"logo\":{\"@type\":\"ImageObject\",\"inLanguage\":\"fi\",\"@id\":\"https:\\\/\\\/sites.uef.fi\\\/logoverkosto\\\/#\\\/schema\\\/logo\\\/image\\\/\",\"url\":\"https:\\\/\\\/sites.uef.fi\\\/logoverkosto\\\/wp-content\\\/uploads\\\/sites\\\/374\\\/2022\\\/08\\\/cropped-UEF_wordpress_white.png\",\"contentUrl\":\"https:\\\/\\\/sites.uef.fi\\\/logoverkosto\\\/wp-content\\\/uploads\\\/sites\\\/374\\\/2022\\\/08\\\/cropped-UEF_wordpress_white.png\",\"width\":250,\"height\":250,\"caption\":\"Logoverkosto\"},\"image\":{\"@id\":\"https:\\\/\\\/sites.uef.fi\\\/logoverkosto\\\/#\\\/schema\\\/logo\\\/image\\\/\"}}]}<\/script>\n<!-- \/ Yoast SEO plugin. -->","yoast_head_json":{"title":"Uutisia - Logoverkosto","robots":{"index":"index","follow":"follow","max-snippet":"max-snippet:-1","max-image-preview":"max-image-preview:large","max-video-preview":"max-video-preview:-1"},"canonical":"https:\/\/sites.uef.fi\/logoverkosto\/uutisia\/","og_locale":"fi_FI","og_type":"article","og_title":"Uutisia - Logoverkosto","og_description":"Uutisista n\u00e4et mik\u00e4 Logoverkostossa on pinnalla juuri nyt ja mit\u00e4 aiemmin on tapahtunut. T\u00e4lle sivulle on koottu logoverkoston ajankohtaisia asioita sek\u00e4 tulevia ja menneit\u00e4 tapahtumia. T\u00e4\u00e4lt\u00e4 p\u00e4\u00e4set my\u00f6s lukemaan logoverkostolle s\u00e4hk\u00f6isesti l\u00e4hetetyt uutiskirjeet, mik\u00e4li posti ei ole sinua tavoittanut.","og_url":"https:\/\/sites.uef.fi\/logoverkosto\/uutisia\/","og_site_name":"Logoverkosto","article_modified_time":"2026-04-13T13:22:21+00:00","og_image":[{"width":1664,"height":1762,"url":"https:\/\/sites.uef.fi\/logoverkosto\/wp-content\/uploads\/sites\/374\/2024\/02\/Logoverkosto_logo_musta.png","type":"image\/png"}],"twitter_card":"summary_large_image","twitter_misc":{"Arvioitu lukuaika":"1 minuutti"},"schema":{"@context":"https:\/\/schema.org","@graph":[{"@type":"WebPage","@id":"https:\/\/sites.uef.fi\/logoverkosto\/uutisia\/","url":"https:\/\/sites.uef.fi\/logoverkosto\/uutisia\/","name":"Uutisia - Logoverkosto","isPartOf":{"@id":"https:\/\/sites.uef.fi\/logoverkosto\/#website"},"primaryImageOfPage":{"@id":"https:\/\/sites.uef.fi\/logoverkosto\/uutisia\/#primaryimage"},"image":{"@id":"https:\/\/sites.uef.fi\/logoverkosto\/uutisia\/#primaryimage"},"thumbnailUrl":"https:\/\/sites.uef.fi\/logoverkosto\/wp-content\/uploads\/sites\/374\/2024\/02\/Logoverkosto_logo_musta-1133x1200.png","datePublished":"2022-09-30T09:28:14+00:00","dateModified":"2026-04-13T13:22:21+00:00","breadcrumb":{"@id":"https:\/\/sites.uef.fi\/logoverkosto\/uutisia\/#breadcrumb"},"inLanguage":"fi","potentialAction":[{"@type":"ReadAction","target":["https:\/\/sites.uef.fi\/logoverkosto\/uutisia\/"]}]},{"@type":"ImageObject","inLanguage":"fi","@id":"https:\/\/sites.uef.fi\/logoverkosto\/uutisia\/#primaryimage","url":"https:\/\/sites.uef.fi\/logoverkosto\/wp-content\/uploads\/sites\/374\/2024\/02\/Logoverkosto_logo_musta.png","contentUrl":"https:\/\/sites.uef.fi\/logoverkosto\/wp-content\/uploads\/sites\/374\/2024\/02\/Logoverkosto_logo_musta.png","width":1664,"height":1762,"caption":"Logokuutio"},{"@type":"BreadcrumbList","@id":"https:\/\/sites.uef.fi\/logoverkosto\/uutisia\/#breadcrumb","itemListElement":[{"@type":"ListItem","position":1,"name":"Home","item":"https:\/\/sites.uef.fi\/logoverkosto\/"},{"@type":"ListItem","position":2,"name":"Uutisia"}]},{"@type":"WebSite","@id":"https:\/\/sites.uef.fi\/logoverkosto\/#website","url":"https:\/\/sites.uef.fi\/logoverkosto\/","name":"Logoverkosto","description":"","publisher":{"@id":"https:\/\/sites.uef.fi\/logoverkosto\/#organization"},"potentialAction":[{"@type":"SearchAction","target":{"@type":"EntryPoint","urlTemplate":"https:\/\/sites.uef.fi\/logoverkosto\/?s={search_term_string}"},"query-input":{"@type":"PropertyValueSpecification","valueRequired":true,"valueName":"search_term_string"}}],"inLanguage":"fi"},{"@type":"Organization","@id":"https:\/\/sites.uef.fi\/logoverkosto\/#organization","name":"Logoverkosto","url":"https:\/\/sites.uef.fi\/logoverkosto\/","logo":{"@type":"ImageObject","inLanguage":"fi","@id":"https:\/\/sites.uef.fi\/logoverkosto\/#\/schema\/logo\/image\/","url":"https:\/\/sites.uef.fi\/logoverkosto\/wp-content\/uploads\/sites\/374\/2022\/08\/cropped-UEF_wordpress_white.png","contentUrl":"https:\/\/sites.uef.fi\/logoverkosto\/wp-content\/uploads\/sites\/374\/2022\/08\/cropped-UEF_wordpress_white.png","width":250,"height":250,"caption":"Logoverkosto"},"image":{"@id":"https:\/\/sites.uef.fi\/logoverkosto\/#\/schema\/logo\/image\/"}}]}},"_links":{"self":[{"href":"https:\/\/sites.uef.fi\/logoverkosto\/wp-json\/wp\/v2\/pages\/1209","targetHints":{"allow":["GET"]}}],"collection":[{"href":"https:\/\/sites.uef.fi\/logoverkosto\/wp-json\/wp\/v2\/pages"}],"about":[{"href":"https:\/\/sites.uef.fi\/logoverkosto\/wp-json\/wp\/v2\/types\/page"}],"author":[{"embeddable":true,"href":"https:\/\/sites.uef.fi\/logoverkosto\/wp-json\/wp\/v2\/users\/817"}],"replies":[{"embeddable":true,"href":"https:\/\/sites.uef.fi\/logoverkosto\/wp-json\/wp\/v2\/comments?post=1209"}],"version-history":[{"count":2,"href":"https:\/\/sites.uef.fi\/logoverkosto\/wp-json\/wp\/v2\/pages\/1209\/revisions"}],"predecessor-version":[{"id":5120,"href":"https:\/\/sites.uef.fi\/logoverkosto\/wp-json\/wp\/v2\/pages\/1209\/revisions\/5120"}],"wp:attachment":[{"href":"https:\/\/sites.uef.fi\/logoverkosto\/wp-json\/wp\/v2\/media?parent=1209"}],"curies":[{"name":"wp","href":"https:\/\/api.w.org\/{rel}","templated":true}]}}