{"id":164,"date":"2022-07-01T11:32:13","date_gmt":"2022-07-01T11:32:13","guid":{"rendered":"https:\/\/sites.uef.fi\/logoverkosto\/?page_id=164"},"modified":"2024-10-15T07:48:26","modified_gmt":"2024-10-15T07:48:26","slug":"kliiniset-harjoittelut","status":"publish","type":"page","link":"https:\/\/sites.uef.fi\/logoverkosto\/kliiniset-harjoittelut\/","title":{"rendered":"Kliiniset harjoittelut"},"content":{"rendered":"\n<p>Logopedian kliiniset harjoittelut valmentavat opiskelijaa ty\u00f6el\u00e4m\u00e4\u00e4n. It\u00e4-Suomen yliopistossa logopedian opintoihin kuuluu yhteens\u00e4 kuusi harjoittelujaksoa: kliiniset harjoittelut I\u2013IV, moniammatillinen arviointi- ja asiakasty\u00f6skentely sek\u00e4 kliininen p\u00e4\u00e4tt\u00f6harjoittelu. Harjoittelut I\u2013III suoritetaan osana humanististen tieteiden kandidaatin tutkintoa. Harjoittelu IV, moniammatillinen arviointi- ja asiakasty\u00f6skentely sek\u00e4 p\u00e4\u00e4tt\u00f6harjoittelu ovat osa syvent\u00e4vi\u00e4 opintoja ja kuuluvat filosofian maisterin tutkintoon. Kliinisten harjoitteluiden aikana opiskelija tutustuu puheterapeutin ty\u00f6kentt\u00e4\u00e4n ja omaksuu tietoa puheterapeutin ty\u00f6nkuvasta terveydenhuollon eri toimipaikoissa. Harjoittelut I-IV toteutetaan joko yliopistolla yhteisty\u00f6ss\u00e4 Siun soten kanssa tai julkisen tai yksityisen sektorin puheterapiapalveluita tarjoavassa terveydenhuollon organisaatiossa. P\u00e4\u00e4tt\u00f6harjoittelu toteutuu aina kent\u00e4ll\u00e4.<\/p>\n\n\n\n<p>Harjoittelukohtaiset osaamistavoitteet on m\u00e4\u00e4ritelty harjoitteluiden opetussuunnitelmissa ja opintojaksokuvauksissa. Osaamistavoitteiden vaatimustaso kasvaa progressiivisesti, sill\u00e4 opiskelijan taidot syventyv\u00e4t harjoittelujen edetess\u00e4. Harjoittelukohtaisten osaamistavoitteiden lis\u00e4ksi opiskelija harjoittelee jokaisella opintojaksolla arviointi- ja\/tai kuntoutusprosessin kirjallista dokumentointia sek\u00e4 palautteen antamista ja vastaanottamista. Lis\u00e4ksi opiskelija tekee havaintoja opiskelutovereiden tai laillistetun puheterapeutin toteuttamista asiakastapaamisista sek\u00e4 oppii hahmottamaan puheterapeutin roolin ja laajan ty\u00f6nkuvan erilaisten asiakkaiden parissa.<\/p>\n\n\n\t<div id=\"accordion-block_f8ac26a70dddde14b813a4b0a27fac4c\" class=\"accordions\">\n\t\t\t\t\t<div class=\"accordion accordion-js\">\n\t\t\t\t<button class=\"accordion__button\" aria-controls=\"content-8877\" aria-expanded=\"false\" id=\"accordion-control-8877\">\n\t\t\t\t\t<h3 class=\"accordion__heading\" >\n\t\t\t\t\t\tKliiniset harjoittelut I-IV\t\t\t\t\t<\/h3>\n\t\t\t\t<\/button>\n\t\t\t\t<div class=\"accordion__content\" role=\"region\" aria-labelledby=\"accordion-control-8877\" aria-hidden=\"true\" id=\"content-8877\">\n\t\t\t\t\t<p>Harjoittelujen I-IV tavoitteena on, ett\u00e4 opinnot suoritettuaan opiskelijalla on peruskokemusta tyypillisimpien lasten ja aikuisten logopedisten h\u00e4iri\u00f6iden kliinisest\u00e4 arvioinnista ja kuntoutuksesta sek\u00e4 puheterapiaprosessista ja puheterapeutin ammattiroolissa toimimisesta (harjoittelut I\u2013III). Nelj\u00e4nness\u00e4 harjoittelussa opiskelija voi syvent\u00e4\u00e4 osaamistaan vapaavalintaisesta logopedisesta h\u00e4iri\u00f6st\u00e4. Kliinisten harjoittelujen I-IV ohjaajille suunnatut ohjeet, lomakkeet ja muut materiaalit l\u00f6ytyv\u00e4t materiaalipankista.<\/p>\n\t\t\t\t<\/div>\n\t\t\t<\/div>\n\t\t\t\t\t<div class=\"accordion accordion-js\">\n\t\t\t\t<button class=\"accordion__button\" aria-controls=\"content-6464\" aria-expanded=\"false\" id=\"accordion-control-6464\">\n\t\t\t\t\t<h3 class=\"accordion__heading\" >\n\t\t\t\t\t\tKliininen p\u00e4\u00e4tt\u00f6harjoittelu\t\t\t\t\t<\/h3>\n\t\t\t\t<\/button>\n\t\t\t\t<div class=\"accordion__content\" role=\"region\" aria-labelledby=\"accordion-control-6464\" aria-hidden=\"true\" id=\"content-6464\">\n\t\t\t\t\t<p>P\u00e4\u00e4tt\u00f6harjoittelu on ns. loppuharjoittelu, jossa opiskelija ty\u00f6skentelee itsen\u00e4isesti puheterapeutin teht\u00e4viss\u00e4 harjoittelusta vastaavan puheterapeutin ohjauksessa. Harjoittelun kesto on 4 kalenterikuukautta. P\u00e4\u00e4tt\u00f6harjoitteluiden ohjaajille suunnatut ohjeet, lomakkeet ja muut materiaalit l\u00f6ytyv\u00e4t materiaalipankista.<\/p>\n\t\t\t\t<\/div>\n\t\t\t<\/div>\n\t\t\t\t\t<div class=\"accordion accordion-js\">\n\t\t\t\t<button class=\"accordion__button\" aria-controls=\"content-3044\" aria-expanded=\"false\" id=\"accordion-control-3044\">\n\t\t\t\t\t<h3 class=\"accordion__heading\" >\n\t\t\t\t\t\tMoniammatillinen arviointi- ja asiakasty\u00f6skentely\t\t\t\t\t<\/h3>\n\t\t\t\t<\/button>\n\t\t\t\t<div class=\"accordion__content\" role=\"region\" aria-labelledby=\"accordion-control-3044\" aria-hidden=\"true\" id=\"content-3044\">\n\t\t\t\t\t<p>Moniammatillinen arviointi- ja asiakasty\u00f6skentely toteutetaan yhdess\u00e4 psykologian oppiaineen kanssa. Opintojakson aikana opiskelija perehtyy moniammatilliseen ty\u00f6skentelyyn hy\u00f6dynt\u00e4m\u00e4ll\u00e4 oman ammattialansa asiakasty\u00f6valmiuksia. Opintojakson suunnittelu on k\u00e4ynniss\u00e4.<\/p>\n\t\t\t\t<\/div>\n\t\t\t<\/div>\n\t\t\t<\/div>\n\t\n\n\n<p>Ennen hajoittelun toteuttamista tulee varmistaa, ett\u00e4 organisaatioiden v\u00e4liset harjoittelusopimukset ovat kunnossa. Harjoittelukohtaiset k\u00e4yt\u00e4nn\u00f6t ja vaadittavat asiakirjat on k\u00e4yty tarkemmin l\u00e4pi harjoittelujen toteutusohjeissa. Ennen harjoittelun alkua on my\u00f6s syyt\u00e4 perehty\u00e4 puheterapeutin toimintaan liittyv\u00e4\u00e4n lains\u00e4\u00e4d\u00e4nt\u00f6\u00f6n sek\u00e4 eettisiin ohjeisiin.<\/p>\n\n\n\n<div class=\"links-block\">\n\n            <h3>Ty\u00f6kaluja ja tietoa ohjaajille<\/h3>\n    \n    <ul class=\"link-list\">\n        \n            \n            <li class=\"link-list-item\">\n                <a href=\"https:\/\/sites.uef.fi\/logoverkosto\/materiaalipankki\/\" class=\"link-reset link hover-scale-down\">\n                    <svg\n        width=\"43\" height=\"25\"\n        viewBox=\"0 0 43 25\"\n        xmlns=\"http:\/\/www.w3.org\/2000\/svg\">\n    <path\n        d=\"M30.027 0 43 12.5 30.027 25 27 22.083 34.351 15H0v-5h34.351L27 2.917z\"\n        fill=\"currentColor\"\n        fill-rule=\"evenodd\"\/>\n<\/svg>                    <div>Materiaalipankki<\/div>\n                <\/a>\n                <div class=\"link-info\">\n                                            <div class=\"link-info-type\">Logopedian kliinisten harjoitteluiden materiaalipankki on tarkoitettu harjoittelujen ohjaajille. Materiaalipankin salasana annetaan ohjauksesta sovittaessa. <\/div>\n                                    <\/div>\n            <\/li>\n\n                <\/ul>\n<\/div>\n\n\n<figure class=\"wp-block-image size-large\"><img loading=\"lazy\" decoding=\"async\" width=\"1024\" height=\"576\" src=\"https:\/\/sites.uef.fi\/logoverkosto\/wp-content\/uploads\/sites\/374\/2022\/07\/UEF-logopedia_3.34.1-1024x576.jpg\" alt=\"\" class=\"wp-image-541\" srcset=\"https:\/\/sites.uef.fi\/logoverkosto\/wp-content\/uploads\/sites\/374\/2022\/07\/UEF-logopedia_3.34.1-1024x576.jpg 1024w, https:\/\/sites.uef.fi\/logoverkosto\/wp-content\/uploads\/sites\/374\/2022\/07\/UEF-logopedia_3.34.1-300x169.jpg 300w, https:\/\/sites.uef.fi\/logoverkosto\/wp-content\/uploads\/sites\/374\/2022\/07\/UEF-logopedia_3.34.1-768x432.jpg 768w, https:\/\/sites.uef.fi\/logoverkosto\/wp-content\/uploads\/sites\/374\/2022\/07\/UEF-logopedia_3.34.1-1536x864.jpg 1536w, https:\/\/sites.uef.fi\/logoverkosto\/wp-content\/uploads\/sites\/374\/2022\/07\/UEF-logopedia_3.34.1.jpg 2048w\" sizes=\"auto, (max-width: 1024px) 100vw, 1024px\" \/><\/figure>\n","protected":false},"excerpt":{"rendered":"<p>Logopedian kliiniset harjoittelut valmentavat opiskelijaa ty\u00f6el\u00e4m\u00e4\u00e4n. It\u00e4-Suomen yliopistossa logopedian opintoihin kuuluu yhteens\u00e4 kuusi harjoittelujaksoa: kliiniset harjoittelut I\u2013IV, moniammatillinen arviointi- ja asiakasty\u00f6skentely sek\u00e4 kliininen p\u00e4\u00e4tt\u00f6harjoittelu. Harjoittelut I\u2013III suoritetaan osana humanististen tieteiden kandidaatin tutkintoa. Harjoittelu IV, moniammatillinen arviointi- ja asiakasty\u00f6skentely sek\u00e4 p\u00e4\u00e4tt\u00f6harjoittelu ovat osa syvent\u00e4vi\u00e4 opintoja ja kuuluvat filosofian maisterin tutkintoon. Kliinisten harjoitteluiden aikana opiskelija tutustuu puheterapeutin [&hellip;]<\/p>\n","protected":false},"author":817,"featured_media":0,"parent":0,"menu_order":-1,"comment_status":"closed","ping_status":"closed","template":"","meta":{"_acf_changed":false,"footnotes":""},"class_list":["post-164","page","type-page","status-publish","hentry"],"acf":[],"yoast_head":"<!-- This site is optimized with the Yoast SEO plugin v27.3 - https:\/\/yoast.com\/product\/yoast-seo-wordpress\/ -->\n<title>Kliiniset harjoittelut - Logoverkosto<\/title>\n<meta name=\"robots\" content=\"index, follow, max-snippet:-1, max-image-preview:large, max-video-preview:-1\" \/>\n<link rel=\"canonical\" href=\"https:\/\/sites.uef.fi\/logoverkosto\/kliiniset-harjoittelut\/\" \/>\n<meta property=\"og:locale\" content=\"fi_FI\" \/>\n<meta property=\"og:type\" content=\"article\" \/>\n<meta property=\"og:title\" content=\"Kliiniset harjoittelut - Logoverkosto\" \/>\n<meta property=\"og:description\" content=\"Logopedian kliiniset harjoittelut valmentavat opiskelijaa ty\u00f6el\u00e4m\u00e4\u00e4n. It\u00e4-Suomen yliopistossa logopedian opintoihin kuuluu yhteens\u00e4 kuusi harjoittelujaksoa: kliiniset harjoittelut I\u2013IV, moniammatillinen arviointi- ja asiakasty\u00f6skentely sek\u00e4 kliininen p\u00e4\u00e4tt\u00f6harjoittelu. Harjoittelut I\u2013III suoritetaan osana humanististen tieteiden kandidaatin tutkintoa. Harjoittelu IV, moniammatillinen arviointi- ja asiakasty\u00f6skentely sek\u00e4 p\u00e4\u00e4tt\u00f6harjoittelu ovat osa syvent\u00e4vi\u00e4 opintoja ja kuuluvat filosofian maisterin tutkintoon. Kliinisten harjoitteluiden aikana opiskelija tutustuu puheterapeutin [&hellip;]\" \/>\n<meta property=\"og:url\" content=\"https:\/\/sites.uef.fi\/logoverkosto\/kliiniset-harjoittelut\/\" \/>\n<meta property=\"og:site_name\" content=\"Logoverkosto\" \/>\n<meta property=\"article:modified_time\" content=\"2024-10-15T07:48:26+00:00\" \/>\n<meta property=\"og:image\" content=\"https:\/\/sites.uef.fi\/logoverkosto\/wp-content\/uploads\/sites\/374\/2022\/07\/UEF-logopedia_3.34.1-1024x576.jpg\" \/>\n<meta name=\"twitter:card\" content=\"summary_large_image\" \/>\n<meta name=\"twitter:label1\" content=\"Arvioitu lukuaika\" \/>\n\t<meta name=\"twitter:data1\" content=\"2 minuuttia\" \/>\n<script type=\"application\/ld+json\" class=\"yoast-schema-graph\">{\"@context\":\"https:\\\/\\\/schema.org\",\"@graph\":[{\"@type\":\"WebPage\",\"@id\":\"https:\\\/\\\/sites.uef.fi\\\/logoverkosto\\\/kliiniset-harjoittelut\\\/\",\"url\":\"https:\\\/\\\/sites.uef.fi\\\/logoverkosto\\\/kliiniset-harjoittelut\\\/\",\"name\":\"Kliiniset harjoittelut - Logoverkosto\",\"isPartOf\":{\"@id\":\"https:\\\/\\\/sites.uef.fi\\\/logoverkosto\\\/#website\"},\"primaryImageOfPage\":{\"@id\":\"https:\\\/\\\/sites.uef.fi\\\/logoverkosto\\\/kliiniset-harjoittelut\\\/#primaryimage\"},\"image\":{\"@id\":\"https:\\\/\\\/sites.uef.fi\\\/logoverkosto\\\/kliiniset-harjoittelut\\\/#primaryimage\"},\"thumbnailUrl\":\"https:\\\/\\\/sites.uef.fi\\\/logoverkosto\\\/wp-content\\\/uploads\\\/sites\\\/374\\\/2022\\\/07\\\/UEF-logopedia_3.34.1-1024x576.jpg\",\"datePublished\":\"2022-07-01T11:32:13+00:00\",\"dateModified\":\"2024-10-15T07:48:26+00:00\",\"breadcrumb\":{\"@id\":\"https:\\\/\\\/sites.uef.fi\\\/logoverkosto\\\/kliiniset-harjoittelut\\\/#breadcrumb\"},\"inLanguage\":\"fi\",\"potentialAction\":[{\"@type\":\"ReadAction\",\"target\":[\"https:\\\/\\\/sites.uef.fi\\\/logoverkosto\\\/kliiniset-harjoittelut\\\/\"]}]},{\"@type\":\"ImageObject\",\"inLanguage\":\"fi\",\"@id\":\"https:\\\/\\\/sites.uef.fi\\\/logoverkosto\\\/kliiniset-harjoittelut\\\/#primaryimage\",\"url\":\"https:\\\/\\\/sites.uef.fi\\\/logoverkosto\\\/wp-content\\\/uploads\\\/sites\\\/374\\\/2022\\\/07\\\/UEF-logopedia_3.34.1.jpg\",\"contentUrl\":\"https:\\\/\\\/sites.uef.fi\\\/logoverkosto\\\/wp-content\\\/uploads\\\/sites\\\/374\\\/2022\\\/07\\\/UEF-logopedia_3.34.1.jpg\",\"width\":2048,\"height\":1152},{\"@type\":\"BreadcrumbList\",\"@id\":\"https:\\\/\\\/sites.uef.fi\\\/logoverkosto\\\/kliiniset-harjoittelut\\\/#breadcrumb\",\"itemListElement\":[{\"@type\":\"ListItem\",\"position\":1,\"name\":\"Home\",\"item\":\"https:\\\/\\\/sites.uef.fi\\\/logoverkosto\\\/\"},{\"@type\":\"ListItem\",\"position\":2,\"name\":\"Kliiniset harjoittelut\"}]},{\"@type\":\"WebSite\",\"@id\":\"https:\\\/\\\/sites.uef.fi\\\/logoverkosto\\\/#website\",\"url\":\"https:\\\/\\\/sites.uef.fi\\\/logoverkosto\\\/\",\"name\":\"Logoverkosto\",\"description\":\"\",\"publisher\":{\"@id\":\"https:\\\/\\\/sites.uef.fi\\\/logoverkosto\\\/#organization\"},\"potentialAction\":[{\"@type\":\"SearchAction\",\"target\":{\"@type\":\"EntryPoint\",\"urlTemplate\":\"https:\\\/\\\/sites.uef.fi\\\/logoverkosto\\\/?s={search_term_string}\"},\"query-input\":{\"@type\":\"PropertyValueSpecification\",\"valueRequired\":true,\"valueName\":\"search_term_string\"}}],\"inLanguage\":\"fi\"},{\"@type\":\"Organization\",\"@id\":\"https:\\\/\\\/sites.uef.fi\\\/logoverkosto\\\/#organization\",\"name\":\"Logoverkosto\",\"url\":\"https:\\\/\\\/sites.uef.fi\\\/logoverkosto\\\/\",\"logo\":{\"@type\":\"ImageObject\",\"inLanguage\":\"fi\",\"@id\":\"https:\\\/\\\/sites.uef.fi\\\/logoverkosto\\\/#\\\/schema\\\/logo\\\/image\\\/\",\"url\":\"https:\\\/\\\/sites.uef.fi\\\/logoverkosto\\\/wp-content\\\/uploads\\\/sites\\\/374\\\/2022\\\/08\\\/cropped-UEF_wordpress_white.png\",\"contentUrl\":\"https:\\\/\\\/sites.uef.fi\\\/logoverkosto\\\/wp-content\\\/uploads\\\/sites\\\/374\\\/2022\\\/08\\\/cropped-UEF_wordpress_white.png\",\"width\":250,\"height\":250,\"caption\":\"Logoverkosto\"},\"image\":{\"@id\":\"https:\\\/\\\/sites.uef.fi\\\/logoverkosto\\\/#\\\/schema\\\/logo\\\/image\\\/\"}}]}<\/script>\n<!-- \/ Yoast SEO plugin. -->","yoast_head_json":{"title":"Kliiniset harjoittelut - Logoverkosto","robots":{"index":"index","follow":"follow","max-snippet":"max-snippet:-1","max-image-preview":"max-image-preview:large","max-video-preview":"max-video-preview:-1"},"canonical":"https:\/\/sites.uef.fi\/logoverkosto\/kliiniset-harjoittelut\/","og_locale":"fi_FI","og_type":"article","og_title":"Kliiniset harjoittelut - Logoverkosto","og_description":"Logopedian kliiniset harjoittelut valmentavat opiskelijaa ty\u00f6el\u00e4m\u00e4\u00e4n. It\u00e4-Suomen yliopistossa logopedian opintoihin kuuluu yhteens\u00e4 kuusi harjoittelujaksoa: kliiniset harjoittelut I\u2013IV, moniammatillinen arviointi- ja asiakasty\u00f6skentely sek\u00e4 kliininen p\u00e4\u00e4tt\u00f6harjoittelu. Harjoittelut I\u2013III suoritetaan osana humanististen tieteiden kandidaatin tutkintoa. Harjoittelu IV, moniammatillinen arviointi- ja asiakasty\u00f6skentely sek\u00e4 p\u00e4\u00e4tt\u00f6harjoittelu ovat osa syvent\u00e4vi\u00e4 opintoja ja kuuluvat filosofian maisterin tutkintoon. Kliinisten harjoitteluiden aikana opiskelija tutustuu puheterapeutin [&hellip;]","og_url":"https:\/\/sites.uef.fi\/logoverkosto\/kliiniset-harjoittelut\/","og_site_name":"Logoverkosto","article_modified_time":"2024-10-15T07:48:26+00:00","og_image":[{"url":"https:\/\/sites.uef.fi\/logoverkosto\/wp-content\/uploads\/sites\/374\/2022\/07\/UEF-logopedia_3.34.1-1024x576.jpg","type":"","width":"","height":""}],"twitter_card":"summary_large_image","twitter_misc":{"Arvioitu lukuaika":"2 minuuttia"},"schema":{"@context":"https:\/\/schema.org","@graph":[{"@type":"WebPage","@id":"https:\/\/sites.uef.fi\/logoverkosto\/kliiniset-harjoittelut\/","url":"https:\/\/sites.uef.fi\/logoverkosto\/kliiniset-harjoittelut\/","name":"Kliiniset harjoittelut - Logoverkosto","isPartOf":{"@id":"https:\/\/sites.uef.fi\/logoverkosto\/#website"},"primaryImageOfPage":{"@id":"https:\/\/sites.uef.fi\/logoverkosto\/kliiniset-harjoittelut\/#primaryimage"},"image":{"@id":"https:\/\/sites.uef.fi\/logoverkosto\/kliiniset-harjoittelut\/#primaryimage"},"thumbnailUrl":"https:\/\/sites.uef.fi\/logoverkosto\/wp-content\/uploads\/sites\/374\/2022\/07\/UEF-logopedia_3.34.1-1024x576.jpg","datePublished":"2022-07-01T11:32:13+00:00","dateModified":"2024-10-15T07:48:26+00:00","breadcrumb":{"@id":"https:\/\/sites.uef.fi\/logoverkosto\/kliiniset-harjoittelut\/#breadcrumb"},"inLanguage":"fi","potentialAction":[{"@type":"ReadAction","target":["https:\/\/sites.uef.fi\/logoverkosto\/kliiniset-harjoittelut\/"]}]},{"@type":"ImageObject","inLanguage":"fi","@id":"https:\/\/sites.uef.fi\/logoverkosto\/kliiniset-harjoittelut\/#primaryimage","url":"https:\/\/sites.uef.fi\/logoverkosto\/wp-content\/uploads\/sites\/374\/2022\/07\/UEF-logopedia_3.34.1.jpg","contentUrl":"https:\/\/sites.uef.fi\/logoverkosto\/wp-content\/uploads\/sites\/374\/2022\/07\/UEF-logopedia_3.34.1.jpg","width":2048,"height":1152},{"@type":"BreadcrumbList","@id":"https:\/\/sites.uef.fi\/logoverkosto\/kliiniset-harjoittelut\/#breadcrumb","itemListElement":[{"@type":"ListItem","position":1,"name":"Home","item":"https:\/\/sites.uef.fi\/logoverkosto\/"},{"@type":"ListItem","position":2,"name":"Kliiniset harjoittelut"}]},{"@type":"WebSite","@id":"https:\/\/sites.uef.fi\/logoverkosto\/#website","url":"https:\/\/sites.uef.fi\/logoverkosto\/","name":"Logoverkosto","description":"","publisher":{"@id":"https:\/\/sites.uef.fi\/logoverkosto\/#organization"},"potentialAction":[{"@type":"SearchAction","target":{"@type":"EntryPoint","urlTemplate":"https:\/\/sites.uef.fi\/logoverkosto\/?s={search_term_string}"},"query-input":{"@type":"PropertyValueSpecification","valueRequired":true,"valueName":"search_term_string"}}],"inLanguage":"fi"},{"@type":"Organization","@id":"https:\/\/sites.uef.fi\/logoverkosto\/#organization","name":"Logoverkosto","url":"https:\/\/sites.uef.fi\/logoverkosto\/","logo":{"@type":"ImageObject","inLanguage":"fi","@id":"https:\/\/sites.uef.fi\/logoverkosto\/#\/schema\/logo\/image\/","url":"https:\/\/sites.uef.fi\/logoverkosto\/wp-content\/uploads\/sites\/374\/2022\/08\/cropped-UEF_wordpress_white.png","contentUrl":"https:\/\/sites.uef.fi\/logoverkosto\/wp-content\/uploads\/sites\/374\/2022\/08\/cropped-UEF_wordpress_white.png","width":250,"height":250,"caption":"Logoverkosto"},"image":{"@id":"https:\/\/sites.uef.fi\/logoverkosto\/#\/schema\/logo\/image\/"}}]}},"_links":{"self":[{"href":"https:\/\/sites.uef.fi\/logoverkosto\/wp-json\/wp\/v2\/pages\/164","targetHints":{"allow":["GET"]}}],"collection":[{"href":"https:\/\/sites.uef.fi\/logoverkosto\/wp-json\/wp\/v2\/pages"}],"about":[{"href":"https:\/\/sites.uef.fi\/logoverkosto\/wp-json\/wp\/v2\/types\/page"}],"author":[{"embeddable":true,"href":"https:\/\/sites.uef.fi\/logoverkosto\/wp-json\/wp\/v2\/users\/817"}],"replies":[{"embeddable":true,"href":"https:\/\/sites.uef.fi\/logoverkosto\/wp-json\/wp\/v2\/comments?post=164"}],"version-history":[{"count":1,"href":"https:\/\/sites.uef.fi\/logoverkosto\/wp-json\/wp\/v2\/pages\/164\/revisions"}],"predecessor-version":[{"id":4616,"href":"https:\/\/sites.uef.fi\/logoverkosto\/wp-json\/wp\/v2\/pages\/164\/revisions\/4616"}],"wp:attachment":[{"href":"https:\/\/sites.uef.fi\/logoverkosto\/wp-json\/wp\/v2\/media?parent=164"}],"curies":[{"name":"wp","href":"https:\/\/api.w.org\/{rel}","templated":true}]}}