{"id":279,"date":"2022-07-04T08:47:47","date_gmt":"2022-07-04T08:47:47","guid":{"rendered":"https:\/\/sites.uef.fi\/logoverkosto\/?page_id=279"},"modified":"2025-05-26T12:18:43","modified_gmt":"2025-05-26T12:18:43","slug":"tutkimus","status":"publish","type":"page","link":"https:\/\/sites.uef.fi\/logoverkosto\/tutkimus\/","title":{"rendered":"Tutkimus"},"content":{"rendered":"\n<p>Logopedian alan tutkimus tarkastelee puheen, kielen ja vuorovaikutustaitojen kehityst\u00e4, ihmis\u00e4\u00e4nt\u00e4 ja nielemistoimintoja sek\u00e4 niiss\u00e4 esiintyvi\u00e4 h\u00e4iri\u00f6it\u00e4. It\u00e4-Suomen yliopistossa logopedisen tutkimuksen painopisteit\u00e4 ovat kielen kehityksen haasteet ja kieleen perustuvat oppimisvaikeudet, pitkitt\u00e4is- ja kohorttitutkimus, monitieteellisyys ja kansainv\u00e4lisyys. Tutkimuksen kohteena on my\u00f6s lapsen tyypillinen \u00e4\u00e4nteellinen kehitys ja siin\u00e4 esiintyv\u00e4t h\u00e4iri\u00f6t. Lis\u00e4ksi tehd\u00e4\u00e4n tutkimusta aivohalvauksen j\u00e4lkeen ilmenevist\u00e4 puheen ja kommunikoinnin h\u00e4iri\u00f6ist\u00e4.\u202f<\/p>\n\n\n\n<h2 class=\"wp-block-heading\">Kommunikoi \u2013 Communicate -tutkimusverkosto ker\u00e4\u00e4 yhteen kommunikaatiosta kiinnostuneet tutkijat<\/h2>\n\n\n\n<p>Kommunikoi \u2013 Communicate -tutkimusverkosto on perustettu vuonna 2021, jotta kommunikaatiosta kiinnostuneet tutkijat l\u00f6yt\u00e4isiv\u00e4t toisensa. Tapaamisten tavoitteena on ollut tutustua, vaihtaa ajatuksia ja verkostoitua, esitell\u00e4 tutkimusta sek\u00e4 suunnitella yhteisty\u00f6n eri muotoja. Tapaamisissa on esitelty my\u00f6s logopedian uusi laboratorio ja tutkimustilat, jotka mahdollistavat monenlaisia tutkimusn\u00e4kymi\u00e4. Laboratorion laitteiston k\u00e4ytt\u00f6\u00f6n j\u00e4rjestet\u00e4\u00e4n koulutusta ja my\u00f6s muut verkoston osallistujat logopedian ohella ovat aktiivisia. Kommunikoi \u2013 Communicate -verkostolle on muotoutunut nelj\u00e4 teemaa, joita ty\u00f6stet\u00e4\u00e4n pienryhmiss\u00e4. Mukaan ty\u00f6st\u00f6\u00f6n tai kuulolle voi liitty\u00e4 oman kiinnostuksen mukaan. <\/p>\n\n\n\n<p>Pienryhmien teemat: <\/p>\n\n\n\n<ul class=\"wp-block-list\">\n<li>interventiotutkimus<\/li>\n\n\n\n<li>puheen tutkimus<\/li>\n\n\n\n<li>kielen tutkimus<\/li>\n\n\n\n<li>teknologia ja digitaalisuus<\/li>\n<\/ul>\n\n\n\n<p><\/p>\n\n\n\n<h2 class=\"wp-block-heading\">Tule mukaan tutkimusverkostoon<\/h2>\n\n\n\n<p>Haluatko liitty\u00e4 tutkimusverkostoon tai kuulla lis\u00e4\u00e4? Ota yhteytt\u00e4 professori Marja Laasoseen (marja.laasonen@uef.fi) ja tule mukaan! <\/p>\n\n\n\n<p><\/p>\n\n\n\n<figure class=\"wp-block-image size-full\"><img loading=\"lazy\" decoding=\"async\" width=\"2000\" height=\"1200\" src=\"https:\/\/sites.uef.fi\/logoverkosto\/wp-content\/uploads\/sites\/374\/2023\/09\/EMA_UEF_Heiskanen-ja-Venhe_1200x2000.jpg\" alt=\"EMA-tutkimus, asiakas, tutkija, tietokone.\" class=\"wp-image-3193\" srcset=\"https:\/\/sites.uef.fi\/logoverkosto\/wp-content\/uploads\/sites\/374\/2023\/09\/EMA_UEF_Heiskanen-ja-Venhe_1200x2000.jpg 2000w, https:\/\/sites.uef.fi\/logoverkosto\/wp-content\/uploads\/sites\/374\/2023\/09\/EMA_UEF_Heiskanen-ja-Venhe_1200x2000-300x180.jpg 300w, https:\/\/sites.uef.fi\/logoverkosto\/wp-content\/uploads\/sites\/374\/2023\/09\/EMA_UEF_Heiskanen-ja-Venhe_1200x2000-768x461.jpg 768w, https:\/\/sites.uef.fi\/logoverkosto\/wp-content\/uploads\/sites\/374\/2023\/09\/EMA_UEF_Heiskanen-ja-Venhe_1200x2000-1536x922.jpg 1536w\" sizes=\"auto, (max-width: 2000px) 100vw, 2000px\" \/><figcaption class=\"wp-element-caption\">Kuva: It\u00e4-Suomen yliopisto, Varpu Heiskanen<\/figcaption><\/figure>\n","protected":false},"excerpt":{"rendered":"<p>Logopedian alan tutkimus tarkastelee puheen, kielen ja vuorovaikutustaitojen kehityst\u00e4, ihmis\u00e4\u00e4nt\u00e4 ja nielemistoimintoja sek\u00e4 niiss\u00e4 esiintyvi\u00e4 h\u00e4iri\u00f6it\u00e4. It\u00e4-Suomen yliopistossa logopedisen tutkimuksen painopisteit\u00e4 ovat kielen kehityksen haasteet ja kieleen perustuvat oppimisvaikeudet, pitkitt\u00e4is- ja kohorttitutkimus, monitieteellisyys ja kansainv\u00e4lisyys. Tutkimuksen kohteena on my\u00f6s lapsen tyypillinen \u00e4\u00e4nteellinen kehitys ja siin\u00e4 esiintyv\u00e4t h\u00e4iri\u00f6t. Lis\u00e4ksi tehd\u00e4\u00e4n tutkimusta aivohalvauksen j\u00e4lkeen ilmenevist\u00e4 puheen ja [&hellip;]<\/p>\n","protected":false},"author":817,"featured_media":0,"parent":0,"menu_order":0,"comment_status":"closed","ping_status":"closed","template":"","meta":{"_acf_changed":false,"footnotes":""},"class_list":["post-279","page","type-page","status-publish","hentry"],"acf":[],"yoast_head":"<!-- This site is optimized with the Yoast SEO plugin v27.3 - https:\/\/yoast.com\/product\/yoast-seo-wordpress\/ -->\n<title>Tutkimus - Logoverkosto<\/title>\n<meta name=\"robots\" content=\"index, follow, max-snippet:-1, max-image-preview:large, max-video-preview:-1\" \/>\n<link rel=\"canonical\" href=\"https:\/\/sites.uef.fi\/logoverkosto\/tutkimus\/\" \/>\n<meta property=\"og:locale\" content=\"fi_FI\" \/>\n<meta property=\"og:type\" content=\"article\" \/>\n<meta property=\"og:title\" content=\"Tutkimus - Logoverkosto\" \/>\n<meta property=\"og:description\" content=\"Logopedian alan tutkimus tarkastelee puheen, kielen ja vuorovaikutustaitojen kehityst\u00e4, ihmis\u00e4\u00e4nt\u00e4 ja nielemistoimintoja sek\u00e4 niiss\u00e4 esiintyvi\u00e4 h\u00e4iri\u00f6it\u00e4. It\u00e4-Suomen yliopistossa logopedisen tutkimuksen painopisteit\u00e4 ovat kielen kehityksen haasteet ja kieleen perustuvat oppimisvaikeudet, pitkitt\u00e4is- ja kohorttitutkimus, monitieteellisyys ja kansainv\u00e4lisyys. Tutkimuksen kohteena on my\u00f6s lapsen tyypillinen \u00e4\u00e4nteellinen kehitys ja siin\u00e4 esiintyv\u00e4t h\u00e4iri\u00f6t. Lis\u00e4ksi tehd\u00e4\u00e4n tutkimusta aivohalvauksen j\u00e4lkeen ilmenevist\u00e4 puheen ja [&hellip;]\" \/>\n<meta property=\"og:url\" content=\"https:\/\/sites.uef.fi\/logoverkosto\/tutkimus\/\" \/>\n<meta property=\"og:site_name\" content=\"Logoverkosto\" \/>\n<meta property=\"article:modified_time\" content=\"2025-05-26T12:18:43+00:00\" \/>\n<meta property=\"og:image\" content=\"https:\/\/sites.uef.fi\/logoverkosto\/wp-content\/uploads\/sites\/374\/2023\/09\/EMA_UEF_Heiskanen-ja-Venhe_1200x2000.jpg\" \/>\n<meta name=\"twitter:card\" content=\"summary_large_image\" \/>\n<meta name=\"twitter:label1\" content=\"Arvioitu lukuaika\" \/>\n\t<meta name=\"twitter:data1\" content=\"2 minuuttia\" \/>\n<script type=\"application\/ld+json\" class=\"yoast-schema-graph\">{\"@context\":\"https:\\\/\\\/schema.org\",\"@graph\":[{\"@type\":\"WebPage\",\"@id\":\"https:\\\/\\\/sites.uef.fi\\\/logoverkosto\\\/tutkimus\\\/\",\"url\":\"https:\\\/\\\/sites.uef.fi\\\/logoverkosto\\\/tutkimus\\\/\",\"name\":\"Tutkimus - Logoverkosto\",\"isPartOf\":{\"@id\":\"https:\\\/\\\/sites.uef.fi\\\/logoverkosto\\\/#website\"},\"primaryImageOfPage\":{\"@id\":\"https:\\\/\\\/sites.uef.fi\\\/logoverkosto\\\/tutkimus\\\/#primaryimage\"},\"image\":{\"@id\":\"https:\\\/\\\/sites.uef.fi\\\/logoverkosto\\\/tutkimus\\\/#primaryimage\"},\"thumbnailUrl\":\"https:\\\/\\\/sites.uef.fi\\\/logoverkosto\\\/wp-content\\\/uploads\\\/sites\\\/374\\\/2023\\\/09\\\/EMA_UEF_Heiskanen-ja-Venhe_1200x2000.jpg\",\"datePublished\":\"2022-07-04T08:47:47+00:00\",\"dateModified\":\"2025-05-26T12:18:43+00:00\",\"breadcrumb\":{\"@id\":\"https:\\\/\\\/sites.uef.fi\\\/logoverkosto\\\/tutkimus\\\/#breadcrumb\"},\"inLanguage\":\"fi\",\"potentialAction\":[{\"@type\":\"ReadAction\",\"target\":[\"https:\\\/\\\/sites.uef.fi\\\/logoverkosto\\\/tutkimus\\\/\"]}]},{\"@type\":\"ImageObject\",\"inLanguage\":\"fi\",\"@id\":\"https:\\\/\\\/sites.uef.fi\\\/logoverkosto\\\/tutkimus\\\/#primaryimage\",\"url\":\"https:\\\/\\\/sites.uef.fi\\\/logoverkosto\\\/wp-content\\\/uploads\\\/sites\\\/374\\\/2023\\\/09\\\/EMA_UEF_Heiskanen-ja-Venhe_1200x2000.jpg\",\"contentUrl\":\"https:\\\/\\\/sites.uef.fi\\\/logoverkosto\\\/wp-content\\\/uploads\\\/sites\\\/374\\\/2023\\\/09\\\/EMA_UEF_Heiskanen-ja-Venhe_1200x2000.jpg\",\"width\":2000,\"height\":1200,\"caption\":\"EMA-tutkimus, asiakas, tutkija, tietokone.\"},{\"@type\":\"BreadcrumbList\",\"@id\":\"https:\\\/\\\/sites.uef.fi\\\/logoverkosto\\\/tutkimus\\\/#breadcrumb\",\"itemListElement\":[{\"@type\":\"ListItem\",\"position\":1,\"name\":\"Home\",\"item\":\"https:\\\/\\\/sites.uef.fi\\\/logoverkosto\\\/\"},{\"@type\":\"ListItem\",\"position\":2,\"name\":\"Tutkimus\"}]},{\"@type\":\"WebSite\",\"@id\":\"https:\\\/\\\/sites.uef.fi\\\/logoverkosto\\\/#website\",\"url\":\"https:\\\/\\\/sites.uef.fi\\\/logoverkosto\\\/\",\"name\":\"Logoverkosto\",\"description\":\"\",\"publisher\":{\"@id\":\"https:\\\/\\\/sites.uef.fi\\\/logoverkosto\\\/#organization\"},\"potentialAction\":[{\"@type\":\"SearchAction\",\"target\":{\"@type\":\"EntryPoint\",\"urlTemplate\":\"https:\\\/\\\/sites.uef.fi\\\/logoverkosto\\\/?s={search_term_string}\"},\"query-input\":{\"@type\":\"PropertyValueSpecification\",\"valueRequired\":true,\"valueName\":\"search_term_string\"}}],\"inLanguage\":\"fi\"},{\"@type\":\"Organization\",\"@id\":\"https:\\\/\\\/sites.uef.fi\\\/logoverkosto\\\/#organization\",\"name\":\"Logoverkosto\",\"url\":\"https:\\\/\\\/sites.uef.fi\\\/logoverkosto\\\/\",\"logo\":{\"@type\":\"ImageObject\",\"inLanguage\":\"fi\",\"@id\":\"https:\\\/\\\/sites.uef.fi\\\/logoverkosto\\\/#\\\/schema\\\/logo\\\/image\\\/\",\"url\":\"https:\\\/\\\/sites.uef.fi\\\/logoverkosto\\\/wp-content\\\/uploads\\\/sites\\\/374\\\/2022\\\/08\\\/cropped-UEF_wordpress_white.png\",\"contentUrl\":\"https:\\\/\\\/sites.uef.fi\\\/logoverkosto\\\/wp-content\\\/uploads\\\/sites\\\/374\\\/2022\\\/08\\\/cropped-UEF_wordpress_white.png\",\"width\":250,\"height\":250,\"caption\":\"Logoverkosto\"},\"image\":{\"@id\":\"https:\\\/\\\/sites.uef.fi\\\/logoverkosto\\\/#\\\/schema\\\/logo\\\/image\\\/\"}}]}<\/script>\n<!-- \/ Yoast SEO plugin. -->","yoast_head_json":{"title":"Tutkimus - Logoverkosto","robots":{"index":"index","follow":"follow","max-snippet":"max-snippet:-1","max-image-preview":"max-image-preview:large","max-video-preview":"max-video-preview:-1"},"canonical":"https:\/\/sites.uef.fi\/logoverkosto\/tutkimus\/","og_locale":"fi_FI","og_type":"article","og_title":"Tutkimus - Logoverkosto","og_description":"Logopedian alan tutkimus tarkastelee puheen, kielen ja vuorovaikutustaitojen kehityst\u00e4, ihmis\u00e4\u00e4nt\u00e4 ja nielemistoimintoja sek\u00e4 niiss\u00e4 esiintyvi\u00e4 h\u00e4iri\u00f6it\u00e4. It\u00e4-Suomen yliopistossa logopedisen tutkimuksen painopisteit\u00e4 ovat kielen kehityksen haasteet ja kieleen perustuvat oppimisvaikeudet, pitkitt\u00e4is- ja kohorttitutkimus, monitieteellisyys ja kansainv\u00e4lisyys. Tutkimuksen kohteena on my\u00f6s lapsen tyypillinen \u00e4\u00e4nteellinen kehitys ja siin\u00e4 esiintyv\u00e4t h\u00e4iri\u00f6t. Lis\u00e4ksi tehd\u00e4\u00e4n tutkimusta aivohalvauksen j\u00e4lkeen ilmenevist\u00e4 puheen ja [&hellip;]","og_url":"https:\/\/sites.uef.fi\/logoverkosto\/tutkimus\/","og_site_name":"Logoverkosto","article_modified_time":"2025-05-26T12:18:43+00:00","og_image":[{"url":"https:\/\/sites.uef.fi\/logoverkosto\/wp-content\/uploads\/sites\/374\/2023\/09\/EMA_UEF_Heiskanen-ja-Venhe_1200x2000.jpg","type":"","width":"","height":""}],"twitter_card":"summary_large_image","twitter_misc":{"Arvioitu lukuaika":"2 minuuttia"},"schema":{"@context":"https:\/\/schema.org","@graph":[{"@type":"WebPage","@id":"https:\/\/sites.uef.fi\/logoverkosto\/tutkimus\/","url":"https:\/\/sites.uef.fi\/logoverkosto\/tutkimus\/","name":"Tutkimus - Logoverkosto","isPartOf":{"@id":"https:\/\/sites.uef.fi\/logoverkosto\/#website"},"primaryImageOfPage":{"@id":"https:\/\/sites.uef.fi\/logoverkosto\/tutkimus\/#primaryimage"},"image":{"@id":"https:\/\/sites.uef.fi\/logoverkosto\/tutkimus\/#primaryimage"},"thumbnailUrl":"https:\/\/sites.uef.fi\/logoverkosto\/wp-content\/uploads\/sites\/374\/2023\/09\/EMA_UEF_Heiskanen-ja-Venhe_1200x2000.jpg","datePublished":"2022-07-04T08:47:47+00:00","dateModified":"2025-05-26T12:18:43+00:00","breadcrumb":{"@id":"https:\/\/sites.uef.fi\/logoverkosto\/tutkimus\/#breadcrumb"},"inLanguage":"fi","potentialAction":[{"@type":"ReadAction","target":["https:\/\/sites.uef.fi\/logoverkosto\/tutkimus\/"]}]},{"@type":"ImageObject","inLanguage":"fi","@id":"https:\/\/sites.uef.fi\/logoverkosto\/tutkimus\/#primaryimage","url":"https:\/\/sites.uef.fi\/logoverkosto\/wp-content\/uploads\/sites\/374\/2023\/09\/EMA_UEF_Heiskanen-ja-Venhe_1200x2000.jpg","contentUrl":"https:\/\/sites.uef.fi\/logoverkosto\/wp-content\/uploads\/sites\/374\/2023\/09\/EMA_UEF_Heiskanen-ja-Venhe_1200x2000.jpg","width":2000,"height":1200,"caption":"EMA-tutkimus, asiakas, tutkija, tietokone."},{"@type":"BreadcrumbList","@id":"https:\/\/sites.uef.fi\/logoverkosto\/tutkimus\/#breadcrumb","itemListElement":[{"@type":"ListItem","position":1,"name":"Home","item":"https:\/\/sites.uef.fi\/logoverkosto\/"},{"@type":"ListItem","position":2,"name":"Tutkimus"}]},{"@type":"WebSite","@id":"https:\/\/sites.uef.fi\/logoverkosto\/#website","url":"https:\/\/sites.uef.fi\/logoverkosto\/","name":"Logoverkosto","description":"","publisher":{"@id":"https:\/\/sites.uef.fi\/logoverkosto\/#organization"},"potentialAction":[{"@type":"SearchAction","target":{"@type":"EntryPoint","urlTemplate":"https:\/\/sites.uef.fi\/logoverkosto\/?s={search_term_string}"},"query-input":{"@type":"PropertyValueSpecification","valueRequired":true,"valueName":"search_term_string"}}],"inLanguage":"fi"},{"@type":"Organization","@id":"https:\/\/sites.uef.fi\/logoverkosto\/#organization","name":"Logoverkosto","url":"https:\/\/sites.uef.fi\/logoverkosto\/","logo":{"@type":"ImageObject","inLanguage":"fi","@id":"https:\/\/sites.uef.fi\/logoverkosto\/#\/schema\/logo\/image\/","url":"https:\/\/sites.uef.fi\/logoverkosto\/wp-content\/uploads\/sites\/374\/2022\/08\/cropped-UEF_wordpress_white.png","contentUrl":"https:\/\/sites.uef.fi\/logoverkosto\/wp-content\/uploads\/sites\/374\/2022\/08\/cropped-UEF_wordpress_white.png","width":250,"height":250,"caption":"Logoverkosto"},"image":{"@id":"https:\/\/sites.uef.fi\/logoverkosto\/#\/schema\/logo\/image\/"}}]}},"_links":{"self":[{"href":"https:\/\/sites.uef.fi\/logoverkosto\/wp-json\/wp\/v2\/pages\/279","targetHints":{"allow":["GET"]}}],"collection":[{"href":"https:\/\/sites.uef.fi\/logoverkosto\/wp-json\/wp\/v2\/pages"}],"about":[{"href":"https:\/\/sites.uef.fi\/logoverkosto\/wp-json\/wp\/v2\/types\/page"}],"author":[{"embeddable":true,"href":"https:\/\/sites.uef.fi\/logoverkosto\/wp-json\/wp\/v2\/users\/817"}],"replies":[{"embeddable":true,"href":"https:\/\/sites.uef.fi\/logoverkosto\/wp-json\/wp\/v2\/comments?post=279"}],"version-history":[{"count":1,"href":"https:\/\/sites.uef.fi\/logoverkosto\/wp-json\/wp\/v2\/pages\/279\/revisions"}],"predecessor-version":[{"id":4838,"href":"https:\/\/sites.uef.fi\/logoverkosto\/wp-json\/wp\/v2\/pages\/279\/revisions\/4838"}],"wp:attachment":[{"href":"https:\/\/sites.uef.fi\/logoverkosto\/wp-json\/wp\/v2\/media?parent=279"}],"curies":[{"name":"wp","href":"https:\/\/api.w.org\/{rel}","templated":true}]}}