{"id":303,"date":"2022-09-30T08:57:45","date_gmt":"2022-09-30T08:57:45","guid":{"rendered":"https:\/\/sites.uef.fi\/logoverkosto\/?page_id=303"},"modified":"2026-01-26T11:00:49","modified_gmt":"2026-01-26T11:00:49","slug":"ajankohtaista","status":"publish","type":"page","link":"https:\/\/sites.uef.fi\/logoverkosto\/uutisia\/ajankohtaista\/","title":{"rendered":"Ajankohtaista"},"content":{"rendered":"\n<h2 class=\"wp-block-heading\">Kev\u00e4ttalven kuulumisia<\/h2>\n\n\n\n<p><em>26.1.2026. <\/em>Vuosi 2026 on k\u00e4ynnistynyt tiiviisti MultiLogos-hankkeen viimeisen t\u00e4ydennyskoulutuksen parissa. Monikielisyys -koulutuksessa on mukana runsaasti osallistujia ja ty\u00f6skentely teeman ymp\u00e4rill\u00e4 jatkuu maaliskuulle saakka. Maaliskuussa j\u00e4rjest\u00e4mme my\u00f6s koko hankkeen toiminnot yhteen kokoavan p\u00e4\u00e4t\u00f6seminaarin. Ilmoittautuminen on nyt avattu ja ohjelma julkaistu. Lue lis\u00e4\u00e4 <a href=\"https:\/\/sites.uef.fi\/logoverkosto\/uutisia\/tulevat-tapahtumat\/\">Tulevat tapahtumat<\/a> -sivulta ja tule mukaan! \u00a0MultiLogos-hanke p\u00e4\u00e4ttyy huhtikuun lopussa. Alammekin pian valmistautua hankkeen tulosten raportointiin ja esiin nousseiden hyvien toimintamallien yll\u00e4pit\u00e4miseen my\u00f6s tulevaisuudessa. \u00a0<\/p>\n\n\n\n<h2 class=\"wp-block-heading\">Tilannekatsaus ja tapahtumia<\/h2>\n\n\n\n<p><em>15.8.2025.<\/em> Hankkeen toiminta on edennyt suunnitellusti ja tavoitteita on saavutettu edellisen puolen vuoden aikana varsin hyvin. Koulutuksissa on ollut hyvin osallistujia, yhteisty\u00f6verkosto on vahvistunut ja innovaatiotoiminnassakin on p\u00e4\u00e4sty sovelluskehityksen makuun. Viimeinen toimintavuosi on nyt k\u00e4ynniss\u00e4 ja useita tapahtumia on viel\u00e4 tulossa. Syksyll\u00e4 kannattaa osallistua viimeisiin maksuttomiin puheterapeuttien t\u00e4ydennyskoulutuksiin. Syyskuussa on luvassa Teko\u00e4ly ja et\u00e4palvelut puheterapeutin ty\u00f6ss\u00e4 -koulutus ja joulukuussa alkaa Monikielisyys ja kielelliset vaikeudet -koulutus. List\u00e4tietoja l\u00f6yd\u00e4t &#8221;T\u00e4ydennyskoulutukset&#8221; -sivulta. Kev\u00e4\u00e4lle 2026 on viel\u00e4 suunnitteilla laajempi yhteinen tapahtuma kaikille hankkeen toiminnassa mukana olleille tai yhteisty\u00f6st\u00e4 kiinnostuneille tahoille. T\u00e4st\u00e4 tulee lis\u00e4tietoa my\u00f6hemmin. <\/p>\n\n\n\n<h2 class=\"wp-block-heading\">Koulutussuunnitelmia<\/h2>\n\n\n\n<p><em>18.2.2025<\/em>. Kev\u00e4tkausi kuluu tiiviisti t\u00e4ydennyskoulutusten parissa. Lasten sy\u00f6misvaikeudet -koulutus jatkuu alkuvuoden ajan ja huhtikuussa alkaa KieLo-Varhaiskuntoutuksen ohjaajakoulutus. Syksyn osalta kannattaa jo pist\u00e4\u00e4 korvan taakse syys-lokakuulle suunniteltu Teko\u00e4ly ja et\u00e4palvelut puheterapeutin ty\u00f6ss\u00e4 -koulutus. Joulukuussa on puolestaan alkamassa monikielisyyteen keskittyv\u00e4 opintojakso. Koulutusten suunnittelu ja asiantuntijoiden rekrytointi on hyv\u00e4ss\u00e4 vauhdissa ja aikataulut tarkentuvat loppukev\u00e4\u00e4st\u00e4. <\/p>\n\n\n\n<h2 class=\"wp-block-heading\">Kohti vuotta 2025<\/h2>\n\n\n\n<p><em>11.12.2024.<\/em> MultiLogos-hankkeen j\u00e4rjest\u00e4m\u00e4t puheterapeuttien t\u00e4ydennyskoulutukset ovat edenneet vuoden mittaan suunnitellusti. Kaksi koulutuskokonaisuutta on saatu p\u00e4\u00e4t\u00f6kseen, yksi on k\u00e4ynniss\u00e4 ja kolme on viel\u00e4 tulossa ennen kev\u00e4tt\u00e4 2026. Nyt k\u00e4ynniss\u00e4 oleva, ja eritt\u00e4in paljon kiinnostusta her\u00e4tt\u00e4nyt Lasten sy\u00f6misvaikeudet -opintojakso jatkuu heti tammikuussa 2025 l\u00e4hiopetusp\u00e4ivien merkeiss\u00e4. Loppukev\u00e4\u00e4ll\u00e4 on puolestaan tulossa KieLo-Varhaiskuntoutuksen ohjaajakoulutus. Syyskauden tarjontakin on jo suunnitteilla, mutta koulutusaiheiden tarkemmat sis\u00e4ll\u00f6t ja aikataulut julkaistaan my\u00f6hemmin. Hankkeessa on ty\u00f6skennelty my\u00f6s muiden ty\u00f6pakettien parissa. Esimerkiksi puheterapia-alan innovaatiotoiminnan ja digitaalisten sovellusten kehitysmahdollisuuksia on edelleen selvitetty ja ty\u00f6stetty eteenp\u00e4in eri alojen asiantuntijoiden kanssa. Yhteisty\u00f6verkoston yll\u00e4pito, aktiivinen viestint\u00e4 sek\u00e4 eri toimijoiden yhteisten rajapintojen mallintaminen on jatkuvasti ty\u00f6n alla.<\/p>\n\n\n\n<h2 class=\"wp-block-heading\">Syksyn koulutukset suunnitteilla<\/h2>\n\n\n\n<p><em>11.6.2024<\/em>. MultiLogos-hankkeessa toteutetut t\u00e4ydennyskoulutukset ovat ovat saaneet hyv\u00e4\u00e4 palautetta ja tulevien koulutusten suunnittelu jatkuu kiivaana. Kent\u00e4lt\u00e4 on noussut vahvana toiveena saada puheterapeuteille lis\u00e4\u00e4 osaamista pienten lasten sy\u00f6mispulmien teemasta.  Vastaamme t\u00e4h\u00e4n toiveeseen ja aloitamme marraskuussa Lasten sy\u00f6misvaikeudet -opintokokonaisuuden. Koulutus jatkuu alkukev\u00e4\u00e4n 2025 ajan. <\/p>\n\n\n\n<h2 class=\"wp-block-heading\">Muistisairaudet puhuttavat<\/h2>\n\n\n\n<p><em>10.4.2024. <\/em>Huhtikuussa toteutettava Muistisairas puheterapiassa -koulutuskokonaisuus on her\u00e4tt\u00e4nyt paljon kiinnostusta ja mukaan on ilmoittautunut yli 60 osallistujaa. Ensimm\u00e4isess\u00e4 koulutusp\u00e4iv\u00e4ss\u00e4 (8.4.) saimme kattavasti tietoa muistisairaan asiakkaan diagnostiikasta, puheterapeuttisesta arvioinnista sek\u00e4 neuropsykologisesta arvioinnista ja kuntoutuksesta. Koulutuksen seuraavat l\u00e4hip\u00e4iv\u00e4t ovat huhtikuun loppupuolella, jolloin perehdymme mm. muistisairaan asiakkaan puheterapeuttiseen kuntoutukseen ja kielellis-kognitiivisen kuntoutuksen tieteelliseen perustaan sek\u00e4 kognitiiviseen stimulaatioterapiaan osana muistisairaan henkil\u00f6n puheterapiakuntoutusta.<\/p>\n\n\n\n<h2 class=\"wp-block-heading\">Uusia koulutuksia tulossa<\/h2>\n\n\n\n<p><em>10.4.2024. <\/em>MultiLogos-hankkeen t\u00e4ydennyskoulutukset etenev\u00e4t vauhdikkaasti kev\u00e4\u00e4n ajan ja my\u00f6s syksyyn kannattaa jo kurkistaa. Ohjausosaamista puheterapeuteille -koulutuskokonaisuus jatkuu touko- ja syyskuussa. Elokuussa j\u00e4rjest\u00e4mme Lasten puheh\u00e4iri\u00f6iden arviointi ja kuntoutus -koulutuksen, jossa kouluttajana toimii yksi alan maailmanlaajuista johtavista asiantuntijoista, puheterapeutti, Ph.D. Aravind Namasivayam, Toronton yliopistosta. Lue lis\u00e4\u00e4 kohdasta \u201d<a href=\"https:\/\/sites.uef.fi\/logoverkosto\/taydennyskoulutus\/\">T\u00e4ydennyskoulutus<\/a>\u201d ja ilmoittaudu mukaan. <strong>Edit: koulutus on peruttu kouluttajasta johtuvista syist\u00e4.<\/strong><\/p>\n\n\n\n<h2 class=\"wp-block-heading\">Hankkeen kuulumisia<\/h2>\n\n\n\n<p><em>10.4.2024. <\/em>MultiLogos-hanke on edennyt aikataulussaan ja hankehenkil\u00f6st\u00f6 on tehnyt paljon taustaty\u00f6t\u00e4 hankkeen ty\u00f6pakettien parissa. Jatkuvana toimenpiteen\u00e4 on ollut yhteisty\u00f6verkoston yll\u00e4pito ja aktiivinen viestint\u00e4, mit\u00e4 on tehostettu sek\u00e4 MultiLogos-hankkeelle ett\u00e4 Logoverkostolle luotujen uudenlaisten visuaalisten ilmeiden kautta. Puheterapeuttien t\u00e4ydennyskoulutusten j\u00e4rjest\u00e4minen on ollut keskeisin ja n\u00e4kyvin toimenpide. T\u00e4m\u00e4n ohella on selvitetty moniammatillisen harjoitusklinikkatoiminnan toteutusta sek\u00e4 puheterapia-alan innovaatiotoiminnan ja digitaalisten sovellusten kehitysmahdollisuuksia. &nbsp;Olemme mm. tehneet tutustumisk\u00e4yntej\u00e4 ja selvitt\u00e4neet muiden yliopistojen hyvi\u00e4 k\u00e4yt\u00e4nteit\u00e4 sek\u00e4 kartoittaneet mahdollisia yhteisty\u00f6kumppaneita ja kent\u00e4n tarpeita. Hankkeen tavoitteena on mallintaa sek\u00e4 tulevaisuuden harjoitusklinikan ett\u00e4 innovaatiotoiminnan kehitt\u00e4misen mahdollisuudet ja luoda pohjaa toimintojen toteutukselle.<\/p>\n\n\n\n<h2 class=\"wp-block-heading\">T\u00e4ydennyskoulutus k\u00e4ynnistyi<\/h2>\n\n\n\n<p><em>21.11.2023. <\/em>MultiLogos-hankkeen toteuttama ensimm\u00e4inen puheterapeuttien t\u00e4ydennyskoulutusp\u00e4iv\u00e4 j\u00e4rjestettiin 16.11.2023 Joensuussa. Koulutus oli osa Ohjausosaamista puheterapeuteille -opintojaksoa. Ohjauksen teemoihin perehdytti opinto- ja uraohjauksen professori Sanna Vehvil\u00e4inen ja tunnelma koulutuksessa oli eritt\u00e4in mukava ja keskusteleva. Koulutukseen osallistui paikan p\u00e4\u00e4ll\u00e4 15 ja et\u00e4n\u00e4 12 puheterapeuttia eri puolilta It\u00e4- ja Keski-Suomea. Alustavan palautteen perusteella osallistujat saivat runsaasti uusia ev\u00e4it\u00e4 ja omaan ohjaukseen ja k\u00e4yt\u00e4nn\u00f6n ty\u00f6h\u00f6n. T\u00e4st\u00e4 on hyv\u00e4 jatkaa kohti seuraavaa koulutusp\u00e4iv\u00e4\u00e4 helmikuussa 2024.<\/p>\n\n\n\n<h2 class=\"wp-block-heading\">MultiLogos-hanke etenee<\/h2>\n\n\n\n<p><em>15.9.2023. <\/em>MultiLogos-hankkeen syksy on l\u00e4htenyt k\u00e4yntiin viestinn\u00e4ll\u00e4, verkoston kontaktoimisella ja puheterapeuttien tapaamisilla. Hankkeen keskeiset toimintamuodot, puheterapeuttien t\u00e4ydennyskoulutus sek\u00e4 digitaalisten innovaatioiden kehitt\u00e4minen, ovat her\u00e4tt\u00e4neet paljon kiinnostusta. T\u00e4ydennyskoulutusten ja ohjaajatapaamisten suunnittelu onkin jo hyv\u00e4ss\u00e4 vauhdissa ja ensimm\u00e4iset koulutusp\u00e4iv\u00e4t on ly\u00f6ty lukkoon. Kuuntelemme edelleen herk\u00e4ll\u00e4 korvalla kent\u00e4n ajatuksia ja otamme vastaan toiveita ja kehitysideoita mm. koulutuksiin ja innovaatioihin liittyen.<\/p>\n\n\n\n<p><strong>Voit viel\u00e4 vaikuttaa t\u00e4ydennyskoulutusten sis\u00e4lt\u00f6ihin ja toteutukseen, joten kerro mielipiteesi meille.<\/strong> Vastaa uudistettuun kyselyyn oheisen lomakkeen kautta.<\/p>\n\n\n\n<p>Linkki kyselyyn: <a href=\"https:\/\/link.webropolsurveys.com\/S\/AB44523EC08FF5C8\">https:\/\/link.webropolsurveys.com\/S\/AB44523EC08FF5C8<\/a><\/p>\n\n\n\n<h2 class=\"wp-block-heading\">Opiskelut alkavat<\/h2>\n\n\n\n<p><em>1.9.2023. <\/em>Uusi lukuvuosi on taas k\u00e4ynnistynyt ja aherrus logopedian opintojen parissa alkaa It\u00e4-Suomen yliopistossa syksyll\u00e4 2023 nyt jo kolmannella uudella vuosikurssilla. Tervetuloa joukkoon!<\/p>\n\n\n\n<h2 class=\"wp-block-heading\">MultiLogos-hanke on alkanut<\/h2>\n\n\n\n<p><em>5.5.2023.<\/em> Uusi hankkeemme k\u00e4ynnistyi 1.5.2023. MultiLogos-hankkeen painopisteit\u00e4 ovat mm. puheterapeuttien t\u00e4ydennyskoulutuksen suunnittelu, moniammatillisen klinikka-toiminnan kehitt\u00e4minen sek\u00e4 kuntoutus- ja terapiaty\u00f6ss\u00e4 hy\u00f6dynnett\u00e4vien teknisten sovellusten ideointi. Jakamme my\u00f6s Logoverkoston vahvistamista ja pid\u00e4mme yll\u00e4 tiivist\u00e4 yhteisty\u00f6t\u00e4 alan toimijoiden ja yhteisty\u00f6kumppaneiden kesken. <\/p>\n\n\n\n<h2 class=\"wp-block-heading\">Ensimm\u00e4iset kliiniset harjoittelut k\u00e4ynniss\u00e4 <\/h2>\n\n\n\n<p><em>1.3.2023.<\/em> Toisen vuosikurssin opiskelijoiden ensimm\u00e4inen kliininen harjoittelujakso on ollut k\u00e4ynniss\u00e4 alkuvuonna 2023. Harjoittelut on toteutettu p\u00e4\u00e4osin yliopiston tiloissa logopedian oppiaineen opettajien ohjauksessa yhteisty\u00f6ss\u00e4 Siun soten kanssa. Uudet terapiatilat ovat toimineet hyvin ja kokemukset yhteisty\u00f6st\u00e4 sek\u00e4 k\u00e4yt\u00e4nn\u00f6n j\u00e4rjestelyist\u00e4 ovat olleet positiivisia.<\/p>\n\n\n\n<p><\/p>\n\n\n\n<figure class=\"wp-block-image size-large\"><img loading=\"lazy\" decoding=\"async\" width=\"1024\" height=\"614\" src=\"https:\/\/sites.uef.fi\/logoverkosto\/wp-content\/uploads\/sites\/374\/2022\/10\/36683470-diverse-employees-chatting-during-coffee-break-2000x1200px-1024x614.jpg\" alt=\"Kaksi nuorta naista keskustelee.\" class=\"wp-image-1436\" srcset=\"https:\/\/sites.uef.fi\/logoverkosto\/wp-content\/uploads\/sites\/374\/2022\/10\/36683470-diverse-employees-chatting-during-coffee-break-2000x1200px-1024x614.jpg 1024w, https:\/\/sites.uef.fi\/logoverkosto\/wp-content\/uploads\/sites\/374\/2022\/10\/36683470-diverse-employees-chatting-during-coffee-break-2000x1200px-300x180.jpg 300w, https:\/\/sites.uef.fi\/logoverkosto\/wp-content\/uploads\/sites\/374\/2022\/10\/36683470-diverse-employees-chatting-during-coffee-break-2000x1200px-768x461.jpg 768w, https:\/\/sites.uef.fi\/logoverkosto\/wp-content\/uploads\/sites\/374\/2022\/10\/36683470-diverse-employees-chatting-during-coffee-break-2000x1200px-1536x922.jpg 1536w, https:\/\/sites.uef.fi\/logoverkosto\/wp-content\/uploads\/sites\/374\/2022\/10\/36683470-diverse-employees-chatting-during-coffee-break-2000x1200px.jpg 2000w\" sizes=\"auto, (max-width: 1024px) 100vw, 1024px\" \/><\/figure>\n","protected":false},"excerpt":{"rendered":"<p>Kev\u00e4ttalven kuulumisia 26.1.2026. Vuosi 2026 on k\u00e4ynnistynyt tiiviisti MultiLogos-hankkeen viimeisen t\u00e4ydennyskoulutuksen parissa. Monikielisyys -koulutuksessa on mukana runsaasti osallistujia ja ty\u00f6skentely teeman ymp\u00e4rill\u00e4 jatkuu maaliskuulle saakka. Maaliskuussa j\u00e4rjest\u00e4mme my\u00f6s koko hankkeen toiminnot yhteen kokoavan p\u00e4\u00e4t\u00f6seminaarin. Ilmoittautuminen on nyt avattu ja ohjelma julkaistu. Lue lis\u00e4\u00e4 Tulevat tapahtumat -sivulta ja tule mukaan! \u00a0MultiLogos-hanke p\u00e4\u00e4ttyy huhtikuun lopussa. Alammekin pian [&hellip;]<\/p>\n","protected":false},"author":817,"featured_media":0,"parent":1209,"menu_order":0,"comment_status":"closed","ping_status":"closed","template":"","meta":{"_acf_changed":false,"footnotes":""},"class_list":["post-303","page","type-page","status-publish","hentry"],"acf":[],"yoast_head":"<!-- This site is optimized with the Yoast SEO plugin v27.3 - https:\/\/yoast.com\/product\/yoast-seo-wordpress\/ -->\n<title>Ajankohtaista - Logoverkosto<\/title>\n<meta name=\"robots\" content=\"index, follow, max-snippet:-1, max-image-preview:large, max-video-preview:-1\" \/>\n<link rel=\"canonical\" href=\"https:\/\/sites.uef.fi\/logoverkosto\/uutisia\/ajankohtaista\/\" \/>\n<meta property=\"og:locale\" content=\"fi_FI\" \/>\n<meta property=\"og:type\" content=\"article\" \/>\n<meta property=\"og:title\" content=\"Ajankohtaista - Logoverkosto\" \/>\n<meta property=\"og:description\" content=\"Kev\u00e4ttalven kuulumisia 26.1.2026. Vuosi 2026 on k\u00e4ynnistynyt tiiviisti MultiLogos-hankkeen viimeisen t\u00e4ydennyskoulutuksen parissa. Monikielisyys -koulutuksessa on mukana runsaasti osallistujia ja ty\u00f6skentely teeman ymp\u00e4rill\u00e4 jatkuu maaliskuulle saakka. Maaliskuussa j\u00e4rjest\u00e4mme my\u00f6s koko hankkeen toiminnot yhteen kokoavan p\u00e4\u00e4t\u00f6seminaarin. Ilmoittautuminen on nyt avattu ja ohjelma julkaistu. Lue lis\u00e4\u00e4 Tulevat tapahtumat -sivulta ja tule mukaan! \u00a0MultiLogos-hanke p\u00e4\u00e4ttyy huhtikuun lopussa. Alammekin pian [&hellip;]\" \/>\n<meta property=\"og:url\" content=\"https:\/\/sites.uef.fi\/logoverkosto\/uutisia\/ajankohtaista\/\" \/>\n<meta property=\"og:site_name\" content=\"Logoverkosto\" \/>\n<meta property=\"article:modified_time\" content=\"2026-01-26T11:00:49+00:00\" \/>\n<meta property=\"og:image\" content=\"https:\/\/sites.uef.fi\/logoverkosto\/wp-content\/uploads\/sites\/374\/2022\/10\/36683470-diverse-employees-chatting-during-coffee-break-2000x1200px-1024x614.jpg\" \/>\n<meta name=\"twitter:card\" content=\"summary_large_image\" \/>\n<meta name=\"twitter:label1\" content=\"Arvioitu lukuaika\" \/>\n\t<meta name=\"twitter:data1\" content=\"6 minuuttia\" \/>\n<script type=\"application\/ld+json\" class=\"yoast-schema-graph\">{\"@context\":\"https:\\\/\\\/schema.org\",\"@graph\":[{\"@type\":\"WebPage\",\"@id\":\"https:\\\/\\\/sites.uef.fi\\\/logoverkosto\\\/uutisia\\\/ajankohtaista\\\/\",\"url\":\"https:\\\/\\\/sites.uef.fi\\\/logoverkosto\\\/uutisia\\\/ajankohtaista\\\/\",\"name\":\"Ajankohtaista - Logoverkosto\",\"isPartOf\":{\"@id\":\"https:\\\/\\\/sites.uef.fi\\\/logoverkosto\\\/#website\"},\"primaryImageOfPage\":{\"@id\":\"https:\\\/\\\/sites.uef.fi\\\/logoverkosto\\\/uutisia\\\/ajankohtaista\\\/#primaryimage\"},\"image\":{\"@id\":\"https:\\\/\\\/sites.uef.fi\\\/logoverkosto\\\/uutisia\\\/ajankohtaista\\\/#primaryimage\"},\"thumbnailUrl\":\"https:\\\/\\\/sites.uef.fi\\\/logoverkosto\\\/wp-content\\\/uploads\\\/sites\\\/374\\\/2022\\\/10\\\/36683470-diverse-employees-chatting-during-coffee-break-2000x1200px-1024x614.jpg\",\"datePublished\":\"2022-09-30T08:57:45+00:00\",\"dateModified\":\"2026-01-26T11:00:49+00:00\",\"breadcrumb\":{\"@id\":\"https:\\\/\\\/sites.uef.fi\\\/logoverkosto\\\/uutisia\\\/ajankohtaista\\\/#breadcrumb\"},\"inLanguage\":\"fi\",\"potentialAction\":[{\"@type\":\"ReadAction\",\"target\":[\"https:\\\/\\\/sites.uef.fi\\\/logoverkosto\\\/uutisia\\\/ajankohtaista\\\/\"]}]},{\"@type\":\"ImageObject\",\"inLanguage\":\"fi\",\"@id\":\"https:\\\/\\\/sites.uef.fi\\\/logoverkosto\\\/uutisia\\\/ajankohtaista\\\/#primaryimage\",\"url\":\"https:\\\/\\\/sites.uef.fi\\\/logoverkosto\\\/wp-content\\\/uploads\\\/sites\\\/374\\\/2022\\\/10\\\/36683470-diverse-employees-chatting-during-coffee-break-2000x1200px.jpg\",\"contentUrl\":\"https:\\\/\\\/sites.uef.fi\\\/logoverkosto\\\/wp-content\\\/uploads\\\/sites\\\/374\\\/2022\\\/10\\\/36683470-diverse-employees-chatting-during-coffee-break-2000x1200px.jpg\",\"width\":2000,\"height\":1200,\"caption\":\"Kaksi nuorta naista, keskustelu, kahvikuppi, viherkasvi.\"},{\"@type\":\"BreadcrumbList\",\"@id\":\"https:\\\/\\\/sites.uef.fi\\\/logoverkosto\\\/uutisia\\\/ajankohtaista\\\/#breadcrumb\",\"itemListElement\":[{\"@type\":\"ListItem\",\"position\":1,\"name\":\"Home\",\"item\":\"https:\\\/\\\/sites.uef.fi\\\/logoverkosto\\\/\"},{\"@type\":\"ListItem\",\"position\":2,\"name\":\"Uutisia\",\"item\":\"https:\\\/\\\/sites.uef.fi\\\/logoverkosto\\\/uutisia\\\/\"},{\"@type\":\"ListItem\",\"position\":3,\"name\":\"Ajankohtaista\"}]},{\"@type\":\"WebSite\",\"@id\":\"https:\\\/\\\/sites.uef.fi\\\/logoverkosto\\\/#website\",\"url\":\"https:\\\/\\\/sites.uef.fi\\\/logoverkosto\\\/\",\"name\":\"Logoverkosto\",\"description\":\"\",\"publisher\":{\"@id\":\"https:\\\/\\\/sites.uef.fi\\\/logoverkosto\\\/#organization\"},\"potentialAction\":[{\"@type\":\"SearchAction\",\"target\":{\"@type\":\"EntryPoint\",\"urlTemplate\":\"https:\\\/\\\/sites.uef.fi\\\/logoverkosto\\\/?s={search_term_string}\"},\"query-input\":{\"@type\":\"PropertyValueSpecification\",\"valueRequired\":true,\"valueName\":\"search_term_string\"}}],\"inLanguage\":\"fi\"},{\"@type\":\"Organization\",\"@id\":\"https:\\\/\\\/sites.uef.fi\\\/logoverkosto\\\/#organization\",\"name\":\"Logoverkosto\",\"url\":\"https:\\\/\\\/sites.uef.fi\\\/logoverkosto\\\/\",\"logo\":{\"@type\":\"ImageObject\",\"inLanguage\":\"fi\",\"@id\":\"https:\\\/\\\/sites.uef.fi\\\/logoverkosto\\\/#\\\/schema\\\/logo\\\/image\\\/\",\"url\":\"https:\\\/\\\/sites.uef.fi\\\/logoverkosto\\\/wp-content\\\/uploads\\\/sites\\\/374\\\/2022\\\/08\\\/cropped-UEF_wordpress_white.png\",\"contentUrl\":\"https:\\\/\\\/sites.uef.fi\\\/logoverkosto\\\/wp-content\\\/uploads\\\/sites\\\/374\\\/2022\\\/08\\\/cropped-UEF_wordpress_white.png\",\"width\":250,\"height\":250,\"caption\":\"Logoverkosto\"},\"image\":{\"@id\":\"https:\\\/\\\/sites.uef.fi\\\/logoverkosto\\\/#\\\/schema\\\/logo\\\/image\\\/\"}}]}<\/script>\n<!-- \/ Yoast SEO plugin. -->","yoast_head_json":{"title":"Ajankohtaista - Logoverkosto","robots":{"index":"index","follow":"follow","max-snippet":"max-snippet:-1","max-image-preview":"max-image-preview:large","max-video-preview":"max-video-preview:-1"},"canonical":"https:\/\/sites.uef.fi\/logoverkosto\/uutisia\/ajankohtaista\/","og_locale":"fi_FI","og_type":"article","og_title":"Ajankohtaista - Logoverkosto","og_description":"Kev\u00e4ttalven kuulumisia 26.1.2026. Vuosi 2026 on k\u00e4ynnistynyt tiiviisti MultiLogos-hankkeen viimeisen t\u00e4ydennyskoulutuksen parissa. Monikielisyys -koulutuksessa on mukana runsaasti osallistujia ja ty\u00f6skentely teeman ymp\u00e4rill\u00e4 jatkuu maaliskuulle saakka. Maaliskuussa j\u00e4rjest\u00e4mme my\u00f6s koko hankkeen toiminnot yhteen kokoavan p\u00e4\u00e4t\u00f6seminaarin. Ilmoittautuminen on nyt avattu ja ohjelma julkaistu. Lue lis\u00e4\u00e4 Tulevat tapahtumat -sivulta ja tule mukaan! \u00a0MultiLogos-hanke p\u00e4\u00e4ttyy huhtikuun lopussa. Alammekin pian [&hellip;]","og_url":"https:\/\/sites.uef.fi\/logoverkosto\/uutisia\/ajankohtaista\/","og_site_name":"Logoverkosto","article_modified_time":"2026-01-26T11:00:49+00:00","og_image":[{"url":"https:\/\/sites.uef.fi\/logoverkosto\/wp-content\/uploads\/sites\/374\/2022\/10\/36683470-diverse-employees-chatting-during-coffee-break-2000x1200px-1024x614.jpg","type":"","width":"","height":""}],"twitter_card":"summary_large_image","twitter_misc":{"Arvioitu lukuaika":"6 minuuttia"},"schema":{"@context":"https:\/\/schema.org","@graph":[{"@type":"WebPage","@id":"https:\/\/sites.uef.fi\/logoverkosto\/uutisia\/ajankohtaista\/","url":"https:\/\/sites.uef.fi\/logoverkosto\/uutisia\/ajankohtaista\/","name":"Ajankohtaista - Logoverkosto","isPartOf":{"@id":"https:\/\/sites.uef.fi\/logoverkosto\/#website"},"primaryImageOfPage":{"@id":"https:\/\/sites.uef.fi\/logoverkosto\/uutisia\/ajankohtaista\/#primaryimage"},"image":{"@id":"https:\/\/sites.uef.fi\/logoverkosto\/uutisia\/ajankohtaista\/#primaryimage"},"thumbnailUrl":"https:\/\/sites.uef.fi\/logoverkosto\/wp-content\/uploads\/sites\/374\/2022\/10\/36683470-diverse-employees-chatting-during-coffee-break-2000x1200px-1024x614.jpg","datePublished":"2022-09-30T08:57:45+00:00","dateModified":"2026-01-26T11:00:49+00:00","breadcrumb":{"@id":"https:\/\/sites.uef.fi\/logoverkosto\/uutisia\/ajankohtaista\/#breadcrumb"},"inLanguage":"fi","potentialAction":[{"@type":"ReadAction","target":["https:\/\/sites.uef.fi\/logoverkosto\/uutisia\/ajankohtaista\/"]}]},{"@type":"ImageObject","inLanguage":"fi","@id":"https:\/\/sites.uef.fi\/logoverkosto\/uutisia\/ajankohtaista\/#primaryimage","url":"https:\/\/sites.uef.fi\/logoverkosto\/wp-content\/uploads\/sites\/374\/2022\/10\/36683470-diverse-employees-chatting-during-coffee-break-2000x1200px.jpg","contentUrl":"https:\/\/sites.uef.fi\/logoverkosto\/wp-content\/uploads\/sites\/374\/2022\/10\/36683470-diverse-employees-chatting-during-coffee-break-2000x1200px.jpg","width":2000,"height":1200,"caption":"Kaksi nuorta naista, keskustelu, kahvikuppi, viherkasvi."},{"@type":"BreadcrumbList","@id":"https:\/\/sites.uef.fi\/logoverkosto\/uutisia\/ajankohtaista\/#breadcrumb","itemListElement":[{"@type":"ListItem","position":1,"name":"Home","item":"https:\/\/sites.uef.fi\/logoverkosto\/"},{"@type":"ListItem","position":2,"name":"Uutisia","item":"https:\/\/sites.uef.fi\/logoverkosto\/uutisia\/"},{"@type":"ListItem","position":3,"name":"Ajankohtaista"}]},{"@type":"WebSite","@id":"https:\/\/sites.uef.fi\/logoverkosto\/#website","url":"https:\/\/sites.uef.fi\/logoverkosto\/","name":"Logoverkosto","description":"","publisher":{"@id":"https:\/\/sites.uef.fi\/logoverkosto\/#organization"},"potentialAction":[{"@type":"SearchAction","target":{"@type":"EntryPoint","urlTemplate":"https:\/\/sites.uef.fi\/logoverkosto\/?s={search_term_string}"},"query-input":{"@type":"PropertyValueSpecification","valueRequired":true,"valueName":"search_term_string"}}],"inLanguage":"fi"},{"@type":"Organization","@id":"https:\/\/sites.uef.fi\/logoverkosto\/#organization","name":"Logoverkosto","url":"https:\/\/sites.uef.fi\/logoverkosto\/","logo":{"@type":"ImageObject","inLanguage":"fi","@id":"https:\/\/sites.uef.fi\/logoverkosto\/#\/schema\/logo\/image\/","url":"https:\/\/sites.uef.fi\/logoverkosto\/wp-content\/uploads\/sites\/374\/2022\/08\/cropped-UEF_wordpress_white.png","contentUrl":"https:\/\/sites.uef.fi\/logoverkosto\/wp-content\/uploads\/sites\/374\/2022\/08\/cropped-UEF_wordpress_white.png","width":250,"height":250,"caption":"Logoverkosto"},"image":{"@id":"https:\/\/sites.uef.fi\/logoverkosto\/#\/schema\/logo\/image\/"}}]}},"_links":{"self":[{"href":"https:\/\/sites.uef.fi\/logoverkosto\/wp-json\/wp\/v2\/pages\/303","targetHints":{"allow":["GET"]}}],"collection":[{"href":"https:\/\/sites.uef.fi\/logoverkosto\/wp-json\/wp\/v2\/pages"}],"about":[{"href":"https:\/\/sites.uef.fi\/logoverkosto\/wp-json\/wp\/v2\/types\/page"}],"author":[{"embeddable":true,"href":"https:\/\/sites.uef.fi\/logoverkosto\/wp-json\/wp\/v2\/users\/817"}],"replies":[{"embeddable":true,"href":"https:\/\/sites.uef.fi\/logoverkosto\/wp-json\/wp\/v2\/comments?post=303"}],"version-history":[{"count":2,"href":"https:\/\/sites.uef.fi\/logoverkosto\/wp-json\/wp\/v2\/pages\/303\/revisions"}],"predecessor-version":[{"id":4996,"href":"https:\/\/sites.uef.fi\/logoverkosto\/wp-json\/wp\/v2\/pages\/303\/revisions\/4996"}],"up":[{"embeddable":true,"href":"https:\/\/sites.uef.fi\/logoverkosto\/wp-json\/wp\/v2\/pages\/1209"}],"wp:attachment":[{"href":"https:\/\/sites.uef.fi\/logoverkosto\/wp-json\/wp\/v2\/media?parent=303"}],"curies":[{"name":"wp","href":"https:\/\/api.w.org\/{rel}","templated":true}]}}