{"id":312,"date":"2022-07-04T09:25:09","date_gmt":"2022-07-04T09:25:09","guid":{"rendered":"https:\/\/sites.uef.fi\/logoverkosto\/?page_id=312"},"modified":"2025-10-29T09:19:16","modified_gmt":"2025-10-29T09:19:16","slug":"yhteystiedot","status":"publish","type":"page","link":"https:\/\/sites.uef.fi\/logoverkosto\/yhteystiedot\/","title":{"rendered":"Yhteystiedot"},"content":{"rendered":"\n<p>Ota yhteytt\u00e4 ja tule mukaan Logoverkostoon! Jos sinulla on kysytt\u00e4v\u00e4\u00e4 tai haluat tiet\u00e4\u00e4 lis\u00e4\u00e4 mist\u00e4 tahansa Logoverkoston aihepiirist\u00e4 tai yhteisty\u00f6mahdollisuuksista, voit l\u00e4hett\u00e4\u00e4 viesti\u00e4 osoitteeseen logoverkosto@uef.fi. Ohjaamme kysymyksen tarvittaessa eteenp\u00e4in. Voit ottaa yhteytt\u00e4 my\u00f6s suoraan yhteyshenkil\u00f6ihin.<\/p>\n\n\n\n<h2 class=\"wp-block-heading\">Tiedustelut, info<\/h2>\n\n\n\n<p><a href=\"mailto:logoverkosto@uef.fi\">logoverkosto@uef.fi<\/a><\/p>\n\n\n\n<h5 class=\"wp-block-heading\">Hankkeet, harjoitteluverkosto, ty\u00f6el\u00e4m\u00e4- ja yritysyhteisty\u00f6<\/h5>\n\n\n\n<p>suunnittelujohtaja Sirkku Ikonen-Hwang, <a href=\"mailto:sirkku.ikonen-hwang@uef.fi\">sirkku.ikonen-hwang@uef.fi<\/a>, p. 050 465 6936<\/p>\n\n\n\n<p><\/p>\n\n\n\n<h5 class=\"wp-block-heading\">Tutkimus- ja opetusyhteisty\u00f6<\/h5>\n\n\n\n<p>yliopistonlehtori, Anna-Leena Martikainen, <a href=\"mailto:anna-leena.martikainen@uef.fi\">anna-leena.martikainen@uef.fi<\/a>, p.  050 911 1562<\/p>\n\n\n\n<p><\/p>\n\n\n\n<h5 class=\"wp-block-heading\">LogoLab, laboratorion k\u00e4ytt\u00f6<\/h5>\n\n\n\n<p>erikoislaboratorioteknikko Petri Pulli, <a href=\"mailto:petri.pulli@uef.fi\">petri.pulli@uef.fi<\/a>, p. 050 413 7209<\/p>\n\n\n\n<h5 class=\"wp-block-heading\">Tapahtumat ja t\u00e4ydennyskoulutus<\/h5>\n\n\n\n<p>koulutussuunnittelija Tiina Heikkinen, <a href=\"mailto:tiina.heikkinen@uef.fi\">tiina.heikkinen@uef.fi<\/a>, p. 050 598 4104<\/p>\n\n\n\n<p>koulutussuunnittelija Laura Al-Azzawi, <a href=\"mailto:laura.al-azzawi@uef.fi\">laura.al-azzawi@uef.fi<\/a>, p. 050 351 3290<\/p>\n\n\n\n<p><\/p>\n\n\n\n<h5 class=\"wp-block-heading\">Postiosoite<\/h5>\n\n\n\n<p>It\u00e4-Suomen yliopisto, Filosofinen tiedekunta<\/p>\n\n\n\n<p>Humanistinen osasto, Logopedia<\/p>\n\n\n\n<p>PL 111, 80101 Joensuu<\/p>\n\n\n\n<h5 class=\"wp-block-heading\">K\u00e4yntiosoite<\/h5>\n\n\n\n<p>It\u00e4-Suomen yliopisto, Joensuun kampus, Agora<\/p>\n\n\n\n<p>Yliopistokatu 4, 80100 Joensuu<\/p>\n\n\n\n<figure class=\"wp-block-image aligncenter size-full is-resized\"><img loading=\"lazy\" decoding=\"async\" width=\"200\" height=\"200\" src=\"https:\/\/sites.uef.fi\/logoverkosto\/wp-content\/uploads\/sites\/374\/2024\/02\/Kuutioanimaatio_ei_toistu.gif\" alt=\"\" class=\"wp-image-3695\" style=\"aspect-ratio:1.2916666666666667;width:235px;height:auto\" \/><\/figure>\n\n\n\n<figure class=\"wp-block-image aligncenter size-large is-resized\"><img loading=\"lazy\" decoding=\"async\" width=\"1024\" height=\"892\" src=\"https:\/\/sites.uef.fi\/logoverkosto\/wp-content\/uploads\/sites\/374\/2022\/07\/UEF-musta-logo-engl-pysty-1024x892.jpg\" alt=\"Logo UEF\" class=\"wp-image-442\" style=\"width:244px;height:212px\" srcset=\"https:\/\/sites.uef.fi\/logoverkosto\/wp-content\/uploads\/sites\/374\/2022\/07\/UEF-musta-logo-engl-pysty-1024x892.jpg 1024w, https:\/\/sites.uef.fi\/logoverkosto\/wp-content\/uploads\/sites\/374\/2022\/07\/UEF-musta-logo-engl-pysty-300x261.jpg 300w, https:\/\/sites.uef.fi\/logoverkosto\/wp-content\/uploads\/sites\/374\/2022\/07\/UEF-musta-logo-engl-pysty-768x669.jpg 768w, https:\/\/sites.uef.fi\/logoverkosto\/wp-content\/uploads\/sites\/374\/2022\/07\/UEF-musta-logo-engl-pysty-1536x1338.jpg 1536w, https:\/\/sites.uef.fi\/logoverkosto\/wp-content\/uploads\/sites\/374\/2022\/07\/UEF-musta-logo-engl-pysty-2048x1784.jpg 2048w\" sizes=\"auto, (max-width: 1024px) 100vw, 1024px\" \/><\/figure>\n","protected":false},"excerpt":{"rendered":"<p>Ota yhteytt\u00e4 ja tule mukaan Logoverkostoon! Jos sinulla on kysytt\u00e4v\u00e4\u00e4 tai haluat tiet\u00e4\u00e4 lis\u00e4\u00e4 mist\u00e4 tahansa Logoverkoston aihepiirist\u00e4 tai yhteisty\u00f6mahdollisuuksista, voit l\u00e4hett\u00e4\u00e4 viesti\u00e4 osoitteeseen logoverkosto@uef.fi. Ohjaamme kysymyksen tarvittaessa eteenp\u00e4in. Voit ottaa yhteytt\u00e4 my\u00f6s suoraan yhteyshenkil\u00f6ihin. Tiedustelut, info logoverkosto@uef.fi Hankkeet, harjoitteluverkosto, ty\u00f6el\u00e4m\u00e4- ja yritysyhteisty\u00f6 suunnittelujohtaja Sirkku Ikonen-Hwang, sirkku.ikonen-hwang@uef.fi, p. 050 465 6936 Tutkimus- ja opetusyhteisty\u00f6 yliopistonlehtori, [&hellip;]<\/p>\n","protected":false},"author":817,"featured_media":0,"parent":0,"menu_order":0,"comment_status":"closed","ping_status":"closed","template":"","meta":{"_acf_changed":false,"footnotes":""},"class_list":["post-312","page","type-page","status-publish","hentry"],"acf":[],"yoast_head":"<!-- This site is optimized with the Yoast SEO plugin v27.3 - https:\/\/yoast.com\/product\/yoast-seo-wordpress\/ -->\n<title>Yhteystiedot - Logoverkosto<\/title>\n<meta name=\"robots\" content=\"index, follow, max-snippet:-1, max-image-preview:large, max-video-preview:-1\" \/>\n<link rel=\"canonical\" href=\"https:\/\/sites.uef.fi\/logoverkosto\/yhteystiedot\/\" \/>\n<meta property=\"og:locale\" content=\"fi_FI\" \/>\n<meta property=\"og:type\" content=\"article\" \/>\n<meta property=\"og:title\" content=\"Yhteystiedot - Logoverkosto\" \/>\n<meta property=\"og:description\" content=\"Ota yhteytt\u00e4 ja tule mukaan Logoverkostoon! Jos sinulla on kysytt\u00e4v\u00e4\u00e4 tai haluat tiet\u00e4\u00e4 lis\u00e4\u00e4 mist\u00e4 tahansa Logoverkoston aihepiirist\u00e4 tai yhteisty\u00f6mahdollisuuksista, voit l\u00e4hett\u00e4\u00e4 viesti\u00e4 osoitteeseen logoverkosto@uef.fi. Ohjaamme kysymyksen tarvittaessa eteenp\u00e4in. Voit ottaa yhteytt\u00e4 my\u00f6s suoraan yhteyshenkil\u00f6ihin. Tiedustelut, info logoverkosto@uef.fi Hankkeet, harjoitteluverkosto, ty\u00f6el\u00e4m\u00e4- ja yritysyhteisty\u00f6 suunnittelujohtaja Sirkku Ikonen-Hwang, sirkku.ikonen-hwang@uef.fi, p. 050 465 6936 Tutkimus- ja opetusyhteisty\u00f6 yliopistonlehtori, [&hellip;]\" \/>\n<meta property=\"og:url\" content=\"https:\/\/sites.uef.fi\/logoverkosto\/yhteystiedot\/\" \/>\n<meta property=\"og:site_name\" content=\"Logoverkosto\" \/>\n<meta property=\"article:modified_time\" content=\"2025-10-29T09:19:16+00:00\" \/>\n<meta property=\"og:image\" content=\"https:\/\/sites.uef.fi\/logoverkosto\/wp-content\/uploads\/sites\/374\/2024\/02\/Kuutioanimaatio_ei_toistu.gif\" \/>\n<meta name=\"twitter:card\" content=\"summary_large_image\" \/>\n<meta name=\"twitter:label1\" content=\"Arvioitu lukuaika\" \/>\n\t<meta name=\"twitter:data1\" content=\"2 minuuttia\" \/>\n<script type=\"application\/ld+json\" class=\"yoast-schema-graph\">{\"@context\":\"https:\\\/\\\/schema.org\",\"@graph\":[{\"@type\":\"WebPage\",\"@id\":\"https:\\\/\\\/sites.uef.fi\\\/logoverkosto\\\/yhteystiedot\\\/\",\"url\":\"https:\\\/\\\/sites.uef.fi\\\/logoverkosto\\\/yhteystiedot\\\/\",\"name\":\"Yhteystiedot - Logoverkosto\",\"isPartOf\":{\"@id\":\"https:\\\/\\\/sites.uef.fi\\\/logoverkosto\\\/#website\"},\"primaryImageOfPage\":{\"@id\":\"https:\\\/\\\/sites.uef.fi\\\/logoverkosto\\\/yhteystiedot\\\/#primaryimage\"},\"image\":{\"@id\":\"https:\\\/\\\/sites.uef.fi\\\/logoverkosto\\\/yhteystiedot\\\/#primaryimage\"},\"thumbnailUrl\":\"https:\\\/\\\/sites.uef.fi\\\/logoverkosto\\\/wp-content\\\/uploads\\\/sites\\\/374\\\/2024\\\/02\\\/Kuutioanimaatio_ei_toistu.gif\",\"datePublished\":\"2022-07-04T09:25:09+00:00\",\"dateModified\":\"2025-10-29T09:19:16+00:00\",\"breadcrumb\":{\"@id\":\"https:\\\/\\\/sites.uef.fi\\\/logoverkosto\\\/yhteystiedot\\\/#breadcrumb\"},\"inLanguage\":\"fi\",\"potentialAction\":[{\"@type\":\"ReadAction\",\"target\":[\"https:\\\/\\\/sites.uef.fi\\\/logoverkosto\\\/yhteystiedot\\\/\"]}]},{\"@type\":\"ImageObject\",\"inLanguage\":\"fi\",\"@id\":\"https:\\\/\\\/sites.uef.fi\\\/logoverkosto\\\/yhteystiedot\\\/#primaryimage\",\"url\":\"https:\\\/\\\/sites.uef.fi\\\/logoverkosto\\\/wp-content\\\/uploads\\\/sites\\\/374\\\/2024\\\/02\\\/Kuutioanimaatio_ei_toistu.gif\",\"contentUrl\":\"https:\\\/\\\/sites.uef.fi\\\/logoverkosto\\\/wp-content\\\/uploads\\\/sites\\\/374\\\/2024\\\/02\\\/Kuutioanimaatio_ei_toistu.gif\",\"width\":200,\"height\":200,\"caption\":\"Py\u00f6riv\u00e4 kuutio\"},{\"@type\":\"BreadcrumbList\",\"@id\":\"https:\\\/\\\/sites.uef.fi\\\/logoverkosto\\\/yhteystiedot\\\/#breadcrumb\",\"itemListElement\":[{\"@type\":\"ListItem\",\"position\":1,\"name\":\"Home\",\"item\":\"https:\\\/\\\/sites.uef.fi\\\/logoverkosto\\\/\"},{\"@type\":\"ListItem\",\"position\":2,\"name\":\"Yhteystiedot\"}]},{\"@type\":\"WebSite\",\"@id\":\"https:\\\/\\\/sites.uef.fi\\\/logoverkosto\\\/#website\",\"url\":\"https:\\\/\\\/sites.uef.fi\\\/logoverkosto\\\/\",\"name\":\"Logoverkosto\",\"description\":\"\",\"publisher\":{\"@id\":\"https:\\\/\\\/sites.uef.fi\\\/logoverkosto\\\/#organization\"},\"potentialAction\":[{\"@type\":\"SearchAction\",\"target\":{\"@type\":\"EntryPoint\",\"urlTemplate\":\"https:\\\/\\\/sites.uef.fi\\\/logoverkosto\\\/?s={search_term_string}\"},\"query-input\":{\"@type\":\"PropertyValueSpecification\",\"valueRequired\":true,\"valueName\":\"search_term_string\"}}],\"inLanguage\":\"fi\"},{\"@type\":\"Organization\",\"@id\":\"https:\\\/\\\/sites.uef.fi\\\/logoverkosto\\\/#organization\",\"name\":\"Logoverkosto\",\"url\":\"https:\\\/\\\/sites.uef.fi\\\/logoverkosto\\\/\",\"logo\":{\"@type\":\"ImageObject\",\"inLanguage\":\"fi\",\"@id\":\"https:\\\/\\\/sites.uef.fi\\\/logoverkosto\\\/#\\\/schema\\\/logo\\\/image\\\/\",\"url\":\"https:\\\/\\\/sites.uef.fi\\\/logoverkosto\\\/wp-content\\\/uploads\\\/sites\\\/374\\\/2022\\\/08\\\/cropped-UEF_wordpress_white.png\",\"contentUrl\":\"https:\\\/\\\/sites.uef.fi\\\/logoverkosto\\\/wp-content\\\/uploads\\\/sites\\\/374\\\/2022\\\/08\\\/cropped-UEF_wordpress_white.png\",\"width\":250,\"height\":250,\"caption\":\"Logoverkosto\"},\"image\":{\"@id\":\"https:\\\/\\\/sites.uef.fi\\\/logoverkosto\\\/#\\\/schema\\\/logo\\\/image\\\/\"}}]}<\/script>\n<!-- \/ Yoast SEO plugin. -->","yoast_head_json":{"title":"Yhteystiedot - Logoverkosto","robots":{"index":"index","follow":"follow","max-snippet":"max-snippet:-1","max-image-preview":"max-image-preview:large","max-video-preview":"max-video-preview:-1"},"canonical":"https:\/\/sites.uef.fi\/logoverkosto\/yhteystiedot\/","og_locale":"fi_FI","og_type":"article","og_title":"Yhteystiedot - Logoverkosto","og_description":"Ota yhteytt\u00e4 ja tule mukaan Logoverkostoon! Jos sinulla on kysytt\u00e4v\u00e4\u00e4 tai haluat tiet\u00e4\u00e4 lis\u00e4\u00e4 mist\u00e4 tahansa Logoverkoston aihepiirist\u00e4 tai yhteisty\u00f6mahdollisuuksista, voit l\u00e4hett\u00e4\u00e4 viesti\u00e4 osoitteeseen logoverkosto@uef.fi. Ohjaamme kysymyksen tarvittaessa eteenp\u00e4in. Voit ottaa yhteytt\u00e4 my\u00f6s suoraan yhteyshenkil\u00f6ihin. Tiedustelut, info logoverkosto@uef.fi Hankkeet, harjoitteluverkosto, ty\u00f6el\u00e4m\u00e4- ja yritysyhteisty\u00f6 suunnittelujohtaja Sirkku Ikonen-Hwang, sirkku.ikonen-hwang@uef.fi, p. 050 465 6936 Tutkimus- ja opetusyhteisty\u00f6 yliopistonlehtori, [&hellip;]","og_url":"https:\/\/sites.uef.fi\/logoverkosto\/yhteystiedot\/","og_site_name":"Logoverkosto","article_modified_time":"2025-10-29T09:19:16+00:00","og_image":[{"url":"https:\/\/sites.uef.fi\/logoverkosto\/wp-content\/uploads\/sites\/374\/2024\/02\/Kuutioanimaatio_ei_toistu.gif","type":"","width":"","height":""}],"twitter_card":"summary_large_image","twitter_misc":{"Arvioitu lukuaika":"2 minuuttia"},"schema":{"@context":"https:\/\/schema.org","@graph":[{"@type":"WebPage","@id":"https:\/\/sites.uef.fi\/logoverkosto\/yhteystiedot\/","url":"https:\/\/sites.uef.fi\/logoverkosto\/yhteystiedot\/","name":"Yhteystiedot - Logoverkosto","isPartOf":{"@id":"https:\/\/sites.uef.fi\/logoverkosto\/#website"},"primaryImageOfPage":{"@id":"https:\/\/sites.uef.fi\/logoverkosto\/yhteystiedot\/#primaryimage"},"image":{"@id":"https:\/\/sites.uef.fi\/logoverkosto\/yhteystiedot\/#primaryimage"},"thumbnailUrl":"https:\/\/sites.uef.fi\/logoverkosto\/wp-content\/uploads\/sites\/374\/2024\/02\/Kuutioanimaatio_ei_toistu.gif","datePublished":"2022-07-04T09:25:09+00:00","dateModified":"2025-10-29T09:19:16+00:00","breadcrumb":{"@id":"https:\/\/sites.uef.fi\/logoverkosto\/yhteystiedot\/#breadcrumb"},"inLanguage":"fi","potentialAction":[{"@type":"ReadAction","target":["https:\/\/sites.uef.fi\/logoverkosto\/yhteystiedot\/"]}]},{"@type":"ImageObject","inLanguage":"fi","@id":"https:\/\/sites.uef.fi\/logoverkosto\/yhteystiedot\/#primaryimage","url":"https:\/\/sites.uef.fi\/logoverkosto\/wp-content\/uploads\/sites\/374\/2024\/02\/Kuutioanimaatio_ei_toistu.gif","contentUrl":"https:\/\/sites.uef.fi\/logoverkosto\/wp-content\/uploads\/sites\/374\/2024\/02\/Kuutioanimaatio_ei_toistu.gif","width":200,"height":200,"caption":"Py\u00f6riv\u00e4 kuutio"},{"@type":"BreadcrumbList","@id":"https:\/\/sites.uef.fi\/logoverkosto\/yhteystiedot\/#breadcrumb","itemListElement":[{"@type":"ListItem","position":1,"name":"Home","item":"https:\/\/sites.uef.fi\/logoverkosto\/"},{"@type":"ListItem","position":2,"name":"Yhteystiedot"}]},{"@type":"WebSite","@id":"https:\/\/sites.uef.fi\/logoverkosto\/#website","url":"https:\/\/sites.uef.fi\/logoverkosto\/","name":"Logoverkosto","description":"","publisher":{"@id":"https:\/\/sites.uef.fi\/logoverkosto\/#organization"},"potentialAction":[{"@type":"SearchAction","target":{"@type":"EntryPoint","urlTemplate":"https:\/\/sites.uef.fi\/logoverkosto\/?s={search_term_string}"},"query-input":{"@type":"PropertyValueSpecification","valueRequired":true,"valueName":"search_term_string"}}],"inLanguage":"fi"},{"@type":"Organization","@id":"https:\/\/sites.uef.fi\/logoverkosto\/#organization","name":"Logoverkosto","url":"https:\/\/sites.uef.fi\/logoverkosto\/","logo":{"@type":"ImageObject","inLanguage":"fi","@id":"https:\/\/sites.uef.fi\/logoverkosto\/#\/schema\/logo\/image\/","url":"https:\/\/sites.uef.fi\/logoverkosto\/wp-content\/uploads\/sites\/374\/2022\/08\/cropped-UEF_wordpress_white.png","contentUrl":"https:\/\/sites.uef.fi\/logoverkosto\/wp-content\/uploads\/sites\/374\/2022\/08\/cropped-UEF_wordpress_white.png","width":250,"height":250,"caption":"Logoverkosto"},"image":{"@id":"https:\/\/sites.uef.fi\/logoverkosto\/#\/schema\/logo\/image\/"}}]}},"_links":{"self":[{"href":"https:\/\/sites.uef.fi\/logoverkosto\/wp-json\/wp\/v2\/pages\/312","targetHints":{"allow":["GET"]}}],"collection":[{"href":"https:\/\/sites.uef.fi\/logoverkosto\/wp-json\/wp\/v2\/pages"}],"about":[{"href":"https:\/\/sites.uef.fi\/logoverkosto\/wp-json\/wp\/v2\/types\/page"}],"author":[{"embeddable":true,"href":"https:\/\/sites.uef.fi\/logoverkosto\/wp-json\/wp\/v2\/users\/817"}],"replies":[{"embeddable":true,"href":"https:\/\/sites.uef.fi\/logoverkosto\/wp-json\/wp\/v2\/comments?post=312"}],"version-history":[{"count":2,"href":"https:\/\/sites.uef.fi\/logoverkosto\/wp-json\/wp\/v2\/pages\/312\/revisions"}],"predecessor-version":[{"id":4946,"href":"https:\/\/sites.uef.fi\/logoverkosto\/wp-json\/wp\/v2\/pages\/312\/revisions\/4946"}],"wp:attachment":[{"href":"https:\/\/sites.uef.fi\/logoverkosto\/wp-json\/wp\/v2\/media?parent=312"}],"curies":[{"name":"wp","href":"https:\/\/api.w.org\/{rel}","templated":true}]}}