{"id":3373,"date":"2023-12-12T11:48:35","date_gmt":"2023-12-12T11:48:35","guid":{"rendered":"https:\/\/sites.uef.fi\/logoverkosto\/?page_id=3373"},"modified":"2024-12-11T11:02:46","modified_gmt":"2024-12-11T11:02:46","slug":"muistisairas-puheterapiassa-2-3-op","status":"publish","type":"page","link":"https:\/\/sites.uef.fi\/logoverkosto\/taydennyskoulutus\/muistisairas-puheterapiassa-2-3-op\/","title":{"rendered":"Muistisairas puheterapiassa (2\u20132,5 op)"},"content":{"rendered":"\n<p><strong>Toteutus:<\/strong> Huhtikuu 2024<\/p>\n\n\n\n<p><strong>Ilmoittautuminen:<\/strong> 9.2.2024 &#8211; 25.3.2024  <\/p>\n\n\n\n<p><strong>Aika, paikka<\/strong>: Kolme l\u00e4hiopetusp\u00e4iv\u00e4\u00e4, koulutuspaikkana Kuopio<\/p>\n\n\n\n<ul class=\"wp-block-list\">\n<li><strong>Ma 8.4. klo 9\u201316<\/strong>: Tyypillisimm\u00e4t muistisairaudet ja niiden diagnostiikka, muistisairauksien kielelliset oirekuvat ja puheterapeuttinen arviointi, muistisairaan asiakkaan neuropsykologinen arviointi ja kuntoutus<\/li>\n\n\n\n<li><strong>Ti 23.4. klo 9\u201316<\/strong>: Muistisairaan asiakkaan puheterapeuttinen kuntoutus sek\u00e4 kielellis-kognitiivisen kuntoutuksen tieteellinen perusta, muistihoitajan puheenvuoro, paneelikeskustelu<\/li>\n\n\n\n<li><strong>Ke 24.4. klo 9\u201316<\/strong>: Kognitiivinen stimulaatioterapia osana muistisairaan henkil\u00f6n puheterapiakuntoutusta<\/li>\n<\/ul>\n\n\n\n<p><\/p>\n\n\n\n<p><strong>Kohderyhm\u00e4<\/strong><\/p>\n\n\n\n<p>Koulutus on tarkoitettu ensisijaisesti puheterapeuteille, jotka ty\u00f6skentelev\u00e4t ja\/tai joiden toimipaikka\/toimipiste sijaitsee Pohjois-Savon, Pohjois-Karjalan, Etel\u00e4-Savon ja Keski-Suomen maakuntien alueilla. Koulutukseen voivat kuitenkin ilmoittautua my\u00f6s muualla Suomessa ty\u00f6skentelev\u00e4t puheterapeutit. Mik\u00e4li osallistujam\u00e4\u00e4r\u00e4 ylitt\u00e4\u00e4 kahden ensimm\u00e4isen p\u00e4iv\u00e4n osalta 150 ja kolmannen, menetelm\u00e4p\u00e4iv\u00e4n osalta 35 henkil\u00f6\u00e4, ovat yll\u00e4 mainittujen maakuntien alueilla toimivat puheterapeutit ilmoittautumisj\u00e4rjestyksess\u00e4 ensisijalla koulutukseen.&nbsp;<\/p>\n\n\n\n<p><strong>Hinta<\/strong><\/p>\n\n\n\n<p>Koulutus on osallistujille maksuton. Mahdolliset matka- ja majoituskulut sek\u00e4 lounas omakustanteiset.<\/p>\n\n\n\n<p><strong>Sis\u00e4lt\u00f6<\/strong><\/p>\n\n\n\n<p>Koulutuksen sis\u00e4lt\u00f6j\u00e4 ovat muistisairauksien diagnostiikka ja kielellis-kognitiiviset oirekuvat, muistisairaan asiakkaan puheterapeuttinen arviointi ja puheterapeuttisen kuntoutuksen ajankohtainen tutkimus sek\u00e4 muistisairaan asiakkaan puheterapeuttinen kuntoutus k\u00e4yt\u00e4nn\u00f6n kliinisess\u00e4 ty\u00f6ss\u00e4. Koulutuksessa nostetaan esiin moniammatillinen yhteisty\u00f6 muistisairaan asiakkaan arvioinnissa ja kuntoutuksessa sek\u00e4 perehdyt\u00e4\u00e4n kognitiiviseen stimulaatioterapiaan, joka on todettu tehokkaaksi menetelm\u00e4ksi muistisairaan henkil\u00f6n kuntoutuksessa. <\/p>\n\n\n\n<p><strong>Osaamistavoitteet<\/strong><\/p>\n\n\n\n<p>Opintojakson (2 op) suoritettuaan osallistuja<\/p>\n\n\n\n<ul class=\"wp-block-list\">\n<li>tuntee eri muistisairauksien kielellis-kognitiivisen oirekuvan ja tiet\u00e4\u00e4 perusteet muistisairauksien diagnostiikasta&nbsp;<\/li>\n\n\n\n<li>ymm\u00e4rt\u00e4\u00e4 puheterapeutin roolin ja puheterapiakuntoutuksen mahdollisuudet muistisairaan henkil\u00f6n hoidossa&nbsp;<\/li>\n\n\n\n<li>on saanut valmiuksia suunnitella ja toteuttaa muistisairaan henkil\u00f6n puheterapeuttisen arvioinnin&nbsp;<\/li>\n\n\n\n<li>on saanut valmiuksia suunnitella ja toteuttaa muistisairaan henkil\u00f6n puheterapeuttisen kuntoutuksen&nbsp;<\/li>\n\n\n\n<li>ymm\u00e4rt\u00e4\u00e4 moniammatillisen ty\u00f6skentelyn merkityksen muistisairaan asiakkaan arvioinnissa ja kuntoutuksessa&nbsp;<\/li>\n<\/ul>\n\n\n\n<p>Edellisten lis\u00e4ksi 2,5 opintopisteen kokonaisuuden suorittanut opiskelija<\/p>\n\n\n\n<ul class=\"wp-block-list\">\n<li>hallitsee perusteet kognitiivisen stimulaatioterapian toteutuksesta&nbsp;<\/li>\n<\/ul>\n\n\n\n<p><\/p>\n\n\n\n<p><strong>Opetus- ja suoritustavat<\/strong><\/p>\n\n\n\n<p>Koulutus toteutetaan yhteisty\u00f6ss\u00e4 It\u00e4-Suomen yliopiston Jatkuvan oppimisen keskuksen kanssa. Koulutus sis\u00e4lt\u00e4\u00e4 2 + 1 kontaktiopetusp\u00e4iv\u00e4\u00e4. Koulutukseen j\u00e4rjestet\u00e4\u00e4n tarvittaessa et\u00e4osallistumismahdollisuus soveltuvin osin (hybridi). Kontaktiopetuksen osallistumisvelvollisuus 80 %. Itsen\u00e4iseen ty\u00f6skentelyyn kuuluu oppimateriaaleihin tutustuminen ja teht\u00e4vien tekeminen oppimisymp\u00e4rist\u00f6ss\u00e4 (DigiCampus).&nbsp;Voit ilmoittautua joko 2 op (2 koulutusp\u00e4iv\u00e4\u00e4) tai 2,5 op (3 koulutusp\u00e4iv\u00e4\u00e4) kokonaisuuteen, kolmas koulutusp\u00e4iv\u00e4 (kognitiivinen stimulaatioterapia) vain l\u00e4hiopetuksena.<\/p>\n\n\n\n<p><strong>Kouluttajat <\/strong><\/p>\n\n\n\n<p>Kouluttajina toimivat mm. FM, puheterapeutti, yliopisto-opettaja Sanna Remes (UEF, KYS); dosentti, neurologian erikoisl\u00e4\u00e4k\u00e4ri Eino Solje (UEF, KYS); FM, puheterapeutti Peppi Haapala (HUS); dosentti, yliopistonlehtori Nelly Penttil\u00e4 (Tampereen yliopisto), PsT, neuropsykologiaan erikoistuva psykologi Ilona Hallikainen (Terveystalo) sek\u00e4 FM, puheterapeutit Hanna J\u00e4ntti, Salla Talus ja Laura Elo (HUS).<\/p>\n\n\n\n<p><strong>Laskennallinen ty\u00f6m\u00e4\u00e4r\u00e4<\/strong>: 54 h \/ 67,5 h (2\u20132,5 op)<\/p>\n\n\n\n<ul class=\"wp-block-list\">\n<li>L\u00e4hiopetus: 14 h \/ 21 h<\/li>\n\n\n\n<li>Itsen\u00e4inen ty\u00f6skentely: 40 h \/ 46,5 h<\/li>\n<\/ul>\n\n\n\n<p><strong>Arviointi: <\/strong>hyv\u00e4ksytty-hyl\u00e4tty<\/p>\n\n\n\n<h2 class=\"wp-block-heading\">Ilmoittautuminen<\/h2>\n\n\n\n<p>Ilmoittaudu koulutukseen <a href=\"https:\/\/registration.contio.fi\/uef\/Registration\/Login?id=7469-T_7469-8681\"><strong>T\u00c4ST\u00c4.<\/strong><\/a><\/p>\n\n\n\n<p>Kysy lis\u00e4\u00e4 koulutuksesta: koulutussuunnittelija Laura Al-Azzawi, <a href=\"mailto:laura.al-azzawi@uef.fi\" target=\"_blank\" rel=\"noreferrer noopener\">laura.al-azzawi@uef.fi<\/a>, p. 050 351 3290.<\/p>\n","protected":false},"excerpt":{"rendered":"<p>Toteutus: Huhtikuu 2024 Ilmoittautuminen: 9.2.2024 &#8211; 25.3.2024 Aika, paikka: Kolme l\u00e4hiopetusp\u00e4iv\u00e4\u00e4, koulutuspaikkana Kuopio Kohderyhm\u00e4 Koulutus on tarkoitettu ensisijaisesti puheterapeuteille, jotka ty\u00f6skentelev\u00e4t ja\/tai joiden toimipaikka\/toimipiste sijaitsee Pohjois-Savon, Pohjois-Karjalan, Etel\u00e4-Savon ja Keski-Suomen maakuntien alueilla. Koulutukseen voivat kuitenkin ilmoittautua my\u00f6s muualla Suomessa ty\u00f6skentelev\u00e4t puheterapeutit. Mik\u00e4li osallistujam\u00e4\u00e4r\u00e4 ylitt\u00e4\u00e4 kahden ensimm\u00e4isen p\u00e4iv\u00e4n osalta 150 ja kolmannen, menetelm\u00e4p\u00e4iv\u00e4n osalta 35 henkil\u00f6\u00e4, [&hellip;]<\/p>\n","protected":false},"author":817,"featured_media":0,"parent":350,"menu_order":0,"comment_status":"closed","ping_status":"closed","template":"","meta":{"_acf_changed":false,"footnotes":""},"class_list":["post-3373","page","type-page","status-publish","hentry"],"acf":[],"yoast_head":"<!-- This site is optimized with the Yoast SEO plugin v27.1.1 - https:\/\/yoast.com\/product\/yoast-seo-wordpress\/ -->\n<title>Muistisairas puheterapiassa (2\u20132,5 op) - Logoverkosto<\/title>\n<meta name=\"robots\" content=\"index, follow, max-snippet:-1, max-image-preview:large, max-video-preview:-1\" \/>\n<link rel=\"canonical\" href=\"https:\/\/sites.uef.fi\/logoverkosto\/taydennyskoulutus\/muistisairas-puheterapiassa-2-3-op\/\" \/>\n<meta property=\"og:locale\" content=\"fi_FI\" \/>\n<meta property=\"og:type\" content=\"article\" \/>\n<meta property=\"og:title\" content=\"Muistisairas puheterapiassa (2\u20132,5 op) - Logoverkosto\" \/>\n<meta property=\"og:description\" content=\"Toteutus: Huhtikuu 2024 Ilmoittautuminen: 9.2.2024 &#8211; 25.3.2024 Aika, paikka: Kolme l\u00e4hiopetusp\u00e4iv\u00e4\u00e4, koulutuspaikkana Kuopio Kohderyhm\u00e4 Koulutus on tarkoitettu ensisijaisesti puheterapeuteille, jotka ty\u00f6skentelev\u00e4t ja\/tai joiden toimipaikka\/toimipiste sijaitsee Pohjois-Savon, Pohjois-Karjalan, Etel\u00e4-Savon ja Keski-Suomen maakuntien alueilla. Koulutukseen voivat kuitenkin ilmoittautua my\u00f6s muualla Suomessa ty\u00f6skentelev\u00e4t puheterapeutit. Mik\u00e4li osallistujam\u00e4\u00e4r\u00e4 ylitt\u00e4\u00e4 kahden ensimm\u00e4isen p\u00e4iv\u00e4n osalta 150 ja kolmannen, menetelm\u00e4p\u00e4iv\u00e4n osalta 35 henkil\u00f6\u00e4, [&hellip;]\" \/>\n<meta property=\"og:url\" content=\"https:\/\/sites.uef.fi\/logoverkosto\/taydennyskoulutus\/muistisairas-puheterapiassa-2-3-op\/\" \/>\n<meta property=\"og:site_name\" content=\"Logoverkosto\" \/>\n<meta property=\"article:modified_time\" content=\"2024-12-11T11:02:46+00:00\" \/>\n<meta name=\"twitter:card\" content=\"summary_large_image\" \/>\n<meta name=\"twitter:label1\" content=\"Arvioitu lukuaika\" \/>\n\t<meta name=\"twitter:data1\" content=\"3 minuuttia\" \/>\n<script type=\"application\/ld+json\" class=\"yoast-schema-graph\">{\"@context\":\"https:\/\/schema.org\",\"@graph\":[{\"@type\":\"WebPage\",\"@id\":\"https:\/\/sites.uef.fi\/logoverkosto\/taydennyskoulutus\/muistisairas-puheterapiassa-2-3-op\/\",\"url\":\"https:\/\/sites.uef.fi\/logoverkosto\/taydennyskoulutus\/muistisairas-puheterapiassa-2-3-op\/\",\"name\":\"Muistisairas puheterapiassa (2\u20132,5 op) - Logoverkosto\",\"isPartOf\":{\"@id\":\"https:\/\/sites.uef.fi\/logoverkosto\/#website\"},\"datePublished\":\"2023-12-12T11:48:35+00:00\",\"dateModified\":\"2024-12-11T11:02:46+00:00\",\"breadcrumb\":{\"@id\":\"https:\/\/sites.uef.fi\/logoverkosto\/taydennyskoulutus\/muistisairas-puheterapiassa-2-3-op\/#breadcrumb\"},\"inLanguage\":\"fi\",\"potentialAction\":[{\"@type\":\"ReadAction\",\"target\":[\"https:\/\/sites.uef.fi\/logoverkosto\/taydennyskoulutus\/muistisairas-puheterapiassa-2-3-op\/\"]}]},{\"@type\":\"BreadcrumbList\",\"@id\":\"https:\/\/sites.uef.fi\/logoverkosto\/taydennyskoulutus\/muistisairas-puheterapiassa-2-3-op\/#breadcrumb\",\"itemListElement\":[{\"@type\":\"ListItem\",\"position\":1,\"name\":\"Home\",\"item\":\"https:\/\/sites.uef.fi\/logoverkosto\/\"},{\"@type\":\"ListItem\",\"position\":2,\"name\":\"T\u00e4ydennyskoulutus\",\"item\":\"https:\/\/sites.uef.fi\/logoverkosto\/taydennyskoulutus\/\"},{\"@type\":\"ListItem\",\"position\":3,\"name\":\"Muistisairas puheterapiassa (2\u20132,5 op)\"}]},{\"@type\":\"WebSite\",\"@id\":\"https:\/\/sites.uef.fi\/logoverkosto\/#website\",\"url\":\"https:\/\/sites.uef.fi\/logoverkosto\/\",\"name\":\"Logoverkosto\",\"description\":\"\",\"publisher\":{\"@id\":\"https:\/\/sites.uef.fi\/logoverkosto\/#organization\"},\"potentialAction\":[{\"@type\":\"SearchAction\",\"target\":{\"@type\":\"EntryPoint\",\"urlTemplate\":\"https:\/\/sites.uef.fi\/logoverkosto\/?s={search_term_string}\"},\"query-input\":{\"@type\":\"PropertyValueSpecification\",\"valueRequired\":true,\"valueName\":\"search_term_string\"}}],\"inLanguage\":\"fi\"},{\"@type\":\"Organization\",\"@id\":\"https:\/\/sites.uef.fi\/logoverkosto\/#organization\",\"name\":\"Logoverkosto\",\"url\":\"https:\/\/sites.uef.fi\/logoverkosto\/\",\"logo\":{\"@type\":\"ImageObject\",\"inLanguage\":\"fi\",\"@id\":\"https:\/\/sites.uef.fi\/logoverkosto\/#\/schema\/logo\/image\/\",\"url\":\"https:\/\/sites.uef.fi\/logoverkosto\/wp-content\/uploads\/sites\/374\/2022\/08\/cropped-UEF_wordpress_white.png\",\"contentUrl\":\"https:\/\/sites.uef.fi\/logoverkosto\/wp-content\/uploads\/sites\/374\/2022\/08\/cropped-UEF_wordpress_white.png\",\"width\":250,\"height\":250,\"caption\":\"Logoverkosto\"},\"image\":{\"@id\":\"https:\/\/sites.uef.fi\/logoverkosto\/#\/schema\/logo\/image\/\"}}]}<\/script>\n<!-- \/ Yoast SEO plugin. -->","yoast_head_json":{"title":"Muistisairas puheterapiassa (2\u20132,5 op) - Logoverkosto","robots":{"index":"index","follow":"follow","max-snippet":"max-snippet:-1","max-image-preview":"max-image-preview:large","max-video-preview":"max-video-preview:-1"},"canonical":"https:\/\/sites.uef.fi\/logoverkosto\/taydennyskoulutus\/muistisairas-puheterapiassa-2-3-op\/","og_locale":"fi_FI","og_type":"article","og_title":"Muistisairas puheterapiassa (2\u20132,5 op) - Logoverkosto","og_description":"Toteutus: Huhtikuu 2024 Ilmoittautuminen: 9.2.2024 &#8211; 25.3.2024 Aika, paikka: Kolme l\u00e4hiopetusp\u00e4iv\u00e4\u00e4, koulutuspaikkana Kuopio Kohderyhm\u00e4 Koulutus on tarkoitettu ensisijaisesti puheterapeuteille, jotka ty\u00f6skentelev\u00e4t ja\/tai joiden toimipaikka\/toimipiste sijaitsee Pohjois-Savon, Pohjois-Karjalan, Etel\u00e4-Savon ja Keski-Suomen maakuntien alueilla. Koulutukseen voivat kuitenkin ilmoittautua my\u00f6s muualla Suomessa ty\u00f6skentelev\u00e4t puheterapeutit. Mik\u00e4li osallistujam\u00e4\u00e4r\u00e4 ylitt\u00e4\u00e4 kahden ensimm\u00e4isen p\u00e4iv\u00e4n osalta 150 ja kolmannen, menetelm\u00e4p\u00e4iv\u00e4n osalta 35 henkil\u00f6\u00e4, [&hellip;]","og_url":"https:\/\/sites.uef.fi\/logoverkosto\/taydennyskoulutus\/muistisairas-puheterapiassa-2-3-op\/","og_site_name":"Logoverkosto","article_modified_time":"2024-12-11T11:02:46+00:00","twitter_card":"summary_large_image","twitter_misc":{"Arvioitu lukuaika":"3 minuuttia"},"schema":{"@context":"https:\/\/schema.org","@graph":[{"@type":"WebPage","@id":"https:\/\/sites.uef.fi\/logoverkosto\/taydennyskoulutus\/muistisairas-puheterapiassa-2-3-op\/","url":"https:\/\/sites.uef.fi\/logoverkosto\/taydennyskoulutus\/muistisairas-puheterapiassa-2-3-op\/","name":"Muistisairas puheterapiassa (2\u20132,5 op) - Logoverkosto","isPartOf":{"@id":"https:\/\/sites.uef.fi\/logoverkosto\/#website"},"datePublished":"2023-12-12T11:48:35+00:00","dateModified":"2024-12-11T11:02:46+00:00","breadcrumb":{"@id":"https:\/\/sites.uef.fi\/logoverkosto\/taydennyskoulutus\/muistisairas-puheterapiassa-2-3-op\/#breadcrumb"},"inLanguage":"fi","potentialAction":[{"@type":"ReadAction","target":["https:\/\/sites.uef.fi\/logoverkosto\/taydennyskoulutus\/muistisairas-puheterapiassa-2-3-op\/"]}]},{"@type":"BreadcrumbList","@id":"https:\/\/sites.uef.fi\/logoverkosto\/taydennyskoulutus\/muistisairas-puheterapiassa-2-3-op\/#breadcrumb","itemListElement":[{"@type":"ListItem","position":1,"name":"Home","item":"https:\/\/sites.uef.fi\/logoverkosto\/"},{"@type":"ListItem","position":2,"name":"T\u00e4ydennyskoulutus","item":"https:\/\/sites.uef.fi\/logoverkosto\/taydennyskoulutus\/"},{"@type":"ListItem","position":3,"name":"Muistisairas puheterapiassa (2\u20132,5 op)"}]},{"@type":"WebSite","@id":"https:\/\/sites.uef.fi\/logoverkosto\/#website","url":"https:\/\/sites.uef.fi\/logoverkosto\/","name":"Logoverkosto","description":"","publisher":{"@id":"https:\/\/sites.uef.fi\/logoverkosto\/#organization"},"potentialAction":[{"@type":"SearchAction","target":{"@type":"EntryPoint","urlTemplate":"https:\/\/sites.uef.fi\/logoverkosto\/?s={search_term_string}"},"query-input":{"@type":"PropertyValueSpecification","valueRequired":true,"valueName":"search_term_string"}}],"inLanguage":"fi"},{"@type":"Organization","@id":"https:\/\/sites.uef.fi\/logoverkosto\/#organization","name":"Logoverkosto","url":"https:\/\/sites.uef.fi\/logoverkosto\/","logo":{"@type":"ImageObject","inLanguage":"fi","@id":"https:\/\/sites.uef.fi\/logoverkosto\/#\/schema\/logo\/image\/","url":"https:\/\/sites.uef.fi\/logoverkosto\/wp-content\/uploads\/sites\/374\/2022\/08\/cropped-UEF_wordpress_white.png","contentUrl":"https:\/\/sites.uef.fi\/logoverkosto\/wp-content\/uploads\/sites\/374\/2022\/08\/cropped-UEF_wordpress_white.png","width":250,"height":250,"caption":"Logoverkosto"},"image":{"@id":"https:\/\/sites.uef.fi\/logoverkosto\/#\/schema\/logo\/image\/"}}]}},"_links":{"self":[{"href":"https:\/\/sites.uef.fi\/logoverkosto\/wp-json\/wp\/v2\/pages\/3373","targetHints":{"allow":["GET"]}}],"collection":[{"href":"https:\/\/sites.uef.fi\/logoverkosto\/wp-json\/wp\/v2\/pages"}],"about":[{"href":"https:\/\/sites.uef.fi\/logoverkosto\/wp-json\/wp\/v2\/types\/page"}],"author":[{"embeddable":true,"href":"https:\/\/sites.uef.fi\/logoverkosto\/wp-json\/wp\/v2\/users\/817"}],"replies":[{"embeddable":true,"href":"https:\/\/sites.uef.fi\/logoverkosto\/wp-json\/wp\/v2\/comments?post=3373"}],"version-history":[{"count":2,"href":"https:\/\/sites.uef.fi\/logoverkosto\/wp-json\/wp\/v2\/pages\/3373\/revisions"}],"predecessor-version":[{"id":4677,"href":"https:\/\/sites.uef.fi\/logoverkosto\/wp-json\/wp\/v2\/pages\/3373\/revisions\/4677"}],"up":[{"embeddable":true,"href":"https:\/\/sites.uef.fi\/logoverkosto\/wp-json\/wp\/v2\/pages\/350"}],"wp:attachment":[{"href":"https:\/\/sites.uef.fi\/logoverkosto\/wp-json\/wp\/v2\/media?parent=3373"}],"curies":[{"name":"wp","href":"https:\/\/api.w.org\/{rel}","templated":true}]}}