{"id":350,"date":"2022-07-04T10:48:56","date_gmt":"2022-07-04T10:48:56","guid":{"rendered":"https:\/\/sites.uef.fi\/logoverkosto\/?page_id=350"},"modified":"2026-04-17T07:16:39","modified_gmt":"2026-04-17T07:16:39","slug":"taydennyskoulutus","status":"publish","type":"page","link":"https:\/\/sites.uef.fi\/logoverkosto\/taydennyskoulutus\/","title":{"rendered":"T\u00e4ydennyskoulutus"},"content":{"rendered":"\n<p>Logoverkoston yhten\u00e4 keskeisen\u00e4 toimintamuotona on t\u00e4ydennyskoulutusten j\u00e4rjest\u00e4minen ty\u00f6el\u00e4m\u00e4ss\u00e4 toimiville puheterapeuteille. On k\u00e4ynyt ilmi, ett\u00e4 tarve t\u00e4ydennyskoulutukselle on suuri ja koulutuksia kaivataan erityisesti It\u00e4- ja Keski-Suomen alueella.  <\/p>\n\n\n\n<p>T\u00e4ydennyskoulutuksia suunnitetiin ja pilotoitiin Euroopan unionin osarahoittamassa (ESR+) MultiLogos-hankkeessa (1.5.2023-30.4.2026). Hankkeen koulutukset oli suunnattu erityisesti Pohjois-Savon, Pohjois-Karjalan, Etel\u00e4-Savon ja Keski-Suomen alueella toimiville puheterapeuteille. <\/p>\n\n\n\n<p>MultiLogos -hankkeessa toteutetut maksuttomat t\u00e4ydennyskoulutukset p\u00e4\u00e4ttyiv\u00e4t kev\u00e4\u00e4ll\u00e4 2026. Jatkossa puheterapeuttien t\u00e4ydennyskoulutuksia j\u00e4rjest\u00e4\u00e4 It\u00e4-Suomen yliopiston Jatkuvan oppimisen keskus.<\/p>\n\n\n\n<h2 class=\"wp-block-heading\"><\/h2>\n\n\n\n<div class=\"links-block\">\n\n    \n    <ul class=\"link-list\">\n            <\/ul>\n<\/div>\n\n\n<div class=\"links-block\">\n\n    \n    <ul class=\"link-list\">\n            <\/ul>\n<\/div>\n\n\n<h2 class=\"wp-block-heading\">Tulevat t\u00e4ydennyskoulutukset<\/h2>\n\n\n\n<p>Kliinisi\u00e4 harjoitteluja ohjaaville puhterapeuteille j\u00e4rjestet\u00e4\u00e4n ohjaajakoulutus syksyll\u00e4 2026 <strong>valtakunnallisen LogoNet -yliopistoverkoston toteuttamana<\/strong>. Lue lis\u00e4\u00e4 alla olevasta linkist\u00e4 ja tule mukaan!<\/p>\n\n\n\n<p>Lis\u00e4tietoa It\u00e4-Suomen yliopiston jatkuvan oppimisen keskuksen j\u00e4rjest\u00e4m\u00e4st\u00e4 laajemmasta koulutustarjonnasta tulee my\u00f6hemmin.<\/p>\n\n\n\n<div class=\"links-block\">\n\n            <h3>Puheterapeuttien ohjaajakoulutus 2 op \/ Handledarutbildning f\u00f6r talterapeuter 2 sp<\/h3>\n    \n    <ul class=\"link-list\">\n        \n            \n            <li class=\"link-list-item\">\n                <a href=\"https:\/\/sites.uef.fi\/logoverkosto\/puheterapeuttien-ohjaajakoulutus-2-op\/\" class=\"link-reset link hover-scale-down\">\n                    <svg\n        width=\"43\" height=\"25\"\n        viewBox=\"0 0 43 25\"\n        xmlns=\"http:\/\/www.w3.org\/2000\/svg\">\n    <path\n        d=\"M30.027 0 43 12.5 30.027 25 27 22.083 34.351 15H0v-5h34.351L27 2.917z\"\n        fill=\"currentColor\"\n        fill-rule=\"evenodd\"\/>\n<\/svg>                    <div>Lue lis\u00e4\u00e4 ja ilmoittaudu<\/div>\n                <\/a>\n                <div class=\"link-info\">\n                                            <div class=\"link-info-type\">Kaipaatko osaamisesi kehitt\u00e4mist\u00e4 logopedian opiskelijoiden kliinisten harjoittelujen ohjauksessa? LogoNetin yhteisty\u00f6yliopistot j\u00e4rjest\u00e4v\u00e4t syksyll\u00e4 2026 koulutuksen opiskelijoiden ohjauksesta kiinnostuneille puheterapeuteille. T\u00e4ll\u00e4 monimuoto-opetuksena toteutettavalla kurssilla p\u00e4\u00e4set perehtym\u00e4\u00e4n muun muassa ohjauksen perusteisiin, haastaviin ohjaustilanteisiin sek\u00e4 palautteenantoon ja arviointiin. Kurssille ovat tervetulleita kaikki puheterapeutit, aiempaa ohjauskokemusta ei tarvita.<\/div>\n                                    <\/div>\n            <\/li>\n\n        \n            <li class=\"link-list-item\">\n                <a href=\"https:\/\/sites.uef.fi\/logoverkosto\/handledarutbildning-for-talterapeuter-2-sp\/\" class=\"link-reset link hover-scale-down\">\n                    <svg\n        width=\"43\" height=\"25\"\n        viewBox=\"0 0 43 25\"\n        xmlns=\"http:\/\/www.w3.org\/2000\/svg\">\n    <path\n        d=\"M30.027 0 43 12.5 30.027 25 27 22.083 34.351 15H0v-5h34.351L27 2.917z\"\n        fill=\"currentColor\"\n        fill-rule=\"evenodd\"\/>\n<\/svg>                    <div>L\u00e4s mer och anm\u00e4l dig<\/div>\n                <\/a>\n                <div class=\"link-info\">\n                                            <div class=\"link-info-type\">Vill du utveckla dina f\u00e4rdigheter n\u00e4r det g\u00e4ller att handleda logopedistuderande under deras kliniska praktik? LogoNets samarbetsuniversitet anordnar under h\u00f6sten 2026 en utbildning f\u00f6r talterapeuter som \u00e4r intresserade av att handleda studerande. P\u00e5 denna kurs, som genomf\u00f6rs som distansundervisning, f\u00e5r du bland annat l\u00e4ra dig grunderna i handledning, hantera utmanande handledningssituationer samt ge feedback och g\u00f6ra utv\u00e4rderingar. Alla talterapeuter \u00e4r v\u00e4lkomna att delta i kursen, tidigare erfarenhet av handledning kr\u00e4vs inte.<\/div>\n                                    <\/div>\n            <\/li>\n\n                <\/ul>\n<\/div>\n\n\n<div class=\"links-block\">\n\n    \n    <ul class=\"link-list\">\n            <\/ul>\n<\/div>\n\n\n<figure class=\"wp-block-image size-large\"><img loading=\"lazy\" decoding=\"async\" width=\"1024\" height=\"614\" src=\"https:\/\/sites.uef.fi\/logoverkosto\/wp-content\/uploads\/sites\/374\/2022\/10\/21317915-people-arranging-block-on-pyramid-2000x1200px-1024x614.jpg\" alt=\"Puupalikoista rakennetaan pyramidia yhteisty\u00f6ss\u00e4.\" class=\"wp-image-1460\" srcset=\"https:\/\/sites.uef.fi\/logoverkosto\/wp-content\/uploads\/sites\/374\/2022\/10\/21317915-people-arranging-block-on-pyramid-2000x1200px-1024x614.jpg 1024w, https:\/\/sites.uef.fi\/logoverkosto\/wp-content\/uploads\/sites\/374\/2022\/10\/21317915-people-arranging-block-on-pyramid-2000x1200px-300x180.jpg 300w, https:\/\/sites.uef.fi\/logoverkosto\/wp-content\/uploads\/sites\/374\/2022\/10\/21317915-people-arranging-block-on-pyramid-2000x1200px-768x461.jpg 768w, https:\/\/sites.uef.fi\/logoverkosto\/wp-content\/uploads\/sites\/374\/2022\/10\/21317915-people-arranging-block-on-pyramid-2000x1200px-1536x922.jpg 1536w, https:\/\/sites.uef.fi\/logoverkosto\/wp-content\/uploads\/sites\/374\/2022\/10\/21317915-people-arranging-block-on-pyramid-2000x1200px.jpg 2000w\" sizes=\"auto, (max-width: 1024px) 100vw, 1024px\" \/><\/figure>\n","protected":false},"excerpt":{"rendered":"<p>Logoverkoston yhten\u00e4 keskeisen\u00e4 toimintamuotona on t\u00e4ydennyskoulutusten j\u00e4rjest\u00e4minen ty\u00f6el\u00e4m\u00e4ss\u00e4 toimiville puheterapeuteille. On k\u00e4ynyt ilmi, ett\u00e4 tarve t\u00e4ydennyskoulutukselle on suuri ja koulutuksia kaivataan erityisesti It\u00e4- ja Keski-Suomen alueella. T\u00e4ydennyskoulutuksia suunnitetiin ja pilotoitiin Euroopan unionin osarahoittamassa (ESR+) MultiLogos-hankkeessa (1.5.2023-30.4.2026). Hankkeen koulutukset oli suunnattu erityisesti Pohjois-Savon, Pohjois-Karjalan, Etel\u00e4-Savon ja Keski-Suomen alueella toimiville puheterapeuteille. MultiLogos -hankkeessa toteutetut maksuttomat t\u00e4ydennyskoulutukset p\u00e4\u00e4ttyiv\u00e4t [&hellip;]<\/p>\n","protected":false},"author":817,"featured_media":0,"parent":0,"menu_order":0,"comment_status":"closed","ping_status":"closed","template":"","meta":{"_acf_changed":false,"footnotes":""},"class_list":["post-350","page","type-page","status-publish","hentry"],"acf":[],"yoast_head":"<!-- This site is optimized with the Yoast SEO plugin v27.3 - https:\/\/yoast.com\/product\/yoast-seo-wordpress\/ -->\n<title>T\u00e4ydennyskoulutus - Logoverkosto<\/title>\n<meta name=\"robots\" content=\"index, follow, max-snippet:-1, max-image-preview:large, max-video-preview:-1\" \/>\n<link rel=\"canonical\" href=\"https:\/\/sites.uef.fi\/logoverkosto\/taydennyskoulutus\/\" \/>\n<meta property=\"og:locale\" content=\"fi_FI\" \/>\n<meta property=\"og:type\" content=\"article\" \/>\n<meta property=\"og:title\" content=\"T\u00e4ydennyskoulutus - Logoverkosto\" \/>\n<meta property=\"og:description\" content=\"Logoverkoston yhten\u00e4 keskeisen\u00e4 toimintamuotona on t\u00e4ydennyskoulutusten j\u00e4rjest\u00e4minen ty\u00f6el\u00e4m\u00e4ss\u00e4 toimiville puheterapeuteille. On k\u00e4ynyt ilmi, ett\u00e4 tarve t\u00e4ydennyskoulutukselle on suuri ja koulutuksia kaivataan erityisesti It\u00e4- ja Keski-Suomen alueella. T\u00e4ydennyskoulutuksia suunnitetiin ja pilotoitiin Euroopan unionin osarahoittamassa (ESR+) MultiLogos-hankkeessa (1.5.2023-30.4.2026). Hankkeen koulutukset oli suunnattu erityisesti Pohjois-Savon, Pohjois-Karjalan, Etel\u00e4-Savon ja Keski-Suomen alueella toimiville puheterapeuteille. MultiLogos -hankkeessa toteutetut maksuttomat t\u00e4ydennyskoulutukset p\u00e4\u00e4ttyiv\u00e4t [&hellip;]\" \/>\n<meta property=\"og:url\" content=\"https:\/\/sites.uef.fi\/logoverkosto\/taydennyskoulutus\/\" \/>\n<meta property=\"og:site_name\" content=\"Logoverkosto\" \/>\n<meta property=\"article:modified_time\" content=\"2026-04-17T07:16:39+00:00\" \/>\n<meta property=\"og:image\" content=\"https:\/\/sites.uef.fi\/logoverkosto\/wp-content\/uploads\/sites\/374\/2022\/10\/21317915-people-arranging-block-on-pyramid-2000x1200px.jpg\" \/>\n\t<meta property=\"og:image:width\" content=\"2000\" \/>\n\t<meta property=\"og:image:height\" content=\"1200\" \/>\n\t<meta property=\"og:image:type\" content=\"image\/jpeg\" \/>\n<meta name=\"twitter:card\" content=\"summary_large_image\" \/>\n<meta name=\"twitter:label1\" content=\"Arvioitu lukuaika\" \/>\n\t<meta name=\"twitter:data1\" content=\"1 minuutti\" \/>\n<script type=\"application\/ld+json\" class=\"yoast-schema-graph\">{\"@context\":\"https:\\\/\\\/schema.org\",\"@graph\":[{\"@type\":\"WebPage\",\"@id\":\"https:\\\/\\\/sites.uef.fi\\\/logoverkosto\\\/taydennyskoulutus\\\/\",\"url\":\"https:\\\/\\\/sites.uef.fi\\\/logoverkosto\\\/taydennyskoulutus\\\/\",\"name\":\"T\u00e4ydennyskoulutus - Logoverkosto\",\"isPartOf\":{\"@id\":\"https:\\\/\\\/sites.uef.fi\\\/logoverkosto\\\/#website\"},\"primaryImageOfPage\":{\"@id\":\"https:\\\/\\\/sites.uef.fi\\\/logoverkosto\\\/taydennyskoulutus\\\/#primaryimage\"},\"image\":{\"@id\":\"https:\\\/\\\/sites.uef.fi\\\/logoverkosto\\\/taydennyskoulutus\\\/#primaryimage\"},\"thumbnailUrl\":\"https:\\\/\\\/sites.uef.fi\\\/logoverkosto\\\/wp-content\\\/uploads\\\/sites\\\/374\\\/2022\\\/10\\\/21317915-people-arranging-block-on-pyramid-2000x1200px-1024x614.jpg\",\"datePublished\":\"2022-07-04T10:48:56+00:00\",\"dateModified\":\"2026-04-17T07:16:39+00:00\",\"breadcrumb\":{\"@id\":\"https:\\\/\\\/sites.uef.fi\\\/logoverkosto\\\/taydennyskoulutus\\\/#breadcrumb\"},\"inLanguage\":\"fi\",\"potentialAction\":[{\"@type\":\"ReadAction\",\"target\":[\"https:\\\/\\\/sites.uef.fi\\\/logoverkosto\\\/taydennyskoulutus\\\/\"]}]},{\"@type\":\"ImageObject\",\"inLanguage\":\"fi\",\"@id\":\"https:\\\/\\\/sites.uef.fi\\\/logoverkosto\\\/taydennyskoulutus\\\/#primaryimage\",\"url\":\"https:\\\/\\\/sites.uef.fi\\\/logoverkosto\\\/wp-content\\\/uploads\\\/sites\\\/374\\\/2022\\\/10\\\/21317915-people-arranging-block-on-pyramid-2000x1200px.jpg\",\"contentUrl\":\"https:\\\/\\\/sites.uef.fi\\\/logoverkosto\\\/wp-content\\\/uploads\\\/sites\\\/374\\\/2022\\\/10\\\/21317915-people-arranging-block-on-pyramid-2000x1200px.jpg\",\"width\":2000,\"height\":1200,\"caption\":\"puupalikat, sormet, rakentaminen, yhteisty\u00f6.\"},{\"@type\":\"BreadcrumbList\",\"@id\":\"https:\\\/\\\/sites.uef.fi\\\/logoverkosto\\\/taydennyskoulutus\\\/#breadcrumb\",\"itemListElement\":[{\"@type\":\"ListItem\",\"position\":1,\"name\":\"Home\",\"item\":\"https:\\\/\\\/sites.uef.fi\\\/logoverkosto\\\/\"},{\"@type\":\"ListItem\",\"position\":2,\"name\":\"T\u00e4ydennyskoulutus\"}]},{\"@type\":\"WebSite\",\"@id\":\"https:\\\/\\\/sites.uef.fi\\\/logoverkosto\\\/#website\",\"url\":\"https:\\\/\\\/sites.uef.fi\\\/logoverkosto\\\/\",\"name\":\"Logoverkosto\",\"description\":\"\",\"publisher\":{\"@id\":\"https:\\\/\\\/sites.uef.fi\\\/logoverkosto\\\/#organization\"},\"potentialAction\":[{\"@type\":\"SearchAction\",\"target\":{\"@type\":\"EntryPoint\",\"urlTemplate\":\"https:\\\/\\\/sites.uef.fi\\\/logoverkosto\\\/?s={search_term_string}\"},\"query-input\":{\"@type\":\"PropertyValueSpecification\",\"valueRequired\":true,\"valueName\":\"search_term_string\"}}],\"inLanguage\":\"fi\"},{\"@type\":\"Organization\",\"@id\":\"https:\\\/\\\/sites.uef.fi\\\/logoverkosto\\\/#organization\",\"name\":\"Logoverkosto\",\"url\":\"https:\\\/\\\/sites.uef.fi\\\/logoverkosto\\\/\",\"logo\":{\"@type\":\"ImageObject\",\"inLanguage\":\"fi\",\"@id\":\"https:\\\/\\\/sites.uef.fi\\\/logoverkosto\\\/#\\\/schema\\\/logo\\\/image\\\/\",\"url\":\"https:\\\/\\\/sites.uef.fi\\\/logoverkosto\\\/wp-content\\\/uploads\\\/sites\\\/374\\\/2022\\\/08\\\/cropped-UEF_wordpress_white.png\",\"contentUrl\":\"https:\\\/\\\/sites.uef.fi\\\/logoverkosto\\\/wp-content\\\/uploads\\\/sites\\\/374\\\/2022\\\/08\\\/cropped-UEF_wordpress_white.png\",\"width\":250,\"height\":250,\"caption\":\"Logoverkosto\"},\"image\":{\"@id\":\"https:\\\/\\\/sites.uef.fi\\\/logoverkosto\\\/#\\\/schema\\\/logo\\\/image\\\/\"}}]}<\/script>\n<!-- \/ Yoast SEO plugin. -->","yoast_head_json":{"title":"T\u00e4ydennyskoulutus - Logoverkosto","robots":{"index":"index","follow":"follow","max-snippet":"max-snippet:-1","max-image-preview":"max-image-preview:large","max-video-preview":"max-video-preview:-1"},"canonical":"https:\/\/sites.uef.fi\/logoverkosto\/taydennyskoulutus\/","og_locale":"fi_FI","og_type":"article","og_title":"T\u00e4ydennyskoulutus - Logoverkosto","og_description":"Logoverkoston yhten\u00e4 keskeisen\u00e4 toimintamuotona on t\u00e4ydennyskoulutusten j\u00e4rjest\u00e4minen ty\u00f6el\u00e4m\u00e4ss\u00e4 toimiville puheterapeuteille. On k\u00e4ynyt ilmi, ett\u00e4 tarve t\u00e4ydennyskoulutukselle on suuri ja koulutuksia kaivataan erityisesti It\u00e4- ja Keski-Suomen alueella. T\u00e4ydennyskoulutuksia suunnitetiin ja pilotoitiin Euroopan unionin osarahoittamassa (ESR+) MultiLogos-hankkeessa (1.5.2023-30.4.2026). Hankkeen koulutukset oli suunnattu erityisesti Pohjois-Savon, Pohjois-Karjalan, Etel\u00e4-Savon ja Keski-Suomen alueella toimiville puheterapeuteille. MultiLogos -hankkeessa toteutetut maksuttomat t\u00e4ydennyskoulutukset p\u00e4\u00e4ttyiv\u00e4t [&hellip;]","og_url":"https:\/\/sites.uef.fi\/logoverkosto\/taydennyskoulutus\/","og_site_name":"Logoverkosto","article_modified_time":"2026-04-17T07:16:39+00:00","og_image":[{"width":2000,"height":1200,"url":"https:\/\/sites.uef.fi\/logoverkosto\/wp-content\/uploads\/sites\/374\/2022\/10\/21317915-people-arranging-block-on-pyramid-2000x1200px.jpg","type":"image\/jpeg"}],"twitter_card":"summary_large_image","twitter_misc":{"Arvioitu lukuaika":"1 minuutti"},"schema":{"@context":"https:\/\/schema.org","@graph":[{"@type":"WebPage","@id":"https:\/\/sites.uef.fi\/logoverkosto\/taydennyskoulutus\/","url":"https:\/\/sites.uef.fi\/logoverkosto\/taydennyskoulutus\/","name":"T\u00e4ydennyskoulutus - Logoverkosto","isPartOf":{"@id":"https:\/\/sites.uef.fi\/logoverkosto\/#website"},"primaryImageOfPage":{"@id":"https:\/\/sites.uef.fi\/logoverkosto\/taydennyskoulutus\/#primaryimage"},"image":{"@id":"https:\/\/sites.uef.fi\/logoverkosto\/taydennyskoulutus\/#primaryimage"},"thumbnailUrl":"https:\/\/sites.uef.fi\/logoverkosto\/wp-content\/uploads\/sites\/374\/2022\/10\/21317915-people-arranging-block-on-pyramid-2000x1200px-1024x614.jpg","datePublished":"2022-07-04T10:48:56+00:00","dateModified":"2026-04-17T07:16:39+00:00","breadcrumb":{"@id":"https:\/\/sites.uef.fi\/logoverkosto\/taydennyskoulutus\/#breadcrumb"},"inLanguage":"fi","potentialAction":[{"@type":"ReadAction","target":["https:\/\/sites.uef.fi\/logoverkosto\/taydennyskoulutus\/"]}]},{"@type":"ImageObject","inLanguage":"fi","@id":"https:\/\/sites.uef.fi\/logoverkosto\/taydennyskoulutus\/#primaryimage","url":"https:\/\/sites.uef.fi\/logoverkosto\/wp-content\/uploads\/sites\/374\/2022\/10\/21317915-people-arranging-block-on-pyramid-2000x1200px.jpg","contentUrl":"https:\/\/sites.uef.fi\/logoverkosto\/wp-content\/uploads\/sites\/374\/2022\/10\/21317915-people-arranging-block-on-pyramid-2000x1200px.jpg","width":2000,"height":1200,"caption":"puupalikat, sormet, rakentaminen, yhteisty\u00f6."},{"@type":"BreadcrumbList","@id":"https:\/\/sites.uef.fi\/logoverkosto\/taydennyskoulutus\/#breadcrumb","itemListElement":[{"@type":"ListItem","position":1,"name":"Home","item":"https:\/\/sites.uef.fi\/logoverkosto\/"},{"@type":"ListItem","position":2,"name":"T\u00e4ydennyskoulutus"}]},{"@type":"WebSite","@id":"https:\/\/sites.uef.fi\/logoverkosto\/#website","url":"https:\/\/sites.uef.fi\/logoverkosto\/","name":"Logoverkosto","description":"","publisher":{"@id":"https:\/\/sites.uef.fi\/logoverkosto\/#organization"},"potentialAction":[{"@type":"SearchAction","target":{"@type":"EntryPoint","urlTemplate":"https:\/\/sites.uef.fi\/logoverkosto\/?s={search_term_string}"},"query-input":{"@type":"PropertyValueSpecification","valueRequired":true,"valueName":"search_term_string"}}],"inLanguage":"fi"},{"@type":"Organization","@id":"https:\/\/sites.uef.fi\/logoverkosto\/#organization","name":"Logoverkosto","url":"https:\/\/sites.uef.fi\/logoverkosto\/","logo":{"@type":"ImageObject","inLanguage":"fi","@id":"https:\/\/sites.uef.fi\/logoverkosto\/#\/schema\/logo\/image\/","url":"https:\/\/sites.uef.fi\/logoverkosto\/wp-content\/uploads\/sites\/374\/2022\/08\/cropped-UEF_wordpress_white.png","contentUrl":"https:\/\/sites.uef.fi\/logoverkosto\/wp-content\/uploads\/sites\/374\/2022\/08\/cropped-UEF_wordpress_white.png","width":250,"height":250,"caption":"Logoverkosto"},"image":{"@id":"https:\/\/sites.uef.fi\/logoverkosto\/#\/schema\/logo\/image\/"}}]}},"_links":{"self":[{"href":"https:\/\/sites.uef.fi\/logoverkosto\/wp-json\/wp\/v2\/pages\/350","targetHints":{"allow":["GET"]}}],"collection":[{"href":"https:\/\/sites.uef.fi\/logoverkosto\/wp-json\/wp\/v2\/pages"}],"about":[{"href":"https:\/\/sites.uef.fi\/logoverkosto\/wp-json\/wp\/v2\/types\/page"}],"author":[{"embeddable":true,"href":"https:\/\/sites.uef.fi\/logoverkosto\/wp-json\/wp\/v2\/users\/817"}],"replies":[{"embeddable":true,"href":"https:\/\/sites.uef.fi\/logoverkosto\/wp-json\/wp\/v2\/comments?post=350"}],"version-history":[{"count":2,"href":"https:\/\/sites.uef.fi\/logoverkosto\/wp-json\/wp\/v2\/pages\/350\/revisions"}],"predecessor-version":[{"id":5141,"href":"https:\/\/sites.uef.fi\/logoverkosto\/wp-json\/wp\/v2\/pages\/350\/revisions\/5141"}],"wp:attachment":[{"href":"https:\/\/sites.uef.fi\/logoverkosto\/wp-json\/wp\/v2\/media?parent=350"}],"curies":[{"name":"wp","href":"https:\/\/api.w.org\/{rel}","templated":true}]}}