{"id":4680,"date":"2024-12-11T11:28:37","date_gmt":"2024-12-11T11:28:37","guid":{"rendered":"https:\/\/sites.uef.fi\/logoverkosto\/?page_id=4680"},"modified":"2025-04-03T06:25:57","modified_gmt":"2025-04-03T06:25:57","slug":"kielo-varhaiskuntoutuksen-ohjaajakoulutus-2-op","status":"publish","type":"page","link":"https:\/\/sites.uef.fi\/logoverkosto\/taydennyskoulutus\/kielo-varhaiskuntoutuksen-ohjaajakoulutus-2-op\/","title":{"rendered":"KieLo-Varhaiskuntoutuksen ohjaajakoulutus (2 op)"},"content":{"rendered":"\n<p><strong>Toteutus: <\/strong>7.4.2025\u201315.5.2025<\/p>\n\n\n\n<p><strong>Ilmoittautuminen:<\/strong> 12.12.2024\u201324.3.2025<\/p>\n\n\n\n<p><strong>Osallistujam\u00e4\u00e4r\u00e4:<\/strong> 10\u201348<\/p>\n\n\n\n<p><strong>Aika ja paikka<\/strong><\/p>\n\n\n\n<ul class=\"wp-block-list\">\n<li>Ennakkowebinaari 7.4.2025 klo 12\u201313 (et\u00e4)\n<ul class=\"wp-block-list\">\n<li>Orientaatio, info ja kouluksen k\u00e4yt\u00e4nn\u00f6t<\/li>\n<\/ul>\n<\/li>\n\n\n\n<li>Kontaktiopetus 24.4.2025 klo 9\u201316 (et\u00e4)\n<ul class=\"wp-block-list\">\n<li>Vaikuttava varhaiskuntoutus ja vanhemman ohjaaminen ammattilaisen ty\u00f6v\u00e4lineen\u00e4 varhaiskuntoutuksen toteuttamisessa.<\/li>\n<\/ul>\n<\/li>\n\n\n\n<li>Kontaktiopetus 14.5.2025 klo 9\u201316 (l\u00e4hi), Kuopio, It\u00e4-Suomen yliopisto, Canthia\n<ul class=\"wp-block-list\">\n<li>KieLoSpr\u00e5kLek -ryhmien sis\u00e4ll\u00f6t, p\u00e4iv\u00e4t 1\u20133<\/li>\n<\/ul>\n<\/li>\n\n\n\n<li>Kontaktiopetus 15.5.2025 klo 9\u201316 (l\u00e4hi), Kuopio, It\u00e4-Suomen yliopisto, Canthia\n<ul class=\"wp-block-list\">\n<li>KieLoSpr\u00e5kLek -ryhmien sis\u00e4ll\u00f6t, p\u00e4iv\u00e4t 4\u20136<\/li>\n<\/ul>\n<\/li>\n<\/ul>\n\n\n\n<p><strong>Kohderyhm\u00e4<\/strong><\/p>\n\n\n\n<p>Koulutus on tarkoitettu puheterapeuteille sek\u00e4 kommunikaatio-, AAC- ja kuntoutusohjaajille, jotka ty\u00f6skentelev\u00e4t ja\/tai joiden toimipaikka\/toimipiste sijaitsee Pohjois-Savon, Pohjois-Karjalan, Etel\u00e4-Savon ja Keski-Suomen maakuntien alueilla.<\/p>\n\n\n\n<p><strong>Hinta<\/strong><\/p>\n\n\n\n<p>Koulutus on osallistujille maksuton. Mahdolliset matka- ja majoituskulut sek\u00e4 lounas omakustanteiset.<\/p>\n\n\n\n<p><strong>Sis\u00e4lt\u00f6<\/strong><\/p>\n\n\n\n<p>Koulutus sis\u00e4lt\u00e4\u00e4 tutkittua teoriatietoa vaikuttavasta kielellisest\u00e4 varhaiskuntoutuksesta KieLoSpr\u00e5kLek -hankkeessa ker\u00e4tyn tutkimustiedon perusteella. Koulutuksessa perehdyt\u00e4\u00e4n yksityiskohtaisesti KieLoSpr\u00e5kLek -varhaiskuntoutusmalliin sek\u00e4 siihen, miten ryhm\u00e4kuntoutukseen osallistuvia perheit\u00e4 ohjataan.<\/p>\n\n\n\n<p><strong>Osaamistavoitteet<\/strong><\/p>\n\n\n\n<p>Opintojakson suoritettuaan opiskelija<\/p>\n\n\n\n<ul class=\"wp-block-list\">\n<li>On syvent\u00e4nyt osaamistaan vaikuttavan kielellisen varhaiskuntoutuksen uusimpaan tutkimustietoon perustuvasta teoriapohjasta <\/li>\n\n\n\n<li>Ymm\u00e4rt\u00e4\u00e4 ammattilaisen ja vanhemman roolit sek\u00e4 yhteisty\u00f6n merkityksen kielellisess\u00e4 varhaiskuntoutuksessa<\/li>\n\n\n\n<li>Osaa k\u00e4ytt\u00e4\u00e4 koulutuksessa opittuja konkreettisia keinoja ja menetelmi\u00e4, joiden avulla voidaan tukea vanhempia lapsen kielellisen kehityksen edist\u00e4misess\u00e4 arjessa.<\/li>\n\n\n\n<li>Ymm\u00e4rt\u00e4\u00e4 KieLoSpr\u00e5kLek-ryhmien sis\u00e4lt\u00f6j\u00e4 ja osaa suunnitella ja toteuttaa varhaiskuntoutusryhmi\u00e4 niiden mukaisesti<\/li>\n\n\n\n<li>Osaa soveltaa oppimaansa omassa ty\u00f6ss\u00e4\u00e4n<\/li>\n<\/ul>\n\n\n\n<p><strong>Opetus- ja suoritustavat<\/strong><\/p>\n\n\n\n<p>Koulutus toteutetaan yhteisty\u00f6ss\u00e4 Sanapolku Oy:n, MultiLogos-hankkeen ja It\u00e4-Suomen yliopiston Jatkuvan oppimisen keskuksen kanssa. Koulutus sis\u00e4lt\u00e4\u00e4 ennakkowebinaarin sek\u00e4 kolme kontaktiopetusp\u00e4iv\u00e4\u00e4, joista yksi on et\u00e4opetusp\u00e4iv\u00e4 ja kaksi l\u00e4hiopetusp\u00e4iv\u00e4\u00e4 (tarvittaessa j\u00e4rjestet\u00e4\u00e4n et\u00e4osallistumismahdollisuus). Kontaktiopetukseen osallistumisvelvollisuus on 80 %. Itsen\u00e4iseen ty\u00f6skentelyyn kuuluu oppimateriaaleihin tutustuminen ja teht\u00e4vien tekeminen oppimisymp\u00e4rist\u00f6ss\u00e4 (DigiCampus).<\/p>\n\n\n\n<p><strong>Kouluttajat<\/strong><\/p>\n\n\n\n<ul class=\"wp-block-list\">\n<li>FM, puheterapeutti, v\u00e4it\u00f6skirjatutkija Anu Martikainen, Sanapolku Oy<\/li>\n\n\n\n<li>FM, puheterapeutti Sari Nissinen, Sanapolku Oy<\/li>\n<\/ul>\n\n\n\n<p><strong>Laskennallinen ty\u00f6m\u00e4\u00e4r\u00e4<\/strong><\/p>\n\n\n\n<ul class=\"wp-block-list\">\n<li>Laajuus: 2 op = 54 h (1 op vastaa 27 h ty\u00f6t\u00e4)<\/li>\n\n\n\n<li>Kontaktiopetus: 22 h<\/li>\n\n\n\n<li>Itsen\u00e4inen ty\u00f6skentely: 32 h<\/li>\n<\/ul>\n\n\n\n<p><strong>Arviointi<\/strong>: Hyv\u00e4ksytty \u2013 hyl\u00e4tty<\/p>\n\n\n\n<h2 class=\"wp-block-heading\">Ilmoittautuminen<\/h2>\n\n\n\n<p>Ilmoittautuminen koulutukseen on p\u00e4\u00e4ttynyt.<\/p>\n\n\n\n<p>Kysy lis\u00e4\u00e4 koulutuksesta: koulutussuunnittelija Laura Al-Azzawi, laura.al-azzawi@uef.fi, p. 050 351 3290.<\/p>\n\n\n\n<p><\/p>\n","protected":false},"excerpt":{"rendered":"<p>Toteutus: 7.4.2025\u201315.5.2025 Ilmoittautuminen: 12.12.2024\u201324.3.2025 Osallistujam\u00e4\u00e4r\u00e4: 10\u201348 Aika ja paikka Kohderyhm\u00e4 Koulutus on tarkoitettu puheterapeuteille sek\u00e4 kommunikaatio-, AAC- ja kuntoutusohjaajille, jotka ty\u00f6skentelev\u00e4t ja\/tai joiden toimipaikka\/toimipiste sijaitsee Pohjois-Savon, Pohjois-Karjalan, Etel\u00e4-Savon ja Keski-Suomen maakuntien alueilla. Hinta Koulutus on osallistujille maksuton. Mahdolliset matka- ja majoituskulut sek\u00e4 lounas omakustanteiset. Sis\u00e4lt\u00f6 Koulutus sis\u00e4lt\u00e4\u00e4 tutkittua teoriatietoa vaikuttavasta kielellisest\u00e4 varhaiskuntoutuksesta KieLoSpr\u00e5kLek -hankkeessa ker\u00e4tyn [&hellip;]<\/p>\n","protected":false},"author":817,"featured_media":0,"parent":350,"menu_order":0,"comment_status":"closed","ping_status":"closed","template":"","meta":{"_acf_changed":false,"footnotes":""},"class_list":["post-4680","page","type-page","status-publish","hentry"],"acf":[],"yoast_head":"<!-- This site is optimized with the Yoast SEO plugin v27.1.1 - https:\/\/yoast.com\/product\/yoast-seo-wordpress\/ -->\n<title>KieLo-Varhaiskuntoutuksen ohjaajakoulutus (2 op) - Logoverkosto<\/title>\n<meta name=\"robots\" content=\"index, follow, max-snippet:-1, max-image-preview:large, max-video-preview:-1\" \/>\n<link rel=\"canonical\" href=\"https:\/\/sites.uef.fi\/logoverkosto\/taydennyskoulutus\/kielo-varhaiskuntoutuksen-ohjaajakoulutus-2-op\/\" \/>\n<meta property=\"og:locale\" content=\"fi_FI\" \/>\n<meta property=\"og:type\" content=\"article\" \/>\n<meta property=\"og:title\" content=\"KieLo-Varhaiskuntoutuksen ohjaajakoulutus (2 op) - Logoverkosto\" \/>\n<meta property=\"og:description\" content=\"Toteutus: 7.4.2025\u201315.5.2025 Ilmoittautuminen: 12.12.2024\u201324.3.2025 Osallistujam\u00e4\u00e4r\u00e4: 10\u201348 Aika ja paikka Kohderyhm\u00e4 Koulutus on tarkoitettu puheterapeuteille sek\u00e4 kommunikaatio-, AAC- ja kuntoutusohjaajille, jotka ty\u00f6skentelev\u00e4t ja\/tai joiden toimipaikka\/toimipiste sijaitsee Pohjois-Savon, Pohjois-Karjalan, Etel\u00e4-Savon ja Keski-Suomen maakuntien alueilla. Hinta Koulutus on osallistujille maksuton. Mahdolliset matka- ja majoituskulut sek\u00e4 lounas omakustanteiset. Sis\u00e4lt\u00f6 Koulutus sis\u00e4lt\u00e4\u00e4 tutkittua teoriatietoa vaikuttavasta kielellisest\u00e4 varhaiskuntoutuksesta KieLoSpr\u00e5kLek -hankkeessa ker\u00e4tyn [&hellip;]\" \/>\n<meta property=\"og:url\" content=\"https:\/\/sites.uef.fi\/logoverkosto\/taydennyskoulutus\/kielo-varhaiskuntoutuksen-ohjaajakoulutus-2-op\/\" \/>\n<meta property=\"og:site_name\" content=\"Logoverkosto\" \/>\n<meta property=\"article:modified_time\" content=\"2025-04-03T06:25:57+00:00\" \/>\n<meta name=\"twitter:card\" content=\"summary_large_image\" \/>\n<meta name=\"twitter:label1\" content=\"Arvioitu lukuaika\" \/>\n\t<meta name=\"twitter:data1\" content=\"2 minuuttia\" \/>\n<script type=\"application\/ld+json\" class=\"yoast-schema-graph\">{\"@context\":\"https:\/\/schema.org\",\"@graph\":[{\"@type\":\"WebPage\",\"@id\":\"https:\/\/sites.uef.fi\/logoverkosto\/taydennyskoulutus\/kielo-varhaiskuntoutuksen-ohjaajakoulutus-2-op\/\",\"url\":\"https:\/\/sites.uef.fi\/logoverkosto\/taydennyskoulutus\/kielo-varhaiskuntoutuksen-ohjaajakoulutus-2-op\/\",\"name\":\"KieLo-Varhaiskuntoutuksen ohjaajakoulutus (2 op) - Logoverkosto\",\"isPartOf\":{\"@id\":\"https:\/\/sites.uef.fi\/logoverkosto\/#website\"},\"datePublished\":\"2024-12-11T11:28:37+00:00\",\"dateModified\":\"2025-04-03T06:25:57+00:00\",\"breadcrumb\":{\"@id\":\"https:\/\/sites.uef.fi\/logoverkosto\/taydennyskoulutus\/kielo-varhaiskuntoutuksen-ohjaajakoulutus-2-op\/#breadcrumb\"},\"inLanguage\":\"fi\",\"potentialAction\":[{\"@type\":\"ReadAction\",\"target\":[\"https:\/\/sites.uef.fi\/logoverkosto\/taydennyskoulutus\/kielo-varhaiskuntoutuksen-ohjaajakoulutus-2-op\/\"]}]},{\"@type\":\"BreadcrumbList\",\"@id\":\"https:\/\/sites.uef.fi\/logoverkosto\/taydennyskoulutus\/kielo-varhaiskuntoutuksen-ohjaajakoulutus-2-op\/#breadcrumb\",\"itemListElement\":[{\"@type\":\"ListItem\",\"position\":1,\"name\":\"Home\",\"item\":\"https:\/\/sites.uef.fi\/logoverkosto\/\"},{\"@type\":\"ListItem\",\"position\":2,\"name\":\"T\u00e4ydennyskoulutus\",\"item\":\"https:\/\/sites.uef.fi\/logoverkosto\/taydennyskoulutus\/\"},{\"@type\":\"ListItem\",\"position\":3,\"name\":\"KieLo-Varhaiskuntoutuksen ohjaajakoulutus (2 op)\"}]},{\"@type\":\"WebSite\",\"@id\":\"https:\/\/sites.uef.fi\/logoverkosto\/#website\",\"url\":\"https:\/\/sites.uef.fi\/logoverkosto\/\",\"name\":\"Logoverkosto\",\"description\":\"\",\"publisher\":{\"@id\":\"https:\/\/sites.uef.fi\/logoverkosto\/#organization\"},\"potentialAction\":[{\"@type\":\"SearchAction\",\"target\":{\"@type\":\"EntryPoint\",\"urlTemplate\":\"https:\/\/sites.uef.fi\/logoverkosto\/?s={search_term_string}\"},\"query-input\":{\"@type\":\"PropertyValueSpecification\",\"valueRequired\":true,\"valueName\":\"search_term_string\"}}],\"inLanguage\":\"fi\"},{\"@type\":\"Organization\",\"@id\":\"https:\/\/sites.uef.fi\/logoverkosto\/#organization\",\"name\":\"Logoverkosto\",\"url\":\"https:\/\/sites.uef.fi\/logoverkosto\/\",\"logo\":{\"@type\":\"ImageObject\",\"inLanguage\":\"fi\",\"@id\":\"https:\/\/sites.uef.fi\/logoverkosto\/#\/schema\/logo\/image\/\",\"url\":\"https:\/\/sites.uef.fi\/logoverkosto\/wp-content\/uploads\/sites\/374\/2022\/08\/cropped-UEF_wordpress_white.png\",\"contentUrl\":\"https:\/\/sites.uef.fi\/logoverkosto\/wp-content\/uploads\/sites\/374\/2022\/08\/cropped-UEF_wordpress_white.png\",\"width\":250,\"height\":250,\"caption\":\"Logoverkosto\"},\"image\":{\"@id\":\"https:\/\/sites.uef.fi\/logoverkosto\/#\/schema\/logo\/image\/\"}}]}<\/script>\n<!-- \/ Yoast SEO plugin. -->","yoast_head_json":{"title":"KieLo-Varhaiskuntoutuksen ohjaajakoulutus (2 op) - Logoverkosto","robots":{"index":"index","follow":"follow","max-snippet":"max-snippet:-1","max-image-preview":"max-image-preview:large","max-video-preview":"max-video-preview:-1"},"canonical":"https:\/\/sites.uef.fi\/logoverkosto\/taydennyskoulutus\/kielo-varhaiskuntoutuksen-ohjaajakoulutus-2-op\/","og_locale":"fi_FI","og_type":"article","og_title":"KieLo-Varhaiskuntoutuksen ohjaajakoulutus (2 op) - Logoverkosto","og_description":"Toteutus: 7.4.2025\u201315.5.2025 Ilmoittautuminen: 12.12.2024\u201324.3.2025 Osallistujam\u00e4\u00e4r\u00e4: 10\u201348 Aika ja paikka Kohderyhm\u00e4 Koulutus on tarkoitettu puheterapeuteille sek\u00e4 kommunikaatio-, AAC- ja kuntoutusohjaajille, jotka ty\u00f6skentelev\u00e4t ja\/tai joiden toimipaikka\/toimipiste sijaitsee Pohjois-Savon, Pohjois-Karjalan, Etel\u00e4-Savon ja Keski-Suomen maakuntien alueilla. Hinta Koulutus on osallistujille maksuton. Mahdolliset matka- ja majoituskulut sek\u00e4 lounas omakustanteiset. Sis\u00e4lt\u00f6 Koulutus sis\u00e4lt\u00e4\u00e4 tutkittua teoriatietoa vaikuttavasta kielellisest\u00e4 varhaiskuntoutuksesta KieLoSpr\u00e5kLek -hankkeessa ker\u00e4tyn [&hellip;]","og_url":"https:\/\/sites.uef.fi\/logoverkosto\/taydennyskoulutus\/kielo-varhaiskuntoutuksen-ohjaajakoulutus-2-op\/","og_site_name":"Logoverkosto","article_modified_time":"2025-04-03T06:25:57+00:00","twitter_card":"summary_large_image","twitter_misc":{"Arvioitu lukuaika":"2 minuuttia"},"schema":{"@context":"https:\/\/schema.org","@graph":[{"@type":"WebPage","@id":"https:\/\/sites.uef.fi\/logoverkosto\/taydennyskoulutus\/kielo-varhaiskuntoutuksen-ohjaajakoulutus-2-op\/","url":"https:\/\/sites.uef.fi\/logoverkosto\/taydennyskoulutus\/kielo-varhaiskuntoutuksen-ohjaajakoulutus-2-op\/","name":"KieLo-Varhaiskuntoutuksen ohjaajakoulutus (2 op) - Logoverkosto","isPartOf":{"@id":"https:\/\/sites.uef.fi\/logoverkosto\/#website"},"datePublished":"2024-12-11T11:28:37+00:00","dateModified":"2025-04-03T06:25:57+00:00","breadcrumb":{"@id":"https:\/\/sites.uef.fi\/logoverkosto\/taydennyskoulutus\/kielo-varhaiskuntoutuksen-ohjaajakoulutus-2-op\/#breadcrumb"},"inLanguage":"fi","potentialAction":[{"@type":"ReadAction","target":["https:\/\/sites.uef.fi\/logoverkosto\/taydennyskoulutus\/kielo-varhaiskuntoutuksen-ohjaajakoulutus-2-op\/"]}]},{"@type":"BreadcrumbList","@id":"https:\/\/sites.uef.fi\/logoverkosto\/taydennyskoulutus\/kielo-varhaiskuntoutuksen-ohjaajakoulutus-2-op\/#breadcrumb","itemListElement":[{"@type":"ListItem","position":1,"name":"Home","item":"https:\/\/sites.uef.fi\/logoverkosto\/"},{"@type":"ListItem","position":2,"name":"T\u00e4ydennyskoulutus","item":"https:\/\/sites.uef.fi\/logoverkosto\/taydennyskoulutus\/"},{"@type":"ListItem","position":3,"name":"KieLo-Varhaiskuntoutuksen ohjaajakoulutus (2 op)"}]},{"@type":"WebSite","@id":"https:\/\/sites.uef.fi\/logoverkosto\/#website","url":"https:\/\/sites.uef.fi\/logoverkosto\/","name":"Logoverkosto","description":"","publisher":{"@id":"https:\/\/sites.uef.fi\/logoverkosto\/#organization"},"potentialAction":[{"@type":"SearchAction","target":{"@type":"EntryPoint","urlTemplate":"https:\/\/sites.uef.fi\/logoverkosto\/?s={search_term_string}"},"query-input":{"@type":"PropertyValueSpecification","valueRequired":true,"valueName":"search_term_string"}}],"inLanguage":"fi"},{"@type":"Organization","@id":"https:\/\/sites.uef.fi\/logoverkosto\/#organization","name":"Logoverkosto","url":"https:\/\/sites.uef.fi\/logoverkosto\/","logo":{"@type":"ImageObject","inLanguage":"fi","@id":"https:\/\/sites.uef.fi\/logoverkosto\/#\/schema\/logo\/image\/","url":"https:\/\/sites.uef.fi\/logoverkosto\/wp-content\/uploads\/sites\/374\/2022\/08\/cropped-UEF_wordpress_white.png","contentUrl":"https:\/\/sites.uef.fi\/logoverkosto\/wp-content\/uploads\/sites\/374\/2022\/08\/cropped-UEF_wordpress_white.png","width":250,"height":250,"caption":"Logoverkosto"},"image":{"@id":"https:\/\/sites.uef.fi\/logoverkosto\/#\/schema\/logo\/image\/"}}]}},"_links":{"self":[{"href":"https:\/\/sites.uef.fi\/logoverkosto\/wp-json\/wp\/v2\/pages\/4680","targetHints":{"allow":["GET"]}}],"collection":[{"href":"https:\/\/sites.uef.fi\/logoverkosto\/wp-json\/wp\/v2\/pages"}],"about":[{"href":"https:\/\/sites.uef.fi\/logoverkosto\/wp-json\/wp\/v2\/types\/page"}],"author":[{"embeddable":true,"href":"https:\/\/sites.uef.fi\/logoverkosto\/wp-json\/wp\/v2\/users\/817"}],"replies":[{"embeddable":true,"href":"https:\/\/sites.uef.fi\/logoverkosto\/wp-json\/wp\/v2\/comments?post=4680"}],"version-history":[{"count":2,"href":"https:\/\/sites.uef.fi\/logoverkosto\/wp-json\/wp\/v2\/pages\/4680\/revisions"}],"predecessor-version":[{"id":4766,"href":"https:\/\/sites.uef.fi\/logoverkosto\/wp-json\/wp\/v2\/pages\/4680\/revisions\/4766"}],"up":[{"embeddable":true,"href":"https:\/\/sites.uef.fi\/logoverkosto\/wp-json\/wp\/v2\/pages\/350"}],"wp:attachment":[{"href":"https:\/\/sites.uef.fi\/logoverkosto\/wp-json\/wp\/v2\/media?parent=4680"}],"curies":[{"name":"wp","href":"https:\/\/api.w.org\/{rel}","templated":true}]}}