{"id":5077,"date":"2026-04-13T07:38:53","date_gmt":"2026-04-13T07:38:53","guid":{"rendered":"https:\/\/sites.uef.fi\/logoverkosto\/?page_id=5077"},"modified":"2026-04-14T07:40:20","modified_gmt":"2026-04-14T07:40:20","slug":"puheterapeuttien-ohjaajakoulutus-2-op","status":"publish","type":"page","link":"https:\/\/sites.uef.fi\/logoverkosto\/taydennyskoulutus\/puheterapeuttien-ohjaajakoulutus-2-op\/","title":{"rendered":"Puheterapeuttien ohjaajakoulutus (2 op)"},"content":{"rendered":"\n<h5 class=\"wp-block-heading\">Ajankohta<\/h5>\n\n\n\n<p>14.9.\u201311.12.2026<\/p>\n\n\n\n<h5 class=\"wp-block-heading\">Ilmoittautuminen<\/h5>\n\n\n\n<p>15.4.\u201331.8.2026<\/p>\n\n\n\n<h5 class=\"wp-block-heading\">Osallistujam\u00e4\u00e4r\u00e4<\/h5>\n\n\n\n<p>Maksimi osallistujam\u00e4\u00e4r\u00e4 60 (paikat t\u00e4ytet\u00e4\u00e4n ilmoittautumisj\u00e4rjestyksess\u00e4)<\/p>\n\n\n\n<h5 class=\"wp-block-heading\">Toteutus<\/h5>\n\n\n\n<p>Koulutuksen j\u00e4rjest\u00e4\u00e4 LogoNet ja koulutus toteutetaan osana OKM:n <em>Logopedian koulutuksen valtakunnallinen yhten\u00e4ist\u00e4mis- ja kehitt\u00e4mishanketta<\/em>. Koulutus suoritetaan p\u00e4\u00e4asiassa luentotallenteiden, itsen\u00e4isen ty\u00f6skentelyn ja pienryhm\u00e4ty\u00f6skentelyn kautta. S\u00e4hk\u00f6isen\u00e4 oppimisalustana toimii DigiCampus. Koulutus sis\u00e4lt\u00e4\u00e4 lis\u00e4ksi yhteisen et\u00e4n\u00e4 toteutettavan aloitus- ja loppuwebinaarin. Aloituswebinaari pidet\u00e4\u00e4n maanantaina 14.9.2026 klo 12\u201316 ja loppuwebinaari perjantaina 27.11.2026 klo 9\u201311.<\/p>\n\n\n\n<h5 class=\"wp-block-heading\">Kohderyhm\u00e4<\/h5>\n\n\n\n<p>Koulutus on tarkoitettu kaikille puheterapeuteille, jotka ovat kiinnostuneita opiskelijoiden ohjauksesta. Sinulla voi olla jo kokemusta opiskelijoiden ohjaamisesta tai voit olla vasta suunnittelemassa ohjaajaksi ryhtymist\u00e4. Koulutukseen voivat osallistua vain laillistetut puheterapeutit.<\/p>\n\n\n\n<h5 class=\"wp-block-heading\">Hinta<\/h5>\n\n\n\n<p>Koulutus on osallistujille maksuton. <\/p>\n\n\n\n<h5 class=\"wp-block-heading\">Sis\u00e4lt\u00f6<\/h5>\n\n\n\n<p>Koulutuksen teemoja ovat ohjauksen perusteet, haastavat ohjaustilanteet sek\u00e4 palautteenanto ja arviointi.<\/p>\n\n\n\n<h5 class=\"wp-block-heading\">Osaamistavoitteet<\/h5>\n\n\n\n<p>T\u00e4m\u00e4n opintojakson suoritettuasi tunnistat<\/p>\n\n\n\n<ul class=\"wp-block-list\">\n<li>ohjausvuorovaikutuksen perusilmi\u00f6it\u00e4 ja teoreettisia l\u00e4hestymistapoja<\/li>\n\n\n\n<li>toimivan ohjausvuorovaikutuksen keinoja ja ty\u00f6skentelytapoja ja osaat soveltaa niit\u00e4 k\u00e4yt\u00e4nt\u00f6\u00f6n<\/li>\n\n\n\n<li>harjoittelun ohjaajan teht\u00e4v\u00e4t ja osaat j\u00e4sent\u00e4\u00e4 vahvuuksia ja kehitt\u00e4miskohteita omassa ohjausty\u00f6ss\u00e4si<\/li>\n\n\n\n<li>erilaisia ohjausvuorovaikutuksen haasteita ja tied\u00e4t keinoja ratkaista niit\u00e4<\/li>\n\n\n\n<li>opiskelijan arvioinnin ja rakentavan palautteenannon perusperiaatteita ja hyvi\u00e4 k\u00e4yt\u00e4nteit\u00e4<\/li>\n\n\n\n<li>ohjaamisen osana koko ty\u00f6yhteis\u00f6n toimintaa<\/li>\n<\/ul>\n\n\n\n<p><\/p>\n\n\n\n<h5 class=\"wp-block-heading\">Opetus- ja suoritustavat<\/h5>\n\n\n\n<p>Opiskelija voi tehd\u00e4 henkil\u00f6kohtaiset oppimisteht\u00e4v\u00e4t suomen tai ruotsin kielell\u00e4.&nbsp; Ruotsinkielinen pienryhm\u00e4ty\u00f6skentely j\u00e4rjestet\u00e4\u00e4n, mik\u00e4li ruotsinkielisi\u00e4 osallistujia on riitt\u00e4v\u00e4sti.<\/p>\n\n\n\n<p>Koulutuksen hyv\u00e4ksytty suorittaminen edellytt\u00e4\u00e4 alku- ja loppuwebinaariin osallistumista, pienryhm\u00e4ty\u00f6skentelyyn osallistumista ja kaikkien kirjallisten teht\u00e4vien palauttamista hyv\u00e4ksytysti.<\/p>\n\n\n\n<h5 class=\"wp-block-heading\">Kouluttajat<\/h5>\n\n\n\n<p>Koulutuksen vastuuopettajana on Sirkku Ikonen-Hwang It\u00e4-Suomen yliopistosta. Kouluttajina toimivat muun muassa opinto- ja uraohjauksen professori Sanna Vehvil\u00e4inen, Ohjausosaajat; yliopisto-opettaja Sirja M\u00f6tt\u00f6nen, It\u00e4-Suomen yliopisto sek\u00e4 kliininen opettaja Marjaana Raukola-Lidblom, Turun yliopisto.<\/p>\n\n\n\n<h5 class=\"wp-block-heading\">Laskennallinen ty\u00f6m\u00e4\u00e4r\u00e4<\/h5>\n\n\n\n<ul class=\"wp-block-list\">\n<li>Laajuus: 2 op =54 h (1 op vastaa 27 h ty\u00f6t\u00e4)<\/li>\n\n\n\n<li>Kontaktiopetus: 6 h<\/li>\n\n\n\n<li>Pienryhm\u00e4ty\u00f6skentely 6 h<\/li>\n\n\n\n<li>Itsen\u00e4inen ty\u00f6skentely: 42 h<\/li>\n<\/ul>\n\n\n\n<h5 class=\"wp-block-heading\">Arviointi<\/h5>\n\n\n\n<p>Hyv\u00e4ksytty \u2013 hyl\u00e4tty<\/p>\n\n\n\n<h2 class=\"wp-block-heading\">Ilmoittautuminen<\/h2>\n\n\n\n<p>Ilmoittautumislinkki: <a href=\"https:\/\/registration.contio.fi\/uef\/Registration\/Login?id=10528-T_10528-12087&amp;lang=fi\"><strong>https:\/\/registration.contio.fi\/uef\/Registration\/Login?id=10528-T_10528-12087&amp;lang=fi<\/strong><\/a><\/p>\n\n\n\n<p>Lis\u00e4tietoa koulutuksesta: Sirkku Ikonen-Hwang (sirkku.ikonen-hwang@uef.fi) <\/p>\n\n\n\n<p><\/p>\n","protected":false},"excerpt":{"rendered":"<p>Ajankohta 14.9.\u201311.12.2026 Ilmoittautuminen 15.4.\u201331.8.2026 Osallistujam\u00e4\u00e4r\u00e4 Maksimi osallistujam\u00e4\u00e4r\u00e4 60 (paikat t\u00e4ytet\u00e4\u00e4n ilmoittautumisj\u00e4rjestyksess\u00e4) Toteutus Koulutuksen j\u00e4rjest\u00e4\u00e4 LogoNet ja koulutus toteutetaan osana OKM:n Logopedian koulutuksen valtakunnallinen yhten\u00e4ist\u00e4mis- ja kehitt\u00e4mishanketta. Koulutus suoritetaan p\u00e4\u00e4asiassa luentotallenteiden, itsen\u00e4isen ty\u00f6skentelyn ja pienryhm\u00e4ty\u00f6skentelyn kautta. S\u00e4hk\u00f6isen\u00e4 oppimisalustana toimii DigiCampus. Koulutus sis\u00e4lt\u00e4\u00e4 lis\u00e4ksi yhteisen et\u00e4n\u00e4 toteutettavan aloitus- ja loppuwebinaarin. Aloituswebinaari pidet\u00e4\u00e4n maanantaina 14.9.2026 klo 12\u201316 ja [&hellip;]<\/p>\n","protected":false},"author":817,"featured_media":0,"parent":350,"menu_order":0,"comment_status":"closed","ping_status":"closed","template":"","meta":{"_acf_changed":false,"footnotes":""},"class_list":["post-5077","page","type-page","status-publish","hentry"],"acf":[],"yoast_head":"<!-- This site is optimized with the Yoast SEO plugin v27.3 - https:\/\/yoast.com\/product\/yoast-seo-wordpress\/ -->\n<title>Puheterapeuttien ohjaajakoulutus (2 op) - Logoverkosto<\/title>\n<meta name=\"robots\" content=\"index, follow, max-snippet:-1, max-image-preview:large, max-video-preview:-1\" \/>\n<link rel=\"canonical\" href=\"https:\/\/sites.uef.fi\/logoverkosto\/taydennyskoulutus\/puheterapeuttien-ohjaajakoulutus-2-op\/\" \/>\n<meta property=\"og:locale\" content=\"fi_FI\" \/>\n<meta property=\"og:type\" content=\"article\" \/>\n<meta property=\"og:title\" content=\"Puheterapeuttien ohjaajakoulutus (2 op) - Logoverkosto\" \/>\n<meta property=\"og:description\" content=\"Ajankohta 14.9.\u201311.12.2026 Ilmoittautuminen 15.4.\u201331.8.2026 Osallistujam\u00e4\u00e4r\u00e4 Maksimi osallistujam\u00e4\u00e4r\u00e4 60 (paikat t\u00e4ytet\u00e4\u00e4n ilmoittautumisj\u00e4rjestyksess\u00e4) Toteutus Koulutuksen j\u00e4rjest\u00e4\u00e4 LogoNet ja koulutus toteutetaan osana OKM:n Logopedian koulutuksen valtakunnallinen yhten\u00e4ist\u00e4mis- ja kehitt\u00e4mishanketta. Koulutus suoritetaan p\u00e4\u00e4asiassa luentotallenteiden, itsen\u00e4isen ty\u00f6skentelyn ja pienryhm\u00e4ty\u00f6skentelyn kautta. S\u00e4hk\u00f6isen\u00e4 oppimisalustana toimii DigiCampus. Koulutus sis\u00e4lt\u00e4\u00e4 lis\u00e4ksi yhteisen et\u00e4n\u00e4 toteutettavan aloitus- ja loppuwebinaarin. Aloituswebinaari pidet\u00e4\u00e4n maanantaina 14.9.2026 klo 12\u201316 ja [&hellip;]\" \/>\n<meta property=\"og:url\" content=\"https:\/\/sites.uef.fi\/logoverkosto\/taydennyskoulutus\/puheterapeuttien-ohjaajakoulutus-2-op\/\" \/>\n<meta property=\"og:site_name\" content=\"Logoverkosto\" \/>\n<meta property=\"article:modified_time\" content=\"2026-04-14T07:40:20+00:00\" \/>\n<meta name=\"twitter:card\" content=\"summary_large_image\" \/>\n<meta name=\"twitter:label1\" content=\"Arvioitu lukuaika\" \/>\n\t<meta name=\"twitter:data1\" content=\"2 minuuttia\" \/>\n<script type=\"application\/ld+json\" class=\"yoast-schema-graph\">{\"@context\":\"https:\\\/\\\/schema.org\",\"@graph\":[{\"@type\":\"WebPage\",\"@id\":\"https:\\\/\\\/sites.uef.fi\\\/logoverkosto\\\/taydennyskoulutus\\\/puheterapeuttien-ohjaajakoulutus-2-op\\\/\",\"url\":\"https:\\\/\\\/sites.uef.fi\\\/logoverkosto\\\/taydennyskoulutus\\\/puheterapeuttien-ohjaajakoulutus-2-op\\\/\",\"name\":\"Puheterapeuttien ohjaajakoulutus (2 op) - Logoverkosto\",\"isPartOf\":{\"@id\":\"https:\\\/\\\/sites.uef.fi\\\/logoverkosto\\\/#website\"},\"datePublished\":\"2026-04-13T07:38:53+00:00\",\"dateModified\":\"2026-04-14T07:40:20+00:00\",\"breadcrumb\":{\"@id\":\"https:\\\/\\\/sites.uef.fi\\\/logoverkosto\\\/taydennyskoulutus\\\/puheterapeuttien-ohjaajakoulutus-2-op\\\/#breadcrumb\"},\"inLanguage\":\"fi\",\"potentialAction\":[{\"@type\":\"ReadAction\",\"target\":[\"https:\\\/\\\/sites.uef.fi\\\/logoverkosto\\\/taydennyskoulutus\\\/puheterapeuttien-ohjaajakoulutus-2-op\\\/\"]}]},{\"@type\":\"BreadcrumbList\",\"@id\":\"https:\\\/\\\/sites.uef.fi\\\/logoverkosto\\\/taydennyskoulutus\\\/puheterapeuttien-ohjaajakoulutus-2-op\\\/#breadcrumb\",\"itemListElement\":[{\"@type\":\"ListItem\",\"position\":1,\"name\":\"Home\",\"item\":\"https:\\\/\\\/sites.uef.fi\\\/logoverkosto\\\/\"},{\"@type\":\"ListItem\",\"position\":2,\"name\":\"T\u00e4ydennyskoulutus\",\"item\":\"https:\\\/\\\/sites.uef.fi\\\/logoverkosto\\\/taydennyskoulutus\\\/\"},{\"@type\":\"ListItem\",\"position\":3,\"name\":\"Puheterapeuttien ohjaajakoulutus (2 op)\"}]},{\"@type\":\"WebSite\",\"@id\":\"https:\\\/\\\/sites.uef.fi\\\/logoverkosto\\\/#website\",\"url\":\"https:\\\/\\\/sites.uef.fi\\\/logoverkosto\\\/\",\"name\":\"Logoverkosto\",\"description\":\"\",\"publisher\":{\"@id\":\"https:\\\/\\\/sites.uef.fi\\\/logoverkosto\\\/#organization\"},\"potentialAction\":[{\"@type\":\"SearchAction\",\"target\":{\"@type\":\"EntryPoint\",\"urlTemplate\":\"https:\\\/\\\/sites.uef.fi\\\/logoverkosto\\\/?s={search_term_string}\"},\"query-input\":{\"@type\":\"PropertyValueSpecification\",\"valueRequired\":true,\"valueName\":\"search_term_string\"}}],\"inLanguage\":\"fi\"},{\"@type\":\"Organization\",\"@id\":\"https:\\\/\\\/sites.uef.fi\\\/logoverkosto\\\/#organization\",\"name\":\"Logoverkosto\",\"url\":\"https:\\\/\\\/sites.uef.fi\\\/logoverkosto\\\/\",\"logo\":{\"@type\":\"ImageObject\",\"inLanguage\":\"fi\",\"@id\":\"https:\\\/\\\/sites.uef.fi\\\/logoverkosto\\\/#\\\/schema\\\/logo\\\/image\\\/\",\"url\":\"https:\\\/\\\/sites.uef.fi\\\/logoverkosto\\\/wp-content\\\/uploads\\\/sites\\\/374\\\/2022\\\/08\\\/cropped-UEF_wordpress_white.png\",\"contentUrl\":\"https:\\\/\\\/sites.uef.fi\\\/logoverkosto\\\/wp-content\\\/uploads\\\/sites\\\/374\\\/2022\\\/08\\\/cropped-UEF_wordpress_white.png\",\"width\":250,\"height\":250,\"caption\":\"Logoverkosto\"},\"image\":{\"@id\":\"https:\\\/\\\/sites.uef.fi\\\/logoverkosto\\\/#\\\/schema\\\/logo\\\/image\\\/\"}}]}<\/script>\n<!-- \/ Yoast SEO plugin. -->","yoast_head_json":{"title":"Puheterapeuttien ohjaajakoulutus (2 op) - Logoverkosto","robots":{"index":"index","follow":"follow","max-snippet":"max-snippet:-1","max-image-preview":"max-image-preview:large","max-video-preview":"max-video-preview:-1"},"canonical":"https:\/\/sites.uef.fi\/logoverkosto\/taydennyskoulutus\/puheterapeuttien-ohjaajakoulutus-2-op\/","og_locale":"fi_FI","og_type":"article","og_title":"Puheterapeuttien ohjaajakoulutus (2 op) - Logoverkosto","og_description":"Ajankohta 14.9.\u201311.12.2026 Ilmoittautuminen 15.4.\u201331.8.2026 Osallistujam\u00e4\u00e4r\u00e4 Maksimi osallistujam\u00e4\u00e4r\u00e4 60 (paikat t\u00e4ytet\u00e4\u00e4n ilmoittautumisj\u00e4rjestyksess\u00e4) Toteutus Koulutuksen j\u00e4rjest\u00e4\u00e4 LogoNet ja koulutus toteutetaan osana OKM:n Logopedian koulutuksen valtakunnallinen yhten\u00e4ist\u00e4mis- ja kehitt\u00e4mishanketta. Koulutus suoritetaan p\u00e4\u00e4asiassa luentotallenteiden, itsen\u00e4isen ty\u00f6skentelyn ja pienryhm\u00e4ty\u00f6skentelyn kautta. S\u00e4hk\u00f6isen\u00e4 oppimisalustana toimii DigiCampus. Koulutus sis\u00e4lt\u00e4\u00e4 lis\u00e4ksi yhteisen et\u00e4n\u00e4 toteutettavan aloitus- ja loppuwebinaarin. Aloituswebinaari pidet\u00e4\u00e4n maanantaina 14.9.2026 klo 12\u201316 ja [&hellip;]","og_url":"https:\/\/sites.uef.fi\/logoverkosto\/taydennyskoulutus\/puheterapeuttien-ohjaajakoulutus-2-op\/","og_site_name":"Logoverkosto","article_modified_time":"2026-04-14T07:40:20+00:00","twitter_card":"summary_large_image","twitter_misc":{"Arvioitu lukuaika":"2 minuuttia"},"schema":{"@context":"https:\/\/schema.org","@graph":[{"@type":"WebPage","@id":"https:\/\/sites.uef.fi\/logoverkosto\/taydennyskoulutus\/puheterapeuttien-ohjaajakoulutus-2-op\/","url":"https:\/\/sites.uef.fi\/logoverkosto\/taydennyskoulutus\/puheterapeuttien-ohjaajakoulutus-2-op\/","name":"Puheterapeuttien ohjaajakoulutus (2 op) - Logoverkosto","isPartOf":{"@id":"https:\/\/sites.uef.fi\/logoverkosto\/#website"},"datePublished":"2026-04-13T07:38:53+00:00","dateModified":"2026-04-14T07:40:20+00:00","breadcrumb":{"@id":"https:\/\/sites.uef.fi\/logoverkosto\/taydennyskoulutus\/puheterapeuttien-ohjaajakoulutus-2-op\/#breadcrumb"},"inLanguage":"fi","potentialAction":[{"@type":"ReadAction","target":["https:\/\/sites.uef.fi\/logoverkosto\/taydennyskoulutus\/puheterapeuttien-ohjaajakoulutus-2-op\/"]}]},{"@type":"BreadcrumbList","@id":"https:\/\/sites.uef.fi\/logoverkosto\/taydennyskoulutus\/puheterapeuttien-ohjaajakoulutus-2-op\/#breadcrumb","itemListElement":[{"@type":"ListItem","position":1,"name":"Home","item":"https:\/\/sites.uef.fi\/logoverkosto\/"},{"@type":"ListItem","position":2,"name":"T\u00e4ydennyskoulutus","item":"https:\/\/sites.uef.fi\/logoverkosto\/taydennyskoulutus\/"},{"@type":"ListItem","position":3,"name":"Puheterapeuttien ohjaajakoulutus (2 op)"}]},{"@type":"WebSite","@id":"https:\/\/sites.uef.fi\/logoverkosto\/#website","url":"https:\/\/sites.uef.fi\/logoverkosto\/","name":"Logoverkosto","description":"","publisher":{"@id":"https:\/\/sites.uef.fi\/logoverkosto\/#organization"},"potentialAction":[{"@type":"SearchAction","target":{"@type":"EntryPoint","urlTemplate":"https:\/\/sites.uef.fi\/logoverkosto\/?s={search_term_string}"},"query-input":{"@type":"PropertyValueSpecification","valueRequired":true,"valueName":"search_term_string"}}],"inLanguage":"fi"},{"@type":"Organization","@id":"https:\/\/sites.uef.fi\/logoverkosto\/#organization","name":"Logoverkosto","url":"https:\/\/sites.uef.fi\/logoverkosto\/","logo":{"@type":"ImageObject","inLanguage":"fi","@id":"https:\/\/sites.uef.fi\/logoverkosto\/#\/schema\/logo\/image\/","url":"https:\/\/sites.uef.fi\/logoverkosto\/wp-content\/uploads\/sites\/374\/2022\/08\/cropped-UEF_wordpress_white.png","contentUrl":"https:\/\/sites.uef.fi\/logoverkosto\/wp-content\/uploads\/sites\/374\/2022\/08\/cropped-UEF_wordpress_white.png","width":250,"height":250,"caption":"Logoverkosto"},"image":{"@id":"https:\/\/sites.uef.fi\/logoverkosto\/#\/schema\/logo\/image\/"}}]}},"_links":{"self":[{"href":"https:\/\/sites.uef.fi\/logoverkosto\/wp-json\/wp\/v2\/pages\/5077","targetHints":{"allow":["GET"]}}],"collection":[{"href":"https:\/\/sites.uef.fi\/logoverkosto\/wp-json\/wp\/v2\/pages"}],"about":[{"href":"https:\/\/sites.uef.fi\/logoverkosto\/wp-json\/wp\/v2\/types\/page"}],"author":[{"embeddable":true,"href":"https:\/\/sites.uef.fi\/logoverkosto\/wp-json\/wp\/v2\/users\/817"}],"replies":[{"embeddable":true,"href":"https:\/\/sites.uef.fi\/logoverkosto\/wp-json\/wp\/v2\/comments?post=5077"}],"version-history":[{"count":2,"href":"https:\/\/sites.uef.fi\/logoverkosto\/wp-json\/wp\/v2\/pages\/5077\/revisions"}],"predecessor-version":[{"id":5130,"href":"https:\/\/sites.uef.fi\/logoverkosto\/wp-json\/wp\/v2\/pages\/5077\/revisions\/5130"}],"up":[{"embeddable":true,"href":"https:\/\/sites.uef.fi\/logoverkosto\/wp-json\/wp\/v2\/pages\/350"}],"wp:attachment":[{"href":"https:\/\/sites.uef.fi\/logoverkosto\/wp-json\/wp\/v2\/media?parent=5077"}],"curies":[{"name":"wp","href":"https:\/\/api.w.org\/{rel}","templated":true}]}}