{"id":5132,"date":"2026-04-17T06:58:52","date_gmt":"2026-04-17T06:58:52","guid":{"rendered":"https:\/\/sites.uef.fi\/logoverkosto\/?page_id=5132"},"modified":"2026-04-17T07:19:53","modified_gmt":"2026-04-17T07:19:53","slug":"handledarutbildning-for-talterapeuter-2-sp","status":"publish","type":"page","link":"https:\/\/sites.uef.fi\/logoverkosto\/taydennyskoulutus\/handledarutbildning-for-talterapeuter-2-sp\/","title":{"rendered":"Handledarutbildning f\u00f6r talterapeuter (2 sp)"},"content":{"rendered":"\n<p><\/p>\n\n\n\n<h5 class=\"wp-block-heading\">Tidpunkt<\/h5>\n\n\n\n<p>14.9.\u201311.12.2026<\/p>\n\n\n\n<h5 class=\"wp-block-heading\">Anm\u00e4lan<\/h5>\n\n\n\n<p>15.4.\u201331.8.2026<\/p>\n\n\n\n<h5 class=\"wp-block-heading\">Antal deltagare<\/h5>\n\n\n\n<p>Maximalt 60 deltagare (platserna tilldelas i anm\u00e4lningsordning)<\/p>\n\n\n\n<h5 class=\"wp-block-heading\">Genomf\u00f6rande<\/h5>\n\n\n\n<p>Utbildningen anordnas av LogoNet och genomf\u00f6rs som en del av OKM:s nationella projekt f\u00f6r harmonisering och utveckling av logopediutbildningen. Utbildningen genomf\u00f6rs huvudsakligen genom f\u00f6rel\u00e4sningsinspelningar, sj\u00e4lvstudier och arbete i sm\u00e5grupper. DigiCampus fungerar som elektronisk l\u00e4rplattform. Utbildningen inneh\u00e5ller dessutom ett gemensamt inledande och avslutande webbinarium som genomf\u00f6rs p\u00e5 distans. Det inledande webbinariet h\u00e5lls m\u00e5ndagen den 14.9.2026 kl. 12\u201316 och det avslutande webbinariet fredagen den 27.11.2026 kl. 9\u201311.<\/p>\n\n\n\n<h5 class=\"wp-block-heading\">M\u00e5lgrupp<\/h5>\n\n\n\n<p>Utbildningen riktar sig till alla talterapeuter som \u00e4r intresserade av att handleda studeranden. Du kan redan ha erfarenhet av att handleda studerande eller s\u00e5 kanske du planerar att b\u00f6rja som handledare. Endast legitimerade talterapeuter f\u00e5r delta i utbildningen.<\/p>\n\n\n\n<h5 class=\"wp-block-heading\">Pris<\/h5>\n\n\n\n<p>Utbildningen \u00e4r kostnadsfri f\u00f6r deltagarna.<\/p>\n\n\n\n<h5 class=\"wp-block-heading\">Inneh\u00e5ll<\/h5>\n\n\n\n<p>Utbildningens teman \u00e4r grunderna i handledning, utmanande handledningssituationer samt \u00e5terkoppling och utv\u00e4rdering.<\/p>\n\n\n\n<h5 class=\"wp-block-heading\">L\u00e4randem\u00e5l<\/h5>\n\n\n\n<p>Efter att ha genomf\u00f6rt denna kurs ska du kunna identifiera<\/p>\n\n\n\n<ul class=\"wp-block-list\">\n<li>grundl\u00e4ggande fenomen och teoretiska tillv\u00e4gag\u00e5ngss\u00e4tt inom handledningsinteraktion<\/li>\n\n\n\n<li>metoder och arbetss\u00e4tt f\u00f6r fungerande handledningsinteraktion och till\u00e4mpning av dem i praktiken<\/li>\n\n\n\n<li>praktikhandledarens uppgifter och kunskapen att &nbsp;strukturera styrkor och utvecklingsomr\u00e5den i ditt eget handledningsarbete<\/li>\n\n\n\n<li>olika utmaningar i handledningsinteraktionen och k\u00e4nner till metoder f\u00f6r att l\u00f6sa dem<\/li>\n\n\n\n<li>grundprinciperna och goda rutiner f\u00f6r bed\u00f6mning av studerande och f\u00f6rm\u00e5gan att ge konstruktiv feedback<\/li>\n\n\n\n<li>handledning som en del av hela arbetsgemenskapens verksamhet<\/li>\n<\/ul>\n\n\n\n<h5 class=\"wp-block-heading\">Undervisnings- och genomf\u00f6randemetoder<\/h5>\n\n\n\n<p>Deltagarna kan g\u00f6ra de personliga inl\u00e4rningsuppgifterna p\u00e5 finska eller svenska.&nbsp; Svenskspr\u00e5kigt arbete i sm\u00e5grupper anordnas om det finns tillr\u00e4ckligt m\u00e5nga svenskspr\u00e5kiga deltagare.<\/p>\n\n\n\n<p>F\u00f6r att utbildningen ska godk\u00e4nnas kr\u00e4vs deltagande i inlednings- och avslutningswebinarierna, deltagande i arbetet i sm\u00e5grupper samt att alla skriftliga uppgifter l\u00e4mnas in och godk\u00e4nns.<\/p>\n\n\n\n<h5 class=\"wp-block-heading\">Utbildare<\/h5>\n\n\n\n<p>Ansvarig l\u00e4rare f\u00f6r utbildningen \u00e4r Sirkku Ikonen-Hwang fr\u00e5n \u00d6stra Finlands universitet. Bland utbildarna finns bland annat Sanna Vehvil\u00e4inen, professor i studie- och karri\u00e4rv\u00e4gledning, Ohjausosaajat; Sirja M\u00f6tt\u00f6nen, universitetsl\u00e4rare vid \u00d6stra Finlands universitet, samt Marjaana Raukola-Lindblom, klinisk l\u00e4rare vid \u00c5bo universitet.<\/p>\n\n\n\n<h5 class=\"wp-block-heading\">Ber\u00e4knad arbetsbelastning<\/h5>\n\n\n\n<ul class=\"wp-block-list\">\n<li>Omfattning: 2 sp = 54h (1 sp motsvarar 27h arbete)<\/li>\n\n\n\n<li>Kontaktundervisning: 6h<\/li>\n\n\n\n<li>Arbete i sm\u00e5grupper: 6h<\/li>\n\n\n\n<li>Sj\u00e4lvst\u00e4ndigt arbete: 42h<\/li>\n<\/ul>\n\n\n\n<h5 class=\"wp-block-heading\">Bed\u00f6mning<\/h5>\n\n\n\n<p>Godk\u00e4nd \u2013 underk\u00e4nd<\/p>\n\n\n\n<h5 class=\"wp-block-heading\">Anm\u00e4lan<\/h5>\n\n\n\n<p>Anm\u00e4lningsl\u00e4nk:<a href=\"https:\/\/registration.contio.fi\/uef\/Registration\/Login?id=10528-T_10528-12087&amp;lang=fi\"> <strong>https:\/\/registration.contio.fi\/uef\/Registration\/Login?id=10528-T_10528-12087&amp;lang=fi <\/strong><\/a><\/p>\n\n\n\n<p>F\u00f6r mer information om utbildningen kontakta: Sirkku Ikonen-Hwang (sirkku.ikonen-hwang@uef.fi)<\/p>\n\n\n\n<p><\/p>\n","protected":false},"excerpt":{"rendered":"<p>Tidpunkt 14.9.\u201311.12.2026 Anm\u00e4lan 15.4.\u201331.8.2026 Antal deltagare Maximalt 60 deltagare (platserna tilldelas i anm\u00e4lningsordning) Genomf\u00f6rande Utbildningen anordnas av LogoNet och genomf\u00f6rs som en del av OKM:s nationella projekt f\u00f6r harmonisering och utveckling av logopediutbildningen. Utbildningen genomf\u00f6rs huvudsakligen genom f\u00f6rel\u00e4sningsinspelningar, sj\u00e4lvstudier och arbete i sm\u00e5grupper. DigiCampus fungerar som elektronisk l\u00e4rplattform. Utbildningen inneh\u00e5ller dessutom ett gemensamt inledande och [&hellip;]<\/p>\n","protected":false},"author":817,"featured_media":0,"parent":350,"menu_order":0,"comment_status":"closed","ping_status":"closed","template":"","meta":{"_acf_changed":false,"footnotes":""},"class_list":["post-5132","page","type-page","status-publish","hentry"],"acf":[],"yoast_head":"<!-- This site is optimized with the Yoast SEO plugin v27.3 - https:\/\/yoast.com\/product\/yoast-seo-wordpress\/ -->\n<title>Handledarutbildning f\u00f6r talterapeuter (2 sp) - Logoverkosto<\/title>\n<meta name=\"robots\" content=\"index, follow, max-snippet:-1, max-image-preview:large, max-video-preview:-1\" \/>\n<link rel=\"canonical\" href=\"https:\/\/sites.uef.fi\/logoverkosto\/taydennyskoulutus\/handledarutbildning-for-talterapeuter-2-sp\/\" \/>\n<meta property=\"og:locale\" content=\"fi_FI\" \/>\n<meta property=\"og:type\" content=\"article\" \/>\n<meta property=\"og:title\" content=\"Handledarutbildning f\u00f6r talterapeuter (2 sp) - Logoverkosto\" \/>\n<meta property=\"og:description\" content=\"Tidpunkt 14.9.\u201311.12.2026 Anm\u00e4lan 15.4.\u201331.8.2026 Antal deltagare Maximalt 60 deltagare (platserna tilldelas i anm\u00e4lningsordning) Genomf\u00f6rande Utbildningen anordnas av LogoNet och genomf\u00f6rs som en del av OKM:s nationella projekt f\u00f6r harmonisering och utveckling av logopediutbildningen. Utbildningen genomf\u00f6rs huvudsakligen genom f\u00f6rel\u00e4sningsinspelningar, sj\u00e4lvstudier och arbete i sm\u00e5grupper. DigiCampus fungerar som elektronisk l\u00e4rplattform. Utbildningen inneh\u00e5ller dessutom ett gemensamt inledande och [&hellip;]\" \/>\n<meta property=\"og:url\" content=\"https:\/\/sites.uef.fi\/logoverkosto\/taydennyskoulutus\/handledarutbildning-for-talterapeuter-2-sp\/\" \/>\n<meta property=\"og:site_name\" content=\"Logoverkosto\" \/>\n<meta property=\"article:modified_time\" content=\"2026-04-17T07:19:53+00:00\" \/>\n<meta name=\"twitter:card\" content=\"summary_large_image\" \/>\n<meta name=\"twitter:label1\" content=\"Arvioitu lukuaika\" \/>\n\t<meta name=\"twitter:data1\" content=\"3 minuuttia\" \/>\n<script type=\"application\/ld+json\" class=\"yoast-schema-graph\">{\"@context\":\"https:\\\/\\\/schema.org\",\"@graph\":[{\"@type\":\"WebPage\",\"@id\":\"https:\\\/\\\/sites.uef.fi\\\/logoverkosto\\\/taydennyskoulutus\\\/handledarutbildning-for-talterapeuter-2-sp\\\/\",\"url\":\"https:\\\/\\\/sites.uef.fi\\\/logoverkosto\\\/taydennyskoulutus\\\/handledarutbildning-for-talterapeuter-2-sp\\\/\",\"name\":\"Handledarutbildning f\u00f6r talterapeuter (2 sp) - Logoverkosto\",\"isPartOf\":{\"@id\":\"https:\\\/\\\/sites.uef.fi\\\/logoverkosto\\\/#website\"},\"datePublished\":\"2026-04-17T06:58:52+00:00\",\"dateModified\":\"2026-04-17T07:19:53+00:00\",\"breadcrumb\":{\"@id\":\"https:\\\/\\\/sites.uef.fi\\\/logoverkosto\\\/taydennyskoulutus\\\/handledarutbildning-for-talterapeuter-2-sp\\\/#breadcrumb\"},\"inLanguage\":\"fi\",\"potentialAction\":[{\"@type\":\"ReadAction\",\"target\":[\"https:\\\/\\\/sites.uef.fi\\\/logoverkosto\\\/taydennyskoulutus\\\/handledarutbildning-for-talterapeuter-2-sp\\\/\"]}]},{\"@type\":\"BreadcrumbList\",\"@id\":\"https:\\\/\\\/sites.uef.fi\\\/logoverkosto\\\/taydennyskoulutus\\\/handledarutbildning-for-talterapeuter-2-sp\\\/#breadcrumb\",\"itemListElement\":[{\"@type\":\"ListItem\",\"position\":1,\"name\":\"Home\",\"item\":\"https:\\\/\\\/sites.uef.fi\\\/logoverkosto\\\/\"},{\"@type\":\"ListItem\",\"position\":2,\"name\":\"T\u00e4ydennyskoulutus\",\"item\":\"https:\\\/\\\/sites.uef.fi\\\/logoverkosto\\\/taydennyskoulutus\\\/\"},{\"@type\":\"ListItem\",\"position\":3,\"name\":\"Handledarutbildning f\u00f6r talterapeuter (2 sp)\"}]},{\"@type\":\"WebSite\",\"@id\":\"https:\\\/\\\/sites.uef.fi\\\/logoverkosto\\\/#website\",\"url\":\"https:\\\/\\\/sites.uef.fi\\\/logoverkosto\\\/\",\"name\":\"Logoverkosto\",\"description\":\"\",\"publisher\":{\"@id\":\"https:\\\/\\\/sites.uef.fi\\\/logoverkosto\\\/#organization\"},\"potentialAction\":[{\"@type\":\"SearchAction\",\"target\":{\"@type\":\"EntryPoint\",\"urlTemplate\":\"https:\\\/\\\/sites.uef.fi\\\/logoverkosto\\\/?s={search_term_string}\"},\"query-input\":{\"@type\":\"PropertyValueSpecification\",\"valueRequired\":true,\"valueName\":\"search_term_string\"}}],\"inLanguage\":\"fi\"},{\"@type\":\"Organization\",\"@id\":\"https:\\\/\\\/sites.uef.fi\\\/logoverkosto\\\/#organization\",\"name\":\"Logoverkosto\",\"url\":\"https:\\\/\\\/sites.uef.fi\\\/logoverkosto\\\/\",\"logo\":{\"@type\":\"ImageObject\",\"inLanguage\":\"fi\",\"@id\":\"https:\\\/\\\/sites.uef.fi\\\/logoverkosto\\\/#\\\/schema\\\/logo\\\/image\\\/\",\"url\":\"https:\\\/\\\/sites.uef.fi\\\/logoverkosto\\\/wp-content\\\/uploads\\\/sites\\\/374\\\/2022\\\/08\\\/cropped-UEF_wordpress_white.png\",\"contentUrl\":\"https:\\\/\\\/sites.uef.fi\\\/logoverkosto\\\/wp-content\\\/uploads\\\/sites\\\/374\\\/2022\\\/08\\\/cropped-UEF_wordpress_white.png\",\"width\":250,\"height\":250,\"caption\":\"Logoverkosto\"},\"image\":{\"@id\":\"https:\\\/\\\/sites.uef.fi\\\/logoverkosto\\\/#\\\/schema\\\/logo\\\/image\\\/\"}}]}<\/script>\n<!-- \/ Yoast SEO plugin. -->","yoast_head_json":{"title":"Handledarutbildning f\u00f6r talterapeuter (2 sp) - Logoverkosto","robots":{"index":"index","follow":"follow","max-snippet":"max-snippet:-1","max-image-preview":"max-image-preview:large","max-video-preview":"max-video-preview:-1"},"canonical":"https:\/\/sites.uef.fi\/logoverkosto\/taydennyskoulutus\/handledarutbildning-for-talterapeuter-2-sp\/","og_locale":"fi_FI","og_type":"article","og_title":"Handledarutbildning f\u00f6r talterapeuter (2 sp) - Logoverkosto","og_description":"Tidpunkt 14.9.\u201311.12.2026 Anm\u00e4lan 15.4.\u201331.8.2026 Antal deltagare Maximalt 60 deltagare (platserna tilldelas i anm\u00e4lningsordning) Genomf\u00f6rande Utbildningen anordnas av LogoNet och genomf\u00f6rs som en del av OKM:s nationella projekt f\u00f6r harmonisering och utveckling av logopediutbildningen. Utbildningen genomf\u00f6rs huvudsakligen genom f\u00f6rel\u00e4sningsinspelningar, sj\u00e4lvstudier och arbete i sm\u00e5grupper. DigiCampus fungerar som elektronisk l\u00e4rplattform. Utbildningen inneh\u00e5ller dessutom ett gemensamt inledande och [&hellip;]","og_url":"https:\/\/sites.uef.fi\/logoverkosto\/taydennyskoulutus\/handledarutbildning-for-talterapeuter-2-sp\/","og_site_name":"Logoverkosto","article_modified_time":"2026-04-17T07:19:53+00:00","twitter_card":"summary_large_image","twitter_misc":{"Arvioitu lukuaika":"3 minuuttia"},"schema":{"@context":"https:\/\/schema.org","@graph":[{"@type":"WebPage","@id":"https:\/\/sites.uef.fi\/logoverkosto\/taydennyskoulutus\/handledarutbildning-for-talterapeuter-2-sp\/","url":"https:\/\/sites.uef.fi\/logoverkosto\/taydennyskoulutus\/handledarutbildning-for-talterapeuter-2-sp\/","name":"Handledarutbildning f\u00f6r talterapeuter (2 sp) - Logoverkosto","isPartOf":{"@id":"https:\/\/sites.uef.fi\/logoverkosto\/#website"},"datePublished":"2026-04-17T06:58:52+00:00","dateModified":"2026-04-17T07:19:53+00:00","breadcrumb":{"@id":"https:\/\/sites.uef.fi\/logoverkosto\/taydennyskoulutus\/handledarutbildning-for-talterapeuter-2-sp\/#breadcrumb"},"inLanguage":"fi","potentialAction":[{"@type":"ReadAction","target":["https:\/\/sites.uef.fi\/logoverkosto\/taydennyskoulutus\/handledarutbildning-for-talterapeuter-2-sp\/"]}]},{"@type":"BreadcrumbList","@id":"https:\/\/sites.uef.fi\/logoverkosto\/taydennyskoulutus\/handledarutbildning-for-talterapeuter-2-sp\/#breadcrumb","itemListElement":[{"@type":"ListItem","position":1,"name":"Home","item":"https:\/\/sites.uef.fi\/logoverkosto\/"},{"@type":"ListItem","position":2,"name":"T\u00e4ydennyskoulutus","item":"https:\/\/sites.uef.fi\/logoverkosto\/taydennyskoulutus\/"},{"@type":"ListItem","position":3,"name":"Handledarutbildning f\u00f6r talterapeuter (2 sp)"}]},{"@type":"WebSite","@id":"https:\/\/sites.uef.fi\/logoverkosto\/#website","url":"https:\/\/sites.uef.fi\/logoverkosto\/","name":"Logoverkosto","description":"","publisher":{"@id":"https:\/\/sites.uef.fi\/logoverkosto\/#organization"},"potentialAction":[{"@type":"SearchAction","target":{"@type":"EntryPoint","urlTemplate":"https:\/\/sites.uef.fi\/logoverkosto\/?s={search_term_string}"},"query-input":{"@type":"PropertyValueSpecification","valueRequired":true,"valueName":"search_term_string"}}],"inLanguage":"fi"},{"@type":"Organization","@id":"https:\/\/sites.uef.fi\/logoverkosto\/#organization","name":"Logoverkosto","url":"https:\/\/sites.uef.fi\/logoverkosto\/","logo":{"@type":"ImageObject","inLanguage":"fi","@id":"https:\/\/sites.uef.fi\/logoverkosto\/#\/schema\/logo\/image\/","url":"https:\/\/sites.uef.fi\/logoverkosto\/wp-content\/uploads\/sites\/374\/2022\/08\/cropped-UEF_wordpress_white.png","contentUrl":"https:\/\/sites.uef.fi\/logoverkosto\/wp-content\/uploads\/sites\/374\/2022\/08\/cropped-UEF_wordpress_white.png","width":250,"height":250,"caption":"Logoverkosto"},"image":{"@id":"https:\/\/sites.uef.fi\/logoverkosto\/#\/schema\/logo\/image\/"}}]}},"_links":{"self":[{"href":"https:\/\/sites.uef.fi\/logoverkosto\/wp-json\/wp\/v2\/pages\/5132","targetHints":{"allow":["GET"]}}],"collection":[{"href":"https:\/\/sites.uef.fi\/logoverkosto\/wp-json\/wp\/v2\/pages"}],"about":[{"href":"https:\/\/sites.uef.fi\/logoverkosto\/wp-json\/wp\/v2\/types\/page"}],"author":[{"embeddable":true,"href":"https:\/\/sites.uef.fi\/logoverkosto\/wp-json\/wp\/v2\/users\/817"}],"replies":[{"embeddable":true,"href":"https:\/\/sites.uef.fi\/logoverkosto\/wp-json\/wp\/v2\/comments?post=5132"}],"version-history":[{"count":2,"href":"https:\/\/sites.uef.fi\/logoverkosto\/wp-json\/wp\/v2\/pages\/5132\/revisions"}],"predecessor-version":[{"id":5138,"href":"https:\/\/sites.uef.fi\/logoverkosto\/wp-json\/wp\/v2\/pages\/5132\/revisions\/5138"}],"up":[{"embeddable":true,"href":"https:\/\/sites.uef.fi\/logoverkosto\/wp-json\/wp\/v2\/pages\/350"}],"wp:attachment":[{"href":"https:\/\/sites.uef.fi\/logoverkosto\/wp-json\/wp\/v2\/media?parent=5132"}],"curies":[{"name":"wp","href":"https:\/\/api.w.org\/{rel}","templated":true}]}}