{"id":730,"date":"2022-08-12T12:09:42","date_gmt":"2022-08-12T12:09:42","guid":{"rendered":"https:\/\/sites.uef.fi\/logoverkosto\/?page_id=730"},"modified":"2023-09-20T11:54:57","modified_gmt":"2023-09-20T11:54:57","slug":"blogoverkosto","status":"publish","type":"page","link":"https:\/\/sites.uef.fi\/logoverkosto\/blogoverkosto\/","title":{"rendered":"Logopedian opiskelu"},"content":{"rendered":"\n<p>Logopedian oppiaine kuuluu It\u00e4-Suomen yliopiston filosofisen tiedekunnan humanistiseen osastoon. Lis\u00e4tietoa <a href=\"https:\/\/www.uef.fi\/fi\/koulutus\/logopedia\">logopedian opiskelusta<\/a> l\u00f6yd\u00e4t yliopiston sivuilta.<\/p>\n\n\n\n<p>Logopedian opinnot kest\u00e4v\u00e4t yhteens\u00e4 viisi vuotta. Ensin suoritetaan humanististen tieteiden kandidaatin tutkinto (180 op, 3 v) ja sen j\u00e4lkeen filosofian maisterin tutkinto (120 op, 2 v). Filosofian maisterin tutkinnon suoritettuaan opiskelija voi hakea Valviralta laillistetun puheterapeutin p\u00e4tevyytt\u00e4.<\/p>\n\n\n\n<h2 class=\"wp-block-heading\">Tietoisku logopediasta  <\/h2>\n\n\n\n<p>Mit\u00e4 kaikkea kuuluu logopediaan ja mit\u00e4 puheterapeutti tekee? Tutustu kattavaan tietopakettiin oheiselta videolta. It\u00e4-Suomen yliopiston UEF l\u00e4hettil\u00e4iden tekem\u00e4ss\u00e4 videossa logopedian yliopistonlehtori Anna-Leena kertoo puheterapeutin ty\u00f6st\u00e4. <\/p>\n\n\n\n<figure class=\"wp-block-embed is-type-video is-provider-youtube wp-block-embed-youtube wp-embed-aspect-16-9 wp-has-aspect-ratio\"><div class=\"wp-block-embed__wrapper\">\n<iframe loading=\"lazy\" title=\"Logopedia\" width=\"500\" height=\"281\" src=\"https:\/\/www.youtube.com\/embed\/nfbxgeT0I3w?feature=oembed\" frameborder=\"0\" allow=\"accelerometer; autoplay; clipboard-write; encrypted-media; gyroscope; picture-in-picture; web-share\" referrerpolicy=\"strict-origin-when-cross-origin\" allowfullscreen><\/iframe>\n<\/div><\/figure>\n\n\n\n<h2 class=\"wp-block-heading\">Lis\u00e4tietoa <\/h2>\n\n\n\n<p><\/p>\n\n\n\n<p>Puheterapeutit kuten muutkin humanistit tekev\u00e4t vuorovaikutuksellista ty\u00f6t\u00e4 ihmisten parissa. Lue lis\u00e4\u00e4 <a href=\"https:\/\/www.uef.fi\/fi\/yksikko\/humanistinen-osasto\">humanistisesta osastosta<\/a> sek\u00e4 <a href=\"https:\/\/www.uef.fi\/fi\/yksikko\/humanistinen-osasto\/humanistisen-osaston-tyoelamayhteistyo\">humanistien ty\u00f6el\u00e4m\u00e4yhteyksist\u00e4 <\/a>yliopiston sivuilta. <\/p>\n\n\n\n<figure class=\"wp-block-image size-large\"><img loading=\"lazy\" decoding=\"async\" width=\"1024\" height=\"576\" src=\"https:\/\/sites.uef.fi\/logoverkosto\/wp-content\/uploads\/sites\/374\/2022\/08\/UEF-logopedia_3.37.1-1024x576.jpg\" alt=\"Opiskelijoita, luokka.\" class=\"wp-image-635\" srcset=\"https:\/\/sites.uef.fi\/logoverkosto\/wp-content\/uploads\/sites\/374\/2022\/08\/UEF-logopedia_3.37.1-1024x576.jpg 1024w, https:\/\/sites.uef.fi\/logoverkosto\/wp-content\/uploads\/sites\/374\/2022\/08\/UEF-logopedia_3.37.1-300x169.jpg 300w, https:\/\/sites.uef.fi\/logoverkosto\/wp-content\/uploads\/sites\/374\/2022\/08\/UEF-logopedia_3.37.1-768x432.jpg 768w, https:\/\/sites.uef.fi\/logoverkosto\/wp-content\/uploads\/sites\/374\/2022\/08\/UEF-logopedia_3.37.1-1536x864.jpg 1536w, https:\/\/sites.uef.fi\/logoverkosto\/wp-content\/uploads\/sites\/374\/2022\/08\/UEF-logopedia_3.37.1.jpg 2048w\" sizes=\"auto, (max-width: 1024px) 100vw, 1024px\" \/><\/figure>\n","protected":false},"excerpt":{"rendered":"<p>Logopedian oppiaine kuuluu It\u00e4-Suomen yliopiston filosofisen tiedekunnan humanistiseen osastoon. Lis\u00e4tietoa logopedian opiskelusta l\u00f6yd\u00e4t yliopiston sivuilta. Logopedian opinnot kest\u00e4v\u00e4t yhteens\u00e4 viisi vuotta. Ensin suoritetaan humanististen tieteiden kandidaatin tutkinto (180 op, 3 v) ja sen j\u00e4lkeen filosofian maisterin tutkinto (120 op, 2 v). Filosofian maisterin tutkinnon suoritettuaan opiskelija voi hakea Valviralta laillistetun puheterapeutin p\u00e4tevyytt\u00e4. Tietoisku logopediasta Mit\u00e4 [&hellip;]<\/p>\n","protected":false},"author":817,"featured_media":0,"parent":0,"menu_order":0,"comment_status":"closed","ping_status":"closed","template":"","meta":{"_acf_changed":false,"footnotes":""},"class_list":["post-730","page","type-page","status-publish","hentry"],"acf":[],"yoast_head":"<!-- This site is optimized with the Yoast SEO plugin v27.1.1 - https:\/\/yoast.com\/product\/yoast-seo-wordpress\/ -->\n<title>Logopedian opiskelu - Logoverkosto<\/title>\n<meta name=\"robots\" content=\"index, follow, max-snippet:-1, max-image-preview:large, max-video-preview:-1\" \/>\n<link rel=\"canonical\" href=\"https:\/\/sites.uef.fi\/logoverkosto\/blogoverkosto\/\" \/>\n<meta property=\"og:locale\" content=\"fi_FI\" \/>\n<meta property=\"og:type\" content=\"article\" \/>\n<meta property=\"og:title\" content=\"Logopedian opiskelu - Logoverkosto\" \/>\n<meta property=\"og:description\" content=\"Logopedian oppiaine kuuluu It\u00e4-Suomen yliopiston filosofisen tiedekunnan humanistiseen osastoon. Lis\u00e4tietoa logopedian opiskelusta l\u00f6yd\u00e4t yliopiston sivuilta. Logopedian opinnot kest\u00e4v\u00e4t yhteens\u00e4 viisi vuotta. Ensin suoritetaan humanististen tieteiden kandidaatin tutkinto (180 op, 3 v) ja sen j\u00e4lkeen filosofian maisterin tutkinto (120 op, 2 v). Filosofian maisterin tutkinnon suoritettuaan opiskelija voi hakea Valviralta laillistetun puheterapeutin p\u00e4tevyytt\u00e4. Tietoisku logopediasta Mit\u00e4 [&hellip;]\" \/>\n<meta property=\"og:url\" content=\"https:\/\/sites.uef.fi\/logoverkosto\/blogoverkosto\/\" \/>\n<meta property=\"og:site_name\" content=\"Logoverkosto\" \/>\n<meta property=\"article:modified_time\" content=\"2023-09-20T11:54:57+00:00\" \/>\n<meta property=\"og:image\" content=\"https:\/\/sites.uef.fi\/logoverkosto\/wp-content\/uploads\/sites\/374\/2022\/08\/UEF-logopedia_3.37.1-1024x576.jpg\" \/>\n<meta name=\"twitter:card\" content=\"summary_large_image\" \/>\n<meta name=\"twitter:label1\" content=\"Arvioitu lukuaika\" \/>\n\t<meta name=\"twitter:data1\" content=\"1 minuutti\" \/>\n<script type=\"application\/ld+json\" class=\"yoast-schema-graph\">{\"@context\":\"https:\/\/schema.org\",\"@graph\":[{\"@type\":\"WebPage\",\"@id\":\"https:\/\/sites.uef.fi\/logoverkosto\/blogoverkosto\/\",\"url\":\"https:\/\/sites.uef.fi\/logoverkosto\/blogoverkosto\/\",\"name\":\"Logopedian opiskelu - Logoverkosto\",\"isPartOf\":{\"@id\":\"https:\/\/sites.uef.fi\/logoverkosto\/#website\"},\"primaryImageOfPage\":{\"@id\":\"https:\/\/sites.uef.fi\/logoverkosto\/blogoverkosto\/#primaryimage\"},\"image\":{\"@id\":\"https:\/\/sites.uef.fi\/logoverkosto\/blogoverkosto\/#primaryimage\"},\"thumbnailUrl\":\"https:\/\/sites.uef.fi\/logoverkosto\/wp-content\/uploads\/sites\/374\/2022\/08\/UEF-logopedia_3.37.1-1024x576.jpg\",\"datePublished\":\"2022-08-12T12:09:42+00:00\",\"dateModified\":\"2023-09-20T11:54:57+00:00\",\"breadcrumb\":{\"@id\":\"https:\/\/sites.uef.fi\/logoverkosto\/blogoverkosto\/#breadcrumb\"},\"inLanguage\":\"fi\",\"potentialAction\":[{\"@type\":\"ReadAction\",\"target\":[\"https:\/\/sites.uef.fi\/logoverkosto\/blogoverkosto\/\"]}]},{\"@type\":\"ImageObject\",\"inLanguage\":\"fi\",\"@id\":\"https:\/\/sites.uef.fi\/logoverkosto\/blogoverkosto\/#primaryimage\",\"url\":\"https:\/\/sites.uef.fi\/logoverkosto\/wp-content\/uploads\/sites\/374\/2022\/08\/UEF-logopedia_3.37.1.jpg\",\"contentUrl\":\"https:\/\/sites.uef.fi\/logoverkosto\/wp-content\/uploads\/sites\/374\/2022\/08\/UEF-logopedia_3.37.1.jpg\",\"width\":2048,\"height\":1152,\"caption\":\"Opiskelijoita, luokka.\"},{\"@type\":\"BreadcrumbList\",\"@id\":\"https:\/\/sites.uef.fi\/logoverkosto\/blogoverkosto\/#breadcrumb\",\"itemListElement\":[{\"@type\":\"ListItem\",\"position\":1,\"name\":\"Home\",\"item\":\"https:\/\/sites.uef.fi\/logoverkosto\/\"},{\"@type\":\"ListItem\",\"position\":2,\"name\":\"Logopedian opiskelu\"}]},{\"@type\":\"WebSite\",\"@id\":\"https:\/\/sites.uef.fi\/logoverkosto\/#website\",\"url\":\"https:\/\/sites.uef.fi\/logoverkosto\/\",\"name\":\"Logoverkosto\",\"description\":\"\",\"publisher\":{\"@id\":\"https:\/\/sites.uef.fi\/logoverkosto\/#organization\"},\"potentialAction\":[{\"@type\":\"SearchAction\",\"target\":{\"@type\":\"EntryPoint\",\"urlTemplate\":\"https:\/\/sites.uef.fi\/logoverkosto\/?s={search_term_string}\"},\"query-input\":{\"@type\":\"PropertyValueSpecification\",\"valueRequired\":true,\"valueName\":\"search_term_string\"}}],\"inLanguage\":\"fi\"},{\"@type\":\"Organization\",\"@id\":\"https:\/\/sites.uef.fi\/logoverkosto\/#organization\",\"name\":\"Logoverkosto\",\"url\":\"https:\/\/sites.uef.fi\/logoverkosto\/\",\"logo\":{\"@type\":\"ImageObject\",\"inLanguage\":\"fi\",\"@id\":\"https:\/\/sites.uef.fi\/logoverkosto\/#\/schema\/logo\/image\/\",\"url\":\"https:\/\/sites.uef.fi\/logoverkosto\/wp-content\/uploads\/sites\/374\/2022\/08\/cropped-UEF_wordpress_white.png\",\"contentUrl\":\"https:\/\/sites.uef.fi\/logoverkosto\/wp-content\/uploads\/sites\/374\/2022\/08\/cropped-UEF_wordpress_white.png\",\"width\":250,\"height\":250,\"caption\":\"Logoverkosto\"},\"image\":{\"@id\":\"https:\/\/sites.uef.fi\/logoverkosto\/#\/schema\/logo\/image\/\"}}]}<\/script>\n<!-- \/ Yoast SEO plugin. -->","yoast_head_json":{"title":"Logopedian opiskelu - Logoverkosto","robots":{"index":"index","follow":"follow","max-snippet":"max-snippet:-1","max-image-preview":"max-image-preview:large","max-video-preview":"max-video-preview:-1"},"canonical":"https:\/\/sites.uef.fi\/logoverkosto\/blogoverkosto\/","og_locale":"fi_FI","og_type":"article","og_title":"Logopedian opiskelu - Logoverkosto","og_description":"Logopedian oppiaine kuuluu It\u00e4-Suomen yliopiston filosofisen tiedekunnan humanistiseen osastoon. Lis\u00e4tietoa logopedian opiskelusta l\u00f6yd\u00e4t yliopiston sivuilta. Logopedian opinnot kest\u00e4v\u00e4t yhteens\u00e4 viisi vuotta. Ensin suoritetaan humanististen tieteiden kandidaatin tutkinto (180 op, 3 v) ja sen j\u00e4lkeen filosofian maisterin tutkinto (120 op, 2 v). Filosofian maisterin tutkinnon suoritettuaan opiskelija voi hakea Valviralta laillistetun puheterapeutin p\u00e4tevyytt\u00e4. Tietoisku logopediasta Mit\u00e4 [&hellip;]","og_url":"https:\/\/sites.uef.fi\/logoverkosto\/blogoverkosto\/","og_site_name":"Logoverkosto","article_modified_time":"2023-09-20T11:54:57+00:00","og_image":[{"url":"https:\/\/sites.uef.fi\/logoverkosto\/wp-content\/uploads\/sites\/374\/2022\/08\/UEF-logopedia_3.37.1-1024x576.jpg","type":"","width":"","height":""}],"twitter_card":"summary_large_image","twitter_misc":{"Arvioitu lukuaika":"1 minuutti"},"schema":{"@context":"https:\/\/schema.org","@graph":[{"@type":"WebPage","@id":"https:\/\/sites.uef.fi\/logoverkosto\/blogoverkosto\/","url":"https:\/\/sites.uef.fi\/logoverkosto\/blogoverkosto\/","name":"Logopedian opiskelu - Logoverkosto","isPartOf":{"@id":"https:\/\/sites.uef.fi\/logoverkosto\/#website"},"primaryImageOfPage":{"@id":"https:\/\/sites.uef.fi\/logoverkosto\/blogoverkosto\/#primaryimage"},"image":{"@id":"https:\/\/sites.uef.fi\/logoverkosto\/blogoverkosto\/#primaryimage"},"thumbnailUrl":"https:\/\/sites.uef.fi\/logoverkosto\/wp-content\/uploads\/sites\/374\/2022\/08\/UEF-logopedia_3.37.1-1024x576.jpg","datePublished":"2022-08-12T12:09:42+00:00","dateModified":"2023-09-20T11:54:57+00:00","breadcrumb":{"@id":"https:\/\/sites.uef.fi\/logoverkosto\/blogoverkosto\/#breadcrumb"},"inLanguage":"fi","potentialAction":[{"@type":"ReadAction","target":["https:\/\/sites.uef.fi\/logoverkosto\/blogoverkosto\/"]}]},{"@type":"ImageObject","inLanguage":"fi","@id":"https:\/\/sites.uef.fi\/logoverkosto\/blogoverkosto\/#primaryimage","url":"https:\/\/sites.uef.fi\/logoverkosto\/wp-content\/uploads\/sites\/374\/2022\/08\/UEF-logopedia_3.37.1.jpg","contentUrl":"https:\/\/sites.uef.fi\/logoverkosto\/wp-content\/uploads\/sites\/374\/2022\/08\/UEF-logopedia_3.37.1.jpg","width":2048,"height":1152,"caption":"Opiskelijoita, luokka."},{"@type":"BreadcrumbList","@id":"https:\/\/sites.uef.fi\/logoverkosto\/blogoverkosto\/#breadcrumb","itemListElement":[{"@type":"ListItem","position":1,"name":"Home","item":"https:\/\/sites.uef.fi\/logoverkosto\/"},{"@type":"ListItem","position":2,"name":"Logopedian opiskelu"}]},{"@type":"WebSite","@id":"https:\/\/sites.uef.fi\/logoverkosto\/#website","url":"https:\/\/sites.uef.fi\/logoverkosto\/","name":"Logoverkosto","description":"","publisher":{"@id":"https:\/\/sites.uef.fi\/logoverkosto\/#organization"},"potentialAction":[{"@type":"SearchAction","target":{"@type":"EntryPoint","urlTemplate":"https:\/\/sites.uef.fi\/logoverkosto\/?s={search_term_string}"},"query-input":{"@type":"PropertyValueSpecification","valueRequired":true,"valueName":"search_term_string"}}],"inLanguage":"fi"},{"@type":"Organization","@id":"https:\/\/sites.uef.fi\/logoverkosto\/#organization","name":"Logoverkosto","url":"https:\/\/sites.uef.fi\/logoverkosto\/","logo":{"@type":"ImageObject","inLanguage":"fi","@id":"https:\/\/sites.uef.fi\/logoverkosto\/#\/schema\/logo\/image\/","url":"https:\/\/sites.uef.fi\/logoverkosto\/wp-content\/uploads\/sites\/374\/2022\/08\/cropped-UEF_wordpress_white.png","contentUrl":"https:\/\/sites.uef.fi\/logoverkosto\/wp-content\/uploads\/sites\/374\/2022\/08\/cropped-UEF_wordpress_white.png","width":250,"height":250,"caption":"Logoverkosto"},"image":{"@id":"https:\/\/sites.uef.fi\/logoverkosto\/#\/schema\/logo\/image\/"}}]}},"_links":{"self":[{"href":"https:\/\/sites.uef.fi\/logoverkosto\/wp-json\/wp\/v2\/pages\/730","targetHints":{"allow":["GET"]}}],"collection":[{"href":"https:\/\/sites.uef.fi\/logoverkosto\/wp-json\/wp\/v2\/pages"}],"about":[{"href":"https:\/\/sites.uef.fi\/logoverkosto\/wp-json\/wp\/v2\/types\/page"}],"author":[{"embeddable":true,"href":"https:\/\/sites.uef.fi\/logoverkosto\/wp-json\/wp\/v2\/users\/817"}],"replies":[{"embeddable":true,"href":"https:\/\/sites.uef.fi\/logoverkosto\/wp-json\/wp\/v2\/comments?post=730"}],"version-history":[{"count":1,"href":"https:\/\/sites.uef.fi\/logoverkosto\/wp-json\/wp\/v2\/pages\/730\/revisions"}],"predecessor-version":[{"id":2949,"href":"https:\/\/sites.uef.fi\/logoverkosto\/wp-json\/wp\/v2\/pages\/730\/revisions\/2949"}],"wp:attachment":[{"href":"https:\/\/sites.uef.fi\/logoverkosto\/wp-json\/wp\/v2\/media?parent=730"}],"curies":[{"name":"wp","href":"https:\/\/api.w.org\/{rel}","templated":true}]}}