{"id":1097,"date":"2023-08-22T10:15:04","date_gmt":"2023-08-22T08:15:04","guid":{"rendered":"https:\/\/sites.uef.fi\/maantieteenpaivat2023\/?page_id=1097"},"modified":"2023-11-02T11:22:17","modified_gmt":"2023-11-02T09:22:17","slug":"panels","status":"publish","type":"page","link":"https:\/\/sites.uef.fi\/maantieteenpaivat2023\/panels\/","title":{"rendered":"Panels"},"content":{"rendered":"\n<figure class=\"wp-block-image\"><img decoding=\"async\" src=\"https:\/\/sites.uef.fi\/maantieteenpaivat2023\/wp-content\/uploads\/sites\/407\/2023\/04\/16-1024x358.jpg\" alt=\"This image has an empty alt attribute; its file name is 16-1024x358.jpg\" \/><\/figure>\n\n\n\n<h2 class=\"wp-block-heading\"><\/h2>\n\n\n\t<div id=\"accordion-block_7d58c7c911d689b195d24adc9961de0e\" class=\"accordions\">\n\t\t\t\t\t<div class=\"accordion accordion-js\">\n\t\t\t\t<button class=\"accordion__button\" aria-controls=\"content-223\" aria-expanded=\"false\" id=\"accordion-control-223\">\n\t\t\t\t\t<h3 class=\"accordion__heading\" >\n\t\t\t\t\t\t1. Maantiede opiskelijavalintauudistuksessa\t\t\t\t\t<\/h3>\n\t\t\t\t<\/button>\n\t\t\t\t<div class=\"accordion__content\" role=\"region\" aria-labelledby=\"accordion-control-223\" aria-hidden=\"true\" id=\"content-223\">\n\t\t\t\t\t<p><!-- wp:paragraph --><\/p>\n<p><strong>Chair<\/strong>: Minna Tanskanen, It\u00e4-Suomen yliopisto<\/p>\n<p><!-- \/wp:paragraph --> <!-- wp:paragraph --><\/p>\n<p><strong>Panelists<\/strong>: Olli Ruth, Helsingin yliopisto; Sanna M\u00e4ki, Turun yliopisto; Leo Nikkonen, It\u00e4-Suomen yliopisto; Hanna Reunanen, It\u00e4-Suomen yliopisto<\/p>\n<p><!-- \/wp:paragraph --> <!-- wp:paragraph --><\/p>\n<p><strong>Panel language<\/strong>: Suomeksi<\/p>\n<p><!-- \/wp:paragraph --> <!-- wp:paragraph --><\/p>\n<p>Yliopistojen opiskelijavalintaa uudistetaan voimakkaasti. Toukokuussa 2023 julkistettiin todistusvalinnan pisteytysesitys, ja yliopistot p\u00e4\u00e4tt\u00e4v\u00e4t uudesta pisteytyksest\u00e4 elokuun 2023 aikana. Seuraavaksi uudistushankkeessa keskityt\u00e4\u00e4n valintakoevalinnan kehitt\u00e4miseen, ja my\u00f6s maantieteen yhteisvalinnasta on pyydetty edustaja asiantuntijaty\u00f6ryhm\u00e4\u00e4n, joka aloittaa ty\u00f6skentelyns\u00e4 nyt syksyll\u00e4. Maantiede on jo t\u00e4h\u00e4n menness\u00e4 p\u00e4\u00e4ssyt kehitysty\u00f6ss\u00e4 varsin n\u00e4ytt\u00e4v\u00e4sti esille, ja yhteisvalinnan kokemuksille on annettu arvoa. Arvokasta on my\u00f6s se, ett\u00e4 maantieteen paikka on nyt tunnistettu luonnon- ja yhteiskuntatieteellisten alojen rajapinnalle.<\/p>\n<p><!-- \/wp:paragraph --> <!-- wp:paragraph --><\/p>\n<p>Paneelissa esitell\u00e4\u00e4n vuonna 2020 aloitettu maantieteen yhteisvalinta ja avataan yhteisvalinnasta t\u00e4h\u00e4n menness\u00e4 kertyneit\u00e4 kokemuksia. Paneelissa esitell\u00e4\u00e4n my\u00f6s todistusvalinnan uudet pisteytysmallit ja visioidaan valintakoevalinnan tulevaisuutta maantieteen n\u00e4k\u00f6kulmasta.<\/p>\n<p><!-- \/wp:paragraph --><\/p>\n\t\t\t\t<\/div>\n\t\t\t<\/div>\n\t\t\t<\/div>\n\t\n\n\n<p><\/p>\n\n\n\t<div id=\"accordion-block_320433ff05b07ff724aa3afe4f6e4faf\" class=\"accordions\">\n\t\t\t\t\t<div class=\"accordion accordion-js\">\n\t\t\t\t<button class=\"accordion__button\" aria-controls=\"content-4147\" aria-expanded=\"false\" id=\"accordion-control-4147\">\n\t\t\t\t\t<h3 class=\"accordion__heading\" >\n\t\t\t\t\t\t2. Visiting the dead: movie &amp; discussion on Palestinian landownership in a colonial regime\t\t\t\t\t<\/h3>\n\t\t\t\t<\/button>\n\t\t\t\t<div class=\"accordion__content\" role=\"region\" aria-labelledby=\"accordion-control-4147\" aria-hidden=\"true\" id=\"content-4147\">\n\t\t\t\t\t<p><strong>Chair<\/strong>: <span class=\"NormalTextRun SCXW182864573 BCX8\">Mikko <\/span><span class=\"NormalTextRun SpellingErrorV2Themed SCXW182864573 BCX8\">Joronen<\/span>, <span class=\"TextRun SCXW91328502 BCX8\" lang=\"EN-GB\" xml:lang=\"EN-GB\" data-contrast=\"auto\"><span class=\"NormalTextRun SCXW91328502 BCX8\">Tampere University<\/span><\/span><\/p>\n<p><!-- \/wp:paragraph --> <!-- wp:paragraph --><\/p>\n<p><strong>Panelists<\/strong>:\u00a0<span data-contrast=\"auto\">Wassim Ghantous, Tampere University;\u00a0<\/span><span data-contrast=\"auto\">Tiina J\u00e4rvi, Tampere University;\u00a0<\/span><span data-contrast=\"auto\">Mikko Joronen, Tampere University<\/span><\/p>\n<p><!-- \/wp:paragraph --> <!-- wp:paragraph --><\/p>\n<p><strong>Panel language<\/strong>: English<\/p>\n<p><span class=\"TextRun SCXW160667655 BCX8\" lang=\"EN-GB\" xml:lang=\"EN-GB\" data-contrast=\"auto\"><span class=\"NormalTextRun SCXW160667655 BCX8\">This session offers a screening of a research documentary \u201cVisiting the Dead\u201d<\/span><span class=\"NormalTextRun SCXW160667655 BCX8\"> (2023)<\/span><span class=\"NormalTextRun SCXW160667655 BCX8\">. <\/span><span class=\"NormalTextRun SCXW160667655 BCX8\">The d<\/span><span class=\"NormalTextRun SCXW160667655 BCX8\">ocumentary follows Palestinian landowners claims for land under the settler colonial regime, particularly of accessing <\/span><span class=\"NormalTextRun SCXW160667655 BCX8\">and cultivating <\/span><span class=\"NormalTextRun SCXW160667655 BCX8\">the lands annexed for Israeli settlement expansion purposes at West Bank. It focuses particular<\/span><span class=\"NormalTextRun SCXW160667655 BCX8\">ly<\/span><span class=\"NormalTextRun SCXW160667655 BCX8\"> on Palestinian landowners<\/span><span class=\"NormalTextRun SCXW160667655 BCX8\">\u2019<\/span> <span class=\"NormalTextRun SCXW160667655 BCX8\">annual <\/span><span class=\"NormalTextRun SCXW160667655 BCX8\">visits<\/span><span class=\"NormalTextRun SCXW160667655 BCX8\"> to their lands now <\/span><span class=\"NormalTextRun SCXW160667655 BCX8\">located<\/span><span class=\"NormalTextRun SCXW160667655 BCX8\"> behind the separation wall and their <\/span><span class=\"NormalTextRun SCXW160667655 BCX8\">aims to <\/span><span class=\"NormalTextRun SCXW160667655 BCX8\">maintain<\/span><span class=\"NormalTextRun SCXW160667655 BCX8\"> political claims for land<\/span><span class=\"NormalTextRun SCXW160667655 BCX8\">s<\/span><span class=\"NormalTextRun SCXW160667655 BCX8\"> near Jabal Abu <\/span><span class=\"NormalTextRun SpellingErrorV2Themed SCXW160667655 BCX8\">Ghneim<\/span><span class=\"NormalTextRun SCXW160667655 BCX8\"> (<\/span><span class=\"NormalTextRun SCXW160667655 BCX8\">nowadays also known as Har Homa settlement<\/span><span class=\"NormalTextRun SCXW160667655 BCX8\">)<\/span> <span class=\"NormalTextRun SCXW160667655 BCX8\">in<\/span><span class=\"NormalTextRun SCXW160667655 BCX8\"> Bethlehem (West Bank) through cultivation practices<\/span><span class=\"NormalTextRun SCXW160667655 BCX8\"> and bodily presence<\/span><span class=\"NormalTextRun SCXW160667655 BCX8\">. The document touches on number of themes related to <\/span><span class=\"NormalTextRun SCXW160667655 BCX8\">contemporary <\/span><span class=\"NormalTextRun SCXW160667655 BCX8\">colonisation processes<\/span><span class=\"NormalTextRun SCXW160667655 BCX8\">, ecological <\/span><span class=\"NormalTextRun SCXW160667655 BCX8\">degradation,<\/span><span class=\"NormalTextRun SCXW160667655 BCX8\"> and politics of future-making<\/span><span class=\"NormalTextRun SCXW160667655 BCX8\"> in Palestine, particularly the <\/span><span class=\"NormalTextRun SCXW160667655 BCX8\">state <\/span><span class=\"NormalTextRun SCXW160667655 BCX8\">mechanism<\/span><span class=\"NormalTextRun SCXW160667655 BCX8\">s<\/span><span class=\"NormalTextRun SCXW160667655 BCX8\"> of land appropriation, slow erasure of <\/span><span class=\"NormalTextRun SCXW160667655 BCX8\">n<\/span><span class=\"NormalTextRun SCXW160667655 BCX8\">ative <\/span><span class=\"NormalTextRun SCXW160667655 BCX8\">presence and connection to land, destruction of olive groves and<\/span><span class=\"NormalTextRun SCXW160667655 BCX8\"> \u2018<\/span><span class=\"NormalTextRun SpellingErrorV2Themed SCXW160667655 BCX8\">spaciocide<\/span><span class=\"NormalTextRun SCXW160667655 BCX8\">\u2019<\/span><span class=\"NormalTextRun SCXW160667655 BCX8\"> of Palestinian spaces, and the politics of memory and forms of embodied political claims<\/span><span class=\"NormalTextRun SCXW160667655 BCX8\">, which will be further discussed <\/span><span class=\"NormalTextRun SCXW160667655 BCX8\">by a panel <\/span><span class=\"NormalTextRun SCXW160667655 BCX8\">after the film screening. <\/span><span class=\"NormalTextRun SCXW160667655 BCX8\">The documentary<\/span><span class=\"NormalTextRun SCXW160667655 BCX8\"> (<\/span><span class=\"NormalTextRun SCXW160667655 BCX8\">c.30 mins)<\/span><span class=\"NormalTextRun SCXW160667655 BCX8\"> was conducted as part of the research material collection <\/span><span class=\"NormalTextRun SCXW160667655 BCX8\">of <\/span><span class=\"NormalTextRun SCXW160667655 BCX8\">the Academy of Finland funded project \u2018Present-futures in\/of Palestine\u2019 (2019-2023<\/span><span class=\"NormalTextRun ContextualSpellingAndGrammarErrorV2Themed SCXW160667655 BCX8\">)<\/span><span class=\"NormalTextRun ContextualSpellingAndGrammarErrorV2Themed SCXW160667655 BCX8\">, and<\/span><span class=\"NormalTextRun SCXW160667655 BCX8\"> is <\/span><span class=\"NormalTextRun SCXW160667655 BCX8\">further <\/span><span class=\"NormalTextRun SCXW160667655 BCX8\">related to <\/span><span class=\"NormalTextRun SCXW160667655 BCX8\">its <\/span><span class=\"NormalTextRun SCXW160667655 BCX8\">public dissemination and benefit -sharing practices<\/span><span class=\"NormalTextRun SCXW160667655 BCX8\">.<\/span><span class=\"NormalTextRun SCXW160667655 BCX8\"> The screening is accompanied with introduction, commentaries from panellists<\/span><span class=\"NormalTextRun SCXW160667655 BCX8\">,<\/span><span class=\"NormalTextRun SCXW160667655 BCX8\"> and open discussion on the topic.\u00a0<\/span><\/span><span class=\"EOP SCXW160667655 BCX8\" data-ccp-props=\"{&quot;201341983&quot;:0,&quot;335559739&quot;:160,&quot;335559740&quot;:259}\">\u00a0<\/span><\/p>\n\t\t\t\t<\/div>\n\t\t\t<\/div>\n\t\t\t<\/div>\n\t\n\n\n<p><\/p>\n\n\n\t<div id=\"accordion-block_ff7d69d18fc4e1d77df6e6188e49e881\" class=\"accordions\">\n\t\t\t\t\t<div class=\"accordion accordion-js\">\n\t\t\t\t<button class=\"accordion__button\" aria-controls=\"content-8057\" aria-expanded=\"false\" id=\"accordion-control-8057\">\n\t\t\t\t\t<h3 class=\"accordion__heading\" >\n\t\t\t\t\t\t3.  Geographical research in geopolitical crises\t\t\t\t\t<\/h3>\n\t\t\t\t<\/button>\n\t\t\t\t<div class=\"accordion__content\" role=\"region\" aria-labelledby=\"accordion-control-8057\" aria-hidden=\"true\" id=\"content-8057\">\n\t\t\t\t\t<p><!-- wp:paragraph --><\/p>\n<p><strong>Chair<\/strong>: Henrik Nielsen, It\u00e4-Suomen yliopisto\/ University of Eastern Finland<\/p>\n<p><!-- \/wp:paragraph --> <!-- wp:paragraph --><\/p>\n<p><strong>Co-chair<\/strong>: Virpi Kaisto, It\u00e4-Suomen yliopisto\/ University of Eastern Finland<\/p>\n<p><!-- \/wp:paragraph --> <!-- wp:paragraph --><\/p>\n<p><strong>Panelists<\/strong>: Olga Davydova-Minguet, University of Eastern Finland; Elena Nikiforova, University of Helsinki; Olga Brednikova, Independent researcher; Timo Kumpula, University of Eastern Finland; Veli-Pekka Tynkkynen, University of Helsinki; Paul Fryer, University of Eastern Finland.<\/p>\n<p><!-- \/wp:paragraph --> <!-- wp:paragraph --><\/p>\n<p><strong>Panel language<\/strong>: Suomeksi &amp; English<\/p>\n<p><!-- \/wp:paragraph --> <!-- wp:paragraph --><\/p>\n<p>After Russia\u2019s full-scale attack on Ukraine in February 2022, cooperation with Russian universities, individuals and other partners has been halted. That means research projects have been stopped, articles made difficult to finish let alone publish. The war seems to be at still stand now and the restrictions and sanctions put on interaction with Russia and Russians could be in place for a very long time. In this panel we wish to explore and discuss how we, as geographers, can navigate this new geopolitical reality in which we cannot do fieldwork in Russia or collaborate with Russian partners. We would like to hear from researchers from all areas of geography, physical as well as human, regarding how to conduct geographical research in, as well as about, Russia in the current situation. Some of the questions that we would like to discuss are:<\/p>\n<p><!-- \/wp:paragraph --> <!-- wp:list --><\/p>\n<ul>\n<li style=\"list-style-type: none\">\n<ul><!-- wp:list-item --><\/ul>\n<\/li>\n<\/ul>\n<ul>\n<li data-leveltext=\"\uf0b7\" data-font=\"Symbol\" data-listid=\"1\" data-list-defn-props=\"{&quot;335552541&quot;:1,&quot;335559684&quot;:-2,&quot;335559685&quot;:720,&quot;335559991&quot;:360,&quot;469769226&quot;:&quot;Symbol&quot;,&quot;469769242&quot;:[8226],&quot;469777803&quot;:&quot;left&quot;,&quot;469777804&quot;:&quot;\uf0b7&quot;,&quot;469777815&quot;:&quot;hybridMultilevel&quot;}\" data-aria-posinset=\"1\" data-aria-level=\"1\"><span data-contrast=\"none\">Is it possible to do (objective) research in Russia?<\/span><span data-ccp-props=\"{&quot;201341983&quot;:0,&quot;335559739&quot;:160,&quot;335559740&quot;:259}\">\u00a0<\/span><\/li>\n<li data-leveltext=\"\uf0b7\" data-font=\"Symbol\" data-listid=\"1\" data-list-defn-props=\"{&quot;335552541&quot;:1,&quot;335559684&quot;:-2,&quot;335559685&quot;:720,&quot;335559991&quot;:360,&quot;469769226&quot;:&quot;Symbol&quot;,&quot;469769242&quot;:[8226],&quot;469777803&quot;:&quot;left&quot;,&quot;469777804&quot;:&quot;\uf0b7&quot;,&quot;469777815&quot;:&quot;hybridMultilevel&quot;}\" data-aria-posinset=\"2\" data-aria-level=\"1\"><span data-contrast=\"none\">Is it ethical to do research in Russia?<\/span><span data-ccp-props=\"{&quot;201341983&quot;:0,&quot;335559739&quot;:160,&quot;335559740&quot;:259}\">\u00a0<\/span><\/li>\n<li data-leveltext=\"\uf0b7\" data-font=\"Symbol\" data-listid=\"1\" data-list-defn-props=\"{&quot;335552541&quot;:1,&quot;335559684&quot;:-2,&quot;335559685&quot;:720,&quot;335559991&quot;:360,&quot;469769226&quot;:&quot;Symbol&quot;,&quot;469769242&quot;:[8226],&quot;469777803&quot;:&quot;left&quot;,&quot;469777804&quot;:&quot;\uf0b7&quot;,&quot;469777815&quot;:&quot;hybridMultilevel&quot;}\" data-aria-posinset=\"3\" data-aria-level=\"1\"><span data-contrast=\"none\">Is it safe for us and Russians if we do fieldwork in Russia?<\/span><span data-ccp-props=\"{&quot;201341983&quot;:0,&quot;335559739&quot;:160,&quot;335559740&quot;:259}\">\u00a0<\/span><\/li>\n<li data-leveltext=\"\uf0b7\" data-font=\"Symbol\" data-listid=\"1\" data-list-defn-props=\"{&quot;335552541&quot;:1,&quot;335559684&quot;:-2,&quot;335559685&quot;:720,&quot;335559991&quot;:360,&quot;469769226&quot;:&quot;Symbol&quot;,&quot;469769242&quot;:[8226],&quot;469777803&quot;:&quot;left&quot;,&quot;469777804&quot;:&quot;\uf0b7&quot;,&quot;469777815&quot;:&quot;hybridMultilevel&quot;}\" data-aria-posinset=\"4\" data-aria-level=\"1\"><span data-contrast=\"none\">Can we study Russia from a distance and still do relevant research?<\/span><\/li>\n<li data-leveltext=\"\uf0b7\" data-font=\"Symbol\" data-listid=\"1\" data-list-defn-props=\"{&quot;335552541&quot;:1,&quot;335559684&quot;:-2,&quot;335559685&quot;:720,&quot;335559991&quot;:360,&quot;469769226&quot;:&quot;Symbol&quot;,&quot;469769242&quot;:[8226],&quot;469777803&quot;:&quot;left&quot;,&quot;469777804&quot;:&quot;\uf0b7&quot;,&quot;469777815&quot;:&quot;hybridMultilevel&quot;}\" data-aria-posinset=\"1\" data-aria-level=\"1\"><span data-contrast=\"none\">Can we publish in Russian based journals?<\/span><span data-ccp-props=\"{&quot;201341983&quot;:0,&quot;335559739&quot;:160,&quot;335559740&quot;:259}\">\u00a0<\/span><\/li>\n<li data-leveltext=\"\uf0b7\" data-font=\"Symbol\" data-listid=\"1\" data-list-defn-props=\"{&quot;335552541&quot;:1,&quot;335559684&quot;:-2,&quot;335559685&quot;:720,&quot;335559991&quot;:360,&quot;469769226&quot;:&quot;Symbol&quot;,&quot;469769242&quot;:[8226],&quot;469777803&quot;:&quot;left&quot;,&quot;469777804&quot;:&quot;\uf0b7&quot;,&quot;469777815&quot;:&quot;hybridMultilevel&quot;}\" data-aria-posinset=\"2\" data-aria-level=\"1\"><span data-contrast=\"none\">Can we cite what is being published in Russian based journals?<\/span><span data-ccp-props=\"{&quot;201341983&quot;:0,&quot;335559739&quot;:160,&quot;335559740&quot;:259}\">\u00a0<\/span><\/li>\n<li data-leveltext=\"\uf0b7\" data-font=\"Symbol\" data-listid=\"1\" data-list-defn-props=\"{&quot;335552541&quot;:1,&quot;335559684&quot;:-2,&quot;335559685&quot;:720,&quot;335559991&quot;:360,&quot;469769226&quot;:&quot;Symbol&quot;,&quot;469769242&quot;:[8226],&quot;469777803&quot;:&quot;left&quot;,&quot;469777804&quot;:&quot;\uf0b7&quot;,&quot;469777815&quot;:&quot;hybridMultilevel&quot;}\" data-aria-posinset=\"3\" data-aria-level=\"1\"><span data-contrast=\"none\">Should we try to keep up relations with Russian partners and colleagues?<\/span><span data-ccp-props=\"{&quot;201341983&quot;:0,&quot;335559739&quot;:160,&quot;335559740&quot;:259}\">\u00a0<\/span><\/li>\n<li data-leveltext=\"\uf0b7\" data-font=\"Symbol\" data-listid=\"1\" data-list-defn-props=\"{&quot;335552541&quot;:1,&quot;335559684&quot;:-2,&quot;335559685&quot;:720,&quot;335559991&quot;:360,&quot;469769226&quot;:&quot;Symbol&quot;,&quot;469769242&quot;:[8226],&quot;469777803&quot;:&quot;left&quot;,&quot;469777804&quot;:&quot;\uf0b7&quot;,&quot;469777815&quot;:&quot;hybridMultilevel&quot;}\" data-aria-posinset=\"4\" data-aria-level=\"1\"><span data-contrast=\"none\">And many more&#8230;<\/span><span data-ccp-props=\"{&quot;201341983&quot;:0,&quot;335559739&quot;:160,&quot;335559740&quot;:259}\">\u00a0<\/span><\/li>\n<\/ul>\n<p><!-- \/wp:list-item --><\/p>\n<p><!-- \/wp:list --> <!-- wp:paragraph --><\/p>\n<p>We would like to hear what colleagues think about the new reality and how they navigate through it.<\/p>\n<p><!-- \/wp:paragraph --><\/p>\n\t\t\t\t<\/div>\n\t\t\t<\/div>\n\t\t\t<\/div>\n\t","protected":false},"excerpt":{"rendered":"","protected":false},"author":949,"featured_media":0,"parent":0,"menu_order":0,"comment_status":"closed","ping_status":"closed","template":"","meta":{"_acf_changed":false,"footnotes":""},"class_list":["post-1097","page","type-page","status-publish","hentry"],"acf":[],"yoast_head":"<!-- This site is optimized with the Yoast SEO plugin v27.1.1 - https:\/\/yoast.com\/product\/yoast-seo-wordpress\/ -->\n<title>Panels - Maantieteen P\u00e4iv\u00e4t 2023<\/title>\n<meta name=\"robots\" content=\"index, follow, max-snippet:-1, max-image-preview:large, max-video-preview:-1\" \/>\n<link rel=\"canonical\" href=\"https:\/\/sites.uef.fi\/maantieteenpaivat2023\/panels\/\" \/>\n<meta property=\"og:locale\" content=\"fi_FI\" \/>\n<meta property=\"og:type\" content=\"article\" \/>\n<meta property=\"og:title\" content=\"Panels - Maantieteen P\u00e4iv\u00e4t 2023\" \/>\n<meta property=\"og:url\" content=\"https:\/\/sites.uef.fi\/maantieteenpaivat2023\/panels\/\" \/>\n<meta property=\"og:site_name\" content=\"Maantieteen P\u00e4iv\u00e4t 2023\" \/>\n<meta property=\"article:modified_time\" content=\"2023-11-02T09:22:17+00:00\" \/>\n<meta property=\"og:image\" content=\"https:\/\/sites.uef.fi\/maantieteenpaivat2023\/wp-content\/uploads\/sites\/407\/2023\/04\/16-1024x358.jpg\" \/>\n<meta name=\"twitter:card\" content=\"summary_large_image\" \/>\n<meta name=\"twitter:label1\" content=\"Arvioitu lukuaika\" \/>\n\t<meta name=\"twitter:data1\" content=\"1 minuutti\" \/>\n<script type=\"application\/ld+json\" class=\"yoast-schema-graph\">{\"@context\":\"https:\/\/schema.org\",\"@graph\":[{\"@type\":\"WebPage\",\"@id\":\"https:\/\/sites.uef.fi\/maantieteenpaivat2023\/panels\/\",\"url\":\"https:\/\/sites.uef.fi\/maantieteenpaivat2023\/panels\/\",\"name\":\"Panels - Maantieteen P\u00e4iv\u00e4t 2023\",\"isPartOf\":{\"@id\":\"https:\/\/sites.uef.fi\/maantieteenpaivat2023\/#website\"},\"primaryImageOfPage\":{\"@id\":\"https:\/\/sites.uef.fi\/maantieteenpaivat2023\/panels\/#primaryimage\"},\"image\":{\"@id\":\"https:\/\/sites.uef.fi\/maantieteenpaivat2023\/panels\/#primaryimage\"},\"thumbnailUrl\":\"https:\/\/sites.uef.fi\/maantieteenpaivat2023\/wp-content\/uploads\/sites\/407\/2023\/04\/16-1024x358.jpg\",\"datePublished\":\"2023-08-22T08:15:04+00:00\",\"dateModified\":\"2023-11-02T09:22:17+00:00\",\"breadcrumb\":{\"@id\":\"https:\/\/sites.uef.fi\/maantieteenpaivat2023\/panels\/#breadcrumb\"},\"inLanguage\":\"fi\",\"potentialAction\":[{\"@type\":\"ReadAction\",\"target\":[\"https:\/\/sites.uef.fi\/maantieteenpaivat2023\/panels\/\"]}]},{\"@type\":\"ImageObject\",\"inLanguage\":\"fi\",\"@id\":\"https:\/\/sites.uef.fi\/maantieteenpaivat2023\/panels\/#primaryimage\",\"url\":\"https:\/\/sites.uef.fi\/maantieteenpaivat2023\/wp-content\/uploads\/sites\/407\/2023\/04\/16.jpg\",\"contentUrl\":\"https:\/\/sites.uef.fi\/maantieteenpaivat2023\/wp-content\/uploads\/sites\/407\/2023\/04\/16.jpg\",\"width\":1200,\"height\":420},{\"@type\":\"BreadcrumbList\",\"@id\":\"https:\/\/sites.uef.fi\/maantieteenpaivat2023\/panels\/#breadcrumb\",\"itemListElement\":[{\"@type\":\"ListItem\",\"position\":1,\"name\":\"Home\",\"item\":\"https:\/\/sites.uef.fi\/maantieteenpaivat2023\/\"},{\"@type\":\"ListItem\",\"position\":2,\"name\":\"Panels\"}]},{\"@type\":\"WebSite\",\"@id\":\"https:\/\/sites.uef.fi\/maantieteenpaivat2023\/#website\",\"url\":\"https:\/\/sites.uef.fi\/maantieteenpaivat2023\/\",\"name\":\"Maantieteen P\u00e4iv\u00e4t 2023\",\"description\":\"\",\"publisher\":{\"@id\":\"https:\/\/sites.uef.fi\/maantieteenpaivat2023\/#organization\"},\"potentialAction\":[{\"@type\":\"SearchAction\",\"target\":{\"@type\":\"EntryPoint\",\"urlTemplate\":\"https:\/\/sites.uef.fi\/maantieteenpaivat2023\/?s={search_term_string}\"},\"query-input\":{\"@type\":\"PropertyValueSpecification\",\"valueRequired\":true,\"valueName\":\"search_term_string\"}}],\"inLanguage\":\"fi\"},{\"@type\":\"Organization\",\"@id\":\"https:\/\/sites.uef.fi\/maantieteenpaivat2023\/#organization\",\"name\":\"Maantieteen P\u00e4iv\u00e4t 2023\",\"url\":\"https:\/\/sites.uef.fi\/maantieteenpaivat2023\/\",\"logo\":{\"@type\":\"ImageObject\",\"inLanguage\":\"fi\",\"@id\":\"https:\/\/sites.uef.fi\/maantieteenpaivat2023\/#\/schema\/logo\/image\/\",\"url\":\"https:\/\/sites.uef.fi\/maantieteenpaivat2023\/wp-content\/uploads\/sites\/407\/2023\/02\/cropped-UEF_wordpress_white.png\",\"contentUrl\":\"https:\/\/sites.uef.fi\/maantieteenpaivat2023\/wp-content\/uploads\/sites\/407\/2023\/02\/cropped-UEF_wordpress_white.png\",\"width\":250,\"height\":250,\"caption\":\"Maantieteen P\u00e4iv\u00e4t 2023\"},\"image\":{\"@id\":\"https:\/\/sites.uef.fi\/maantieteenpaivat2023\/#\/schema\/logo\/image\/\"}}]}<\/script>\n<!-- \/ Yoast SEO plugin. -->","yoast_head_json":{"title":"Panels - Maantieteen P\u00e4iv\u00e4t 2023","robots":{"index":"index","follow":"follow","max-snippet":"max-snippet:-1","max-image-preview":"max-image-preview:large","max-video-preview":"max-video-preview:-1"},"canonical":"https:\/\/sites.uef.fi\/maantieteenpaivat2023\/panels\/","og_locale":"fi_FI","og_type":"article","og_title":"Panels - Maantieteen P\u00e4iv\u00e4t 2023","og_url":"https:\/\/sites.uef.fi\/maantieteenpaivat2023\/panels\/","og_site_name":"Maantieteen P\u00e4iv\u00e4t 2023","article_modified_time":"2023-11-02T09:22:17+00:00","og_image":[{"url":"https:\/\/sites.uef.fi\/maantieteenpaivat2023\/wp-content\/uploads\/sites\/407\/2023\/04\/16-1024x358.jpg","type":"","width":"","height":""}],"twitter_card":"summary_large_image","twitter_misc":{"Arvioitu lukuaika":"1 minuutti"},"schema":{"@context":"https:\/\/schema.org","@graph":[{"@type":"WebPage","@id":"https:\/\/sites.uef.fi\/maantieteenpaivat2023\/panels\/","url":"https:\/\/sites.uef.fi\/maantieteenpaivat2023\/panels\/","name":"Panels - Maantieteen P\u00e4iv\u00e4t 2023","isPartOf":{"@id":"https:\/\/sites.uef.fi\/maantieteenpaivat2023\/#website"},"primaryImageOfPage":{"@id":"https:\/\/sites.uef.fi\/maantieteenpaivat2023\/panels\/#primaryimage"},"image":{"@id":"https:\/\/sites.uef.fi\/maantieteenpaivat2023\/panels\/#primaryimage"},"thumbnailUrl":"https:\/\/sites.uef.fi\/maantieteenpaivat2023\/wp-content\/uploads\/sites\/407\/2023\/04\/16-1024x358.jpg","datePublished":"2023-08-22T08:15:04+00:00","dateModified":"2023-11-02T09:22:17+00:00","breadcrumb":{"@id":"https:\/\/sites.uef.fi\/maantieteenpaivat2023\/panels\/#breadcrumb"},"inLanguage":"fi","potentialAction":[{"@type":"ReadAction","target":["https:\/\/sites.uef.fi\/maantieteenpaivat2023\/panels\/"]}]},{"@type":"ImageObject","inLanguage":"fi","@id":"https:\/\/sites.uef.fi\/maantieteenpaivat2023\/panels\/#primaryimage","url":"https:\/\/sites.uef.fi\/maantieteenpaivat2023\/wp-content\/uploads\/sites\/407\/2023\/04\/16.jpg","contentUrl":"https:\/\/sites.uef.fi\/maantieteenpaivat2023\/wp-content\/uploads\/sites\/407\/2023\/04\/16.jpg","width":1200,"height":420},{"@type":"BreadcrumbList","@id":"https:\/\/sites.uef.fi\/maantieteenpaivat2023\/panels\/#breadcrumb","itemListElement":[{"@type":"ListItem","position":1,"name":"Home","item":"https:\/\/sites.uef.fi\/maantieteenpaivat2023\/"},{"@type":"ListItem","position":2,"name":"Panels"}]},{"@type":"WebSite","@id":"https:\/\/sites.uef.fi\/maantieteenpaivat2023\/#website","url":"https:\/\/sites.uef.fi\/maantieteenpaivat2023\/","name":"Maantieteen P\u00e4iv\u00e4t 2023","description":"","publisher":{"@id":"https:\/\/sites.uef.fi\/maantieteenpaivat2023\/#organization"},"potentialAction":[{"@type":"SearchAction","target":{"@type":"EntryPoint","urlTemplate":"https:\/\/sites.uef.fi\/maantieteenpaivat2023\/?s={search_term_string}"},"query-input":{"@type":"PropertyValueSpecification","valueRequired":true,"valueName":"search_term_string"}}],"inLanguage":"fi"},{"@type":"Organization","@id":"https:\/\/sites.uef.fi\/maantieteenpaivat2023\/#organization","name":"Maantieteen P\u00e4iv\u00e4t 2023","url":"https:\/\/sites.uef.fi\/maantieteenpaivat2023\/","logo":{"@type":"ImageObject","inLanguage":"fi","@id":"https:\/\/sites.uef.fi\/maantieteenpaivat2023\/#\/schema\/logo\/image\/","url":"https:\/\/sites.uef.fi\/maantieteenpaivat2023\/wp-content\/uploads\/sites\/407\/2023\/02\/cropped-UEF_wordpress_white.png","contentUrl":"https:\/\/sites.uef.fi\/maantieteenpaivat2023\/wp-content\/uploads\/sites\/407\/2023\/02\/cropped-UEF_wordpress_white.png","width":250,"height":250,"caption":"Maantieteen P\u00e4iv\u00e4t 2023"},"image":{"@id":"https:\/\/sites.uef.fi\/maantieteenpaivat2023\/#\/schema\/logo\/image\/"}}]}},"_links":{"self":[{"href":"https:\/\/sites.uef.fi\/maantieteenpaivat2023\/wp-json\/wp\/v2\/pages\/1097","targetHints":{"allow":["GET"]}}],"collection":[{"href":"https:\/\/sites.uef.fi\/maantieteenpaivat2023\/wp-json\/wp\/v2\/pages"}],"about":[{"href":"https:\/\/sites.uef.fi\/maantieteenpaivat2023\/wp-json\/wp\/v2\/types\/page"}],"author":[{"embeddable":true,"href":"https:\/\/sites.uef.fi\/maantieteenpaivat2023\/wp-json\/wp\/v2\/users\/949"}],"replies":[{"embeddable":true,"href":"https:\/\/sites.uef.fi\/maantieteenpaivat2023\/wp-json\/wp\/v2\/comments?post=1097"}],"version-history":[{"count":2,"href":"https:\/\/sites.uef.fi\/maantieteenpaivat2023\/wp-json\/wp\/v2\/pages\/1097\/revisions"}],"predecessor-version":[{"id":2079,"href":"https:\/\/sites.uef.fi\/maantieteenpaivat2023\/wp-json\/wp\/v2\/pages\/1097\/revisions\/2079"}],"wp:attachment":[{"href":"https:\/\/sites.uef.fi\/maantieteenpaivat2023\/wp-json\/wp\/v2\/media?parent=1097"}],"curies":[{"name":"wp","href":"https:\/\/api.w.org\/{rel}","templated":true}]}}