{"id":310,"date":"2023-03-02T16:05:54","date_gmt":"2023-03-02T14:05:54","guid":{"rendered":"https:\/\/sites.uef.fi\/maantieteenpaivat2023\/?page_id=310"},"modified":"2023-11-08T08:32:06","modified_gmt":"2023-11-08T06:32:06","slug":"doctoral-school","status":"publish","type":"page","link":"https:\/\/sites.uef.fi\/maantieteenpaivat2023\/doctoral-school\/","title":{"rendered":"Doctoral School"},"content":{"rendered":"\n<figure class=\"wp-block-image size-large\"><img loading=\"lazy\" decoding=\"async\" width=\"1024\" height=\"358\" src=\"https:\/\/sites.uef.fi\/maantieteenpaivat2023\/wp-content\/uploads\/sites\/407\/2023\/04\/15-1024x358.jpg\" alt=\"\" class=\"wp-image-440\" srcset=\"https:\/\/sites.uef.fi\/maantieteenpaivat2023\/wp-content\/uploads\/sites\/407\/2023\/04\/15-1024x358.jpg 1024w, https:\/\/sites.uef.fi\/maantieteenpaivat2023\/wp-content\/uploads\/sites\/407\/2023\/04\/15-300x105.jpg 300w, https:\/\/sites.uef.fi\/maantieteenpaivat2023\/wp-content\/uploads\/sites\/407\/2023\/04\/15-768x269.jpg 768w, https:\/\/sites.uef.fi\/maantieteenpaivat2023\/wp-content\/uploads\/sites\/407\/2023\/04\/15.jpg 1200w\" sizes=\"auto, (max-width: 1024px) 100vw, 1024px\" \/><\/figure>\n\n\n\n<h2 class=\"wp-block-heading\"><strong>Geography Days Doctoral School 8.11.2023<\/strong><\/h2>\n\n\n\n<p>The Maantieteen P\u00e4iv\u00e4t Doctoral school intensive course will be held on the 8.11.2023 at 13:00-18:00<\/p>\n\n\n\n<p>Location: University of Eastern Finland, Joensuu campus, Metria Building, room M109<\/p>\n\n\n\n<p><\/p>\n\n\n\n<h2 class=\"wp-block-heading\">Theories, methods, data\u2026WTF!<\/h2>\n\n\n\n<p>2 op\/ECTS<\/p>\n\n\n\n<p>The aim of the 2023 Geography Days Doctoral School is to give students the chance to present and get feedback on one of the most challenging, and yet essential, components of their thesis work. For many students, exploring, unraveling, and developing a coherent theoretical and\/or methodological\/data basis for their doctoral project with new theory or data-driven approaches can be an overwhelming task. Rapidly developing fields in geography, such as big data, AI, image and graph analysis, etc., require new skills and understanding \u2013 so let\u2019s WTF (Widen The Focus)! The full exploitation and avoiding of the pitfalls of new approaches and possibilities need experiences to be accumulated and results shared to the community of researchers. With the help of our invited Geography Days speakers and UEF staff, we will try to simplify this by providing relevant presentations and constructive feedback on your own work.<\/p>\n\n\n\n<p><strong>Doctoral school speakers:<\/strong><\/p>\n\n\n\n<p>Rob Kitchin, Maynooth University and Eric Delmelle, The University of North Carolina at Charlotte &amp; University of Eastern Finland.<\/p>\n\n\n\n<p><\/p>\n\n\n\n<p><strong>Registration<\/strong>:<\/p>\n\n\n\n<p>Participating students are asked to provide the doctoral school organisors with:<\/p>\n\n\n\n<ul class=\"wp-block-list\">\n<li>Title of their presentation<\/li>\n\n\n\n<li>A piece of their relevant work (part of thesis, article, idea paper, 1 &#8211; max. 5 pages) that they want to discuss<\/li>\n<\/ul>\n\n\n\n<p>Both should be send latest by 10.10.2023 to Olli Lehtonen (<a href=\"mailto:olli.lehtonen@uef.fi\" target=\"_blank\" rel=\"noreferrer noopener\">olli.lehtonen@uef.fi<\/a>).<\/p>\n\n\n\n<p>The school has a limit of 16 participants and information on acceptance to the course will be announce by 12.10.2023 via e-mail. Presentations should be 15-20 minutes. Doctoral school is free but if the participants also want to participate in Maantieteen P\u00e4iv\u00e4t 2023 on the following days, they must register separately.<\/p>\n\n\n\n<p><\/p>\n\n\n\n<p><strong>Course schedule:<\/strong><\/p>\n\n\n\n<p>13:00-13:05 Welcome<\/p>\n\n\n\n<p>13:05-13:30 First presentation and discussion (Rob Kitchin)<\/p>\n\n\n\n<p>13:30-14:00 Second presentation and discussion (Eric Delmelle)<\/p>\n\n\n\n<p>14:00-15:00 PhD Session I<\/p>\n\n\n\n<p>15:00-15:30 Coffee<\/p>\n\n\n\n<p>15:30-16:30 PhD session II<\/p>\n\n\n\n<p>16:30-16:45 break<\/p>\n\n\n\n<p>16:45-17:45 PhD session III<\/p>\n\n\n\n<p>17:45-18:00 Final discussion<\/p>\n\n\n\n<p>18:30-20:00 Doctoral school dinner (Kerubi)<\/p>\n\n\n\n<p>20:00-           Unformal get-together at Kerubi &#8211; <strong>everyone participating in MTP2023 is welcome to join!<\/strong><\/p>\n","protected":false},"excerpt":{"rendered":"<p>Geography Days Doctoral School 8.11.2023 The Maantieteen P\u00e4iv\u00e4t Doctoral school intensive course will be held on the 8.11.2023 at 13:00-18:00 Location: University of Eastern Finland, Joensuu campus, Metria Building, room M109 Theories, methods, data\u2026WTF! 2 op\/ECTS The aim of the 2023 Geography Days Doctoral School is to give students the chance to present and get [&hellip;]<\/p>\n","protected":false},"author":855,"featured_media":0,"parent":0,"menu_order":0,"comment_status":"closed","ping_status":"closed","template":"","meta":{"_acf_changed":false,"footnotes":""},"class_list":["post-310","page","type-page","status-publish","hentry"],"acf":[],"yoast_head":"<!-- This site is optimized with the Yoast SEO plugin v27.1.1 - https:\/\/yoast.com\/product\/yoast-seo-wordpress\/ -->\n<title>Doctoral School - Maantieteen P\u00e4iv\u00e4t 2023<\/title>\n<meta name=\"robots\" content=\"index, follow, max-snippet:-1, max-image-preview:large, max-video-preview:-1\" \/>\n<link rel=\"canonical\" href=\"https:\/\/sites.uef.fi\/maantieteenpaivat2023\/doctoral-school\/\" \/>\n<meta property=\"og:locale\" content=\"fi_FI\" \/>\n<meta property=\"og:type\" content=\"article\" \/>\n<meta property=\"og:title\" content=\"Doctoral School - Maantieteen P\u00e4iv\u00e4t 2023\" \/>\n<meta property=\"og:description\" content=\"Geography Days Doctoral School 8.11.2023 The Maantieteen P\u00e4iv\u00e4t Doctoral school intensive course will be held on the 8.11.2023 at 13:00-18:00 Location: University of Eastern Finland, Joensuu campus, Metria Building, room M109 Theories, methods, data\u2026WTF! 2 op\/ECTS The aim of the 2023 Geography Days Doctoral School is to give students the chance to present and get [&hellip;]\" \/>\n<meta property=\"og:url\" content=\"https:\/\/sites.uef.fi\/maantieteenpaivat2023\/doctoral-school\/\" \/>\n<meta property=\"og:site_name\" content=\"Maantieteen P\u00e4iv\u00e4t 2023\" \/>\n<meta property=\"article:modified_time\" content=\"2023-11-08T06:32:06+00:00\" \/>\n<meta property=\"og:image\" content=\"https:\/\/sites.uef.fi\/maantieteenpaivat2023\/wp-content\/uploads\/sites\/407\/2023\/04\/15-1024x358.jpg\" \/>\n<meta name=\"twitter:card\" content=\"summary_large_image\" \/>\n<meta name=\"twitter:label1\" content=\"Arvioitu lukuaika\" \/>\n\t<meta name=\"twitter:data1\" content=\"2 minuuttia\" \/>\n<script type=\"application\/ld+json\" class=\"yoast-schema-graph\">{\"@context\":\"https:\/\/schema.org\",\"@graph\":[{\"@type\":\"WebPage\",\"@id\":\"https:\/\/sites.uef.fi\/maantieteenpaivat2023\/doctoral-school\/\",\"url\":\"https:\/\/sites.uef.fi\/maantieteenpaivat2023\/doctoral-school\/\",\"name\":\"Doctoral School - Maantieteen P\u00e4iv\u00e4t 2023\",\"isPartOf\":{\"@id\":\"https:\/\/sites.uef.fi\/maantieteenpaivat2023\/#website\"},\"primaryImageOfPage\":{\"@id\":\"https:\/\/sites.uef.fi\/maantieteenpaivat2023\/doctoral-school\/#primaryimage\"},\"image\":{\"@id\":\"https:\/\/sites.uef.fi\/maantieteenpaivat2023\/doctoral-school\/#primaryimage\"},\"thumbnailUrl\":\"https:\/\/sites.uef.fi\/maantieteenpaivat2023\/wp-content\/uploads\/sites\/407\/2023\/04\/15-1024x358.jpg\",\"datePublished\":\"2023-03-02T14:05:54+00:00\",\"dateModified\":\"2023-11-08T06:32:06+00:00\",\"breadcrumb\":{\"@id\":\"https:\/\/sites.uef.fi\/maantieteenpaivat2023\/doctoral-school\/#breadcrumb\"},\"inLanguage\":\"fi\",\"potentialAction\":[{\"@type\":\"ReadAction\",\"target\":[\"https:\/\/sites.uef.fi\/maantieteenpaivat2023\/doctoral-school\/\"]}]},{\"@type\":\"ImageObject\",\"inLanguage\":\"fi\",\"@id\":\"https:\/\/sites.uef.fi\/maantieteenpaivat2023\/doctoral-school\/#primaryimage\",\"url\":\"https:\/\/sites.uef.fi\/maantieteenpaivat2023\/wp-content\/uploads\/sites\/407\/2023\/04\/15.jpg\",\"contentUrl\":\"https:\/\/sites.uef.fi\/maantieteenpaivat2023\/wp-content\/uploads\/sites\/407\/2023\/04\/15.jpg\",\"width\":1200,\"height\":420},{\"@type\":\"BreadcrumbList\",\"@id\":\"https:\/\/sites.uef.fi\/maantieteenpaivat2023\/doctoral-school\/#breadcrumb\",\"itemListElement\":[{\"@type\":\"ListItem\",\"position\":1,\"name\":\"Home\",\"item\":\"https:\/\/sites.uef.fi\/maantieteenpaivat2023\/\"},{\"@type\":\"ListItem\",\"position\":2,\"name\":\"Doctoral School\"}]},{\"@type\":\"WebSite\",\"@id\":\"https:\/\/sites.uef.fi\/maantieteenpaivat2023\/#website\",\"url\":\"https:\/\/sites.uef.fi\/maantieteenpaivat2023\/\",\"name\":\"Maantieteen P\u00e4iv\u00e4t 2023\",\"description\":\"\",\"publisher\":{\"@id\":\"https:\/\/sites.uef.fi\/maantieteenpaivat2023\/#organization\"},\"potentialAction\":[{\"@type\":\"SearchAction\",\"target\":{\"@type\":\"EntryPoint\",\"urlTemplate\":\"https:\/\/sites.uef.fi\/maantieteenpaivat2023\/?s={search_term_string}\"},\"query-input\":{\"@type\":\"PropertyValueSpecification\",\"valueRequired\":true,\"valueName\":\"search_term_string\"}}],\"inLanguage\":\"fi\"},{\"@type\":\"Organization\",\"@id\":\"https:\/\/sites.uef.fi\/maantieteenpaivat2023\/#organization\",\"name\":\"Maantieteen P\u00e4iv\u00e4t 2023\",\"url\":\"https:\/\/sites.uef.fi\/maantieteenpaivat2023\/\",\"logo\":{\"@type\":\"ImageObject\",\"inLanguage\":\"fi\",\"@id\":\"https:\/\/sites.uef.fi\/maantieteenpaivat2023\/#\/schema\/logo\/image\/\",\"url\":\"https:\/\/sites.uef.fi\/maantieteenpaivat2023\/wp-content\/uploads\/sites\/407\/2023\/02\/cropped-UEF_wordpress_white.png\",\"contentUrl\":\"https:\/\/sites.uef.fi\/maantieteenpaivat2023\/wp-content\/uploads\/sites\/407\/2023\/02\/cropped-UEF_wordpress_white.png\",\"width\":250,\"height\":250,\"caption\":\"Maantieteen P\u00e4iv\u00e4t 2023\"},\"image\":{\"@id\":\"https:\/\/sites.uef.fi\/maantieteenpaivat2023\/#\/schema\/logo\/image\/\"}}]}<\/script>\n<!-- \/ Yoast SEO plugin. -->","yoast_head_json":{"title":"Doctoral School - Maantieteen P\u00e4iv\u00e4t 2023","robots":{"index":"index","follow":"follow","max-snippet":"max-snippet:-1","max-image-preview":"max-image-preview:large","max-video-preview":"max-video-preview:-1"},"canonical":"https:\/\/sites.uef.fi\/maantieteenpaivat2023\/doctoral-school\/","og_locale":"fi_FI","og_type":"article","og_title":"Doctoral School - Maantieteen P\u00e4iv\u00e4t 2023","og_description":"Geography Days Doctoral School 8.11.2023 The Maantieteen P\u00e4iv\u00e4t Doctoral school intensive course will be held on the 8.11.2023 at 13:00-18:00 Location: University of Eastern Finland, Joensuu campus, Metria Building, room M109 Theories, methods, data\u2026WTF! 2 op\/ECTS The aim of the 2023 Geography Days Doctoral School is to give students the chance to present and get [&hellip;]","og_url":"https:\/\/sites.uef.fi\/maantieteenpaivat2023\/doctoral-school\/","og_site_name":"Maantieteen P\u00e4iv\u00e4t 2023","article_modified_time":"2023-11-08T06:32:06+00:00","og_image":[{"url":"https:\/\/sites.uef.fi\/maantieteenpaivat2023\/wp-content\/uploads\/sites\/407\/2023\/04\/15-1024x358.jpg","type":"","width":"","height":""}],"twitter_card":"summary_large_image","twitter_misc":{"Arvioitu lukuaika":"2 minuuttia"},"schema":{"@context":"https:\/\/schema.org","@graph":[{"@type":"WebPage","@id":"https:\/\/sites.uef.fi\/maantieteenpaivat2023\/doctoral-school\/","url":"https:\/\/sites.uef.fi\/maantieteenpaivat2023\/doctoral-school\/","name":"Doctoral School - Maantieteen P\u00e4iv\u00e4t 2023","isPartOf":{"@id":"https:\/\/sites.uef.fi\/maantieteenpaivat2023\/#website"},"primaryImageOfPage":{"@id":"https:\/\/sites.uef.fi\/maantieteenpaivat2023\/doctoral-school\/#primaryimage"},"image":{"@id":"https:\/\/sites.uef.fi\/maantieteenpaivat2023\/doctoral-school\/#primaryimage"},"thumbnailUrl":"https:\/\/sites.uef.fi\/maantieteenpaivat2023\/wp-content\/uploads\/sites\/407\/2023\/04\/15-1024x358.jpg","datePublished":"2023-03-02T14:05:54+00:00","dateModified":"2023-11-08T06:32:06+00:00","breadcrumb":{"@id":"https:\/\/sites.uef.fi\/maantieteenpaivat2023\/doctoral-school\/#breadcrumb"},"inLanguage":"fi","potentialAction":[{"@type":"ReadAction","target":["https:\/\/sites.uef.fi\/maantieteenpaivat2023\/doctoral-school\/"]}]},{"@type":"ImageObject","inLanguage":"fi","@id":"https:\/\/sites.uef.fi\/maantieteenpaivat2023\/doctoral-school\/#primaryimage","url":"https:\/\/sites.uef.fi\/maantieteenpaivat2023\/wp-content\/uploads\/sites\/407\/2023\/04\/15.jpg","contentUrl":"https:\/\/sites.uef.fi\/maantieteenpaivat2023\/wp-content\/uploads\/sites\/407\/2023\/04\/15.jpg","width":1200,"height":420},{"@type":"BreadcrumbList","@id":"https:\/\/sites.uef.fi\/maantieteenpaivat2023\/doctoral-school\/#breadcrumb","itemListElement":[{"@type":"ListItem","position":1,"name":"Home","item":"https:\/\/sites.uef.fi\/maantieteenpaivat2023\/"},{"@type":"ListItem","position":2,"name":"Doctoral School"}]},{"@type":"WebSite","@id":"https:\/\/sites.uef.fi\/maantieteenpaivat2023\/#website","url":"https:\/\/sites.uef.fi\/maantieteenpaivat2023\/","name":"Maantieteen P\u00e4iv\u00e4t 2023","description":"","publisher":{"@id":"https:\/\/sites.uef.fi\/maantieteenpaivat2023\/#organization"},"potentialAction":[{"@type":"SearchAction","target":{"@type":"EntryPoint","urlTemplate":"https:\/\/sites.uef.fi\/maantieteenpaivat2023\/?s={search_term_string}"},"query-input":{"@type":"PropertyValueSpecification","valueRequired":true,"valueName":"search_term_string"}}],"inLanguage":"fi"},{"@type":"Organization","@id":"https:\/\/sites.uef.fi\/maantieteenpaivat2023\/#organization","name":"Maantieteen P\u00e4iv\u00e4t 2023","url":"https:\/\/sites.uef.fi\/maantieteenpaivat2023\/","logo":{"@type":"ImageObject","inLanguage":"fi","@id":"https:\/\/sites.uef.fi\/maantieteenpaivat2023\/#\/schema\/logo\/image\/","url":"https:\/\/sites.uef.fi\/maantieteenpaivat2023\/wp-content\/uploads\/sites\/407\/2023\/02\/cropped-UEF_wordpress_white.png","contentUrl":"https:\/\/sites.uef.fi\/maantieteenpaivat2023\/wp-content\/uploads\/sites\/407\/2023\/02\/cropped-UEF_wordpress_white.png","width":250,"height":250,"caption":"Maantieteen P\u00e4iv\u00e4t 2023"},"image":{"@id":"https:\/\/sites.uef.fi\/maantieteenpaivat2023\/#\/schema\/logo\/image\/"}}]}},"_links":{"self":[{"href":"https:\/\/sites.uef.fi\/maantieteenpaivat2023\/wp-json\/wp\/v2\/pages\/310","targetHints":{"allow":["GET"]}}],"collection":[{"href":"https:\/\/sites.uef.fi\/maantieteenpaivat2023\/wp-json\/wp\/v2\/pages"}],"about":[{"href":"https:\/\/sites.uef.fi\/maantieteenpaivat2023\/wp-json\/wp\/v2\/types\/page"}],"author":[{"embeddable":true,"href":"https:\/\/sites.uef.fi\/maantieteenpaivat2023\/wp-json\/wp\/v2\/users\/855"}],"replies":[{"embeddable":true,"href":"https:\/\/sites.uef.fi\/maantieteenpaivat2023\/wp-json\/wp\/v2\/comments?post=310"}],"version-history":[{"count":1,"href":"https:\/\/sites.uef.fi\/maantieteenpaivat2023\/wp-json\/wp\/v2\/pages\/310\/revisions"}],"predecessor-version":[{"id":2194,"href":"https:\/\/sites.uef.fi\/maantieteenpaivat2023\/wp-json\/wp\/v2\/pages\/310\/revisions\/2194"}],"wp:attachment":[{"href":"https:\/\/sites.uef.fi\/maantieteenpaivat2023\/wp-json\/wp\/v2\/media?parent=310"}],"curies":[{"name":"wp","href":"https:\/\/api.w.org\/{rel}","templated":true}]}}