{"id":28,"date":"2020-10-07T15:05:33","date_gmt":"2020-10-07T12:05:33","guid":{"rendered":"https:\/\/sites.uef.fi\/mahtavaa-matematiikkaa-2020\/?page_id=28"},"modified":"2025-11-05T20:34:55","modified_gmt":"2025-11-05T18:34:55","slug":"etusivu","status":"publish","type":"page","link":"https:\/\/sites.uef.fi\/mahtavaa-matematiikkaa\/","title":{"rendered":"Etusivu"},"content":{"rendered":"<div style=\"max-width: 850px;margin: 0 auto;float: none;font-size: 110%;text-align: justify\">\n<p>Mahtavaa matematiikkaa -teemap\u00e4iv\u00e4\u00e4 vietet\u00e4\u00e4n torstaina 6.11.2025. T\u00e4m\u00e4n syksyn teemap\u00e4iv\u00e4n\u00e4 julkaisimme <a href=\"https:\/\/sites.uef.fi\/mahtavaa-matematiikkaa\/matikkamoron-lepytys-lautapeli\/\">Matikkam\u00f6r\u00f6n lepytys<\/a> -lautapelin, jonka pelaamisen voit aloittaa heti tulostusten ja valmistelujen j\u00e4lkeen. Vuoden 2026 aikana sama lautapeli toteutetaan my\u00f6s digitaalisesti, jonka j\u00e4lkeen sit\u00e4 voi pelata verkossa.<\/p>\n<p>\nMahtavaa matematiikkaa -teemap\u00e4iv\u00e4\u00e4 2024 varten toteutettiin <a href=\"https:\/\/sites.uef.fi\/mahtavaa-matematiikkaa\/sienestavan-sijaisen-salaisuus-pakopeli\/\">Sienest\u00e4v\u00e4n sijaisen salaisuus<\/a> -pakopeli. Teemap\u00e4iv\u00e4\u00e4 2023 varten toteutettiin <a href=\"https:\/\/sites.uef.fi\/mahtavaa-matematiikkaa\/pakopeli\/\">Pako Metrialta<\/a> -pakopeli ja teemap\u00e4iv\u00e4\u00e4 2022 toteutettiin <a href=\"https:\/\/sites.uef.fi\/mahtavaa-matematiikkaa\/domino\/\" target=\"_blank\" rel=\"noreferrer noopener\">matematiikkadomino<\/a>. Kaikki pelit ovat edelleen pelattavissa. Mahtavaa matematiikkaa -teemap\u00e4iv\u00e4n kansalliselle p\u00e4\u00e4sivulle p\u00e4\u00e4set puolestaan linkist\u00e4 <a href=\"https:\/\/www.mahtavaamatematiikkaa.fi\">https:\/\/www.mahtavaamatematiikkaa.fi<\/a>.<\/p>\n<p>T\u00e4lle sivustolle on ker\u00e4tty yliopistomatematiikassa esiin tulevia tuloksia, joille tunnetaan oivaltava ja usein geometriseen p\u00e4\u00e4ttelyyn nojaava perustelu. T\u00e4llaiset matemaattiset tulokset ovat helposti ymm\u00e4rrett\u00e4vi\u00e4, vaikka niiden analyyttiset todistukset ovatkin usein monimutkaisia ja vaativat runsaasti pohjatietoja. Materiaali on pyritty esitt\u00e4m\u00e4\u00e4n niin, ett\u00e4 lukija l\u00f6yt\u00e4\u00e4 mielenkiintoisia yksityiskohtia taitotasosta riippumatta. <span style=\"color:red\">Alisivuille p\u00e4\u00e4set klikkaamalla &#8221;kolme vaakaviivaa&#8221; -kuvaketta<\/span>, jonka l\u00f6yd\u00e4t sivun yl\u00e4reunasta.<\/p>\n<p>T\u00e4m\u00e4n nettisivun inspiraationa on toiminut julistekokoelma yliopiston <em>Universitat Aut\u00f2noma de Barcelona<\/em> matematiikan laitoksen k\u00e4yt\u00e4v\u00e4ll\u00e4. Materiaalia on lainattu my\u00f6s It\u00e4-Suomen yliopiston matematiikan kursseilta, jotka ovat suoritettavissa verkko-opintona <a href=\"https:\/\/www3.uef.fi\/fi\/web\/aducate\/avoin-yliopisto\" target=\"_blank\" rel=\"noreferrer noopener\">avoimen yliopiston<\/a> kautta. It\u00e4-Suomen yliopiston verkkomateriaalia on tehty kokoonpanolla Janne Gr\u00f6hn, Juha-Matti Huusko, Ella Pirhonen ja Mikko Juvonen.<\/p>\n<p>Kaipaatko lis\u00e4\u00e4 materiaalia? Suosittelemme l\u00e4mpim\u00e4sti matematiikkalehti Solmua ja sen valtavia ilmaisia arkistoja: <a href=\"https:\/\/matematiikkalehtisolmu.fi\">https:\/\/matematiikkalehtisolmu.fi<\/a><\/p>\n<\/div>\n\n\n\n<figure class=\"wp-block-image size-full\"><a href=\"https:\/\/matematiikkalehtisolmu.fi\"><img loading=\"lazy\" decoding=\"async\" width=\"1018\" height=\"175\" src=\"https:\/\/sites.uef.fi\/mahtavaa-matematiikkaa\/wp-content\/uploads\/sites\/181\/2024\/11\/solmu_ylapalkki.png\" alt=\"\" class=\"wp-image-5186\" srcset=\"https:\/\/sites.uef.fi\/mahtavaa-matematiikkaa\/wp-content\/uploads\/sites\/181\/2024\/11\/solmu_ylapalkki.png 1018w, https:\/\/sites.uef.fi\/mahtavaa-matematiikkaa\/wp-content\/uploads\/sites\/181\/2024\/11\/solmu_ylapalkki-300x52.png 300w, https:\/\/sites.uef.fi\/mahtavaa-matematiikkaa\/wp-content\/uploads\/sites\/181\/2024\/11\/solmu_ylapalkki-768x132.png 768w\" sizes=\"auto, (max-width: 1018px) 100vw, 1018px\" \/><\/a><\/figure>\n\n\n\n<p><\/p>\n","protected":false},"excerpt":{"rendered":"","protected":false},"author":2,"featured_media":0,"parent":0,"menu_order":1,"comment_status":"closed","ping_status":"closed","template":"","meta":{"_acf_changed":false,"inline_featured_image":false,"footnotes":""},"class_list":["post-28","page","type-page","status-publish","hentry"],"acf":[],"yoast_head":"<!-- This site is optimized with the Yoast SEO plugin v27.3 - https:\/\/yoast.com\/product\/yoast-seo-wordpress\/ -->\n<title>Etusivu - Mahtavaa matematiikkaa<\/title>\n<meta name=\"robots\" content=\"index, follow, max-snippet:-1, max-image-preview:large, max-video-preview:-1\" \/>\n<link rel=\"canonical\" href=\"https:\/\/sites.uef.fi\/mahtavaa-matematiikkaa\/\" \/>\n<meta property=\"og:locale\" content=\"fi_FI\" \/>\n<meta property=\"og:type\" content=\"article\" \/>\n<meta property=\"og:title\" content=\"Etusivu - Mahtavaa matematiikkaa\" \/>\n<meta property=\"og:url\" content=\"https:\/\/sites.uef.fi\/mahtavaa-matematiikkaa\/\" \/>\n<meta property=\"og:site_name\" content=\"Mahtavaa matematiikkaa\" \/>\n<meta property=\"article:modified_time\" content=\"2025-11-05T18:34:55+00:00\" \/>\n<meta property=\"og:image\" content=\"https:\/\/sites.uef.fi\/mahtavaa-matematiikkaa\/wp-content\/uploads\/sites\/181\/2024\/11\/solmu_ylapalkki.png\" \/>\n\t<meta property=\"og:image:width\" content=\"1018\" \/>\n\t<meta property=\"og:image:height\" content=\"175\" \/>\n\t<meta property=\"og:image:type\" content=\"image\/png\" \/>\n<meta name=\"twitter:card\" content=\"summary_large_image\" \/>\n<meta name=\"twitter:label1\" content=\"Arvioitu lukuaika\" \/>\n\t<meta name=\"twitter:data1\" content=\"2 minuuttia\" \/>\n<script type=\"application\/ld+json\" class=\"yoast-schema-graph\">{\"@context\":\"https:\\\/\\\/schema.org\",\"@graph\":[{\"@type\":\"WebPage\",\"@id\":\"https:\\\/\\\/sites.uef.fi\\\/mahtavaa-matematiikkaa\\\/\",\"url\":\"https:\\\/\\\/sites.uef.fi\\\/mahtavaa-matematiikkaa\\\/\",\"name\":\"Etusivu - Mahtavaa matematiikkaa\",\"isPartOf\":{\"@id\":\"https:\\\/\\\/sites.uef.fi\\\/mahtavaa-matematiikkaa\\\/#website\"},\"primaryImageOfPage\":{\"@id\":\"https:\\\/\\\/sites.uef.fi\\\/mahtavaa-matematiikkaa\\\/#primaryimage\"},\"image\":{\"@id\":\"https:\\\/\\\/sites.uef.fi\\\/mahtavaa-matematiikkaa\\\/#primaryimage\"},\"thumbnailUrl\":\"https:\\\/\\\/sites.uef.fi\\\/mahtavaa-matematiikkaa\\\/wp-content\\\/uploads\\\/sites\\\/181\\\/2024\\\/11\\\/solmu_ylapalkki.png\",\"datePublished\":\"2020-10-07T12:05:33+00:00\",\"dateModified\":\"2025-11-05T18:34:55+00:00\",\"breadcrumb\":{\"@id\":\"https:\\\/\\\/sites.uef.fi\\\/mahtavaa-matematiikkaa\\\/#breadcrumb\"},\"inLanguage\":\"fi\",\"potentialAction\":[{\"@type\":\"ReadAction\",\"target\":[\"https:\\\/\\\/sites.uef.fi\\\/mahtavaa-matematiikkaa\\\/\"]}]},{\"@type\":\"ImageObject\",\"inLanguage\":\"fi\",\"@id\":\"https:\\\/\\\/sites.uef.fi\\\/mahtavaa-matematiikkaa\\\/#primaryimage\",\"url\":\"https:\\\/\\\/sites.uef.fi\\\/mahtavaa-matematiikkaa\\\/wp-content\\\/uploads\\\/sites\\\/181\\\/2024\\\/11\\\/solmu_ylapalkki.png\",\"contentUrl\":\"https:\\\/\\\/sites.uef.fi\\\/mahtavaa-matematiikkaa\\\/wp-content\\\/uploads\\\/sites\\\/181\\\/2024\\\/11\\\/solmu_ylapalkki.png\",\"width\":1018,\"height\":175},{\"@type\":\"BreadcrumbList\",\"@id\":\"https:\\\/\\\/sites.uef.fi\\\/mahtavaa-matematiikkaa\\\/#breadcrumb\",\"itemListElement\":[{\"@type\":\"ListItem\",\"position\":1,\"name\":\"Home\",\"item\":\"https:\\\/\\\/sites.uef.fi\\\/mahtavaa-matematiikkaa\\\/\"},{\"@type\":\"ListItem\",\"position\":2,\"name\":\"Etusivu\"}]},{\"@type\":\"WebSite\",\"@id\":\"https:\\\/\\\/sites.uef.fi\\\/mahtavaa-matematiikkaa\\\/#website\",\"url\":\"https:\\\/\\\/sites.uef.fi\\\/mahtavaa-matematiikkaa\\\/\",\"name\":\"Mahtavaa matematiikkaa\",\"description\":\"\",\"potentialAction\":[{\"@type\":\"SearchAction\",\"target\":{\"@type\":\"EntryPoint\",\"urlTemplate\":\"https:\\\/\\\/sites.uef.fi\\\/mahtavaa-matematiikkaa\\\/?s={search_term_string}\"},\"query-input\":{\"@type\":\"PropertyValueSpecification\",\"valueRequired\":true,\"valueName\":\"search_term_string\"}}],\"inLanguage\":\"fi\"}]}<\/script>\n<!-- \/ Yoast SEO plugin. -->","yoast_head_json":{"title":"Etusivu - Mahtavaa matematiikkaa","robots":{"index":"index","follow":"follow","max-snippet":"max-snippet:-1","max-image-preview":"max-image-preview:large","max-video-preview":"max-video-preview:-1"},"canonical":"https:\/\/sites.uef.fi\/mahtavaa-matematiikkaa\/","og_locale":"fi_FI","og_type":"article","og_title":"Etusivu - Mahtavaa matematiikkaa","og_url":"https:\/\/sites.uef.fi\/mahtavaa-matematiikkaa\/","og_site_name":"Mahtavaa matematiikkaa","article_modified_time":"2025-11-05T18:34:55+00:00","og_image":[{"width":1018,"height":175,"url":"https:\/\/sites.uef.fi\/mahtavaa-matematiikkaa\/wp-content\/uploads\/sites\/181\/2024\/11\/solmu_ylapalkki.png","type":"image\/png"}],"twitter_card":"summary_large_image","twitter_misc":{"Arvioitu lukuaika":"2 minuuttia"},"schema":{"@context":"https:\/\/schema.org","@graph":[{"@type":"WebPage","@id":"https:\/\/sites.uef.fi\/mahtavaa-matematiikkaa\/","url":"https:\/\/sites.uef.fi\/mahtavaa-matematiikkaa\/","name":"Etusivu - Mahtavaa matematiikkaa","isPartOf":{"@id":"https:\/\/sites.uef.fi\/mahtavaa-matematiikkaa\/#website"},"primaryImageOfPage":{"@id":"https:\/\/sites.uef.fi\/mahtavaa-matematiikkaa\/#primaryimage"},"image":{"@id":"https:\/\/sites.uef.fi\/mahtavaa-matematiikkaa\/#primaryimage"},"thumbnailUrl":"https:\/\/sites.uef.fi\/mahtavaa-matematiikkaa\/wp-content\/uploads\/sites\/181\/2024\/11\/solmu_ylapalkki.png","datePublished":"2020-10-07T12:05:33+00:00","dateModified":"2025-11-05T18:34:55+00:00","breadcrumb":{"@id":"https:\/\/sites.uef.fi\/mahtavaa-matematiikkaa\/#breadcrumb"},"inLanguage":"fi","potentialAction":[{"@type":"ReadAction","target":["https:\/\/sites.uef.fi\/mahtavaa-matematiikkaa\/"]}]},{"@type":"ImageObject","inLanguage":"fi","@id":"https:\/\/sites.uef.fi\/mahtavaa-matematiikkaa\/#primaryimage","url":"https:\/\/sites.uef.fi\/mahtavaa-matematiikkaa\/wp-content\/uploads\/sites\/181\/2024\/11\/solmu_ylapalkki.png","contentUrl":"https:\/\/sites.uef.fi\/mahtavaa-matematiikkaa\/wp-content\/uploads\/sites\/181\/2024\/11\/solmu_ylapalkki.png","width":1018,"height":175},{"@type":"BreadcrumbList","@id":"https:\/\/sites.uef.fi\/mahtavaa-matematiikkaa\/#breadcrumb","itemListElement":[{"@type":"ListItem","position":1,"name":"Home","item":"https:\/\/sites.uef.fi\/mahtavaa-matematiikkaa\/"},{"@type":"ListItem","position":2,"name":"Etusivu"}]},{"@type":"WebSite","@id":"https:\/\/sites.uef.fi\/mahtavaa-matematiikkaa\/#website","url":"https:\/\/sites.uef.fi\/mahtavaa-matematiikkaa\/","name":"Mahtavaa matematiikkaa","description":"","potentialAction":[{"@type":"SearchAction","target":{"@type":"EntryPoint","urlTemplate":"https:\/\/sites.uef.fi\/mahtavaa-matematiikkaa\/?s={search_term_string}"},"query-input":{"@type":"PropertyValueSpecification","valueRequired":true,"valueName":"search_term_string"}}],"inLanguage":"fi"}]}},"_links":{"self":[{"href":"https:\/\/sites.uef.fi\/mahtavaa-matematiikkaa\/wp-json\/wp\/v2\/pages\/28","targetHints":{"allow":["GET"]}}],"collection":[{"href":"https:\/\/sites.uef.fi\/mahtavaa-matematiikkaa\/wp-json\/wp\/v2\/pages"}],"about":[{"href":"https:\/\/sites.uef.fi\/mahtavaa-matematiikkaa\/wp-json\/wp\/v2\/types\/page"}],"author":[{"embeddable":true,"href":"https:\/\/sites.uef.fi\/mahtavaa-matematiikkaa\/wp-json\/wp\/v2\/users\/2"}],"replies":[{"embeddable":true,"href":"https:\/\/sites.uef.fi\/mahtavaa-matematiikkaa\/wp-json\/wp\/v2\/comments?post=28"}],"version-history":[{"count":2,"href":"https:\/\/sites.uef.fi\/mahtavaa-matematiikkaa\/wp-json\/wp\/v2\/pages\/28\/revisions"}],"predecessor-version":[{"id":5305,"href":"https:\/\/sites.uef.fi\/mahtavaa-matematiikkaa\/wp-json\/wp\/v2\/pages\/28\/revisions\/5305"}],"wp:attachment":[{"href":"https:\/\/sites.uef.fi\/mahtavaa-matematiikkaa\/wp-json\/wp\/v2\/media?parent=28"}],"curies":[{"name":"wp","href":"https:\/\/api.w.org\/{rel}","templated":true}]}}