{"id":4018,"date":"2021-10-30T15:20:45","date_gmt":"2021-10-30T12:20:45","guid":{"rendered":"https:\/\/sites.uef.fi\/mahtavaa-matematiikkaa\/?page_id=4018"},"modified":"2026-02-05T11:46:20","modified_gmt":"2026-02-05T09:46:20","slug":"kolmiot","status":"publish","type":"page","link":"https:\/\/sites.uef.fi\/mahtavaa-matematiikkaa\/kolmiot\/","title":{"rendered":"Kolmiot"},"content":{"rendered":"<div style=\"max-width: 850px;margin: 0 auto;float: none;font-size: 110%;text-align: justify\">\n<p>Kolmioiden geometria pit\u00e4\u00e4 sis\u00e4ll\u00e4\u00e4n toinen toistaan mielenkiintoisempi tuloksia. Seuraavaksi p\u00e4\u00e4set tutustumaan matemaatikkoja jo yli vuosisadan kiehtoneeseen havaintoon, jonka algebrallisen geometrian taitaja, Frank Morley, toi julki vuonna 1904. Voit havaita t\u00e4m\u00e4n kyseisen ilmi\u00f6n aivan itse. Kokeile vaikka!<\/p>\n<ol style=\"margin-left: 40px\">\n<li>Piirr\u00e4 ensin kolmio. Kolmio saa olla ihan millainen vain; ter\u00e4v\u00e4kulmainen, tylpp\u00e4kulmainen tai suorakulmainen.<\/li>\n<li>Jaa kolmiosi kulmat kolmeen osaan. Voit tehd\u00e4 t\u00e4m\u00e4n esimerkiksi mittaamalla kolmiosi kulmat ja jakamalla saamasi mitat kolmella. Piirr\u00e4 t\u00e4m\u00e4n j\u00e4lkeen kulman kolmijakajat n\u00e4kyviin.<\/li>\n<li>Merkitse kolmijakajien leikkauspisteet n\u00e4kyviin.<\/li>\n<li>Yhdist\u00e4 leikkauspisteet janoilla.<\/li>\n<\/ol>\n<p>Mit\u00e4 huomasit? Millainen kuvio muodostui? Mik\u00e4li piirsit kuvion oikein, kolmijakajien leikkauspisteet yhdist\u00e4m\u00e4ll\u00e4 pit\u00e4isi muodostua <span style=\"color: red\">tasasivuinen kolmio<\/span>. T\u00e4t\u00e4 tasasivuista kolmiota kutsutaan Morleyn kolmioksi.<\/p>\n<p><a href=\"https:\/\/sites.uef.fi\/mahtavaa-matematiikkaa\/wp-content\/uploads\/sites\/181\/2021\/10\/MORLEYperus.svg\"><img loading=\"lazy\" decoding=\"async\" class=\"alignnone size-full wp-image-4030\" src=\"https:\/\/sites.uef.fi\/mahtavaa-matematiikkaa\/wp-content\/uploads\/sites\/181\/2021\/10\/MORLEYperus.svg\" alt=\"\" width=\"1000\" height=\"556\" \/><\/a><\/p>\n<p>Punaisella havainnollistetun Morleyn kolmion painopistett\u00e4 kutsutaan Morleyn ensimm\u00e4iseksi pisteeksi (kuvassa \\(M_1\\)):<\/p>\n<p><a href=\"https:\/\/sites.uef.fi\/mahtavaa-matematiikkaa\/wp-content\/uploads\/sites\/181\/2021\/10\/MORLEY_M1.svg\"><img loading=\"lazy\" decoding=\"async\" class=\"alignnone size-full wp-image-4036\" src=\"https:\/\/sites.uef.fi\/mahtavaa-matematiikkaa\/wp-content\/uploads\/sites\/181\/2021\/10\/MORLEY_M1.svg\" alt=\"\" width=\"1000\" height=\"556\" \/><\/a><\/p>\n<p>Morleyn toinen piste (kuvassa \\(M_2\\)) syntyy, kun alkuper\u00e4isen piirretyn kolmion k\u00e4rjist\u00e4 piirretyt janat tasasivuisen kolmion kauimmaisiin k\u00e4rkiin leikkaavat toisensa.<\/p>\n<p><a href=\"https:\/\/sites.uef.fi\/mahtavaa-matematiikkaa\/wp-content\/uploads\/sites\/181\/2021\/10\/MORLEYM2.svg\"><img loading=\"lazy\" decoding=\"async\" class=\"alignnone size-full wp-image-4042\" src=\"https:\/\/sites.uef.fi\/mahtavaa-matematiikkaa\/wp-content\/uploads\/sites\/181\/2021\/10\/MORLEYM2.svg\" alt=\"\" width=\"1000\" height=\"556\" \/><\/a><\/p>\n<p>N\u00e4m\u00e4 kaksi pistett\u00e4 kuuluvat kolmion merkillisiin pisteisiin, joita on olemassa yhteens\u00e4 yli 5000!<\/p>\n<p>Eik\u00e4 t\u00e4ss\u00e4 viel\u00e4 kaikki! Nimitt\u00e4in t\u00e4m\u00e4n yksinkertaisimman tapauksen lis\u00e4ksi voidaan ottaa huomioon kaikki eri tavat jakaa kolmion (hieman alempana olevassa kuvassa sinireunainen kolmio \\(ABC\\)) kulmat kolmeen osaan. Kolmion sis\u00e4kulmien jakamisen lis\u00e4ksi voidaan nimitt\u00e4in jakaa my\u00f6s kolmion ulkokulmat ja eksplementtikulmat (katso kuva) kolmeen osaan.<\/p>\n<div class=\"row\">\n<div class=\"column\"><img decoding=\"async\" style=\"width: 80%\" src=\"https:\/\/sites.uef.fi\/mahtavaa-matematiikkaa\/wp-content\/uploads\/sites\/181\/2021\/10\/MorleySisa.svg\" alt=\"\" \/><\/div>\n<div class=\"column\"><img decoding=\"async\" style=\"width: 80%\" src=\"https:\/\/sites.uef.fi\/mahtavaa-matematiikkaa\/wp-content\/uploads\/sites\/181\/2021\/10\/MorleyUlko.svg\" alt=\"\" \/><\/div>\n<div class=\"column\"><img decoding=\"async\" style=\"width: 80%\" src=\"https:\/\/sites.uef.fi\/mahtavaa-matematiikkaa\/wp-content\/uploads\/sites\/181\/2021\/10\/MorleyEksplementti.svg\" alt=\"\" \/><\/div>\n<\/div>\n<p>T\u00e4ll\u00f6in muodostuu\u2026osaatko laskea kuvasta, kuinka monta tasasivuista kolmiota?<\/p>\n<p><a href=\"https:\/\/sites.uef.fi\/mahtavaa-matematiikkaa\/wp-content\/uploads\/sites\/181\/2021\/10\/MORLEYKAIKKI.svg\"><img loading=\"lazy\" decoding=\"async\" class=\"alignnone size-full wp-image-4063\" src=\"https:\/\/sites.uef.fi\/mahtavaa-matematiikkaa\/wp-content\/uploads\/sites\/181\/2021\/10\/MORLEYKAIKKI.svg\" alt=\"\" width=\"892\" height=\"666\" \/><\/a><\/p>\n<p>Vastaus on 27 tasasivuista kolmiota, joista 18 on Morleyn kolmioita eli muodostuvat kolmijakajien leikkauspisteet yhdist\u00e4m\u00e4ll\u00e4. Taulukossa l\u00f6ydetyt Morleyn kolmiot:<\/p>\n<table style=\"width: 100%\">\n<tbody>\n<tr>\n<th style=\"width: 50%;border-bottom: 1px solid\">Kolmijakajatyypit<\/th>\n<th style=\"width: 50%;border-bottom: 1px solid\">Muodostuneet tasasivuiset kolmiot<\/th>\n<\/tr>\n<tr>\n<td>Kaikki samaa tyyppi\u00e4<\/td>\n<td>\\(xyz\\), \\(\\xi\\eta\\psi\\), \\(XYZ\\)<\/td>\n<\/tr>\n<tr>\n<td>Kaikki eri tyyppi\u00e4 tyyppi\u00e4<\/td>\n<td>\\(x&#8217;\\eta&#8217;Z&#8217;\\), \\(\\xi&#8217;Y&#8217;z&#8217;\\), \\(X&#8217;y&#8217;\\psi&#8217;\\), \\(\\xi&#8217; &#8217; y&#8217; &#8217;Z&#8217; &#8217;\\), \\(X&#8217; &#8217;\\eta&#8217; &#8217;z&#8217; &#8217;\\), \\(x&#8217; &#8217;Y&#8217; &#8217;\\psi&#8217; &#8217;\\)<\/td>\n<\/tr>\n<tr>\n<td>Kaksi sis\u00e4- ja yksi eksplementtijakaja<\/td>\n<td>\\(xy&#8217; &#8217;z&#8217;\\), \\(x&#8217;yz&#8217; &#8217;\\), \\(x&#8217; &#8217;y&#8217;z\\)<\/td>\n<\/tr>\n<tr>\n<td>Kaksi ulko- ja yksi sis\u00e4jakaja<\/td>\n<td>\\(\\xi\\eta&#8217; &#8217;\\psi&#8217;\\), \\(\\xi&#8217;\\eta\\psi&#8217; &#8217;\\), \\(\\xi&#8217; &#8217;\\eta&#8217;\\psi\\)<\/td>\n<\/tr>\n<tr>\n<td>Kaksi eksplementti- ja yksi ulkojakaja<\/td>\n<td>\\(X&#8217; &#8217;Y&#8217;Z\\), \\(XY&#8217; &#8217; Z&#8217;\\), \\(X&#8217;YZ&#8217; &#8217;\\)<\/td>\n<\/tr>\n<tr>\n<td><\/td>\n<td><\/td>\n<\/tr>\n<\/tbody>\n<\/table>\n<p>Seuraavaksi p\u00e4\u00e4set tutustumaan todistukseen, jonka avulla todistetaan Morleyn tekem\u00e4 havainto kolmijakajien muodostamasta tasasivuisesta kolmiosta. Todistus mukailee John Conwayn vuonna 1995 esitt\u00e4m\u00e4\u00e4 todistusta, jonka visuaalisuus ja lyhyys tekee siit\u00e4 helposti ymm\u00e4rrett\u00e4v\u00e4n. Todistus kuuluu seuraavasti:<\/p>\n<p>Olkoon kolmion \\(ABC\\) kulmat suuruudeltaan \\(3\\alpha\\), \\(3\\beta\\) ja \\(3\\gamma\\). K\u00e4ytet\u00e4\u00e4n apuna merkint\u00e4\u00e4 \\(x^* = x + 60^\\circ\\). Sill\u00e4 \\(3\\alpha + 3\\beta + 3\\gamma = 180^\\circ\\), niin \\(\\alpha + \\beta + \\gamma = 60^\\circ\\). Nyt on mahdollista muodostaa seitsem\u00e4n kolmiota seuraavasti:<\/p>\n<ul style=\"margin-left: 40px\">\n<li>Tasasivuinen kolmio, jonka kulmat ovat suuruudeltaan \\(0^*, 0^*, 0^*\\). Skaalauksen kautta voidaan olettaa, ett\u00e4 t\u00e4m\u00e4n kolmion sivut ovat pituudeltaan yksi.<\/li>\n<li>Kolmiot, joiden kulmien suuruudet ovat \\(\\alpha, \\beta^*, \\gamma^*\\) ja \\(\\alpha^*, \\beta, \\gamma^*\\) sek\u00e4 \\(\\alpha^*, \\beta^*, \\gamma\\)<\/li>\n<li>Kolmiot, joiden kulmien suuruudet ovat \\(\\alpha^{**}, \\beta, \\gamma\\) ja \\(\\alpha, \\beta^{**}, \\gamma\\) sek\u00e4 \\(\\alpha, \\beta, \\gamma^{**}\\)<\/li>\n<\/ul>\n<p>Skaalataan sitten janojen \\(SR\\), \\(TR\\), \\(UQ\\), \\(VQ\\), \\(ZP\\) ja \\(YP\\) pituudet vastaamaan tasasivuisen kolmion \\(QRP\\) sivujen pituuksia (\\(=1\\)).<\/p>\n<p>Kuten kuvasta voidaan havaita, seitsem\u00e4n kolmiota muodostavat yhdess\u00e4 kolmion \\(ABC\\) ja sopivat t\u00e4ydellisesti yhteen.<\/p>\n<p><a href=\"https:\/\/sites.uef.fi\/mahtavaa-matematiikkaa\/wp-content\/uploads\/sites\/181\/2021\/10\/conwaytod.svg\"><img loading=\"lazy\" decoding=\"async\" class=\"alignnone size-full wp-image-4126\" src=\"https:\/\/sites.uef.fi\/mahtavaa-matematiikkaa\/wp-content\/uploads\/sites\/181\/2021\/10\/conwaytod.svg\" alt=\"\" width=\"892\" height=\"556\" \/><\/a><\/p>\n<p>Kolmioiden yhteensopivuus voidaan osoittaa tarkastelemalla (yksityiskohdat ohitetaan)<\/p>\n<ul style=\"margin-left: 40px\">\n<li>keskell\u00e4 olevan tasasivuisen kolmion k\u00e4rkikulmien ymp\u00e4rill\u00e4 olevia kulmia ja havaitsemalla, ett\u00e4 ne muodostavat t\u00e4ysikulman (\\(360^\\circ\\));<\/li>\n<li>kolmioiden sivujen yhteensopivuutta.<\/li>\n<\/ul>\n<p>N\u00e4in ollen kolmiot muodostavat kuvion, jossa keskell\u00e4 on tasasivuinen kolmio, joka muodostuu kolmion \\(ABC\\) kulmien kolmijakajien leikkauspisteet yhdist\u00e4m\u00e4ll\u00e4.<\/p>\n<hr \/>\n<p>Tekij\u00e4t: Ella Pirhonen ja Janne Gr\u00f6hn<\/p>\n<\/div>\n","protected":false},"excerpt":{"rendered":"<p>Kolmioiden geometria pit\u00e4\u00e4 sis\u00e4ll\u00e4\u00e4n toinen toistaan mielenkiintoisempi tuloksia. Seuraavaksi p\u00e4\u00e4set tutustumaan matemaatikkoja jo yli vuosisadan kiehtoneeseen havaintoon, jonka algebrallisen geometrian taitaja, Frank Morley, toi julki vuonna 1904. Voit havaita t\u00e4m\u00e4n kyseisen ilmi\u00f6n aivan itse. Kokeile vaikka! Piirr\u00e4 ensin kolmio. Kolmio saa olla ihan millainen vain; ter\u00e4v\u00e4kulmainen, tylpp\u00e4kulmainen tai suorakulmainen. Jaa kolmiosi kulmat kolmeen osaan. Voit [&hellip;]<\/p>\n","protected":false},"author":267,"featured_media":0,"parent":0,"menu_order":0,"comment_status":"closed","ping_status":"closed","template":"","meta":{"_acf_changed":false,"inline_featured_image":false,"footnotes":""},"class_list":["post-4018","page","type-page","status-publish","hentry"],"acf":[],"yoast_head":"<!-- This site is optimized with the Yoast SEO plugin v27.3 - https:\/\/yoast.com\/product\/yoast-seo-wordpress\/ -->\n<title>Kolmiot - Mahtavaa matematiikkaa<\/title>\n<meta name=\"robots\" content=\"index, follow, max-snippet:-1, max-image-preview:large, max-video-preview:-1\" \/>\n<link rel=\"canonical\" href=\"https:\/\/sites.uef.fi\/mahtavaa-matematiikkaa\/kolmiot\/\" \/>\n<meta property=\"og:locale\" content=\"fi_FI\" \/>\n<meta property=\"og:type\" content=\"article\" \/>\n<meta property=\"og:title\" content=\"Kolmiot - Mahtavaa matematiikkaa\" \/>\n<meta property=\"og:description\" content=\"Kolmioiden geometria pit\u00e4\u00e4 sis\u00e4ll\u00e4\u00e4n toinen toistaan mielenkiintoisempi tuloksia. Seuraavaksi p\u00e4\u00e4set tutustumaan matemaatikkoja jo yli vuosisadan kiehtoneeseen havaintoon, jonka algebrallisen geometrian taitaja, Frank Morley, toi julki vuonna 1904. Voit havaita t\u00e4m\u00e4n kyseisen ilmi\u00f6n aivan itse. Kokeile vaikka! Piirr\u00e4 ensin kolmio. Kolmio saa olla ihan millainen vain; ter\u00e4v\u00e4kulmainen, tylpp\u00e4kulmainen tai suorakulmainen. Jaa kolmiosi kulmat kolmeen osaan. Voit [&hellip;]\" \/>\n<meta property=\"og:url\" content=\"https:\/\/sites.uef.fi\/mahtavaa-matematiikkaa\/kolmiot\/\" \/>\n<meta property=\"og:site_name\" content=\"Mahtavaa matematiikkaa\" \/>\n<meta property=\"article:modified_time\" content=\"2026-02-05T09:46:20+00:00\" \/>\n<meta name=\"twitter:card\" content=\"summary_large_image\" \/>\n<meta name=\"twitter:label1\" content=\"Arvioitu lukuaika\" \/>\n\t<meta name=\"twitter:data1\" content=\"5 minuuttia\" \/>\n<script type=\"application\/ld+json\" class=\"yoast-schema-graph\">{\"@context\":\"https:\\\/\\\/schema.org\",\"@graph\":[{\"@type\":\"WebPage\",\"@id\":\"https:\\\/\\\/sites.uef.fi\\\/mahtavaa-matematiikkaa\\\/kolmiot\\\/\",\"url\":\"https:\\\/\\\/sites.uef.fi\\\/mahtavaa-matematiikkaa\\\/kolmiot\\\/\",\"name\":\"Kolmiot - Mahtavaa matematiikkaa\",\"isPartOf\":{\"@id\":\"https:\\\/\\\/sites.uef.fi\\\/mahtavaa-matematiikkaa\\\/#website\"},\"primaryImageOfPage\":{\"@id\":\"https:\\\/\\\/sites.uef.fi\\\/mahtavaa-matematiikkaa\\\/kolmiot\\\/#primaryimage\"},\"image\":{\"@id\":\"https:\\\/\\\/sites.uef.fi\\\/mahtavaa-matematiikkaa\\\/kolmiot\\\/#primaryimage\"},\"thumbnailUrl\":\"https:\\\/\\\/sites.uef.fi\\\/mahtavaa-matematiikkaa\\\/wp-content\\\/uploads\\\/sites\\\/181\\\/2021\\\/10\\\/MORLEYperus.svg\",\"datePublished\":\"2021-10-30T12:20:45+00:00\",\"dateModified\":\"2026-02-05T09:46:20+00:00\",\"breadcrumb\":{\"@id\":\"https:\\\/\\\/sites.uef.fi\\\/mahtavaa-matematiikkaa\\\/kolmiot\\\/#breadcrumb\"},\"inLanguage\":\"fi\",\"potentialAction\":[{\"@type\":\"ReadAction\",\"target\":[\"https:\\\/\\\/sites.uef.fi\\\/mahtavaa-matematiikkaa\\\/kolmiot\\\/\"]}]},{\"@type\":\"ImageObject\",\"inLanguage\":\"fi\",\"@id\":\"https:\\\/\\\/sites.uef.fi\\\/mahtavaa-matematiikkaa\\\/kolmiot\\\/#primaryimage\",\"url\":\"https:\\\/\\\/sites.uef.fi\\\/mahtavaa-matematiikkaa\\\/wp-content\\\/uploads\\\/sites\\\/181\\\/2021\\\/10\\\/MORLEYperus.svg\",\"contentUrl\":\"https:\\\/\\\/sites.uef.fi\\\/mahtavaa-matematiikkaa\\\/wp-content\\\/uploads\\\/sites\\\/181\\\/2021\\\/10\\\/MORLEYperus.svg\"},{\"@type\":\"BreadcrumbList\",\"@id\":\"https:\\\/\\\/sites.uef.fi\\\/mahtavaa-matematiikkaa\\\/kolmiot\\\/#breadcrumb\",\"itemListElement\":[{\"@type\":\"ListItem\",\"position\":1,\"name\":\"Home\",\"item\":\"https:\\\/\\\/sites.uef.fi\\\/mahtavaa-matematiikkaa\\\/\"},{\"@type\":\"ListItem\",\"position\":2,\"name\":\"Kolmiot\"}]},{\"@type\":\"WebSite\",\"@id\":\"https:\\\/\\\/sites.uef.fi\\\/mahtavaa-matematiikkaa\\\/#website\",\"url\":\"https:\\\/\\\/sites.uef.fi\\\/mahtavaa-matematiikkaa\\\/\",\"name\":\"Mahtavaa matematiikkaa\",\"description\":\"\",\"potentialAction\":[{\"@type\":\"SearchAction\",\"target\":{\"@type\":\"EntryPoint\",\"urlTemplate\":\"https:\\\/\\\/sites.uef.fi\\\/mahtavaa-matematiikkaa\\\/?s={search_term_string}\"},\"query-input\":{\"@type\":\"PropertyValueSpecification\",\"valueRequired\":true,\"valueName\":\"search_term_string\"}}],\"inLanguage\":\"fi\"}]}<\/script>\n<!-- \/ Yoast SEO plugin. -->","yoast_head_json":{"title":"Kolmiot - Mahtavaa matematiikkaa","robots":{"index":"index","follow":"follow","max-snippet":"max-snippet:-1","max-image-preview":"max-image-preview:large","max-video-preview":"max-video-preview:-1"},"canonical":"https:\/\/sites.uef.fi\/mahtavaa-matematiikkaa\/kolmiot\/","og_locale":"fi_FI","og_type":"article","og_title":"Kolmiot - Mahtavaa matematiikkaa","og_description":"Kolmioiden geometria pit\u00e4\u00e4 sis\u00e4ll\u00e4\u00e4n toinen toistaan mielenkiintoisempi tuloksia. Seuraavaksi p\u00e4\u00e4set tutustumaan matemaatikkoja jo yli vuosisadan kiehtoneeseen havaintoon, jonka algebrallisen geometrian taitaja, Frank Morley, toi julki vuonna 1904. Voit havaita t\u00e4m\u00e4n kyseisen ilmi\u00f6n aivan itse. Kokeile vaikka! Piirr\u00e4 ensin kolmio. Kolmio saa olla ihan millainen vain; ter\u00e4v\u00e4kulmainen, tylpp\u00e4kulmainen tai suorakulmainen. Jaa kolmiosi kulmat kolmeen osaan. Voit [&hellip;]","og_url":"https:\/\/sites.uef.fi\/mahtavaa-matematiikkaa\/kolmiot\/","og_site_name":"Mahtavaa matematiikkaa","article_modified_time":"2026-02-05T09:46:20+00:00","twitter_card":"summary_large_image","twitter_misc":{"Arvioitu lukuaika":"5 minuuttia"},"schema":{"@context":"https:\/\/schema.org","@graph":[{"@type":"WebPage","@id":"https:\/\/sites.uef.fi\/mahtavaa-matematiikkaa\/kolmiot\/","url":"https:\/\/sites.uef.fi\/mahtavaa-matematiikkaa\/kolmiot\/","name":"Kolmiot - Mahtavaa matematiikkaa","isPartOf":{"@id":"https:\/\/sites.uef.fi\/mahtavaa-matematiikkaa\/#website"},"primaryImageOfPage":{"@id":"https:\/\/sites.uef.fi\/mahtavaa-matematiikkaa\/kolmiot\/#primaryimage"},"image":{"@id":"https:\/\/sites.uef.fi\/mahtavaa-matematiikkaa\/kolmiot\/#primaryimage"},"thumbnailUrl":"https:\/\/sites.uef.fi\/mahtavaa-matematiikkaa\/wp-content\/uploads\/sites\/181\/2021\/10\/MORLEYperus.svg","datePublished":"2021-10-30T12:20:45+00:00","dateModified":"2026-02-05T09:46:20+00:00","breadcrumb":{"@id":"https:\/\/sites.uef.fi\/mahtavaa-matematiikkaa\/kolmiot\/#breadcrumb"},"inLanguage":"fi","potentialAction":[{"@type":"ReadAction","target":["https:\/\/sites.uef.fi\/mahtavaa-matematiikkaa\/kolmiot\/"]}]},{"@type":"ImageObject","inLanguage":"fi","@id":"https:\/\/sites.uef.fi\/mahtavaa-matematiikkaa\/kolmiot\/#primaryimage","url":"https:\/\/sites.uef.fi\/mahtavaa-matematiikkaa\/wp-content\/uploads\/sites\/181\/2021\/10\/MORLEYperus.svg","contentUrl":"https:\/\/sites.uef.fi\/mahtavaa-matematiikkaa\/wp-content\/uploads\/sites\/181\/2021\/10\/MORLEYperus.svg"},{"@type":"BreadcrumbList","@id":"https:\/\/sites.uef.fi\/mahtavaa-matematiikkaa\/kolmiot\/#breadcrumb","itemListElement":[{"@type":"ListItem","position":1,"name":"Home","item":"https:\/\/sites.uef.fi\/mahtavaa-matematiikkaa\/"},{"@type":"ListItem","position":2,"name":"Kolmiot"}]},{"@type":"WebSite","@id":"https:\/\/sites.uef.fi\/mahtavaa-matematiikkaa\/#website","url":"https:\/\/sites.uef.fi\/mahtavaa-matematiikkaa\/","name":"Mahtavaa matematiikkaa","description":"","potentialAction":[{"@type":"SearchAction","target":{"@type":"EntryPoint","urlTemplate":"https:\/\/sites.uef.fi\/mahtavaa-matematiikkaa\/?s={search_term_string}"},"query-input":{"@type":"PropertyValueSpecification","valueRequired":true,"valueName":"search_term_string"}}],"inLanguage":"fi"}]}},"_links":{"self":[{"href":"https:\/\/sites.uef.fi\/mahtavaa-matematiikkaa\/wp-json\/wp\/v2\/pages\/4018","targetHints":{"allow":["GET"]}}],"collection":[{"href":"https:\/\/sites.uef.fi\/mahtavaa-matematiikkaa\/wp-json\/wp\/v2\/pages"}],"about":[{"href":"https:\/\/sites.uef.fi\/mahtavaa-matematiikkaa\/wp-json\/wp\/v2\/types\/page"}],"author":[{"embeddable":true,"href":"https:\/\/sites.uef.fi\/mahtavaa-matematiikkaa\/wp-json\/wp\/v2\/users\/267"}],"replies":[{"embeddable":true,"href":"https:\/\/sites.uef.fi\/mahtavaa-matematiikkaa\/wp-json\/wp\/v2\/comments?post=4018"}],"version-history":[{"count":2,"href":"https:\/\/sites.uef.fi\/mahtavaa-matematiikkaa\/wp-json\/wp\/v2\/pages\/4018\/revisions"}],"predecessor-version":[{"id":5327,"href":"https:\/\/sites.uef.fi\/mahtavaa-matematiikkaa\/wp-json\/wp\/v2\/pages\/4018\/revisions\/5327"}],"wp:attachment":[{"href":"https:\/\/sites.uef.fi\/mahtavaa-matematiikkaa\/wp-json\/wp\/v2\/media?parent=4018"}],"curies":[{"name":"wp","href":"https:\/\/api.w.org\/{rel}","templated":true}]}}