{"id":4322,"date":"2022-10-31T22:13:09","date_gmt":"2022-10-31T20:13:09","guid":{"rendered":"https:\/\/sites.uef.fi\/mahtavaa-matematiikkaa\/?page_id=4322"},"modified":"2026-02-05T11:51:42","modified_gmt":"2026-02-05T09:51:42","slug":"domino","status":"publish","type":"page","link":"https:\/\/sites.uef.fi\/mahtavaa-matematiikkaa\/domino\/","title":{"rendered":"Domino"},"content":{"rendered":"<div style=\"max-width: 850px;margin: 0 auto;float: none;font-size: 110%;text-align: justify\">\n<p>T\u00e4ll\u00e4 sivulla esitelt\u00e4v\u00e4 dominopeli perustuu yl\u00e4koulumatematiikkaan. Kokeile rohkeasti miten pitk\u00e4lle omat taitosi riitt\u00e4v\u00e4t! Pelin tarkoituksena on selvitt\u00e4\u00e4 viimeisen dominolaatan el\u00e4inhahmo ja t\u00e4m\u00e4n el\u00e4inhahmon v\u00e4ri. Ohjeet lyhyesti:<\/p>\n<table style=\"border-collapse: collapse;border: none\" border=\"0\" width=\"760px\">\n<colgroup>\n<col style=\"width: 30px\" \/>\n<col style=\"width: 10px\" \/>\n<col style=\"width: 720px\" \/> <\/colgroup>\n<tbody>\n<tr style=\"border: none\">\n<td style=\"text-align: right;vertical-align: top\">(i)<\/td>\n<td><\/td>\n<td>Lataa kysymysarkki joko <a href=\"https:\/\/studentuef-my.sharepoint.com\/:w:\/g\/personal\/jgrohn_uef_fi\/EVk83RK9CxJPjnfx3ODYpNQBjPT1ieu_a4SHV2sJ-Cb2lA?download=1\" target=\"_blank\" rel=\"noopener\">docx-tiedostona<\/a> tai <a href=\"https:\/\/studentuef-my.sharepoint.com\/:b:\/g\/personal\/jgrohn_uef_fi\/Eemzx_4P8wVKlTV4CIG_oZUBIQfjJLC4GqA1_CFMKA3LeQ?download=1\" target=\"_blank\" rel=\"noopener\">pdf-tiedostona<\/a> (sis\u00e4lt\u00f6 sama). Kysymyspaperin voi halutessaan my\u00f6s tulostaa paperille, jolloin kysymykset ovat n\u00e4pp\u00e4r\u00e4sti luettavissa koko pelin ajan.<\/td>\n<\/tr>\n<tr style=\"border: none\">\n<td style=\"text-align: right;vertical-align: top\">(ii)<\/td>\n<td><\/td>\n<td>Pelin aloitusta varten avaa <a href=\"https:\/\/studentuef-my.sharepoint.com\/:p:\/g\/personal\/jgrohn_uef_fi\/EWY6tshqanZIqsBo6AFlTm8BbhtNDnG2MPuA2T1u8dABLA?download=1\" target=\"_blank\" rel=\"noopener\">pptx-tiedosto<\/a> PowerPointin ty\u00f6p\u00f6yt\u00e4 tai mobiiliversiolla. Peli\u00e4 ei valitettavasti voi pelata PowerPointin online-versiolla. Jos pptx-tiedosto avautuu PowerPointin online-versioon, niin tallenna ensin tiedosto omalle koneellesi Tiedosto\/File -valikosta, ja avaa sen j\u00e4lkeen tiedosto PowerPointin ty\u00f6p\u00f6yt\u00e4versiolla.<\/td>\n<\/tr>\n<tr style=\"border: none\">\n<td style=\"text-align: right;vertical-align: top\">(iii)<\/td>\n<td><\/td>\n<td>Siirry diaesitysn\u00e4kym\u00e4\u00e4n, klikkaa seuraavaan diaan ja aloita peli\u200b. Ensimm\u00e4inen el\u00e4inhahmo on p\u00f6ll\u00f6. Etsi p\u00f6ll\u00f6\u00e4 vastaava kysymys kysymysarkista ja valitse pelilauden sivulla olevista vaihtoehdoista oikea vastaus. Jos valintasi oli oikea, uusi el\u00e4inhahmo paljastuu ja p\u00e4\u00e4set etenem\u00e4n peliss\u00e4.<\/td>\n<\/tr>\n<tr style=\"border: none\">\n<td style=\"text-align: right;vertical-align: top\">(iv)<\/td>\n<td><\/td>\n<td>Paina mieleen viimeisen dominolaatan el\u00e4inhahmo ja el\u00e4inhahmon v\u00e4ri. Vastaa viimeisen sivun QR-koodin takaa l\u00f6ytyv\u00e4\u00e4n kyselyyn.<\/td>\n<\/tr>\n<tr>\n<td><\/td>\n<td><\/td>\n<td><\/td>\n<\/tr>\n<\/tbody>\n<\/table>\n<p>Oletko opettaja ja haluat kokeilla dominoa oman opetusryhm\u00e4si kanssa? Saat k\u00e4ytt\u00f6\u00f6si dominopelin malliratkaisut ottamalla yhteytt\u00e4 s\u00e4hk\u00f6postiin <a href=\"mailto:janne.grohn@uef.fi\">janne.grohn@uef.fi<\/a>.<\/p>\n<hr \/>\n<p>Tekij\u00e4t: Mikko Juvonen ja Ella Pirhonen<\/p>\n<\/div>\n","protected":false},"excerpt":{"rendered":"<p>T\u00e4ll\u00e4 sivulla esitelt\u00e4v\u00e4 dominopeli perustuu yl\u00e4koulumatematiikkaan. Kokeile rohkeasti miten pitk\u00e4lle omat taitosi riitt\u00e4v\u00e4t! Pelin tarkoituksena on selvitt\u00e4\u00e4 viimeisen dominolaatan el\u00e4inhahmo ja t\u00e4m\u00e4n el\u00e4inhahmon v\u00e4ri. Ohjeet lyhyesti: (i) Lataa kysymysarkki joko docx-tiedostona tai pdf-tiedostona (sis\u00e4lt\u00f6 sama). Kysymyspaperin voi halutessaan my\u00f6s tulostaa paperille, jolloin kysymykset ovat n\u00e4pp\u00e4r\u00e4sti luettavissa koko pelin ajan. (ii) Pelin aloitusta varten avaa pptx-tiedosto [&hellip;]<\/p>\n","protected":false},"author":267,"featured_media":0,"parent":0,"menu_order":0,"comment_status":"closed","ping_status":"closed","template":"","meta":{"_acf_changed":false,"inline_featured_image":false,"footnotes":""},"class_list":["post-4322","page","type-page","status-publish","hentry"],"acf":[],"yoast_head":"<!-- This site is optimized with the Yoast SEO plugin v27.1.1 - https:\/\/yoast.com\/product\/yoast-seo-wordpress\/ -->\n<title>Domino - Mahtavaa matematiikkaa<\/title>\n<meta name=\"robots\" content=\"index, follow, max-snippet:-1, max-image-preview:large, max-video-preview:-1\" \/>\n<link rel=\"canonical\" href=\"https:\/\/sites.uef.fi\/mahtavaa-matematiikkaa\/domino\/\" \/>\n<meta property=\"og:locale\" content=\"fi_FI\" \/>\n<meta property=\"og:type\" content=\"article\" \/>\n<meta property=\"og:title\" content=\"Domino - Mahtavaa matematiikkaa\" \/>\n<meta property=\"og:description\" content=\"T\u00e4ll\u00e4 sivulla esitelt\u00e4v\u00e4 dominopeli perustuu yl\u00e4koulumatematiikkaan. Kokeile rohkeasti miten pitk\u00e4lle omat taitosi riitt\u00e4v\u00e4t! Pelin tarkoituksena on selvitt\u00e4\u00e4 viimeisen dominolaatan el\u00e4inhahmo ja t\u00e4m\u00e4n el\u00e4inhahmon v\u00e4ri. Ohjeet lyhyesti: (i) Lataa kysymysarkki joko docx-tiedostona tai pdf-tiedostona (sis\u00e4lt\u00f6 sama). Kysymyspaperin voi halutessaan my\u00f6s tulostaa paperille, jolloin kysymykset ovat n\u00e4pp\u00e4r\u00e4sti luettavissa koko pelin ajan. (ii) Pelin aloitusta varten avaa pptx-tiedosto [&hellip;]\" \/>\n<meta property=\"og:url\" content=\"https:\/\/sites.uef.fi\/mahtavaa-matematiikkaa\/domino\/\" \/>\n<meta property=\"og:site_name\" content=\"Mahtavaa matematiikkaa\" \/>\n<meta property=\"article:modified_time\" content=\"2026-02-05T09:51:42+00:00\" \/>\n<meta name=\"twitter:card\" content=\"summary_large_image\" \/>\n<meta name=\"twitter:label1\" content=\"Arvioitu lukuaika\" \/>\n\t<meta name=\"twitter:data1\" content=\"2 minuuttia\" \/>\n<script type=\"application\/ld+json\" class=\"yoast-schema-graph\">{\"@context\":\"https:\/\/schema.org\",\"@graph\":[{\"@type\":\"WebPage\",\"@id\":\"https:\/\/sites.uef.fi\/mahtavaa-matematiikkaa\/domino\/\",\"url\":\"https:\/\/sites.uef.fi\/mahtavaa-matematiikkaa\/domino\/\",\"name\":\"Domino - Mahtavaa matematiikkaa\",\"isPartOf\":{\"@id\":\"https:\/\/sites.uef.fi\/mahtavaa-matematiikkaa\/#website\"},\"datePublished\":\"2022-10-31T20:13:09+00:00\",\"dateModified\":\"2026-02-05T09:51:42+00:00\",\"breadcrumb\":{\"@id\":\"https:\/\/sites.uef.fi\/mahtavaa-matematiikkaa\/domino\/#breadcrumb\"},\"inLanguage\":\"fi\",\"potentialAction\":[{\"@type\":\"ReadAction\",\"target\":[\"https:\/\/sites.uef.fi\/mahtavaa-matematiikkaa\/domino\/\"]}]},{\"@type\":\"BreadcrumbList\",\"@id\":\"https:\/\/sites.uef.fi\/mahtavaa-matematiikkaa\/domino\/#breadcrumb\",\"itemListElement\":[{\"@type\":\"ListItem\",\"position\":1,\"name\":\"Home\",\"item\":\"https:\/\/sites.uef.fi\/mahtavaa-matematiikkaa\/\"},{\"@type\":\"ListItem\",\"position\":2,\"name\":\"Domino\"}]},{\"@type\":\"WebSite\",\"@id\":\"https:\/\/sites.uef.fi\/mahtavaa-matematiikkaa\/#website\",\"url\":\"https:\/\/sites.uef.fi\/mahtavaa-matematiikkaa\/\",\"name\":\"Mahtavaa matematiikkaa\",\"description\":\"\",\"potentialAction\":[{\"@type\":\"SearchAction\",\"target\":{\"@type\":\"EntryPoint\",\"urlTemplate\":\"https:\/\/sites.uef.fi\/mahtavaa-matematiikkaa\/?s={search_term_string}\"},\"query-input\":{\"@type\":\"PropertyValueSpecification\",\"valueRequired\":true,\"valueName\":\"search_term_string\"}}],\"inLanguage\":\"fi\"}]}<\/script>\n<!-- \/ Yoast SEO plugin. -->","yoast_head_json":{"title":"Domino - Mahtavaa matematiikkaa","robots":{"index":"index","follow":"follow","max-snippet":"max-snippet:-1","max-image-preview":"max-image-preview:large","max-video-preview":"max-video-preview:-1"},"canonical":"https:\/\/sites.uef.fi\/mahtavaa-matematiikkaa\/domino\/","og_locale":"fi_FI","og_type":"article","og_title":"Domino - Mahtavaa matematiikkaa","og_description":"T\u00e4ll\u00e4 sivulla esitelt\u00e4v\u00e4 dominopeli perustuu yl\u00e4koulumatematiikkaan. Kokeile rohkeasti miten pitk\u00e4lle omat taitosi riitt\u00e4v\u00e4t! Pelin tarkoituksena on selvitt\u00e4\u00e4 viimeisen dominolaatan el\u00e4inhahmo ja t\u00e4m\u00e4n el\u00e4inhahmon v\u00e4ri. Ohjeet lyhyesti: (i) Lataa kysymysarkki joko docx-tiedostona tai pdf-tiedostona (sis\u00e4lt\u00f6 sama). Kysymyspaperin voi halutessaan my\u00f6s tulostaa paperille, jolloin kysymykset ovat n\u00e4pp\u00e4r\u00e4sti luettavissa koko pelin ajan. (ii) Pelin aloitusta varten avaa pptx-tiedosto [&hellip;]","og_url":"https:\/\/sites.uef.fi\/mahtavaa-matematiikkaa\/domino\/","og_site_name":"Mahtavaa matematiikkaa","article_modified_time":"2026-02-05T09:51:42+00:00","twitter_card":"summary_large_image","twitter_misc":{"Arvioitu lukuaika":"2 minuuttia"},"schema":{"@context":"https:\/\/schema.org","@graph":[{"@type":"WebPage","@id":"https:\/\/sites.uef.fi\/mahtavaa-matematiikkaa\/domino\/","url":"https:\/\/sites.uef.fi\/mahtavaa-matematiikkaa\/domino\/","name":"Domino - Mahtavaa matematiikkaa","isPartOf":{"@id":"https:\/\/sites.uef.fi\/mahtavaa-matematiikkaa\/#website"},"datePublished":"2022-10-31T20:13:09+00:00","dateModified":"2026-02-05T09:51:42+00:00","breadcrumb":{"@id":"https:\/\/sites.uef.fi\/mahtavaa-matematiikkaa\/domino\/#breadcrumb"},"inLanguage":"fi","potentialAction":[{"@type":"ReadAction","target":["https:\/\/sites.uef.fi\/mahtavaa-matematiikkaa\/domino\/"]}]},{"@type":"BreadcrumbList","@id":"https:\/\/sites.uef.fi\/mahtavaa-matematiikkaa\/domino\/#breadcrumb","itemListElement":[{"@type":"ListItem","position":1,"name":"Home","item":"https:\/\/sites.uef.fi\/mahtavaa-matematiikkaa\/"},{"@type":"ListItem","position":2,"name":"Domino"}]},{"@type":"WebSite","@id":"https:\/\/sites.uef.fi\/mahtavaa-matematiikkaa\/#website","url":"https:\/\/sites.uef.fi\/mahtavaa-matematiikkaa\/","name":"Mahtavaa matematiikkaa","description":"","potentialAction":[{"@type":"SearchAction","target":{"@type":"EntryPoint","urlTemplate":"https:\/\/sites.uef.fi\/mahtavaa-matematiikkaa\/?s={search_term_string}"},"query-input":{"@type":"PropertyValueSpecification","valueRequired":true,"valueName":"search_term_string"}}],"inLanguage":"fi"}]}},"_links":{"self":[{"href":"https:\/\/sites.uef.fi\/mahtavaa-matematiikkaa\/wp-json\/wp\/v2\/pages\/4322","targetHints":{"allow":["GET"]}}],"collection":[{"href":"https:\/\/sites.uef.fi\/mahtavaa-matematiikkaa\/wp-json\/wp\/v2\/pages"}],"about":[{"href":"https:\/\/sites.uef.fi\/mahtavaa-matematiikkaa\/wp-json\/wp\/v2\/types\/page"}],"author":[{"embeddable":true,"href":"https:\/\/sites.uef.fi\/mahtavaa-matematiikkaa\/wp-json\/wp\/v2\/users\/267"}],"replies":[{"embeddable":true,"href":"https:\/\/sites.uef.fi\/mahtavaa-matematiikkaa\/wp-json\/wp\/v2\/comments?post=4322"}],"version-history":[{"count":1,"href":"https:\/\/sites.uef.fi\/mahtavaa-matematiikkaa\/wp-json\/wp\/v2\/pages\/4322\/revisions"}],"predecessor-version":[{"id":5330,"href":"https:\/\/sites.uef.fi\/mahtavaa-matematiikkaa\/wp-json\/wp\/v2\/pages\/4322\/revisions\/5330"}],"wp:attachment":[{"href":"https:\/\/sites.uef.fi\/mahtavaa-matematiikkaa\/wp-json\/wp\/v2\/media?parent=4322"}],"curies":[{"name":"wp","href":"https:\/\/api.w.org\/{rel}","templated":true}]}}