{"id":4950,"date":"2023-10-30T21:39:04","date_gmt":"2023-10-30T19:39:04","guid":{"rendered":"https:\/\/sites.uef.fi\/mahtavaa-matematiikkaa\/?page_id=4950"},"modified":"2026-03-03T14:52:09","modified_gmt":"2026-03-03T12:52:09","slug":"pakopeli","status":"publish","type":"page","link":"https:\/\/sites.uef.fi\/mahtavaa-matematiikkaa\/pakopeli\/","title":{"rendered":"Pako Metrialta -pakopeli"},"content":{"rendered":"\n<figure class=\"wp-block-image size-full\"><a href=\"https:\/\/www.thinglink.com\/card\/1771163464929117028\"><img loading=\"lazy\" decoding=\"async\" width=\"1024\" height=\"496\" src=\"https:\/\/sites.uef.fi\/mahtavaa-matematiikkaa\/wp-content\/uploads\/sites\/181\/2023\/10\/true.jpg\" alt=\"\" class=\"wp-image-4971\" srcset=\"https:\/\/sites.uef.fi\/mahtavaa-matematiikkaa\/wp-content\/uploads\/sites\/181\/2023\/10\/true.jpg 1024w, https:\/\/sites.uef.fi\/mahtavaa-matematiikkaa\/wp-content\/uploads\/sites\/181\/2023\/10\/true-300x145.jpg 300w, https:\/\/sites.uef.fi\/mahtavaa-matematiikkaa\/wp-content\/uploads\/sites\/181\/2023\/10\/true-768x372.jpg 768w\" sizes=\"auto, (max-width: 1024px) 100vw, 1024px\" \/><\/a><\/figure>\n\n\n\n<p>Aloita peli: <a href=\"https:\/\/eur03.safelinks.protection.outlook.com\/?url=https%3A%2F%2Fwww.thinglink.com%2Fcard%2F1771163464929117028&amp;data=05%7C01%7C%7Ce11f43cae3f74c22996808dbd97ad570%7C87879f2e73044bf2baf263e7f83f3c34%7C0%7C0%7C638342893816591398%7CUnknown%7CTWFpbGZsb3d8eyJWIjoiMC4wLjAwMDAiLCJQIjoiV2luMzIiLCJBTiI6Ik1haWwiLCJXVCI6Mn0%3D%7C3000%7C%7C%7C&amp;sdata=oYKcAErnOT61SN1yPl%2FQYIPfquhEjX7%2B%2BcJaRxjXJeM%3D&amp;reserved=0\">https:\/\/www.thinglink.com\/card\/1771163464929117028<\/a><\/p>\n\n\n<div style=\"max-width: 850px;margin: 0 auto;float: none;font-size: 110%;text-align: justify\">\n<p>Virtuaalinen Pako Metrialta -pakopeli soveltuu kekseli\u00e4ille yl\u00e4koululaisille ja sit\u00e4 vanhemmille seikkailijoille. Kokeile rohkeasti miten pitk\u00e4lle omat taitosi riitt\u00e4v\u00e4t! Pelin tarkoituksena on auttaa luennoille nukahtanut opiskelija ulos Metria-talosta.<\/p>\n<p>Oletko opettaja ja haluat kokeilla pakopeli\u00e4 oman opetusryhm\u00e4si kanssa? Saat k\u00e4ytt\u00f6\u00f6si opettajan oppaan ottamalla yhteytt\u00e4 s\u00e4hk\u00f6postiin <a href=\"mailto:janne.grohn@uef.fi\">janne.grohn@uef.fi<\/a>.<\/p>\n<\/div>\n\n\n\n<figure class=\"wp-block-image size-large\"><img loading=\"lazy\" decoding=\"async\" width=\"1024\" height=\"1024\" src=\"https:\/\/sites.uef.fi\/mahtavaa-matematiikkaa\/wp-content\/uploads\/sites\/181\/2023\/11\/mm2023-1024x1024.png\" alt=\"\" class=\"wp-image-5066\" srcset=\"https:\/\/sites.uef.fi\/mahtavaa-matematiikkaa\/wp-content\/uploads\/sites\/181\/2023\/11\/mm2023-1024x1024.png 1024w, https:\/\/sites.uef.fi\/mahtavaa-matematiikkaa\/wp-content\/uploads\/sites\/181\/2023\/11\/mm2023-300x300.png 300w, https:\/\/sites.uef.fi\/mahtavaa-matematiikkaa\/wp-content\/uploads\/sites\/181\/2023\/11\/mm2023-150x150.png 150w, https:\/\/sites.uef.fi\/mahtavaa-matematiikkaa\/wp-content\/uploads\/sites\/181\/2023\/11\/mm2023-768x768.png 768w, https:\/\/sites.uef.fi\/mahtavaa-matematiikkaa\/wp-content\/uploads\/sites\/181\/2023\/11\/mm2023.png 1413w\" sizes=\"auto, (max-width: 1024px) 100vw, 1024px\" \/><\/figure>\n\n\n<div style=\"max-width: 850px;margin: 0 auto;float: none;font-size: 110%;text-align: justify\">\n<p>Jos pakopeliss\u00e4 on liikaa haastatta ja j\u00e4\u00e4t peliss\u00e4 jumiin, niin kurkkaa <a href=\"https:\/\/studentuef-my.sharepoint.com\/:b:\/g\/personal\/jgrohn_uef_fi\/EdIKVRRaxDJHkZkLSqMj74cBql8wZxVnuX8dEUChded79g?e=oTGUxe\">vihjeet pelaajalle<\/a>. Peli suunniteltu niin, ett\u00e4 vihjeit\u00e4 ei tarvitse k\u00e4ytt\u00e4\u00e4. Yrit\u00e4 peli\u00e4 ensin ilman vihjeit\u00e4!<\/p>\n<hr>\n<p>Pelin tekij\u00e4t: Mikko Juvonen ja Ella Pirhonen<\/p>\n<p>Lukija\u00e4\u00e4ni: Mirja M\u00e4kel\u00e4<\/p>\n<p>Peliss\u00e4 esiintyv\u00e4n luentosalin kuvitusten apulaislaatijoina Tulliportin Normaalikoulun 9B-luokka (v. 2023).<\/p>\n<\/div>\n","protected":false},"excerpt":{"rendered":"<p>Aloita peli: https:\/\/www.thinglink.com\/card\/1771163464929117028<\/p>\n","protected":false},"author":267,"featured_media":0,"parent":0,"menu_order":0,"comment_status":"closed","ping_status":"closed","template":"","meta":{"_acf_changed":false,"inline_featured_image":false,"footnotes":""},"class_list":["post-4950","page","type-page","status-publish","hentry"],"acf":[],"yoast_head":"<!-- This site is optimized with the Yoast SEO plugin v27.3 - https:\/\/yoast.com\/product\/yoast-seo-wordpress\/ -->\n<title>Pako Metrialta -pakopeli - Mahtavaa matematiikkaa<\/title>\n<meta name=\"robots\" content=\"index, follow, max-snippet:-1, max-image-preview:large, max-video-preview:-1\" \/>\n<link rel=\"canonical\" href=\"https:\/\/sites.uef.fi\/mahtavaa-matematiikkaa\/pakopeli\/\" \/>\n<meta property=\"og:locale\" content=\"fi_FI\" \/>\n<meta property=\"og:type\" content=\"article\" \/>\n<meta property=\"og:title\" content=\"Pako Metrialta -pakopeli - Mahtavaa matematiikkaa\" \/>\n<meta property=\"og:description\" content=\"Aloita peli: https:\/\/www.thinglink.com\/card\/1771163464929117028\" \/>\n<meta property=\"og:url\" content=\"https:\/\/sites.uef.fi\/mahtavaa-matematiikkaa\/pakopeli\/\" \/>\n<meta property=\"og:site_name\" content=\"Mahtavaa matematiikkaa\" \/>\n<meta property=\"article:modified_time\" content=\"2026-03-03T12:52:09+00:00\" \/>\n<meta property=\"og:image\" content=\"https:\/\/sites.uef.fi\/mahtavaa-matematiikkaa\/wp-content\/uploads\/sites\/181\/2023\/10\/true.jpg\" \/>\n\t<meta property=\"og:image:width\" content=\"1024\" \/>\n\t<meta property=\"og:image:height\" content=\"496\" \/>\n\t<meta property=\"og:image:type\" content=\"image\/jpeg\" \/>\n<meta name=\"twitter:card\" content=\"summary_large_image\" \/>\n<meta name=\"twitter:label1\" content=\"Arvioitu lukuaika\" \/>\n\t<meta name=\"twitter:data1\" content=\"1 minuutti\" \/>\n<script type=\"application\/ld+json\" class=\"yoast-schema-graph\">{\"@context\":\"https:\\\/\\\/schema.org\",\"@graph\":[{\"@type\":\"WebPage\",\"@id\":\"https:\\\/\\\/sites.uef.fi\\\/mahtavaa-matematiikkaa\\\/pakopeli\\\/\",\"url\":\"https:\\\/\\\/sites.uef.fi\\\/mahtavaa-matematiikkaa\\\/pakopeli\\\/\",\"name\":\"Pako Metrialta -pakopeli - Mahtavaa matematiikkaa\",\"isPartOf\":{\"@id\":\"https:\\\/\\\/sites.uef.fi\\\/mahtavaa-matematiikkaa\\\/#website\"},\"primaryImageOfPage\":{\"@id\":\"https:\\\/\\\/sites.uef.fi\\\/mahtavaa-matematiikkaa\\\/pakopeli\\\/#primaryimage\"},\"image\":{\"@id\":\"https:\\\/\\\/sites.uef.fi\\\/mahtavaa-matematiikkaa\\\/pakopeli\\\/#primaryimage\"},\"thumbnailUrl\":\"https:\\\/\\\/sites.uef.fi\\\/mahtavaa-matematiikkaa\\\/wp-content\\\/uploads\\\/sites\\\/181\\\/2023\\\/10\\\/true.jpg\",\"datePublished\":\"2023-10-30T19:39:04+00:00\",\"dateModified\":\"2026-03-03T12:52:09+00:00\",\"breadcrumb\":{\"@id\":\"https:\\\/\\\/sites.uef.fi\\\/mahtavaa-matematiikkaa\\\/pakopeli\\\/#breadcrumb\"},\"inLanguage\":\"fi\",\"potentialAction\":[{\"@type\":\"ReadAction\",\"target\":[\"https:\\\/\\\/sites.uef.fi\\\/mahtavaa-matematiikkaa\\\/pakopeli\\\/\"]}]},{\"@type\":\"ImageObject\",\"inLanguage\":\"fi\",\"@id\":\"https:\\\/\\\/sites.uef.fi\\\/mahtavaa-matematiikkaa\\\/pakopeli\\\/#primaryimage\",\"url\":\"https:\\\/\\\/sites.uef.fi\\\/mahtavaa-matematiikkaa\\\/wp-content\\\/uploads\\\/sites\\\/181\\\/2023\\\/10\\\/true.jpg\",\"contentUrl\":\"https:\\\/\\\/sites.uef.fi\\\/mahtavaa-matematiikkaa\\\/wp-content\\\/uploads\\\/sites\\\/181\\\/2023\\\/10\\\/true.jpg\",\"width\":1024,\"height\":496},{\"@type\":\"BreadcrumbList\",\"@id\":\"https:\\\/\\\/sites.uef.fi\\\/mahtavaa-matematiikkaa\\\/pakopeli\\\/#breadcrumb\",\"itemListElement\":[{\"@type\":\"ListItem\",\"position\":1,\"name\":\"Home\",\"item\":\"https:\\\/\\\/sites.uef.fi\\\/mahtavaa-matematiikkaa\\\/\"},{\"@type\":\"ListItem\",\"position\":2,\"name\":\"Pako Metrialta -pakopeli\"}]},{\"@type\":\"WebSite\",\"@id\":\"https:\\\/\\\/sites.uef.fi\\\/mahtavaa-matematiikkaa\\\/#website\",\"url\":\"https:\\\/\\\/sites.uef.fi\\\/mahtavaa-matematiikkaa\\\/\",\"name\":\"Mahtavaa matematiikkaa\",\"description\":\"\",\"potentialAction\":[{\"@type\":\"SearchAction\",\"target\":{\"@type\":\"EntryPoint\",\"urlTemplate\":\"https:\\\/\\\/sites.uef.fi\\\/mahtavaa-matematiikkaa\\\/?s={search_term_string}\"},\"query-input\":{\"@type\":\"PropertyValueSpecification\",\"valueRequired\":true,\"valueName\":\"search_term_string\"}}],\"inLanguage\":\"fi\"}]}<\/script>\n<!-- \/ Yoast SEO plugin. -->","yoast_head_json":{"title":"Pako Metrialta -pakopeli - Mahtavaa matematiikkaa","robots":{"index":"index","follow":"follow","max-snippet":"max-snippet:-1","max-image-preview":"max-image-preview:large","max-video-preview":"max-video-preview:-1"},"canonical":"https:\/\/sites.uef.fi\/mahtavaa-matematiikkaa\/pakopeli\/","og_locale":"fi_FI","og_type":"article","og_title":"Pako Metrialta -pakopeli - Mahtavaa matematiikkaa","og_description":"Aloita peli: https:\/\/www.thinglink.com\/card\/1771163464929117028","og_url":"https:\/\/sites.uef.fi\/mahtavaa-matematiikkaa\/pakopeli\/","og_site_name":"Mahtavaa matematiikkaa","article_modified_time":"2026-03-03T12:52:09+00:00","og_image":[{"width":1024,"height":496,"url":"https:\/\/sites.uef.fi\/mahtavaa-matematiikkaa\/wp-content\/uploads\/sites\/181\/2023\/10\/true.jpg","type":"image\/jpeg"}],"twitter_card":"summary_large_image","twitter_misc":{"Arvioitu lukuaika":"1 minuutti"},"schema":{"@context":"https:\/\/schema.org","@graph":[{"@type":"WebPage","@id":"https:\/\/sites.uef.fi\/mahtavaa-matematiikkaa\/pakopeli\/","url":"https:\/\/sites.uef.fi\/mahtavaa-matematiikkaa\/pakopeli\/","name":"Pako Metrialta -pakopeli - Mahtavaa matematiikkaa","isPartOf":{"@id":"https:\/\/sites.uef.fi\/mahtavaa-matematiikkaa\/#website"},"primaryImageOfPage":{"@id":"https:\/\/sites.uef.fi\/mahtavaa-matematiikkaa\/pakopeli\/#primaryimage"},"image":{"@id":"https:\/\/sites.uef.fi\/mahtavaa-matematiikkaa\/pakopeli\/#primaryimage"},"thumbnailUrl":"https:\/\/sites.uef.fi\/mahtavaa-matematiikkaa\/wp-content\/uploads\/sites\/181\/2023\/10\/true.jpg","datePublished":"2023-10-30T19:39:04+00:00","dateModified":"2026-03-03T12:52:09+00:00","breadcrumb":{"@id":"https:\/\/sites.uef.fi\/mahtavaa-matematiikkaa\/pakopeli\/#breadcrumb"},"inLanguage":"fi","potentialAction":[{"@type":"ReadAction","target":["https:\/\/sites.uef.fi\/mahtavaa-matematiikkaa\/pakopeli\/"]}]},{"@type":"ImageObject","inLanguage":"fi","@id":"https:\/\/sites.uef.fi\/mahtavaa-matematiikkaa\/pakopeli\/#primaryimage","url":"https:\/\/sites.uef.fi\/mahtavaa-matematiikkaa\/wp-content\/uploads\/sites\/181\/2023\/10\/true.jpg","contentUrl":"https:\/\/sites.uef.fi\/mahtavaa-matematiikkaa\/wp-content\/uploads\/sites\/181\/2023\/10\/true.jpg","width":1024,"height":496},{"@type":"BreadcrumbList","@id":"https:\/\/sites.uef.fi\/mahtavaa-matematiikkaa\/pakopeli\/#breadcrumb","itemListElement":[{"@type":"ListItem","position":1,"name":"Home","item":"https:\/\/sites.uef.fi\/mahtavaa-matematiikkaa\/"},{"@type":"ListItem","position":2,"name":"Pako Metrialta -pakopeli"}]},{"@type":"WebSite","@id":"https:\/\/sites.uef.fi\/mahtavaa-matematiikkaa\/#website","url":"https:\/\/sites.uef.fi\/mahtavaa-matematiikkaa\/","name":"Mahtavaa matematiikkaa","description":"","potentialAction":[{"@type":"SearchAction","target":{"@type":"EntryPoint","urlTemplate":"https:\/\/sites.uef.fi\/mahtavaa-matematiikkaa\/?s={search_term_string}"},"query-input":{"@type":"PropertyValueSpecification","valueRequired":true,"valueName":"search_term_string"}}],"inLanguage":"fi"}]}},"_links":{"self":[{"href":"https:\/\/sites.uef.fi\/mahtavaa-matematiikkaa\/wp-json\/wp\/v2\/pages\/4950","targetHints":{"allow":["GET"]}}],"collection":[{"href":"https:\/\/sites.uef.fi\/mahtavaa-matematiikkaa\/wp-json\/wp\/v2\/pages"}],"about":[{"href":"https:\/\/sites.uef.fi\/mahtavaa-matematiikkaa\/wp-json\/wp\/v2\/types\/page"}],"author":[{"embeddable":true,"href":"https:\/\/sites.uef.fi\/mahtavaa-matematiikkaa\/wp-json\/wp\/v2\/users\/267"}],"replies":[{"embeddable":true,"href":"https:\/\/sites.uef.fi\/mahtavaa-matematiikkaa\/wp-json\/wp\/v2\/comments?post=4950"}],"version-history":[{"count":2,"href":"https:\/\/sites.uef.fi\/mahtavaa-matematiikkaa\/wp-json\/wp\/v2\/pages\/4950\/revisions"}],"predecessor-version":[{"id":5340,"href":"https:\/\/sites.uef.fi\/mahtavaa-matematiikkaa\/wp-json\/wp\/v2\/pages\/4950\/revisions\/5340"}],"wp:attachment":[{"href":"https:\/\/sites.uef.fi\/mahtavaa-matematiikkaa\/wp-json\/wp\/v2\/media?parent=4950"}],"curies":[{"name":"wp","href":"https:\/\/api.w.org\/{rel}","templated":true}]}}