{"id":5129,"date":"2024-10-26T08:58:09","date_gmt":"2024-10-26T05:58:09","guid":{"rendered":"https:\/\/sites.uef.fi\/mahtavaa-matematiikkaa\/?page_id=5129"},"modified":"2026-03-03T14:52:30","modified_gmt":"2026-03-03T12:52:30","slug":"sienestavan-sijaisen-salaisuus-pakopeli","status":"publish","type":"page","link":"https:\/\/sites.uef.fi\/mahtavaa-matematiikkaa\/sienestavan-sijaisen-salaisuus-pakopeli\/","title":{"rendered":"Sienest\u00e4v\u00e4n sijaisen salaisuus -pakopeli"},"content":{"rendered":"<div style=\"max-width: 850px;margin: 0 auto;float: none;font-size: 110%;text-align: justify\">\n<p>Pakopeli soveltuu kekseli\u00e4ille yl\u00e4koululaisille ja sit\u00e4 vanhemmille seikkailijoille. Aloita peli klikkaamalla kuvaa tai k\u00e4ytt\u00e4m\u00e4ll\u00e4 QR-koodia. Peli toimii parhaiten tietokoneella, Chromebookilla tai tabletilla, eli laitteilla joiden n\u00e4ytt\u00f6 on riitt\u00e4v\u00e4n suuri.<\/p>\n<\/div>\n\n\n\n<figure class=\"wp-block-image size-large\"><a href=\"https:\/\/www.thinglink.com\/card\/1904206813587309221\"><img loading=\"lazy\" decoding=\"async\" width=\"1024\" height=\"573\" src=\"https:\/\/sites.uef.fi\/mahtavaa-matematiikkaa\/wp-content\/uploads\/sites\/181\/2024\/10\/pakopeli-1024x573.png\" alt=\"\" class=\"wp-image-5132\" srcset=\"https:\/\/sites.uef.fi\/mahtavaa-matematiikkaa\/wp-content\/uploads\/sites\/181\/2024\/10\/pakopeli-1024x573.png 1024w, https:\/\/sites.uef.fi\/mahtavaa-matematiikkaa\/wp-content\/uploads\/sites\/181\/2024\/10\/pakopeli-300x168.png 300w, https:\/\/sites.uef.fi\/mahtavaa-matematiikkaa\/wp-content\/uploads\/sites\/181\/2024\/10\/pakopeli-768x430.png 768w, https:\/\/sites.uef.fi\/mahtavaa-matematiikkaa\/wp-content\/uploads\/sites\/181\/2024\/10\/pakopeli-1536x860.png 1536w, https:\/\/sites.uef.fi\/mahtavaa-matematiikkaa\/wp-content\/uploads\/sites\/181\/2024\/10\/pakopeli.png 1645w\" sizes=\"auto, (max-width: 1024px) 100vw, 1024px\" \/><\/a><\/figure>\n\n\n\n<figure class=\"wp-block-image size-full\"><img loading=\"lazy\" decoding=\"async\" width=\"894\" height=\"894\" src=\"https:\/\/sites.uef.fi\/mahtavaa-matematiikkaa\/wp-content\/uploads\/sites\/181\/2024\/11\/image001.png\" alt=\"\" class=\"wp-image-5206\" srcset=\"https:\/\/sites.uef.fi\/mahtavaa-matematiikkaa\/wp-content\/uploads\/sites\/181\/2024\/11\/image001.png 894w, https:\/\/sites.uef.fi\/mahtavaa-matematiikkaa\/wp-content\/uploads\/sites\/181\/2024\/11\/image001-300x300.png 300w, https:\/\/sites.uef.fi\/mahtavaa-matematiikkaa\/wp-content\/uploads\/sites\/181\/2024\/11\/image001-150x150.png 150w, https:\/\/sites.uef.fi\/mahtavaa-matematiikkaa\/wp-content\/uploads\/sites\/181\/2024\/11\/image001-768x768.png 768w\" sizes=\"auto, (max-width: 894px) 100vw, 894px\" \/><\/figure>\n\n\n<div style=\"max-width: 850px;margin: 0 auto;float: none;font-size: 110%;text-align: justify\">\n<p>Oletko opettaja ja haluat kokeilla pakopeli\u00e4 oman opetusryhm\u00e4si kanssa? Saat k\u00e4ytt\u00f6\u00f6si opettajan oppaan ottamalla yhteytt\u00e4 s\u00e4hk\u00f6postiin <a href=\"mailto:janne.grohn@uef.fi\">janne.grohn@uef.fi<\/a>.<\/p>\n<p>Edistyneet pakopelien pelaajat l\u00f6yt\u00e4v\u00e4t lis\u00e4haastetta viimevuotisesta <a href=\"https:\/\/sites.uef.fi\/mahtavaa-matematiikkaa\/pakopeli\/\">Pako Metrialta -pakopelist\u00e4<\/a>, joka on edelleen pelattavissa. Sienest\u00e4v\u00e4n sijaisen salaisuus -pakopeli sopii vaikeustasonsa puolesta laajemmalle yleis\u00f6lle.<\/p>\n<hr>\n<p>Tekij\u00e4t: Mikko Juvonen ja Ella Pirhonen. Teko\u00e4ly\u00e4 on hy\u00f6dynnetty teemaan soveltuvien kuvituskuvien tuottamisessa.<\/p>\n<\/div>\n","protected":false},"excerpt":{"rendered":"","protected":false},"author":267,"featured_media":0,"parent":0,"menu_order":0,"comment_status":"closed","ping_status":"closed","template":"","meta":{"_acf_changed":false,"inline_featured_image":false,"footnotes":""},"class_list":["post-5129","page","type-page","status-publish","hentry"],"acf":[],"yoast_head":"<!-- This site is optimized with the Yoast SEO plugin v27.3 - https:\/\/yoast.com\/product\/yoast-seo-wordpress\/ -->\n<title>Sienest\u00e4v\u00e4n sijaisen salaisuus -pakopeli - Mahtavaa matematiikkaa<\/title>\n<meta name=\"robots\" content=\"index, follow, max-snippet:-1, max-image-preview:large, max-video-preview:-1\" \/>\n<link rel=\"canonical\" href=\"https:\/\/sites.uef.fi\/mahtavaa-matematiikkaa\/sienestavan-sijaisen-salaisuus-pakopeli\/\" \/>\n<meta property=\"og:locale\" content=\"fi_FI\" \/>\n<meta property=\"og:type\" content=\"article\" \/>\n<meta property=\"og:title\" content=\"Sienest\u00e4v\u00e4n sijaisen salaisuus -pakopeli - Mahtavaa matematiikkaa\" \/>\n<meta property=\"og:url\" content=\"https:\/\/sites.uef.fi\/mahtavaa-matematiikkaa\/sienestavan-sijaisen-salaisuus-pakopeli\/\" \/>\n<meta property=\"og:site_name\" content=\"Mahtavaa matematiikkaa\" \/>\n<meta property=\"article:modified_time\" content=\"2026-03-03T12:52:30+00:00\" \/>\n<meta property=\"og:image\" content=\"https:\/\/sites.uef.fi\/mahtavaa-matematiikkaa\/wp-content\/uploads\/sites\/181\/2024\/10\/pakopeli-1024x573.png\" \/>\n\t<meta property=\"og:image:width\" content=\"1024\" \/>\n\t<meta property=\"og:image:height\" content=\"573\" \/>\n\t<meta property=\"og:image:type\" content=\"image\/png\" \/>\n<meta name=\"twitter:card\" content=\"summary_large_image\" \/>\n<meta name=\"twitter:label1\" content=\"Arvioitu lukuaika\" \/>\n\t<meta name=\"twitter:data1\" content=\"1 minuutti\" \/>\n<script type=\"application\/ld+json\" class=\"yoast-schema-graph\">{\"@context\":\"https:\\\/\\\/schema.org\",\"@graph\":[{\"@type\":\"WebPage\",\"@id\":\"https:\\\/\\\/sites.uef.fi\\\/mahtavaa-matematiikkaa\\\/sienestavan-sijaisen-salaisuus-pakopeli\\\/\",\"url\":\"https:\\\/\\\/sites.uef.fi\\\/mahtavaa-matematiikkaa\\\/sienestavan-sijaisen-salaisuus-pakopeli\\\/\",\"name\":\"Sienest\u00e4v\u00e4n sijaisen salaisuus -pakopeli - Mahtavaa matematiikkaa\",\"isPartOf\":{\"@id\":\"https:\\\/\\\/sites.uef.fi\\\/mahtavaa-matematiikkaa\\\/#website\"},\"primaryImageOfPage\":{\"@id\":\"https:\\\/\\\/sites.uef.fi\\\/mahtavaa-matematiikkaa\\\/sienestavan-sijaisen-salaisuus-pakopeli\\\/#primaryimage\"},\"image\":{\"@id\":\"https:\\\/\\\/sites.uef.fi\\\/mahtavaa-matematiikkaa\\\/sienestavan-sijaisen-salaisuus-pakopeli\\\/#primaryimage\"},\"thumbnailUrl\":\"https:\\\/\\\/sites.uef.fi\\\/mahtavaa-matematiikkaa\\\/wp-content\\\/uploads\\\/sites\\\/181\\\/2024\\\/10\\\/pakopeli-1024x573.png\",\"datePublished\":\"2024-10-26T05:58:09+00:00\",\"dateModified\":\"2026-03-03T12:52:30+00:00\",\"breadcrumb\":{\"@id\":\"https:\\\/\\\/sites.uef.fi\\\/mahtavaa-matematiikkaa\\\/sienestavan-sijaisen-salaisuus-pakopeli\\\/#breadcrumb\"},\"inLanguage\":\"fi\",\"potentialAction\":[{\"@type\":\"ReadAction\",\"target\":[\"https:\\\/\\\/sites.uef.fi\\\/mahtavaa-matematiikkaa\\\/sienestavan-sijaisen-salaisuus-pakopeli\\\/\"]}]},{\"@type\":\"ImageObject\",\"inLanguage\":\"fi\",\"@id\":\"https:\\\/\\\/sites.uef.fi\\\/mahtavaa-matematiikkaa\\\/sienestavan-sijaisen-salaisuus-pakopeli\\\/#primaryimage\",\"url\":\"https:\\\/\\\/sites.uef.fi\\\/mahtavaa-matematiikkaa\\\/wp-content\\\/uploads\\\/sites\\\/181\\\/2024\\\/10\\\/pakopeli.png\",\"contentUrl\":\"https:\\\/\\\/sites.uef.fi\\\/mahtavaa-matematiikkaa\\\/wp-content\\\/uploads\\\/sites\\\/181\\\/2024\\\/10\\\/pakopeli.png\",\"width\":1645,\"height\":921},{\"@type\":\"BreadcrumbList\",\"@id\":\"https:\\\/\\\/sites.uef.fi\\\/mahtavaa-matematiikkaa\\\/sienestavan-sijaisen-salaisuus-pakopeli\\\/#breadcrumb\",\"itemListElement\":[{\"@type\":\"ListItem\",\"position\":1,\"name\":\"Home\",\"item\":\"https:\\\/\\\/sites.uef.fi\\\/mahtavaa-matematiikkaa\\\/\"},{\"@type\":\"ListItem\",\"position\":2,\"name\":\"Sienest\u00e4v\u00e4n sijaisen salaisuus -pakopeli\"}]},{\"@type\":\"WebSite\",\"@id\":\"https:\\\/\\\/sites.uef.fi\\\/mahtavaa-matematiikkaa\\\/#website\",\"url\":\"https:\\\/\\\/sites.uef.fi\\\/mahtavaa-matematiikkaa\\\/\",\"name\":\"Mahtavaa matematiikkaa\",\"description\":\"\",\"potentialAction\":[{\"@type\":\"SearchAction\",\"target\":{\"@type\":\"EntryPoint\",\"urlTemplate\":\"https:\\\/\\\/sites.uef.fi\\\/mahtavaa-matematiikkaa\\\/?s={search_term_string}\"},\"query-input\":{\"@type\":\"PropertyValueSpecification\",\"valueRequired\":true,\"valueName\":\"search_term_string\"}}],\"inLanguage\":\"fi\"}]}<\/script>\n<!-- \/ Yoast SEO plugin. -->","yoast_head_json":{"title":"Sienest\u00e4v\u00e4n sijaisen salaisuus -pakopeli - Mahtavaa matematiikkaa","robots":{"index":"index","follow":"follow","max-snippet":"max-snippet:-1","max-image-preview":"max-image-preview:large","max-video-preview":"max-video-preview:-1"},"canonical":"https:\/\/sites.uef.fi\/mahtavaa-matematiikkaa\/sienestavan-sijaisen-salaisuus-pakopeli\/","og_locale":"fi_FI","og_type":"article","og_title":"Sienest\u00e4v\u00e4n sijaisen salaisuus -pakopeli - Mahtavaa matematiikkaa","og_url":"https:\/\/sites.uef.fi\/mahtavaa-matematiikkaa\/sienestavan-sijaisen-salaisuus-pakopeli\/","og_site_name":"Mahtavaa matematiikkaa","article_modified_time":"2026-03-03T12:52:30+00:00","og_image":[{"width":1024,"height":573,"url":"https:\/\/sites.uef.fi\/mahtavaa-matematiikkaa\/wp-content\/uploads\/sites\/181\/2024\/10\/pakopeli-1024x573.png","type":"image\/png"}],"twitter_card":"summary_large_image","twitter_misc":{"Arvioitu lukuaika":"1 minuutti"},"schema":{"@context":"https:\/\/schema.org","@graph":[{"@type":"WebPage","@id":"https:\/\/sites.uef.fi\/mahtavaa-matematiikkaa\/sienestavan-sijaisen-salaisuus-pakopeli\/","url":"https:\/\/sites.uef.fi\/mahtavaa-matematiikkaa\/sienestavan-sijaisen-salaisuus-pakopeli\/","name":"Sienest\u00e4v\u00e4n sijaisen salaisuus -pakopeli - Mahtavaa matematiikkaa","isPartOf":{"@id":"https:\/\/sites.uef.fi\/mahtavaa-matematiikkaa\/#website"},"primaryImageOfPage":{"@id":"https:\/\/sites.uef.fi\/mahtavaa-matematiikkaa\/sienestavan-sijaisen-salaisuus-pakopeli\/#primaryimage"},"image":{"@id":"https:\/\/sites.uef.fi\/mahtavaa-matematiikkaa\/sienestavan-sijaisen-salaisuus-pakopeli\/#primaryimage"},"thumbnailUrl":"https:\/\/sites.uef.fi\/mahtavaa-matematiikkaa\/wp-content\/uploads\/sites\/181\/2024\/10\/pakopeli-1024x573.png","datePublished":"2024-10-26T05:58:09+00:00","dateModified":"2026-03-03T12:52:30+00:00","breadcrumb":{"@id":"https:\/\/sites.uef.fi\/mahtavaa-matematiikkaa\/sienestavan-sijaisen-salaisuus-pakopeli\/#breadcrumb"},"inLanguage":"fi","potentialAction":[{"@type":"ReadAction","target":["https:\/\/sites.uef.fi\/mahtavaa-matematiikkaa\/sienestavan-sijaisen-salaisuus-pakopeli\/"]}]},{"@type":"ImageObject","inLanguage":"fi","@id":"https:\/\/sites.uef.fi\/mahtavaa-matematiikkaa\/sienestavan-sijaisen-salaisuus-pakopeli\/#primaryimage","url":"https:\/\/sites.uef.fi\/mahtavaa-matematiikkaa\/wp-content\/uploads\/sites\/181\/2024\/10\/pakopeli.png","contentUrl":"https:\/\/sites.uef.fi\/mahtavaa-matematiikkaa\/wp-content\/uploads\/sites\/181\/2024\/10\/pakopeli.png","width":1645,"height":921},{"@type":"BreadcrumbList","@id":"https:\/\/sites.uef.fi\/mahtavaa-matematiikkaa\/sienestavan-sijaisen-salaisuus-pakopeli\/#breadcrumb","itemListElement":[{"@type":"ListItem","position":1,"name":"Home","item":"https:\/\/sites.uef.fi\/mahtavaa-matematiikkaa\/"},{"@type":"ListItem","position":2,"name":"Sienest\u00e4v\u00e4n sijaisen salaisuus -pakopeli"}]},{"@type":"WebSite","@id":"https:\/\/sites.uef.fi\/mahtavaa-matematiikkaa\/#website","url":"https:\/\/sites.uef.fi\/mahtavaa-matematiikkaa\/","name":"Mahtavaa matematiikkaa","description":"","potentialAction":[{"@type":"SearchAction","target":{"@type":"EntryPoint","urlTemplate":"https:\/\/sites.uef.fi\/mahtavaa-matematiikkaa\/?s={search_term_string}"},"query-input":{"@type":"PropertyValueSpecification","valueRequired":true,"valueName":"search_term_string"}}],"inLanguage":"fi"}]}},"_links":{"self":[{"href":"https:\/\/sites.uef.fi\/mahtavaa-matematiikkaa\/wp-json\/wp\/v2\/pages\/5129","targetHints":{"allow":["GET"]}}],"collection":[{"href":"https:\/\/sites.uef.fi\/mahtavaa-matematiikkaa\/wp-json\/wp\/v2\/pages"}],"about":[{"href":"https:\/\/sites.uef.fi\/mahtavaa-matematiikkaa\/wp-json\/wp\/v2\/types\/page"}],"author":[{"embeddable":true,"href":"https:\/\/sites.uef.fi\/mahtavaa-matematiikkaa\/wp-json\/wp\/v2\/users\/267"}],"replies":[{"embeddable":true,"href":"https:\/\/sites.uef.fi\/mahtavaa-matematiikkaa\/wp-json\/wp\/v2\/comments?post=5129"}],"version-history":[{"count":2,"href":"https:\/\/sites.uef.fi\/mahtavaa-matematiikkaa\/wp-json\/wp\/v2\/pages\/5129\/revisions"}],"predecessor-version":[{"id":5349,"href":"https:\/\/sites.uef.fi\/mahtavaa-matematiikkaa\/wp-json\/wp\/v2\/pages\/5129\/revisions\/5349"}],"wp:attachment":[{"href":"https:\/\/sites.uef.fi\/mahtavaa-matematiikkaa\/wp-json\/wp\/v2\/media?parent=5129"}],"curies":[{"name":"wp","href":"https:\/\/api.w.org\/{rel}","templated":true}]}}