{"id":5261,"date":"2025-10-27T09:58:43","date_gmt":"2025-10-27T07:58:43","guid":{"rendered":"https:\/\/sites.uef.fi\/mahtavaa-matematiikkaa\/?page_id=5261"},"modified":"2026-03-03T14:51:16","modified_gmt":"2026-03-03T12:51:16","slug":"matikkamoron-lepytys-lautapeli","status":"publish","type":"page","link":"https:\/\/sites.uef.fi\/mahtavaa-matematiikkaa\/matikkamoron-lepytys-lautapeli\/","title":{"rendered":"Matikkam\u00f6r\u00f6n lepytys -lautapeli"},"content":{"rendered":"<div style=\"max-width: 850px;margin: 0 auto;float: none;font-size: 110%;text-align: justify\">\n<p>Lautapeli soveltuu kekseli\u00e4ille yl\u00e4koululaisille ja sit\u00e4 vanhemmille seikkailijoille. Pelaamisen voi aloittaa heti alla mainittujen tulostusten ja valmistelujen j\u00e4lkeen.<\/p>\n<\/div>\n\n\n\n<figure class=\"wp-block-image size-large\"><img loading=\"lazy\" decoding=\"async\" width=\"1024\" height=\"1024\" src=\"https:\/\/sites.uef.fi\/mahtavaa-matematiikkaa\/wp-content\/uploads\/sites\/181\/2025\/10\/Mainos1-1-1024x1024.png\" alt=\"\" class=\"wp-image-5266\" srcset=\"https:\/\/sites.uef.fi\/mahtavaa-matematiikkaa\/wp-content\/uploads\/sites\/181\/2025\/10\/Mainos1-1-1024x1024.png 1024w, https:\/\/sites.uef.fi\/mahtavaa-matematiikkaa\/wp-content\/uploads\/sites\/181\/2025\/10\/Mainos1-1-300x300.png 300w, https:\/\/sites.uef.fi\/mahtavaa-matematiikkaa\/wp-content\/uploads\/sites\/181\/2025\/10\/Mainos1-1-150x150.png 150w, https:\/\/sites.uef.fi\/mahtavaa-matematiikkaa\/wp-content\/uploads\/sites\/181\/2025\/10\/Mainos1-1-768x768.png 768w, https:\/\/sites.uef.fi\/mahtavaa-matematiikkaa\/wp-content\/uploads\/sites\/181\/2025\/10\/Mainos1-1-1536x1536.png 1536w, https:\/\/sites.uef.fi\/mahtavaa-matematiikkaa\/wp-content\/uploads\/sites\/181\/2025\/10\/Mainos1-1.png 1755w\" sizes=\"auto, (max-width: 1024px) 100vw, 1024px\" \/><\/figure>\n\n\n<div style=\"max-width: 850px;margin: 0 auto;float: none;font-size: 110%;text-align: justify\">\n<p>Alla olevat tiedostot 1-5 pit\u00e4\u00e4 tulostaa aina, ja tiedostot 6-8 tilanteesta riippuen. Pelin valmisteluun kannattaa varata riitt\u00e4v\u00e4sti aikaa, koska leikattavaa on paljon.<\/p>\n<p>Lis\u00e4ohjeet tiedostoittain:<\/p>\n<ul>\n<li><a href=\"https:\/\/studentuef-my.sharepoint.com\/:b:\/g\/personal\/jgrohn_uef_fi\/EeZ1XZEQCQpOvSEhSu3rh8UBKxFbAci4lJlvkoP61HG8Dg?e=39Yg36\">Tiedosto 1: <\/a>&nbsp;Teippaa\/liimaa pelilaudan osat n\u00e4tisti kasaan.<\/li>\n<li><a href=\"https:\/\/studentuef-my.sharepoint.com\/:b:\/g\/personal\/jgrohn_uef_fi\/EX15JQbARgJMvmc13JgULHgB-DpjtjAO4pG4hPC5cxhu2A?e=QWzViS\">Tiedosto 2: <\/a>&nbsp;Sis\u00e4lt\u00e4\u00e4 peliohjeet ja viimeisell\u00e4 sivulla opettajan ohjeen asioista, mit\u00e4 pit\u00e4\u00e4 tehd\u00e4 ennen luokkaan astumista.<\/li>\n<li><a href=\"https:\/\/studentuef-my.sharepoint.com\/:b:\/g\/personal\/jgrohn_uef_fi\/EfuzwGTjle9LqvW7uMQSfQABRXdGSLPb5AhGYRZf5LEQdw?e=90KSZ0\">Tiedosto 3: <\/a>&nbsp;Leikkaa kortit irti. Suositellaan k\u00e4ytett\u00e4v\u00e4ksi paperileikkuria, jolla kaikki sivut voi leikata kerralla.<\/li>\n<li><a href=\"https:\/\/studentuef-my.sharepoint.com\/:b:\/g\/personal\/jgrohn_uef_fi\/ERMrNEB9bwlBjaS7-7pmuF4BFyHz4ox62twunMqytjCZkA?e=OdLwyT\">Tiedosto 4: <\/a>&nbsp;Niittaa yhteen. Vastaukset pelaajille, mist\u00e4 tarkistetaan, ovatko pelaajien ratkaisut oikein.<\/li>\n<li><a href=\"https:\/\/studentuef-my.sharepoint.com\/:b:\/g\/personal\/jgrohn_uef_fi\/EQ2fg8WoEJ5Ev-JSWIsu1OgBz2roPQWZweyyMlUFCrlJ1w?e=ahkrst\">Tiedosto 5: <\/a>&nbsp;Leikkaa symbolit irti. Yht\u00e4 pelilautaa kohti yksi paperillinen symboleja.<\/li>\n<li><a href=\"https:\/\/studentuef-my.sharepoint.com\/:b:\/g\/personal\/jgrohn_uef_fi\/Ed-XffOfpGVOjHIXnAfLFyMBCZs1BCLom4NmLcM3RRIU_g?e=dNHcXP\">Tiedosto 6: <\/a>&nbsp;Jos et omista tangram-paloja, tulosta t\u00e4m\u00e4. Leikkaa etuk\u00e4teen valmiiksi. Huom. Emme tarjoa tangram-kysymysten vastauksia.<\/li>\n<li><a href=\"https:\/\/studentuef-my.sharepoint.com\/:b:\/g\/personal\/jgrohn_uef_fi\/EdnHKSz1lvRMjcPuotbG1WoBECPmn6J9dVtINBqe1LAKlA?e=BlDFtl\">Tiedosto 7: <\/a>&nbsp;Jos et omista HappyCube -paloja, tulosta t\u00e4m\u00e4. Voittoon vaadittavat palat ja palojen aluslauta. Leikkaa palat irti. Yksi kopio per pelaaja.<\/li>\n<li><a href=\"https:\/\/studentuef-my.sharepoint.com\/:b:\/g\/personal\/jgrohn_uef_fi\/EXlktQXVNuJPqx98yKxa1DYBlMeopQLK2sX1E6qew7DpvA?e=R9Hd7Y\">Tiedosto 8: <\/a>&nbsp;Jos Happy-Cube -palapeli\u00e4 ei saa koottua, voi apua katsoa t\u00e4\u00e4lt\u00e4.<\/li>\n<\/ul>\n<\/div>\n\n\n<div style=\"max-width: 850px;margin: 0 auto;float: none;font-size: 110%;text-align: justify\">\n<p>Kehittelemme parasta aikaa Matikkam\u00f6r\u00f6n lepytys -lautapelin digitaalista versiota, joka julkaistaan kalenterivuoden 2026 aikana. Lis\u00e4tietoja p\u00e4ivitet\u00e4\u00e4n t\u00e4lle sivulle my\u00f6hemmin.<\/p>\n<hr>\n<p>Tekij\u00e4t: Mikko Juvonen ja Ella Pirhonen. Teko\u00e4ly\u00e4 on hy\u00f6dynnetty teemaan soveltuvien kuvituskuvien tuottamisessa.<\/p>\n<\/div>\n","protected":false},"excerpt":{"rendered":"","protected":false},"author":267,"featured_media":0,"parent":0,"menu_order":0,"comment_status":"closed","ping_status":"closed","template":"","meta":{"_acf_changed":false,"inline_featured_image":false,"footnotes":""},"class_list":["post-5261","page","type-page","status-publish","hentry"],"acf":[],"yoast_head":"<!-- This site is optimized with the Yoast SEO plugin v27.3 - https:\/\/yoast.com\/product\/yoast-seo-wordpress\/ -->\n<title>Matikkam\u00f6r\u00f6n lepytys -lautapeli - Mahtavaa matematiikkaa<\/title>\n<meta name=\"robots\" content=\"index, follow, max-snippet:-1, max-image-preview:large, max-video-preview:-1\" \/>\n<link rel=\"canonical\" href=\"https:\/\/sites.uef.fi\/mahtavaa-matematiikkaa\/matikkamoron-lepytys-lautapeli\/\" \/>\n<meta property=\"og:locale\" content=\"fi_FI\" \/>\n<meta property=\"og:type\" content=\"article\" \/>\n<meta property=\"og:title\" content=\"Matikkam\u00f6r\u00f6n lepytys -lautapeli - Mahtavaa matematiikkaa\" \/>\n<meta property=\"og:url\" content=\"https:\/\/sites.uef.fi\/mahtavaa-matematiikkaa\/matikkamoron-lepytys-lautapeli\/\" \/>\n<meta property=\"og:site_name\" content=\"Mahtavaa matematiikkaa\" \/>\n<meta property=\"article:modified_time\" content=\"2026-03-03T12:51:16+00:00\" \/>\n<meta property=\"og:image\" content=\"https:\/\/sites.uef.fi\/mahtavaa-matematiikkaa\/wp-content\/uploads\/sites\/181\/2025\/10\/Mainos1-1-1024x1024.png\" \/>\n\t<meta property=\"og:image:width\" content=\"1024\" \/>\n\t<meta property=\"og:image:height\" content=\"1024\" \/>\n\t<meta property=\"og:image:type\" content=\"image\/png\" \/>\n<meta name=\"twitter:card\" content=\"summary_large_image\" \/>\n<meta name=\"twitter:label1\" content=\"Arvioitu lukuaika\" \/>\n\t<meta name=\"twitter:data1\" content=\"2 minuuttia\" \/>\n<script type=\"application\/ld+json\" class=\"yoast-schema-graph\">{\"@context\":\"https:\\\/\\\/schema.org\",\"@graph\":[{\"@type\":\"WebPage\",\"@id\":\"https:\\\/\\\/sites.uef.fi\\\/mahtavaa-matematiikkaa\\\/matikkamoron-lepytys-lautapeli\\\/\",\"url\":\"https:\\\/\\\/sites.uef.fi\\\/mahtavaa-matematiikkaa\\\/matikkamoron-lepytys-lautapeli\\\/\",\"name\":\"Matikkam\u00f6r\u00f6n lepytys -lautapeli - Mahtavaa matematiikkaa\",\"isPartOf\":{\"@id\":\"https:\\\/\\\/sites.uef.fi\\\/mahtavaa-matematiikkaa\\\/#website\"},\"primaryImageOfPage\":{\"@id\":\"https:\\\/\\\/sites.uef.fi\\\/mahtavaa-matematiikkaa\\\/matikkamoron-lepytys-lautapeli\\\/#primaryimage\"},\"image\":{\"@id\":\"https:\\\/\\\/sites.uef.fi\\\/mahtavaa-matematiikkaa\\\/matikkamoron-lepytys-lautapeli\\\/#primaryimage\"},\"thumbnailUrl\":\"https:\\\/\\\/sites.uef.fi\\\/mahtavaa-matematiikkaa\\\/wp-content\\\/uploads\\\/sites\\\/181\\\/2025\\\/10\\\/Mainos1-1-1024x1024.png\",\"datePublished\":\"2025-10-27T07:58:43+00:00\",\"dateModified\":\"2026-03-03T12:51:16+00:00\",\"breadcrumb\":{\"@id\":\"https:\\\/\\\/sites.uef.fi\\\/mahtavaa-matematiikkaa\\\/matikkamoron-lepytys-lautapeli\\\/#breadcrumb\"},\"inLanguage\":\"fi\",\"potentialAction\":[{\"@type\":\"ReadAction\",\"target\":[\"https:\\\/\\\/sites.uef.fi\\\/mahtavaa-matematiikkaa\\\/matikkamoron-lepytys-lautapeli\\\/\"]}]},{\"@type\":\"ImageObject\",\"inLanguage\":\"fi\",\"@id\":\"https:\\\/\\\/sites.uef.fi\\\/mahtavaa-matematiikkaa\\\/matikkamoron-lepytys-lautapeli\\\/#primaryimage\",\"url\":\"https:\\\/\\\/sites.uef.fi\\\/mahtavaa-matematiikkaa\\\/wp-content\\\/uploads\\\/sites\\\/181\\\/2025\\\/10\\\/Mainos1-1.png\",\"contentUrl\":\"https:\\\/\\\/sites.uef.fi\\\/mahtavaa-matematiikkaa\\\/wp-content\\\/uploads\\\/sites\\\/181\\\/2025\\\/10\\\/Mainos1-1.png\",\"width\":1755,\"height\":1755},{\"@type\":\"BreadcrumbList\",\"@id\":\"https:\\\/\\\/sites.uef.fi\\\/mahtavaa-matematiikkaa\\\/matikkamoron-lepytys-lautapeli\\\/#breadcrumb\",\"itemListElement\":[{\"@type\":\"ListItem\",\"position\":1,\"name\":\"Home\",\"item\":\"https:\\\/\\\/sites.uef.fi\\\/mahtavaa-matematiikkaa\\\/\"},{\"@type\":\"ListItem\",\"position\":2,\"name\":\"Matikkam\u00f6r\u00f6n lepytys -lautapeli\"}]},{\"@type\":\"WebSite\",\"@id\":\"https:\\\/\\\/sites.uef.fi\\\/mahtavaa-matematiikkaa\\\/#website\",\"url\":\"https:\\\/\\\/sites.uef.fi\\\/mahtavaa-matematiikkaa\\\/\",\"name\":\"Mahtavaa matematiikkaa\",\"description\":\"\",\"potentialAction\":[{\"@type\":\"SearchAction\",\"target\":{\"@type\":\"EntryPoint\",\"urlTemplate\":\"https:\\\/\\\/sites.uef.fi\\\/mahtavaa-matematiikkaa\\\/?s={search_term_string}\"},\"query-input\":{\"@type\":\"PropertyValueSpecification\",\"valueRequired\":true,\"valueName\":\"search_term_string\"}}],\"inLanguage\":\"fi\"}]}<\/script>\n<!-- \/ Yoast SEO plugin. -->","yoast_head_json":{"title":"Matikkam\u00f6r\u00f6n lepytys -lautapeli - Mahtavaa matematiikkaa","robots":{"index":"index","follow":"follow","max-snippet":"max-snippet:-1","max-image-preview":"max-image-preview:large","max-video-preview":"max-video-preview:-1"},"canonical":"https:\/\/sites.uef.fi\/mahtavaa-matematiikkaa\/matikkamoron-lepytys-lautapeli\/","og_locale":"fi_FI","og_type":"article","og_title":"Matikkam\u00f6r\u00f6n lepytys -lautapeli - Mahtavaa matematiikkaa","og_url":"https:\/\/sites.uef.fi\/mahtavaa-matematiikkaa\/matikkamoron-lepytys-lautapeli\/","og_site_name":"Mahtavaa matematiikkaa","article_modified_time":"2026-03-03T12:51:16+00:00","og_image":[{"width":1024,"height":1024,"url":"https:\/\/sites.uef.fi\/mahtavaa-matematiikkaa\/wp-content\/uploads\/sites\/181\/2025\/10\/Mainos1-1-1024x1024.png","type":"image\/png"}],"twitter_card":"summary_large_image","twitter_misc":{"Arvioitu lukuaika":"2 minuuttia"},"schema":{"@context":"https:\/\/schema.org","@graph":[{"@type":"WebPage","@id":"https:\/\/sites.uef.fi\/mahtavaa-matematiikkaa\/matikkamoron-lepytys-lautapeli\/","url":"https:\/\/sites.uef.fi\/mahtavaa-matematiikkaa\/matikkamoron-lepytys-lautapeli\/","name":"Matikkam\u00f6r\u00f6n lepytys -lautapeli - Mahtavaa matematiikkaa","isPartOf":{"@id":"https:\/\/sites.uef.fi\/mahtavaa-matematiikkaa\/#website"},"primaryImageOfPage":{"@id":"https:\/\/sites.uef.fi\/mahtavaa-matematiikkaa\/matikkamoron-lepytys-lautapeli\/#primaryimage"},"image":{"@id":"https:\/\/sites.uef.fi\/mahtavaa-matematiikkaa\/matikkamoron-lepytys-lautapeli\/#primaryimage"},"thumbnailUrl":"https:\/\/sites.uef.fi\/mahtavaa-matematiikkaa\/wp-content\/uploads\/sites\/181\/2025\/10\/Mainos1-1-1024x1024.png","datePublished":"2025-10-27T07:58:43+00:00","dateModified":"2026-03-03T12:51:16+00:00","breadcrumb":{"@id":"https:\/\/sites.uef.fi\/mahtavaa-matematiikkaa\/matikkamoron-lepytys-lautapeli\/#breadcrumb"},"inLanguage":"fi","potentialAction":[{"@type":"ReadAction","target":["https:\/\/sites.uef.fi\/mahtavaa-matematiikkaa\/matikkamoron-lepytys-lautapeli\/"]}]},{"@type":"ImageObject","inLanguage":"fi","@id":"https:\/\/sites.uef.fi\/mahtavaa-matematiikkaa\/matikkamoron-lepytys-lautapeli\/#primaryimage","url":"https:\/\/sites.uef.fi\/mahtavaa-matematiikkaa\/wp-content\/uploads\/sites\/181\/2025\/10\/Mainos1-1.png","contentUrl":"https:\/\/sites.uef.fi\/mahtavaa-matematiikkaa\/wp-content\/uploads\/sites\/181\/2025\/10\/Mainos1-1.png","width":1755,"height":1755},{"@type":"BreadcrumbList","@id":"https:\/\/sites.uef.fi\/mahtavaa-matematiikkaa\/matikkamoron-lepytys-lautapeli\/#breadcrumb","itemListElement":[{"@type":"ListItem","position":1,"name":"Home","item":"https:\/\/sites.uef.fi\/mahtavaa-matematiikkaa\/"},{"@type":"ListItem","position":2,"name":"Matikkam\u00f6r\u00f6n lepytys -lautapeli"}]},{"@type":"WebSite","@id":"https:\/\/sites.uef.fi\/mahtavaa-matematiikkaa\/#website","url":"https:\/\/sites.uef.fi\/mahtavaa-matematiikkaa\/","name":"Mahtavaa matematiikkaa","description":"","potentialAction":[{"@type":"SearchAction","target":{"@type":"EntryPoint","urlTemplate":"https:\/\/sites.uef.fi\/mahtavaa-matematiikkaa\/?s={search_term_string}"},"query-input":{"@type":"PropertyValueSpecification","valueRequired":true,"valueName":"search_term_string"}}],"inLanguage":"fi"}]}},"_links":{"self":[{"href":"https:\/\/sites.uef.fi\/mahtavaa-matematiikkaa\/wp-json\/wp\/v2\/pages\/5261","targetHints":{"allow":["GET"]}}],"collection":[{"href":"https:\/\/sites.uef.fi\/mahtavaa-matematiikkaa\/wp-json\/wp\/v2\/pages"}],"about":[{"href":"https:\/\/sites.uef.fi\/mahtavaa-matematiikkaa\/wp-json\/wp\/v2\/types\/page"}],"author":[{"embeddable":true,"href":"https:\/\/sites.uef.fi\/mahtavaa-matematiikkaa\/wp-json\/wp\/v2\/users\/267"}],"replies":[{"embeddable":true,"href":"https:\/\/sites.uef.fi\/mahtavaa-matematiikkaa\/wp-json\/wp\/v2\/comments?post=5261"}],"version-history":[{"count":1,"href":"https:\/\/sites.uef.fi\/mahtavaa-matematiikkaa\/wp-json\/wp\/v2\/pages\/5261\/revisions"}],"predecessor-version":[{"id":5348,"href":"https:\/\/sites.uef.fi\/mahtavaa-matematiikkaa\/wp-json\/wp\/v2\/pages\/5261\/revisions\/5348"}],"wp:attachment":[{"href":"https:\/\/sites.uef.fi\/mahtavaa-matematiikkaa\/wp-json\/wp\/v2\/media?parent=5261"}],"curies":[{"name":"wp","href":"https:\/\/api.w.org\/{rel}","templated":true}]}}