{"id":734,"date":"2025-12-12T16:06:17","date_gmt":"2025-12-12T14:06:17","guid":{"rendered":"https:\/\/sites.uef.fi\/menopausing\/?page_id=734"},"modified":"2026-01-24T15:23:48","modified_gmt":"2026-01-24T13:23:48","slug":"engagements","status":"publish","type":"page","link":"https:\/\/sites.uef.fi\/menopausing\/engagements\/","title":{"rendered":"Engagements"},"content":{"rendered":"\n<figure class=\"wp-block-image size-large\"><img loading=\"lazy\" decoding=\"async\" width=\"1024\" height=\"360\" src=\"https:\/\/sites.uef.fi\/menopausing\/wp-content\/uploads\/sites\/535\/2025\/12\/menopausing-banner-options-123-1024x360.png\" alt=\"\" class=\"wp-image-735\" srcset=\"https:\/\/sites.uef.fi\/menopausing\/wp-content\/uploads\/sites\/535\/2025\/12\/menopausing-banner-options-123-1024x360.png 1024w, https:\/\/sites.uef.fi\/menopausing\/wp-content\/uploads\/sites\/535\/2025\/12\/menopausing-banner-options-123-300x106.png 300w, https:\/\/sites.uef.fi\/menopausing\/wp-content\/uploads\/sites\/535\/2025\/12\/menopausing-banner-options-123-768x270.png 768w, https:\/\/sites.uef.fi\/menopausing\/wp-content\/uploads\/sites\/535\/2025\/12\/menopausing-banner-options-123-1536x540.png 1536w, https:\/\/sites.uef.fi\/menopausing\/wp-content\/uploads\/sites\/535\/2025\/12\/menopausing-banner-options-123-2048x720.png 2048w\" sizes=\"auto, (max-width: 1024px) 100vw, 1024px\" \/><\/figure>\n\n\n\n<h2 class=\"wp-block-heading\">News &amp; Announcements <\/h2>\n\n\n\n<h5 class=\"wp-block-heading\"><span style=\"text-decoration: underline\">12\/2025 <\/span><\/h5>\n\n\n\n<p>Congratulations to Postdoctoral Researcher <strong>Nadine<\/strong> <strong>Hassouneh and the working group<\/strong> for getting grant from Kone Foundation for their research project <strong>&#8220;No Time for Despair: The Geopolitics of (Peri)Menopause&#8221;! <\/strong>Were thrilled to see this necessary and fantastic research driving forward the much-needed geographic and interdisciplinary research of menopause!<\/p>\n\n\n\n<p>Our wonderful <a href=\"https:\/\/sites.uef.fi\/menopausing\/menopausing-network\/people\/aija-lulle\/\">Aija Lulle<\/a> is happy to serve on the advisory board of this project. <\/p>\n\n\n\n<div class=\"links-block\">\n\n    \n    <ul class=\"link-list\">\n        \n            \n            <li class=\"link-list-item\">\n                <a href=\"https:\/\/koneensaatio.fi\/en\/grants-and-residencies\/no-time-for-despair-the-geopolitics-of-perimenopause-2\/\" class=\"link-reset link hover-scale-down\">\n                    <svg\n        width=\"43\" height=\"25\"\n        viewBox=\"0 0 43 25\"\n        xmlns=\"http:\/\/www.w3.org\/2000\/svg\">\n    <path\n        d=\"M30.027 0 43 12.5 30.027 25 27 22.083 34.351 15H0v-5h34.351L27 2.917z\"\n        fill=\"currentColor\"\n        fill-rule=\"evenodd\"\/>\n<\/svg>                    <div>Read more about the project<\/div>\n                <\/a>\n                <div class=\"link-info\">\n                                    <\/div>\n            <\/li>\n\n                <\/ul>\n<\/div>\n\n\n<h2 class=\"wp-block-heading\">Events Attended &amp; Our Presentations<\/h2>\n\n\n\n<p>Events Attended &amp; Our Presentations &#8211; coming soon!<\/p>\n\n\n\n<h2 class=\"wp-block-heading\">Media Coverage<\/h2>\n\n\n    <div class=\"funders grid\">\n                        <a href=\"https:\/\/lr1.lsm.lv\/lv\/raksts\/zinamais-nezinamaja\/pusmuza-cilveka-dzives-izaicinajumi.-iepazistam-jaunu-gramatu.a206347\/?fbclid=IwY2xjawKOavJleHRuA2FlbQIxMABicmlkETBreDZzY3Q1ZzFGcXllTnNhAR6o8MJ4BniH605VUwT7RpxYHxWRlPzuEBRjLOBMMFMo1GDk_bEikYjGz9BoZw_aem_sp0h-29b_lJuc0vL8521-g\" class=\"funders__link grid__item hover-scale-down\" title=\"Interview with Aija Lulle about menopausing and middle-aged lives (in Latvian) in Latvijas Radio 1 \">\n                            <div class=\"funders__image\">\n                    <img decoding=\"async\" src=\"https:\/\/sites.uef.fi\/menopausing\/wp-content\/uploads\/sites\/535\/2025\/05\/Nayttokuva-2025-05-12-141104.png\" alt=\"Latvijas Radio 1 logo\" \/>\n                <\/div>\n                                    <p class=\"funders__description\">Interview with Aija Lulle about menopausing and middle-aged lives (in Latvian) in Latvijas Radio 1 <\/p>\n                                                    <div class=\"funders__arrow\">\n                    <svg xmlns=\"http:\/\/www.w3.org\/2000\/svg\" height=\"25px\" viewBox=\"0 -960 960 960\" width=\"24px\" ><path fill=\"currentColor\" d=\"M200-120q-33 0-56.5-23.5T120-200v-560q0-33 23.5-56.5T200-840h280v80H200v560h560v-280h80v280q0 33-23.5 56.5T760-120H200Zm188-212-56-56 372-372H560v-80h280v280h-80v-144L388-332Z\"\/><\/svg>                    <\/div>\n                <\/a>\n                            \n                        <a href=\"https:\/\/politiikasta.fi\/hapeasta-kohti-moninaisia-vaihdevuosia\/\" class=\"funders__link grid__item hover-scale-down\" title=\"Politiikasta.fi - H\u00e4pe\u00e4st\u00e4 kohti moninaisia vaihdevuosia\">\n                            <div class=\"funders__image\">\n                    <img decoding=\"async\" src=\"https:\/\/sites.uef.fi\/menopausing\/wp-content\/uploads\/sites\/535\/2025\/12\/Nayttokuva-2025-12-12-160353.png\" alt=\"Colourful silhouettes\" \/>\n                <\/div>\n                                    <p class=\"funders__description\">Politiikasta.fi &#8211; H\u00e4pe\u00e4st\u00e4 kohti moninaisia vaihdevuosia<\/p>\n                                                    <div class=\"funders__arrow\">\n                    <svg xmlns=\"http:\/\/www.w3.org\/2000\/svg\" height=\"25px\" viewBox=\"0 -960 960 960\" width=\"24px\" ><path fill=\"currentColor\" d=\"M200-120q-33 0-56.5-23.5T120-200v-560q0-33 23.5-56.5T200-840h280v80H200v560h560v-280h80v280q0 33-23.5 56.5T760-120H200Zm188-212-56-56 372-372H560v-80h280v280h-80v-144L388-332Z\"\/><\/svg>                    <\/div>\n                <\/a>\n                            \n            <\/div>\n\n\n\n<figure class=\"wp-block-image size-large\"><img loading=\"lazy\" decoding=\"async\" width=\"1024\" height=\"409\" src=\"https:\/\/sites.uef.fi\/menopausing\/wp-content\/uploads\/sites\/535\/2026\/01\/sincerely-media-CXf4pCPh-ko-unsplash-1-1024x409.jpg\" alt=\"\" class=\"wp-image-757\" srcset=\"https:\/\/sites.uef.fi\/menopausing\/wp-content\/uploads\/sites\/535\/2026\/01\/sincerely-media-CXf4pCPh-ko-unsplash-1-1024x409.jpg 1024w, https:\/\/sites.uef.fi\/menopausing\/wp-content\/uploads\/sites\/535\/2026\/01\/sincerely-media-CXf4pCPh-ko-unsplash-1-300x120.jpg 300w, https:\/\/sites.uef.fi\/menopausing\/wp-content\/uploads\/sites\/535\/2026\/01\/sincerely-media-CXf4pCPh-ko-unsplash-1-768x307.jpg 768w, https:\/\/sites.uef.fi\/menopausing\/wp-content\/uploads\/sites\/535\/2026\/01\/sincerely-media-CXf4pCPh-ko-unsplash-1-1536x614.jpg 1536w, https:\/\/sites.uef.fi\/menopausing\/wp-content\/uploads\/sites\/535\/2026\/01\/sincerely-media-CXf4pCPh-ko-unsplash-1-2048x819.jpg 2048w\" sizes=\"auto, (max-width: 1024px) 100vw, 1024px\" \/><\/figure>\n\n\n\n<h3 class=\"wp-block-heading\"><a href=\"https:\/\/sites.uef.fi\/menopausing\/research-insights-and-activism-work\/\">Flash ethnographies and research insights <\/a><\/h3>\n\n\n\n<p>Collection of the important, powerful and interesting insights and voices that we&#8217;ve encountered and collected during our research, fieldwork and interviews.<\/p>\n\n\n\n<div class=\"links-block\">\n\n    \n    <ul class=\"link-list\">\n        \n            \n            <li class=\"link-list-item\">\n                <a href=\"https:\/\/sites.uef.fi\/menopausing\/flash-ethnographies\/\" class=\"link-reset link hover-scale-down\">\n                    <svg\n        width=\"43\" height=\"25\"\n        viewBox=\"0 0 43 25\"\n        xmlns=\"http:\/\/www.w3.org\/2000\/svg\">\n    <path\n        d=\"M30.027 0 43 12.5 30.027 25 27 22.083 34.351 15H0v-5h34.351L27 2.917z\"\n        fill=\"currentColor\"\n        fill-rule=\"evenodd\"\/>\n<\/svg>                    <div>See insights and activism work<\/div>\n                <\/a>\n                <div class=\"link-info\">\n                                    <\/div>\n            <\/li>\n\n                <\/ul>\n<\/div>\n\n\n<h2 class=\"wp-block-heading\"><\/h2>\n","protected":false},"excerpt":{"rendered":"<p>News &amp; Announcements 12\/2025 Congratulations to Postdoctoral Researcher Nadine Hassouneh and the working group for getting grant from Kone Foundation for their research project &#8220;No Time for Despair: The Geopolitics of (Peri)Menopause&#8221;! Were thrilled to see this necessary and fantastic research driving forward the much-needed geographic and interdisciplinary research of menopause! Our wonderful Aija Lulle [&hellip;]<\/p>\n","protected":false},"author":1263,"featured_media":0,"parent":0,"menu_order":0,"comment_status":"closed","ping_status":"closed","template":"","meta":{"_acf_changed":false,"footnotes":""},"class_list":["post-734","page","type-page","status-publish","hentry"],"acf":[],"yoast_head":"<!-- This site is optimized with the Yoast SEO plugin v27.1.1 - https:\/\/yoast.com\/product\/yoast-seo-wordpress\/ -->\n<title>Engagements - Menopausing: Exploring\u00a0diversity,\u00a0awareness\u00a0 and\u00a0activism<\/title>\n<meta name=\"robots\" content=\"index, follow, max-snippet:-1, max-image-preview:large, max-video-preview:-1\" \/>\n<link rel=\"canonical\" href=\"https:\/\/sites.uef.fi\/menopausing\/engagements\/\" \/>\n<meta property=\"og:locale\" content=\"en_US\" \/>\n<meta property=\"og:type\" content=\"article\" \/>\n<meta property=\"og:title\" content=\"Engagements - Menopausing: Exploring\u00a0diversity,\u00a0awareness\u00a0 and\u00a0activism\" \/>\n<meta property=\"og:description\" content=\"News &amp; Announcements 12\/2025 Congratulations to Postdoctoral Researcher Nadine Hassouneh and the working group for getting grant from Kone Foundation for their research project &#8220;No Time for Despair: The Geopolitics of (Peri)Menopause&#8221;! Were thrilled to see this necessary and fantastic research driving forward the much-needed geographic and interdisciplinary research of menopause! Our wonderful Aija Lulle [&hellip;]\" \/>\n<meta property=\"og:url\" content=\"https:\/\/sites.uef.fi\/menopausing\/engagements\/\" \/>\n<meta property=\"og:site_name\" content=\"Menopausing: Exploring\u00a0diversity,\u00a0awareness\u00a0 and\u00a0activism\" \/>\n<meta property=\"article:modified_time\" content=\"2026-01-24T13:23:48+00:00\" \/>\n<meta property=\"og:image\" content=\"https:\/\/sites.uef.fi\/menopausing\/wp-content\/uploads\/sites\/535\/2025\/12\/menopausing-banner-options-123-1024x360.png\" \/>\n\t<meta property=\"og:image:width\" content=\"1024\" \/>\n\t<meta property=\"og:image:height\" content=\"360\" \/>\n\t<meta property=\"og:image:type\" content=\"image\/png\" \/>\n<meta name=\"twitter:card\" content=\"summary_large_image\" \/>\n<meta name=\"twitter:label1\" content=\"Est. reading time\" \/>\n\t<meta name=\"twitter:data1\" content=\"1 minute\" \/>\n<script type=\"application\/ld+json\" class=\"yoast-schema-graph\">{\"@context\":\"https:\/\/schema.org\",\"@graph\":[{\"@type\":\"WebPage\",\"@id\":\"https:\/\/sites.uef.fi\/menopausing\/engagements\/\",\"url\":\"https:\/\/sites.uef.fi\/menopausing\/engagements\/\",\"name\":\"Engagements - Menopausing: Exploring\u00a0diversity,\u00a0awareness\u00a0 and\u00a0activism\",\"isPartOf\":{\"@id\":\"https:\/\/sites.uef.fi\/menopausing\/#website\"},\"primaryImageOfPage\":{\"@id\":\"https:\/\/sites.uef.fi\/menopausing\/engagements\/#primaryimage\"},\"image\":{\"@id\":\"https:\/\/sites.uef.fi\/menopausing\/engagements\/#primaryimage\"},\"thumbnailUrl\":\"https:\/\/sites.uef.fi\/menopausing\/wp-content\/uploads\/sites\/535\/2025\/12\/menopausing-banner-options-123-1024x360.png\",\"datePublished\":\"2025-12-12T14:06:17+00:00\",\"dateModified\":\"2026-01-24T13:23:48+00:00\",\"breadcrumb\":{\"@id\":\"https:\/\/sites.uef.fi\/menopausing\/engagements\/#breadcrumb\"},\"inLanguage\":\"en-US\",\"potentialAction\":[{\"@type\":\"ReadAction\",\"target\":[\"https:\/\/sites.uef.fi\/menopausing\/engagements\/\"]}]},{\"@type\":\"ImageObject\",\"inLanguage\":\"en-US\",\"@id\":\"https:\/\/sites.uef.fi\/menopausing\/engagements\/#primaryimage\",\"url\":\"https:\/\/sites.uef.fi\/menopausing\/wp-content\/uploads\/sites\/535\/2025\/12\/menopausing-banner-options-123-scaled.png\",\"contentUrl\":\"https:\/\/sites.uef.fi\/menopausing\/wp-content\/uploads\/sites\/535\/2025\/12\/menopausing-banner-options-123-scaled.png\",\"width\":2560,\"height\":900},{\"@type\":\"BreadcrumbList\",\"@id\":\"https:\/\/sites.uef.fi\/menopausing\/engagements\/#breadcrumb\",\"itemListElement\":[{\"@type\":\"ListItem\",\"position\":1,\"name\":\"Home\",\"item\":\"https:\/\/sites.uef.fi\/menopausing\/\"},{\"@type\":\"ListItem\",\"position\":2,\"name\":\"Engagements\"}]},{\"@type\":\"WebSite\",\"@id\":\"https:\/\/sites.uef.fi\/menopausing\/#website\",\"url\":\"https:\/\/sites.uef.fi\/menopausing\/\",\"name\":\"Menopausing: Exploring\u00a0diversity,\u00a0awareness\u00a0 and\u00a0activism\",\"description\":\"\",\"potentialAction\":[{\"@type\":\"SearchAction\",\"target\":{\"@type\":\"EntryPoint\",\"urlTemplate\":\"https:\/\/sites.uef.fi\/menopausing\/?s={search_term_string}\"},\"query-input\":{\"@type\":\"PropertyValueSpecification\",\"valueRequired\":true,\"valueName\":\"search_term_string\"}}],\"inLanguage\":\"en-US\"}]}<\/script>\n<!-- \/ Yoast SEO plugin. -->","yoast_head_json":{"title":"Engagements - Menopausing: Exploring\u00a0diversity,\u00a0awareness\u00a0 and\u00a0activism","robots":{"index":"index","follow":"follow","max-snippet":"max-snippet:-1","max-image-preview":"max-image-preview:large","max-video-preview":"max-video-preview:-1"},"canonical":"https:\/\/sites.uef.fi\/menopausing\/engagements\/","og_locale":"en_US","og_type":"article","og_title":"Engagements - Menopausing: Exploring\u00a0diversity,\u00a0awareness\u00a0 and\u00a0activism","og_description":"News &amp; Announcements 12\/2025 Congratulations to Postdoctoral Researcher Nadine Hassouneh and the working group for getting grant from Kone Foundation for their research project &#8220;No Time for Despair: The Geopolitics of (Peri)Menopause&#8221;! Were thrilled to see this necessary and fantastic research driving forward the much-needed geographic and interdisciplinary research of menopause! Our wonderful Aija Lulle [&hellip;]","og_url":"https:\/\/sites.uef.fi\/menopausing\/engagements\/","og_site_name":"Menopausing: Exploring\u00a0diversity,\u00a0awareness\u00a0 and\u00a0activism","article_modified_time":"2026-01-24T13:23:48+00:00","og_image":[{"width":1024,"height":360,"url":"https:\/\/sites.uef.fi\/menopausing\/wp-content\/uploads\/sites\/535\/2025\/12\/menopausing-banner-options-123-1024x360.png","type":"image\/png"}],"twitter_card":"summary_large_image","twitter_misc":{"Est. reading time":"1 minute"},"schema":{"@context":"https:\/\/schema.org","@graph":[{"@type":"WebPage","@id":"https:\/\/sites.uef.fi\/menopausing\/engagements\/","url":"https:\/\/sites.uef.fi\/menopausing\/engagements\/","name":"Engagements - Menopausing: Exploring\u00a0diversity,\u00a0awareness\u00a0 and\u00a0activism","isPartOf":{"@id":"https:\/\/sites.uef.fi\/menopausing\/#website"},"primaryImageOfPage":{"@id":"https:\/\/sites.uef.fi\/menopausing\/engagements\/#primaryimage"},"image":{"@id":"https:\/\/sites.uef.fi\/menopausing\/engagements\/#primaryimage"},"thumbnailUrl":"https:\/\/sites.uef.fi\/menopausing\/wp-content\/uploads\/sites\/535\/2025\/12\/menopausing-banner-options-123-1024x360.png","datePublished":"2025-12-12T14:06:17+00:00","dateModified":"2026-01-24T13:23:48+00:00","breadcrumb":{"@id":"https:\/\/sites.uef.fi\/menopausing\/engagements\/#breadcrumb"},"inLanguage":"en-US","potentialAction":[{"@type":"ReadAction","target":["https:\/\/sites.uef.fi\/menopausing\/engagements\/"]}]},{"@type":"ImageObject","inLanguage":"en-US","@id":"https:\/\/sites.uef.fi\/menopausing\/engagements\/#primaryimage","url":"https:\/\/sites.uef.fi\/menopausing\/wp-content\/uploads\/sites\/535\/2025\/12\/menopausing-banner-options-123-scaled.png","contentUrl":"https:\/\/sites.uef.fi\/menopausing\/wp-content\/uploads\/sites\/535\/2025\/12\/menopausing-banner-options-123-scaled.png","width":2560,"height":900},{"@type":"BreadcrumbList","@id":"https:\/\/sites.uef.fi\/menopausing\/engagements\/#breadcrumb","itemListElement":[{"@type":"ListItem","position":1,"name":"Home","item":"https:\/\/sites.uef.fi\/menopausing\/"},{"@type":"ListItem","position":2,"name":"Engagements"}]},{"@type":"WebSite","@id":"https:\/\/sites.uef.fi\/menopausing\/#website","url":"https:\/\/sites.uef.fi\/menopausing\/","name":"Menopausing: Exploring\u00a0diversity,\u00a0awareness\u00a0 and\u00a0activism","description":"","potentialAction":[{"@type":"SearchAction","target":{"@type":"EntryPoint","urlTemplate":"https:\/\/sites.uef.fi\/menopausing\/?s={search_term_string}"},"query-input":{"@type":"PropertyValueSpecification","valueRequired":true,"valueName":"search_term_string"}}],"inLanguage":"en-US"}]}},"_links":{"self":[{"href":"https:\/\/sites.uef.fi\/menopausing\/wp-json\/wp\/v2\/pages\/734","targetHints":{"allow":["GET"]}}],"collection":[{"href":"https:\/\/sites.uef.fi\/menopausing\/wp-json\/wp\/v2\/pages"}],"about":[{"href":"https:\/\/sites.uef.fi\/menopausing\/wp-json\/wp\/v2\/types\/page"}],"author":[{"embeddable":true,"href":"https:\/\/sites.uef.fi\/menopausing\/wp-json\/wp\/v2\/users\/1263"}],"replies":[{"embeddable":true,"href":"https:\/\/sites.uef.fi\/menopausing\/wp-json\/wp\/v2\/comments?post=734"}],"version-history":[{"count":2,"href":"https:\/\/sites.uef.fi\/menopausing\/wp-json\/wp\/v2\/pages\/734\/revisions"}],"predecessor-version":[{"id":767,"href":"https:\/\/sites.uef.fi\/menopausing\/wp-json\/wp\/v2\/pages\/734\/revisions\/767"}],"wp:attachment":[{"href":"https:\/\/sites.uef.fi\/menopausing\/wp-json\/wp\/v2\/media?parent=734"}],"curies":[{"name":"wp","href":"https:\/\/api.w.org\/{rel}","templated":true}]}}