{"id":1029,"date":"2020-05-25T07:36:35","date_gmt":"2020-05-25T04:36:35","guid":{"rendered":"https:\/\/sites.uef.fi\/mikromri\/?page_id=1029"},"modified":"2021-03-17T09:59:16","modified_gmt":"2021-03-17T07:59:16","slug":"tapahtumat","status":"publish","type":"page","link":"https:\/\/sites.uef.fi\/mikromri\/tapahtumat\/","title":{"rendered":"Menneet tapahtumat"},"content":{"rendered":"<p>&nbsp;<\/p>\n<hr \/>\n<h5><strong>Mikrokuvantaminen<\/strong><\/h5>\n<p><em>Euroopan aluekehitysrahaston hankkeiden <a href=\"https:\/\/www.eura2014.fi\/rrtiepa\/projekti.php?projektikoodi=A73998\">A74016<\/a> (MikroMRI) ja <a href=\"https:\/\/www.eura2014.fi\/rrtiepa\/projekti.php?projektikoodi=A74798\">A74798<\/a>\u00a0(Tomolab) yhteiswebinaari. Webinaari sis\u00e4lt\u00e4\u00e4 u<\/em><em>usien MikroMRI- ja <a href=\"https:\/\/uefconnect.uef.fi\/tutkimusryhma\/tomolab-rontgentomografialaboratorion-kehittaminen\/\">MikroCT<\/a> -laitteistojen pilottihankkeiden esittely\u00e4 ja esittelee mikrokuvantamisen mahdollisuuksia.<\/em><\/p>\n<p><em>Osallistumislinkki l\u00e4hetet\u00e4\u00e4n s\u00e4hk\u00f6postilla ennakkorekister\u00f6ityneille ennen tilaisuuden alkua.<\/em><\/p>\n<p><em><strong>Webinaari, 18.11.2020<\/strong><\/em><\/p>\n<p style=\"padding-left: 40px\">Aika: 18.11.2020, klo 12.30-15.00<\/p>\n<p style=\"padding-left: 40px\">Paikka: Virtuaalinen<\/p>\n<p style=\"padding-left: 40px\"><span style=\"color: #000000\"><del>Rekister\u00f6ityminen<\/del><\/span>\u00a0(ilmoittautuminen sulkeutuu 17.11.2020, klo 16.00)<\/p>\n<p style=\"padding-left: 40px\"><span style=\"color: #008080\"><a href=\"https:\/\/sites.uef.fi\/mikromri\/wp-content\/uploads\/sites\/17\/2020\/11\/Mikrokuvantamisen_webinaari-1.pdf\">Esite ja ohjelma<\/a>\u00a0<\/span><\/p>\n<hr \/>\n<h5><strong>Advanced NMR methods for materials research<\/strong><\/h5>\n<p>Professori Ville-Veikko Telkki, University of Oulu<\/p>\n<p><i>The seminar is organised by Kuopio Biomedical Imaging Unit as part of weekly &#8221;Biomedical NMR Research Seminars&#8221; -series, and hosted by Professor Olli Gr\u00f6hn. The event, which is free of charge and open to everyone interested, will be held in English. No registration needed. Welcome!<\/i><\/p>\n<p><em><strong>Seminaari, 22.02.2019<\/strong><\/em><\/p>\n<p style=\"padding-left: 40px\">Aika: Perjantai 22.02.2019, klo 08.30-09.30<\/p>\n<p style=\"padding-left: 40px\">Paikka: A.I. Virtanen Instituutti, Bioteknia 1, Seminaarisali 3208<\/p>\n<p style=\"padding-left: 40px\"><a href=\"https:\/\/sites.uef.fi\/mikromri\/wp-content\/uploads\/sites\/17\/2021\/03\/Telkki_Seminaari.pdf\">Esite<\/a><\/p>\n<p>&nbsp;<\/p>\n","protected":false},"excerpt":{"rendered":"<p>&nbsp; Mikrokuvantaminen Euroopan aluekehitysrahaston hankkeiden A74016 (MikroMRI) ja A74798\u00a0(Tomolab) yhteiswebinaari. Webinaari sis\u00e4lt\u00e4\u00e4 uusien MikroMRI- ja MikroCT -laitteistojen pilottihankkeiden esittely\u00e4 ja esittelee mikrokuvantamisen mahdollisuuksia. Osallistumislinkki l\u00e4hetet\u00e4\u00e4n s\u00e4hk\u00f6postilla ennakkorekister\u00f6ityneille ennen tilaisuuden alkua. Webinaari, 18.11.2020 Aika: 18.11.2020, klo 12.30-15.00 Paikka: Virtuaalinen Rekister\u00f6ityminen\u00a0(ilmoittautuminen sulkeutuu 17.11.2020, klo 16.00) Esite ja ohjelma\u00a0 Advanced NMR methods for materials research Professori Ville-Veikko Telkki, [&hellip;]<\/p>\n","protected":false},"author":20,"featured_media":0,"parent":0,"menu_order":0,"comment_status":"closed","ping_status":"closed","template":"","meta":{"_acf_changed":false,"_monsterinsights_skip_tracking":false,"_monsterinsights_sitenote_active":false,"_monsterinsights_sitenote_note":"","_monsterinsights_sitenote_category":0,"footnotes":""},"class_list":["post-1029","page","type-page","status-publish","hentry"],"acf":[],"yoast_head":"<!-- This site is optimized with the Yoast SEO plugin v27.1.1 - https:\/\/yoast.com\/product\/yoast-seo-wordpress\/ -->\n<title>Menneet tapahtumat - MikroMRI<\/title>\n<meta name=\"robots\" content=\"index, follow, max-snippet:-1, max-image-preview:large, max-video-preview:-1\" \/>\n<link rel=\"canonical\" href=\"https:\/\/sites.uef.fi\/mikromri\/tapahtumat\/\" \/>\n<meta property=\"og:locale\" content=\"fi_FI\" \/>\n<meta property=\"og:type\" content=\"article\" \/>\n<meta property=\"og:title\" content=\"Menneet tapahtumat - MikroMRI\" \/>\n<meta property=\"og:description\" content=\"&nbsp; Mikrokuvantaminen Euroopan aluekehitysrahaston hankkeiden A74016 (MikroMRI) ja A74798\u00a0(Tomolab) yhteiswebinaari. Webinaari sis\u00e4lt\u00e4\u00e4 uusien MikroMRI- ja MikroCT -laitteistojen pilottihankkeiden esittely\u00e4 ja esittelee mikrokuvantamisen mahdollisuuksia. Osallistumislinkki l\u00e4hetet\u00e4\u00e4n s\u00e4hk\u00f6postilla ennakkorekister\u00f6ityneille ennen tilaisuuden alkua. Webinaari, 18.11.2020 Aika: 18.11.2020, klo 12.30-15.00 Paikka: Virtuaalinen Rekister\u00f6ityminen\u00a0(ilmoittautuminen sulkeutuu 17.11.2020, klo 16.00) Esite ja ohjelma\u00a0 Advanced NMR methods for materials research Professori Ville-Veikko Telkki, [&hellip;]\" \/>\n<meta property=\"og:url\" content=\"https:\/\/sites.uef.fi\/mikromri\/tapahtumat\/\" \/>\n<meta property=\"og:site_name\" content=\"MikroMRI\" \/>\n<meta property=\"article:modified_time\" content=\"2021-03-17T07:59:16+00:00\" \/>\n<meta name=\"twitter:card\" content=\"summary_large_image\" \/>\n<meta name=\"twitter:label1\" content=\"Arvioitu lukuaika\" \/>\n\t<meta name=\"twitter:data1\" content=\"1 minuutti\" \/>\n<script type=\"application\/ld+json\" class=\"yoast-schema-graph\">{\"@context\":\"https:\/\/schema.org\",\"@graph\":[{\"@type\":\"WebPage\",\"@id\":\"https:\/\/sites.uef.fi\/mikromri\/tapahtumat\/\",\"url\":\"https:\/\/sites.uef.fi\/mikromri\/tapahtumat\/\",\"name\":\"Menneet tapahtumat - MikroMRI\",\"isPartOf\":{\"@id\":\"https:\/\/sites.uef.fi\/mikromri\/#website\"},\"datePublished\":\"2020-05-25T04:36:35+00:00\",\"dateModified\":\"2021-03-17T07:59:16+00:00\",\"breadcrumb\":{\"@id\":\"https:\/\/sites.uef.fi\/mikromri\/tapahtumat\/#breadcrumb\"},\"inLanguage\":\"fi\",\"potentialAction\":[{\"@type\":\"ReadAction\",\"target\":[\"https:\/\/sites.uef.fi\/mikromri\/tapahtumat\/\"]}]},{\"@type\":\"BreadcrumbList\",\"@id\":\"https:\/\/sites.uef.fi\/mikromri\/tapahtumat\/#breadcrumb\",\"itemListElement\":[{\"@type\":\"ListItem\",\"position\":1,\"name\":\"Home\",\"item\":\"https:\/\/sites.uef.fi\/mikromri\/\"},{\"@type\":\"ListItem\",\"position\":2,\"name\":\"Menneet tapahtumat\"}]},{\"@type\":\"WebSite\",\"@id\":\"https:\/\/sites.uef.fi\/mikromri\/#website\",\"url\":\"https:\/\/sites.uef.fi\/mikromri\/\",\"name\":\"MikroMRI\",\"description\":\"\",\"potentialAction\":[{\"@type\":\"SearchAction\",\"target\":{\"@type\":\"EntryPoint\",\"urlTemplate\":\"https:\/\/sites.uef.fi\/mikromri\/?s={search_term_string}\"},\"query-input\":{\"@type\":\"PropertyValueSpecification\",\"valueRequired\":true,\"valueName\":\"search_term_string\"}}],\"inLanguage\":\"fi\"}]}<\/script>\n<!-- \/ Yoast SEO plugin. -->","yoast_head_json":{"title":"Menneet tapahtumat - MikroMRI","robots":{"index":"index","follow":"follow","max-snippet":"max-snippet:-1","max-image-preview":"max-image-preview:large","max-video-preview":"max-video-preview:-1"},"canonical":"https:\/\/sites.uef.fi\/mikromri\/tapahtumat\/","og_locale":"fi_FI","og_type":"article","og_title":"Menneet tapahtumat - MikroMRI","og_description":"&nbsp; Mikrokuvantaminen Euroopan aluekehitysrahaston hankkeiden A74016 (MikroMRI) ja A74798\u00a0(Tomolab) yhteiswebinaari. Webinaari sis\u00e4lt\u00e4\u00e4 uusien MikroMRI- ja MikroCT -laitteistojen pilottihankkeiden esittely\u00e4 ja esittelee mikrokuvantamisen mahdollisuuksia. Osallistumislinkki l\u00e4hetet\u00e4\u00e4n s\u00e4hk\u00f6postilla ennakkorekister\u00f6ityneille ennen tilaisuuden alkua. Webinaari, 18.11.2020 Aika: 18.11.2020, klo 12.30-15.00 Paikka: Virtuaalinen Rekister\u00f6ityminen\u00a0(ilmoittautuminen sulkeutuu 17.11.2020, klo 16.00) Esite ja ohjelma\u00a0 Advanced NMR methods for materials research Professori Ville-Veikko Telkki, [&hellip;]","og_url":"https:\/\/sites.uef.fi\/mikromri\/tapahtumat\/","og_site_name":"MikroMRI","article_modified_time":"2021-03-17T07:59:16+00:00","twitter_card":"summary_large_image","twitter_misc":{"Arvioitu lukuaika":"1 minuutti"},"schema":{"@context":"https:\/\/schema.org","@graph":[{"@type":"WebPage","@id":"https:\/\/sites.uef.fi\/mikromri\/tapahtumat\/","url":"https:\/\/sites.uef.fi\/mikromri\/tapahtumat\/","name":"Menneet tapahtumat - MikroMRI","isPartOf":{"@id":"https:\/\/sites.uef.fi\/mikromri\/#website"},"datePublished":"2020-05-25T04:36:35+00:00","dateModified":"2021-03-17T07:59:16+00:00","breadcrumb":{"@id":"https:\/\/sites.uef.fi\/mikromri\/tapahtumat\/#breadcrumb"},"inLanguage":"fi","potentialAction":[{"@type":"ReadAction","target":["https:\/\/sites.uef.fi\/mikromri\/tapahtumat\/"]}]},{"@type":"BreadcrumbList","@id":"https:\/\/sites.uef.fi\/mikromri\/tapahtumat\/#breadcrumb","itemListElement":[{"@type":"ListItem","position":1,"name":"Home","item":"https:\/\/sites.uef.fi\/mikromri\/"},{"@type":"ListItem","position":2,"name":"Menneet tapahtumat"}]},{"@type":"WebSite","@id":"https:\/\/sites.uef.fi\/mikromri\/#website","url":"https:\/\/sites.uef.fi\/mikromri\/","name":"MikroMRI","description":"","potentialAction":[{"@type":"SearchAction","target":{"@type":"EntryPoint","urlTemplate":"https:\/\/sites.uef.fi\/mikromri\/?s={search_term_string}"},"query-input":{"@type":"PropertyValueSpecification","valueRequired":true,"valueName":"search_term_string"}}],"inLanguage":"fi"}]}},"_links":{"self":[{"href":"https:\/\/sites.uef.fi\/mikromri\/wp-json\/wp\/v2\/pages\/1029","targetHints":{"allow":["GET"]}}],"collection":[{"href":"https:\/\/sites.uef.fi\/mikromri\/wp-json\/wp\/v2\/pages"}],"about":[{"href":"https:\/\/sites.uef.fi\/mikromri\/wp-json\/wp\/v2\/types\/page"}],"author":[{"embeddable":true,"href":"https:\/\/sites.uef.fi\/mikromri\/wp-json\/wp\/v2\/users\/20"}],"replies":[{"embeddable":true,"href":"https:\/\/sites.uef.fi\/mikromri\/wp-json\/wp\/v2\/comments?post=1029"}],"version-history":[{"count":2,"href":"https:\/\/sites.uef.fi\/mikromri\/wp-json\/wp\/v2\/pages\/1029\/revisions"}],"predecessor-version":[{"id":2588,"href":"https:\/\/sites.uef.fi\/mikromri\/wp-json\/wp\/v2\/pages\/1029\/revisions\/2588"}],"wp:attachment":[{"href":"https:\/\/sites.uef.fi\/mikromri\/wp-json\/wp\/v2\/media?parent=1029"}],"curies":[{"name":"wp","href":"https:\/\/api.w.org\/{rel}","templated":true}]}}