{"id":141,"date":"2020-03-12T14:39:21","date_gmt":"2020-03-12T12:39:21","guid":{"rendered":"https:\/\/sites.uef.fi\/mikromri\/?page_id=141"},"modified":"2023-11-20T13:28:28","modified_gmt":"2023-11-20T11:28:28","slug":"linkit","status":"publish","type":"page","link":"https:\/\/sites.uef.fi\/mikromri\/linkit\/","title":{"rendered":"Linkit"},"content":{"rendered":"\n<h4 class=\"wp-block-heading\">&nbsp;<\/h4>\n\n\n\n<p>Alta l\u00f6yd\u00e4t linkit yhteisty\u00f6tahojemme sivustoille.<\/p>\n\n\n\n<ul class=\"wp-block-list\">\n<li><a href=\"https:\/\/www.pohjois-savo.fi\/\">Pohjois-Savon liitto<\/a><\/li>\n\n\n\n<li><a href=\"https:\/\/www.luke.fi\/\">Luonnonvarakeskus (Luke)<\/a><\/li>\n\n\n\n<li><a href=\"http:\/\/www.savonia.fi\">Savonia<\/a><\/li>\n\n\n\n<li><a href=\"https:\/\/www.valmet.com\/fi\/\">Valmet<\/a><\/li>\n\n\n\n<li><a href=\"https:\/\/www.teknikum.com\/\">Teknikum<\/a><\/li>\n\n\n\n<li><a href=\"https:\/\/www.mondigroup.com\">Mondi Powerflute<\/a><\/li>\n\n\n\n<li><a href=\"https:\/\/www.uef.fi\/fi\/web\/siblabs\">SIB Labs<\/a><\/li>\n\n\n\n<li><a href=\"https:\/\/www.uef.fi\/etusivu\">It\u00e4-Suomen yliopisto<\/a><\/li>\n\n\n\n<li><a href=\"https:\/\/sites.uef.fi\/kuopiobiu\/\">Kuopio Biomedical Imaging Unit<\/a><\/li>\n\n\n\n<li><a href=\"https:\/\/www.eura2014.fi\/rrtiepa\/projekti.php?projektikoodi=A74016\">EURA (2014), A74016<\/a><\/li>\n\n\n\n<li><a href=\"https:\/\/www.eura2014.fi\/rrtiepa\/projekti.php?projektikoodi=A73998\">EURA (2014), A73998<\/a><\/li>\n<\/ul>\n\n\n    <div class=\"funders grid\">\n                        <div class=\"funders__item grid__item\">\n                            <div class=\"funders__image\">\n                    <img decoding=\"async\" src=\"https:\/\/sites.uef.fi\/mikromri\/wp-content\/uploads\/sites\/17\/2020\/03\/VipuvoimaaEU_2014_2020_rgb.png\" alt=\"Vipuvoimaa EU:lta 2014-2020 logo.\" \/>\n                <\/div>\n                                                <\/div>\n                        \n                        <div class=\"funders__item grid__item\">\n                            <div class=\"funders__image\">\n                    <img decoding=\"async\" src=\"https:\/\/sites.uef.fi\/mikromri\/wp-content\/uploads\/sites\/17\/2020\/03\/EU_EAKR_FI_vertical_20mm_rgb.png\" alt=\"Euroopan unioni, Euroopan aluekehitysrahasto logo.\" \/>\n                <\/div>\n                                                <\/div>\n                        \n                        <div class=\"funders__item grid__item\">\n                            <div class=\"funders__image\">\n                    <img decoding=\"async\" src=\"https:\/\/sites.uef.fi\/mikromri\/wp-content\/uploads\/sites\/17\/2020\/03\/psl_tukee_maakunnan_menestysta.png\" alt=\"Pohjois-Savon liitto logo.\" \/>\n                <\/div>\n                                                <\/div>\n                        \n            <\/div>\n","protected":false},"excerpt":{"rendered":"<p>&nbsp; Alta l\u00f6yd\u00e4t linkit yhteisty\u00f6tahojemme sivustoille.<\/p>\n","protected":false},"author":20,"featured_media":0,"parent":0,"menu_order":0,"comment_status":"closed","ping_status":"closed","template":"","meta":{"_acf_changed":false,"_monsterinsights_skip_tracking":false,"_monsterinsights_sitenote_active":false,"_monsterinsights_sitenote_note":"","_monsterinsights_sitenote_category":0,"footnotes":""},"class_list":["post-141","page","type-page","status-publish","hentry"],"acf":[],"yoast_head":"<!-- This site is optimized with the Yoast SEO plugin v27.1.1 - https:\/\/yoast.com\/product\/yoast-seo-wordpress\/ -->\n<title>Linkit - MikroMRI<\/title>\n<meta name=\"robots\" content=\"index, follow, max-snippet:-1, max-image-preview:large, max-video-preview:-1\" \/>\n<link rel=\"canonical\" href=\"https:\/\/sites.uef.fi\/mikromri\/linkit\/\" \/>\n<meta property=\"og:locale\" content=\"fi_FI\" \/>\n<meta property=\"og:type\" content=\"article\" \/>\n<meta property=\"og:title\" content=\"Linkit - MikroMRI\" \/>\n<meta property=\"og:description\" content=\"&nbsp; Alta l\u00f6yd\u00e4t linkit yhteisty\u00f6tahojemme sivustoille.\" \/>\n<meta property=\"og:url\" content=\"https:\/\/sites.uef.fi\/mikromri\/linkit\/\" \/>\n<meta property=\"og:site_name\" content=\"MikroMRI\" \/>\n<meta property=\"article:modified_time\" content=\"2023-11-20T11:28:28+00:00\" \/>\n<meta name=\"twitter:card\" content=\"summary_large_image\" \/>\n<meta name=\"twitter:label1\" content=\"Arvioitu lukuaika\" \/>\n\t<meta name=\"twitter:data1\" content=\"1 minuutti\" \/>\n<script type=\"application\/ld+json\" class=\"yoast-schema-graph\">{\"@context\":\"https:\/\/schema.org\",\"@graph\":[{\"@type\":\"WebPage\",\"@id\":\"https:\/\/sites.uef.fi\/mikromri\/linkit\/\",\"url\":\"https:\/\/sites.uef.fi\/mikromri\/linkit\/\",\"name\":\"Linkit - MikroMRI\",\"isPartOf\":{\"@id\":\"https:\/\/sites.uef.fi\/mikromri\/#website\"},\"datePublished\":\"2020-03-12T12:39:21+00:00\",\"dateModified\":\"2023-11-20T11:28:28+00:00\",\"breadcrumb\":{\"@id\":\"https:\/\/sites.uef.fi\/mikromri\/linkit\/#breadcrumb\"},\"inLanguage\":\"fi\",\"potentialAction\":[{\"@type\":\"ReadAction\",\"target\":[\"https:\/\/sites.uef.fi\/mikromri\/linkit\/\"]}]},{\"@type\":\"BreadcrumbList\",\"@id\":\"https:\/\/sites.uef.fi\/mikromri\/linkit\/#breadcrumb\",\"itemListElement\":[{\"@type\":\"ListItem\",\"position\":1,\"name\":\"Home\",\"item\":\"https:\/\/sites.uef.fi\/mikromri\/\"},{\"@type\":\"ListItem\",\"position\":2,\"name\":\"Linkit\"}]},{\"@type\":\"WebSite\",\"@id\":\"https:\/\/sites.uef.fi\/mikromri\/#website\",\"url\":\"https:\/\/sites.uef.fi\/mikromri\/\",\"name\":\"MikroMRI\",\"description\":\"\",\"potentialAction\":[{\"@type\":\"SearchAction\",\"target\":{\"@type\":\"EntryPoint\",\"urlTemplate\":\"https:\/\/sites.uef.fi\/mikromri\/?s={search_term_string}\"},\"query-input\":{\"@type\":\"PropertyValueSpecification\",\"valueRequired\":true,\"valueName\":\"search_term_string\"}}],\"inLanguage\":\"fi\"}]}<\/script>\n<!-- \/ Yoast SEO plugin. -->","yoast_head_json":{"title":"Linkit - MikroMRI","robots":{"index":"index","follow":"follow","max-snippet":"max-snippet:-1","max-image-preview":"max-image-preview:large","max-video-preview":"max-video-preview:-1"},"canonical":"https:\/\/sites.uef.fi\/mikromri\/linkit\/","og_locale":"fi_FI","og_type":"article","og_title":"Linkit - MikroMRI","og_description":"&nbsp; Alta l\u00f6yd\u00e4t linkit yhteisty\u00f6tahojemme sivustoille.","og_url":"https:\/\/sites.uef.fi\/mikromri\/linkit\/","og_site_name":"MikroMRI","article_modified_time":"2023-11-20T11:28:28+00:00","twitter_card":"summary_large_image","twitter_misc":{"Arvioitu lukuaika":"1 minuutti"},"schema":{"@context":"https:\/\/schema.org","@graph":[{"@type":"WebPage","@id":"https:\/\/sites.uef.fi\/mikromri\/linkit\/","url":"https:\/\/sites.uef.fi\/mikromri\/linkit\/","name":"Linkit - MikroMRI","isPartOf":{"@id":"https:\/\/sites.uef.fi\/mikromri\/#website"},"datePublished":"2020-03-12T12:39:21+00:00","dateModified":"2023-11-20T11:28:28+00:00","breadcrumb":{"@id":"https:\/\/sites.uef.fi\/mikromri\/linkit\/#breadcrumb"},"inLanguage":"fi","potentialAction":[{"@type":"ReadAction","target":["https:\/\/sites.uef.fi\/mikromri\/linkit\/"]}]},{"@type":"BreadcrumbList","@id":"https:\/\/sites.uef.fi\/mikromri\/linkit\/#breadcrumb","itemListElement":[{"@type":"ListItem","position":1,"name":"Home","item":"https:\/\/sites.uef.fi\/mikromri\/"},{"@type":"ListItem","position":2,"name":"Linkit"}]},{"@type":"WebSite","@id":"https:\/\/sites.uef.fi\/mikromri\/#website","url":"https:\/\/sites.uef.fi\/mikromri\/","name":"MikroMRI","description":"","potentialAction":[{"@type":"SearchAction","target":{"@type":"EntryPoint","urlTemplate":"https:\/\/sites.uef.fi\/mikromri\/?s={search_term_string}"},"query-input":{"@type":"PropertyValueSpecification","valueRequired":true,"valueName":"search_term_string"}}],"inLanguage":"fi"}]}},"_links":{"self":[{"href":"https:\/\/sites.uef.fi\/mikromri\/wp-json\/wp\/v2\/pages\/141","targetHints":{"allow":["GET"]}}],"collection":[{"href":"https:\/\/sites.uef.fi\/mikromri\/wp-json\/wp\/v2\/pages"}],"about":[{"href":"https:\/\/sites.uef.fi\/mikromri\/wp-json\/wp\/v2\/types\/page"}],"author":[{"embeddable":true,"href":"https:\/\/sites.uef.fi\/mikromri\/wp-json\/wp\/v2\/users\/20"}],"replies":[{"embeddable":true,"href":"https:\/\/sites.uef.fi\/mikromri\/wp-json\/wp\/v2\/comments?post=141"}],"version-history":[{"count":2,"href":"https:\/\/sites.uef.fi\/mikromri\/wp-json\/wp\/v2\/pages\/141\/revisions"}],"predecessor-version":[{"id":2929,"href":"https:\/\/sites.uef.fi\/mikromri\/wp-json\/wp\/v2\/pages\/141\/revisions\/2929"}],"wp:attachment":[{"href":"https:\/\/sites.uef.fi\/mikromri\/wp-json\/wp\/v2\/media?parent=141"}],"curies":[{"name":"wp","href":"https:\/\/api.w.org\/{rel}","templated":true}]}}