{"id":156,"date":"2020-03-12T14:46:21","date_gmt":"2020-03-12T12:46:21","guid":{"rendered":"https:\/\/sites.uef.fi\/mikromri\/?page_id=156"},"modified":"2023-11-20T13:39:13","modified_gmt":"2023-11-20T11:39:13","slug":"laitteisto","status":"publish","type":"page","link":"https:\/\/sites.uef.fi\/mikromri\/laitteisto\/","title":{"rendered":"Laitteisto"},"content":{"rendered":"\n<h5 class=\"wp-block-heading\"><a href=\"https:\/\/sites.uef.fi\/mikromri\/yhteydenotot\/\"><em>Yhteydenotot laitteistoon liittyen (Linkki)<\/em><\/a><\/h5>\n\n\n\n<h5 class=\"wp-block-heading\"><a href=\"https:\/\/sites.uef.fi\/mikromri\/wp-content\/uploads\/sites\/17\/2021\/04\/method_desc_umri_6s.pdf\"><em>Lis\u00e4tietoja laitteistoSTA ja koeasetelmasta (Linkki)<\/em><\/a><\/h5>\n\n\n\n<h2 class=\"wp-block-heading\">MikroMRI<\/h2>\n\n\n\n<p>MikroMRI -laitteistona toimii <b>500 MHz <\/b>spektroskooppinen magneetti (<em>Bruker BioSpin<\/em>), joka on muutettu mikrokuvantavaksi magneettikuvauslaitteistoksi.<\/p>\n\n\n\n<p>Magneetin kentt\u00e4voimakkuus on <b>11.7 <\/b><b>teslaa<\/b>. Suuren kentt\u00e4voimakkuutensa ansiosta laitteisto soveltuu erinomaisesti magneettikuvauksen n\u00e4k\u00f6kulmasta tavallisuudesta poikkeavien kohteiden anatomiseen kuvaukseen sek\u00e4 kvantitatiiviseen analyysiin. Lis\u00e4ksi laitteistolla pystyt\u00e4\u00e4n mikroskooppisesti kuvaamaan pieni\u00e4 n\u00e4ytteit\u00e4 erinomaisella signaali-kohina -suhteella, ja n\u00e4in my\u00f6s aikaa s\u00e4\u00e4st\u00e4v\u00e4sti. Tyypillisesti huonosti magneettikuvissa n\u00e4kyvien n\u00e4ytteiden kuvaaminen on my\u00f6s tapauskohtaisesti mahdollista kehittyneen elektroniikkalaitteiston ja uusimpien mittausmenetelmien sek\u00e4 magneetin suuren kentt\u00e4voimakkuuden ansiosta. Mikroskooppiselle tasolle ylt\u00e4v\u00e4ll\u00e4 mikroMRI -laitteistolla voidaan kuvata n\u00e4ytteit\u00e4 <b>alle 30 \u00b5m -resoluutiolla<\/b> t\u00e4ysin n\u00e4ytteeseen kajoamatta ja turvallisesti.<\/p>\n\n\n\n<p>Laitteistosta tekee monipuolisen my\u00f6s sen useat erilaiset RF-kelat, joiden avulla erilaisten n\u00e4ytteiden kuvaaminen ja tutkiminen voidaan toteuttaa parhaalla mahdollisella tavalla. Tyypillisesti magneettikuvauksessa tutkitaan <b>1<\/b><b>H<\/b>, eli protonien antamaa signaalia, joihin mikroMRI -laitteistossa k\u00e4yt\u00f6ss\u00e4 olevat 5 mm ja 10 mm RF-kelat takaavat parhaan n\u00e4kyvyyden ja kuvanlaadun erilaisille n\u00e4ytteille. MikroMRI -laitteistossa on k\u00e4ytett\u00e4viss\u00e4 my\u00f6s <b>13<\/b><b>C,<\/b> eli hiili-13 -isotoopin antamalle signaalille erityisesti suunniteltu 8 mm -pohjahalkaisijan RF-kelaratkaisu tarjoten uusia ja mielenkiintoisia menetelmi\u00e4 ja mahdollisuuksia teollisuuden tuotekehitykseen, ja hiilest\u00e4 saatavan signaalin tarkasteluun.<\/p>\n\n\n\n<figure class=\"wp-block-image aligncenter\"><img loading=\"lazy\" decoding=\"async\" width=\"612\" height=\"232\" src=\"https:\/\/sites.uef.fi\/mikromri\/wp-content\/uploads\/sites\/17\/2021\/02\/Esimerkkikuvia.png\" alt=\"Kolme esimerkki\u00e4 magneettikuvattavista kohteista. Vasemmalla m\u00e4nnyn siemen, keskell\u00e4 rotan polvinivel ja oikealla hiiren aivot.\" class=\"wp-image-2004\" srcset=\"https:\/\/sites.uef.fi\/mikromri\/wp-content\/uploads\/sites\/17\/2021\/02\/Esimerkkikuvia.png 612w, https:\/\/sites.uef.fi\/mikromri\/wp-content\/uploads\/sites\/17\/2021\/02\/Esimerkkikuvia-300x114.png 300w\" sizes=\"auto, (max-width: 612px) 100vw, 612px\" \/><\/figure>\n\n\n\n<p>Alle on listattu laitteiston ominaisuuksia ja yleist\u00e4 tietoa.<\/p>\n\n\n\n<h2 class=\"wp-block-heading\">Laitteiston ominaisuuksia<\/h2>\n\n\n\n<p><strong>BRUKER ULTRASHIELD 500 MHZ<\/strong><\/p>\n\n\n\n<ul class=\"wp-block-list\">\n<li><strong>Kentt\u00e4voimakkuus<\/strong>: 11.7T<\/li>\n\n\n\n<li><strong>Kuvausalue<\/strong>: 10 mm \u00d7 15 mm (halk. \u00d7 kork.)<\/li>\n\n\n\n<li><strong>N\u00e4ytteen koko<\/strong>: &lt; 10 mm (halk.). Korkeutta ei ole rajoitettu, mutta kuvattavan alueen on oltava n\u00e4yteputken p\u00e4\u00e4ss\u00e4.<\/li>\n\n\n\n<li><strong>Resoluutio<\/strong>: 20 \u00b5m<\/li>\n\n\n\n<li><strong>Kuvausaika<\/strong>: Sekunneista tunteihin. Riippuu resoluutiosta ja siit\u00e4, mit\u00e4 n\u00e4ytteest\u00e4 halutaan tiet\u00e4\u00e4. Biologiselle n\u00e4ytteelle n.35 \u00b5m (isotrooppisella) resoluutiolla kvantitatiivinen 3D MGE-kuvaussekvenssi kest\u00e4\u00e4 noin 1h 50min.<\/li>\n\n\n\n<li><strong>RF-kelat<\/strong>: 5mm (1H) |10 mm (1H) | 8mm (13C)<\/li>\n<\/ul>\n\n\n\n<figure class=\"wp-block-image size-full\"><img loading=\"lazy\" decoding=\"async\" width=\"358\" height=\"868\" src=\"https:\/\/sites.uef.fi\/mikromri\/wp-content\/uploads\/sites\/17\/2021\/02\/umri.png\" alt=\"Bruker ultrashield uMRI\" class=\"wp-image-2401\" srcset=\"https:\/\/sites.uef.fi\/mikromri\/wp-content\/uploads\/sites\/17\/2021\/02\/umri.png 358w, https:\/\/sites.uef.fi\/mikromri\/wp-content\/uploads\/sites\/17\/2021\/02\/umri-124x300.png 124w\" sizes=\"auto, (max-width: 358px) 100vw, 358px\" \/><\/figure>\n\n\n\n<h2 class=\"wp-block-heading\">Koeasetelma<\/h2>\n\n\n\n<p>N\u00e4ytteen on mahduttava \u230010mm n\u00e4yteputken pohjalle. Kuvattava alue on noin 15mm korkea, mutta kuvattavaa kohtaa voidaan siirt\u00e4\u00e4 5-10mm (yl\u00f6s\/alas, \u201dsiirtovara\u201d). Pienemmille n\u00e4ytteille voidaan k\u00e4ytt\u00e4\u00e4 my\u00f6s kapeampaa n\u00e4yteputkea (\u23005mm) ja pienemp\u00e4\u00e4 RF-kelaa, joka mahdollistaa entist\u00e4 paremman resoluution ja signaali-kohina \u2013suhteen.<\/p>\n\n\n\n<figure class=\"wp-block-image aligncenter\"><img loading=\"lazy\" decoding=\"async\" width=\"792\" height=\"836\" src=\"https:\/\/sites.uef.fi\/mikromri\/wp-content\/uploads\/sites\/17\/2021\/02\/Naytepidike.png\" alt=\"Magneettikuvauksessa k\u00e4ytetyn n\u00e4yteputken rakenteen esittely\u00e4. Kuvassa esitell\u00e4\u00e4n seuraavat rakenteet: n\u00e4yteputki, n\u00e4yteputken korkki, n\u00e4yteputken pidike ja magneettikuvattava alue. N\u00e4yteputki on 5-10 mm halkaisijan ja 15-20 cm pitk\u00e4 lasinen sylinterim\u00e4inen putki. N\u00e4yteputki sijoitetaan MikroMRI-laitteistoon pystysuorasti. N\u00e4yteputken pidike on kiinnitetty n\u00e4yteputken keskivaiheille. N\u00e4yteputki on auki toisesta p\u00e4\u00e4st\u00e4 ja suljettavissa korkilla. N\u00e4yte sijoitetaan n\u00e4yteputken pohjalle, jossa sijaitsee my\u00f6s kuvattava alue. \" class=\"wp-image-2294\" srcset=\"https:\/\/sites.uef.fi\/mikromri\/wp-content\/uploads\/sites\/17\/2021\/02\/Naytepidike.png 792w, https:\/\/sites.uef.fi\/mikromri\/wp-content\/uploads\/sites\/17\/2021\/02\/Naytepidike-284x300.png 284w, https:\/\/sites.uef.fi\/mikromri\/wp-content\/uploads\/sites\/17\/2021\/02\/Naytepidike-768x811.png 768w\" sizes=\"auto, (max-width: 792px) 100vw, 792px\" \/><\/figure>\n\n\n\n<h5 class=\"wp-block-heading\">&nbsp;<\/h5>\n\n\n    <div class=\"funders grid\">\n                        <div class=\"funders__item grid__item\">\n                            <div class=\"funders__image\">\n                    <img decoding=\"async\" src=\"https:\/\/sites.uef.fi\/mikromri\/wp-content\/uploads\/sites\/17\/2020\/03\/VipuvoimaaEU_2014_2020_rgb.png\" alt=\"Vipuvoimaa EU:lta 2014-2020 logo.\" \/>\n                <\/div>\n                                                <\/div>\n                        \n                        <div class=\"funders__item grid__item\">\n                            <div class=\"funders__image\">\n                    <img decoding=\"async\" src=\"https:\/\/sites.uef.fi\/mikromri\/wp-content\/uploads\/sites\/17\/2020\/03\/EU_EAKR_FI_vertical_20mm_rgb.png\" alt=\"Europpan unioni, Euroopan aluekehitysrahasto logo.\" \/>\n                <\/div>\n                                                <\/div>\n                        \n                        <div class=\"funders__item grid__item\">\n                            <div class=\"funders__image\">\n                    <img decoding=\"async\" src=\"https:\/\/sites.uef.fi\/mikromri\/wp-content\/uploads\/sites\/17\/2020\/03\/psl_tukee_maakunnan_menestysta.png\" alt=\"Pohjois-Savon liitto logo.\" \/>\n                <\/div>\n                                                <\/div>\n                        \n            <\/div>\n","protected":false},"excerpt":{"rendered":"<p>Yhteydenotot laitteistoon liittyen (Linkki) Lis\u00e4tietoja laitteistoSTA ja koeasetelmasta (Linkki) MikroMRI MikroMRI -laitteistona toimii 500 MHz spektroskooppinen magneetti (Bruker BioSpin), joka on muutettu mikrokuvantavaksi magneettikuvauslaitteistoksi. Magneetin kentt\u00e4voimakkuus on 11.7 teslaa. Suuren kentt\u00e4voimakkuutensa ansiosta laitteisto soveltuu erinomaisesti magneettikuvauksen n\u00e4k\u00f6kulmasta tavallisuudesta poikkeavien kohteiden anatomiseen kuvaukseen sek\u00e4 kvantitatiiviseen analyysiin. Lis\u00e4ksi laitteistolla pystyt\u00e4\u00e4n mikroskooppisesti kuvaamaan pieni\u00e4 n\u00e4ytteit\u00e4 erinomaisella signaali-kohina -suhteella, [&hellip;]<\/p>\n","protected":false},"author":20,"featured_media":0,"parent":0,"menu_order":0,"comment_status":"closed","ping_status":"closed","template":"","meta":{"_acf_changed":false,"_monsterinsights_skip_tracking":false,"_monsterinsights_sitenote_active":false,"_monsterinsights_sitenote_note":"","_monsterinsights_sitenote_category":0,"footnotes":""},"class_list":["post-156","page","type-page","status-publish","hentry"],"acf":[],"yoast_head":"<!-- This site is optimized with the Yoast SEO plugin v27.3 - https:\/\/yoast.com\/product\/yoast-seo-wordpress\/ -->\n<title>Laitteisto - MikroMRI<\/title>\n<meta name=\"robots\" content=\"index, follow, max-snippet:-1, max-image-preview:large, max-video-preview:-1\" \/>\n<link rel=\"canonical\" href=\"https:\/\/sites.uef.fi\/mikromri\/laitteisto\/\" \/>\n<meta property=\"og:locale\" content=\"fi_FI\" \/>\n<meta property=\"og:type\" content=\"article\" \/>\n<meta property=\"og:title\" content=\"Laitteisto - MikroMRI\" \/>\n<meta property=\"og:description\" content=\"Yhteydenotot laitteistoon liittyen (Linkki) Lis\u00e4tietoja laitteistoSTA ja koeasetelmasta (Linkki) MikroMRI MikroMRI -laitteistona toimii 500 MHz spektroskooppinen magneetti (Bruker BioSpin), joka on muutettu mikrokuvantavaksi magneettikuvauslaitteistoksi. Magneetin kentt\u00e4voimakkuus on 11.7 teslaa. Suuren kentt\u00e4voimakkuutensa ansiosta laitteisto soveltuu erinomaisesti magneettikuvauksen n\u00e4k\u00f6kulmasta tavallisuudesta poikkeavien kohteiden anatomiseen kuvaukseen sek\u00e4 kvantitatiiviseen analyysiin. Lis\u00e4ksi laitteistolla pystyt\u00e4\u00e4n mikroskooppisesti kuvaamaan pieni\u00e4 n\u00e4ytteit\u00e4 erinomaisella signaali-kohina -suhteella, [&hellip;]\" \/>\n<meta property=\"og:url\" content=\"https:\/\/sites.uef.fi\/mikromri\/laitteisto\/\" \/>\n<meta property=\"og:site_name\" content=\"MikroMRI\" \/>\n<meta property=\"article:modified_time\" content=\"2023-11-20T11:39:13+00:00\" \/>\n<meta property=\"og:image\" content=\"https:\/\/sites.uef.fi\/mikromri\/wp-content\/uploads\/sites\/17\/2021\/02\/Esimerkkikuvia.png\" \/>\n<meta name=\"twitter:card\" content=\"summary_large_image\" \/>\n<meta name=\"twitter:label1\" content=\"Arvioitu lukuaika\" \/>\n\t<meta name=\"twitter:data1\" content=\"3 minuuttia\" \/>\n<script type=\"application\/ld+json\" class=\"yoast-schema-graph\">{\"@context\":\"https:\\\/\\\/schema.org\",\"@graph\":[{\"@type\":\"WebPage\",\"@id\":\"https:\\\/\\\/sites.uef.fi\\\/mikromri\\\/laitteisto\\\/\",\"url\":\"https:\\\/\\\/sites.uef.fi\\\/mikromri\\\/laitteisto\\\/\",\"name\":\"Laitteisto - MikroMRI\",\"isPartOf\":{\"@id\":\"https:\\\/\\\/sites.uef.fi\\\/mikromri\\\/#website\"},\"primaryImageOfPage\":{\"@id\":\"https:\\\/\\\/sites.uef.fi\\\/mikromri\\\/laitteisto\\\/#primaryimage\"},\"image\":{\"@id\":\"https:\\\/\\\/sites.uef.fi\\\/mikromri\\\/laitteisto\\\/#primaryimage\"},\"thumbnailUrl\":\"https:\\\/\\\/sites.uef.fi\\\/mikromri\\\/wp-content\\\/uploads\\\/sites\\\/17\\\/2021\\\/02\\\/Esimerkkikuvia.png\",\"datePublished\":\"2020-03-12T12:46:21+00:00\",\"dateModified\":\"2023-11-20T11:39:13+00:00\",\"breadcrumb\":{\"@id\":\"https:\\\/\\\/sites.uef.fi\\\/mikromri\\\/laitteisto\\\/#breadcrumb\"},\"inLanguage\":\"fi\",\"potentialAction\":[{\"@type\":\"ReadAction\",\"target\":[\"https:\\\/\\\/sites.uef.fi\\\/mikromri\\\/laitteisto\\\/\"]}]},{\"@type\":\"ImageObject\",\"inLanguage\":\"fi\",\"@id\":\"https:\\\/\\\/sites.uef.fi\\\/mikromri\\\/laitteisto\\\/#primaryimage\",\"url\":\"https:\\\/\\\/sites.uef.fi\\\/mikromri\\\/wp-content\\\/uploads\\\/sites\\\/17\\\/2021\\\/02\\\/Esimerkkikuvia.png\",\"contentUrl\":\"https:\\\/\\\/sites.uef.fi\\\/mikromri\\\/wp-content\\\/uploads\\\/sites\\\/17\\\/2021\\\/02\\\/Esimerkkikuvia.png\",\"width\":612,\"height\":232},{\"@type\":\"BreadcrumbList\",\"@id\":\"https:\\\/\\\/sites.uef.fi\\\/mikromri\\\/laitteisto\\\/#breadcrumb\",\"itemListElement\":[{\"@type\":\"ListItem\",\"position\":1,\"name\":\"Home\",\"item\":\"https:\\\/\\\/sites.uef.fi\\\/mikromri\\\/\"},{\"@type\":\"ListItem\",\"position\":2,\"name\":\"Laitteisto\"}]},{\"@type\":\"WebSite\",\"@id\":\"https:\\\/\\\/sites.uef.fi\\\/mikromri\\\/#website\",\"url\":\"https:\\\/\\\/sites.uef.fi\\\/mikromri\\\/\",\"name\":\"MikroMRI\",\"description\":\"\",\"potentialAction\":[{\"@type\":\"SearchAction\",\"target\":{\"@type\":\"EntryPoint\",\"urlTemplate\":\"https:\\\/\\\/sites.uef.fi\\\/mikromri\\\/?s={search_term_string}\"},\"query-input\":{\"@type\":\"PropertyValueSpecification\",\"valueRequired\":true,\"valueName\":\"search_term_string\"}}],\"inLanguage\":\"fi\"}]}<\/script>\n<!-- \/ Yoast SEO plugin. -->","yoast_head_json":{"title":"Laitteisto - MikroMRI","robots":{"index":"index","follow":"follow","max-snippet":"max-snippet:-1","max-image-preview":"max-image-preview:large","max-video-preview":"max-video-preview:-1"},"canonical":"https:\/\/sites.uef.fi\/mikromri\/laitteisto\/","og_locale":"fi_FI","og_type":"article","og_title":"Laitteisto - MikroMRI","og_description":"Yhteydenotot laitteistoon liittyen (Linkki) Lis\u00e4tietoja laitteistoSTA ja koeasetelmasta (Linkki) MikroMRI MikroMRI -laitteistona toimii 500 MHz spektroskooppinen magneetti (Bruker BioSpin), joka on muutettu mikrokuvantavaksi magneettikuvauslaitteistoksi. Magneetin kentt\u00e4voimakkuus on 11.7 teslaa. Suuren kentt\u00e4voimakkuutensa ansiosta laitteisto soveltuu erinomaisesti magneettikuvauksen n\u00e4k\u00f6kulmasta tavallisuudesta poikkeavien kohteiden anatomiseen kuvaukseen sek\u00e4 kvantitatiiviseen analyysiin. Lis\u00e4ksi laitteistolla pystyt\u00e4\u00e4n mikroskooppisesti kuvaamaan pieni\u00e4 n\u00e4ytteit\u00e4 erinomaisella signaali-kohina -suhteella, [&hellip;]","og_url":"https:\/\/sites.uef.fi\/mikromri\/laitteisto\/","og_site_name":"MikroMRI","article_modified_time":"2023-11-20T11:39:13+00:00","og_image":[{"url":"https:\/\/sites.uef.fi\/mikromri\/wp-content\/uploads\/sites\/17\/2021\/02\/Esimerkkikuvia.png","type":"","width":"","height":""}],"twitter_card":"summary_large_image","twitter_misc":{"Arvioitu lukuaika":"3 minuuttia"},"schema":{"@context":"https:\/\/schema.org","@graph":[{"@type":"WebPage","@id":"https:\/\/sites.uef.fi\/mikromri\/laitteisto\/","url":"https:\/\/sites.uef.fi\/mikromri\/laitteisto\/","name":"Laitteisto - MikroMRI","isPartOf":{"@id":"https:\/\/sites.uef.fi\/mikromri\/#website"},"primaryImageOfPage":{"@id":"https:\/\/sites.uef.fi\/mikromri\/laitteisto\/#primaryimage"},"image":{"@id":"https:\/\/sites.uef.fi\/mikromri\/laitteisto\/#primaryimage"},"thumbnailUrl":"https:\/\/sites.uef.fi\/mikromri\/wp-content\/uploads\/sites\/17\/2021\/02\/Esimerkkikuvia.png","datePublished":"2020-03-12T12:46:21+00:00","dateModified":"2023-11-20T11:39:13+00:00","breadcrumb":{"@id":"https:\/\/sites.uef.fi\/mikromri\/laitteisto\/#breadcrumb"},"inLanguage":"fi","potentialAction":[{"@type":"ReadAction","target":["https:\/\/sites.uef.fi\/mikromri\/laitteisto\/"]}]},{"@type":"ImageObject","inLanguage":"fi","@id":"https:\/\/sites.uef.fi\/mikromri\/laitteisto\/#primaryimage","url":"https:\/\/sites.uef.fi\/mikromri\/wp-content\/uploads\/sites\/17\/2021\/02\/Esimerkkikuvia.png","contentUrl":"https:\/\/sites.uef.fi\/mikromri\/wp-content\/uploads\/sites\/17\/2021\/02\/Esimerkkikuvia.png","width":612,"height":232},{"@type":"BreadcrumbList","@id":"https:\/\/sites.uef.fi\/mikromri\/laitteisto\/#breadcrumb","itemListElement":[{"@type":"ListItem","position":1,"name":"Home","item":"https:\/\/sites.uef.fi\/mikromri\/"},{"@type":"ListItem","position":2,"name":"Laitteisto"}]},{"@type":"WebSite","@id":"https:\/\/sites.uef.fi\/mikromri\/#website","url":"https:\/\/sites.uef.fi\/mikromri\/","name":"MikroMRI","description":"","potentialAction":[{"@type":"SearchAction","target":{"@type":"EntryPoint","urlTemplate":"https:\/\/sites.uef.fi\/mikromri\/?s={search_term_string}"},"query-input":{"@type":"PropertyValueSpecification","valueRequired":true,"valueName":"search_term_string"}}],"inLanguage":"fi"}]}},"_links":{"self":[{"href":"https:\/\/sites.uef.fi\/mikromri\/wp-json\/wp\/v2\/pages\/156","targetHints":{"allow":["GET"]}}],"collection":[{"href":"https:\/\/sites.uef.fi\/mikromri\/wp-json\/wp\/v2\/pages"}],"about":[{"href":"https:\/\/sites.uef.fi\/mikromri\/wp-json\/wp\/v2\/types\/page"}],"author":[{"embeddable":true,"href":"https:\/\/sites.uef.fi\/mikromri\/wp-json\/wp\/v2\/users\/20"}],"replies":[{"embeddable":true,"href":"https:\/\/sites.uef.fi\/mikromri\/wp-json\/wp\/v2\/comments?post=156"}],"version-history":[{"count":1,"href":"https:\/\/sites.uef.fi\/mikromri\/wp-json\/wp\/v2\/pages\/156\/revisions"}],"predecessor-version":[{"id":2938,"href":"https:\/\/sites.uef.fi\/mikromri\/wp-json\/wp\/v2\/pages\/156\/revisions\/2938"}],"wp:attachment":[{"href":"https:\/\/sites.uef.fi\/mikromri\/wp-json\/wp\/v2\/media?parent=156"}],"curies":[{"name":"wp","href":"https:\/\/api.w.org\/{rel}","templated":true}]}}