{"id":199,"date":"2020-03-12T15:36:31","date_gmt":"2020-03-12T13:36:31","guid":{"rendered":"https:\/\/sites.uef.fi\/mikromri\/?page_id=199"},"modified":"2021-02-25T09:47:09","modified_gmt":"2021-02-25T07:47:09","slug":"pilotointi","status":"publish","type":"page","link":"https:\/\/sites.uef.fi\/mikromri\/pilotointi\/","title":{"rendered":"Esimerkit"},"content":{"rendered":"<p>&nbsp;<\/p>\n<p>MikroMRI -laitehankintaan ja menetelm\u00e4kehitykseen sek\u00e4 siin\u00e4 toteutettuihin pilottihankkeisiin pohjautuvat esimerkit k\u00e4sittelev\u00e4t l\u00e4hialueiden yritysten ja toimijoiden monipuolisesti valikoituneita n\u00e4ytteit\u00e4 k\u00e4sitt\u00e4en niin kasvituotannon ja maatalouden kuin my\u00f6s kumi- ja paperiteollisuuden tarpeet.<\/p>\n<p>Yhteisty\u00f6ss\u00e4 useiden <a href=\"https:\/\/sites.uef.fi\/mikromri\/linkit\/\">toimijoiden<\/a>\u00a0 toteutetut esimerkit takasivat monipuolisen MikroMRI -laitteiston k\u00e4ytt\u00f6\u00f6noton.<\/p>\n<p>Esimerkit on jaettu kolmeen osa-alueeseen:<\/p>\n<ul>\n<li><a href=\"https:\/\/sites.uef.fi\/mikromri\/kumit-ja-muovit\/\">Kumit ja muovit<\/a><\/li>\n<li><a href=\"https:\/\/sites.uef.fi\/mikromri\/paperit-ja-kartongit\/\">Paperit ja kartongit<\/a><\/li>\n<li><a href=\"https:\/\/sites.uef.fi\/mikromri\/siemenet-ja-jyvat\/\">Siemenet ja jyv\u00e4t<\/a><\/li>\n<\/ul>\n<p>&nbsp;<\/p>\n","protected":false},"excerpt":{"rendered":"<p>&nbsp; MikroMRI -laitehankintaan ja menetelm\u00e4kehitykseen sek\u00e4 siin\u00e4 toteutettuihin pilottihankkeisiin pohjautuvat esimerkit k\u00e4sittelev\u00e4t l\u00e4hialueiden yritysten ja toimijoiden monipuolisesti valikoituneita n\u00e4ytteit\u00e4 k\u00e4sitt\u00e4en niin kasvituotannon ja maatalouden kuin my\u00f6s kumi- ja paperiteollisuuden tarpeet. Yhteisty\u00f6ss\u00e4 useiden toimijoiden\u00a0 toteutetut esimerkit takasivat monipuolisen MikroMRI -laitteiston k\u00e4ytt\u00f6\u00f6noton. Esimerkit on jaettu kolmeen osa-alueeseen: Kumit ja muovit Paperit ja kartongit Siemenet ja jyv\u00e4t &nbsp;<\/p>\n","protected":false},"author":20,"featured_media":0,"parent":0,"menu_order":0,"comment_status":"closed","ping_status":"closed","template":"","meta":{"_acf_changed":false,"_monsterinsights_skip_tracking":false,"_monsterinsights_sitenote_active":false,"_monsterinsights_sitenote_note":"","_monsterinsights_sitenote_category":0,"footnotes":""},"class_list":["post-199","page","type-page","status-publish","hentry"],"acf":[],"yoast_head":"<!-- This site is optimized with the Yoast SEO plugin v27.1.1 - https:\/\/yoast.com\/product\/yoast-seo-wordpress\/ -->\n<title>Esimerkit - MikroMRI<\/title>\n<meta name=\"robots\" content=\"index, follow, max-snippet:-1, max-image-preview:large, max-video-preview:-1\" \/>\n<link rel=\"canonical\" href=\"https:\/\/sites.uef.fi\/mikromri\/pilotointi\/\" \/>\n<meta property=\"og:locale\" content=\"fi_FI\" \/>\n<meta property=\"og:type\" content=\"article\" \/>\n<meta property=\"og:title\" content=\"Esimerkit - MikroMRI\" \/>\n<meta property=\"og:description\" content=\"&nbsp; MikroMRI -laitehankintaan ja menetelm\u00e4kehitykseen sek\u00e4 siin\u00e4 toteutettuihin pilottihankkeisiin pohjautuvat esimerkit k\u00e4sittelev\u00e4t l\u00e4hialueiden yritysten ja toimijoiden monipuolisesti valikoituneita n\u00e4ytteit\u00e4 k\u00e4sitt\u00e4en niin kasvituotannon ja maatalouden kuin my\u00f6s kumi- ja paperiteollisuuden tarpeet. Yhteisty\u00f6ss\u00e4 useiden toimijoiden\u00a0 toteutetut esimerkit takasivat monipuolisen MikroMRI -laitteiston k\u00e4ytt\u00f6\u00f6noton. Esimerkit on jaettu kolmeen osa-alueeseen: Kumit ja muovit Paperit ja kartongit Siemenet ja jyv\u00e4t &nbsp;\" \/>\n<meta property=\"og:url\" content=\"https:\/\/sites.uef.fi\/mikromri\/pilotointi\/\" \/>\n<meta property=\"og:site_name\" content=\"MikroMRI\" \/>\n<meta property=\"article:modified_time\" content=\"2021-02-25T07:47:09+00:00\" \/>\n<meta name=\"twitter:card\" content=\"summary_large_image\" \/>\n<script type=\"application\/ld+json\" class=\"yoast-schema-graph\">{\"@context\":\"https:\/\/schema.org\",\"@graph\":[{\"@type\":\"WebPage\",\"@id\":\"https:\/\/sites.uef.fi\/mikromri\/pilotointi\/\",\"url\":\"https:\/\/sites.uef.fi\/mikromri\/pilotointi\/\",\"name\":\"Esimerkit - MikroMRI\",\"isPartOf\":{\"@id\":\"https:\/\/sites.uef.fi\/mikromri\/#website\"},\"datePublished\":\"2020-03-12T13:36:31+00:00\",\"dateModified\":\"2021-02-25T07:47:09+00:00\",\"breadcrumb\":{\"@id\":\"https:\/\/sites.uef.fi\/mikromri\/pilotointi\/#breadcrumb\"},\"inLanguage\":\"fi\",\"potentialAction\":[{\"@type\":\"ReadAction\",\"target\":[\"https:\/\/sites.uef.fi\/mikromri\/pilotointi\/\"]}]},{\"@type\":\"BreadcrumbList\",\"@id\":\"https:\/\/sites.uef.fi\/mikromri\/pilotointi\/#breadcrumb\",\"itemListElement\":[{\"@type\":\"ListItem\",\"position\":1,\"name\":\"Home\",\"item\":\"https:\/\/sites.uef.fi\/mikromri\/\"},{\"@type\":\"ListItem\",\"position\":2,\"name\":\"Esimerkit\"}]},{\"@type\":\"WebSite\",\"@id\":\"https:\/\/sites.uef.fi\/mikromri\/#website\",\"url\":\"https:\/\/sites.uef.fi\/mikromri\/\",\"name\":\"MikroMRI\",\"description\":\"\",\"potentialAction\":[{\"@type\":\"SearchAction\",\"target\":{\"@type\":\"EntryPoint\",\"urlTemplate\":\"https:\/\/sites.uef.fi\/mikromri\/?s={search_term_string}\"},\"query-input\":{\"@type\":\"PropertyValueSpecification\",\"valueRequired\":true,\"valueName\":\"search_term_string\"}}],\"inLanguage\":\"fi\"}]}<\/script>\n<!-- \/ Yoast SEO plugin. -->","yoast_head_json":{"title":"Esimerkit - MikroMRI","robots":{"index":"index","follow":"follow","max-snippet":"max-snippet:-1","max-image-preview":"max-image-preview:large","max-video-preview":"max-video-preview:-1"},"canonical":"https:\/\/sites.uef.fi\/mikromri\/pilotointi\/","og_locale":"fi_FI","og_type":"article","og_title":"Esimerkit - MikroMRI","og_description":"&nbsp; MikroMRI -laitehankintaan ja menetelm\u00e4kehitykseen sek\u00e4 siin\u00e4 toteutettuihin pilottihankkeisiin pohjautuvat esimerkit k\u00e4sittelev\u00e4t l\u00e4hialueiden yritysten ja toimijoiden monipuolisesti valikoituneita n\u00e4ytteit\u00e4 k\u00e4sitt\u00e4en niin kasvituotannon ja maatalouden kuin my\u00f6s kumi- ja paperiteollisuuden tarpeet. Yhteisty\u00f6ss\u00e4 useiden toimijoiden\u00a0 toteutetut esimerkit takasivat monipuolisen MikroMRI -laitteiston k\u00e4ytt\u00f6\u00f6noton. Esimerkit on jaettu kolmeen osa-alueeseen: Kumit ja muovit Paperit ja kartongit Siemenet ja jyv\u00e4t &nbsp;","og_url":"https:\/\/sites.uef.fi\/mikromri\/pilotointi\/","og_site_name":"MikroMRI","article_modified_time":"2021-02-25T07:47:09+00:00","twitter_card":"summary_large_image","schema":{"@context":"https:\/\/schema.org","@graph":[{"@type":"WebPage","@id":"https:\/\/sites.uef.fi\/mikromri\/pilotointi\/","url":"https:\/\/sites.uef.fi\/mikromri\/pilotointi\/","name":"Esimerkit - MikroMRI","isPartOf":{"@id":"https:\/\/sites.uef.fi\/mikromri\/#website"},"datePublished":"2020-03-12T13:36:31+00:00","dateModified":"2021-02-25T07:47:09+00:00","breadcrumb":{"@id":"https:\/\/sites.uef.fi\/mikromri\/pilotointi\/#breadcrumb"},"inLanguage":"fi","potentialAction":[{"@type":"ReadAction","target":["https:\/\/sites.uef.fi\/mikromri\/pilotointi\/"]}]},{"@type":"BreadcrumbList","@id":"https:\/\/sites.uef.fi\/mikromri\/pilotointi\/#breadcrumb","itemListElement":[{"@type":"ListItem","position":1,"name":"Home","item":"https:\/\/sites.uef.fi\/mikromri\/"},{"@type":"ListItem","position":2,"name":"Esimerkit"}]},{"@type":"WebSite","@id":"https:\/\/sites.uef.fi\/mikromri\/#website","url":"https:\/\/sites.uef.fi\/mikromri\/","name":"MikroMRI","description":"","potentialAction":[{"@type":"SearchAction","target":{"@type":"EntryPoint","urlTemplate":"https:\/\/sites.uef.fi\/mikromri\/?s={search_term_string}"},"query-input":{"@type":"PropertyValueSpecification","valueRequired":true,"valueName":"search_term_string"}}],"inLanguage":"fi"}]}},"_links":{"self":[{"href":"https:\/\/sites.uef.fi\/mikromri\/wp-json\/wp\/v2\/pages\/199","targetHints":{"allow":["GET"]}}],"collection":[{"href":"https:\/\/sites.uef.fi\/mikromri\/wp-json\/wp\/v2\/pages"}],"about":[{"href":"https:\/\/sites.uef.fi\/mikromri\/wp-json\/wp\/v2\/types\/page"}],"author":[{"embeddable":true,"href":"https:\/\/sites.uef.fi\/mikromri\/wp-json\/wp\/v2\/users\/20"}],"replies":[{"embeddable":true,"href":"https:\/\/sites.uef.fi\/mikromri\/wp-json\/wp\/v2\/comments?post=199"}],"version-history":[{"count":1,"href":"https:\/\/sites.uef.fi\/mikromri\/wp-json\/wp\/v2\/pages\/199\/revisions"}],"predecessor-version":[{"id":1908,"href":"https:\/\/sites.uef.fi\/mikromri\/wp-json\/wp\/v2\/pages\/199\/revisions\/1908"}],"wp:attachment":[{"href":"https:\/\/sites.uef.fi\/mikromri\/wp-json\/wp\/v2\/media?parent=199"}],"curies":[{"name":"wp","href":"https:\/\/api.w.org\/{rel}","templated":true}]}}