{"id":20,"date":"2020-03-11T12:42:25","date_gmt":"2020-03-11T10:42:25","guid":{"rendered":"https:\/\/sites.uef.fi\/mikromri\/?page_id=20"},"modified":"2023-11-20T13:19:10","modified_gmt":"2023-11-20T11:19:10","slug":"etusivu","status":"publish","type":"page","link":"https:\/\/sites.uef.fi\/mikromri\/","title":{"rendered":"MIKROMRI"},"content":{"rendered":"\n<h4 class=\"wp-block-heading\">MikroMRI &#8211;&nbsp;<strong><span style=\"font-size: 1rem\">Mikromagneettikuvaukseen perustuva kehitys- ja innovaatioymp\u00e4rist\u00f6 materiaalitutkimuksen teollisiin sovelluksiin<\/span><\/strong><\/h4>\n\n\n\n<h4 class=\"wp-block-heading\">1.8.2018 &#8211; 28.2.2021<\/h4>\n\n\n\n<p><a href=\"https:\/\/www.uef.fi\/web\/sovfys\">Sovelletun fysiikan laitos<\/a>, <a href=\"http:\/\/uef.fi\/kuopiobiu\">Biol\u00e4\u00e4ketieteellinen kuvantamisyksikk\u00f6<\/a> (Kuopio BIU) ja&nbsp;<a href=\"https:\/\/www.uef.fi\/fi\/web\/siblabs\">SIB Labs<\/a>&nbsp;yhdess\u00e4&nbsp;<a href=\"https:\/\/portal.savonia.fi\/amk\/fi\/\">Savonia AMK:n<\/a>, <a href=\"https:\/\/www.luke.fi\/\">Luonnonvarakeskuksen<\/a> ja paikallisten yritysten (Valmet Technologies Oy, Teknikum Oy, Mondi Powerflute Oy ja Savon Siemen Oy) kehittiv\u00e4t mikroMRI-menetelm\u00e4\u00e4 ty\u00f6kaluksi materiaalitutkimuksen tarpeisiin It\u00e4-Suomen alueella. Hanketta rahoitti EU:n aluekehitysrahasto Pohjois-Savon liiton kautta vuosina 2018-2021 (hankkeet A73998 ja A74016).<\/p>\n\n\n    <div class=\"funders grid\">\n                        <div class=\"funders__item grid__item\">\n                            <div class=\"funders__image\">\n                    <img decoding=\"async\" src=\"https:\/\/sites.uef.fi\/mikromri\/wp-content\/uploads\/sites\/17\/2020\/03\/VipuvoimaaEU_2014_2020_rgb.png\" alt=\"Vipuvoimaa EU:lta 2014-2020 logo.\" \/>\n                <\/div>\n                                                <\/div>\n                        \n                        <div class=\"funders__item grid__item\">\n                            <div class=\"funders__image\">\n                    <img decoding=\"async\" src=\"https:\/\/sites.uef.fi\/mikromri\/wp-content\/uploads\/sites\/17\/2020\/03\/EU_EAKR_FI_vertical_20mm_rgb.png\" alt=\"Europpan unioni, Euroopan aluekehitysrahasto logo.\" \/>\n                <\/div>\n                                                <\/div>\n                        \n                        <div class=\"funders__item grid__item\">\n                            <div class=\"funders__image\">\n                    <img decoding=\"async\" src=\"https:\/\/sites.uef.fi\/mikromri\/wp-content\/uploads\/sites\/17\/2020\/03\/psl_tukee_maakunnan_menestysta.png\" alt=\"Pohjois-Savon liitto logo.\" \/>\n                <\/div>\n                                                <\/div>\n                        \n            <\/div>\n","protected":false},"excerpt":{"rendered":"<p>MikroMRI &#8211;&nbsp;Mikromagneettikuvaukseen perustuva kehitys- ja innovaatioymp\u00e4rist\u00f6 materiaalitutkimuksen teollisiin sovelluksiin 1.8.2018 &#8211; 28.2.2021 Sovelletun fysiikan laitos, Biol\u00e4\u00e4ketieteellinen kuvantamisyksikk\u00f6 (Kuopio BIU) ja&nbsp;SIB Labs&nbsp;yhdess\u00e4&nbsp;Savonia AMK:n, Luonnonvarakeskuksen ja paikallisten yritysten (Valmet Technologies Oy, Teknikum Oy, Mondi Powerflute Oy ja Savon Siemen Oy) kehittiv\u00e4t mikroMRI-menetelm\u00e4\u00e4 ty\u00f6kaluksi materiaalitutkimuksen tarpeisiin It\u00e4-Suomen alueella. Hanketta rahoitti EU:n aluekehitysrahasto Pohjois-Savon liiton kautta vuosina 2018-2021 (hankkeet [&hellip;]<\/p>\n","protected":false},"author":2,"featured_media":0,"parent":0,"menu_order":0,"comment_status":"closed","ping_status":"closed","template":"","meta":{"_acf_changed":false,"_monsterinsights_skip_tracking":false,"_monsterinsights_sitenote_active":false,"_monsterinsights_sitenote_note":"","_monsterinsights_sitenote_category":0,"footnotes":""},"class_list":["post-20","page","type-page","status-publish","hentry"],"acf":[],"yoast_head":"<!-- This site is optimized with the Yoast SEO plugin v27.3 - https:\/\/yoast.com\/product\/yoast-seo-wordpress\/ -->\n<title>MIKROMRI - MikroMRI<\/title>\n<meta name=\"robots\" content=\"index, follow, max-snippet:-1, max-image-preview:large, max-video-preview:-1\" \/>\n<link rel=\"canonical\" href=\"https:\/\/sites.uef.fi\/mikromri\/\" \/>\n<meta property=\"og:locale\" content=\"fi_FI\" \/>\n<meta property=\"og:type\" content=\"article\" \/>\n<meta property=\"og:title\" content=\"MIKROMRI - MikroMRI\" \/>\n<meta property=\"og:description\" content=\"MikroMRI &#8211;&nbsp;Mikromagneettikuvaukseen perustuva kehitys- ja innovaatioymp\u00e4rist\u00f6 materiaalitutkimuksen teollisiin sovelluksiin 1.8.2018 &#8211; 28.2.2021 Sovelletun fysiikan laitos, Biol\u00e4\u00e4ketieteellinen kuvantamisyksikk\u00f6 (Kuopio BIU) ja&nbsp;SIB Labs&nbsp;yhdess\u00e4&nbsp;Savonia AMK:n, Luonnonvarakeskuksen ja paikallisten yritysten (Valmet Technologies Oy, Teknikum Oy, Mondi Powerflute Oy ja Savon Siemen Oy) kehittiv\u00e4t mikroMRI-menetelm\u00e4\u00e4 ty\u00f6kaluksi materiaalitutkimuksen tarpeisiin It\u00e4-Suomen alueella. Hanketta rahoitti EU:n aluekehitysrahasto Pohjois-Savon liiton kautta vuosina 2018-2021 (hankkeet [&hellip;]\" \/>\n<meta property=\"og:url\" content=\"https:\/\/sites.uef.fi\/mikromri\/\" \/>\n<meta property=\"og:site_name\" content=\"MikroMRI\" \/>\n<meta property=\"article:modified_time\" content=\"2023-11-20T11:19:10+00:00\" \/>\n<meta name=\"twitter:card\" content=\"summary_large_image\" \/>\n<meta name=\"twitter:label1\" content=\"Arvioitu lukuaika\" \/>\n\t<meta name=\"twitter:data1\" content=\"1 minuutti\" \/>\n<script type=\"application\/ld+json\" class=\"yoast-schema-graph\">{\"@context\":\"https:\\\/\\\/schema.org\",\"@graph\":[{\"@type\":\"WebPage\",\"@id\":\"https:\\\/\\\/sites.uef.fi\\\/mikromri\\\/\",\"url\":\"https:\\\/\\\/sites.uef.fi\\\/mikromri\\\/\",\"name\":\"MIKROMRI - MikroMRI\",\"isPartOf\":{\"@id\":\"https:\\\/\\\/sites.uef.fi\\\/mikromri\\\/#website\"},\"datePublished\":\"2020-03-11T10:42:25+00:00\",\"dateModified\":\"2023-11-20T11:19:10+00:00\",\"breadcrumb\":{\"@id\":\"https:\\\/\\\/sites.uef.fi\\\/mikromri\\\/#breadcrumb\"},\"inLanguage\":\"fi\",\"potentialAction\":[{\"@type\":\"ReadAction\",\"target\":[\"https:\\\/\\\/sites.uef.fi\\\/mikromri\\\/\"]}]},{\"@type\":\"BreadcrumbList\",\"@id\":\"https:\\\/\\\/sites.uef.fi\\\/mikromri\\\/#breadcrumb\",\"itemListElement\":[{\"@type\":\"ListItem\",\"position\":1,\"name\":\"Home\",\"item\":\"https:\\\/\\\/sites.uef.fi\\\/mikromri\\\/\"},{\"@type\":\"ListItem\",\"position\":2,\"name\":\"MIKROMRI\"}]},{\"@type\":\"WebSite\",\"@id\":\"https:\\\/\\\/sites.uef.fi\\\/mikromri\\\/#website\",\"url\":\"https:\\\/\\\/sites.uef.fi\\\/mikromri\\\/\",\"name\":\"MikroMRI\",\"description\":\"\",\"potentialAction\":[{\"@type\":\"SearchAction\",\"target\":{\"@type\":\"EntryPoint\",\"urlTemplate\":\"https:\\\/\\\/sites.uef.fi\\\/mikromri\\\/?s={search_term_string}\"},\"query-input\":{\"@type\":\"PropertyValueSpecification\",\"valueRequired\":true,\"valueName\":\"search_term_string\"}}],\"inLanguage\":\"fi\"}]}<\/script>\n<!-- \/ Yoast SEO plugin. -->","yoast_head_json":{"title":"MIKROMRI - MikroMRI","robots":{"index":"index","follow":"follow","max-snippet":"max-snippet:-1","max-image-preview":"max-image-preview:large","max-video-preview":"max-video-preview:-1"},"canonical":"https:\/\/sites.uef.fi\/mikromri\/","og_locale":"fi_FI","og_type":"article","og_title":"MIKROMRI - MikroMRI","og_description":"MikroMRI &#8211;&nbsp;Mikromagneettikuvaukseen perustuva kehitys- ja innovaatioymp\u00e4rist\u00f6 materiaalitutkimuksen teollisiin sovelluksiin 1.8.2018 &#8211; 28.2.2021 Sovelletun fysiikan laitos, Biol\u00e4\u00e4ketieteellinen kuvantamisyksikk\u00f6 (Kuopio BIU) ja&nbsp;SIB Labs&nbsp;yhdess\u00e4&nbsp;Savonia AMK:n, Luonnonvarakeskuksen ja paikallisten yritysten (Valmet Technologies Oy, Teknikum Oy, Mondi Powerflute Oy ja Savon Siemen Oy) kehittiv\u00e4t mikroMRI-menetelm\u00e4\u00e4 ty\u00f6kaluksi materiaalitutkimuksen tarpeisiin It\u00e4-Suomen alueella. Hanketta rahoitti EU:n aluekehitysrahasto Pohjois-Savon liiton kautta vuosina 2018-2021 (hankkeet [&hellip;]","og_url":"https:\/\/sites.uef.fi\/mikromri\/","og_site_name":"MikroMRI","article_modified_time":"2023-11-20T11:19:10+00:00","twitter_card":"summary_large_image","twitter_misc":{"Arvioitu lukuaika":"1 minuutti"},"schema":{"@context":"https:\/\/schema.org","@graph":[{"@type":"WebPage","@id":"https:\/\/sites.uef.fi\/mikromri\/","url":"https:\/\/sites.uef.fi\/mikromri\/","name":"MIKROMRI - MikroMRI","isPartOf":{"@id":"https:\/\/sites.uef.fi\/mikromri\/#website"},"datePublished":"2020-03-11T10:42:25+00:00","dateModified":"2023-11-20T11:19:10+00:00","breadcrumb":{"@id":"https:\/\/sites.uef.fi\/mikromri\/#breadcrumb"},"inLanguage":"fi","potentialAction":[{"@type":"ReadAction","target":["https:\/\/sites.uef.fi\/mikromri\/"]}]},{"@type":"BreadcrumbList","@id":"https:\/\/sites.uef.fi\/mikromri\/#breadcrumb","itemListElement":[{"@type":"ListItem","position":1,"name":"Home","item":"https:\/\/sites.uef.fi\/mikromri\/"},{"@type":"ListItem","position":2,"name":"MIKROMRI"}]},{"@type":"WebSite","@id":"https:\/\/sites.uef.fi\/mikromri\/#website","url":"https:\/\/sites.uef.fi\/mikromri\/","name":"MikroMRI","description":"","potentialAction":[{"@type":"SearchAction","target":{"@type":"EntryPoint","urlTemplate":"https:\/\/sites.uef.fi\/mikromri\/?s={search_term_string}"},"query-input":{"@type":"PropertyValueSpecification","valueRequired":true,"valueName":"search_term_string"}}],"inLanguage":"fi"}]}},"_links":{"self":[{"href":"https:\/\/sites.uef.fi\/mikromri\/wp-json\/wp\/v2\/pages\/20","targetHints":{"allow":["GET"]}}],"collection":[{"href":"https:\/\/sites.uef.fi\/mikromri\/wp-json\/wp\/v2\/pages"}],"about":[{"href":"https:\/\/sites.uef.fi\/mikromri\/wp-json\/wp\/v2\/types\/page"}],"author":[{"embeddable":true,"href":"https:\/\/sites.uef.fi\/mikromri\/wp-json\/wp\/v2\/users\/2"}],"replies":[{"embeddable":true,"href":"https:\/\/sites.uef.fi\/mikromri\/wp-json\/wp\/v2\/comments?post=20"}],"version-history":[{"count":2,"href":"https:\/\/sites.uef.fi\/mikromri\/wp-json\/wp\/v2\/pages\/20\/revisions"}],"predecessor-version":[{"id":2914,"href":"https:\/\/sites.uef.fi\/mikromri\/wp-json\/wp\/v2\/pages\/20\/revisions\/2914"}],"wp:attachment":[{"href":"https:\/\/sites.uef.fi\/mikromri\/wp-json\/wp\/v2\/media?parent=20"}],"curies":[{"name":"wp","href":"https:\/\/api.w.org\/{rel}","templated":true}]}}