{"id":215,"date":"2020-03-12T15:41:21","date_gmt":"2020-03-12T13:41:21","guid":{"rendered":"https:\/\/sites.uef.fi\/mikromri\/?page_id=215"},"modified":"2021-04-19T12:09:43","modified_gmt":"2021-04-19T09:09:43","slug":"kumit-ja-muovit","status":"publish","type":"page","link":"https:\/\/sites.uef.fi\/mikromri\/kumit-ja-muovit\/","title":{"rendered":"Kumit ja muovit"},"content":{"rendered":"<p>&nbsp;<\/p>\n<p><em>Erilaisten kumien ja kovempienkin polymeeripinnoiteratkaisujen fysikaalisten ominaisuuksien tutkimusta mikroskooppisella magneettikuvauksella hy\u00f6dynt\u00e4en n\u00e4ytteelle soveltuvia mittausmenetelmi\u00e4.<\/em><\/p>\n<p>&nbsp;<\/p>\n<p>Muoveja ja kumeja k\u00e4ytet\u00e4\u00e4n laajalti erilaisina s\u00e4ili\u00f6in\u00e4 ja pinnoitteina niin teollisuudessa kuin kotitalouksissakin. Polymeerien ja polymeerikomposiittien helpon muovattavuuden, niiden nopean tuotantolinjan ja suuren tuotantokapasiteetin sek\u00e4 niiden kest\u00e4vyyden ansiosta ne takaavat varmatoimisia pinnoitteita teollisuuden liukuhihnoihin, teloihin ja putkistoihin.<\/p>\n<p>Polymeerin kest\u00e4vyys ja mekaaniset ominaisuudet m\u00e4\u00e4r\u00e4ytyv\u00e4t kosteissa ja m\u00e4riss\u00e4 ymp\u00e4rist\u00f6iss\u00e4 polymeerin ja veden (tai muiden liuottimien) v\u00e4lisen vuorovaikutuksen tuloksena. N\u00e4in my\u00f6s t\u00e4m\u00e4n ymp\u00e4rist\u00f6n v\u00e4lisen toiminnan tarkastelu on eritt\u00e4in t\u00e4rke\u00e4\u00e4 oikeiden materiaalivalintojen, tuotannon ja tuotekehityksen n\u00e4k\u00f6kulmasta.<\/p>\n<h5><em><a href=\"https:\/\/sites.uef.fi\/mikromri\/wp-content\/uploads\/sites\/17\/2021\/02\/Polymer_example-4.pdf\">Esimerkki kuvauksen etenemisest\u00e4 (linkki)<\/a><\/em><\/h5>\n<h5><em><a href=\"https:\/\/sites.uef.fi\/mikromri\/wp-content\/uploads\/sites\/17\/2021\/04\/method_desc_umri_6s.pdf\">Lis\u00e4tietoja laitteistosta ja kuvausasetelmasta (linkki)<\/a><\/em><\/h5>\n<p>&nbsp;<\/p>\n<p><a href=\"https:\/\/teknikum.com\/fi\/\"><img loading=\"lazy\" decoding=\"async\" class=\" alignnone wp-image-1206\" src=\"https:\/\/sites.uef.fi\/mikromri\/wp-content\/uploads\/sites\/17\/2020\/06\/Teknikum_logo_1000w_200h-1-300x60.png\" alt=\"\" width=\"250\" height=\"50\" srcset=\"https:\/\/sites.uef.fi\/mikromri\/wp-content\/uploads\/sites\/17\/2020\/06\/Teknikum_logo_1000w_200h-1-300x60.png 300w, https:\/\/sites.uef.fi\/mikromri\/wp-content\/uploads\/sites\/17\/2020\/06\/Teknikum_logo_1000w_200h-1-768x154.png 768w, https:\/\/sites.uef.fi\/mikromri\/wp-content\/uploads\/sites\/17\/2020\/06\/Teknikum_logo_1000w_200h-1.png 1000w\" sizes=\"auto, (max-width: 250px) 100vw, 250px\" \/><\/a>\u00a0 <a href=\"https:\/\/www.valmet.com\/\"><img loading=\"lazy\" decoding=\"async\" class=\"alignnone wp-image-391\" src=\"https:\/\/sites.uef.fi\/mikromri\/wp-content\/uploads\/sites\/17\/2020\/03\/valmet-1-300x82.jpg\" alt=\"\" width=\"194\" height=\"53\" \/><\/a><\/p>\n","protected":false},"excerpt":{"rendered":"<p>&nbsp; Erilaisten kumien ja kovempienkin polymeeripinnoiteratkaisujen fysikaalisten ominaisuuksien tutkimusta mikroskooppisella magneettikuvauksella hy\u00f6dynt\u00e4en n\u00e4ytteelle soveltuvia mittausmenetelmi\u00e4. &nbsp; Muoveja ja kumeja k\u00e4ytet\u00e4\u00e4n laajalti erilaisina s\u00e4ili\u00f6in\u00e4 ja pinnoitteina niin teollisuudessa kuin kotitalouksissakin. Polymeerien ja polymeerikomposiittien helpon muovattavuuden, niiden nopean tuotantolinjan ja suuren tuotantokapasiteetin sek\u00e4 niiden kest\u00e4vyyden ansiosta ne takaavat varmatoimisia pinnoitteita teollisuuden liukuhihnoihin, teloihin ja putkistoihin. Polymeerin kest\u00e4vyys [&hellip;]<\/p>\n","protected":false},"author":20,"featured_media":0,"parent":0,"menu_order":0,"comment_status":"closed","ping_status":"closed","template":"","meta":{"_acf_changed":false,"_monsterinsights_skip_tracking":false,"_monsterinsights_sitenote_active":false,"_monsterinsights_sitenote_note":"","_monsterinsights_sitenote_category":0,"footnotes":""},"class_list":["post-215","page","type-page","status-publish","hentry"],"acf":[],"yoast_head":"<!-- This site is optimized with the Yoast SEO plugin v27.1.1 - https:\/\/yoast.com\/product\/yoast-seo-wordpress\/ -->\n<title>Kumit ja muovit - MikroMRI<\/title>\n<meta name=\"robots\" content=\"index, follow, max-snippet:-1, max-image-preview:large, max-video-preview:-1\" \/>\n<link rel=\"canonical\" href=\"https:\/\/sites.uef.fi\/mikromri\/kumit-ja-muovit\/\" \/>\n<meta property=\"og:locale\" content=\"fi_FI\" \/>\n<meta property=\"og:type\" content=\"article\" \/>\n<meta property=\"og:title\" content=\"Kumit ja muovit - MikroMRI\" \/>\n<meta property=\"og:description\" content=\"&nbsp; Erilaisten kumien ja kovempienkin polymeeripinnoiteratkaisujen fysikaalisten ominaisuuksien tutkimusta mikroskooppisella magneettikuvauksella hy\u00f6dynt\u00e4en n\u00e4ytteelle soveltuvia mittausmenetelmi\u00e4. &nbsp; Muoveja ja kumeja k\u00e4ytet\u00e4\u00e4n laajalti erilaisina s\u00e4ili\u00f6in\u00e4 ja pinnoitteina niin teollisuudessa kuin kotitalouksissakin. Polymeerien ja polymeerikomposiittien helpon muovattavuuden, niiden nopean tuotantolinjan ja suuren tuotantokapasiteetin sek\u00e4 niiden kest\u00e4vyyden ansiosta ne takaavat varmatoimisia pinnoitteita teollisuuden liukuhihnoihin, teloihin ja putkistoihin. Polymeerin kest\u00e4vyys [&hellip;]\" \/>\n<meta property=\"og:url\" content=\"https:\/\/sites.uef.fi\/mikromri\/kumit-ja-muovit\/\" \/>\n<meta property=\"og:site_name\" content=\"MikroMRI\" \/>\n<meta property=\"article:modified_time\" content=\"2021-04-19T09:09:43+00:00\" \/>\n<meta property=\"og:image\" content=\"https:\/\/sites.uef.fi\/mikromri\/wp-content\/uploads\/sites\/17\/2020\/06\/Teknikum_logo_1000w_200h-1-300x60.png\" \/>\n<meta name=\"twitter:card\" content=\"summary_large_image\" \/>\n<meta name=\"twitter:label1\" content=\"Arvioitu lukuaika\" \/>\n\t<meta name=\"twitter:data1\" content=\"1 minuutti\" \/>\n<script type=\"application\/ld+json\" class=\"yoast-schema-graph\">{\"@context\":\"https:\/\/schema.org\",\"@graph\":[{\"@type\":\"WebPage\",\"@id\":\"https:\/\/sites.uef.fi\/mikromri\/kumit-ja-muovit\/\",\"url\":\"https:\/\/sites.uef.fi\/mikromri\/kumit-ja-muovit\/\",\"name\":\"Kumit ja muovit - MikroMRI\",\"isPartOf\":{\"@id\":\"https:\/\/sites.uef.fi\/mikromri\/#website\"},\"primaryImageOfPage\":{\"@id\":\"https:\/\/sites.uef.fi\/mikromri\/kumit-ja-muovit\/#primaryimage\"},\"image\":{\"@id\":\"https:\/\/sites.uef.fi\/mikromri\/kumit-ja-muovit\/#primaryimage\"},\"thumbnailUrl\":\"https:\/\/sites.uef.fi\/mikromri\/wp-content\/uploads\/sites\/17\/2020\/06\/Teknikum_logo_1000w_200h-1-300x60.png\",\"datePublished\":\"2020-03-12T13:41:21+00:00\",\"dateModified\":\"2021-04-19T09:09:43+00:00\",\"breadcrumb\":{\"@id\":\"https:\/\/sites.uef.fi\/mikromri\/kumit-ja-muovit\/#breadcrumb\"},\"inLanguage\":\"fi\",\"potentialAction\":[{\"@type\":\"ReadAction\",\"target\":[\"https:\/\/sites.uef.fi\/mikromri\/kumit-ja-muovit\/\"]}]},{\"@type\":\"ImageObject\",\"inLanguage\":\"fi\",\"@id\":\"https:\/\/sites.uef.fi\/mikromri\/kumit-ja-muovit\/#primaryimage\",\"url\":\"https:\/\/sites.uef.fi\/mikromri\/wp-content\/uploads\/sites\/17\/2020\/06\/Teknikum_logo_1000w_200h-1.png\",\"contentUrl\":\"https:\/\/sites.uef.fi\/mikromri\/wp-content\/uploads\/sites\/17\/2020\/06\/Teknikum_logo_1000w_200h-1.png\",\"width\":1000,\"height\":200},{\"@type\":\"BreadcrumbList\",\"@id\":\"https:\/\/sites.uef.fi\/mikromri\/kumit-ja-muovit\/#breadcrumb\",\"itemListElement\":[{\"@type\":\"ListItem\",\"position\":1,\"name\":\"Home\",\"item\":\"https:\/\/sites.uef.fi\/mikromri\/\"},{\"@type\":\"ListItem\",\"position\":2,\"name\":\"Kumit ja muovit\"}]},{\"@type\":\"WebSite\",\"@id\":\"https:\/\/sites.uef.fi\/mikromri\/#website\",\"url\":\"https:\/\/sites.uef.fi\/mikromri\/\",\"name\":\"MikroMRI\",\"description\":\"\",\"potentialAction\":[{\"@type\":\"SearchAction\",\"target\":{\"@type\":\"EntryPoint\",\"urlTemplate\":\"https:\/\/sites.uef.fi\/mikromri\/?s={search_term_string}\"},\"query-input\":{\"@type\":\"PropertyValueSpecification\",\"valueRequired\":true,\"valueName\":\"search_term_string\"}}],\"inLanguage\":\"fi\"}]}<\/script>\n<!-- \/ Yoast SEO plugin. -->","yoast_head_json":{"title":"Kumit ja muovit - MikroMRI","robots":{"index":"index","follow":"follow","max-snippet":"max-snippet:-1","max-image-preview":"max-image-preview:large","max-video-preview":"max-video-preview:-1"},"canonical":"https:\/\/sites.uef.fi\/mikromri\/kumit-ja-muovit\/","og_locale":"fi_FI","og_type":"article","og_title":"Kumit ja muovit - MikroMRI","og_description":"&nbsp; Erilaisten kumien ja kovempienkin polymeeripinnoiteratkaisujen fysikaalisten ominaisuuksien tutkimusta mikroskooppisella magneettikuvauksella hy\u00f6dynt\u00e4en n\u00e4ytteelle soveltuvia mittausmenetelmi\u00e4. &nbsp; Muoveja ja kumeja k\u00e4ytet\u00e4\u00e4n laajalti erilaisina s\u00e4ili\u00f6in\u00e4 ja pinnoitteina niin teollisuudessa kuin kotitalouksissakin. Polymeerien ja polymeerikomposiittien helpon muovattavuuden, niiden nopean tuotantolinjan ja suuren tuotantokapasiteetin sek\u00e4 niiden kest\u00e4vyyden ansiosta ne takaavat varmatoimisia pinnoitteita teollisuuden liukuhihnoihin, teloihin ja putkistoihin. Polymeerin kest\u00e4vyys [&hellip;]","og_url":"https:\/\/sites.uef.fi\/mikromri\/kumit-ja-muovit\/","og_site_name":"MikroMRI","article_modified_time":"2021-04-19T09:09:43+00:00","og_image":[{"url":"https:\/\/sites.uef.fi\/mikromri\/wp-content\/uploads\/sites\/17\/2020\/06\/Teknikum_logo_1000w_200h-1-300x60.png","type":"","width":"","height":""}],"twitter_card":"summary_large_image","twitter_misc":{"Arvioitu lukuaika":"1 minuutti"},"schema":{"@context":"https:\/\/schema.org","@graph":[{"@type":"WebPage","@id":"https:\/\/sites.uef.fi\/mikromri\/kumit-ja-muovit\/","url":"https:\/\/sites.uef.fi\/mikromri\/kumit-ja-muovit\/","name":"Kumit ja muovit - MikroMRI","isPartOf":{"@id":"https:\/\/sites.uef.fi\/mikromri\/#website"},"primaryImageOfPage":{"@id":"https:\/\/sites.uef.fi\/mikromri\/kumit-ja-muovit\/#primaryimage"},"image":{"@id":"https:\/\/sites.uef.fi\/mikromri\/kumit-ja-muovit\/#primaryimage"},"thumbnailUrl":"https:\/\/sites.uef.fi\/mikromri\/wp-content\/uploads\/sites\/17\/2020\/06\/Teknikum_logo_1000w_200h-1-300x60.png","datePublished":"2020-03-12T13:41:21+00:00","dateModified":"2021-04-19T09:09:43+00:00","breadcrumb":{"@id":"https:\/\/sites.uef.fi\/mikromri\/kumit-ja-muovit\/#breadcrumb"},"inLanguage":"fi","potentialAction":[{"@type":"ReadAction","target":["https:\/\/sites.uef.fi\/mikromri\/kumit-ja-muovit\/"]}]},{"@type":"ImageObject","inLanguage":"fi","@id":"https:\/\/sites.uef.fi\/mikromri\/kumit-ja-muovit\/#primaryimage","url":"https:\/\/sites.uef.fi\/mikromri\/wp-content\/uploads\/sites\/17\/2020\/06\/Teknikum_logo_1000w_200h-1.png","contentUrl":"https:\/\/sites.uef.fi\/mikromri\/wp-content\/uploads\/sites\/17\/2020\/06\/Teknikum_logo_1000w_200h-1.png","width":1000,"height":200},{"@type":"BreadcrumbList","@id":"https:\/\/sites.uef.fi\/mikromri\/kumit-ja-muovit\/#breadcrumb","itemListElement":[{"@type":"ListItem","position":1,"name":"Home","item":"https:\/\/sites.uef.fi\/mikromri\/"},{"@type":"ListItem","position":2,"name":"Kumit ja muovit"}]},{"@type":"WebSite","@id":"https:\/\/sites.uef.fi\/mikromri\/#website","url":"https:\/\/sites.uef.fi\/mikromri\/","name":"MikroMRI","description":"","potentialAction":[{"@type":"SearchAction","target":{"@type":"EntryPoint","urlTemplate":"https:\/\/sites.uef.fi\/mikromri\/?s={search_term_string}"},"query-input":{"@type":"PropertyValueSpecification","valueRequired":true,"valueName":"search_term_string"}}],"inLanguage":"fi"}]}},"_links":{"self":[{"href":"https:\/\/sites.uef.fi\/mikromri\/wp-json\/wp\/v2\/pages\/215","targetHints":{"allow":["GET"]}}],"collection":[{"href":"https:\/\/sites.uef.fi\/mikromri\/wp-json\/wp\/v2\/pages"}],"about":[{"href":"https:\/\/sites.uef.fi\/mikromri\/wp-json\/wp\/v2\/types\/page"}],"author":[{"embeddable":true,"href":"https:\/\/sites.uef.fi\/mikromri\/wp-json\/wp\/v2\/users\/20"}],"replies":[{"embeddable":true,"href":"https:\/\/sites.uef.fi\/mikromri\/wp-json\/wp\/v2\/comments?post=215"}],"version-history":[{"count":2,"href":"https:\/\/sites.uef.fi\/mikromri\/wp-json\/wp\/v2\/pages\/215\/revisions"}],"predecessor-version":[{"id":2635,"href":"https:\/\/sites.uef.fi\/mikromri\/wp-json\/wp\/v2\/pages\/215\/revisions\/2635"}],"wp:attachment":[{"href":"https:\/\/sites.uef.fi\/mikromri\/wp-json\/wp\/v2\/media?parent=215"}],"curies":[{"name":"wp","href":"https:\/\/api.w.org\/{rel}","templated":true}]}}