{"id":224,"date":"2020-03-12T15:42:25","date_gmt":"2020-03-12T13:42:25","guid":{"rendered":"https:\/\/sites.uef.fi\/mikromri\/?page_id=224"},"modified":"2021-04-19T12:08:57","modified_gmt":"2021-04-19T09:08:57","slug":"paperit-ja-kartongit","status":"publish","type":"page","link":"https:\/\/sites.uef.fi\/mikromri\/paperit-ja-kartongit\/","title":{"rendered":"Paperit ja kartongit"},"content":{"rendered":"<h4><\/h4>\n<p>&nbsp;<\/p>\n<p><em>I<\/em><em>lmankosteuden etenemisen v\u00e4lillist\u00e4 tarkastelua paperiteollisuuden tuotteiden rakenteissa mikroskooppisella magneettikuvauksella.<\/em><\/p>\n<p>&nbsp;<\/p>\n<p>Paperien sek\u00e4 muiden paperiteollisuuden tuotteiden mekaaniset ominaisuudet muuttuvat merkitt\u00e4v\u00e4sti niiden vettyess\u00e4. Koska magneettikuvaus mahdollistaa erilaisten materiaalien ja etenkin veden siirtymisen ja muun toiminnan tutkimisen, voidaan t\u00e4t\u00e4 menetelm\u00e4\u00e4 hy\u00f6dynt\u00e4\u00e4 uudella MikroMRI -laitteistolla my\u00f6s mikroskooppisten muutosten ja ominaisuuksien tarkasteluun.<\/p>\n<h5><a href=\"https:\/\/sites.uef.fi\/mikromri\/wp-content\/uploads\/sites\/17\/2021\/02\/Paper_Example-1.pdf\"><em>Esimerkki kuvauksen etenemisest\u00e4 (linkki)<\/em><\/a><\/h5>\n<h5><em><a href=\"https:\/\/sites.uef.fi\/mikromri\/wp-content\/uploads\/sites\/17\/2021\/04\/method_desc_umri_6s.pdf\">Lis\u00e4tietoja laitteistosta ja kuvausasetelmasta (linkki)<\/a><\/em><\/h5>\n<p>&nbsp;<\/p>\n<p><a href=\"https:\/\/www.mondigroup.com\/en\/home\/\"><img loading=\"lazy\" decoding=\"async\" class=\"alignnone wp-image-331\" src=\"https:\/\/sites.uef.fi\/mikromri\/wp-content\/uploads\/sites\/17\/2020\/03\/Mondi-Logo.wine_-300x122.png\" alt=\"\" width=\"231\" height=\"94\" srcset=\"https:\/\/sites.uef.fi\/mikromri\/wp-content\/uploads\/sites\/17\/2020\/03\/Mondi-Logo.wine_-300x122.png 300w, https:\/\/sites.uef.fi\/mikromri\/wp-content\/uploads\/sites\/17\/2020\/03\/Mondi-Logo.wine_-1024x417.png 1024w, https:\/\/sites.uef.fi\/mikromri\/wp-content\/uploads\/sites\/17\/2020\/03\/Mondi-Logo.wine_-768x313.png 768w, https:\/\/sites.uef.fi\/mikromri\/wp-content\/uploads\/sites\/17\/2020\/03\/Mondi-Logo.wine_-1536x625.png 1536w, https:\/\/sites.uef.fi\/mikromri\/wp-content\/uploads\/sites\/17\/2020\/03\/Mondi-Logo.wine_-2048x834.png 2048w\" sizes=\"auto, (max-width: 231px) 100vw, 231px\" \/><\/a><a href=\"https:\/\/www.mondigroup.com\/en\/about-mondi\/where-we-operate\/our-locations\/europe\/finland\/mondi-powerflute-oy\/\"><img loading=\"lazy\" decoding=\"async\" class=\"alignnone wp-image-355\" src=\"https:\/\/sites.uef.fi\/mikromri\/wp-content\/uploads\/sites\/17\/2020\/03\/imagesY6YB0G5N.jpg\" alt=\"\" width=\"198\" height=\"101\" \/><\/a><\/p>\n<p>&nbsp;<\/p>\n<p>&nbsp;<\/p>\n<p>&nbsp;<\/p>\n<h4><\/h4>\n","protected":false},"excerpt":{"rendered":"<p>&nbsp; Ilmankosteuden etenemisen v\u00e4lillist\u00e4 tarkastelua paperiteollisuuden tuotteiden rakenteissa mikroskooppisella magneettikuvauksella. &nbsp; Paperien sek\u00e4 muiden paperiteollisuuden tuotteiden mekaaniset ominaisuudet muuttuvat merkitt\u00e4v\u00e4sti niiden vettyess\u00e4. Koska magneettikuvaus mahdollistaa erilaisten materiaalien ja etenkin veden siirtymisen ja muun toiminnan tutkimisen, voidaan t\u00e4t\u00e4 menetelm\u00e4\u00e4 hy\u00f6dynt\u00e4\u00e4 uudella MikroMRI -laitteistolla my\u00f6s mikroskooppisten muutosten ja ominaisuuksien tarkasteluun. Esimerkki kuvauksen etenemisest\u00e4 (linkki) Lis\u00e4tietoja laitteistosta ja [&hellip;]<\/p>\n","protected":false},"author":20,"featured_media":0,"parent":0,"menu_order":0,"comment_status":"closed","ping_status":"closed","template":"","meta":{"_acf_changed":false,"_monsterinsights_skip_tracking":false,"_monsterinsights_sitenote_active":false,"_monsterinsights_sitenote_note":"","_monsterinsights_sitenote_category":0,"footnotes":""},"class_list":["post-224","page","type-page","status-publish","hentry"],"acf":[],"yoast_head":"<!-- This site is optimized with the Yoast SEO plugin v27.1.1 - https:\/\/yoast.com\/product\/yoast-seo-wordpress\/ -->\n<title>Paperit ja kartongit - MikroMRI<\/title>\n<meta name=\"robots\" content=\"index, follow, max-snippet:-1, max-image-preview:large, max-video-preview:-1\" \/>\n<link rel=\"canonical\" href=\"https:\/\/sites.uef.fi\/mikromri\/paperit-ja-kartongit\/\" \/>\n<meta property=\"og:locale\" content=\"fi_FI\" \/>\n<meta property=\"og:type\" content=\"article\" \/>\n<meta property=\"og:title\" content=\"Paperit ja kartongit - MikroMRI\" \/>\n<meta property=\"og:description\" content=\"&nbsp; Ilmankosteuden etenemisen v\u00e4lillist\u00e4 tarkastelua paperiteollisuuden tuotteiden rakenteissa mikroskooppisella magneettikuvauksella. &nbsp; Paperien sek\u00e4 muiden paperiteollisuuden tuotteiden mekaaniset ominaisuudet muuttuvat merkitt\u00e4v\u00e4sti niiden vettyess\u00e4. Koska magneettikuvaus mahdollistaa erilaisten materiaalien ja etenkin veden siirtymisen ja muun toiminnan tutkimisen, voidaan t\u00e4t\u00e4 menetelm\u00e4\u00e4 hy\u00f6dynt\u00e4\u00e4 uudella MikroMRI -laitteistolla my\u00f6s mikroskooppisten muutosten ja ominaisuuksien tarkasteluun. Esimerkki kuvauksen etenemisest\u00e4 (linkki) Lis\u00e4tietoja laitteistosta ja [&hellip;]\" \/>\n<meta property=\"og:url\" content=\"https:\/\/sites.uef.fi\/mikromri\/paperit-ja-kartongit\/\" \/>\n<meta property=\"og:site_name\" content=\"MikroMRI\" \/>\n<meta property=\"article:modified_time\" content=\"2021-04-19T09:08:57+00:00\" \/>\n<meta property=\"og:image\" content=\"https:\/\/sites.uef.fi\/mikromri\/wp-content\/uploads\/sites\/17\/2020\/03\/Mondi-Logo.wine_-300x122.png\" \/>\n<meta name=\"twitter:card\" content=\"summary_large_image\" \/>\n<script type=\"application\/ld+json\" class=\"yoast-schema-graph\">{\"@context\":\"https:\/\/schema.org\",\"@graph\":[{\"@type\":\"WebPage\",\"@id\":\"https:\/\/sites.uef.fi\/mikromri\/paperit-ja-kartongit\/\",\"url\":\"https:\/\/sites.uef.fi\/mikromri\/paperit-ja-kartongit\/\",\"name\":\"Paperit ja kartongit - MikroMRI\",\"isPartOf\":{\"@id\":\"https:\/\/sites.uef.fi\/mikromri\/#website\"},\"primaryImageOfPage\":{\"@id\":\"https:\/\/sites.uef.fi\/mikromri\/paperit-ja-kartongit\/#primaryimage\"},\"image\":{\"@id\":\"https:\/\/sites.uef.fi\/mikromri\/paperit-ja-kartongit\/#primaryimage\"},\"thumbnailUrl\":\"https:\/\/sites.uef.fi\/mikromri\/wp-content\/uploads\/sites\/17\/2020\/03\/Mondi-Logo.wine_-300x122.png\",\"datePublished\":\"2020-03-12T13:42:25+00:00\",\"dateModified\":\"2021-04-19T09:08:57+00:00\",\"breadcrumb\":{\"@id\":\"https:\/\/sites.uef.fi\/mikromri\/paperit-ja-kartongit\/#breadcrumb\"},\"inLanguage\":\"fi\",\"potentialAction\":[{\"@type\":\"ReadAction\",\"target\":[\"https:\/\/sites.uef.fi\/mikromri\/paperit-ja-kartongit\/\"]}]},{\"@type\":\"ImageObject\",\"inLanguage\":\"fi\",\"@id\":\"https:\/\/sites.uef.fi\/mikromri\/paperit-ja-kartongit\/#primaryimage\",\"url\":\"https:\/\/sites.uef.fi\/mikromri\/wp-content\/uploads\/sites\/17\/2020\/03\/Mondi-Logo.wine_.png\",\"contentUrl\":\"https:\/\/sites.uef.fi\/mikromri\/wp-content\/uploads\/sites\/17\/2020\/03\/Mondi-Logo.wine_.png\",\"width\":2624,\"height\":1068},{\"@type\":\"BreadcrumbList\",\"@id\":\"https:\/\/sites.uef.fi\/mikromri\/paperit-ja-kartongit\/#breadcrumb\",\"itemListElement\":[{\"@type\":\"ListItem\",\"position\":1,\"name\":\"Home\",\"item\":\"https:\/\/sites.uef.fi\/mikromri\/\"},{\"@type\":\"ListItem\",\"position\":2,\"name\":\"Paperit ja kartongit\"}]},{\"@type\":\"WebSite\",\"@id\":\"https:\/\/sites.uef.fi\/mikromri\/#website\",\"url\":\"https:\/\/sites.uef.fi\/mikromri\/\",\"name\":\"MikroMRI\",\"description\":\"\",\"potentialAction\":[{\"@type\":\"SearchAction\",\"target\":{\"@type\":\"EntryPoint\",\"urlTemplate\":\"https:\/\/sites.uef.fi\/mikromri\/?s={search_term_string}\"},\"query-input\":{\"@type\":\"PropertyValueSpecification\",\"valueRequired\":true,\"valueName\":\"search_term_string\"}}],\"inLanguage\":\"fi\"}]}<\/script>\n<!-- \/ Yoast SEO plugin. -->","yoast_head_json":{"title":"Paperit ja kartongit - MikroMRI","robots":{"index":"index","follow":"follow","max-snippet":"max-snippet:-1","max-image-preview":"max-image-preview:large","max-video-preview":"max-video-preview:-1"},"canonical":"https:\/\/sites.uef.fi\/mikromri\/paperit-ja-kartongit\/","og_locale":"fi_FI","og_type":"article","og_title":"Paperit ja kartongit - MikroMRI","og_description":"&nbsp; Ilmankosteuden etenemisen v\u00e4lillist\u00e4 tarkastelua paperiteollisuuden tuotteiden rakenteissa mikroskooppisella magneettikuvauksella. &nbsp; Paperien sek\u00e4 muiden paperiteollisuuden tuotteiden mekaaniset ominaisuudet muuttuvat merkitt\u00e4v\u00e4sti niiden vettyess\u00e4. Koska magneettikuvaus mahdollistaa erilaisten materiaalien ja etenkin veden siirtymisen ja muun toiminnan tutkimisen, voidaan t\u00e4t\u00e4 menetelm\u00e4\u00e4 hy\u00f6dynt\u00e4\u00e4 uudella MikroMRI -laitteistolla my\u00f6s mikroskooppisten muutosten ja ominaisuuksien tarkasteluun. Esimerkki kuvauksen etenemisest\u00e4 (linkki) Lis\u00e4tietoja laitteistosta ja [&hellip;]","og_url":"https:\/\/sites.uef.fi\/mikromri\/paperit-ja-kartongit\/","og_site_name":"MikroMRI","article_modified_time":"2021-04-19T09:08:57+00:00","og_image":[{"url":"https:\/\/sites.uef.fi\/mikromri\/wp-content\/uploads\/sites\/17\/2020\/03\/Mondi-Logo.wine_-300x122.png","type":"","width":"","height":""}],"twitter_card":"summary_large_image","schema":{"@context":"https:\/\/schema.org","@graph":[{"@type":"WebPage","@id":"https:\/\/sites.uef.fi\/mikromri\/paperit-ja-kartongit\/","url":"https:\/\/sites.uef.fi\/mikromri\/paperit-ja-kartongit\/","name":"Paperit ja kartongit - MikroMRI","isPartOf":{"@id":"https:\/\/sites.uef.fi\/mikromri\/#website"},"primaryImageOfPage":{"@id":"https:\/\/sites.uef.fi\/mikromri\/paperit-ja-kartongit\/#primaryimage"},"image":{"@id":"https:\/\/sites.uef.fi\/mikromri\/paperit-ja-kartongit\/#primaryimage"},"thumbnailUrl":"https:\/\/sites.uef.fi\/mikromri\/wp-content\/uploads\/sites\/17\/2020\/03\/Mondi-Logo.wine_-300x122.png","datePublished":"2020-03-12T13:42:25+00:00","dateModified":"2021-04-19T09:08:57+00:00","breadcrumb":{"@id":"https:\/\/sites.uef.fi\/mikromri\/paperit-ja-kartongit\/#breadcrumb"},"inLanguage":"fi","potentialAction":[{"@type":"ReadAction","target":["https:\/\/sites.uef.fi\/mikromri\/paperit-ja-kartongit\/"]}]},{"@type":"ImageObject","inLanguage":"fi","@id":"https:\/\/sites.uef.fi\/mikromri\/paperit-ja-kartongit\/#primaryimage","url":"https:\/\/sites.uef.fi\/mikromri\/wp-content\/uploads\/sites\/17\/2020\/03\/Mondi-Logo.wine_.png","contentUrl":"https:\/\/sites.uef.fi\/mikromri\/wp-content\/uploads\/sites\/17\/2020\/03\/Mondi-Logo.wine_.png","width":2624,"height":1068},{"@type":"BreadcrumbList","@id":"https:\/\/sites.uef.fi\/mikromri\/paperit-ja-kartongit\/#breadcrumb","itemListElement":[{"@type":"ListItem","position":1,"name":"Home","item":"https:\/\/sites.uef.fi\/mikromri\/"},{"@type":"ListItem","position":2,"name":"Paperit ja kartongit"}]},{"@type":"WebSite","@id":"https:\/\/sites.uef.fi\/mikromri\/#website","url":"https:\/\/sites.uef.fi\/mikromri\/","name":"MikroMRI","description":"","potentialAction":[{"@type":"SearchAction","target":{"@type":"EntryPoint","urlTemplate":"https:\/\/sites.uef.fi\/mikromri\/?s={search_term_string}"},"query-input":{"@type":"PropertyValueSpecification","valueRequired":true,"valueName":"search_term_string"}}],"inLanguage":"fi"}]}},"_links":{"self":[{"href":"https:\/\/sites.uef.fi\/mikromri\/wp-json\/wp\/v2\/pages\/224","targetHints":{"allow":["GET"]}}],"collection":[{"href":"https:\/\/sites.uef.fi\/mikromri\/wp-json\/wp\/v2\/pages"}],"about":[{"href":"https:\/\/sites.uef.fi\/mikromri\/wp-json\/wp\/v2\/types\/page"}],"author":[{"embeddable":true,"href":"https:\/\/sites.uef.fi\/mikromri\/wp-json\/wp\/v2\/users\/20"}],"replies":[{"embeddable":true,"href":"https:\/\/sites.uef.fi\/mikromri\/wp-json\/wp\/v2\/comments?post=224"}],"version-history":[{"count":2,"href":"https:\/\/sites.uef.fi\/mikromri\/wp-json\/wp\/v2\/pages\/224\/revisions"}],"predecessor-version":[{"id":2632,"href":"https:\/\/sites.uef.fi\/mikromri\/wp-json\/wp\/v2\/pages\/224\/revisions\/2632"}],"wp:attachment":[{"href":"https:\/\/sites.uef.fi\/mikromri\/wp-json\/wp\/v2\/media?parent=224"}],"curies":[{"name":"wp","href":"https:\/\/api.w.org\/{rel}","templated":true}]}}