{"id":239,"date":"2020-03-12T15:43:30","date_gmt":"2020-03-12T13:43:30","guid":{"rendered":"https:\/\/sites.uef.fi\/mikromri\/?page_id=239"},"modified":"2021-04-19T12:09:12","modified_gmt":"2021-04-19T09:09:12","slug":"siemenet-ja-jyvat","status":"publish","type":"page","link":"https:\/\/sites.uef.fi\/mikromri\/siemenet-ja-jyvat\/","title":{"rendered":"Siemenet ja jyv\u00e4t"},"content":{"rendered":"<h4><\/h4>\n<p>&nbsp;<\/p>\n<p><em>Siementen it\u00e4miskyvyn ja tautiherkkyyden sek\u00e4 anatomisten ominaisuuksien m\u00e4\u00e4rityst\u00e4 mikroskooppisella magneettikuvauksella.<\/em><\/p>\n<hr \/>\n<h5>Mets\u00e4m\u00e4nNyn siemenet<\/h5>\n<p>Mets\u00e4m\u00e4nty (<em>Pinus sylvestris<\/em> L.) on yleisin puulaji Suomessa ja mets\u00e4teollisuuden t\u00e4rke\u00e4 raaka-aine. M\u00e4nnyn hyv\u00e4laatuisia siemeni\u00e4 tarvitaan mets\u00e4kylv\u00f6ihin ja istutuksiin vuosittain noin 9000 kg. M\u00e4nnyn siemenen it\u00e4vyys m\u00e4\u00e4ritet\u00e4\u00e4n laboratorioid\u00e4tyskokeiden ja v\u00e4lillisesti r\u00f6ntgenkuvauksen avulla. Siementen vesipitoisuuden tunteminen ja hallinta on t\u00e4rke\u00e4\u00e4 mm. niiden varastointikest\u00e4vyyden kannalta. Vesipitoisuuden tavanomaiset mittaustavat eiv\u00e4t kuvaa veden sijoittumista siemenen sis\u00e4ll\u00e4.<\/p>\n<p>Magneettikuvaus antaa tietoa siemenen sis\u00e4isest\u00e4 veden ja rasvan jakautumisesta. Tietoa voidaan k\u00e4ytt\u00e4\u00e4 mm. siementen tuotantoprosessin hienos\u00e4\u00e4d\u00f6ss\u00e4 korkean it\u00e4vyyden varmistamiseksi.<\/p>\n<h5><em><a href=\"https:\/\/sites.uef.fi\/mikromri\/wp-content\/uploads\/sites\/17\/2021\/02\/Pineseed_example-1.pdf\">Esimerkki kuvauksen etenemisest\u00e4 (Linkki)<\/a><\/em><\/h5>\n<p>&nbsp;<\/p>\n<hr \/>\n<h5>Viljan jyv\u00e4t<\/h5>\n<p>Viljojen jyviss\u00e4 <span style=\"float: none;background-color: #ffffff;color: #333333;font-family: 'Libre Franklin','Helvetica Neue',helvetica,arial,sans-serif;font-size: 16px;font-style: normal;font-variant: normal;font-weight: 400;letter-spacing: normal;text-align: left;text-decoration: none;text-indent: 0px;text-transform: none\">(ohra ja vehn\u00e4) <\/span>esiintyy mykotoksiineja tuottavia <em>Fusarium-<\/em>punahomeita. Mykotoksiinit ovat punahomeiden sekundaarisia aineenvaihduntatuotteita, jotka ovat joko karsinogeenisi\u00e4, myrkyllisi\u00e4 tai mutageenisi\u00e4. Lis\u00e4ksi n\u00e4iden mykotoksiinien pitoisuudet viljaeriss\u00e4 ovat tarkoin s\u00e4\u00e4deltyj\u00e4 ja rajoitettuja, eik\u00e4 n\u00e4it\u00e4 raja-arvoja ylitt\u00e4vi\u00e4 eri\u00e4 voida hy\u00f6dynt\u00e4\u00e4 elintarviketeollisuuden tarpeisiin. <em>Fusarium<\/em>-infektioiden tunnistus tapahtuu nykyisin mykotoksiinien pitoisuuksien m\u00e4\u00e4rityksen avulla, mutta itse <em>Fusarium<\/em>-infektiota, punahomeen fyysist\u00e4 sijaintia ja etenkin vaikutusta viljan jyvien sis\u00e4iseen rakenteeseen, mukaan lukien alkion kehityksess\u00e4 ja toiminnassa, on k\u00e4yt\u00e4nn\u00f6ss\u00e4 tuntematon.<\/p>\n<p>Maltaiden valmistuksessa mallasohra id\u00e4tet\u00e4\u00e4n, mik\u00e4 puolestaan vaatii laadukkaita, it\u00e4vi\u00e4 jyv\u00e4yksil\u00f6it\u00e4 parhaan tuloksen aikaan saamiseksi. It\u00e4miskykyyn vaikuttavat muun muassa esik\u00e4sittely- ja korjuuvaiheet, joissa menetelm\u00e4st\u00e4 riippuen voidaan aiheuttaa jyv\u00e4n mekaaninen tuho. Koska mikroskooppisella magneettikuvauksella voidaan n\u00e4ytteeseen kajoamatta havaita vesijakauma ja n\u00e4in saada viitteit\u00e4 esimerkiksi jyv\u00e4n it\u00e4miskyvyst\u00e4, voidaan erilaisten mallasohran esik\u00e4sittely- ja korjuuvaiheiden vaikutusta it\u00e4vyyteen tutkia jyv\u00e4\u00e4 vahingoittamatta.<\/p>\n<h5><em><a href=\"https:\/\/sites.uef.fi\/mikromri\/wp-content\/uploads\/sites\/17\/2021\/02\/GrainExample.pdf\">Esimerkki kuvauksen etenemisest\u00e4 (Linkki)<\/a><\/em><\/h5>\n<p>&nbsp;<\/p>\n<hr \/>\n<p>MikroMRI-laitteistolla voidaan tutkia mikroskooppisella tasolla vesiv\u00e4litteisen aineenvaihdunnan muutoksia, ja sen kyky erottaa vesisidonnaisia rakenteita on muihin rinnastettaviin kuvausmenetelmiin n\u00e4hden merkitt\u00e4v\u00e4.<\/p>\n<p>&nbsp;<\/p>\n<h5><a href=\"https:\/\/sites.uef.fi\/mikromri\/wp-content\/uploads\/sites\/17\/2021\/02\/method_desc_umri.pdf\"><em>Lis\u00e4tietoja laitteistosta ja kuvausasetelmasta (linkki)<\/em><\/a><\/h5>\n<p>&nbsp;<\/p>\n<p><a href=\"https:\/\/www.luke.fi\/\"><img loading=\"lazy\" decoding=\"async\" class=\"alignnone wp-image-367\" src=\"https:\/\/sites.uef.fi\/mikromri\/wp-content\/uploads\/sites\/17\/2020\/03\/Luke_FI-300x246.png\" alt=\"\" width=\"181\" height=\"148\" srcset=\"https:\/\/sites.uef.fi\/mikromri\/wp-content\/uploads\/sites\/17\/2020\/03\/Luke_FI-300x246.png 300w, https:\/\/sites.uef.fi\/mikromri\/wp-content\/uploads\/sites\/17\/2020\/03\/Luke_FI-1024x838.png 1024w, https:\/\/sites.uef.fi\/mikromri\/wp-content\/uploads\/sites\/17\/2020\/03\/Luke_FI-768x629.png 768w, https:\/\/sites.uef.fi\/mikromri\/wp-content\/uploads\/sites\/17\/2020\/03\/Luke_FI-1536x1258.png 1536w, https:\/\/sites.uef.fi\/mikromri\/wp-content\/uploads\/sites\/17\/2020\/03\/Luke_FI.png 1771w\" sizes=\"auto, (max-width: 181px) 100vw, 181px\" \/><\/a> <a href=\"https:\/\/portal.savonia.fi\/amk\/fi\"><img loading=\"lazy\" decoding=\"async\" class=\"alignnone wp-image-370\" src=\"https:\/\/sites.uef.fi\/mikromri\/wp-content\/uploads\/sites\/17\/2020\/03\/savonialogo-300x169.jpg\" alt=\"\" width=\"195\" height=\"110\" srcset=\"https:\/\/sites.uef.fi\/mikromri\/wp-content\/uploads\/sites\/17\/2020\/03\/savonialogo-300x169.jpg 300w, https:\/\/sites.uef.fi\/mikromri\/wp-content\/uploads\/sites\/17\/2020\/03\/savonialogo-1024x576.jpg 1024w, https:\/\/sites.uef.fi\/mikromri\/wp-content\/uploads\/sites\/17\/2020\/03\/savonialogo-768x432.jpg 768w, https:\/\/sites.uef.fi\/mikromri\/wp-content\/uploads\/sites\/17\/2020\/03\/savonialogo.jpg 1280w\" sizes=\"auto, (max-width: 195px) 100vw, 195px\" \/><\/a> \u00a0 <a href=\"http:\/\/savonsiemen.com\/fi\/etusivu\/\"><img loading=\"lazy\" decoding=\"async\" class=\"alignnone wp-image-421\" src=\"https:\/\/sites.uef.fi\/mikromri\/wp-content\/uploads\/sites\/17\/2020\/03\/savonsiemen_logo-2-300x121.png\" alt=\"\" width=\"253\" height=\"102\" srcset=\"https:\/\/sites.uef.fi\/mikromri\/wp-content\/uploads\/sites\/17\/2020\/03\/savonsiemen_logo-2-300x121.png 300w, https:\/\/sites.uef.fi\/mikromri\/wp-content\/uploads\/sites\/17\/2020\/03\/savonsiemen_logo-2.png 373w\" sizes=\"auto, (max-width: 253px) 100vw, 253px\" \/><\/a><\/p>\n","protected":false},"excerpt":{"rendered":"<p>&nbsp; Siementen it\u00e4miskyvyn ja tautiherkkyyden sek\u00e4 anatomisten ominaisuuksien m\u00e4\u00e4rityst\u00e4 mikroskooppisella magneettikuvauksella. Mets\u00e4m\u00e4nNyn siemenet Mets\u00e4m\u00e4nty (Pinus sylvestris L.) on yleisin puulaji Suomessa ja mets\u00e4teollisuuden t\u00e4rke\u00e4 raaka-aine. M\u00e4nnyn hyv\u00e4laatuisia siemeni\u00e4 tarvitaan mets\u00e4kylv\u00f6ihin ja istutuksiin vuosittain noin 9000 kg. M\u00e4nnyn siemenen it\u00e4vyys m\u00e4\u00e4ritet\u00e4\u00e4n laboratorioid\u00e4tyskokeiden ja v\u00e4lillisesti r\u00f6ntgenkuvauksen avulla. Siementen vesipitoisuuden tunteminen ja hallinta on t\u00e4rke\u00e4\u00e4 mm. niiden varastointikest\u00e4vyyden [&hellip;]<\/p>\n","protected":false},"author":20,"featured_media":0,"parent":0,"menu_order":0,"comment_status":"closed","ping_status":"closed","template":"","meta":{"_acf_changed":false,"_monsterinsights_skip_tracking":false,"_monsterinsights_sitenote_active":false,"_monsterinsights_sitenote_note":"","_monsterinsights_sitenote_category":0,"footnotes":""},"class_list":["post-239","page","type-page","status-publish","hentry"],"acf":[],"yoast_head":"<!-- This site is optimized with the Yoast SEO plugin v27.1.1 - https:\/\/yoast.com\/product\/yoast-seo-wordpress\/ -->\n<title>Siemenet ja jyv\u00e4t - MikroMRI<\/title>\n<meta name=\"robots\" content=\"index, follow, max-snippet:-1, max-image-preview:large, max-video-preview:-1\" \/>\n<link rel=\"canonical\" href=\"https:\/\/sites.uef.fi\/mikromri\/siemenet-ja-jyvat\/\" \/>\n<meta property=\"og:locale\" content=\"fi_FI\" \/>\n<meta property=\"og:type\" content=\"article\" \/>\n<meta property=\"og:title\" content=\"Siemenet ja jyv\u00e4t - MikroMRI\" \/>\n<meta property=\"og:description\" content=\"&nbsp; Siementen it\u00e4miskyvyn ja tautiherkkyyden sek\u00e4 anatomisten ominaisuuksien m\u00e4\u00e4rityst\u00e4 mikroskooppisella magneettikuvauksella. Mets\u00e4m\u00e4nNyn siemenet Mets\u00e4m\u00e4nty (Pinus sylvestris L.) on yleisin puulaji Suomessa ja mets\u00e4teollisuuden t\u00e4rke\u00e4 raaka-aine. M\u00e4nnyn hyv\u00e4laatuisia siemeni\u00e4 tarvitaan mets\u00e4kylv\u00f6ihin ja istutuksiin vuosittain noin 9000 kg. M\u00e4nnyn siemenen it\u00e4vyys m\u00e4\u00e4ritet\u00e4\u00e4n laboratorioid\u00e4tyskokeiden ja v\u00e4lillisesti r\u00f6ntgenkuvauksen avulla. Siementen vesipitoisuuden tunteminen ja hallinta on t\u00e4rke\u00e4\u00e4 mm. niiden varastointikest\u00e4vyyden [&hellip;]\" \/>\n<meta property=\"og:url\" content=\"https:\/\/sites.uef.fi\/mikromri\/siemenet-ja-jyvat\/\" \/>\n<meta property=\"og:site_name\" content=\"MikroMRI\" \/>\n<meta property=\"article:modified_time\" content=\"2021-04-19T09:09:12+00:00\" \/>\n<meta property=\"og:image\" content=\"https:\/\/sites.uef.fi\/mikromri\/wp-content\/uploads\/sites\/17\/2020\/03\/Luke_FI-300x246.png\" \/>\n<meta name=\"twitter:card\" content=\"summary_large_image\" \/>\n<meta name=\"twitter:label1\" content=\"Arvioitu lukuaika\" \/>\n\t<meta name=\"twitter:data1\" content=\"2 minuuttia\" \/>\n<script type=\"application\/ld+json\" class=\"yoast-schema-graph\">{\"@context\":\"https:\/\/schema.org\",\"@graph\":[{\"@type\":\"WebPage\",\"@id\":\"https:\/\/sites.uef.fi\/mikromri\/siemenet-ja-jyvat\/\",\"url\":\"https:\/\/sites.uef.fi\/mikromri\/siemenet-ja-jyvat\/\",\"name\":\"Siemenet ja jyv\u00e4t - MikroMRI\",\"isPartOf\":{\"@id\":\"https:\/\/sites.uef.fi\/mikromri\/#website\"},\"primaryImageOfPage\":{\"@id\":\"https:\/\/sites.uef.fi\/mikromri\/siemenet-ja-jyvat\/#primaryimage\"},\"image\":{\"@id\":\"https:\/\/sites.uef.fi\/mikromri\/siemenet-ja-jyvat\/#primaryimage\"},\"thumbnailUrl\":\"https:\/\/sites.uef.fi\/mikromri\/wp-content\/uploads\/sites\/17\/2020\/03\/Luke_FI-300x246.png\",\"datePublished\":\"2020-03-12T13:43:30+00:00\",\"dateModified\":\"2021-04-19T09:09:12+00:00\",\"breadcrumb\":{\"@id\":\"https:\/\/sites.uef.fi\/mikromri\/siemenet-ja-jyvat\/#breadcrumb\"},\"inLanguage\":\"fi\",\"potentialAction\":[{\"@type\":\"ReadAction\",\"target\":[\"https:\/\/sites.uef.fi\/mikromri\/siemenet-ja-jyvat\/\"]}]},{\"@type\":\"ImageObject\",\"inLanguage\":\"fi\",\"@id\":\"https:\/\/sites.uef.fi\/mikromri\/siemenet-ja-jyvat\/#primaryimage\",\"url\":\"https:\/\/sites.uef.fi\/mikromri\/wp-content\/uploads\/sites\/17\/2020\/03\/Luke_FI.png\",\"contentUrl\":\"https:\/\/sites.uef.fi\/mikromri\/wp-content\/uploads\/sites\/17\/2020\/03\/Luke_FI.png\",\"width\":1771,\"height\":1450},{\"@type\":\"BreadcrumbList\",\"@id\":\"https:\/\/sites.uef.fi\/mikromri\/siemenet-ja-jyvat\/#breadcrumb\",\"itemListElement\":[{\"@type\":\"ListItem\",\"position\":1,\"name\":\"Home\",\"item\":\"https:\/\/sites.uef.fi\/mikromri\/\"},{\"@type\":\"ListItem\",\"position\":2,\"name\":\"Siemenet ja jyv\u00e4t\"}]},{\"@type\":\"WebSite\",\"@id\":\"https:\/\/sites.uef.fi\/mikromri\/#website\",\"url\":\"https:\/\/sites.uef.fi\/mikromri\/\",\"name\":\"MikroMRI\",\"description\":\"\",\"potentialAction\":[{\"@type\":\"SearchAction\",\"target\":{\"@type\":\"EntryPoint\",\"urlTemplate\":\"https:\/\/sites.uef.fi\/mikromri\/?s={search_term_string}\"},\"query-input\":{\"@type\":\"PropertyValueSpecification\",\"valueRequired\":true,\"valueName\":\"search_term_string\"}}],\"inLanguage\":\"fi\"}]}<\/script>\n<!-- \/ Yoast SEO plugin. -->","yoast_head_json":{"title":"Siemenet ja jyv\u00e4t - MikroMRI","robots":{"index":"index","follow":"follow","max-snippet":"max-snippet:-1","max-image-preview":"max-image-preview:large","max-video-preview":"max-video-preview:-1"},"canonical":"https:\/\/sites.uef.fi\/mikromri\/siemenet-ja-jyvat\/","og_locale":"fi_FI","og_type":"article","og_title":"Siemenet ja jyv\u00e4t - MikroMRI","og_description":"&nbsp; Siementen it\u00e4miskyvyn ja tautiherkkyyden sek\u00e4 anatomisten ominaisuuksien m\u00e4\u00e4rityst\u00e4 mikroskooppisella magneettikuvauksella. Mets\u00e4m\u00e4nNyn siemenet Mets\u00e4m\u00e4nty (Pinus sylvestris L.) on yleisin puulaji Suomessa ja mets\u00e4teollisuuden t\u00e4rke\u00e4 raaka-aine. M\u00e4nnyn hyv\u00e4laatuisia siemeni\u00e4 tarvitaan mets\u00e4kylv\u00f6ihin ja istutuksiin vuosittain noin 9000 kg. M\u00e4nnyn siemenen it\u00e4vyys m\u00e4\u00e4ritet\u00e4\u00e4n laboratorioid\u00e4tyskokeiden ja v\u00e4lillisesti r\u00f6ntgenkuvauksen avulla. Siementen vesipitoisuuden tunteminen ja hallinta on t\u00e4rke\u00e4\u00e4 mm. niiden varastointikest\u00e4vyyden [&hellip;]","og_url":"https:\/\/sites.uef.fi\/mikromri\/siemenet-ja-jyvat\/","og_site_name":"MikroMRI","article_modified_time":"2021-04-19T09:09:12+00:00","og_image":[{"url":"https:\/\/sites.uef.fi\/mikromri\/wp-content\/uploads\/sites\/17\/2020\/03\/Luke_FI-300x246.png","type":"","width":"","height":""}],"twitter_card":"summary_large_image","twitter_misc":{"Arvioitu lukuaika":"2 minuuttia"},"schema":{"@context":"https:\/\/schema.org","@graph":[{"@type":"WebPage","@id":"https:\/\/sites.uef.fi\/mikromri\/siemenet-ja-jyvat\/","url":"https:\/\/sites.uef.fi\/mikromri\/siemenet-ja-jyvat\/","name":"Siemenet ja jyv\u00e4t - MikroMRI","isPartOf":{"@id":"https:\/\/sites.uef.fi\/mikromri\/#website"},"primaryImageOfPage":{"@id":"https:\/\/sites.uef.fi\/mikromri\/siemenet-ja-jyvat\/#primaryimage"},"image":{"@id":"https:\/\/sites.uef.fi\/mikromri\/siemenet-ja-jyvat\/#primaryimage"},"thumbnailUrl":"https:\/\/sites.uef.fi\/mikromri\/wp-content\/uploads\/sites\/17\/2020\/03\/Luke_FI-300x246.png","datePublished":"2020-03-12T13:43:30+00:00","dateModified":"2021-04-19T09:09:12+00:00","breadcrumb":{"@id":"https:\/\/sites.uef.fi\/mikromri\/siemenet-ja-jyvat\/#breadcrumb"},"inLanguage":"fi","potentialAction":[{"@type":"ReadAction","target":["https:\/\/sites.uef.fi\/mikromri\/siemenet-ja-jyvat\/"]}]},{"@type":"ImageObject","inLanguage":"fi","@id":"https:\/\/sites.uef.fi\/mikromri\/siemenet-ja-jyvat\/#primaryimage","url":"https:\/\/sites.uef.fi\/mikromri\/wp-content\/uploads\/sites\/17\/2020\/03\/Luke_FI.png","contentUrl":"https:\/\/sites.uef.fi\/mikromri\/wp-content\/uploads\/sites\/17\/2020\/03\/Luke_FI.png","width":1771,"height":1450},{"@type":"BreadcrumbList","@id":"https:\/\/sites.uef.fi\/mikromri\/siemenet-ja-jyvat\/#breadcrumb","itemListElement":[{"@type":"ListItem","position":1,"name":"Home","item":"https:\/\/sites.uef.fi\/mikromri\/"},{"@type":"ListItem","position":2,"name":"Siemenet ja jyv\u00e4t"}]},{"@type":"WebSite","@id":"https:\/\/sites.uef.fi\/mikromri\/#website","url":"https:\/\/sites.uef.fi\/mikromri\/","name":"MikroMRI","description":"","potentialAction":[{"@type":"SearchAction","target":{"@type":"EntryPoint","urlTemplate":"https:\/\/sites.uef.fi\/mikromri\/?s={search_term_string}"},"query-input":{"@type":"PropertyValueSpecification","valueRequired":true,"valueName":"search_term_string"}}],"inLanguage":"fi"}]}},"_links":{"self":[{"href":"https:\/\/sites.uef.fi\/mikromri\/wp-json\/wp\/v2\/pages\/239","targetHints":{"allow":["GET"]}}],"collection":[{"href":"https:\/\/sites.uef.fi\/mikromri\/wp-json\/wp\/v2\/pages"}],"about":[{"href":"https:\/\/sites.uef.fi\/mikromri\/wp-json\/wp\/v2\/types\/page"}],"author":[{"embeddable":true,"href":"https:\/\/sites.uef.fi\/mikromri\/wp-json\/wp\/v2\/users\/20"}],"replies":[{"embeddable":true,"href":"https:\/\/sites.uef.fi\/mikromri\/wp-json\/wp\/v2\/comments?post=239"}],"version-history":[{"count":2,"href":"https:\/\/sites.uef.fi\/mikromri\/wp-json\/wp\/v2\/pages\/239\/revisions"}],"predecessor-version":[{"id":2548,"href":"https:\/\/sites.uef.fi\/mikromri\/wp-json\/wp\/v2\/pages\/239\/revisions\/2548"}],"wp:attachment":[{"href":"https:\/\/sites.uef.fi\/mikromri\/wp-json\/wp\/v2\/media?parent=239"}],"curies":[{"name":"wp","href":"https:\/\/api.w.org\/{rel}","templated":true}]}}