{"id":664,"date":"2020-04-28T11:32:12","date_gmt":"2020-04-28T08:32:12","guid":{"rendered":"https:\/\/sites.uef.fi\/mikromri\/?page_id=664"},"modified":"2021-04-19T12:08:05","modified_gmt":"2021-04-19T09:08:05","slug":"materiaali-ja-esitteet","status":"publish","type":"page","link":"https:\/\/sites.uef.fi\/mikromri\/materiaali-ja-esitteet\/","title":{"rendered":"Materiaali ja esitteet"},"content":{"rendered":"<h4><\/h4>\n<p>Alta l\u00f6yd\u00e4t hankkeen esitteet ja muun materiaalin.<\/p>\n<p>&nbsp;<\/p>\n<p><a href=\"https:\/\/sites.uef.fi\/mikromri\/wp-content\/uploads\/sites\/17\/2020\/04\/Juliste_A3_MikroMRI_EAKR-1.pdf\">Esitejuliste<\/a><\/p>\n<p><a href=\"https:\/\/sites.uef.fi\/mikromri\/wp-content\/uploads\/sites\/17\/2021\/04\/method_desc_umri_6s.pdf\">Laitteisto ja koeasetelma<\/a><\/p>\n<p><a href=\"https:\/\/sites.uef.fi\/mikromri\/wp-content\/uploads\/sites\/17\/2021\/02\/Pineseed_example-1.pdf\">M\u00e4nnyn siemenet<\/a><\/p>\n<p><a href=\"https:\/\/sites.uef.fi\/mikromri\/wp-content\/uploads\/sites\/17\/2021\/02\/GrainExample.pdf\">Viljan jyv\u00e4t<\/a><\/p>\n<p><a href=\"https:\/\/sites.uef.fi\/mikromri\/wp-content\/uploads\/sites\/17\/2021\/02\/Paper_Example-1.pdf\">Paperit ja kartongit<\/a><\/p>\n<p><a href=\"https:\/\/sites.uef.fi\/mikromri\/wp-content\/uploads\/sites\/17\/2021\/02\/Polymer_example-4.pdf\">Kumit ja muovit<\/a><\/p>\n<h3>Mikrokuvantaminen webinaari<\/h3>\n<p><a href=\"https:\/\/sites.uef.fi\/mikromri\/wp-content\/uploads\/sites\/17\/2020\/11\/Mikrokuvantaminen_webinaari.pdf\">Esite, Mikrokuvantaminen (webinaari, 18.11.2020, 12.30-15.00)<\/a><\/p>\n<p><a href=\"https:\/\/sites.uef.fi\/mikromri\/wp-content\/uploads\/sites\/17\/2020\/11\/webinar_mikro_ohjelma.pdf\">Ohjelma, Mikrokuvantaminen (webinaari, 18.11.2020, 12.30-15.00)<\/a><\/p>\n<p>&nbsp;<\/p>\n<h3>Esitykset<\/h3>\n<p><a href=\"https:\/\/sites.uef.fi\/mikromri\/wp-content\/uploads\/sites\/17\/2021\/01\/MTTP2021compressed_mikromri_20012021.pdf\"><em>Kuvantamistekniikat tarkentavat k\u00e4sityst\u00e4 m\u00e4nnyn siementen rakenteesta<\/em>, Mets\u00e4taimitarhap\u00e4iv\u00e4t (20.01.2021)<\/a><\/p>\n","protected":false},"excerpt":{"rendered":"<p>Alta l\u00f6yd\u00e4t hankkeen esitteet ja muun materiaalin. &nbsp; Esitejuliste Laitteisto ja koeasetelma M\u00e4nnyn siemenet Viljan jyv\u00e4t Paperit ja kartongit Kumit ja muovit Mikrokuvantaminen webinaari Esite, Mikrokuvantaminen (webinaari, 18.11.2020, 12.30-15.00) Ohjelma, Mikrokuvantaminen (webinaari, 18.11.2020, 12.30-15.00) &nbsp; Esitykset Kuvantamistekniikat tarkentavat k\u00e4sityst\u00e4 m\u00e4nnyn siementen rakenteesta, Mets\u00e4taimitarhap\u00e4iv\u00e4t (20.01.2021)<\/p>\n","protected":false},"author":20,"featured_media":0,"parent":0,"menu_order":0,"comment_status":"closed","ping_status":"closed","template":"","meta":{"_acf_changed":false,"_monsterinsights_skip_tracking":false,"_monsterinsights_sitenote_active":false,"_monsterinsights_sitenote_note":"","_monsterinsights_sitenote_category":0,"footnotes":""},"class_list":["post-664","page","type-page","status-publish","hentry"],"acf":[],"yoast_head":"<!-- This site is optimized with the Yoast SEO plugin v27.1.1 - https:\/\/yoast.com\/product\/yoast-seo-wordpress\/ -->\n<title>Materiaali ja esitteet - MikroMRI<\/title>\n<meta name=\"robots\" content=\"index, follow, max-snippet:-1, max-image-preview:large, max-video-preview:-1\" \/>\n<link rel=\"canonical\" href=\"https:\/\/sites.uef.fi\/mikromri\/materiaali-ja-esitteet\/\" \/>\n<meta property=\"og:locale\" content=\"fi_FI\" \/>\n<meta property=\"og:type\" content=\"article\" \/>\n<meta property=\"og:title\" content=\"Materiaali ja esitteet - MikroMRI\" \/>\n<meta property=\"og:description\" content=\"Alta l\u00f6yd\u00e4t hankkeen esitteet ja muun materiaalin. &nbsp; Esitejuliste Laitteisto ja koeasetelma M\u00e4nnyn siemenet Viljan jyv\u00e4t Paperit ja kartongit Kumit ja muovit Mikrokuvantaminen webinaari Esite, Mikrokuvantaminen (webinaari, 18.11.2020, 12.30-15.00) Ohjelma, Mikrokuvantaminen (webinaari, 18.11.2020, 12.30-15.00) &nbsp; Esitykset Kuvantamistekniikat tarkentavat k\u00e4sityst\u00e4 m\u00e4nnyn siementen rakenteesta, Mets\u00e4taimitarhap\u00e4iv\u00e4t (20.01.2021)\" \/>\n<meta property=\"og:url\" content=\"https:\/\/sites.uef.fi\/mikromri\/materiaali-ja-esitteet\/\" \/>\n<meta property=\"og:site_name\" content=\"MikroMRI\" \/>\n<meta property=\"article:modified_time\" content=\"2021-04-19T09:08:05+00:00\" \/>\n<meta name=\"twitter:card\" content=\"summary_large_image\" \/>\n<script type=\"application\/ld+json\" class=\"yoast-schema-graph\">{\"@context\":\"https:\/\/schema.org\",\"@graph\":[{\"@type\":\"WebPage\",\"@id\":\"https:\/\/sites.uef.fi\/mikromri\/materiaali-ja-esitteet\/\",\"url\":\"https:\/\/sites.uef.fi\/mikromri\/materiaali-ja-esitteet\/\",\"name\":\"Materiaali ja esitteet - MikroMRI\",\"isPartOf\":{\"@id\":\"https:\/\/sites.uef.fi\/mikromri\/#website\"},\"datePublished\":\"2020-04-28T08:32:12+00:00\",\"dateModified\":\"2021-04-19T09:08:05+00:00\",\"breadcrumb\":{\"@id\":\"https:\/\/sites.uef.fi\/mikromri\/materiaali-ja-esitteet\/#breadcrumb\"},\"inLanguage\":\"fi\",\"potentialAction\":[{\"@type\":\"ReadAction\",\"target\":[\"https:\/\/sites.uef.fi\/mikromri\/materiaali-ja-esitteet\/\"]}]},{\"@type\":\"BreadcrumbList\",\"@id\":\"https:\/\/sites.uef.fi\/mikromri\/materiaali-ja-esitteet\/#breadcrumb\",\"itemListElement\":[{\"@type\":\"ListItem\",\"position\":1,\"name\":\"Home\",\"item\":\"https:\/\/sites.uef.fi\/mikromri\/\"},{\"@type\":\"ListItem\",\"position\":2,\"name\":\"Materiaali ja esitteet\"}]},{\"@type\":\"WebSite\",\"@id\":\"https:\/\/sites.uef.fi\/mikromri\/#website\",\"url\":\"https:\/\/sites.uef.fi\/mikromri\/\",\"name\":\"MikroMRI\",\"description\":\"\",\"potentialAction\":[{\"@type\":\"SearchAction\",\"target\":{\"@type\":\"EntryPoint\",\"urlTemplate\":\"https:\/\/sites.uef.fi\/mikromri\/?s={search_term_string}\"},\"query-input\":{\"@type\":\"PropertyValueSpecification\",\"valueRequired\":true,\"valueName\":\"search_term_string\"}}],\"inLanguage\":\"fi\"}]}<\/script>\n<!-- \/ Yoast SEO plugin. -->","yoast_head_json":{"title":"Materiaali ja esitteet - MikroMRI","robots":{"index":"index","follow":"follow","max-snippet":"max-snippet:-1","max-image-preview":"max-image-preview:large","max-video-preview":"max-video-preview:-1"},"canonical":"https:\/\/sites.uef.fi\/mikromri\/materiaali-ja-esitteet\/","og_locale":"fi_FI","og_type":"article","og_title":"Materiaali ja esitteet - MikroMRI","og_description":"Alta l\u00f6yd\u00e4t hankkeen esitteet ja muun materiaalin. &nbsp; Esitejuliste Laitteisto ja koeasetelma M\u00e4nnyn siemenet Viljan jyv\u00e4t Paperit ja kartongit Kumit ja muovit Mikrokuvantaminen webinaari Esite, Mikrokuvantaminen (webinaari, 18.11.2020, 12.30-15.00) Ohjelma, Mikrokuvantaminen (webinaari, 18.11.2020, 12.30-15.00) &nbsp; Esitykset Kuvantamistekniikat tarkentavat k\u00e4sityst\u00e4 m\u00e4nnyn siementen rakenteesta, Mets\u00e4taimitarhap\u00e4iv\u00e4t (20.01.2021)","og_url":"https:\/\/sites.uef.fi\/mikromri\/materiaali-ja-esitteet\/","og_site_name":"MikroMRI","article_modified_time":"2021-04-19T09:08:05+00:00","twitter_card":"summary_large_image","schema":{"@context":"https:\/\/schema.org","@graph":[{"@type":"WebPage","@id":"https:\/\/sites.uef.fi\/mikromri\/materiaali-ja-esitteet\/","url":"https:\/\/sites.uef.fi\/mikromri\/materiaali-ja-esitteet\/","name":"Materiaali ja esitteet - MikroMRI","isPartOf":{"@id":"https:\/\/sites.uef.fi\/mikromri\/#website"},"datePublished":"2020-04-28T08:32:12+00:00","dateModified":"2021-04-19T09:08:05+00:00","breadcrumb":{"@id":"https:\/\/sites.uef.fi\/mikromri\/materiaali-ja-esitteet\/#breadcrumb"},"inLanguage":"fi","potentialAction":[{"@type":"ReadAction","target":["https:\/\/sites.uef.fi\/mikromri\/materiaali-ja-esitteet\/"]}]},{"@type":"BreadcrumbList","@id":"https:\/\/sites.uef.fi\/mikromri\/materiaali-ja-esitteet\/#breadcrumb","itemListElement":[{"@type":"ListItem","position":1,"name":"Home","item":"https:\/\/sites.uef.fi\/mikromri\/"},{"@type":"ListItem","position":2,"name":"Materiaali ja esitteet"}]},{"@type":"WebSite","@id":"https:\/\/sites.uef.fi\/mikromri\/#website","url":"https:\/\/sites.uef.fi\/mikromri\/","name":"MikroMRI","description":"","potentialAction":[{"@type":"SearchAction","target":{"@type":"EntryPoint","urlTemplate":"https:\/\/sites.uef.fi\/mikromri\/?s={search_term_string}"},"query-input":{"@type":"PropertyValueSpecification","valueRequired":true,"valueName":"search_term_string"}}],"inLanguage":"fi"}]}},"_links":{"self":[{"href":"https:\/\/sites.uef.fi\/mikromri\/wp-json\/wp\/v2\/pages\/664","targetHints":{"allow":["GET"]}}],"collection":[{"href":"https:\/\/sites.uef.fi\/mikromri\/wp-json\/wp\/v2\/pages"}],"about":[{"href":"https:\/\/sites.uef.fi\/mikromri\/wp-json\/wp\/v2\/types\/page"}],"author":[{"embeddable":true,"href":"https:\/\/sites.uef.fi\/mikromri\/wp-json\/wp\/v2\/users\/20"}],"replies":[{"embeddable":true,"href":"https:\/\/sites.uef.fi\/mikromri\/wp-json\/wp\/v2\/comments?post=664"}],"version-history":[{"count":2,"href":"https:\/\/sites.uef.fi\/mikromri\/wp-json\/wp\/v2\/pages\/664\/revisions"}],"predecessor-version":[{"id":2626,"href":"https:\/\/sites.uef.fi\/mikromri\/wp-json\/wp\/v2\/pages\/664\/revisions\/2626"}],"wp:attachment":[{"href":"https:\/\/sites.uef.fi\/mikromri\/wp-json\/wp\/v2\/media?parent=664"}],"curies":[{"name":"wp","href":"https:\/\/api.w.org\/{rel}","templated":true}]}}