{"id":757,"date":"2020-05-06T14:03:20","date_gmt":"2020-05-06T11:03:20","guid":{"rendered":"https:\/\/sites.uef.fi\/mikromri\/?page_id=757"},"modified":"2021-02-25T14:33:20","modified_gmt":"2021-02-25T12:33:20","slug":"hankekuvaus","status":"publish","type":"page","link":"https:\/\/sites.uef.fi\/mikromri\/hankekuvaus\/","title":{"rendered":"Hankekuvaus"},"content":{"rendered":"<h4>MikroMRI \u2013\u00a0<strong>Mikromagneettikuvaukseen perustuva kehitys- ja innovaatioymp\u00e4rist\u00f6 materiaalitutkimuksen teollisiin sovelluksiin<\/strong><\/h4>\n<h4>1.8.2018 \u2013 28.2.2021<\/h4>\n<p>&nbsp;<\/p>\n<p><strong>Tavoitteet<\/strong><\/p>\n<p>It\u00e4-Suomen yliopiston (UEF) Terveystieteiden tiedekunnan (TT) ja Luonnontieteiden ja mets\u00e4tieteiden tiedekunnan (LuMet), sek\u00e4 kehityshankkeen osalta Savonia-AMK:n ja Luonnonvarakeskuksen (Luke) yhteinen projekti, jossa hankitaan mikroskooppiseen magneettikuvaukseen (MRI) sopiva laitteisto. Uudella laitteella voidaan tehd\u00e4 paitsi l\u00e4\u00e4ketieteellist\u00e4 kuvantamista kudosn\u00e4ytteist\u00e4 my\u00f6s pienten materiaali- (esim. puujalosteet, l\u00e4\u00e4ketabletit, kumirakenteet) ja biologisten (esim. elintarvikkeet, kasvit) n\u00e4ytteiden hienorakenteen ja dynamiikan entist\u00e4 tarkempaa kuvantamista n\u00e4ytett\u00e4 vahingoittamatta. Toisin kuin materiaalien karakterisoinnissa yleisesti k\u00e4ytetyt ep\u00e4suorat esim. kemialliset analyysimenetelm\u00e4t, mikro-MRI mahdollistaa materiaalin ominaisuuksien arvioinnin suoraan. Moderni mikro-MRI mahdollistaa mm. molekyylitason vuorovaikutusten, virtauksen ja diffuusion 3-D kuvantamisen 30 \u00b5m resoluutiolla, mik\u00e4 ei ole mahdollista mill\u00e4\u00e4n muulla kuvantamismodaliteetilla. Hanke pohjautuu kuvantamisen ymp\u00e4rille kehittyneeseen valtakunnallisesti ainutlaatuiseen ja kansainv\u00e4lisesti merkitt\u00e4v\u00e4\u00e4n erityisosaamiseen. Projektissa mikromagneettikuvauksen mahdollisuuksia kehitet\u00e4\u00e4n alueen puunjalostuksen ja elintarvikealan kansainv\u00e4listen ja PK-tason yritysten tarpeita vastaavaksi. Uusia menetelmi\u00e4 voidaan soveltaa my\u00f6s hyvinvointiteknologian yritysten kanssa, joiden kanssa yliopistolla ollut jo aiempaa yhteisty\u00f6t\u00e4.<\/p>\n<p>&nbsp;<\/p>\n<p><strong>Toimenpiteet<\/strong><\/p>\n<p>Hankkeen investointiosassa siirret\u00e4\u00e4n yliopiston omistama 11.7 T spektroskopiamagneetti UEF:n A.I.Virtanen -instituutin kuvantamisyksikk\u00f6\u00f6n ja varustetaan se mikrokuvantamisyksik\u00f6ll\u00e4. Laitteisto integroituu osaksi sek\u00e4 kuvantamisyksik\u00f6n ett\u00e4 SIB Labsin olemassa olevaa palvelutoimintakonseptia, mik\u00e4 takaa toiminnan jatkuvuuden hankkeen p\u00e4\u00e4ttymisen j\u00e4lkeen. Investointiin olennaisesti liittyv\u00e4 kehitt\u00e4mishanke koostuu seuraavista toimenpiteist\u00e4:<\/p>\n<ol>\n<li style=\"list-style-type: none\">\n<ol>\n<li>Uuden laitteiston k\u00e4ytt\u00f6\u00f6notto<\/li>\n<li>T\u00e4rkeimpien mikrokuvantamismenetelmien implementointi ja testaus<\/li>\n<li>Toimintatapojen luominen akateemisille ja yritysmaailman toimijoille projektien toteuttamiseksi uudella laitteistolla, sek\u00e4 SIB Labsin ett\u00e4 biol\u00e4\u00e4ketieteellisen kuvantamisyksik\u00f6n kautta.<\/li>\n<li>Laitteiston ja toimintatapojen testaaminen kolmella yritysten ja\/tai julkisten toimijoiden kanssa yhdess\u00e4 toteutettavalla pilottiprojektilla. Pilotit suunnitellaan yhteisty\u00f6ss\u00e4 alueen yritysten kanssa, mill\u00e4 varmistetaan yritysten sitoutuminen projektiin. Alustavat pilottiprojektit keskittyv\u00e4t <a href=\"https:\/\/sites.uef.fi\/mikromri\/paperit-ja-kartongit\/\">puujalosteiden<\/a>&#8211; ja <a href=\"https:\/\/sites.uef.fi\/mikromri\/kumit-ja-muovit\/\">kumin\u00e4ytteiden<\/a> sek\u00e4 <a href=\"https:\/\/sites.uef.fi\/mikromri\/siemenet-ja-jyvat\/\">viljan ja puun siementen<\/a> kuvantamiseen.<\/li>\n<li>Tiedottamis- ja koulutusosuudessa luodaan esittelyaineisto uuden menetelm\u00e4n mahdollisuuksista ja sit\u00e4 levitet\u00e4\u00e4n verkkosivujen kautta, osallistumilla seminaareihin ja koulutustapahtumiin sek\u00e4 suorilla yrityskontakteilla.<\/li>\n<\/ol>\n<\/li>\n<\/ol>\n<p>&nbsp;<\/p>\n<p><strong>Tulokset<\/strong><\/p>\n<p>Uusi laitteisto vahvistaa Savilahden kampuksen tutkimus-, kehitys- ja innovaatiokeskittym\u00e4\u00e4 kustannustehokkaalla tavalla, koska uusi laitteisto hy\u00f6dynt\u00e4\u00e4 yliopistolla jo olevaa 11.7 T spektroskopiamagneettia, joten kustannukset j\u00e4\u00e4v\u00e4t alle kolmasosaan uuden laitteiston hinnasta. Projekti mahdollistaa mikromagneettikuvantamiseen perustuvan osaamisen hy\u00f6dynt\u00e4misen materiaalikehityst\u00e4 ja elintarvike- sek\u00e4 maataloustuotantoa tekevien yritysten tarpeisiin ja siten vahvistaa It\u00e4-Suomen alueen yritysten innovaatiotoimintaa ja kilpailukyky\u00e4. Vastaavaa osaamista ei ole helposti saatavilla muualla Suomessa.<\/p>\n","protected":false},"excerpt":{"rendered":"<p>MikroMRI \u2013\u00a0Mikromagneettikuvaukseen perustuva kehitys- ja innovaatioymp\u00e4rist\u00f6 materiaalitutkimuksen teollisiin sovelluksiin 1.8.2018 \u2013 28.2.2021 &nbsp; Tavoitteet It\u00e4-Suomen yliopiston (UEF) Terveystieteiden tiedekunnan (TT) ja Luonnontieteiden ja mets\u00e4tieteiden tiedekunnan (LuMet), sek\u00e4 kehityshankkeen osalta Savonia-AMK:n ja Luonnonvarakeskuksen (Luke) yhteinen projekti, jossa hankitaan mikroskooppiseen magneettikuvaukseen (MRI) sopiva laitteisto. Uudella laitteella voidaan tehd\u00e4 paitsi l\u00e4\u00e4ketieteellist\u00e4 kuvantamista kudosn\u00e4ytteist\u00e4 my\u00f6s pienten materiaali- (esim. puujalosteet, [&hellip;]<\/p>\n","protected":false},"author":20,"featured_media":0,"parent":0,"menu_order":0,"comment_status":"closed","ping_status":"closed","template":"","meta":{"_acf_changed":false,"_monsterinsights_skip_tracking":false,"_monsterinsights_sitenote_active":false,"_monsterinsights_sitenote_note":"","_monsterinsights_sitenote_category":0,"footnotes":""},"class_list":["post-757","page","type-page","status-publish","hentry"],"acf":[],"yoast_head":"<!-- This site is optimized with the Yoast SEO plugin v27.1.1 - https:\/\/yoast.com\/product\/yoast-seo-wordpress\/ -->\n<title>Hankekuvaus - MikroMRI<\/title>\n<meta name=\"robots\" content=\"index, follow, max-snippet:-1, max-image-preview:large, max-video-preview:-1\" \/>\n<link rel=\"canonical\" href=\"https:\/\/sites.uef.fi\/mikromri\/hankekuvaus\/\" \/>\n<meta property=\"og:locale\" content=\"fi_FI\" \/>\n<meta property=\"og:type\" content=\"article\" \/>\n<meta property=\"og:title\" content=\"Hankekuvaus - MikroMRI\" \/>\n<meta property=\"og:description\" content=\"MikroMRI \u2013\u00a0Mikromagneettikuvaukseen perustuva kehitys- ja innovaatioymp\u00e4rist\u00f6 materiaalitutkimuksen teollisiin sovelluksiin 1.8.2018 \u2013 28.2.2021 &nbsp; Tavoitteet It\u00e4-Suomen yliopiston (UEF) Terveystieteiden tiedekunnan (TT) ja Luonnontieteiden ja mets\u00e4tieteiden tiedekunnan (LuMet), sek\u00e4 kehityshankkeen osalta Savonia-AMK:n ja Luonnonvarakeskuksen (Luke) yhteinen projekti, jossa hankitaan mikroskooppiseen magneettikuvaukseen (MRI) sopiva laitteisto. Uudella laitteella voidaan tehd\u00e4 paitsi l\u00e4\u00e4ketieteellist\u00e4 kuvantamista kudosn\u00e4ytteist\u00e4 my\u00f6s pienten materiaali- (esim. puujalosteet, [&hellip;]\" \/>\n<meta property=\"og:url\" content=\"https:\/\/sites.uef.fi\/mikromri\/hankekuvaus\/\" \/>\n<meta property=\"og:site_name\" content=\"MikroMRI\" \/>\n<meta property=\"article:modified_time\" content=\"2021-02-25T12:33:20+00:00\" \/>\n<meta name=\"twitter:card\" content=\"summary_large_image\" \/>\n<meta name=\"twitter:label1\" content=\"Arvioitu lukuaika\" \/>\n\t<meta name=\"twitter:data1\" content=\"2 minuuttia\" \/>\n<script type=\"application\/ld+json\" class=\"yoast-schema-graph\">{\"@context\":\"https:\/\/schema.org\",\"@graph\":[{\"@type\":\"WebPage\",\"@id\":\"https:\/\/sites.uef.fi\/mikromri\/hankekuvaus\/\",\"url\":\"https:\/\/sites.uef.fi\/mikromri\/hankekuvaus\/\",\"name\":\"Hankekuvaus - MikroMRI\",\"isPartOf\":{\"@id\":\"https:\/\/sites.uef.fi\/mikromri\/#website\"},\"datePublished\":\"2020-05-06T11:03:20+00:00\",\"dateModified\":\"2021-02-25T12:33:20+00:00\",\"breadcrumb\":{\"@id\":\"https:\/\/sites.uef.fi\/mikromri\/hankekuvaus\/#breadcrumb\"},\"inLanguage\":\"fi\",\"potentialAction\":[{\"@type\":\"ReadAction\",\"target\":[\"https:\/\/sites.uef.fi\/mikromri\/hankekuvaus\/\"]}]},{\"@type\":\"BreadcrumbList\",\"@id\":\"https:\/\/sites.uef.fi\/mikromri\/hankekuvaus\/#breadcrumb\",\"itemListElement\":[{\"@type\":\"ListItem\",\"position\":1,\"name\":\"Home\",\"item\":\"https:\/\/sites.uef.fi\/mikromri\/\"},{\"@type\":\"ListItem\",\"position\":2,\"name\":\"Hankekuvaus\"}]},{\"@type\":\"WebSite\",\"@id\":\"https:\/\/sites.uef.fi\/mikromri\/#website\",\"url\":\"https:\/\/sites.uef.fi\/mikromri\/\",\"name\":\"MikroMRI\",\"description\":\"\",\"potentialAction\":[{\"@type\":\"SearchAction\",\"target\":{\"@type\":\"EntryPoint\",\"urlTemplate\":\"https:\/\/sites.uef.fi\/mikromri\/?s={search_term_string}\"},\"query-input\":{\"@type\":\"PropertyValueSpecification\",\"valueRequired\":true,\"valueName\":\"search_term_string\"}}],\"inLanguage\":\"fi\"}]}<\/script>\n<!-- \/ Yoast SEO plugin. -->","yoast_head_json":{"title":"Hankekuvaus - MikroMRI","robots":{"index":"index","follow":"follow","max-snippet":"max-snippet:-1","max-image-preview":"max-image-preview:large","max-video-preview":"max-video-preview:-1"},"canonical":"https:\/\/sites.uef.fi\/mikromri\/hankekuvaus\/","og_locale":"fi_FI","og_type":"article","og_title":"Hankekuvaus - MikroMRI","og_description":"MikroMRI \u2013\u00a0Mikromagneettikuvaukseen perustuva kehitys- ja innovaatioymp\u00e4rist\u00f6 materiaalitutkimuksen teollisiin sovelluksiin 1.8.2018 \u2013 28.2.2021 &nbsp; Tavoitteet It\u00e4-Suomen yliopiston (UEF) Terveystieteiden tiedekunnan (TT) ja Luonnontieteiden ja mets\u00e4tieteiden tiedekunnan (LuMet), sek\u00e4 kehityshankkeen osalta Savonia-AMK:n ja Luonnonvarakeskuksen (Luke) yhteinen projekti, jossa hankitaan mikroskooppiseen magneettikuvaukseen (MRI) sopiva laitteisto. Uudella laitteella voidaan tehd\u00e4 paitsi l\u00e4\u00e4ketieteellist\u00e4 kuvantamista kudosn\u00e4ytteist\u00e4 my\u00f6s pienten materiaali- (esim. puujalosteet, [&hellip;]","og_url":"https:\/\/sites.uef.fi\/mikromri\/hankekuvaus\/","og_site_name":"MikroMRI","article_modified_time":"2021-02-25T12:33:20+00:00","twitter_card":"summary_large_image","twitter_misc":{"Arvioitu lukuaika":"2 minuuttia"},"schema":{"@context":"https:\/\/schema.org","@graph":[{"@type":"WebPage","@id":"https:\/\/sites.uef.fi\/mikromri\/hankekuvaus\/","url":"https:\/\/sites.uef.fi\/mikromri\/hankekuvaus\/","name":"Hankekuvaus - MikroMRI","isPartOf":{"@id":"https:\/\/sites.uef.fi\/mikromri\/#website"},"datePublished":"2020-05-06T11:03:20+00:00","dateModified":"2021-02-25T12:33:20+00:00","breadcrumb":{"@id":"https:\/\/sites.uef.fi\/mikromri\/hankekuvaus\/#breadcrumb"},"inLanguage":"fi","potentialAction":[{"@type":"ReadAction","target":["https:\/\/sites.uef.fi\/mikromri\/hankekuvaus\/"]}]},{"@type":"BreadcrumbList","@id":"https:\/\/sites.uef.fi\/mikromri\/hankekuvaus\/#breadcrumb","itemListElement":[{"@type":"ListItem","position":1,"name":"Home","item":"https:\/\/sites.uef.fi\/mikromri\/"},{"@type":"ListItem","position":2,"name":"Hankekuvaus"}]},{"@type":"WebSite","@id":"https:\/\/sites.uef.fi\/mikromri\/#website","url":"https:\/\/sites.uef.fi\/mikromri\/","name":"MikroMRI","description":"","potentialAction":[{"@type":"SearchAction","target":{"@type":"EntryPoint","urlTemplate":"https:\/\/sites.uef.fi\/mikromri\/?s={search_term_string}"},"query-input":{"@type":"PropertyValueSpecification","valueRequired":true,"valueName":"search_term_string"}}],"inLanguage":"fi"}]}},"_links":{"self":[{"href":"https:\/\/sites.uef.fi\/mikromri\/wp-json\/wp\/v2\/pages\/757","targetHints":{"allow":["GET"]}}],"collection":[{"href":"https:\/\/sites.uef.fi\/mikromri\/wp-json\/wp\/v2\/pages"}],"about":[{"href":"https:\/\/sites.uef.fi\/mikromri\/wp-json\/wp\/v2\/types\/page"}],"author":[{"embeddable":true,"href":"https:\/\/sites.uef.fi\/mikromri\/wp-json\/wp\/v2\/users\/20"}],"replies":[{"embeddable":true,"href":"https:\/\/sites.uef.fi\/mikromri\/wp-json\/wp\/v2\/comments?post=757"}],"version-history":[{"count":2,"href":"https:\/\/sites.uef.fi\/mikromri\/wp-json\/wp\/v2\/pages\/757\/revisions"}],"predecessor-version":[{"id":2399,"href":"https:\/\/sites.uef.fi\/mikromri\/wp-json\/wp\/v2\/pages\/757\/revisions\/2399"}],"wp:attachment":[{"href":"https:\/\/sites.uef.fi\/mikromri\/wp-json\/wp\/v2\/media?parent=757"}],"curies":[{"name":"wp","href":"https:\/\/api.w.org\/{rel}","templated":true}]}}