{"id":219,"date":"2023-11-13T13:35:55","date_gmt":"2023-11-13T11:35:55","guid":{"rendered":"https:\/\/sites.uef.fi\/miracle\/?page_id=219"},"modified":"2026-04-14T10:47:49","modified_gmt":"2026-04-14T08:47:49","slug":"frontpage","status":"publish","type":"page","link":"https:\/\/sites.uef.fi\/miracle\/","title":{"rendered":"Frontpage"},"content":{"rendered":"\n<h2 class=\"wp-block-heading\">Ros\u00e1rio Domingues Full Professor in Biochemistry<\/h2>\n\n\n\n<p>It is our pleasure to announce that Ros\u00e1rio Domingues, from the <a href=\"https:\/\/www.ua.pt\/en\/dqua\">Department of Chemistry<\/a> at the University of Aveiro, has been promoted to Full Professor. This appointment is an important milestone and recognition of her scientific leadership and long-standing contributions to research and higher education. She has dedicated herself to teaching and research in the areas of biochemistry, mass spectrometry, and modern omics approaches, contributing to the training of new generations of scientists. Ros\u00e1rio Domingues is currently Director of the <a href=\"https:\/\/www.ua.pt\/en\/course\/333\">PhD Programme in Biochemistry <\/a>at the University of Aveiro.<\/p>\n\n\n\n<p>Ros\u00e1rio Domingues is internationally recognized for her expertise in lipidomics and for her pioneering work in lipidomics in health and disease and food and nutrition. Her research has been driven by the application of cutting-edge analytical methodologies based on liquid chromatography and mass spectrometry, enabling the identification and characterization of complex molecular signatures in biological systems.<\/p>\n\n\n\n<p>As part of the MIRACLE project, Ros\u00e1rio Domingues contributes her expertise in lipidomics and its integration with multiple omics layers to identify cardiovascular disease signatures, understand the molecular mechanisms of complex disorders, and support the discovery of new biomarkers for improving the diagnosis, follow-up, and treatment of atherosclerotic cardiovascular diseases.<\/p>\n\n\n\n<figure class=\"wp-block-image size-full\"><img loading=\"lazy\" decoding=\"async\" width=\"200\" height=\"200\" src=\"https:\/\/sites.uef.fi\/miracle\/wp-content\/uploads\/sites\/443\/2025\/08\/RosarioDomingues.jpg\" alt=\"\" class=\"wp-image-781\" srcset=\"https:\/\/sites.uef.fi\/miracle\/wp-content\/uploads\/sites\/443\/2025\/08\/RosarioDomingues.jpg 200w, https:\/\/sites.uef.fi\/miracle\/wp-content\/uploads\/sites\/443\/2025\/08\/RosarioDomingues-150x150.jpg 150w\" sizes=\"auto, (max-width: 200px) 100vw, 200px\" \/><figcaption class=\"wp-element-caption\">Ros\u00e1rio Domingues<\/figcaption><\/figure>\n\n\n\n<p>____<\/p>\n\n\n\n<h2 class=\"wp-block-heading\">Johan Bj\u00f6rkegren Professor of Systems Medicine<\/h2>\n\n\n\n<p>We are delighted to share the news that Johan Bj\u00f6rkegren, a key collaborator in the MIRACLE project, has been <a href=\"https:\/\/news.ki.se\/johan-bjorkegren-new-professor-at-medh\">appointed Professor of Systems Medicine at the Department of Medicine, Huddinge (MedH), Karolinska Institutet<\/a>. Following his 2013 Tenure Professorship in Genetics and Genomic Sciences at the Icahn School of Medicine at Mount Sinai, his Karolinska professorship is an important milestone and recognition of his work in Sweden and the EU.<\/p>\n\n\n\n<p>Johan Bj\u00f6rkegren\u2019s work is internationally recognized for advancing systems medicine through large-scale multi\u2011omics data, with a particular focus on cardiovascular, inflammatory, and metabolic diseases. His leadership in developing the <a href=\"http:\/\/starnet.mssm.edu\/\">STARNET study<\/a> &#8211; an unparalleled multi\u2011omics resource spanning nearly 2,000 patients &#8211; continues to shape precision medicine and deepen our understanding of complex disease networks.<\/p>\n\n\n\n<p>As part of MIRACLE, Johan Bj\u00f6rkegren contributes unique expertise in network-based modeling and cross\u2011tissue molecular analysis, strengthening our efforts to transform the diagnosis, monitoring, and treatment of cardiometabolic and related diseases.<\/p>\n\n\n\n<figure class=\"wp-block-image size-full is-resized\"><img loading=\"lazy\" decoding=\"async\" width=\"514\" height=\"534\" src=\"https:\/\/sites.uef.fi\/miracle\/wp-content\/uploads\/sites\/443\/2026\/01\/Johan-Bjorkegren-KI.jpg\" alt=\"\" class=\"wp-image-802\" style=\"aspect-ratio:0.9625367293142586;object-fit:cover;width:250px\" srcset=\"https:\/\/sites.uef.fi\/miracle\/wp-content\/uploads\/sites\/443\/2026\/01\/Johan-Bjorkegren-KI.jpg 514w, https:\/\/sites.uef.fi\/miracle\/wp-content\/uploads\/sites\/443\/2026\/01\/Johan-Bjorkegren-KI-289x300.jpg 289w\" sizes=\"auto, (max-width: 514px) 100vw, 514px\" \/><\/figure>\n\n\n\n<p>Johan Bj\u00f6rkegren<\/p>\n\n\n\n<p>____<\/p>\n\n\n\n<h2 class=\"wp-block-heading\">Portfolio Cardiogenomics \u2013 Year 2 results and Year 3 outlook<\/h2>\n\n\n\n<p>New publication out on the overview of the EIC Pathfinder Portfolio Cardiogenomics, summarising key achievements from the second year of the portfolio and outlining the planned activities for year three.<\/p>\n\n\n\n<p>The report highlights strong cross-project collaboration across technical, tech-to-market, and communication activities. For MIRACLE, this includes portfolio-level leadership and concrete progress such as:<\/p>\n\n\n\n<ul class=\"wp-block-list\">\n<li>Advancing the AtheroPortal, a FAIR- and GDPR-compliant web-based platform enabling secure access to human atherosclerotic plaque data<\/li>\n\n\n\n<li>Leading and contributing to portfolio-wide collaborations, including preparations for the Annual Portfolio Meeting 2026 and related stakeholder engagement activities<\/li>\n\n\n\n<li>Active involvement in public outreach and scientific dissemination, strengthening visibility and impact of cardiogenomics research<\/li>\n<\/ul>\n\n\n\n<p>Looking ahead to 2026, the portfolio will build on these foundations to deepen collaboration, engage stakeholders, and accelerate translation towards diagnostics and therapies for cardiovascular disease.<\/p>\n\n\n\n<p>Link to publication: <a href=\"https:\/\/op.europa.eu\/en\/publication-detail\/-\/publication\/373557b8-ec40-11f0-8d3c-01aa75ed71a1\/language-en\">EIC &#8211; European Innovation Council Pathfinder Portfolio \u201cCardiogenomics\u201d \u2013 Year 2 results and Year 3 outlook<\/a><\/p>\n\n\n\n<p>____<\/p>\n\n\n\n<h2 class=\"wp-block-heading\">MIRACLE and Leducq AtheroGEN at the \ud835\uddd9\ud835\uddff\ud835\uddfc\ud835\uddfb\ud835\ude01\ud835\uddf6\ud835\uddf2\ud835\uddff\ud835\ude00 \ud835\uddf6\ud835\uddfb \ud835\uddd6\ud835\uddee\ud835\uddff\ud835\uddf1\ud835\uddf6\ud835\uddfc\ud835\ude03\ud835\uddee\ud835\ude00\ud835\uddf0\ud835\ude02\ud835\uddf9\ud835\uddee\ud835\uddff \ud835\uddd7\ud835\uddf6\ud835\ude00\ud835\uddf2\ud835\uddee\ud835\ude00\ud835\uddf2 \ud835\udde5\ud835\uddf2\ud835\ude00\ud835\uddf2\ud835\uddee\ud835\uddff\ud835\uddf0\ud835\uddf5 in Stockholm<\/h2>\n\n\n\n<p>On 3 &#8211; 5 September 2025, MIRACLE consortium met with US-based <a href=\"https:\/\/www.fondationleducq.org\/\">Leducq Foundation<\/a> <a href=\"https:\/\/www.fondationleducq.org\/network\/atherogen\/\">AtheroGEN<\/a> network in Stockholm. Together the two teams held a \ud835\uddd9\ud835\uddff\ud835\uddfc\ud835\uddfb\ud835\ude01\ud835\uddf6\ud835\uddf2\ud835\uddff\ud835\ude00 \ud835\uddf6\ud835\uddfb \ud835\uddd6\ud835\uddee\ud835\uddff\ud835\uddf1\ud835\uddf6\ud835\uddfc\ud835\ude03\ud835\uddee\ud835\ude00\ud835\uddf0\ud835\ude02\ud835\uddf9\ud835\uddee\ud835\uddff \ud835\uddd7\ud835\uddf6\ud835\ude00\ud835\uddf2\ud835\uddee\ud835\ude00\ud835\uddf2 \ud835\udde5\ud835\uddf2\ud835\ude00\ud835\uddf2\ud835\uddee\ud835\uddff\ud835\uddf0\ud835\uddf5 \ud835\uddd6\ud835\uddfc\ud835\uddfb\ud835\uddf3\ud835\uddf2\ud835\uddff\ud835\uddf2\ud835\uddfb\ud835\uddf0\ud835\uddf2. Lots of great science presented:<\/p>\n\n\n\n<ul class=\"wp-block-list\">\n<li>\ud835\uddda\ud835\uddf2\ud835\uddfb\ud835\uddf2\ud835\ude01\ud835\uddf6\ud835\uddf0\ud835\ude00 &amp; \ud835\udde1\ud835\uddf2\ud835\ude01\ud835\ude04\ud835\uddfc\ud835\uddff\ud835\uddf8\ud835\ude00 \ud835\uddfc\ud835\uddf3 \ud835\uddd6\ud835\uddd4\ud835\uddd7 \u2013 from GWAS to single-cell insights, causal networks, and proteome-driven discoveries.<\/li>\n\n\n\n<li>\ud835\udde6\ud835\uddf6\ud835\uddfb\ud835\uddf4\ud835\uddf9\ud835\uddf2-\ud835\uddd6\ud835\uddf2\ud835\uddf9\ud835\uddf9 &amp; \ud835\udde6\ud835\uddfd\ud835\uddee\ud835\ude01\ud835\uddf6\ud835\uddee\ud835\uddf9 \ud835\udde7\ud835\uddff\ud835\uddee\ud835\uddfb\ud835\ude00\ud835\uddf0\ud835\uddff\ud835\uddf6\ud835\uddfd\ud835\ude01\ud835\uddfc\ud835\uddfa\ud835\uddf6\ud835\uddf0\ud835\ude00 \u2013 mapping vascular cell states, plaque heterogeneity, and sex-specific disease mechanisms.<\/li>\n\n\n\n<li>\ud835\uddd5\ud835\uddf6\ud835\uddfc\ud835\uddfa\ud835\uddee\ud835\uddff\ud835\uddf8\ud835\uddf2\ud835\uddff\ud835\ude00 &amp; \ud835\uddd7\ud835\uddf6\ud835\uddee\ud835\uddf4\ud835\uddfb\ud835\uddfc\ud835\ude00\ud835\ude01\ud835\uddf6\ud835\uddf0\ud835\ude00 \u2013 from cfDNA methylation and plasma profiling to sex-differentiated immune responses.<\/li>\n<\/ul>\n\n\n\n<p>The fruitful collaboration with the AtheronGEN network continues!<\/p>\n\n\n\n<figure class=\"wp-block-image size-large is-resized\"><img loading=\"lazy\" decoding=\"async\" width=\"1024\" height=\"819\" src=\"https:\/\/sites.uef.fi\/miracle\/wp-content\/uploads\/sites\/443\/2025\/09\/Groupphoto-1024x819.jpg\" alt=\"MIRACLE and AtheroGEN members\" class=\"wp-image-793\" style=\"width:650px\" srcset=\"https:\/\/sites.uef.fi\/miracle\/wp-content\/uploads\/sites\/443\/2025\/09\/Groupphoto-1024x819.jpg 1024w, https:\/\/sites.uef.fi\/miracle\/wp-content\/uploads\/sites\/443\/2025\/09\/Groupphoto-300x240.jpg 300w, https:\/\/sites.uef.fi\/miracle\/wp-content\/uploads\/sites\/443\/2025\/09\/Groupphoto-768x614.jpg 768w, https:\/\/sites.uef.fi\/miracle\/wp-content\/uploads\/sites\/443\/2025\/09\/Groupphoto-1536x1229.jpg 1536w, https:\/\/sites.uef.fi\/miracle\/wp-content\/uploads\/sites\/443\/2025\/09\/Groupphoto-2048x1638.jpg 2048w\" sizes=\"auto, (max-width: 1024px) 100vw, 1024px\" \/><\/figure>\n\n\n\n<p>MIRACLE and AtheroGEN members in Stockholm<\/p>\n\n\n\n<p>_____<\/p>\n\n\n\n<h2 class=\"wp-block-heading\">New Partner Announcement: University of Aveiro joins MIRACLE<\/h2>\n\n\n\n<p>The <a href=\"https:\/\/www.ua.pt\/\">University of Aveiro<\/a> has joined the MIRACLE research project as a new partner. Professor <a href=\"https:\/\/lipidomics.web.ua.pt\/\">Rosario Domingues\u2019s research group<\/a> at the University of Aveiro contributes strong expertise in the identification of new biomarkers, particularly through metabolomics methods, and participates in advancing the development of novel risk assessment approaches.<\/p>\n\n\n\n<p>Rosario Domingues: &#8220;We are excited to join the MIRACLE consortium, bringing our expertise in lipidomics within multiomics approaches to develop precise tools for cardiovascular risk prediction and personalized care. Supported by the <a href=\"https:\/\/rea.ec.europa.eu\/funding-and-grants\/horizon-europe-widening-participation-and-spreading-excellence\/hop-facility_en\">Hop-On Facility funding<\/a>, this collaboration with leading partners offers a unique opportunity to strengthen European research and will bring innovative, personalized solutions for cardiovascular health.&#8221;<\/p>\n\n\n\n<p><a href=\"https:\/\/www.uef.fi\/en\/article\/eu-project-coordinated-by-the-university-of-eastern-finland-expands-aiming-for-more-personalised\">Read the news<\/a> on the University of Eastern Finland website.<\/p>\n\n\n\n<figure class=\"wp-block-image size-full\"><img loading=\"lazy\" decoding=\"async\" width=\"200\" height=\"200\" src=\"https:\/\/sites.uef.fi\/miracle\/wp-content\/uploads\/sites\/443\/2025\/08\/RosarioDomingues.jpg\" alt=\"\" class=\"wp-image-781\" srcset=\"https:\/\/sites.uef.fi\/miracle\/wp-content\/uploads\/sites\/443\/2025\/08\/RosarioDomingues.jpg 200w, https:\/\/sites.uef.fi\/miracle\/wp-content\/uploads\/sites\/443\/2025\/08\/RosarioDomingues-150x150.jpg 150w\" sizes=\"auto, (max-width: 200px) 100vw, 200px\" \/><figcaption class=\"wp-element-caption\">Professor Rosario Domingues from the University of Aveiro<\/figcaption><\/figure>\n\n\n\n<p>_____<\/p>\n\n\n\n<h2 class=\"wp-block-heading\">MIRACLE General Assembly meeting in Utrecht<\/h2>\n\n\n\n<p>The MIRACLE team spend two inspiring days at the General Assembly meeting in Utrecht on 26 &#8211; 27 September 2024. One year of the project is behind and it was good time to reflect on the work done and discuss the next steps. <\/p>\n\n\n\n<figure class=\"wp-block-image size-large is-resized\"><img loading=\"lazy\" decoding=\"async\" width=\"1024\" height=\"616\" src=\"https:\/\/sites.uef.fi\/miracle\/wp-content\/uploads\/sites\/443\/2024\/10\/Group_photo_2-1024x616.jpg\" alt=\"MIRACLE group, some 30 participants\" class=\"wp-image-727\" style=\"width:650px\" srcset=\"https:\/\/sites.uef.fi\/miracle\/wp-content\/uploads\/sites\/443\/2024\/10\/Group_photo_2-1024x616.jpg 1024w, https:\/\/sites.uef.fi\/miracle\/wp-content\/uploads\/sites\/443\/2024\/10\/Group_photo_2-300x180.jpg 300w, https:\/\/sites.uef.fi\/miracle\/wp-content\/uploads\/sites\/443\/2024\/10\/Group_photo_2-768x462.jpg 768w, https:\/\/sites.uef.fi\/miracle\/wp-content\/uploads\/sites\/443\/2024\/10\/Group_photo_2-1536x923.jpg 1536w, https:\/\/sites.uef.fi\/miracle\/wp-content\/uploads\/sites\/443\/2024\/10\/Group_photo_2-2048x1231.jpg 2048w\" sizes=\"auto, (max-width: 1024px) 100vw, 1024px\" \/><\/figure>\n\n\n\n<p>_____<\/p>\n\n\n\n<h2 class=\"wp-block-heading\">MIRACLE in LinkedIn<\/h2>\n\n\n\n<p>You can now find <a href=\"http:\/\/: https:\/\/www.linkedin.com\/company\/miracle-project\/\">MIRACLE in LinkedIn<\/a> &#8211; do follow us!<\/p>\n\n\n\n<figure class=\"wp-block-image size-full is-resized\"><img loading=\"lazy\" decoding=\"async\" width=\"721\" height=\"374\" src=\"https:\/\/sites.uef.fi\/miracle\/wp-content\/uploads\/sites\/443\/2024\/09\/MIRACLE-LinkedIn.png\" alt=\"\" class=\"wp-image-711\" style=\"width:250px\" srcset=\"https:\/\/sites.uef.fi\/miracle\/wp-content\/uploads\/sites\/443\/2024\/09\/MIRACLE-LinkedIn.png 721w, https:\/\/sites.uef.fi\/miracle\/wp-content\/uploads\/sites\/443\/2024\/09\/MIRACLE-LinkedIn-300x156.png 300w\" sizes=\"auto, (max-width: 721px) 100vw, 721px\" \/><\/figure>\n\n\n\n<p>_____<\/p>\n\n\n\n<h2 class=\"wp-block-heading\">MIRACLE Kick-off meeting <\/h2>\n\n\n\n<p>The MIRACLE Kick-off meeting took place in Helsinki on 20 &#8211; 21 November 2023.<\/p>\n\n\n\n<figure class=\"wp-block-image size-large is-resized\"><img loading=\"lazy\" decoding=\"async\" width=\"1024\" height=\"568\" src=\"https:\/\/sites.uef.fi\/miracle\/wp-content\/uploads\/sites\/443\/2023\/11\/Ryhmakuva-1024x568.jpeg\" alt=\"About 20 person in a group. Many happy faces.\" class=\"wp-image-413\" style=\"width:650px\" srcset=\"https:\/\/sites.uef.fi\/miracle\/wp-content\/uploads\/sites\/443\/2023\/11\/Ryhmakuva-1024x568.jpeg 1024w, https:\/\/sites.uef.fi\/miracle\/wp-content\/uploads\/sites\/443\/2023\/11\/Ryhmakuva-300x166.jpeg 300w, https:\/\/sites.uef.fi\/miracle\/wp-content\/uploads\/sites\/443\/2023\/11\/Ryhmakuva-768x426.jpeg 768w, https:\/\/sites.uef.fi\/miracle\/wp-content\/uploads\/sites\/443\/2023\/11\/Ryhmakuva-1536x852.jpeg 1536w, https:\/\/sites.uef.fi\/miracle\/wp-content\/uploads\/sites\/443\/2023\/11\/Ryhmakuva-2048x1136.jpeg 2048w\" sizes=\"auto, (max-width: 1024px) 100vw, 1024px\" \/><figcaption class=\"wp-element-caption\">MIRACLE consortium<\/figcaption><\/figure>\n\n\n\n<p><\/p>\n\n\n\n<p>_____<\/p>\n\n\n\n<h2 class=\"wp-block-heading\">EIC Pathfinder Challenge funding for MIRACLE<\/h2>\n\n\n\n<p>The MIRACLE partners secured esteemed funding from the Horizon Europe &#8211; European Innovation Council, EIC, for an innovative consortium project aiming to improve the identification and risk assessment of one of the world&#8217;s deadliest diseases &#8211; atherosclerotic cardiovascular disease (ASCVD).<br><br>&#8220;We are so excited to collaborate with our partners, and together make strides in cardiovascular disease prediction and treatment,&#8221; says professor Minna Kaikkonen-M\u00e4\u00e4tt\u00e4 who acts as the coordinator of the project.<br><br>See <a href=\"http:\/\/UEF to coordinate a multi-\u200bnational effort funded by EIC to combat cardiovascular disease\">UEF news<\/a> \/ 26 June 2023<\/p>\n\n\n\n<figure class=\"wp-block-image size-large is-resized\"><img loading=\"lazy\" decoding=\"async\" width=\"1024\" height=\"684\" src=\"https:\/\/sites.uef.fi\/miracle\/wp-content\/uploads\/sites\/443\/2023\/11\/Kaikkonen-Maatta-Minna-4033-1024x684.jpg\" alt=\"Minna Kaikkonen-M\u00e4\u00e4tt\u00e4\" class=\"wp-image-408\" style=\"width:600px\" srcset=\"https:\/\/sites.uef.fi\/miracle\/wp-content\/uploads\/sites\/443\/2023\/11\/Kaikkonen-Maatta-Minna-4033-1024x684.jpg 1024w, https:\/\/sites.uef.fi\/miracle\/wp-content\/uploads\/sites\/443\/2023\/11\/Kaikkonen-Maatta-Minna-4033-300x200.jpg 300w, https:\/\/sites.uef.fi\/miracle\/wp-content\/uploads\/sites\/443\/2023\/11\/Kaikkonen-Maatta-Minna-4033-768x513.jpg 768w, https:\/\/sites.uef.fi\/miracle\/wp-content\/uploads\/sites\/443\/2023\/11\/Kaikkonen-Maatta-Minna-4033-1536x1026.jpg 1536w, https:\/\/sites.uef.fi\/miracle\/wp-content\/uploads\/sites\/443\/2023\/11\/Kaikkonen-Maatta-Minna-4033.jpg 1920w\" sizes=\"auto, (max-width: 1024px) 100vw, 1024px\" \/><figcaption class=\"wp-element-caption\">MIRACLE coordinator Minna Kaikkonen-M\u00e4\u00e4tt\u00e4<\/figcaption><\/figure>\n\n\n\n<figure class=\"wp-block-image size-medium is-resized\"><img loading=\"lazy\" decoding=\"async\" width=\"300\" height=\"40\" src=\"https:\/\/sites.uef.fi\/miracle\/wp-content\/uploads\/sites\/443\/2024\/06\/EIC-logo-FundedBy-CMYK_EN-300x40.png\" alt=\"\" class=\"wp-image-678\" style=\"width:400px\" srcset=\"https:\/\/sites.uef.fi\/miracle\/wp-content\/uploads\/sites\/443\/2024\/06\/EIC-logo-FundedBy-CMYK_EN-300x40.png 300w, https:\/\/sites.uef.fi\/miracle\/wp-content\/uploads\/sites\/443\/2024\/06\/EIC-logo-FundedBy-CMYK_EN-1024x136.png 1024w, https:\/\/sites.uef.fi\/miracle\/wp-content\/uploads\/sites\/443\/2024\/06\/EIC-logo-FundedBy-CMYK_EN-768x102.png 768w, https:\/\/sites.uef.fi\/miracle\/wp-content\/uploads\/sites\/443\/2024\/06\/EIC-logo-FundedBy-CMYK_EN-1536x205.png 1536w, https:\/\/sites.uef.fi\/miracle\/wp-content\/uploads\/sites\/443\/2024\/06\/EIC-logo-FundedBy-CMYK_EN-2048x273.png 2048w\" sizes=\"auto, (max-width: 300px) 100vw, 300px\" \/><\/figure>\n","protected":false},"excerpt":{"rendered":"<p>Ros\u00e1rio Domingues Full Professor in Biochemistry It is our pleasure to announce that Ros\u00e1rio Domingues, from the Department of Chemistry at the University of Aveiro, has been promoted to Full Professor. This appointment is an important milestone and recognition of her scientific leadership and long-standing contributions to research and higher education. She has dedicated herself [&hellip;]<\/p>\n","protected":false},"author":150,"featured_media":0,"parent":0,"menu_order":0,"comment_status":"closed","ping_status":"closed","template":"","meta":{"_acf_changed":false,"footnotes":""},"class_list":["post-219","page","type-page","status-publish","hentry"],"acf":[],"yoast_head":"<!-- This site is optimized with the Yoast SEO plugin v27.1.1 - https:\/\/yoast.com\/product\/yoast-seo-wordpress\/ -->\n<title>Frontpage - MIRACLE<\/title>\n<meta name=\"robots\" content=\"index, follow, max-snippet:-1, max-image-preview:large, max-video-preview:-1\" \/>\n<link rel=\"canonical\" href=\"https:\/\/sites.uef.fi\/miracle\/\" \/>\n<meta property=\"og:locale\" content=\"en_US\" \/>\n<meta property=\"og:type\" content=\"article\" \/>\n<meta property=\"og:title\" content=\"Frontpage - MIRACLE\" \/>\n<meta property=\"og:description\" content=\"Ros\u00e1rio Domingues Full Professor in Biochemistry It is our pleasure to announce that Ros\u00e1rio Domingues, from the Department of Chemistry at the University of Aveiro, has been promoted to Full Professor. This appointment is an important milestone and recognition of her scientific leadership and long-standing contributions to research and higher education. She has dedicated herself [&hellip;]\" \/>\n<meta property=\"og:url\" content=\"https:\/\/sites.uef.fi\/miracle\/\" \/>\n<meta property=\"og:site_name\" content=\"MIRACLE\" \/>\n<meta property=\"article:modified_time\" content=\"2026-04-14T08:47:49+00:00\" \/>\n<meta property=\"og:image\" content=\"https:\/\/sites.uef.fi\/miracle\/wp-content\/uploads\/sites\/443\/2025\/08\/RosarioDomingues.jpg\" \/>\n\t<meta property=\"og:image:width\" content=\"200\" \/>\n\t<meta property=\"og:image:height\" content=\"200\" \/>\n\t<meta property=\"og:image:type\" content=\"image\/jpeg\" \/>\n<meta name=\"twitter:card\" content=\"summary_large_image\" \/>\n<meta name=\"twitter:label1\" content=\"Est. reading time\" \/>\n\t<meta name=\"twitter:data1\" content=\"6 minutes\" \/>\n<script type=\"application\/ld+json\" class=\"yoast-schema-graph\">{\"@context\":\"https:\/\/schema.org\",\"@graph\":[{\"@type\":\"WebPage\",\"@id\":\"https:\/\/sites.uef.fi\/miracle\/\",\"url\":\"https:\/\/sites.uef.fi\/miracle\/\",\"name\":\"Frontpage - MIRACLE\",\"isPartOf\":{\"@id\":\"https:\/\/sites.uef.fi\/miracle\/#website\"},\"primaryImageOfPage\":{\"@id\":\"https:\/\/sites.uef.fi\/miracle\/#primaryimage\"},\"image\":{\"@id\":\"https:\/\/sites.uef.fi\/miracle\/#primaryimage\"},\"thumbnailUrl\":\"https:\/\/sites.uef.fi\/miracle\/wp-content\/uploads\/sites\/443\/2025\/08\/RosarioDomingues.jpg\",\"datePublished\":\"2023-11-13T11:35:55+00:00\",\"dateModified\":\"2026-04-14T08:47:49+00:00\",\"breadcrumb\":{\"@id\":\"https:\/\/sites.uef.fi\/miracle\/#breadcrumb\"},\"inLanguage\":\"en-US\",\"potentialAction\":[{\"@type\":\"ReadAction\",\"target\":[\"https:\/\/sites.uef.fi\/miracle\/\"]}]},{\"@type\":\"ImageObject\",\"inLanguage\":\"en-US\",\"@id\":\"https:\/\/sites.uef.fi\/miracle\/#primaryimage\",\"url\":\"https:\/\/sites.uef.fi\/miracle\/wp-content\/uploads\/sites\/443\/2025\/08\/RosarioDomingues.jpg\",\"contentUrl\":\"https:\/\/sites.uef.fi\/miracle\/wp-content\/uploads\/sites\/443\/2025\/08\/RosarioDomingues.jpg\",\"width\":200,\"height\":200},{\"@type\":\"BreadcrumbList\",\"@id\":\"https:\/\/sites.uef.fi\/miracle\/#breadcrumb\",\"itemListElement\":[{\"@type\":\"ListItem\",\"position\":1,\"name\":\"Home\",\"item\":\"https:\/\/sites.uef.fi\/miracle\/\"},{\"@type\":\"ListItem\",\"position\":2,\"name\":\"Frontpage\"}]},{\"@type\":\"WebSite\",\"@id\":\"https:\/\/sites.uef.fi\/miracle\/#website\",\"url\":\"https:\/\/sites.uef.fi\/miracle\/\",\"name\":\"MIRACLE\",\"description\":\"\",\"potentialAction\":[{\"@type\":\"SearchAction\",\"target\":{\"@type\":\"EntryPoint\",\"urlTemplate\":\"https:\/\/sites.uef.fi\/miracle\/?s={search_term_string}\"},\"query-input\":{\"@type\":\"PropertyValueSpecification\",\"valueRequired\":true,\"valueName\":\"search_term_string\"}}],\"inLanguage\":\"en-US\"}]}<\/script>\n<!-- \/ Yoast SEO plugin. -->","yoast_head_json":{"title":"Frontpage - MIRACLE","robots":{"index":"index","follow":"follow","max-snippet":"max-snippet:-1","max-image-preview":"max-image-preview:large","max-video-preview":"max-video-preview:-1"},"canonical":"https:\/\/sites.uef.fi\/miracle\/","og_locale":"en_US","og_type":"article","og_title":"Frontpage - MIRACLE","og_description":"Ros\u00e1rio Domingues Full Professor in Biochemistry It is our pleasure to announce that Ros\u00e1rio Domingues, from the Department of Chemistry at the University of Aveiro, has been promoted to Full Professor. This appointment is an important milestone and recognition of her scientific leadership and long-standing contributions to research and higher education. She has dedicated herself [&hellip;]","og_url":"https:\/\/sites.uef.fi\/miracle\/","og_site_name":"MIRACLE","article_modified_time":"2026-04-14T08:47:49+00:00","og_image":[{"width":200,"height":200,"url":"https:\/\/sites.uef.fi\/miracle\/wp-content\/uploads\/sites\/443\/2025\/08\/RosarioDomingues.jpg","type":"image\/jpeg"}],"twitter_card":"summary_large_image","twitter_misc":{"Est. reading time":"6 minutes"},"schema":{"@context":"https:\/\/schema.org","@graph":[{"@type":"WebPage","@id":"https:\/\/sites.uef.fi\/miracle\/","url":"https:\/\/sites.uef.fi\/miracle\/","name":"Frontpage - MIRACLE","isPartOf":{"@id":"https:\/\/sites.uef.fi\/miracle\/#website"},"primaryImageOfPage":{"@id":"https:\/\/sites.uef.fi\/miracle\/#primaryimage"},"image":{"@id":"https:\/\/sites.uef.fi\/miracle\/#primaryimage"},"thumbnailUrl":"https:\/\/sites.uef.fi\/miracle\/wp-content\/uploads\/sites\/443\/2025\/08\/RosarioDomingues.jpg","datePublished":"2023-11-13T11:35:55+00:00","dateModified":"2026-04-14T08:47:49+00:00","breadcrumb":{"@id":"https:\/\/sites.uef.fi\/miracle\/#breadcrumb"},"inLanguage":"en-US","potentialAction":[{"@type":"ReadAction","target":["https:\/\/sites.uef.fi\/miracle\/"]}]},{"@type":"ImageObject","inLanguage":"en-US","@id":"https:\/\/sites.uef.fi\/miracle\/#primaryimage","url":"https:\/\/sites.uef.fi\/miracle\/wp-content\/uploads\/sites\/443\/2025\/08\/RosarioDomingues.jpg","contentUrl":"https:\/\/sites.uef.fi\/miracle\/wp-content\/uploads\/sites\/443\/2025\/08\/RosarioDomingues.jpg","width":200,"height":200},{"@type":"BreadcrumbList","@id":"https:\/\/sites.uef.fi\/miracle\/#breadcrumb","itemListElement":[{"@type":"ListItem","position":1,"name":"Home","item":"https:\/\/sites.uef.fi\/miracle\/"},{"@type":"ListItem","position":2,"name":"Frontpage"}]},{"@type":"WebSite","@id":"https:\/\/sites.uef.fi\/miracle\/#website","url":"https:\/\/sites.uef.fi\/miracle\/","name":"MIRACLE","description":"","potentialAction":[{"@type":"SearchAction","target":{"@type":"EntryPoint","urlTemplate":"https:\/\/sites.uef.fi\/miracle\/?s={search_term_string}"},"query-input":{"@type":"PropertyValueSpecification","valueRequired":true,"valueName":"search_term_string"}}],"inLanguage":"en-US"}]}},"_links":{"self":[{"href":"https:\/\/sites.uef.fi\/miracle\/wp-json\/wp\/v2\/pages\/219","targetHints":{"allow":["GET"]}}],"collection":[{"href":"https:\/\/sites.uef.fi\/miracle\/wp-json\/wp\/v2\/pages"}],"about":[{"href":"https:\/\/sites.uef.fi\/miracle\/wp-json\/wp\/v2\/types\/page"}],"author":[{"embeddable":true,"href":"https:\/\/sites.uef.fi\/miracle\/wp-json\/wp\/v2\/users\/150"}],"replies":[{"embeddable":true,"href":"https:\/\/sites.uef.fi\/miracle\/wp-json\/wp\/v2\/comments?post=219"}],"version-history":[{"count":2,"href":"https:\/\/sites.uef.fi\/miracle\/wp-json\/wp\/v2\/pages\/219\/revisions"}],"predecessor-version":[{"id":826,"href":"https:\/\/sites.uef.fi\/miracle\/wp-json\/wp\/v2\/pages\/219\/revisions\/826"}],"wp:attachment":[{"href":"https:\/\/sites.uef.fi\/miracle\/wp-json\/wp\/v2\/media?parent=219"}],"curies":[{"name":"wp","href":"https:\/\/api.w.org\/{rel}","templated":true}]}}