{"id":296,"date":"2023-11-17T14:27:49","date_gmt":"2023-11-17T12:27:49","guid":{"rendered":"https:\/\/sites.uef.fi\/miracle\/?page_id=296"},"modified":"2024-06-13T13:59:37","modified_gmt":"2024-06-13T11:59:37","slug":"contact","status":"publish","type":"page","link":"https:\/\/sites.uef.fi\/miracle\/contact\/","title":{"rendered":"Contact"},"content":{"rendered":"\n<div class=\"person-card\">\n    \n                    <a href=\"https:\/\/uefconnect.uef.fi\/henkilo\/minna.kaikkonen-maatta\/\" class=\"person-card-link hover-scale-down\">\n                            <div class=\"person-card-item\">\n                    <div class=\"person-card-column-left\">\n                                                    <img decoding=\"async\" class=\"person-card-image\" src=\"https:\/\/sites.uef.fi\/miracle\/wp-content\/uploads\/sites\/443\/2023\/11\/Minnakuva.jpg\" alt=\"Minna Kaikkonen-M\u00e4\u00e4tt\u00e4\" \/>\n                                            <\/div>\n\n                    <div class=\"person-card-column-right\">\n                                                <p class=\"person-card-name\">Minna Kaikkonen-M\u00e4\u00e4tt\u00e4<\/p>\n                        \n                                                <p class=\"person-card-position\">MIRACLE Coordinator, Professor<\/p>\n                        \n                                                <p class=\"person-card-organisation\">University of Eastern Finland<\/p>\n                        \n                        \n                                                    <div>\n\t\t\t\t\t\t\t<svg xmlns=\"http:\/\/www.w3.org\/2000\/svg\" height=\"25px\" viewBox=\"0 -960 960 960\" width=\"24px\" ><path fill=\"currentColor\" d=\"M200-120q-33 0-56.5-23.5T120-200v-560q0-33 23.5-56.5T200-840h280v80H200v560h560v-280h80v280q0 33-23.5 56.5T760-120H200Zm188-212-56-56 372-372H560v-80h280v280h-80v-144L388-332Z\"\/><\/svg>\t\t\t\t\t\t\t<\/div>\n                                            <\/div>\n                <\/div>\n                            <\/a>\n                                        <a href=\"https:\/\/uefconnect.uef.fi\/en\/person\/maija.hartikainen\/\" class=\"person-card-link hover-scale-down\">\n                            <div class=\"person-card-item\">\n                    <div class=\"person-card-column-left\">\n                                                    <img decoding=\"async\" class=\"person-card-image\" src=\"https:\/\/sites.uef.fi\/miracle\/wp-content\/uploads\/sites\/443\/2023\/11\/Hartikainen_Maija_0101-500x500px.jpg\" alt=\"Maija Hartikainen\" \/>\n                                            <\/div>\n\n                    <div class=\"person-card-column-right\">\n                                                <p class=\"person-card-name\">Maija Hartikainen<\/p>\n                        \n                                                <p class=\"person-card-position\">Project management services<\/p>\n                        \n                                                <p class=\"person-card-organisation\">University of Eastern Finland<\/p>\n                        \n                        \n                                                    <div>\n\t\t\t\t\t\t\t<svg xmlns=\"http:\/\/www.w3.org\/2000\/svg\" height=\"25px\" viewBox=\"0 -960 960 960\" width=\"24px\" ><path fill=\"currentColor\" d=\"M200-120q-33 0-56.5-23.5T120-200v-560q0-33 23.5-56.5T200-840h280v80H200v560h560v-280h80v280q0 33-23.5 56.5T760-120H200Zm188-212-56-56 372-372H560v-80h280v280h-80v-144L388-332Z\"\/><\/svg>\t\t\t\t\t\t\t<\/div>\n                                            <\/div>\n                <\/div>\n                            <\/a>\n                            <\/div>\n\n\n\n<p><strong>Address<\/strong><\/p>\n\n\n\n<p>MIRACLE project<br>Minna Kaikkonen-M\u00e4\u00e4tt\u00e4 OR Maija Hartikainen<br>University of Eastern Finland UEF<br>P.O. Box 1627<br>70211 Kuopio<br>Finland<\/p>\n\n\n\n<figure class=\"wp-block-image size-full is-resized\"><img loading=\"lazy\" decoding=\"async\" width=\"3844\" height=\"512\" src=\"https:\/\/sites.uef.fi\/miracle\/wp-content\/uploads\/sites\/443\/2024\/06\/EIC-logo-FundedBy-CMYK_EN-1.png\" alt=\"EIC EU logo\" class=\"wp-image-687\" style=\"width:250px\" srcset=\"https:\/\/sites.uef.fi\/miracle\/wp-content\/uploads\/sites\/443\/2024\/06\/EIC-logo-FundedBy-CMYK_EN-1.png 3844w, https:\/\/sites.uef.fi\/miracle\/wp-content\/uploads\/sites\/443\/2024\/06\/EIC-logo-FundedBy-CMYK_EN-1-300x40.png 300w, https:\/\/sites.uef.fi\/miracle\/wp-content\/uploads\/sites\/443\/2024\/06\/EIC-logo-FundedBy-CMYK_EN-1-1024x136.png 1024w, https:\/\/sites.uef.fi\/miracle\/wp-content\/uploads\/sites\/443\/2024\/06\/EIC-logo-FundedBy-CMYK_EN-1-768x102.png 768w, https:\/\/sites.uef.fi\/miracle\/wp-content\/uploads\/sites\/443\/2024\/06\/EIC-logo-FundedBy-CMYK_EN-1-1536x205.png 1536w, https:\/\/sites.uef.fi\/miracle\/wp-content\/uploads\/sites\/443\/2024\/06\/EIC-logo-FundedBy-CMYK_EN-1-2048x273.png 2048w\" sizes=\"auto, (max-width: 3844px) 100vw, 3844px\" \/><\/figure>\n","protected":false},"excerpt":{"rendered":"<p>Address MIRACLE projectMinna Kaikkonen-M\u00e4\u00e4tt\u00e4 OR Maija HartikainenUniversity of Eastern Finland UEFP.O. Box 162770211 KuopioFinland<\/p>\n","protected":false},"author":150,"featured_media":0,"parent":0,"menu_order":0,"comment_status":"closed","ping_status":"closed","template":"","meta":{"_acf_changed":false,"footnotes":""},"class_list":["post-296","page","type-page","status-publish","hentry"],"acf":[],"yoast_head":"<!-- This site is optimized with the Yoast SEO plugin v27.1.1 - https:\/\/yoast.com\/product\/yoast-seo-wordpress\/ -->\n<title>Contact - MIRACLE<\/title>\n<meta name=\"robots\" content=\"index, follow, max-snippet:-1, max-image-preview:large, max-video-preview:-1\" \/>\n<link rel=\"canonical\" href=\"https:\/\/sites.uef.fi\/miracle\/contact\/\" \/>\n<meta property=\"og:locale\" content=\"en_US\" \/>\n<meta property=\"og:type\" content=\"article\" \/>\n<meta property=\"og:title\" content=\"Contact - MIRACLE\" \/>\n<meta property=\"og:description\" content=\"Address MIRACLE projectMinna Kaikkonen-M\u00e4\u00e4tt\u00e4 OR Maija HartikainenUniversity of Eastern Finland UEFP.O. Box 162770211 KuopioFinland\" \/>\n<meta property=\"og:url\" content=\"https:\/\/sites.uef.fi\/miracle\/contact\/\" \/>\n<meta property=\"og:site_name\" content=\"MIRACLE\" \/>\n<meta property=\"article:modified_time\" content=\"2024-06-13T11:59:37+00:00\" \/>\n<meta property=\"og:image\" content=\"https:\/\/sites.uef.fi\/miracle\/wp-content\/uploads\/sites\/443\/2024\/06\/EIC-logo-FundedBy-CMYK_EN-1.png\" \/>\n<meta name=\"twitter:card\" content=\"summary_large_image\" \/>\n<meta name=\"twitter:label1\" content=\"Est. reading time\" \/>\n\t<meta name=\"twitter:data1\" content=\"1 minute\" \/>\n<script type=\"application\/ld+json\" class=\"yoast-schema-graph\">{\"@context\":\"https:\/\/schema.org\",\"@graph\":[{\"@type\":\"WebPage\",\"@id\":\"https:\/\/sites.uef.fi\/miracle\/contact\/\",\"url\":\"https:\/\/sites.uef.fi\/miracle\/contact\/\",\"name\":\"Contact - MIRACLE\",\"isPartOf\":{\"@id\":\"https:\/\/sites.uef.fi\/miracle\/#website\"},\"primaryImageOfPage\":{\"@id\":\"https:\/\/sites.uef.fi\/miracle\/contact\/#primaryimage\"},\"image\":{\"@id\":\"https:\/\/sites.uef.fi\/miracle\/contact\/#primaryimage\"},\"thumbnailUrl\":\"https:\/\/sites.uef.fi\/miracle\/wp-content\/uploads\/sites\/443\/2024\/06\/EIC-logo-FundedBy-CMYK_EN-1.png\",\"datePublished\":\"2023-11-17T12:27:49+00:00\",\"dateModified\":\"2024-06-13T11:59:37+00:00\",\"breadcrumb\":{\"@id\":\"https:\/\/sites.uef.fi\/miracle\/contact\/#breadcrumb\"},\"inLanguage\":\"en-US\",\"potentialAction\":[{\"@type\":\"ReadAction\",\"target\":[\"https:\/\/sites.uef.fi\/miracle\/contact\/\"]}]},{\"@type\":\"ImageObject\",\"inLanguage\":\"en-US\",\"@id\":\"https:\/\/sites.uef.fi\/miracle\/contact\/#primaryimage\",\"url\":\"https:\/\/sites.uef.fi\/miracle\/wp-content\/uploads\/sites\/443\/2024\/06\/EIC-logo-FundedBy-CMYK_EN-1.png\",\"contentUrl\":\"https:\/\/sites.uef.fi\/miracle\/wp-content\/uploads\/sites\/443\/2024\/06\/EIC-logo-FundedBy-CMYK_EN-1.png\",\"width\":3844,\"height\":512,\"caption\":\"EIC EU logo\"},{\"@type\":\"BreadcrumbList\",\"@id\":\"https:\/\/sites.uef.fi\/miracle\/contact\/#breadcrumb\",\"itemListElement\":[{\"@type\":\"ListItem\",\"position\":1,\"name\":\"Home\",\"item\":\"https:\/\/sites.uef.fi\/miracle\/\"},{\"@type\":\"ListItem\",\"position\":2,\"name\":\"Contact\"}]},{\"@type\":\"WebSite\",\"@id\":\"https:\/\/sites.uef.fi\/miracle\/#website\",\"url\":\"https:\/\/sites.uef.fi\/miracle\/\",\"name\":\"MIRACLE\",\"description\":\"\",\"potentialAction\":[{\"@type\":\"SearchAction\",\"target\":{\"@type\":\"EntryPoint\",\"urlTemplate\":\"https:\/\/sites.uef.fi\/miracle\/?s={search_term_string}\"},\"query-input\":{\"@type\":\"PropertyValueSpecification\",\"valueRequired\":true,\"valueName\":\"search_term_string\"}}],\"inLanguage\":\"en-US\"}]}<\/script>\n<!-- \/ Yoast SEO plugin. -->","yoast_head_json":{"title":"Contact - MIRACLE","robots":{"index":"index","follow":"follow","max-snippet":"max-snippet:-1","max-image-preview":"max-image-preview:large","max-video-preview":"max-video-preview:-1"},"canonical":"https:\/\/sites.uef.fi\/miracle\/contact\/","og_locale":"en_US","og_type":"article","og_title":"Contact - MIRACLE","og_description":"Address MIRACLE projectMinna Kaikkonen-M\u00e4\u00e4tt\u00e4 OR Maija HartikainenUniversity of Eastern Finland UEFP.O. Box 162770211 KuopioFinland","og_url":"https:\/\/sites.uef.fi\/miracle\/contact\/","og_site_name":"MIRACLE","article_modified_time":"2024-06-13T11:59:37+00:00","og_image":[{"url":"https:\/\/sites.uef.fi\/miracle\/wp-content\/uploads\/sites\/443\/2024\/06\/EIC-logo-FundedBy-CMYK_EN-1.png","type":"","width":"","height":""}],"twitter_card":"summary_large_image","twitter_misc":{"Est. reading time":"1 minute"},"schema":{"@context":"https:\/\/schema.org","@graph":[{"@type":"WebPage","@id":"https:\/\/sites.uef.fi\/miracle\/contact\/","url":"https:\/\/sites.uef.fi\/miracle\/contact\/","name":"Contact - MIRACLE","isPartOf":{"@id":"https:\/\/sites.uef.fi\/miracle\/#website"},"primaryImageOfPage":{"@id":"https:\/\/sites.uef.fi\/miracle\/contact\/#primaryimage"},"image":{"@id":"https:\/\/sites.uef.fi\/miracle\/contact\/#primaryimage"},"thumbnailUrl":"https:\/\/sites.uef.fi\/miracle\/wp-content\/uploads\/sites\/443\/2024\/06\/EIC-logo-FundedBy-CMYK_EN-1.png","datePublished":"2023-11-17T12:27:49+00:00","dateModified":"2024-06-13T11:59:37+00:00","breadcrumb":{"@id":"https:\/\/sites.uef.fi\/miracle\/contact\/#breadcrumb"},"inLanguage":"en-US","potentialAction":[{"@type":"ReadAction","target":["https:\/\/sites.uef.fi\/miracle\/contact\/"]}]},{"@type":"ImageObject","inLanguage":"en-US","@id":"https:\/\/sites.uef.fi\/miracle\/contact\/#primaryimage","url":"https:\/\/sites.uef.fi\/miracle\/wp-content\/uploads\/sites\/443\/2024\/06\/EIC-logo-FundedBy-CMYK_EN-1.png","contentUrl":"https:\/\/sites.uef.fi\/miracle\/wp-content\/uploads\/sites\/443\/2024\/06\/EIC-logo-FundedBy-CMYK_EN-1.png","width":3844,"height":512,"caption":"EIC EU logo"},{"@type":"BreadcrumbList","@id":"https:\/\/sites.uef.fi\/miracle\/contact\/#breadcrumb","itemListElement":[{"@type":"ListItem","position":1,"name":"Home","item":"https:\/\/sites.uef.fi\/miracle\/"},{"@type":"ListItem","position":2,"name":"Contact"}]},{"@type":"WebSite","@id":"https:\/\/sites.uef.fi\/miracle\/#website","url":"https:\/\/sites.uef.fi\/miracle\/","name":"MIRACLE","description":"","potentialAction":[{"@type":"SearchAction","target":{"@type":"EntryPoint","urlTemplate":"https:\/\/sites.uef.fi\/miracle\/?s={search_term_string}"},"query-input":{"@type":"PropertyValueSpecification","valueRequired":true,"valueName":"search_term_string"}}],"inLanguage":"en-US"}]}},"_links":{"self":[{"href":"https:\/\/sites.uef.fi\/miracle\/wp-json\/wp\/v2\/pages\/296","targetHints":{"allow":["GET"]}}],"collection":[{"href":"https:\/\/sites.uef.fi\/miracle\/wp-json\/wp\/v2\/pages"}],"about":[{"href":"https:\/\/sites.uef.fi\/miracle\/wp-json\/wp\/v2\/types\/page"}],"author":[{"embeddable":true,"href":"https:\/\/sites.uef.fi\/miracle\/wp-json\/wp\/v2\/users\/150"}],"replies":[{"embeddable":true,"href":"https:\/\/sites.uef.fi\/miracle\/wp-json\/wp\/v2\/comments?post=296"}],"version-history":[{"count":2,"href":"https:\/\/sites.uef.fi\/miracle\/wp-json\/wp\/v2\/pages\/296\/revisions"}],"predecessor-version":[{"id":699,"href":"https:\/\/sites.uef.fi\/miracle\/wp-json\/wp\/v2\/pages\/296\/revisions\/699"}],"wp:attachment":[{"href":"https:\/\/sites.uef.fi\/miracle\/wp-json\/wp\/v2\/media?parent=296"}],"curies":[{"name":"wp","href":"https:\/\/api.w.org\/{rel}","templated":true}]}}