{"id":320,"date":"2023-11-17T14:53:52","date_gmt":"2023-11-17T12:53:52","guid":{"rendered":"https:\/\/sites.uef.fi\/miracle\/?page_id=320"},"modified":"2025-08-13T13:25:23","modified_gmt":"2025-08-13T11:25:23","slug":"project-facts","status":"publish","type":"page","link":"https:\/\/sites.uef.fi\/miracle\/project-facts\/","title":{"rendered":"Project facts"},"content":{"rendered":"\n<p id=\"yui_patched_v3_11_0_1_1587979904648_500\">MIRACLE is funded by the Horizon Europe \/ European Innovation Council (EIC).<\/p>\n\n\n\n<ul class=\"wp-block-list\">\n<li>Acronym: MIRACLE<\/li>\n\n\n\n<li>Full title: MultiomIcs based Risk stratification of Atherosclerotic CardiovascuLar disEase<\/li>\n\n\n\n<li>Programme: <a href=\"https:\/\/cordis.europa.eu\/programme\/id\/HORIZON.3.1\/en\">HORIZON.3.1 &#8211; The European Innovation Council (EIC)<\/a><\/li>\n\n\n\n<li>Topic: <a href=\"https:\/\/cordis.europa.eu\/programme\/id\/HORIZON_HORIZON-EIC-2022-PATHFINDERCHALLENGES-01-03\/en\">HORIZON-EIC-2022-PATHFINDERCHALLENGES-01-03 &#8211; EIC Pathfinder Challenge: Cardiogenomics<\/a><\/li>\n\n\n\n<li>Call: <a href=\"https:\/\/ec.europa.eu\/info\/funding-tenders\/opportunities\/portal\/screen\/opportunities\/topic-search;callCode=HORIZON-EIC-2022-PATHFINDERCHALLENGES-01\">HORIZON-EIC-2022-PATHFINDERCHALLENGES-01<\/a><\/li>\n\n\n\n<li>Grant Agreement ID: 101115381<\/li>\n\n\n\n<li>Duration: 1 October 2023 \u2013 30 September 2027<\/li>\n\n\n\n<li>Budget: 4 599 866 \u20ac<\/li>\n\n\n\n<li>Coordinator: <a href=\"https:\/\/www.uef.fi\/en\/etusivu\" target=\"_blank\" rel=\"noreferrer noopener\">University of Eastern Finland<\/a>, <a href=\"https:\/\/uefconnect.uef.fi\/en\/person\/minna.kaikkonen-maatta\/\">Minna Kaikkonen-M\u00e4\u00e4tt\u00e4<\/a><\/li>\n<\/ul>\n\n\n\n<p><a href=\"https:\/\/cordis.europa.eu\/project\/id\/101115381\" target=\"_blank\" rel=\"noreferrer noopener\">MIRACLE fact sheet on CORDIS<\/a><\/p>\n\n\n\n<figure class=\"wp-block-image size-full is-resized\"><img loading=\"lazy\" decoding=\"async\" width=\"3844\" height=\"512\" src=\"https:\/\/sites.uef.fi\/miracle\/wp-content\/uploads\/sites\/443\/2024\/06\/EIC-logo-FundedBy-CMYK_EN-1.png\" alt=\"EIC EU logo\" class=\"wp-image-687\" style=\"width:400px\" srcset=\"https:\/\/sites.uef.fi\/miracle\/wp-content\/uploads\/sites\/443\/2024\/06\/EIC-logo-FundedBy-CMYK_EN-1.png 3844w, https:\/\/sites.uef.fi\/miracle\/wp-content\/uploads\/sites\/443\/2024\/06\/EIC-logo-FundedBy-CMYK_EN-1-300x40.png 300w, https:\/\/sites.uef.fi\/miracle\/wp-content\/uploads\/sites\/443\/2024\/06\/EIC-logo-FundedBy-CMYK_EN-1-1024x136.png 1024w, https:\/\/sites.uef.fi\/miracle\/wp-content\/uploads\/sites\/443\/2024\/06\/EIC-logo-FundedBy-CMYK_EN-1-768x102.png 768w, https:\/\/sites.uef.fi\/miracle\/wp-content\/uploads\/sites\/443\/2024\/06\/EIC-logo-FundedBy-CMYK_EN-1-1536x205.png 1536w, https:\/\/sites.uef.fi\/miracle\/wp-content\/uploads\/sites\/443\/2024\/06\/EIC-logo-FundedBy-CMYK_EN-1-2048x273.png 2048w\" sizes=\"auto, (max-width: 3844px) 100vw, 3844px\" \/><\/figure>\n","protected":false},"excerpt":{"rendered":"<p>MIRACLE is funded by the Horizon Europe \/ European Innovation Council (EIC). MIRACLE fact sheet on CORDIS<\/p>\n","protected":false},"author":150,"featured_media":0,"parent":0,"menu_order":0,"comment_status":"closed","ping_status":"closed","template":"","meta":{"_acf_changed":false,"footnotes":""},"class_list":["post-320","page","type-page","status-publish","hentry"],"acf":[],"yoast_head":"<!-- This site is optimized with the Yoast SEO plugin v27.1.1 - https:\/\/yoast.com\/product\/yoast-seo-wordpress\/ -->\n<title>Project facts - MIRACLE<\/title>\n<meta name=\"robots\" content=\"index, follow, max-snippet:-1, max-image-preview:large, max-video-preview:-1\" \/>\n<link rel=\"canonical\" href=\"https:\/\/sites.uef.fi\/miracle\/project-facts\/\" \/>\n<meta property=\"og:locale\" content=\"en_US\" \/>\n<meta property=\"og:type\" content=\"article\" \/>\n<meta property=\"og:title\" content=\"Project facts - MIRACLE\" \/>\n<meta property=\"og:description\" content=\"MIRACLE is funded by the Horizon Europe \/ European Innovation Council (EIC). MIRACLE fact sheet on CORDIS\" \/>\n<meta property=\"og:url\" content=\"https:\/\/sites.uef.fi\/miracle\/project-facts\/\" \/>\n<meta property=\"og:site_name\" content=\"MIRACLE\" \/>\n<meta property=\"article:modified_time\" content=\"2025-08-13T11:25:23+00:00\" \/>\n<meta property=\"og:image\" content=\"https:\/\/sites.uef.fi\/miracle\/wp-content\/uploads\/sites\/443\/2024\/06\/EIC-logo-FundedBy-CMYK_EN-1.png\" \/>\n\t<meta property=\"og:image:width\" content=\"3844\" \/>\n\t<meta property=\"og:image:height\" content=\"512\" \/>\n\t<meta property=\"og:image:type\" content=\"image\/png\" \/>\n<meta name=\"twitter:card\" content=\"summary_large_image\" \/>\n<meta name=\"twitter:label1\" content=\"Est. reading time\" \/>\n\t<meta name=\"twitter:data1\" content=\"1 minute\" \/>\n<script type=\"application\/ld+json\" class=\"yoast-schema-graph\">{\"@context\":\"https:\/\/schema.org\",\"@graph\":[{\"@type\":\"WebPage\",\"@id\":\"https:\/\/sites.uef.fi\/miracle\/project-facts\/\",\"url\":\"https:\/\/sites.uef.fi\/miracle\/project-facts\/\",\"name\":\"Project facts - MIRACLE\",\"isPartOf\":{\"@id\":\"https:\/\/sites.uef.fi\/miracle\/#website\"},\"primaryImageOfPage\":{\"@id\":\"https:\/\/sites.uef.fi\/miracle\/project-facts\/#primaryimage\"},\"image\":{\"@id\":\"https:\/\/sites.uef.fi\/miracle\/project-facts\/#primaryimage\"},\"thumbnailUrl\":\"https:\/\/sites.uef.fi\/miracle\/wp-content\/uploads\/sites\/443\/2024\/06\/EIC-logo-FundedBy-CMYK_EN-1.png\",\"datePublished\":\"2023-11-17T12:53:52+00:00\",\"dateModified\":\"2025-08-13T11:25:23+00:00\",\"breadcrumb\":{\"@id\":\"https:\/\/sites.uef.fi\/miracle\/project-facts\/#breadcrumb\"},\"inLanguage\":\"en-US\",\"potentialAction\":[{\"@type\":\"ReadAction\",\"target\":[\"https:\/\/sites.uef.fi\/miracle\/project-facts\/\"]}]},{\"@type\":\"ImageObject\",\"inLanguage\":\"en-US\",\"@id\":\"https:\/\/sites.uef.fi\/miracle\/project-facts\/#primaryimage\",\"url\":\"https:\/\/sites.uef.fi\/miracle\/wp-content\/uploads\/sites\/443\/2024\/06\/EIC-logo-FundedBy-CMYK_EN-1.png\",\"contentUrl\":\"https:\/\/sites.uef.fi\/miracle\/wp-content\/uploads\/sites\/443\/2024\/06\/EIC-logo-FundedBy-CMYK_EN-1.png\",\"width\":3844,\"height\":512,\"caption\":\"EIC EU logo\"},{\"@type\":\"BreadcrumbList\",\"@id\":\"https:\/\/sites.uef.fi\/miracle\/project-facts\/#breadcrumb\",\"itemListElement\":[{\"@type\":\"ListItem\",\"position\":1,\"name\":\"Home\",\"item\":\"https:\/\/sites.uef.fi\/miracle\/\"},{\"@type\":\"ListItem\",\"position\":2,\"name\":\"Project facts\"}]},{\"@type\":\"WebSite\",\"@id\":\"https:\/\/sites.uef.fi\/miracle\/#website\",\"url\":\"https:\/\/sites.uef.fi\/miracle\/\",\"name\":\"MIRACLE\",\"description\":\"\",\"potentialAction\":[{\"@type\":\"SearchAction\",\"target\":{\"@type\":\"EntryPoint\",\"urlTemplate\":\"https:\/\/sites.uef.fi\/miracle\/?s={search_term_string}\"},\"query-input\":{\"@type\":\"PropertyValueSpecification\",\"valueRequired\":true,\"valueName\":\"search_term_string\"}}],\"inLanguage\":\"en-US\"}]}<\/script>\n<!-- \/ Yoast SEO plugin. -->","yoast_head_json":{"title":"Project facts - MIRACLE","robots":{"index":"index","follow":"follow","max-snippet":"max-snippet:-1","max-image-preview":"max-image-preview:large","max-video-preview":"max-video-preview:-1"},"canonical":"https:\/\/sites.uef.fi\/miracle\/project-facts\/","og_locale":"en_US","og_type":"article","og_title":"Project facts - MIRACLE","og_description":"MIRACLE is funded by the Horizon Europe \/ European Innovation Council (EIC). MIRACLE fact sheet on CORDIS","og_url":"https:\/\/sites.uef.fi\/miracle\/project-facts\/","og_site_name":"MIRACLE","article_modified_time":"2025-08-13T11:25:23+00:00","og_image":[{"width":3844,"height":512,"url":"https:\/\/sites.uef.fi\/miracle\/wp-content\/uploads\/sites\/443\/2024\/06\/EIC-logo-FundedBy-CMYK_EN-1.png","type":"image\/png"}],"twitter_card":"summary_large_image","twitter_misc":{"Est. reading time":"1 minute"},"schema":{"@context":"https:\/\/schema.org","@graph":[{"@type":"WebPage","@id":"https:\/\/sites.uef.fi\/miracle\/project-facts\/","url":"https:\/\/sites.uef.fi\/miracle\/project-facts\/","name":"Project facts - MIRACLE","isPartOf":{"@id":"https:\/\/sites.uef.fi\/miracle\/#website"},"primaryImageOfPage":{"@id":"https:\/\/sites.uef.fi\/miracle\/project-facts\/#primaryimage"},"image":{"@id":"https:\/\/sites.uef.fi\/miracle\/project-facts\/#primaryimage"},"thumbnailUrl":"https:\/\/sites.uef.fi\/miracle\/wp-content\/uploads\/sites\/443\/2024\/06\/EIC-logo-FundedBy-CMYK_EN-1.png","datePublished":"2023-11-17T12:53:52+00:00","dateModified":"2025-08-13T11:25:23+00:00","breadcrumb":{"@id":"https:\/\/sites.uef.fi\/miracle\/project-facts\/#breadcrumb"},"inLanguage":"en-US","potentialAction":[{"@type":"ReadAction","target":["https:\/\/sites.uef.fi\/miracle\/project-facts\/"]}]},{"@type":"ImageObject","inLanguage":"en-US","@id":"https:\/\/sites.uef.fi\/miracle\/project-facts\/#primaryimage","url":"https:\/\/sites.uef.fi\/miracle\/wp-content\/uploads\/sites\/443\/2024\/06\/EIC-logo-FundedBy-CMYK_EN-1.png","contentUrl":"https:\/\/sites.uef.fi\/miracle\/wp-content\/uploads\/sites\/443\/2024\/06\/EIC-logo-FundedBy-CMYK_EN-1.png","width":3844,"height":512,"caption":"EIC EU logo"},{"@type":"BreadcrumbList","@id":"https:\/\/sites.uef.fi\/miracle\/project-facts\/#breadcrumb","itemListElement":[{"@type":"ListItem","position":1,"name":"Home","item":"https:\/\/sites.uef.fi\/miracle\/"},{"@type":"ListItem","position":2,"name":"Project facts"}]},{"@type":"WebSite","@id":"https:\/\/sites.uef.fi\/miracle\/#website","url":"https:\/\/sites.uef.fi\/miracle\/","name":"MIRACLE","description":"","potentialAction":[{"@type":"SearchAction","target":{"@type":"EntryPoint","urlTemplate":"https:\/\/sites.uef.fi\/miracle\/?s={search_term_string}"},"query-input":{"@type":"PropertyValueSpecification","valueRequired":true,"valueName":"search_term_string"}}],"inLanguage":"en-US"}]}},"_links":{"self":[{"href":"https:\/\/sites.uef.fi\/miracle\/wp-json\/wp\/v2\/pages\/320","targetHints":{"allow":["GET"]}}],"collection":[{"href":"https:\/\/sites.uef.fi\/miracle\/wp-json\/wp\/v2\/pages"}],"about":[{"href":"https:\/\/sites.uef.fi\/miracle\/wp-json\/wp\/v2\/types\/page"}],"author":[{"embeddable":true,"href":"https:\/\/sites.uef.fi\/miracle\/wp-json\/wp\/v2\/users\/150"}],"replies":[{"embeddable":true,"href":"https:\/\/sites.uef.fi\/miracle\/wp-json\/wp\/v2\/comments?post=320"}],"version-history":[{"count":1,"href":"https:\/\/sites.uef.fi\/miracle\/wp-json\/wp\/v2\/pages\/320\/revisions"}],"predecessor-version":[{"id":776,"href":"https:\/\/sites.uef.fi\/miracle\/wp-json\/wp\/v2\/pages\/320\/revisions\/776"}],"wp:attachment":[{"href":"https:\/\/sites.uef.fi\/miracle\/wp-json\/wp\/v2\/media?parent=320"}],"curies":[{"name":"wp","href":"https:\/\/api.w.org\/{rel}","templated":true}]}}