{"id":734,"date":"2024-11-06T09:15:49","date_gmt":"2024-11-06T07:15:49","guid":{"rendered":"https:\/\/sites.uef.fi\/miracle\/?page_id=734"},"modified":"2026-04-09T12:23:40","modified_gmt":"2026-04-09T10:23:40","slug":"outcomes","status":"publish","type":"page","link":"https:\/\/sites.uef.fi\/miracle\/outcomes\/","title":{"rendered":"Outcomes"},"content":{"rendered":"\n<h3 class=\"wp-block-heading\">Scientific Publications<\/h3>\n\n\n\n<h3 class=\"wp-block-heading\">2026<\/h3>\n\n\n\n<p><a href=\"https:\/\/doi.org\/10.1093\/eurheartj\/ehag117\">Carotid plaque macrophage burden and inflammatory lipid-associated macrophage markers predict secondary major adverse cardiovascular events after endarterectomy<\/a><br><strong>Authors:<\/strong> Koen H M Prange, Gemma Bel-Bordes, Marie A C Depuydt, Panos Barlampas, Moritz J Reif ,Max L B Gr\u00f6nloh, Rosalie W M Kempkes, Guillermo R Griffith, Cindy van Roomen, Yayuan Zhu, Andreas Edsfeldt, Jiangming Sun, Maaike J M de Jong, Barend M Mol, Bram Sl\u00fctter, Ilze Bot, Annette E Neele, Dominique P V de Kleijn, Gert J de Borst, Jeffrey Kroon, Anouk Wezel, Harm J Smeets, Erik S G Stroes, Jaap D van Buul, Pieter Goossens, Johan Kuiper, Isabel Goncalves, Gerard Pasterkamp, Michal Mokry, Menno P J de Winther<br><strong>Journal: <\/strong>European Heart Journal<\/p>\n\n\n\n<p><a href=\"https:\/\/doi.org\/10.1016\/j.euroneuro.2026.112780\">Major depression and atherosclerotic disease: Linking shared genetics to pathways in blood, brain, heart, and atherosclerotic plaques<\/a><br><strong>Authors:<\/strong> Emma Pruin, Meike Bartels, Ernest Diez Benavente, Noortje A.M. van den Dungen, Joost K.R. Hoekstra, Dominique D.P. de Kleijn, Lennart P.L. Landsmeer, Michal Mokry, Gerard Pasterkamp, Brenda W.J.H. Penninx, Wouter J. Peyrot, Hester M. den Ruijter, Sander W. van der Laan, Yuri Milaneschi<br><strong>Journal: <\/strong>European Neuropsychopharmacology<\/p>\n\n\n\n<p><a href=\"https:\/\/www.nature.com\/articles\/s41467-026-70216-6\">Cell type-specific epigenetic regulatory circuitry of coronary artery disease loci<\/a><br><strong>Authors:<\/strong> Dennis Hecker, Xiaoning Song, Nina Baumgarten, Anastasiia Diagel, Nikoletta Katsaouni, Ling Li, Shuangyue Li, Ranjan Kumar Maji, Fatemeh Behjati Ardakani, Lijiang Ma, Zhaolong Li, Aldo Moggio, Daniel Tews, Hendrik Sager, Lars Maegdefessel, Martin Wabitsch, Johan L. M. Bj\u00f6rkegren, Heribert Schunkert, Zhifen Chen &amp; Marcel H. Schulz<br><strong>Journal: <\/strong>Nature Communications<\/p>\n\n\n\n<p><a href=\"https:\/\/www.nature.com\/articles\/s41593-025-02123-w\">A fully iPS-cell-derived 3D model of the human blood\u2013brain barrier for exploring neurovascular disease mechanisms and therapeutic interventions<\/a><br><strong>Authors:<\/strong> Judit Gonz\u00e1lez-Gallego, Katalin Todorov-V\u00f6lgyi, Stephan A. M\u00fcller, Sophie Antesberger, Mihail Ivilinov Todorov, Rainer Malik, Rita Grimalt-Mirada, Carolina Cardoso Gon\u00e7alves, Martina Schifferer, Georg Kislinger, Isabel Weisheit, Barbara Lindner, Dennis Crusius, Joseph Kroeger, Mila Borri, Ali Erturk, Mark Nelson, Thomas Misgeld, Stefan F. Lichtenthaler, Martin Dichgans &amp; Dominik Paquet<br><strong>Journal: <\/strong>Nature Neuroscience<\/p>\n\n\n\n<p><a href=\"https:\/\/www.nature.com\/articles\/s41593-025-02136-5\">The stroke risk gene <em>Foxf2<\/em> maintains brain endothelial cell function via Tie2 signaling<\/a><br><strong>Authors:<\/strong> Katalin Todorov-V\u00f6lgyi, Judit Gonz\u00e1lez-Gallego, Stephan A. M\u00fcller, Mihail Ivilinov Todorov, Fatma Burcu Seker, Simon Frerich, Filippo M. Cernilogar, Luise Schr\u00f6ger, Rainer Malik, Jiayu Cao, Gemma Llovera, Stefan Roth, Ulrike Schillinger, Martina Schifferer, Azadeh Reyahi, Dennis Crusius, Liliana D. Pedro, Mikael Simons, Peter Carlsson, Ali Ert\u00fcrk, Arthur Liesz, Gunnar Schotta, Nikolaus Plesnila, Stefan F. Lichtenthaler, Dominik Paquet &amp; Martin Dichgans<br><strong>Journal: <\/strong>Nature Neuroscience<\/p>\n\n\n\n<p><a href=\"https:\/\/www.nature.com\/articles\/s41467-025-67135-3\">Circulating causal protein networks linked to future risk of myocardial infarction<\/a><br><strong>Authors:<\/strong> Sean Bankier, Valborg Gudmundsdottir, Thorarinn Jonmundsson, Heida Bjarnadottir, Joseph Loureiro, Lingfei Wang, El\u00edsabet A. Frick, Nancy Finkel, Anthony P. Orth, Thor Aspelund, Lenore J. Launer, Johan L. M. Bj\u00f6rkegren, Lori L. Jennings, John R. Lamb, Vilmundur Gudnason, Tom Michoel &amp; Valur Emilsson<br><strong>Journal:<\/strong> Nature Communications<\/p>\n\n\n\n<h3 class=\"wp-block-heading\">2025<\/h3>\n\n\n\n<p><a href=\"https:\/\/www.sciencedirect.com\/science\/article\/pii\/S1074761325000263?via%3Dihub\">A cis-regulatory element controls expression of histone deacetylase 9 to fine-tune inflammasome-dependent chronic inflammation in atherosclerosis<\/a><br><strong>Authors:<\/strong> Yaw Asare, Guangyao Yan, Christina Schlegl, Matthias Prestel, Emiel P.C. van der Vorst, Abraham J.P. Teunissen, Arailym Aronova, Federica Tosato, Nawraa Naser, Julio Caputo, Geoffrey Prevot, Anthony Azzun, Benedikt Wefers, Wolfgang Wurst, Melanie Schneider, Ignasi Forne, Kiril Bidzhekov, Ronald Naumann, Sander W. van der Laan, Markus Brandhofer, Jiayu Cao, Stefan Roth, Rainer Malik, Steffen Tiedt, Willem J.M. Mulder, Axel Imhof, Arthur Liesz, Christian Weber, Jurgen Bernhagen and Martin Dichgans<br><strong>Journal:<\/strong> Immunity<\/p>\n\n\n\n<p><a href=\"https:\/\/doi.org\/10.1093\/eurheartj\/ehaf602\">Clonal haematopoiesis of indeterminate potential and mortality in coronary artery disease<\/a><br><strong>Authors:<\/strong> Moritz von Scheidt, Shaunak S Adkar, Johannes Krefting, Gregor Hoermann, Manja Meggendorfer, Sabine Bauer, Shaneice Mitchell, Irina Pugach, Christian Friess, Angela Ma, Ke Hao, Sophia Steigerwald, Maria Wahle, Thorsten Kessler, Marius Schwab, Felix Voll, Michal Mokry, Charalampos Sofokleous, Kaylin C A Palm, Dario Bongiovanni, Julia Fleig, Lilith Oldenbuettel, Zhifen Chen, Judith S Hecker, Florian Bassermann, Lars Maegdefessel, Matthias Graw, Arno Ruusalepp, Ingo Hilgendorf, Florian Leuschner, Hendrik B Sager, J Brett Heimlich, Wolfgang Koenig, Sebastian Cremer, David M Leistner, Wesley T Abplanalp, Stefanie Dimmeler, Andreas M Zeiher, Sander W van der Laan, Gerard Pasterkamp, Christian Braun, Siddhartha Jaiswal, Jason C Kovacic, Wolfgang Kern, Claudia Haferlach, Matthias Mann, Salvatore Cassese, Adnan Kastrati, Torsten Haferlach, Nicholas J Leeper, Johan L M Bj\u00f6rkegren, Heribert Schunkert<br><strong>Journal:<\/strong> European Heart Journal<\/p>\n\n\n\n<p><a href=\"https:\/\/doi.org\/10.1093\/eurheartj\/ehae649\">Clinical utility and implementation of polygenic risk scores for predicting cardiovascular disease: A clinical consensus statement of the ESC Council on Cardiovascular Genomics, the ESC Cardiovascular Risk Collaboration, and the European Association of Preventive Cardiology<\/a><br><strong>Authors:<\/strong> Heribert Schunkert, Emanuele Di Angelantonio, Michael Inouye, Riyaz S Patel, Samuli Ripatti, Elisabeth Widen, Saskia C Sanderson, Juan Pablo Kaski, John W McEvoy, Panos Vardas, Angela Wood, Victor Aboyans, Vassilios S Vassiliou, Frank L J Visseren, Luis R Lopes, Perry Elliott, Maryam Kavousi<br><strong>Journal: <\/strong>European Heart Journal<\/p>\n\n\n\n<p><a href=\"https:\/\/www.nature.com\/articles\/s44161-025-00628-y\">Single-cell RNA sequencing reveals sex differences in the subcellular composition and associated gene-regulatory network activity of human carotid plaques <\/a><br><strong>Authors: <\/strong>Sukhavasi K, Mocci G, Ma L, Hodonsky CJ, Diez Benevante E, Muhl L, Liu J, Gustafsson S, Buyandelger B, Koplev S, Lendahl U, Vanlandewijck M, Singha P, \u00d6rd T, Beter M, Selvarajan I, Laakkonen JP, V\u00e4li M, den Ruijter HM, Civelek M, Hao K, Ruusalepp A, Betsholtz C, J\u00e4rve H, Kovacic JC, Miller CL, Romanoski C, Kaikkonen MU, Bj\u00f6rkegren JLM<br><strong>Journal: <\/strong>Nature Cardiovascular Research<\/p>\n\n\n\n<h3 class=\"wp-block-heading\">2024<\/h3>\n\n\n\n<p><a href=\"http:\/\/10.1161\/ATVBAHA.123.318964\">Coronary Artery Disease Risk Variant Dampens the Expression of CALCRL by Reducing HSF Binding to Shear Stress Responsive Enhancer in Endothelial Cells In Vitro<\/a><br><strong>Authors:<\/strong> Ilakya Selvarajan, Miika Kiema, Ru-Ting Huang, Jin Li, Jiayu Zhu, Petri P\u00f6l\u00f6nen, Tiit \u00d6rd, Kadri \u00d5unap, Mehvash Godiwala, Anna Kathryn Golebiewski, Aarthi Ravindran, Kiira M\u00e4klin, Anu Toropainen, Lindsey K. Stolze, Maximiliano Arce, Peetra U. Magnusson, Stephen White, Casey E. Romanoski, Merja Hein\u00e4niemi, Johanna P. Laakkonen, Yun Fang, Minna U. Kaikkonen<br><strong>Journal:<\/strong> Arteriosclerosis<\/p>\n\n\n\n<p><a href=\"https:\/\/doi.org\/10.3389\/fgene.2024.1392061\">Evidence of survival bias in the association between APOE-\u04044 and age at ischemic stroke onset<\/a><br><strong>Authors:<\/strong> Joanna von Berg, Patrick F. McArdle, Paavo H\u00e4pp\u00f6l\u00e4, Jeffrey Haessler, Charles Kooperberg, Robin Lemmens, Alessandro Pezzini, Vincent Thijs, Sara L. Pulit, Steven J. Kittner, Braxton D. Mitchell, Jeroen de Ridder, Sander W. van der Laan<br><strong>Journal:<\/strong> Frontiers in Genetics<br><br><a href=\"https:\/\/doi.org\/10.1016\/j.tig.2024.02.009\">Genetic variation drives differences in obesity-related gene regulation<\/a><br><strong>Author:<\/strong> Minna U. Kaikkonen<br><strong>Journal:<\/strong> Trends in Genetics<\/p>\n\n\n\n<p><a href=\"https:\/\/doi.org\/10.1093\/eurheartj\/ehae048\">Integration of a polygenic score into guideline-recommended prediction of cardiovascular disease<\/a><br><strong>Authors:<\/strong> Ling Li, Shichao Pang, Fabian Starnecker, Bertram Mueller-Myhsok, Heribert Schunkert<br><strong>Journal:<\/strong> European Heart Journal<\/p>\n\n\n\n<p><a href=\"http:\/\/dx.doi.org\/10.1038\/s44161-024-00533-w\">Integrative gene regulatory network analysis discloses key driver genes of fibromuscular dysplasia<\/a><br><strong>Authors:<\/strong> Valentina d\u2019Escamard, Daniella Kadian-Dodov, Lijiang Ma, Sizhao Lu, Annette King, Yang Xu, Shouneng Peng, Bhargravi V\u2032Gangula, Yu Zhou, Allison Thomas, Katherine C. Michelis, Emir Bander, Rihab Bouchareb, Adrien Georges, Aya Nomura-Kitabayashi, Robert J. Wiener, Kevin D. Costa, Elena Chepurko, Vadim Chepurko, Marika Fava, Temo Barwari, Anelechi Anyanwu, Farzan Filsoufi, Sander Florman, Nabila Bouatia-Naji, Lukas E. Schmidt, Manuel Mayr, Michael G. Katz, Ke Hao, Mary C. M. Weiser-Evans, Johan L. M. Bj\u00f6rkegren, Jeffrey W. Olin, Jason C. Kovacic<br><strong>Journal:<\/strong> Nature Cardiovascular Research<\/p>\n\n\n\n<p><a href=\"https:\/\/doi.org\/10.1161\/CIRCULATIONAHA.123.064974\">Proteogenomic Data Integration Reveals CXCL10 as a Potentially Downstream Causal Mediator for IL-6 Signaling on Atherosclerosis<\/a><br><strong>Authors:<\/strong> Savvina Prapiadou, Luka \u017divkovi\u0107, Barbara Thorand, Marc J. George, Sander W. van der Laan, Rainer Malik, Christian Herder, Wolfgang Koenig, Thor Ueland, Ola Kleveland, P\u00e5l Aukrust, Lars Gullestad, J\u00fcrgen Bernhagen, Gerard Pasterkamp, Annette Peters, Aroon D. Hingorani, Jonathan Rosand, Martin Dichgans, Christopher D. Anderson, Marios K. Georgakis<br><strong>Journal:<\/strong> Circulation<\/p>\n\n\n\n<p><a href=\"https:\/\/doi.org\/10.1038\/s43587-024-00598-z\">Proteomics of mouse brain endothelium uncovers dysregulation of vesicular transport pathways during aging<\/a><br><strong>Authors:<\/strong> Katalin Todorov-V\u00f6lgyi; Judit Gonz\u00e1lez-Gallego; Stephan A. M\u00fcller; Nathalie Beaufort; Rainer Malik; Martina Schifferer; Mihail Ivilinov Todorov; Dennis Crusius; Sophie Robinson; Andree Schmidt; Jakob K\u00f6rbelin; Florence Bareyre; Ali Ert\u00fcrk; Christian Haass; Mikael Simons; Dominik Paquet; Stefan F. Lichtenthaler; Martin Dichgans<br><strong>Journal:<\/strong> Nature aging<\/p>\n\n\n\n<p><a href=\"https:\/\/www.ahajournals.org\/doi\/10.1161\/CIRCRESAHA.124.324239\">Single-Cell Gene-Regulatory Networks of Advanced Symptomatic Atherosclerosis<\/a><br><strong>Authors:<\/strong> Giuseppe Mocci, Katyayani Sukhavasi, Tiit \u00d6rd, Sean Bankier, Prosanta Singha, Uma Thanigai Arasu, Olayinka Oluwasegun Agbabiaje, Petri M\u00e4kinen, Lijiang Ma, Chani J. Hodonsky, Redouane Aherrahrou, Lars Muhl, Jianping Liu, Sonja Gustafsson, Byambajav Byandelger, Ying Wang, Simon Koplev, Urban Lendahl, Gary K. Owens, Nicholas J. Leeper, Gerard Pasterkamp, Michael Vanlandewijck, Tom Michoel, Arno Ruusalepp, Ke Hao, Seppo Yl\u00e4-Herttuala, Marika V\u00e4li, Heli J\u00e4rve, Michal Mokry, Mete Civelek, Clint J. Miller, Jason C. Kovacic, Minna U. Kaikkonen, Christer Betsholtz, Johan L.M. Bj\u00f6rkegren<br><strong>Journal:<\/strong> Circulation Research<\/p>\n\n\n\n<p><a href=\"https:\/\/doi.org\/10.1007\/s11883-024-01196-5\">The Effects of FABP4 on Cardiovascular Disease in the Aging Population<\/a><br><strong>Authors:<\/strong> Ellen M. van der Ark-Vonk, Mike V. Puijk, Gerard Pasterkamp, Sander W. van der Laan<br><strong>Journal:<\/strong> Current Atherosclerosis Reports<\/p>\n\n\n\n<p><a href=\"https:\/\/doi.org\/10.1016\/j.atherosclerosis.2024.118554\">Tobacco smoking is associated with sex- and plaque-type specific upregulation of CRLF1 in atherosclerotic lesions<\/a><br><strong>Authors:<\/strong> Tian Lan, Kaylin C.A. Palm, Luka Hoeben, Ernest Diez Benavente, R. Noah Perry, Mete Civelek, Dominique P.V. de Kleijn, Hester M. den Ruijter, Gerard Pasterkamp, Michal Mokry<br><strong>Journal:<\/strong> Atherosclerosis<\/p>\n\n\n\n<p><a href=\"https:\/\/doi.org\/10.1038\/s44161-024-00475-3\">Genetically proxied HTRA1 protease activity and circulating levels independently predict risk of ischemic stroke and coronary artery disease<\/a><br><strong>Authors:<\/strong> Rainer Malik; Nathalie Beaufort; Jiang Li; Koki Tanaka; Marios K. Georgakis; Yunye He; Masaru Koido; Chikashi Terao; BioBank Japan; Christopher D. Anderson; Yoichiro Kamatani; Ramin Zand; Martin Dichgans<br><strong>Journal:<\/strong> Nature Cardiovascular Research<\/p>\n\n\n\n<p><a href=\"https:\/\/doi.org\/10.1038\/s41467-024-50904-x\">Inferring histology-associated gene expression gradients in spatial transcriptomic studies<\/a><br><strong>Authors:<\/strong> Jan Kueckelhaus, Simon Frerich, Jasim Kada-Benotmane, Christina Koupourtidou, Jovica Ninkovic, Martin Dichgans, Juergen Beck, Oliver Schnell, Dieter Henrik Heiland<br><strong>Journal:<\/strong> Nature Communications<\/p>\n\n\n\n<p><a href=\"https:\/\/doi.org\/10.1038\/s41467-024-46625-w\">Shared inflammatory glial cell signature after stab wound injury, revealed by spatial, temporal, and cell-type-specific profiling of the murine cerebral cortex<\/a><br><strong>Authors:<\/strong> Christina Koupourtidou, Veronika Schwarz, Hananeh Aliee, Simon Frerich, Judith Fischer-Sternjak, Riccardo Bocchi, Tatiana Simon-Ebert, Xianshu Bai, Swetlana Sirko, Frank Kirchhoff, Martin Dichgans, Magdalena G\u00f6tz, Fabian J. Theis, Jovica Ninkovic<br><strong>Journal:<\/strong> Nature Communications<\/p>\n\n\n\n<h3 class=\"wp-block-heading\">Conference attendances and presentations<\/h3>\n\n\n\n<p>ISGC workshop 2024<br>ESOC 2024<br>CNIC 2024<br>IVBM 2024<br>AHA Vascular Discovery 2024<br>European Atherosclerosis Society conference 2024<br>International Vascular Biology Meeting 2024<br>From Genetic Discoveries to Gene Function in Human Diseases Conference 2024<\/p>\n","protected":false},"excerpt":{"rendered":"<p>Scientific Publications 2026 Carotid plaque macrophage burden and inflammatory lipid-associated macrophage markers predict secondary major adverse cardiovascular events after endarterectomyAuthors: Koen H M Prange, Gemma Bel-Bordes, Marie A C Depuydt, Panos Barlampas, Moritz J Reif ,Max L B Gr\u00f6nloh, Rosalie W M Kempkes, Guillermo R Griffith, Cindy van Roomen, Yayuan Zhu, Andreas Edsfeldt, Jiangming Sun, [&hellip;]<\/p>\n","protected":false},"author":150,"featured_media":0,"parent":0,"menu_order":0,"comment_status":"closed","ping_status":"closed","template":"","meta":{"_acf_changed":false,"footnotes":""},"class_list":["post-734","page","type-page","status-publish","hentry"],"acf":[],"yoast_head":"<!-- This site is optimized with the Yoast SEO plugin v27.1.1 - https:\/\/yoast.com\/product\/yoast-seo-wordpress\/ -->\n<title>Outcomes - MIRACLE<\/title>\n<meta name=\"description\" content=\"MIRACLE project publications\" \/>\n<meta name=\"robots\" content=\"index, follow, max-snippet:-1, max-image-preview:large, max-video-preview:-1\" \/>\n<link rel=\"canonical\" href=\"https:\/\/sites.uef.fi\/miracle\/outcomes\/\" \/>\n<meta property=\"og:locale\" content=\"en_US\" \/>\n<meta property=\"og:type\" content=\"article\" \/>\n<meta property=\"og:title\" content=\"Outcomes - MIRACLE\" \/>\n<meta property=\"og:description\" content=\"MIRACLE project publications\" \/>\n<meta property=\"og:url\" content=\"https:\/\/sites.uef.fi\/miracle\/outcomes\/\" \/>\n<meta property=\"og:site_name\" content=\"MIRACLE\" \/>\n<meta property=\"article:modified_time\" content=\"2026-04-09T10:23:40+00:00\" \/>\n<meta name=\"twitter:card\" content=\"summary_large_image\" \/>\n<meta name=\"twitter:label1\" content=\"Est. reading time\" \/>\n\t<meta name=\"twitter:data1\" content=\"7 minutes\" \/>\n<script type=\"application\/ld+json\" class=\"yoast-schema-graph\">{\"@context\":\"https:\/\/schema.org\",\"@graph\":[{\"@type\":\"WebPage\",\"@id\":\"https:\/\/sites.uef.fi\/miracle\/outcomes\/\",\"url\":\"https:\/\/sites.uef.fi\/miracle\/outcomes\/\",\"name\":\"Outcomes - MIRACLE\",\"isPartOf\":{\"@id\":\"https:\/\/sites.uef.fi\/miracle\/#website\"},\"datePublished\":\"2024-11-06T07:15:49+00:00\",\"dateModified\":\"2026-04-09T10:23:40+00:00\",\"description\":\"MIRACLE project publications\",\"breadcrumb\":{\"@id\":\"https:\/\/sites.uef.fi\/miracle\/outcomes\/#breadcrumb\"},\"inLanguage\":\"en-US\",\"potentialAction\":[{\"@type\":\"ReadAction\",\"target\":[\"https:\/\/sites.uef.fi\/miracle\/outcomes\/\"]}]},{\"@type\":\"BreadcrumbList\",\"@id\":\"https:\/\/sites.uef.fi\/miracle\/outcomes\/#breadcrumb\",\"itemListElement\":[{\"@type\":\"ListItem\",\"position\":1,\"name\":\"Home\",\"item\":\"https:\/\/sites.uef.fi\/miracle\/\"},{\"@type\":\"ListItem\",\"position\":2,\"name\":\"Outcomes\"}]},{\"@type\":\"WebSite\",\"@id\":\"https:\/\/sites.uef.fi\/miracle\/#website\",\"url\":\"https:\/\/sites.uef.fi\/miracle\/\",\"name\":\"MIRACLE\",\"description\":\"\",\"potentialAction\":[{\"@type\":\"SearchAction\",\"target\":{\"@type\":\"EntryPoint\",\"urlTemplate\":\"https:\/\/sites.uef.fi\/miracle\/?s={search_term_string}\"},\"query-input\":{\"@type\":\"PropertyValueSpecification\",\"valueRequired\":true,\"valueName\":\"search_term_string\"}}],\"inLanguage\":\"en-US\"}]}<\/script>\n<!-- \/ Yoast SEO plugin. -->","yoast_head_json":{"title":"Outcomes - MIRACLE","description":"MIRACLE project publications","robots":{"index":"index","follow":"follow","max-snippet":"max-snippet:-1","max-image-preview":"max-image-preview:large","max-video-preview":"max-video-preview:-1"},"canonical":"https:\/\/sites.uef.fi\/miracle\/outcomes\/","og_locale":"en_US","og_type":"article","og_title":"Outcomes - MIRACLE","og_description":"MIRACLE project publications","og_url":"https:\/\/sites.uef.fi\/miracle\/outcomes\/","og_site_name":"MIRACLE","article_modified_time":"2026-04-09T10:23:40+00:00","twitter_card":"summary_large_image","twitter_misc":{"Est. reading time":"7 minutes"},"schema":{"@context":"https:\/\/schema.org","@graph":[{"@type":"WebPage","@id":"https:\/\/sites.uef.fi\/miracle\/outcomes\/","url":"https:\/\/sites.uef.fi\/miracle\/outcomes\/","name":"Outcomes - MIRACLE","isPartOf":{"@id":"https:\/\/sites.uef.fi\/miracle\/#website"},"datePublished":"2024-11-06T07:15:49+00:00","dateModified":"2026-04-09T10:23:40+00:00","description":"MIRACLE project publications","breadcrumb":{"@id":"https:\/\/sites.uef.fi\/miracle\/outcomes\/#breadcrumb"},"inLanguage":"en-US","potentialAction":[{"@type":"ReadAction","target":["https:\/\/sites.uef.fi\/miracle\/outcomes\/"]}]},{"@type":"BreadcrumbList","@id":"https:\/\/sites.uef.fi\/miracle\/outcomes\/#breadcrumb","itemListElement":[{"@type":"ListItem","position":1,"name":"Home","item":"https:\/\/sites.uef.fi\/miracle\/"},{"@type":"ListItem","position":2,"name":"Outcomes"}]},{"@type":"WebSite","@id":"https:\/\/sites.uef.fi\/miracle\/#website","url":"https:\/\/sites.uef.fi\/miracle\/","name":"MIRACLE","description":"","potentialAction":[{"@type":"SearchAction","target":{"@type":"EntryPoint","urlTemplate":"https:\/\/sites.uef.fi\/miracle\/?s={search_term_string}"},"query-input":{"@type":"PropertyValueSpecification","valueRequired":true,"valueName":"search_term_string"}}],"inLanguage":"en-US"}]}},"_links":{"self":[{"href":"https:\/\/sites.uef.fi\/miracle\/wp-json\/wp\/v2\/pages\/734","targetHints":{"allow":["GET"]}}],"collection":[{"href":"https:\/\/sites.uef.fi\/miracle\/wp-json\/wp\/v2\/pages"}],"about":[{"href":"https:\/\/sites.uef.fi\/miracle\/wp-json\/wp\/v2\/types\/page"}],"author":[{"embeddable":true,"href":"https:\/\/sites.uef.fi\/miracle\/wp-json\/wp\/v2\/users\/150"}],"replies":[{"embeddable":true,"href":"https:\/\/sites.uef.fi\/miracle\/wp-json\/wp\/v2\/comments?post=734"}],"version-history":[{"count":1,"href":"https:\/\/sites.uef.fi\/miracle\/wp-json\/wp\/v2\/pages\/734\/revisions"}],"predecessor-version":[{"id":823,"href":"https:\/\/sites.uef.fi\/miracle\/wp-json\/wp\/v2\/pages\/734\/revisions\/823"}],"wp:attachment":[{"href":"https:\/\/sites.uef.fi\/miracle\/wp-json\/wp\/v2\/media?parent=734"}],"curies":[{"name":"wp","href":"https:\/\/api.w.org\/{rel}","templated":true}]}}