{"id":225,"date":"2024-08-23T12:12:15","date_gmt":"2024-08-23T12:12:15","guid":{"rendered":"https:\/\/sites.uef.fi\/mlpaivat2024\/?page_id=225"},"modified":"2024-10-04T14:47:51","modified_gmt":"2024-10-04T12:47:51","slug":"etusivu","status":"publish","type":"page","link":"https:\/\/sites.uef.fi\/mlpaivat2024\/","title":{"rendered":"Matematiikan ja luonnontieteiden opetuksen tutkimusp\u00e4iv\u00e4t 2024"},"content":{"rendered":"\n<figure class=\"wp-block-image size-large\"><img loading=\"lazy\" decoding=\"async\" width=\"1024\" height=\"683\" src=\"https:\/\/sites.uef.fi\/mlpaivat2024\/wp-content\/uploads\/sites\/486\/2024\/09\/UEF-koulutusvideo-web-19-1024x683.jpg\" alt=\"\" class=\"wp-image-352\" srcset=\"https:\/\/sites.uef.fi\/mlpaivat2024\/wp-content\/uploads\/sites\/486\/2024\/09\/UEF-koulutusvideo-web-19-1024x683.jpg 1024w, https:\/\/sites.uef.fi\/mlpaivat2024\/wp-content\/uploads\/sites\/486\/2024\/09\/UEF-koulutusvideo-web-19-300x200.jpg 300w, https:\/\/sites.uef.fi\/mlpaivat2024\/wp-content\/uploads\/sites\/486\/2024\/09\/UEF-koulutusvideo-web-19-768x512.jpg 768w, https:\/\/sites.uef.fi\/mlpaivat2024\/wp-content\/uploads\/sites\/486\/2024\/09\/UEF-koulutusvideo-web-19-1536x1024.jpg 1536w, https:\/\/sites.uef.fi\/mlpaivat2024\/wp-content\/uploads\/sites\/486\/2024\/09\/UEF-koulutusvideo-web-19-2048x1365.jpg 2048w\" sizes=\"auto, (max-width: 1024px) 100vw, 1024px\" \/><\/figure>\n\n\n\n<p>Vuoden 2024 Matematiikan ja luonnontieteiden opetuksen tutkimusp\u00e4iv\u00e4t j\u00e4rjestet\u00e4\u00e4n It\u00e4-Suomen yliopiston Joensuun kampuksella 31.10.-1.11.2024. Tapahtumapaikkana on p\u00e4\u00e4osin Metria-rakennus osoitteessa Yliopistokatu 7.  <\/p>\n\n\n\n<p>Tutkimusp\u00e4ivien <a href=\"https:\/\/sites.uef.fi\/mlpaivat2024\/ilmoittautuminen-ja-abstraktit\/\">ohjelmassa<\/a> keskeisell\u00e4 sijalla ovat perinteiseen tapaan osanottajien pit\u00e4m\u00e4t esitelm\u00e4t matematiikan ja luonnontieteiden oppimisen ja opetuksen tutkimukseen liittyvist\u00e4 aiheista. Aiemmin esitelm\u00e4t ovat p\u00e4\u00e4asiassa liittyneet matematiikan, fysiikan tai kemian oppimiseen ja opetukseen, mutta t\u00e4n\u00e4 vuonna kutsutaan erityisesti mukaan my\u00f6s biologian ja maantieteen opetusta k\u00e4sittelevi\u00e4 esitelmi\u00e4. Kullekin esitelm\u00e4lle on varattu aikaa 25 minuuttia, josta 10 minuuttia tulisi j\u00e4tt\u00e4\u00e4 keskustelulle ja kysymyksille.<\/p>\n\n\n\n<p>Tutkimusp\u00e4ivien ohjelmassa ovat my\u00f6s seuraavat kutsuluennot:<\/p>\n\n\n\n<ul class=\"wp-block-list\">\n<li>Markku Hannula, Helsingin yliopisto: Suomalaisten matematiikan opettajien didaktisen sanaston erityispiirteet kymmenen maan vertailevassa tutkimuksessa<\/li>\n\n\n\n<li>Maija Nousiainen, Helsingin yliopisto: Fotoni ja aaltohiukkasdualismi fysiikan opetuksessa eilen ja nyt<\/li>\n<\/ul>\n\n\n\n<p>Torstaina 31.10. iltap\u00e4iv\u00e4ll\u00e4 tutkimusp\u00e4ivien oheistapahtumana <a href=\"https:\/\/www.problemsolving.fi\/ficmi\/\">Matematiikan opetuksen kansalliskomitean<\/a> j\u00e4rjest\u00e4m\u00e4 <a href=\"https:\/\/sites.uef.fi\/mlpaivat2024\/paneelikeskustelu-teknologian-merkitys-matematiikan-opetuksessa-ja-oppimisessa\/\">paneelikeskustelu ajankohtaisesta aiheesta &#8221;Teknologian merkitys matematiikan oppimisessa ja opetuksessa&#8221;.<\/a> Asiasta on keskustelemassa useita julkisestakin keskustelusta tunnettuja matematiikan opetuksen alan asiantuntijoita.<\/p>\n\n\n\n<p><a href=\"https:\/\/www.joensuu.fi\/\">Joensuun kaupunki<\/a> on my\u00f6nt\u00e4nyt tapahtumalle pientapahtumatukea.<\/p>\n","protected":false},"excerpt":{"rendered":"<p>Vuoden 2024 Matematiikan ja luonnontieteiden opetuksen tutkimusp\u00e4iv\u00e4t j\u00e4rjestet\u00e4\u00e4n It\u00e4-Suomen yliopiston Joensuun kampuksella 31.10.-1.11.2024. Tapahtumapaikkana on p\u00e4\u00e4osin Metria-rakennus osoitteessa Yliopistokatu 7. Tutkimusp\u00e4ivien ohjelmassa keskeisell\u00e4 sijalla ovat perinteiseen tapaan osanottajien pit\u00e4m\u00e4t esitelm\u00e4t matematiikan ja luonnontieteiden oppimisen ja opetuksen tutkimukseen liittyvist\u00e4 aiheista. Aiemmin esitelm\u00e4t ovat p\u00e4\u00e4asiassa liittyneet matematiikan, fysiikan tai kemian oppimiseen ja opetukseen, mutta t\u00e4n\u00e4 vuonna kutsutaan [&hellip;]<\/p>\n","protected":false},"author":2,"featured_media":0,"parent":0,"menu_order":0,"comment_status":"closed","ping_status":"closed","template":"","meta":{"_acf_changed":false,"footnotes":""},"class_list":["post-225","page","type-page","status-publish","hentry"],"acf":[],"yoast_head":"<!-- This site is optimized with the Yoast SEO plugin v27.3 - https:\/\/yoast.com\/product\/yoast-seo-wordpress\/ -->\n<title>Matematiikan ja luonnontieteiden opetuksen tutkimusp\u00e4iv\u00e4t 2024 - Matematiikan ja luonnontieteiden opetuksen tutkimusp\u00e4iv\u00e4t 2024<\/title>\n<meta name=\"robots\" content=\"index, follow, max-snippet:-1, max-image-preview:large, max-video-preview:-1\" \/>\n<link rel=\"canonical\" href=\"https:\/\/sites.uef.fi\/mlpaivat2024\/\" \/>\n<meta property=\"og:locale\" content=\"fi_FI\" \/>\n<meta property=\"og:type\" content=\"article\" \/>\n<meta property=\"og:title\" content=\"Matematiikan ja luonnontieteiden opetuksen tutkimusp\u00e4iv\u00e4t 2024 - Matematiikan ja luonnontieteiden opetuksen tutkimusp\u00e4iv\u00e4t 2024\" \/>\n<meta property=\"og:description\" content=\"Vuoden 2024 Matematiikan ja luonnontieteiden opetuksen tutkimusp\u00e4iv\u00e4t j\u00e4rjestet\u00e4\u00e4n It\u00e4-Suomen yliopiston Joensuun kampuksella 31.10.-1.11.2024. Tapahtumapaikkana on p\u00e4\u00e4osin Metria-rakennus osoitteessa Yliopistokatu 7. Tutkimusp\u00e4ivien ohjelmassa keskeisell\u00e4 sijalla ovat perinteiseen tapaan osanottajien pit\u00e4m\u00e4t esitelm\u00e4t matematiikan ja luonnontieteiden oppimisen ja opetuksen tutkimukseen liittyvist\u00e4 aiheista. Aiemmin esitelm\u00e4t ovat p\u00e4\u00e4asiassa liittyneet matematiikan, fysiikan tai kemian oppimiseen ja opetukseen, mutta t\u00e4n\u00e4 vuonna kutsutaan [&hellip;]\" \/>\n<meta property=\"og:url\" content=\"https:\/\/sites.uef.fi\/mlpaivat2024\/\" \/>\n<meta property=\"og:site_name\" content=\"Matematiikan ja luonnontieteiden opetuksen tutkimusp\u00e4iv\u00e4t 2024\" \/>\n<meta property=\"article:modified_time\" content=\"2024-10-04T12:47:51+00:00\" \/>\n<meta property=\"og:image\" content=\"https:\/\/sites.uef.fi\/mlpaivat2024\/wp-content\/uploads\/sites\/486\/2024\/09\/UEF-koulutusvideo-web-19-1024x683.jpg\" \/>\n<meta name=\"twitter:card\" content=\"summary_large_image\" \/>\n<meta name=\"twitter:label1\" content=\"Arvioitu lukuaika\" \/>\n\t<meta name=\"twitter:data1\" content=\"2 minuuttia\" \/>\n<script type=\"application\/ld+json\" class=\"yoast-schema-graph\">{\"@context\":\"https:\\\/\\\/schema.org\",\"@graph\":[{\"@type\":\"WebPage\",\"@id\":\"https:\\\/\\\/sites.uef.fi\\\/mlpaivat2024\\\/\",\"url\":\"https:\\\/\\\/sites.uef.fi\\\/mlpaivat2024\\\/\",\"name\":\"Matematiikan ja luonnontieteiden opetuksen tutkimusp\u00e4iv\u00e4t 2024 - Matematiikan ja luonnontieteiden opetuksen tutkimusp\u00e4iv\u00e4t 2024\",\"isPartOf\":{\"@id\":\"https:\\\/\\\/sites.uef.fi\\\/mlpaivat2024\\\/#website\"},\"primaryImageOfPage\":{\"@id\":\"https:\\\/\\\/sites.uef.fi\\\/mlpaivat2024\\\/#primaryimage\"},\"image\":{\"@id\":\"https:\\\/\\\/sites.uef.fi\\\/mlpaivat2024\\\/#primaryimage\"},\"thumbnailUrl\":\"https:\\\/\\\/sites.uef.fi\\\/mlpaivat2024\\\/wp-content\\\/uploads\\\/sites\\\/486\\\/2024\\\/09\\\/UEF-koulutusvideo-web-19-1024x683.jpg\",\"datePublished\":\"2024-08-23T12:12:15+00:00\",\"dateModified\":\"2024-10-04T12:47:51+00:00\",\"breadcrumb\":{\"@id\":\"https:\\\/\\\/sites.uef.fi\\\/mlpaivat2024\\\/#breadcrumb\"},\"inLanguage\":\"fi\",\"potentialAction\":[{\"@type\":\"ReadAction\",\"target\":[\"https:\\\/\\\/sites.uef.fi\\\/mlpaivat2024\\\/\"]}]},{\"@type\":\"ImageObject\",\"inLanguage\":\"fi\",\"@id\":\"https:\\\/\\\/sites.uef.fi\\\/mlpaivat2024\\\/#primaryimage\",\"url\":\"https:\\\/\\\/sites.uef.fi\\\/mlpaivat2024\\\/wp-content\\\/uploads\\\/sites\\\/486\\\/2024\\\/09\\\/UEF-koulutusvideo-web-19-scaled.jpg\",\"contentUrl\":\"https:\\\/\\\/sites.uef.fi\\\/mlpaivat2024\\\/wp-content\\\/uploads\\\/sites\\\/486\\\/2024\\\/09\\\/UEF-koulutusvideo-web-19-scaled.jpg\",\"width\":2560,\"height\":1707},{\"@type\":\"BreadcrumbList\",\"@id\":\"https:\\\/\\\/sites.uef.fi\\\/mlpaivat2024\\\/#breadcrumb\",\"itemListElement\":[{\"@type\":\"ListItem\",\"position\":1,\"name\":\"Home\",\"item\":\"https:\\\/\\\/sites.uef.fi\\\/mlpaivat2024\\\/\"},{\"@type\":\"ListItem\",\"position\":2,\"name\":\"Matematiikan ja luonnontieteiden opetuksen tutkimusp\u00e4iv\u00e4t 2024\"}]},{\"@type\":\"WebSite\",\"@id\":\"https:\\\/\\\/sites.uef.fi\\\/mlpaivat2024\\\/#website\",\"url\":\"https:\\\/\\\/sites.uef.fi\\\/mlpaivat2024\\\/\",\"name\":\"Matematiikan ja luonnontieteiden opetuksen tutkimusp\u00e4iv\u00e4t 2024\",\"description\":\"\",\"potentialAction\":[{\"@type\":\"SearchAction\",\"target\":{\"@type\":\"EntryPoint\",\"urlTemplate\":\"https:\\\/\\\/sites.uef.fi\\\/mlpaivat2024\\\/?s={search_term_string}\"},\"query-input\":{\"@type\":\"PropertyValueSpecification\",\"valueRequired\":true,\"valueName\":\"search_term_string\"}}],\"inLanguage\":\"fi\"}]}<\/script>\n<!-- \/ Yoast SEO plugin. -->","yoast_head_json":{"title":"Matematiikan ja luonnontieteiden opetuksen tutkimusp\u00e4iv\u00e4t 2024 - Matematiikan ja luonnontieteiden opetuksen tutkimusp\u00e4iv\u00e4t 2024","robots":{"index":"index","follow":"follow","max-snippet":"max-snippet:-1","max-image-preview":"max-image-preview:large","max-video-preview":"max-video-preview:-1"},"canonical":"https:\/\/sites.uef.fi\/mlpaivat2024\/","og_locale":"fi_FI","og_type":"article","og_title":"Matematiikan ja luonnontieteiden opetuksen tutkimusp\u00e4iv\u00e4t 2024 - Matematiikan ja luonnontieteiden opetuksen tutkimusp\u00e4iv\u00e4t 2024","og_description":"Vuoden 2024 Matematiikan ja luonnontieteiden opetuksen tutkimusp\u00e4iv\u00e4t j\u00e4rjestet\u00e4\u00e4n It\u00e4-Suomen yliopiston Joensuun kampuksella 31.10.-1.11.2024. Tapahtumapaikkana on p\u00e4\u00e4osin Metria-rakennus osoitteessa Yliopistokatu 7. Tutkimusp\u00e4ivien ohjelmassa keskeisell\u00e4 sijalla ovat perinteiseen tapaan osanottajien pit\u00e4m\u00e4t esitelm\u00e4t matematiikan ja luonnontieteiden oppimisen ja opetuksen tutkimukseen liittyvist\u00e4 aiheista. Aiemmin esitelm\u00e4t ovat p\u00e4\u00e4asiassa liittyneet matematiikan, fysiikan tai kemian oppimiseen ja opetukseen, mutta t\u00e4n\u00e4 vuonna kutsutaan [&hellip;]","og_url":"https:\/\/sites.uef.fi\/mlpaivat2024\/","og_site_name":"Matematiikan ja luonnontieteiden opetuksen tutkimusp\u00e4iv\u00e4t 2024","article_modified_time":"2024-10-04T12:47:51+00:00","og_image":[{"url":"https:\/\/sites.uef.fi\/mlpaivat2024\/wp-content\/uploads\/sites\/486\/2024\/09\/UEF-koulutusvideo-web-19-1024x683.jpg","type":"","width":"","height":""}],"twitter_card":"summary_large_image","twitter_misc":{"Arvioitu lukuaika":"2 minuuttia"},"schema":{"@context":"https:\/\/schema.org","@graph":[{"@type":"WebPage","@id":"https:\/\/sites.uef.fi\/mlpaivat2024\/","url":"https:\/\/sites.uef.fi\/mlpaivat2024\/","name":"Matematiikan ja luonnontieteiden opetuksen tutkimusp\u00e4iv\u00e4t 2024 - Matematiikan ja luonnontieteiden opetuksen tutkimusp\u00e4iv\u00e4t 2024","isPartOf":{"@id":"https:\/\/sites.uef.fi\/mlpaivat2024\/#website"},"primaryImageOfPage":{"@id":"https:\/\/sites.uef.fi\/mlpaivat2024\/#primaryimage"},"image":{"@id":"https:\/\/sites.uef.fi\/mlpaivat2024\/#primaryimage"},"thumbnailUrl":"https:\/\/sites.uef.fi\/mlpaivat2024\/wp-content\/uploads\/sites\/486\/2024\/09\/UEF-koulutusvideo-web-19-1024x683.jpg","datePublished":"2024-08-23T12:12:15+00:00","dateModified":"2024-10-04T12:47:51+00:00","breadcrumb":{"@id":"https:\/\/sites.uef.fi\/mlpaivat2024\/#breadcrumb"},"inLanguage":"fi","potentialAction":[{"@type":"ReadAction","target":["https:\/\/sites.uef.fi\/mlpaivat2024\/"]}]},{"@type":"ImageObject","inLanguage":"fi","@id":"https:\/\/sites.uef.fi\/mlpaivat2024\/#primaryimage","url":"https:\/\/sites.uef.fi\/mlpaivat2024\/wp-content\/uploads\/sites\/486\/2024\/09\/UEF-koulutusvideo-web-19-scaled.jpg","contentUrl":"https:\/\/sites.uef.fi\/mlpaivat2024\/wp-content\/uploads\/sites\/486\/2024\/09\/UEF-koulutusvideo-web-19-scaled.jpg","width":2560,"height":1707},{"@type":"BreadcrumbList","@id":"https:\/\/sites.uef.fi\/mlpaivat2024\/#breadcrumb","itemListElement":[{"@type":"ListItem","position":1,"name":"Home","item":"https:\/\/sites.uef.fi\/mlpaivat2024\/"},{"@type":"ListItem","position":2,"name":"Matematiikan ja luonnontieteiden opetuksen tutkimusp\u00e4iv\u00e4t 2024"}]},{"@type":"WebSite","@id":"https:\/\/sites.uef.fi\/mlpaivat2024\/#website","url":"https:\/\/sites.uef.fi\/mlpaivat2024\/","name":"Matematiikan ja luonnontieteiden opetuksen tutkimusp\u00e4iv\u00e4t 2024","description":"","potentialAction":[{"@type":"SearchAction","target":{"@type":"EntryPoint","urlTemplate":"https:\/\/sites.uef.fi\/mlpaivat2024\/?s={search_term_string}"},"query-input":{"@type":"PropertyValueSpecification","valueRequired":true,"valueName":"search_term_string"}}],"inLanguage":"fi"}]}},"_links":{"self":[{"href":"https:\/\/sites.uef.fi\/mlpaivat2024\/wp-json\/wp\/v2\/pages\/225","targetHints":{"allow":["GET"]}}],"collection":[{"href":"https:\/\/sites.uef.fi\/mlpaivat2024\/wp-json\/wp\/v2\/pages"}],"about":[{"href":"https:\/\/sites.uef.fi\/mlpaivat2024\/wp-json\/wp\/v2\/types\/page"}],"author":[{"embeddable":true,"href":"https:\/\/sites.uef.fi\/mlpaivat2024\/wp-json\/wp\/v2\/users\/2"}],"replies":[{"embeddable":true,"href":"https:\/\/sites.uef.fi\/mlpaivat2024\/wp-json\/wp\/v2\/comments?post=225"}],"version-history":[{"count":1,"href":"https:\/\/sites.uef.fi\/mlpaivat2024\/wp-json\/wp\/v2\/pages\/225\/revisions"}],"predecessor-version":[{"id":499,"href":"https:\/\/sites.uef.fi\/mlpaivat2024\/wp-json\/wp\/v2\/pages\/225\/revisions\/499"}],"wp:attachment":[{"href":"https:\/\/sites.uef.fi\/mlpaivat2024\/wp-json\/wp\/v2\/media?parent=225"}],"curies":[{"name":"wp","href":"https:\/\/api.w.org\/{rel}","templated":true}]}}