{"id":502,"date":"2024-09-26T11:22:48","date_gmt":"2024-09-26T09:22:48","guid":{"rendered":"https:\/\/sites.uef.fi\/mlpaivat2024\/?page_id=502"},"modified":"2024-09-26T11:22:49","modified_gmt":"2024-09-26T09:22:49","slug":"ilmoittautuminen-ja-abstraktien-lahetys","status":"publish","type":"page","link":"https:\/\/sites.uef.fi\/mlpaivat2024\/ilmoittautuminen-ja-abstraktien-lahetys\/","title":{"rendered":"Ilmoittautuminen ja abstraktien l\u00e4hetys"},"content":{"rendered":"\n<p>Tutkimusp\u00e4iville tulee ilmoittautua viimeist\u00e4\u00e4n 30.9.2024 <a href=\"https:\/\/link.webropolsurveys.com\/S\/8E0C914A38DEFD73\">ilmoittautumislomakkeen<\/a> avulla. My\u00f6s abstraktien l\u00e4hetys tapahtuu saman lomakkeen kautta. Abstraktien j\u00e4tt\u00e4miselle on mahdollista saada lis\u00e4aikaa mainitsemalla asiasta ilmoittautumislomakkeen kohdassa &#8221;Muuta huomioitavaa&#8221;. Abstraktien hyv\u00e4ksymisest\u00e4 l\u00e4hetet\u00e4\u00e4n erillinen p\u00e4\u00e4t\u00f6s s\u00e4hk\u00f6postitse.<\/p>\n\n\n\n<p>Esitelm\u00e4n abstrakti voi olla pituudeltaan enint\u00e4\u00e4n 200 sanaa. Abstrakti voi olla joko suomeksi, ruotsiksi tai englanniksi.<\/p>\n","protected":false},"excerpt":{"rendered":"<p>Tutkimusp\u00e4iville tulee ilmoittautua viimeist\u00e4\u00e4n 30.9.2024 ilmoittautumislomakkeen avulla. My\u00f6s abstraktien l\u00e4hetys tapahtuu saman lomakkeen kautta. Abstraktien j\u00e4tt\u00e4miselle on mahdollista saada lis\u00e4aikaa mainitsemalla asiasta ilmoittautumislomakkeen kohdassa &#8221;Muuta huomioitavaa&#8221;. Abstraktien hyv\u00e4ksymisest\u00e4 l\u00e4hetet\u00e4\u00e4n erillinen p\u00e4\u00e4t\u00f6s s\u00e4hk\u00f6postitse. Esitelm\u00e4n abstrakti voi olla pituudeltaan enint\u00e4\u00e4n 200 sanaa. Abstrakti voi olla joko suomeksi, ruotsiksi tai englanniksi.<\/p>\n","protected":false},"author":1183,"featured_media":0,"parent":0,"menu_order":0,"comment_status":"closed","ping_status":"closed","template":"","meta":{"_acf_changed":false,"footnotes":""},"class_list":["post-502","page","type-page","status-publish","hentry"],"acf":[],"yoast_head":"<!-- This site is optimized with the Yoast SEO plugin v27.3 - https:\/\/yoast.com\/product\/yoast-seo-wordpress\/ -->\n<title>Ilmoittautuminen ja abstraktien l\u00e4hetys - Matematiikan ja luonnontieteiden opetuksen tutkimusp\u00e4iv\u00e4t 2024<\/title>\n<meta name=\"robots\" content=\"index, follow, max-snippet:-1, max-image-preview:large, max-video-preview:-1\" \/>\n<link rel=\"canonical\" href=\"https:\/\/sites.uef.fi\/mlpaivat2024\/ilmoittautuminen-ja-abstraktien-lahetys\/\" \/>\n<meta property=\"og:locale\" content=\"fi_FI\" \/>\n<meta property=\"og:type\" content=\"article\" \/>\n<meta property=\"og:title\" content=\"Ilmoittautuminen ja abstraktien l\u00e4hetys - Matematiikan ja luonnontieteiden opetuksen tutkimusp\u00e4iv\u00e4t 2024\" \/>\n<meta property=\"og:description\" content=\"Tutkimusp\u00e4iville tulee ilmoittautua viimeist\u00e4\u00e4n 30.9.2024 ilmoittautumislomakkeen avulla. My\u00f6s abstraktien l\u00e4hetys tapahtuu saman lomakkeen kautta. Abstraktien j\u00e4tt\u00e4miselle on mahdollista saada lis\u00e4aikaa mainitsemalla asiasta ilmoittautumislomakkeen kohdassa &#8221;Muuta huomioitavaa&#8221;. Abstraktien hyv\u00e4ksymisest\u00e4 l\u00e4hetet\u00e4\u00e4n erillinen p\u00e4\u00e4t\u00f6s s\u00e4hk\u00f6postitse. Esitelm\u00e4n abstrakti voi olla pituudeltaan enint\u00e4\u00e4n 200 sanaa. Abstrakti voi olla joko suomeksi, ruotsiksi tai englanniksi.\" \/>\n<meta property=\"og:url\" content=\"https:\/\/sites.uef.fi\/mlpaivat2024\/ilmoittautuminen-ja-abstraktien-lahetys\/\" \/>\n<meta property=\"og:site_name\" content=\"Matematiikan ja luonnontieteiden opetuksen tutkimusp\u00e4iv\u00e4t 2024\" \/>\n<meta property=\"article:modified_time\" content=\"2024-09-26T09:22:49+00:00\" \/>\n<meta name=\"twitter:card\" content=\"summary_large_image\" \/>\n<meta name=\"twitter:label1\" content=\"Arvioitu lukuaika\" \/>\n\t<meta name=\"twitter:data1\" content=\"1 minuutti\" \/>\n<script type=\"application\/ld+json\" class=\"yoast-schema-graph\">{\"@context\":\"https:\\\/\\\/schema.org\",\"@graph\":[{\"@type\":\"WebPage\",\"@id\":\"https:\\\/\\\/sites.uef.fi\\\/mlpaivat2024\\\/ilmoittautuminen-ja-abstraktien-lahetys\\\/\",\"url\":\"https:\\\/\\\/sites.uef.fi\\\/mlpaivat2024\\\/ilmoittautuminen-ja-abstraktien-lahetys\\\/\",\"name\":\"Ilmoittautuminen ja abstraktien l\u00e4hetys - Matematiikan ja luonnontieteiden opetuksen tutkimusp\u00e4iv\u00e4t 2024\",\"isPartOf\":{\"@id\":\"https:\\\/\\\/sites.uef.fi\\\/mlpaivat2024\\\/#website\"},\"datePublished\":\"2024-09-26T09:22:48+00:00\",\"dateModified\":\"2024-09-26T09:22:49+00:00\",\"breadcrumb\":{\"@id\":\"https:\\\/\\\/sites.uef.fi\\\/mlpaivat2024\\\/ilmoittautuminen-ja-abstraktien-lahetys\\\/#breadcrumb\"},\"inLanguage\":\"fi\",\"potentialAction\":[{\"@type\":\"ReadAction\",\"target\":[\"https:\\\/\\\/sites.uef.fi\\\/mlpaivat2024\\\/ilmoittautuminen-ja-abstraktien-lahetys\\\/\"]}]},{\"@type\":\"BreadcrumbList\",\"@id\":\"https:\\\/\\\/sites.uef.fi\\\/mlpaivat2024\\\/ilmoittautuminen-ja-abstraktien-lahetys\\\/#breadcrumb\",\"itemListElement\":[{\"@type\":\"ListItem\",\"position\":1,\"name\":\"Home\",\"item\":\"https:\\\/\\\/sites.uef.fi\\\/mlpaivat2024\\\/\"},{\"@type\":\"ListItem\",\"position\":2,\"name\":\"Ilmoittautuminen ja abstraktien l\u00e4hetys\"}]},{\"@type\":\"WebSite\",\"@id\":\"https:\\\/\\\/sites.uef.fi\\\/mlpaivat2024\\\/#website\",\"url\":\"https:\\\/\\\/sites.uef.fi\\\/mlpaivat2024\\\/\",\"name\":\"Matematiikan ja luonnontieteiden opetuksen tutkimusp\u00e4iv\u00e4t 2024\",\"description\":\"\",\"potentialAction\":[{\"@type\":\"SearchAction\",\"target\":{\"@type\":\"EntryPoint\",\"urlTemplate\":\"https:\\\/\\\/sites.uef.fi\\\/mlpaivat2024\\\/?s={search_term_string}\"},\"query-input\":{\"@type\":\"PropertyValueSpecification\",\"valueRequired\":true,\"valueName\":\"search_term_string\"}}],\"inLanguage\":\"fi\"}]}<\/script>\n<!-- \/ Yoast SEO plugin. -->","yoast_head_json":{"title":"Ilmoittautuminen ja abstraktien l\u00e4hetys - Matematiikan ja luonnontieteiden opetuksen tutkimusp\u00e4iv\u00e4t 2024","robots":{"index":"index","follow":"follow","max-snippet":"max-snippet:-1","max-image-preview":"max-image-preview:large","max-video-preview":"max-video-preview:-1"},"canonical":"https:\/\/sites.uef.fi\/mlpaivat2024\/ilmoittautuminen-ja-abstraktien-lahetys\/","og_locale":"fi_FI","og_type":"article","og_title":"Ilmoittautuminen ja abstraktien l\u00e4hetys - Matematiikan ja luonnontieteiden opetuksen tutkimusp\u00e4iv\u00e4t 2024","og_description":"Tutkimusp\u00e4iville tulee ilmoittautua viimeist\u00e4\u00e4n 30.9.2024 ilmoittautumislomakkeen avulla. My\u00f6s abstraktien l\u00e4hetys tapahtuu saman lomakkeen kautta. Abstraktien j\u00e4tt\u00e4miselle on mahdollista saada lis\u00e4aikaa mainitsemalla asiasta ilmoittautumislomakkeen kohdassa &#8221;Muuta huomioitavaa&#8221;. Abstraktien hyv\u00e4ksymisest\u00e4 l\u00e4hetet\u00e4\u00e4n erillinen p\u00e4\u00e4t\u00f6s s\u00e4hk\u00f6postitse. Esitelm\u00e4n abstrakti voi olla pituudeltaan enint\u00e4\u00e4n 200 sanaa. Abstrakti voi olla joko suomeksi, ruotsiksi tai englanniksi.","og_url":"https:\/\/sites.uef.fi\/mlpaivat2024\/ilmoittautuminen-ja-abstraktien-lahetys\/","og_site_name":"Matematiikan ja luonnontieteiden opetuksen tutkimusp\u00e4iv\u00e4t 2024","article_modified_time":"2024-09-26T09:22:49+00:00","twitter_card":"summary_large_image","twitter_misc":{"Arvioitu lukuaika":"1 minuutti"},"schema":{"@context":"https:\/\/schema.org","@graph":[{"@type":"WebPage","@id":"https:\/\/sites.uef.fi\/mlpaivat2024\/ilmoittautuminen-ja-abstraktien-lahetys\/","url":"https:\/\/sites.uef.fi\/mlpaivat2024\/ilmoittautuminen-ja-abstraktien-lahetys\/","name":"Ilmoittautuminen ja abstraktien l\u00e4hetys - Matematiikan ja luonnontieteiden opetuksen tutkimusp\u00e4iv\u00e4t 2024","isPartOf":{"@id":"https:\/\/sites.uef.fi\/mlpaivat2024\/#website"},"datePublished":"2024-09-26T09:22:48+00:00","dateModified":"2024-09-26T09:22:49+00:00","breadcrumb":{"@id":"https:\/\/sites.uef.fi\/mlpaivat2024\/ilmoittautuminen-ja-abstraktien-lahetys\/#breadcrumb"},"inLanguage":"fi","potentialAction":[{"@type":"ReadAction","target":["https:\/\/sites.uef.fi\/mlpaivat2024\/ilmoittautuminen-ja-abstraktien-lahetys\/"]}]},{"@type":"BreadcrumbList","@id":"https:\/\/sites.uef.fi\/mlpaivat2024\/ilmoittautuminen-ja-abstraktien-lahetys\/#breadcrumb","itemListElement":[{"@type":"ListItem","position":1,"name":"Home","item":"https:\/\/sites.uef.fi\/mlpaivat2024\/"},{"@type":"ListItem","position":2,"name":"Ilmoittautuminen ja abstraktien l\u00e4hetys"}]},{"@type":"WebSite","@id":"https:\/\/sites.uef.fi\/mlpaivat2024\/#website","url":"https:\/\/sites.uef.fi\/mlpaivat2024\/","name":"Matematiikan ja luonnontieteiden opetuksen tutkimusp\u00e4iv\u00e4t 2024","description":"","potentialAction":[{"@type":"SearchAction","target":{"@type":"EntryPoint","urlTemplate":"https:\/\/sites.uef.fi\/mlpaivat2024\/?s={search_term_string}"},"query-input":{"@type":"PropertyValueSpecification","valueRequired":true,"valueName":"search_term_string"}}],"inLanguage":"fi"}]}},"_links":{"self":[{"href":"https:\/\/sites.uef.fi\/mlpaivat2024\/wp-json\/wp\/v2\/pages\/502","targetHints":{"allow":["GET"]}}],"collection":[{"href":"https:\/\/sites.uef.fi\/mlpaivat2024\/wp-json\/wp\/v2\/pages"}],"about":[{"href":"https:\/\/sites.uef.fi\/mlpaivat2024\/wp-json\/wp\/v2\/types\/page"}],"author":[{"embeddable":true,"href":"https:\/\/sites.uef.fi\/mlpaivat2024\/wp-json\/wp\/v2\/users\/1183"}],"replies":[{"embeddable":true,"href":"https:\/\/sites.uef.fi\/mlpaivat2024\/wp-json\/wp\/v2\/comments?post=502"}],"version-history":[{"count":1,"href":"https:\/\/sites.uef.fi\/mlpaivat2024\/wp-json\/wp\/v2\/pages\/502\/revisions"}],"predecessor-version":[{"id":508,"href":"https:\/\/sites.uef.fi\/mlpaivat2024\/wp-json\/wp\/v2\/pages\/502\/revisions\/508"}],"wp:attachment":[{"href":"https:\/\/sites.uef.fi\/mlpaivat2024\/wp-json\/wp\/v2\/media?parent=502"}],"curies":[{"name":"wp","href":"https:\/\/api.w.org\/{rel}","templated":true}]}}