{"id":10,"date":"2022-02-24T10:19:42","date_gmt":"2022-02-24T10:19:42","guid":{"rendered":"https:\/\/sites.uef.fi\/mobilelives\/?page_id=10"},"modified":"2023-11-13T13:31:52","modified_gmt":"2023-11-13T13:31:52","slug":"homepage","status":"publish","type":"page","link":"https:\/\/sites.uef.fi\/mobilelives\/","title":{"rendered":"EtmuDays 2022"},"content":{"rendered":"\n<p class=\"has-medium-font-size\"><strong>The 2023 EtmuDays is held in Jyv\u00e4skyl\u00e4, from 30th November to 1st of December 2023<\/strong><\/p>\n\n\n\n<p class=\"has-vivid-cyan-blue-color has-text-color\"><strong>https:\/\/www.jyu.fi\/en\/congress\/etmudays2023 <\/strong><\/p>\n\n\n\n<p><strong>\u00a9 Design of the conference visual theme:<\/strong> Anni Koikkalainen<\/p>\n\n\n\n<h1 class=\"wp-block-heading has-black-color has-text-color\">Mobile Lives, Glocal Complexities<\/h1>\n\n\n\n<p><strong>The 19th Society for the Study of Ethnic Relations and International Migration (ETMU)<\/strong> conference will be organized at the University of Eastern Finland,  on 24-25 November 2022. A pre-conference event for PhD students will be arranged already on the 23rd of November. <\/p>\n\n\n\n<p>National and international mobilities are often interrelated. Forced migration is a prime case of that, even though the internally displaced and those seeking international protection are often conceptually divided. Moreover, labour and seasonal migrants change localities according to, for example, industrial projects, company postings, care deficits, or agribusiness demand, and include both domestic and international workforces.&nbsp;<\/p>\n\n\n\n<p>An ever-increasing number of people live translocal lives, being settled in two or more places, while the various crises across the globe have hastened the reappearance of national borders and many countries have restricted movement severely, thus highlighting that, at exceptional times, voluntary mobility is the privilege of the few. The crises considered include the war in Ukraine, the Covid-19 pandemic, and other watershed moments in national, local, or personal contexts. Questions of multiple belonging and relatedness, or exclusion and inclusion, in such translocal situations are pertinent across national borders and domestically.&nbsp;<\/p>\n\n\n\n<p>Given the unstable times in which we live, attention to the interrelationship between migration studies and border studies seems more important than ever. As a collaboration between the Society for the Study of Ethnic Relations and International Migration (ETMU) and the UEF\u2019s Borders, Mobilities and Cultural Encounters Research Community (BOMOCULT), we hope that the 19th ETMU Days Conference will provide a constructive forum for conversations across the disciplinary boundaries of border studies, migration studies and other related fields that may otherwise operate as discrete and disconnected fields of inquiry.<\/p>\n\n\n\n<p><strong>Mobile Lives, Glocal Complexities &#8211; the 19th ETMU Days<\/strong> hope to advance multidisciplinary perspectives across such fields as the humanities and the social sciences, but also across the borders of arts, civic action, and science.&nbsp;<\/p>\n\n\n\n<p><strong>The call for papers has now ended<\/strong> and the conference team and working group convenors are managing the submissions. <\/p>\n\n\n\n<p>Please check the program page for the conference timetable and workshops for the accepted abstracts. Conference registration is open until 13th November.<\/p>\n\n\n\n<p class=\"has-vivid-cyan-blue-color has-text-color\">And please follow us on Twitter at Mobile Lives, Glocal Complexities &nbsp;<strong>@GlocalLives<\/strong>!<\/p>\n\n\n\n<p><br><strong>Please note: <\/strong><br>The conference will have a cheaper conference fee for ETMU members and members of the UEF BOMOCULT research community. Apply for the ETMU membership and pay the fee well before the closing date of the registration, otherwise, you will need to pay the higher participation fee for non-members.<br><br>The ETMU membership fees are 30 \u20ac regular members, 20\u20ac students (graduate studies), unemployed, and pensioners, and 50\u20ac if you wish to support ETMU with a higher fee.&nbsp;More information on membership <a href=\"https:\/\/etmu.fi\/en\/membership\/\">here<\/a>.<br><br><strong>Welcome to Joensuu!<\/strong><\/p>\n\n\n\n<p><\/p>\n\n\n\n<p class=\"has-text-align-center\">We are grateful for the following conference partners<\/p>\n\n\n    <div class=\"funders grid\">\n                        <a href=\"https:\/\/www.uef.fi\/en\/research-community\/borders-mobilities-and-cultural-encounters-bomocult\" class=\"funders__link grid__item hover-scale-down\" title=\"\">\n                            <div class=\"funders__image\">\n                    <img decoding=\"async\" src=\"https:\/\/sites.uef.fi\/mobilelives\/wp-content\/uploads\/sites\/349\/2022\/03\/RC_Bomocult_Logo_valk-1.jpg\" alt=\"Borders, Mobilities and Cultural Encounters Research Community, UEF\" \/>\n                <\/div>\n                                                    <div class=\"funders__arrow\">\n                    <svg xmlns=\"http:\/\/www.w3.org\/2000\/svg\" height=\"25px\" viewBox=\"0 -960 960 960\" width=\"24px\" ><path fill=\"currentColor\" d=\"M200-120q-33 0-56.5-23.5T120-200v-560q0-33 23.5-56.5T200-840h280v80H200v560h560v-280h80v280q0 33-23.5 56.5T760-120H200Zm188-212-56-56 372-372H560v-80h280v280h-80v-144L388-332Z\"\/><\/svg>                    <\/div>\n                <\/a>\n                            \n                        <a href=\"https:\/\/www.uef.fi\/en\" class=\"funders__link grid__item hover-scale-down\" title=\"\">\n                            <div class=\"funders__image\">\n                    <img decoding=\"async\" src=\"https:\/\/sites.uef.fi\/mobilelives\/wp-content\/uploads\/sites\/349\/2022\/03\/UEF-musta-logo-engl-pysty-1-scaled.jpg\" alt=\"University of Eastern Fiinland\" \/>\n                <\/div>\n                                                    <div class=\"funders__arrow\">\n                    <svg xmlns=\"http:\/\/www.w3.org\/2000\/svg\" height=\"25px\" viewBox=\"0 -960 960 960\" width=\"24px\" ><path fill=\"currentColor\" d=\"M200-120q-33 0-56.5-23.5T120-200v-560q0-33 23.5-56.5T200-840h280v80H200v560h560v-280h80v280q0 33-23.5 56.5T760-120H200Zm188-212-56-56 372-372H560v-80h280v280h-80v-144L388-332Z\"\/><\/svg>                    <\/div>\n                <\/a>\n                            \n                        <a href=\"https:\/\/etmu.fi\/en\/\" class=\"funders__link grid__item hover-scale-down\" title=\"\">\n                            <div class=\"funders__image\">\n                    <img decoding=\"async\" src=\"https:\/\/sites.uef.fi\/mobilelives\/wp-content\/uploads\/sites\/349\/2022\/03\/ETMU_logo-1.jpg\" alt=\"The Society for the Study of Ethnic Relations and International Migration (ETMU)\" \/>\n                <\/div>\n                                                    <div class=\"funders__arrow\">\n                    <svg xmlns=\"http:\/\/www.w3.org\/2000\/svg\" height=\"25px\" viewBox=\"0 -960 960 960\" width=\"24px\" ><path fill=\"currentColor\" d=\"M200-120q-33 0-56.5-23.5T120-200v-560q0-33 23.5-56.5T200-840h280v80H200v560h560v-280h80v280q0 33-23.5 56.5T760-120H200Zm188-212-56-56 372-372H560v-80h280v280h-80v-144L388-332Z\"\/><\/svg>                    <\/div>\n                <\/a>\n                            \n                        <a href=\"https:\/\/www.joensuu.fi\" class=\"funders__link grid__item hover-scale-down\" title=\"\">\n                            <div class=\"funders__image\">\n                    <img decoding=\"async\" src=\"https:\/\/sites.uef.fi\/mobilelives\/wp-content\/uploads\/sites\/349\/2022\/10\/01_Joensuu_vaaka_sininen_rgb.png\" alt=\"The City of Joensuu\" \/>\n                <\/div>\n                                                    <div class=\"funders__arrow\">\n                    <svg xmlns=\"http:\/\/www.w3.org\/2000\/svg\" height=\"25px\" viewBox=\"0 -960 960 960\" width=\"24px\" ><path fill=\"currentColor\" d=\"M200-120q-33 0-56.5-23.5T120-200v-560q0-33 23.5-56.5T200-840h280v80H200v560h560v-280h80v280q0 33-23.5 56.5T760-120H200Zm188-212-56-56 372-372H560v-80h280v280h-80v-144L388-332Z\"\/><\/svg>                    <\/div>\n                <\/a>\n                            \n                        <a href=\"https:\/\/skr.fi\/en\/regional-funds\/north-karelia-regional-fund\" class=\"funders__link grid__item hover-scale-down\" title=\"\">\n                            <div class=\"funders__image\">\n                    <img decoding=\"async\" src=\"https:\/\/sites.uef.fi\/mobilelives\/wp-content\/uploads\/sites\/349\/2022\/10\/Pohjoiskarjalanrahasto_vihrea_cmyk.jpg\" alt=\"Finnish Cultural Foundation, North Karelia Regional Fund\" \/>\n                <\/div>\n                                                    <div class=\"funders__arrow\">\n                    <svg xmlns=\"http:\/\/www.w3.org\/2000\/svg\" height=\"25px\" viewBox=\"0 -960 960 960\" width=\"24px\" ><path fill=\"currentColor\" d=\"M200-120q-33 0-56.5-23.5T120-200v-560q0-33 23.5-56.5T200-840h280v80H200v560h560v-280h80v280q0 33-23.5 56.5T760-120H200Zm188-212-56-56 372-372H560v-80h280v280h-80v-144L388-332Z\"\/><\/svg>                    <\/div>\n                <\/a>\n                            \n                        <a href=\"https:\/\/www.uef.fi\/fi\/yliopistosaatiot\" class=\"funders__link grid__item hover-scale-down\" title=\"\">\n                            <div class=\"funders__image\">\n                    <img decoding=\"async\" src=\"https:\/\/sites.uef.fi\/mobilelives\/wp-content\/uploads\/sites\/349\/2023\/11\/Joensuun-yliopiston-tukisaatio.png\" alt=\"Joensuun yliopiston tukis\u00e4\u00e4ti\u00f6\" \/>\n                <\/div>\n                                                    <div class=\"funders__arrow\">\n                    <svg xmlns=\"http:\/\/www.w3.org\/2000\/svg\" height=\"25px\" viewBox=\"0 -960 960 960\" width=\"24px\" ><path fill=\"currentColor\" d=\"M200-120q-33 0-56.5-23.5T120-200v-560q0-33 23.5-56.5T200-840h280v80H200v560h560v-280h80v280q0 33-23.5 56.5T760-120H200Zm188-212-56-56 372-372H560v-80h280v280h-80v-144L388-332Z\"\/><\/svg>                    <\/div>\n                <\/a>\n                            \n            <\/div>\n","protected":false},"excerpt":{"rendered":"<p>The 2023 EtmuDays is held in Jyv\u00e4skyl\u00e4, from 30th November to 1st of December 2023 https:\/\/www.jyu.fi\/en\/congress\/etmudays2023 \u00a9 Design of the conference visual theme: Anni Koikkalainen Mobile Lives, Glocal Complexities The 19th Society for the Study of Ethnic Relations and International Migration (ETMU) conference will be organized at the University of Eastern Finland, on 24-25 November [&hellip;]<\/p>\n","protected":false},"author":2,"featured_media":0,"parent":0,"menu_order":0,"comment_status":"closed","ping_status":"closed","template":"","meta":{"_acf_changed":false,"footnotes":""},"class_list":["post-10","page","type-page","status-publish","hentry"],"acf":[],"yoast_head":"<!-- This site is optimized with the Yoast SEO plugin v27.3 - https:\/\/yoast.com\/product\/yoast-seo-wordpress\/ -->\n<title>EtmuDays 2022 - The 19th Etmu Days, 24-25 November 2022, Joensuu<\/title>\n<meta name=\"description\" content=\"Annual conference of the The Society for the Study of Ethnic Relations and International Migration (ETMU).\" \/>\n<meta name=\"robots\" content=\"index, follow, max-snippet:-1, max-image-preview:large, max-video-preview:-1\" \/>\n<link rel=\"canonical\" href=\"https:\/\/sites.uef.fi\/mobilelives\/\" \/>\n<meta property=\"og:locale\" content=\"en_US\" \/>\n<meta property=\"og:type\" content=\"article\" \/>\n<meta property=\"og:title\" content=\"EtmuDays 2022 - The 19th Etmu Days, 24-25 November 2022, Joensuu\" \/>\n<meta property=\"og:description\" content=\"Annual conference of the The Society for the Study of Ethnic Relations and International Migration (ETMU).\" \/>\n<meta property=\"og:url\" content=\"https:\/\/sites.uef.fi\/mobilelives\/\" \/>\n<meta property=\"og:site_name\" content=\"The 19th Etmu Days, 24-25 November 2022, Joensuu\" \/>\n<meta property=\"article:modified_time\" content=\"2023-11-13T13:31:52+00:00\" \/>\n<meta name=\"twitter:card\" content=\"summary_large_image\" \/>\n<meta name=\"twitter:label1\" content=\"Est. reading time\" \/>\n\t<meta name=\"twitter:data1\" content=\"3 minutes\" \/>\n<script type=\"application\/ld+json\" class=\"yoast-schema-graph\">{\"@context\":\"https:\\\/\\\/schema.org\",\"@graph\":[{\"@type\":\"WebPage\",\"@id\":\"https:\\\/\\\/sites.uef.fi\\\/mobilelives\\\/\",\"url\":\"https:\\\/\\\/sites.uef.fi\\\/mobilelives\\\/\",\"name\":\"EtmuDays 2022 - The 19th Etmu Days, 24-25 November 2022, Joensuu\",\"isPartOf\":{\"@id\":\"https:\\\/\\\/sites.uef.fi\\\/mobilelives\\\/#website\"},\"datePublished\":\"2022-02-24T10:19:42+00:00\",\"dateModified\":\"2023-11-13T13:31:52+00:00\",\"description\":\"Annual conference of the The Society for the Study of Ethnic Relations and International Migration (ETMU).\",\"breadcrumb\":{\"@id\":\"https:\\\/\\\/sites.uef.fi\\\/mobilelives\\\/#breadcrumb\"},\"inLanguage\":\"en-US\",\"potentialAction\":[{\"@type\":\"ReadAction\",\"target\":[\"https:\\\/\\\/sites.uef.fi\\\/mobilelives\\\/\"]}]},{\"@type\":\"BreadcrumbList\",\"@id\":\"https:\\\/\\\/sites.uef.fi\\\/mobilelives\\\/#breadcrumb\",\"itemListElement\":[{\"@type\":\"ListItem\",\"position\":1,\"name\":\"Home\",\"item\":\"https:\\\/\\\/sites.uef.fi\\\/mobilelives\\\/\"},{\"@type\":\"ListItem\",\"position\":2,\"name\":\"EtmuDays 2022\"}]},{\"@type\":\"WebSite\",\"@id\":\"https:\\\/\\\/sites.uef.fi\\\/mobilelives\\\/#website\",\"url\":\"https:\\\/\\\/sites.uef.fi\\\/mobilelives\\\/\",\"name\":\"The 19th Etmu Days, 24-25 November 2022, Joensuu\",\"description\":\"\",\"potentialAction\":[{\"@type\":\"SearchAction\",\"target\":{\"@type\":\"EntryPoint\",\"urlTemplate\":\"https:\\\/\\\/sites.uef.fi\\\/mobilelives\\\/?s={search_term_string}\"},\"query-input\":{\"@type\":\"PropertyValueSpecification\",\"valueRequired\":true,\"valueName\":\"search_term_string\"}}],\"inLanguage\":\"en-US\"}]}<\/script>\n<!-- \/ Yoast SEO plugin. -->","yoast_head_json":{"title":"EtmuDays 2022 - The 19th Etmu Days, 24-25 November 2022, Joensuu","description":"Annual conference of the The Society for the Study of Ethnic Relations and International Migration (ETMU).","robots":{"index":"index","follow":"follow","max-snippet":"max-snippet:-1","max-image-preview":"max-image-preview:large","max-video-preview":"max-video-preview:-1"},"canonical":"https:\/\/sites.uef.fi\/mobilelives\/","og_locale":"en_US","og_type":"article","og_title":"EtmuDays 2022 - The 19th Etmu Days, 24-25 November 2022, Joensuu","og_description":"Annual conference of the The Society for the Study of Ethnic Relations and International Migration (ETMU).","og_url":"https:\/\/sites.uef.fi\/mobilelives\/","og_site_name":"The 19th Etmu Days, 24-25 November 2022, Joensuu","article_modified_time":"2023-11-13T13:31:52+00:00","twitter_card":"summary_large_image","twitter_misc":{"Est. reading time":"3 minutes"},"schema":{"@context":"https:\/\/schema.org","@graph":[{"@type":"WebPage","@id":"https:\/\/sites.uef.fi\/mobilelives\/","url":"https:\/\/sites.uef.fi\/mobilelives\/","name":"EtmuDays 2022 - The 19th Etmu Days, 24-25 November 2022, Joensuu","isPartOf":{"@id":"https:\/\/sites.uef.fi\/mobilelives\/#website"},"datePublished":"2022-02-24T10:19:42+00:00","dateModified":"2023-11-13T13:31:52+00:00","description":"Annual conference of the The Society for the Study of Ethnic Relations and International Migration (ETMU).","breadcrumb":{"@id":"https:\/\/sites.uef.fi\/mobilelives\/#breadcrumb"},"inLanguage":"en-US","potentialAction":[{"@type":"ReadAction","target":["https:\/\/sites.uef.fi\/mobilelives\/"]}]},{"@type":"BreadcrumbList","@id":"https:\/\/sites.uef.fi\/mobilelives\/#breadcrumb","itemListElement":[{"@type":"ListItem","position":1,"name":"Home","item":"https:\/\/sites.uef.fi\/mobilelives\/"},{"@type":"ListItem","position":2,"name":"EtmuDays 2022"}]},{"@type":"WebSite","@id":"https:\/\/sites.uef.fi\/mobilelives\/#website","url":"https:\/\/sites.uef.fi\/mobilelives\/","name":"The 19th Etmu Days, 24-25 November 2022, Joensuu","description":"","potentialAction":[{"@type":"SearchAction","target":{"@type":"EntryPoint","urlTemplate":"https:\/\/sites.uef.fi\/mobilelives\/?s={search_term_string}"},"query-input":{"@type":"PropertyValueSpecification","valueRequired":true,"valueName":"search_term_string"}}],"inLanguage":"en-US"}]}},"_links":{"self":[{"href":"https:\/\/sites.uef.fi\/mobilelives\/wp-json\/wp\/v2\/pages\/10","targetHints":{"allow":["GET"]}}],"collection":[{"href":"https:\/\/sites.uef.fi\/mobilelives\/wp-json\/wp\/v2\/pages"}],"about":[{"href":"https:\/\/sites.uef.fi\/mobilelives\/wp-json\/wp\/v2\/types\/page"}],"author":[{"embeddable":true,"href":"https:\/\/sites.uef.fi\/mobilelives\/wp-json\/wp\/v2\/users\/2"}],"replies":[{"embeddable":true,"href":"https:\/\/sites.uef.fi\/mobilelives\/wp-json\/wp\/v2\/comments?post=10"}],"version-history":[{"count":2,"href":"https:\/\/sites.uef.fi\/mobilelives\/wp-json\/wp\/v2\/pages\/10\/revisions"}],"predecessor-version":[{"id":2433,"href":"https:\/\/sites.uef.fi\/mobilelives\/wp-json\/wp\/v2\/pages\/10\/revisions\/2433"}],"wp:attachment":[{"href":"https:\/\/sites.uef.fi\/mobilelives\/wp-json\/wp\/v2\/media?parent=10"}],"curies":[{"name":"wp","href":"https:\/\/api.w.org\/{rel}","templated":true}]}}