{"id":140,"date":"2022-03-25T11:27:34","date_gmt":"2022-03-25T11:27:34","guid":{"rendered":"https:\/\/sites.uef.fi\/mobilelives\/?page_id=140"},"modified":"2023-11-13T15:13:37","modified_gmt":"2023-11-13T15:13:37","slug":"programme","status":"publish","type":"page","link":"https:\/\/sites.uef.fi\/mobilelives\/programme\/","title":{"rendered":"PROGRAMME"},"content":{"rendered":"\n<figure class=\"wp-block-image size-full is-resized\"><img loading=\"lazy\" decoding=\"async\" width=\"777\" height=\"545\" src=\"https:\/\/sites.uef.fi\/mobilelives\/wp-content\/uploads\/sites\/349\/2023\/11\/ETMU_Twitter_logo.jpg\" alt=\"\" class=\"wp-image-2445\" style=\"aspect-ratio:1.6677524429967427;width:415px;height:auto\" srcset=\"https:\/\/sites.uef.fi\/mobilelives\/wp-content\/uploads\/sites\/349\/2023\/11\/ETMU_Twitter_logo.jpg 777w, https:\/\/sites.uef.fi\/mobilelives\/wp-content\/uploads\/sites\/349\/2023\/11\/ETMU_Twitter_logo-300x210.jpg 300w, https:\/\/sites.uef.fi\/mobilelives\/wp-content\/uploads\/sites\/349\/2023\/11\/ETMU_Twitter_logo-768x539.jpg 768w\" sizes=\"auto, (max-width: 777px) 100vw, 777px\" \/><\/figure>\n\n\n\n<p class=\"has-vivid-cyan-blue-color has-text-color\"><br><strong>WEDNESDAY 23.11.<\/strong>&nbsp; <\/p>\n\n\n\n<p><strong>PRE-CONFERENCE EVENT FOR PHD STUDENTS<\/strong> <br>University of Eastern Finland, Joensuu Campus<br>Metria Building, Yliopistokatu 7, 80100, Joensuu<br><em>Eastern European Time (EET\/UTC +2). <\/em><\/p>\n\n\n\n<p>12.00\u201313.00&nbsp;<strong>Keynote  AIJA LULLE: <\/strong>Brexit and EU Migrants in London. Room M106&nbsp;<br>13.00\u201313.30 Coffee&nbsp;&nbsp;<br>13.30\u201317.00 <strong>Student papers<\/strong>. Room M106&nbsp;&nbsp;<br><br><strong>Evening program: film screening (free and open for everyone)<\/strong><br>Restaurant Kerubi, Siltakatu 1 (Ilosaari), 80100 Joensuu&nbsp;<\/p>\n\n\n\n<p>19.00 &nbsp;&nbsp;&nbsp;&nbsp;&nbsp;&nbsp;&nbsp;&nbsp;&nbsp;Introduction to the film by Keina Espi\u00f1eira<br>19.15 &nbsp;&nbsp;&nbsp;&nbsp;&nbsp;&nbsp;&nbsp;&nbsp;&nbsp; <strong><em>The Colour of the Sea: A Filmic Border Experience in Ceuta<\/em><\/strong>  (28 min).<br>19.45 &nbsp;&nbsp;&nbsp;&nbsp;&nbsp;&nbsp;&nbsp;&nbsp;&nbsp;Q&amp;A, Discussion<br><br><strong><em>The Colour of the Sea: A Filmic Border Experience in Ceuta<\/em><\/strong> (2015) focuses on African migrants on the border of the Spanish enclave of Ceuta on the coast of Morocco. It is a collaborative artwork made together with the migrants who succeed in despectaculizing the border. The film was nominated for the European Short Film Awards and it was produced in the framework of the EUBORDERSCAPES (EU, FP7) project coordinated by the University of Eastern Finland.<\/p>\n\n\n\n<p><strong>Keina Espi\u00f1eira<\/strong> is a scholar and artist. She is a Research Associate with the Societies in Motion research team (ESOMI), at the Department of Sociology and Audiovisual Communication of the University of A Coru\u00f1a (Spain). <\/p>\n\n\n\n<p class=\"has-vivid-cyan-blue-color has-text-color\"><strong>THURSDAY 24.11.<\/strong><\/p>\n\n\n\n<p>University of Eastern Finland, Joensuu Campus<br>Metria Building, Yliopistokatu 7, 80100, Joensuu<br><em>Eastern European Time (EET\/UTC +2). <\/em><\/p>\n\n\n\n<p class=\"has-black-color has-text-color\">12.15\u201312.30 Opening and welcome. Lecture hall M101<br>Chairperson of the Organising Committee Tiina Sotkasiira<br>Academic rector Tapio M\u00e4\u00e4tt\u00e4<\/p>\n\n\n\n<p>12.30\u201313.30 <strong>Keynote PARVATI RAGHURAM<\/strong>: Feminist, postcolonial, decolonial: Articulations with migration theory and practice. Lecture hall M101<br>Chair: Tiina Sotkasiira<\/p>\n\n\n\n<p>13.30\u201314.00 <em>Coffee break<\/em><\/p>\n\n\n\n<p>14.00-15.30 <strong>Working Groups 1<\/strong><\/p>\n\n\n\n<p>WS 1. Activist research in practice: Methodological and ethical conversations. Room M105<br>WS 3. Border Crossings in the Human-Nature Relationship. Room M305<br>WS 4. Forms of mobility in cultural representations of migration. Room M304<br>WS 5. Literary constructions of mobilities and migration: Mobile lives, translocal stories. Room M106<br>WS 12. The war in Ukraine: humanitarian, political, and social consequences of the crisis. Room M108<br>WS 13 Transnational death: migration, everyday, crises. Room M110<br>WS 14. Whiteness and national belonging in Finland. Room M109<br>WS 15a. New Directions in Ethnic and Migration Research. Room M107 \/ Online<br>DISCUSSION EVENT: Anchoring European migration research to social justice M303<\/p>\n\n\n\n<p>15.45-16.45 <strong>Keynote AMPORN JIRATTIKORN<\/strong>:  Masculinity for sale: Shan migrant male sex workers in Chiang Mai, Thailand and the performance of manhood. Lecture hall M101<br>Chair: Joni Virkkunen<\/p>\n\n\n\n<p>17.00\u201318.30 <strong>Working Groups 2<\/strong><\/p>\n\n\n\n<p>WS 1. Activist research in practice: Methodological and ethical conversations. Room M105<br>WS 4. Forms of mobility in cultural representations of migration. Room M304 <br>WS 7. Mobile family lives and local-global complexity. Room M303<br>WS 11. Religious complexities and diversities. Room M305 \/ Online<br>WS 12. The war in Ukraine: humanitarian, political, and social consequences of the crisis. Room M108<br>WS 14. Whiteness and national belonging in Finland. Room M109<br>WS 15b. New Directions in Ethnic and Migration Research. Room M107 \/ Online<\/p>\n\n\n\n<p>19.30-&gt; <em>Conference dinner<\/em> <em>and evening program<\/em> for registered participants<br>Restaurant Kerubi, Siltakatu 1 (Ilosaari), 80100 Joensuu<br><em>For participants, who paid the dinner ticket (32\u20ac) when registering for the conference<\/em>.<\/p>\n\n\n\n<p>Welcome to <strong>SALATAIDEKAPAKKA &#8211; THE ART SPEAKEASY<\/strong>, where the drinks on the menu are pieces of performative art, short shots, and house specials.  <\/p>\n\n\n\n<p class=\"has-luminous-vivid-amber-color has-text-color\">Join us and be intoxicated by art!<\/p>\n\n\n\n<p>Evening program arranged by Pohjois-Karjalan Kansanteatteri Pokka <\/p>\n\n\n\n<div class=\"wp-block-columns is-layout-flex wp-container-core-columns-is-layout-9d6595d7 wp-block-columns-is-layout-flex\">\n<div class=\"wp-block-column is-layout-flow wp-block-column-is-layout-flow\">\n<figure class=\"wp-block-image aligncenter size-full is-resized\"><img loading=\"lazy\" decoding=\"async\" width=\"715\" height=\"610\" src=\"https:\/\/sites.uef.fi\/mobilelives\/wp-content\/uploads\/sites\/349\/2022\/10\/Pokka_salataide-2.jpg\" alt=\"\" class=\"wp-image-1778\" style=\"aspect-ratio:1.1721311475409837;width:223px;height:auto\" srcset=\"https:\/\/sites.uef.fi\/mobilelives\/wp-content\/uploads\/sites\/349\/2022\/10\/Pokka_salataide-2.jpg 715w, https:\/\/sites.uef.fi\/mobilelives\/wp-content\/uploads\/sites\/349\/2022\/10\/Pokka_salataide-2-300x256.jpg 300w\" sizes=\"auto, (max-width: 715px) 100vw, 715px\" \/><figcaption class=\"wp-element-caption\">The Art Speakeasy<\/figcaption><\/figure>\n<\/div>\n\n\n\n<div class=\"wp-block-column is-layout-flow wp-block-column-is-layout-flow\">\n<figure class=\"wp-block-image alignleft size-full\"><img loading=\"lazy\" decoding=\"async\" width=\"354\" height=\"101\" src=\"https:\/\/sites.uef.fi\/mobilelives\/wp-content\/uploads\/sites\/349\/2022\/10\/Pokka-3.jpg\" alt=\"\" class=\"wp-image-1781\" srcset=\"https:\/\/sites.uef.fi\/mobilelives\/wp-content\/uploads\/sites\/349\/2022\/10\/Pokka-3.jpg 354w, https:\/\/sites.uef.fi\/mobilelives\/wp-content\/uploads\/sites\/349\/2022\/10\/Pokka-3-300x86.jpg 300w\" sizes=\"auto, (max-width: 354px) 100vw, 354px\" \/><\/figure>\n<\/div>\n<\/div>\n\n\n\n<p class=\"has-vivid-cyan-blue-color has-text-color\"><strong>FRIDAY 25.11.<\/strong><\/p>\n\n\n\n<p>9.00\u201310.45 <strong>Working Groups 3<\/strong><\/p>\n\n\n\n<p>WS 1. Activist research in practice: Methodological and ethical conversations. Room M105<br>WS 2. Between the law and the migrant: emancipatory and marginalizing relationship. Room M304<br>WS 5. Literary constructions of mobilities and migration: Mobile lives, translocal stories. Room M106 <br>WS 6. Migration and resettlement in rural settings. Room M305<br>WS 7. Mobile family lives and local-global complexity. Room M303<br>WS 9b. Migration at European borders M302 \/ Online <br>WS13 Transnational death: migration, everyday, crises. Room M110 <br>WS 14. Whiteness and national belonging in Finland. Room M109 <br>WS 15c. New Directions in Ethnic and Migration Research. Room M107 \/ Online<\/p>\n\n\n\n<p>10.45\u201311.15 <em>Coffee break<\/em><\/p>\n\n\n\n<p>11.15\u201312.15 <strong>Keynote OLGA FILIPPOVA<\/strong>: Home-leaving and home-making: Forced migration, liminality and strategies of integration. Lecture hall M101<br>Chair: Olga Davydova-Minguet<\/p>\n\n\n\n<p>12.15\u201313.00 Presentation of the Etmu Award  and Closing of the conference<br>Chairs: Saara Koikkalainen &amp; Johanna Ennser-Kananen<\/p>\n\n\n\n<p><\/p>\n\n\n\n<p>Note: All the times displayed in the programme follow Eastern European Time (EET\/UTC +2). We reserve the right to make changes if necessary.<\/p>\n\n\n    <div class=\"funders grid\">\n                        <a href=\"https:\/\/www.uef.fi\/en\/research-community\/borders-mobilities-and-cultural-encounters-bomocult\" class=\"funders__link grid__item hover-scale-down\" title=\"\">\n                            <div class=\"funders__image\">\n                    <img decoding=\"async\" src=\"https:\/\/sites.uef.fi\/mobilelives\/wp-content\/uploads\/sites\/349\/2022\/03\/RC_Bomocult_Logo_valk-1.jpg\" alt=\"Borders, Mobilities and Cultural Encounters Research Community, UEF\" \/>\n                <\/div>\n                                                    <div class=\"funders__arrow\">\n                    <svg xmlns=\"http:\/\/www.w3.org\/2000\/svg\" height=\"25px\" viewBox=\"0 -960 960 960\" width=\"24px\" ><path fill=\"currentColor\" d=\"M200-120q-33 0-56.5-23.5T120-200v-560q0-33 23.5-56.5T200-840h280v80H200v560h560v-280h80v280q0 33-23.5 56.5T760-120H200Zm188-212-56-56 372-372H560v-80h280v280h-80v-144L388-332Z\"\/><\/svg>                    <\/div>\n                <\/a>\n                            \n                        <a href=\"https:\/\/www.uef.fi\/en\" class=\"funders__link grid__item hover-scale-down\" title=\"\">\n                            <div class=\"funders__image\">\n                    <img decoding=\"async\" src=\"https:\/\/sites.uef.fi\/mobilelives\/wp-content\/uploads\/sites\/349\/2022\/03\/UEF-musta-logo-engl-pysty-1-scaled.jpg\" alt=\"University of Eastern Fiinland\" \/>\n                <\/div>\n                                                    <div class=\"funders__arrow\">\n                    <svg xmlns=\"http:\/\/www.w3.org\/2000\/svg\" height=\"25px\" viewBox=\"0 -960 960 960\" width=\"24px\" ><path fill=\"currentColor\" d=\"M200-120q-33 0-56.5-23.5T120-200v-560q0-33 23.5-56.5T200-840h280v80H200v560h560v-280h80v280q0 33-23.5 56.5T760-120H200Zm188-212-56-56 372-372H560v-80h280v280h-80v-144L388-332Z\"\/><\/svg>                    <\/div>\n                <\/a>\n                            \n                        <a href=\"https:\/\/etmu.fi\/en\/\" class=\"funders__link grid__item hover-scale-down\" title=\"\">\n                            <div class=\"funders__image\">\n                    <img decoding=\"async\" src=\"https:\/\/sites.uef.fi\/mobilelives\/wp-content\/uploads\/sites\/349\/2022\/03\/ETMU_logo-1.jpg\" alt=\"The Society for the Study of Ethnic Relations and International Migration (ETMU)\" \/>\n                <\/div>\n                                                    <div class=\"funders__arrow\">\n                    <svg xmlns=\"http:\/\/www.w3.org\/2000\/svg\" height=\"25px\" viewBox=\"0 -960 960 960\" width=\"24px\" ><path fill=\"currentColor\" d=\"M200-120q-33 0-56.5-23.5T120-200v-560q0-33 23.5-56.5T200-840h280v80H200v560h560v-280h80v280q0 33-23.5 56.5T760-120H200Zm188-212-56-56 372-372H560v-80h280v280h-80v-144L388-332Z\"\/><\/svg>                    <\/div>\n                <\/a>\n                            \n            <\/div>\n","protected":false},"excerpt":{"rendered":"<p>WEDNESDAY 23.11.&nbsp; PRE-CONFERENCE EVENT FOR PHD STUDENTS University of Eastern Finland, Joensuu CampusMetria Building, Yliopistokatu 7, 80100, JoensuuEastern European Time (EET\/UTC +2). 12.00\u201313.00&nbsp;Keynote AIJA LULLE: Brexit and EU Migrants in London. Room M106&nbsp;13.00\u201313.30 Coffee&nbsp;&nbsp;13.30\u201317.00 Student papers. Room M106&nbsp;&nbsp; Evening program: film screening (free and open for everyone)Restaurant Kerubi, Siltakatu 1 (Ilosaari), 80100 Joensuu&nbsp; 19.00 &nbsp;&nbsp;&nbsp;&nbsp;&nbsp;&nbsp;&nbsp;&nbsp;&nbsp;Introduction [&hellip;]<\/p>\n","protected":false},"author":723,"featured_media":0,"parent":0,"menu_order":0,"comment_status":"closed","ping_status":"closed","template":"","meta":{"_acf_changed":false,"footnotes":""},"class_list":["post-140","page","type-page","status-publish","hentry"],"acf":[],"yoast_head":"<!-- This site is optimized with the Yoast SEO plugin v27.3 - https:\/\/yoast.com\/product\/yoast-seo-wordpress\/ -->\n<title>PROGRAMME - The 19th Etmu Days, 24-25 November 2022, Joensuu<\/title>\n<meta name=\"robots\" content=\"index, follow, max-snippet:-1, max-image-preview:large, max-video-preview:-1\" \/>\n<link rel=\"canonical\" href=\"https:\/\/sites.uef.fi\/mobilelives\/programme\/\" \/>\n<meta property=\"og:locale\" content=\"en_US\" \/>\n<meta property=\"og:type\" content=\"article\" \/>\n<meta property=\"og:title\" content=\"PROGRAMME - The 19th Etmu Days, 24-25 November 2022, Joensuu\" \/>\n<meta property=\"og:description\" content=\"WEDNESDAY 23.11.&nbsp; PRE-CONFERENCE EVENT FOR PHD STUDENTS University of Eastern Finland, Joensuu CampusMetria Building, Yliopistokatu 7, 80100, JoensuuEastern European Time (EET\/UTC +2). 12.00\u201313.00&nbsp;Keynote AIJA LULLE: Brexit and EU Migrants in London. Room M106&nbsp;13.00\u201313.30 Coffee&nbsp;&nbsp;13.30\u201317.00 Student papers. Room M106&nbsp;&nbsp; Evening program: film screening (free and open for everyone)Restaurant Kerubi, Siltakatu 1 (Ilosaari), 80100 Joensuu&nbsp; 19.00 &nbsp;&nbsp;&nbsp;&nbsp;&nbsp;&nbsp;&nbsp;&nbsp;&nbsp;Introduction [&hellip;]\" \/>\n<meta property=\"og:url\" content=\"https:\/\/sites.uef.fi\/mobilelives\/programme\/\" \/>\n<meta property=\"og:site_name\" content=\"The 19th Etmu Days, 24-25 November 2022, Joensuu\" \/>\n<meta property=\"article:modified_time\" content=\"2023-11-13T15:13:37+00:00\" \/>\n<meta property=\"og:image\" content=\"https:\/\/sites.uef.fi\/mobilelives\/wp-content\/uploads\/sites\/349\/2023\/11\/ETMU_Twitter_logo.jpg\" \/>\n<meta name=\"twitter:card\" content=\"summary_large_image\" \/>\n<meta name=\"twitter:label1\" content=\"Est. reading time\" \/>\n\t<meta name=\"twitter:data1\" content=\"4 minutes\" \/>\n<script type=\"application\/ld+json\" class=\"yoast-schema-graph\">{\"@context\":\"https:\\\/\\\/schema.org\",\"@graph\":[{\"@type\":\"WebPage\",\"@id\":\"https:\\\/\\\/sites.uef.fi\\\/mobilelives\\\/programme\\\/\",\"url\":\"https:\\\/\\\/sites.uef.fi\\\/mobilelives\\\/programme\\\/\",\"name\":\"PROGRAMME - The 19th Etmu Days, 24-25 November 2022, Joensuu\",\"isPartOf\":{\"@id\":\"https:\\\/\\\/sites.uef.fi\\\/mobilelives\\\/#website\"},\"primaryImageOfPage\":{\"@id\":\"https:\\\/\\\/sites.uef.fi\\\/mobilelives\\\/programme\\\/#primaryimage\"},\"image\":{\"@id\":\"https:\\\/\\\/sites.uef.fi\\\/mobilelives\\\/programme\\\/#primaryimage\"},\"thumbnailUrl\":\"https:\\\/\\\/sites.uef.fi\\\/mobilelives\\\/wp-content\\\/uploads\\\/sites\\\/349\\\/2023\\\/11\\\/ETMU_Twitter_logo.jpg\",\"datePublished\":\"2022-03-25T11:27:34+00:00\",\"dateModified\":\"2023-11-13T15:13:37+00:00\",\"breadcrumb\":{\"@id\":\"https:\\\/\\\/sites.uef.fi\\\/mobilelives\\\/programme\\\/#breadcrumb\"},\"inLanguage\":\"en-US\",\"potentialAction\":[{\"@type\":\"ReadAction\",\"target\":[\"https:\\\/\\\/sites.uef.fi\\\/mobilelives\\\/programme\\\/\"]}]},{\"@type\":\"ImageObject\",\"inLanguage\":\"en-US\",\"@id\":\"https:\\\/\\\/sites.uef.fi\\\/mobilelives\\\/programme\\\/#primaryimage\",\"url\":\"https:\\\/\\\/sites.uef.fi\\\/mobilelives\\\/wp-content\\\/uploads\\\/sites\\\/349\\\/2023\\\/11\\\/ETMU_Twitter_logo.jpg\",\"contentUrl\":\"https:\\\/\\\/sites.uef.fi\\\/mobilelives\\\/wp-content\\\/uploads\\\/sites\\\/349\\\/2023\\\/11\\\/ETMU_Twitter_logo.jpg\",\"width\":777,\"height\":545},{\"@type\":\"BreadcrumbList\",\"@id\":\"https:\\\/\\\/sites.uef.fi\\\/mobilelives\\\/programme\\\/#breadcrumb\",\"itemListElement\":[{\"@type\":\"ListItem\",\"position\":1,\"name\":\"Home\",\"item\":\"https:\\\/\\\/sites.uef.fi\\\/mobilelives\\\/\"},{\"@type\":\"ListItem\",\"position\":2,\"name\":\"PROGRAMME\"}]},{\"@type\":\"WebSite\",\"@id\":\"https:\\\/\\\/sites.uef.fi\\\/mobilelives\\\/#website\",\"url\":\"https:\\\/\\\/sites.uef.fi\\\/mobilelives\\\/\",\"name\":\"The 19th Etmu Days, 24-25 November 2022, Joensuu\",\"description\":\"\",\"potentialAction\":[{\"@type\":\"SearchAction\",\"target\":{\"@type\":\"EntryPoint\",\"urlTemplate\":\"https:\\\/\\\/sites.uef.fi\\\/mobilelives\\\/?s={search_term_string}\"},\"query-input\":{\"@type\":\"PropertyValueSpecification\",\"valueRequired\":true,\"valueName\":\"search_term_string\"}}],\"inLanguage\":\"en-US\"}]}<\/script>\n<!-- \/ Yoast SEO plugin. -->","yoast_head_json":{"title":"PROGRAMME - The 19th Etmu Days, 24-25 November 2022, Joensuu","robots":{"index":"index","follow":"follow","max-snippet":"max-snippet:-1","max-image-preview":"max-image-preview:large","max-video-preview":"max-video-preview:-1"},"canonical":"https:\/\/sites.uef.fi\/mobilelives\/programme\/","og_locale":"en_US","og_type":"article","og_title":"PROGRAMME - The 19th Etmu Days, 24-25 November 2022, Joensuu","og_description":"WEDNESDAY 23.11.&nbsp; PRE-CONFERENCE EVENT FOR PHD STUDENTS University of Eastern Finland, Joensuu CampusMetria Building, Yliopistokatu 7, 80100, JoensuuEastern European Time (EET\/UTC +2). 12.00\u201313.00&nbsp;Keynote AIJA LULLE: Brexit and EU Migrants in London. Room M106&nbsp;13.00\u201313.30 Coffee&nbsp;&nbsp;13.30\u201317.00 Student papers. Room M106&nbsp;&nbsp; Evening program: film screening (free and open for everyone)Restaurant Kerubi, Siltakatu 1 (Ilosaari), 80100 Joensuu&nbsp; 19.00 &nbsp;&nbsp;&nbsp;&nbsp;&nbsp;&nbsp;&nbsp;&nbsp;&nbsp;Introduction [&hellip;]","og_url":"https:\/\/sites.uef.fi\/mobilelives\/programme\/","og_site_name":"The 19th Etmu Days, 24-25 November 2022, Joensuu","article_modified_time":"2023-11-13T15:13:37+00:00","og_image":[{"url":"https:\/\/sites.uef.fi\/mobilelives\/wp-content\/uploads\/sites\/349\/2023\/11\/ETMU_Twitter_logo.jpg","type":"","width":"","height":""}],"twitter_card":"summary_large_image","twitter_misc":{"Est. reading time":"4 minutes"},"schema":{"@context":"https:\/\/schema.org","@graph":[{"@type":"WebPage","@id":"https:\/\/sites.uef.fi\/mobilelives\/programme\/","url":"https:\/\/sites.uef.fi\/mobilelives\/programme\/","name":"PROGRAMME - The 19th Etmu Days, 24-25 November 2022, Joensuu","isPartOf":{"@id":"https:\/\/sites.uef.fi\/mobilelives\/#website"},"primaryImageOfPage":{"@id":"https:\/\/sites.uef.fi\/mobilelives\/programme\/#primaryimage"},"image":{"@id":"https:\/\/sites.uef.fi\/mobilelives\/programme\/#primaryimage"},"thumbnailUrl":"https:\/\/sites.uef.fi\/mobilelives\/wp-content\/uploads\/sites\/349\/2023\/11\/ETMU_Twitter_logo.jpg","datePublished":"2022-03-25T11:27:34+00:00","dateModified":"2023-11-13T15:13:37+00:00","breadcrumb":{"@id":"https:\/\/sites.uef.fi\/mobilelives\/programme\/#breadcrumb"},"inLanguage":"en-US","potentialAction":[{"@type":"ReadAction","target":["https:\/\/sites.uef.fi\/mobilelives\/programme\/"]}]},{"@type":"ImageObject","inLanguage":"en-US","@id":"https:\/\/sites.uef.fi\/mobilelives\/programme\/#primaryimage","url":"https:\/\/sites.uef.fi\/mobilelives\/wp-content\/uploads\/sites\/349\/2023\/11\/ETMU_Twitter_logo.jpg","contentUrl":"https:\/\/sites.uef.fi\/mobilelives\/wp-content\/uploads\/sites\/349\/2023\/11\/ETMU_Twitter_logo.jpg","width":777,"height":545},{"@type":"BreadcrumbList","@id":"https:\/\/sites.uef.fi\/mobilelives\/programme\/#breadcrumb","itemListElement":[{"@type":"ListItem","position":1,"name":"Home","item":"https:\/\/sites.uef.fi\/mobilelives\/"},{"@type":"ListItem","position":2,"name":"PROGRAMME"}]},{"@type":"WebSite","@id":"https:\/\/sites.uef.fi\/mobilelives\/#website","url":"https:\/\/sites.uef.fi\/mobilelives\/","name":"The 19th Etmu Days, 24-25 November 2022, Joensuu","description":"","potentialAction":[{"@type":"SearchAction","target":{"@type":"EntryPoint","urlTemplate":"https:\/\/sites.uef.fi\/mobilelives\/?s={search_term_string}"},"query-input":{"@type":"PropertyValueSpecification","valueRequired":true,"valueName":"search_term_string"}}],"inLanguage":"en-US"}]}},"_links":{"self":[{"href":"https:\/\/sites.uef.fi\/mobilelives\/wp-json\/wp\/v2\/pages\/140","targetHints":{"allow":["GET"]}}],"collection":[{"href":"https:\/\/sites.uef.fi\/mobilelives\/wp-json\/wp\/v2\/pages"}],"about":[{"href":"https:\/\/sites.uef.fi\/mobilelives\/wp-json\/wp\/v2\/types\/page"}],"author":[{"embeddable":true,"href":"https:\/\/sites.uef.fi\/mobilelives\/wp-json\/wp\/v2\/users\/723"}],"replies":[{"embeddable":true,"href":"https:\/\/sites.uef.fi\/mobilelives\/wp-json\/wp\/v2\/comments?post=140"}],"version-history":[{"count":2,"href":"https:\/\/sites.uef.fi\/mobilelives\/wp-json\/wp\/v2\/pages\/140\/revisions"}],"predecessor-version":[{"id":2547,"href":"https:\/\/sites.uef.fi\/mobilelives\/wp-json\/wp\/v2\/pages\/140\/revisions\/2547"}],"wp:attachment":[{"href":"https:\/\/sites.uef.fi\/mobilelives\/wp-json\/wp\/v2\/media?parent=140"}],"curies":[{"name":"wp","href":"https:\/\/api.w.org\/{rel}","templated":true}]}}