{"id":125,"date":"2021-11-18T12:51:20","date_gmt":"2021-11-18T09:51:20","guid":{"rendered":"https:\/\/sites.uef.fi\/mototyhy\/?page_id=125"},"modified":"2021-11-18T13:30:33","modified_gmt":"2021-11-18T10:30:33","slug":"kuvailu-tyoturvallisuus","status":"publish","type":"page","link":"https:\/\/sites.uef.fi\/mototyhy\/kuvailu-tyoturvallisuus\/","title":{"rendered":"Edist\u00e4 ty\u00f6turvallisuuttasi (0:38)"},"content":{"rendered":"\n<h2 class=\"wp-block-heading\">Edist\u00e4 ty\u00f6turvallisuuttasi (0:38)<\/h2>\n\n\n\n<p>Parrakas mies pukeutuu ty\u00f6takkiin. M\u00e4ntymets\u00e4, jossa mets\u00e4kone. Mies laittaa kyp\u00e4r\u00e4n p\u00e4\u00e4h\u00e4n. Mets\u00e4- ja j\u00e4rvimaisema.<\/p>\n\n\n\n<p>Teksti: <em>Edist\u00e4 ty\u00f6turvallisuuttasi<\/em>.<\/p>\n\n\n\n<p>Punainen pakettiauto pys\u00e4htyy mets\u00e4tielle. Kuljettaja k\u00e4\u00e4nt\u00e4\u00e4 sen ymp\u00e4ri.<\/p>\n\n\n\n<p>Teksti: <em>Auton parkkeeraus nokka kohti kotia<\/em>.<\/p>\n\n\n\n<p>Kuljettaja pukeutuu huomiotakkiin ja laittaa suojakyp\u00e4r\u00e4n p\u00e4\u00e4h\u00e4n. H\u00e4n valitsee pistokkaiden sijaan j\u00e4m\u00e4k\u00e4t ty\u00f6keng\u00e4t. Sitten h\u00e4n kohentaa kyp\u00e4r\u00e4\u00e4ns\u00e4 ja suuntaa eteenp\u00e4in.<\/p>\n\n\n\n<p>Kuljettaja heittelee mets\u00e4koneen ohjaamosta roskia j\u00e4tes\u00e4kkiin.<\/p>\n\n\n\n<p>Teksti: <em>Siisteys ohjaamossa<\/em>.<\/p>\n\n\n\n<p><em>Mets\u00e4miesten S\u00e4\u00e4ti\u00f6, University of Eastern Finland<\/em>.<\/p>\n","protected":false},"excerpt":{"rendered":"<p>Edist\u00e4 ty\u00f6turvallisuuttasi (0:38) Parrakas mies pukeutuu ty\u00f6takkiin. M\u00e4ntymets\u00e4, jossa mets\u00e4kone. Mies laittaa kyp\u00e4r\u00e4n p\u00e4\u00e4h\u00e4n. Mets\u00e4- ja j\u00e4rvimaisema. Teksti: Edist\u00e4 ty\u00f6turvallisuuttasi. Punainen pakettiauto pys\u00e4htyy mets\u00e4tielle. Kuljettaja k\u00e4\u00e4nt\u00e4\u00e4 sen ymp\u00e4ri. Teksti: Auton parkkeeraus nokka kohti kotia. Kuljettaja pukeutuu huomiotakkiin ja laittaa suojakyp\u00e4r\u00e4n p\u00e4\u00e4h\u00e4n. H\u00e4n valitsee pistokkaiden sijaan j\u00e4m\u00e4k\u00e4t ty\u00f6keng\u00e4t. Sitten h\u00e4n kohentaa kyp\u00e4r\u00e4\u00e4ns\u00e4 ja suuntaa eteenp\u00e4in. Kuljettaja [&hellip;]<\/p>\n","protected":false},"author":657,"featured_media":0,"parent":0,"menu_order":0,"comment_status":"closed","ping_status":"closed","template":"","meta":{"_acf_changed":false,"footnotes":""},"class_list":["post-125","page","type-page","status-publish","hentry"],"acf":[],"yoast_head":"<!-- This site is optimized with the Yoast SEO plugin v27.1.1 - https:\/\/yoast.com\/product\/yoast-seo-wordpress\/ -->\n<title>Edist\u00e4 ty\u00f6turvallisuuttasi (0:38) - Ty\u00f6hyvinvointia ja tuottavuutta mets\u00e4koneenkuljettajille<\/title>\n<meta name=\"robots\" content=\"index, follow, max-snippet:-1, max-image-preview:large, max-video-preview:-1\" \/>\n<link rel=\"canonical\" href=\"https:\/\/sites.uef.fi\/mototyhy\/kuvailu-tyoturvallisuus\/\" \/>\n<meta property=\"og:locale\" content=\"fi_FI\" \/>\n<meta property=\"og:type\" content=\"article\" \/>\n<meta property=\"og:title\" content=\"Edist\u00e4 ty\u00f6turvallisuuttasi (0:38) - Ty\u00f6hyvinvointia ja tuottavuutta mets\u00e4koneenkuljettajille\" \/>\n<meta property=\"og:description\" content=\"Edist\u00e4 ty\u00f6turvallisuuttasi (0:38) Parrakas mies pukeutuu ty\u00f6takkiin. M\u00e4ntymets\u00e4, jossa mets\u00e4kone. Mies laittaa kyp\u00e4r\u00e4n p\u00e4\u00e4h\u00e4n. Mets\u00e4- ja j\u00e4rvimaisema. Teksti: Edist\u00e4 ty\u00f6turvallisuuttasi. Punainen pakettiauto pys\u00e4htyy mets\u00e4tielle. Kuljettaja k\u00e4\u00e4nt\u00e4\u00e4 sen ymp\u00e4ri. Teksti: Auton parkkeeraus nokka kohti kotia. Kuljettaja pukeutuu huomiotakkiin ja laittaa suojakyp\u00e4r\u00e4n p\u00e4\u00e4h\u00e4n. H\u00e4n valitsee pistokkaiden sijaan j\u00e4m\u00e4k\u00e4t ty\u00f6keng\u00e4t. Sitten h\u00e4n kohentaa kyp\u00e4r\u00e4\u00e4ns\u00e4 ja suuntaa eteenp\u00e4in. Kuljettaja [&hellip;]\" \/>\n<meta property=\"og:url\" content=\"https:\/\/sites.uef.fi\/mototyhy\/kuvailu-tyoturvallisuus\/\" \/>\n<meta property=\"og:site_name\" content=\"Ty\u00f6hyvinvointia ja tuottavuutta mets\u00e4koneenkuljettajille\" \/>\n<meta property=\"article:modified_time\" content=\"2021-11-18T10:30:33+00:00\" \/>\n<meta name=\"twitter:card\" content=\"summary_large_image\" \/>\n<meta name=\"twitter:label1\" content=\"Arvioitu lukuaika\" \/>\n\t<meta name=\"twitter:data1\" content=\"1 minuutti\" \/>\n<script type=\"application\/ld+json\" class=\"yoast-schema-graph\">{\"@context\":\"https:\/\/schema.org\",\"@graph\":[{\"@type\":\"WebPage\",\"@id\":\"https:\/\/sites.uef.fi\/mototyhy\/kuvailu-tyoturvallisuus\/\",\"url\":\"https:\/\/sites.uef.fi\/mototyhy\/kuvailu-tyoturvallisuus\/\",\"name\":\"Edist\u00e4 ty\u00f6turvallisuuttasi (0:38) - Ty\u00f6hyvinvointia ja tuottavuutta mets\u00e4koneenkuljettajille\",\"isPartOf\":{\"@id\":\"https:\/\/sites.uef.fi\/mototyhy\/#website\"},\"datePublished\":\"2021-11-18T09:51:20+00:00\",\"dateModified\":\"2021-11-18T10:30:33+00:00\",\"breadcrumb\":{\"@id\":\"https:\/\/sites.uef.fi\/mototyhy\/kuvailu-tyoturvallisuus\/#breadcrumb\"},\"inLanguage\":\"fi\",\"potentialAction\":[{\"@type\":\"ReadAction\",\"target\":[\"https:\/\/sites.uef.fi\/mototyhy\/kuvailu-tyoturvallisuus\/\"]}]},{\"@type\":\"BreadcrumbList\",\"@id\":\"https:\/\/sites.uef.fi\/mototyhy\/kuvailu-tyoturvallisuus\/#breadcrumb\",\"itemListElement\":[{\"@type\":\"ListItem\",\"position\":1,\"name\":\"Home\",\"item\":\"https:\/\/sites.uef.fi\/mototyhy\/\"},{\"@type\":\"ListItem\",\"position\":2,\"name\":\"Edist\u00e4 ty\u00f6turvallisuuttasi (0:38)\"}]},{\"@type\":\"WebSite\",\"@id\":\"https:\/\/sites.uef.fi\/mototyhy\/#website\",\"url\":\"https:\/\/sites.uef.fi\/mototyhy\/\",\"name\":\"Ty\u00f6hyvinvointia ja tuottavuutta mets\u00e4koneenkuljettajille\",\"description\":\"\",\"publisher\":{\"@id\":\"https:\/\/sites.uef.fi\/mototyhy\/#organization\"},\"potentialAction\":[{\"@type\":\"SearchAction\",\"target\":{\"@type\":\"EntryPoint\",\"urlTemplate\":\"https:\/\/sites.uef.fi\/mototyhy\/?s={search_term_string}\"},\"query-input\":{\"@type\":\"PropertyValueSpecification\",\"valueRequired\":true,\"valueName\":\"search_term_string\"}}],\"inLanguage\":\"fi\"},{\"@type\":\"Organization\",\"@id\":\"https:\/\/sites.uef.fi\/mototyhy\/#organization\",\"name\":\"Ty\u00f6hyvinvointia ja tuottavuutta mets\u00e4koneenkuljettajille\",\"url\":\"https:\/\/sites.uef.fi\/mototyhy\/\",\"logo\":{\"@type\":\"ImageObject\",\"inLanguage\":\"fi\",\"@id\":\"https:\/\/sites.uef.fi\/mototyhy\/#\/schema\/logo\/image\/\",\"url\":\"https:\/\/sites.uef.fi\/mototyhy\/wp-content\/uploads\/sites\/333\/2021\/11\/UEF-musta-logo-engl-pysty-pieni.jpg\",\"contentUrl\":\"https:\/\/sites.uef.fi\/mototyhy\/wp-content\/uploads\/sites\/333\/2021\/11\/UEF-musta-logo-engl-pysty-pieni.jpg\",\"width\":250,\"height\":250,\"caption\":\"Ty\u00f6hyvinvointia ja tuottavuutta mets\u00e4koneenkuljettajille\"},\"image\":{\"@id\":\"https:\/\/sites.uef.fi\/mototyhy\/#\/schema\/logo\/image\/\"}}]}<\/script>\n<!-- \/ Yoast SEO plugin. -->","yoast_head_json":{"title":"Edist\u00e4 ty\u00f6turvallisuuttasi (0:38) - Ty\u00f6hyvinvointia ja tuottavuutta mets\u00e4koneenkuljettajille","robots":{"index":"index","follow":"follow","max-snippet":"max-snippet:-1","max-image-preview":"max-image-preview:large","max-video-preview":"max-video-preview:-1"},"canonical":"https:\/\/sites.uef.fi\/mototyhy\/kuvailu-tyoturvallisuus\/","og_locale":"fi_FI","og_type":"article","og_title":"Edist\u00e4 ty\u00f6turvallisuuttasi (0:38) - Ty\u00f6hyvinvointia ja tuottavuutta mets\u00e4koneenkuljettajille","og_description":"Edist\u00e4 ty\u00f6turvallisuuttasi (0:38) Parrakas mies pukeutuu ty\u00f6takkiin. M\u00e4ntymets\u00e4, jossa mets\u00e4kone. Mies laittaa kyp\u00e4r\u00e4n p\u00e4\u00e4h\u00e4n. Mets\u00e4- ja j\u00e4rvimaisema. Teksti: Edist\u00e4 ty\u00f6turvallisuuttasi. Punainen pakettiauto pys\u00e4htyy mets\u00e4tielle. Kuljettaja k\u00e4\u00e4nt\u00e4\u00e4 sen ymp\u00e4ri. Teksti: Auton parkkeeraus nokka kohti kotia. Kuljettaja pukeutuu huomiotakkiin ja laittaa suojakyp\u00e4r\u00e4n p\u00e4\u00e4h\u00e4n. H\u00e4n valitsee pistokkaiden sijaan j\u00e4m\u00e4k\u00e4t ty\u00f6keng\u00e4t. Sitten h\u00e4n kohentaa kyp\u00e4r\u00e4\u00e4ns\u00e4 ja suuntaa eteenp\u00e4in. Kuljettaja [&hellip;]","og_url":"https:\/\/sites.uef.fi\/mototyhy\/kuvailu-tyoturvallisuus\/","og_site_name":"Ty\u00f6hyvinvointia ja tuottavuutta mets\u00e4koneenkuljettajille","article_modified_time":"2021-11-18T10:30:33+00:00","twitter_card":"summary_large_image","twitter_misc":{"Arvioitu lukuaika":"1 minuutti"},"schema":{"@context":"https:\/\/schema.org","@graph":[{"@type":"WebPage","@id":"https:\/\/sites.uef.fi\/mototyhy\/kuvailu-tyoturvallisuus\/","url":"https:\/\/sites.uef.fi\/mototyhy\/kuvailu-tyoturvallisuus\/","name":"Edist\u00e4 ty\u00f6turvallisuuttasi (0:38) - Ty\u00f6hyvinvointia ja tuottavuutta mets\u00e4koneenkuljettajille","isPartOf":{"@id":"https:\/\/sites.uef.fi\/mototyhy\/#website"},"datePublished":"2021-11-18T09:51:20+00:00","dateModified":"2021-11-18T10:30:33+00:00","breadcrumb":{"@id":"https:\/\/sites.uef.fi\/mototyhy\/kuvailu-tyoturvallisuus\/#breadcrumb"},"inLanguage":"fi","potentialAction":[{"@type":"ReadAction","target":["https:\/\/sites.uef.fi\/mototyhy\/kuvailu-tyoturvallisuus\/"]}]},{"@type":"BreadcrumbList","@id":"https:\/\/sites.uef.fi\/mototyhy\/kuvailu-tyoturvallisuus\/#breadcrumb","itemListElement":[{"@type":"ListItem","position":1,"name":"Home","item":"https:\/\/sites.uef.fi\/mototyhy\/"},{"@type":"ListItem","position":2,"name":"Edist\u00e4 ty\u00f6turvallisuuttasi (0:38)"}]},{"@type":"WebSite","@id":"https:\/\/sites.uef.fi\/mototyhy\/#website","url":"https:\/\/sites.uef.fi\/mototyhy\/","name":"Ty\u00f6hyvinvointia ja tuottavuutta mets\u00e4koneenkuljettajille","description":"","publisher":{"@id":"https:\/\/sites.uef.fi\/mototyhy\/#organization"},"potentialAction":[{"@type":"SearchAction","target":{"@type":"EntryPoint","urlTemplate":"https:\/\/sites.uef.fi\/mototyhy\/?s={search_term_string}"},"query-input":{"@type":"PropertyValueSpecification","valueRequired":true,"valueName":"search_term_string"}}],"inLanguage":"fi"},{"@type":"Organization","@id":"https:\/\/sites.uef.fi\/mototyhy\/#organization","name":"Ty\u00f6hyvinvointia ja tuottavuutta mets\u00e4koneenkuljettajille","url":"https:\/\/sites.uef.fi\/mototyhy\/","logo":{"@type":"ImageObject","inLanguage":"fi","@id":"https:\/\/sites.uef.fi\/mototyhy\/#\/schema\/logo\/image\/","url":"https:\/\/sites.uef.fi\/mototyhy\/wp-content\/uploads\/sites\/333\/2021\/11\/UEF-musta-logo-engl-pysty-pieni.jpg","contentUrl":"https:\/\/sites.uef.fi\/mototyhy\/wp-content\/uploads\/sites\/333\/2021\/11\/UEF-musta-logo-engl-pysty-pieni.jpg","width":250,"height":250,"caption":"Ty\u00f6hyvinvointia ja tuottavuutta mets\u00e4koneenkuljettajille"},"image":{"@id":"https:\/\/sites.uef.fi\/mototyhy\/#\/schema\/logo\/image\/"}}]}},"_links":{"self":[{"href":"https:\/\/sites.uef.fi\/mototyhy\/wp-json\/wp\/v2\/pages\/125","targetHints":{"allow":["GET"]}}],"collection":[{"href":"https:\/\/sites.uef.fi\/mototyhy\/wp-json\/wp\/v2\/pages"}],"about":[{"href":"https:\/\/sites.uef.fi\/mototyhy\/wp-json\/wp\/v2\/types\/page"}],"author":[{"embeddable":true,"href":"https:\/\/sites.uef.fi\/mototyhy\/wp-json\/wp\/v2\/users\/657"}],"replies":[{"embeddable":true,"href":"https:\/\/sites.uef.fi\/mototyhy\/wp-json\/wp\/v2\/comments?post=125"}],"version-history":[{"count":2,"href":"https:\/\/sites.uef.fi\/mototyhy\/wp-json\/wp\/v2\/pages\/125\/revisions"}],"predecessor-version":[{"id":194,"href":"https:\/\/sites.uef.fi\/mototyhy\/wp-json\/wp\/v2\/pages\/125\/revisions\/194"}],"wp:attachment":[{"href":"https:\/\/sites.uef.fi\/mototyhy\/wp-json\/wp\/v2\/media?parent=125"}],"curies":[{"name":"wp","href":"https:\/\/api.w.org\/{rel}","templated":true}]}}