{"id":15,"date":"2021-10-29T08:22:37","date_gmt":"2021-10-29T05:22:37","guid":{"rendered":"https:\/\/sites.uef.fi\/mototyhy\/?page_id=15"},"modified":"2021-12-02T20:18:15","modified_gmt":"2021-12-02T17:18:15","slug":"etusivu","status":"publish","type":"page","link":"https:\/\/sites.uef.fi\/mototyhy\/","title":{"rendered":"Etusivu"},"content":{"rendered":"\n<p>Mets\u00e4koneenkuljettajan ja h\u00e4vitt\u00e4j\u00e4lent\u00e4j\u00e4n ty\u00f6t\u00e4 verrataan usein toisiinsa. Kummassakin korostuu taito tehd\u00e4 jatkuvasti p\u00e4\u00e4t\u00f6ksi\u00e4 nopealla tahdilla. Mets\u00e4koneenkuljettajan on arvioitu antavan koneelleen jopa yli 4000 erilaista komentoa yhden tunnin aikana.<\/p>\n\n\n\n<p>Mets\u00e4 on monelle koneenkuljettajalle se kaikkein paras ty\u00f6paikka. Vastuullisessa ja vaativassa ty\u00f6ss\u00e4, arvokkaan koneen ohjaimissa sek\u00e4 mets\u00e4nomistajien omaisuuden ja teollisuuden raaka-aineen ensimm\u00e4isen\u00e4 k\u00e4sittelij\u00e4n\u00e4 kuljettaja on my\u00f6s paineen ja seurannan alla.<\/p>\n\n\n\n<p>T\u00e4ss\u00e4 It\u00e4-Suomen yliopiston toteuttamassa ja Mets\u00e4miesten S\u00e4\u00e4ti\u00f6n rahoittamassa hankkeessa selvitettiin yhteisty\u00f6ss\u00e4 Luonnonvarakeskuksen ja Mets\u00e4tehon kanssa mets\u00e4koneenkuljettajien ty\u00f6kyky\u00e4, ty\u00f6hyvinvointia sek\u00e4 hyvi\u00e4 kuljettajal\u00e4ht\u00f6isi\u00e4 k\u00e4yt\u00e4nteit\u00e4 hyv\u00e4n ty\u00f6vireyden yll\u00e4pit\u00e4miseksi. Tutkimuksen p\u00e4\u00e4tavoitteena on lis\u00e4t\u00e4 mets\u00e4koneenkuljettajien ty\u00f6hyvinvointia, vireystilan yll\u00e4pitoa ja tuottavuutta.<\/p>\n\n\n\n<h2 class=\"wp-block-heading\"><strong>Videovinkit ty\u00f6ss\u00e4jaksamiseen<\/strong><\/h2>\n\n\n\n<p>Miten huolehtia siit\u00e4, ett\u00e4 kuljettajan ty\u00f6kyky, ty\u00f6hyvinvointi ja ty\u00f6n tuottavuus pysyv\u00e4t hyvin\u00e4, etenkin kun itsen\u00e4isess\u00e4 ty\u00f6ss\u00e4 korostuu itsens\u00e4 johtamisen t\u00e4rkeys?<\/p>\n\n\n\n<p>Ravinto, liikunta, lepo ja ty\u00f6paikan henki ovat isossa roolissa, kun vuosien ja vuosikymmenten ajan pid\u00e4mme yll\u00e4 ty\u00f6hyvinvointiamme, ty\u00f6kyky\u00e4mme ja tuottavuuttamme. Videovinkeist\u00e4 l\u00f6yd\u00e4t muistutuksia ja oppeja viihtymiseen ja jaksamiseen koneen puikoissa! Toivomme, ett\u00e4 videoita jaetaan ty\u00f6yhteis\u00f6iden, oppilaitosten ja kaikkialla muuallakin nykyisten ja tulevien mets\u00e4koneenkuljettajien verkostoissa. Videot ovat n\u00e4ht\u00e4vill\u00e4 ja jaettavissa my\u00f6s Facebook-sivulla &#8221;<a rel=\"noreferrer noopener\" href=\"https:\/\/www.facebook.com\/tyohyvinvointiametsakoneisiin\/\" target=\"_blank\">Ty\u00f6hyvinvointia mets\u00e4koneisiin<\/a>.&#8221;<\/p>\n\n\n\n<p><br>Video 1: <strong>Tavoitteena nolla turmaa<\/strong>: Turvallisen ty\u00f6p\u00e4iv\u00e4n perusteet &#8211; t\u00e4ss\u00e4 pikajohdanto aiheeseen (<a href=\"http:\/\/sites.uef.fi\/mototyhy\/kuvailu-tyoturvallisuus\" data-type=\"URL\">tekstikuvailu<\/a>)<\/p>\n\n\n\n<figure class=\"wp-block-embed is-type-video is-provider-youtube wp-block-embed-youtube wp-embed-aspect-16-9 wp-has-aspect-ratio\"><div class=\"wp-block-embed__wrapper\">\n<iframe loading=\"lazy\" title=\"Ty\u00f6hyvinvointia mets\u00e4koneisiin: Tavoitteena nolla turmaa\" width=\"500\" height=\"281\" src=\"https:\/\/www.youtube.com\/embed\/BApVhrDNrN0?feature=oembed\" frameborder=\"0\" allow=\"accelerometer; autoplay; clipboard-write; encrypted-media; gyroscope; picture-in-picture; web-share\" referrerpolicy=\"strict-origin-when-cross-origin\" allowfullscreen><\/iframe>\n<\/div><\/figure>\n\n\n\n<p><br>Video 2: <strong>N\u00e4l\u00e4n siirt\u00e4minen<\/strong>: Mik\u00e4 se siirtik\u00e4\u00e4n n\u00e4lk\u00e4\u00e4 parhaiten? Mink\u00e4 verran sy\u00f6d\u00e4 ja juoda ty\u00f6vuoron aikana, jotta taas jaksaa? (<a href=\"http:\/\/sites.uef.fi\/mototyhy\/kuvailu-nalan-siirtaminen\">tekstikuvailu<\/a>)<\/p>\n\n\n\n<figure class=\"wp-block-embed is-type-video is-provider-youtube wp-block-embed-youtube wp-embed-aspect-16-9 wp-has-aspect-ratio\"><div class=\"wp-block-embed__wrapper\">\n<iframe loading=\"lazy\" title=\"Ty\u00f6hyvinvointia mets\u00e4koneisiin: N\u00e4l\u00e4n siirt\u00e4minen\" width=\"500\" height=\"281\" src=\"https:\/\/www.youtube.com\/embed\/G5pJ7S58wvc?feature=oembed\" frameborder=\"0\" allow=\"accelerometer; autoplay; clipboard-write; encrypted-media; gyroscope; picture-in-picture; web-share\" referrerpolicy=\"strict-origin-when-cross-origin\" allowfullscreen><\/iframe>\n<\/div><\/figure>\n\n\n\n<p><br>Video 3: <strong>Ev\u00e4svinkkej\u00e4 ty\u00f6p\u00e4iv\u00e4\u00e4n<\/strong>: Hiilarit ja proteiinit ovat pala kakkua, vai miten se menik\u00e4\u00e4n? Leip\u00e4\u00e4, vuolukanaa, raejuustoa, p\u00e4tk\u00e4 porkkanaa\u2026lis\u00e4\u00e4 vinkkej\u00e4 ty\u00f6p\u00e4iv\u00e4\u00e4n ja koneeseen mukaan otettaviksi ev\u00e4iksi ovat tervetulleita videon kommenttikent\u00e4ss\u00e4! (<a href=\"http:\/\/sites.uef.fi\/mototyhy\/kuvailu-evasvinkkeja\">tekstikuvailu<\/a>)<\/p>\n\n\n\n<figure class=\"wp-block-embed is-type-video is-provider-youtube wp-block-embed-youtube wp-embed-aspect-16-9 wp-has-aspect-ratio\"><div class=\"wp-block-embed__wrapper\">\n<iframe loading=\"lazy\" title=\"Ty\u00f6hyvinvointia mets\u00e4koneisiin: Ev\u00e4svinkkej\u00e4\" width=\"500\" height=\"281\" src=\"https:\/\/www.youtube.com\/embed\/ocAaqTeLTaE?feature=oembed\" frameborder=\"0\" allow=\"accelerometer; autoplay; clipboard-write; encrypted-media; gyroscope; picture-in-picture; web-share\" referrerpolicy=\"strict-origin-when-cross-origin\" allowfullscreen><\/iframe>\n<\/div><\/figure>\n\n\n\n<p><br>Video 4: <strong>Huilitauot<\/strong>: Vaikka olisi kone, niin ilman huileja ei tahti pitk\u00e4\u00e4n pysy tehokkaana. T\u00e4lt\u00e4 videolta mukaan &#8221;tauko kerran tunnissa&#8221; ja muita simppeleit\u00e4 s\u00e4\u00e4nt\u00f6j\u00e4. (<a href=\"http:\/\/sites.uef.fi\/mototyhy\/kuvailu-huilitauot\">tekstikuvailu<\/a>)<\/p>\n\n\n\n<figure class=\"wp-block-embed is-type-video is-provider-youtube wp-block-embed-youtube wp-embed-aspect-16-9 wp-has-aspect-ratio\"><div class=\"wp-block-embed__wrapper\">\n<iframe loading=\"lazy\" title=\"Ty\u00f6hyvinvointia mets\u00e4koneisiin: Ty\u00f6vuoron tauottaminen\" width=\"500\" height=\"281\" src=\"https:\/\/www.youtube.com\/embed\/JotQ7D9_974?feature=oembed\" frameborder=\"0\" allow=\"accelerometer; autoplay; clipboard-write; encrypted-media; gyroscope; picture-in-picture; web-share\" referrerpolicy=\"strict-origin-when-cross-origin\" allowfullscreen><\/iframe>\n<\/div><\/figure>\n\n\n\n<p><br>Video 5: <strong>Taukojumppa<\/strong>: Miten laittaa pitk\u00e4kseen ty\u00f6vuoron aikana? Tai kierr\u00e4tt\u00e4\u00e4 verta kannikoissa? T\u00e4m\u00e4 ja muutama muukin vinkki l\u00f6ytyv\u00e4t t\u00e4lt\u00e4 videolta. (<a href=\"http:\/\/sites.uef.fi\/mototyhy\/kuvailu-taukojumppa\">tekstikuvailu)<\/a><\/p>\n\n\n\n<figure class=\"wp-block-embed is-type-video is-provider-youtube wp-block-embed-youtube wp-embed-aspect-16-9 wp-has-aspect-ratio\"><div class=\"wp-block-embed__wrapper\">\n<iframe loading=\"lazy\" title=\"Ty\u00f6hyvinvointia mets\u00e4koneisiin: Tauko on jumppaakin varten\" width=\"500\" height=\"281\" src=\"https:\/\/www.youtube.com\/embed\/UKraugW3fYU?feature=oembed\" frameborder=\"0\" allow=\"accelerometer; autoplay; clipboard-write; encrypted-media; gyroscope; picture-in-picture; web-share\" referrerpolicy=\"strict-origin-when-cross-origin\" allowfullscreen><\/iframe>\n<\/div><\/figure>\n\n\n\n<p><br>Video 6: <strong>Tekeek\u00f6 mieli huutaa?<\/strong> Karjuminen harvoin auttaa, mutta t\u00e4ll\u00e4 videolla n\u00e4hd\u00e4\u00e4n sekin\u2026muistuttamassa siit\u00e4, kuinka kukaan meist\u00e4 ei tee t\u00f6it\u00e4\u00e4n yksin. (<a href=\"http:\/\/sites.uef.fi\/mototyhy\/kuvailu-tyoilmapiiri\">tekstikuvailu<\/a>)<\/p>\n\n\n\n<figure class=\"wp-block-embed is-type-video is-provider-youtube wp-block-embed-youtube wp-embed-aspect-16-9 wp-has-aspect-ratio\"><div class=\"wp-block-embed__wrapper\">\n<iframe loading=\"lazy\" title=\"Ty\u00f6hyvinvointia mets\u00e4koneisiin: Onko t\u00e4\u00e4ll\u00e4 muitakin t\u00f6iss\u00e4?\" width=\"500\" height=\"281\" src=\"https:\/\/www.youtube.com\/embed\/CjEGYAVD7U0?feature=oembed\" frameborder=\"0\" allow=\"accelerometer; autoplay; clipboard-write; encrypted-media; gyroscope; picture-in-picture; web-share\" referrerpolicy=\"strict-origin-when-cross-origin\" allowfullscreen><\/iframe>\n<\/div><\/figure>\n\n\n\n<p><br>Video 7: <strong>\u00c4l\u00e4 urheile unen kanssa<\/strong>: Kun univaje iskee, otamme riskej\u00e4 herkemmin ja tapaturmat lis\u00e4\u00e4ntyv\u00e4t. Vuorokauden valvominen on yht\u00e4 kuin promillen humalatila\u2026 Katso t\u00e4st\u00e4 uniosaamisen lyhyt oppim\u00e4\u00e4r\u00e4 ja pid\u00e4 kiinni omasta uniajastasi. (<a href=\"http:\/\/sites.uef.fu\/mototyhy\/kuvailu-uni-palautuminen\">tekstikuvailu<\/a>)<\/p>\n\n\n\n<figure class=\"wp-block-embed is-type-video is-provider-youtube wp-block-embed-youtube wp-embed-aspect-16-9 wp-has-aspect-ratio\"><div class=\"wp-block-embed__wrapper\">\n<iframe loading=\"lazy\" title=\"Ty\u00f6hyvinvointia mets\u00e4koneisiin: Nukutaan kotona, ei ohjaamossa\" width=\"500\" height=\"281\" src=\"https:\/\/www.youtube.com\/embed\/0LG1ADWnnyE?feature=oembed\" frameborder=\"0\" allow=\"accelerometer; autoplay; clipboard-write; encrypted-media; gyroscope; picture-in-picture; web-share\" referrerpolicy=\"strict-origin-when-cross-origin\" allowfullscreen><\/iframe>\n<\/div><\/figure>\n\n\n\n<h3 class=\"wp-block-heading\"><strong>Videosarjan lopputekstit<\/strong><\/h3>\n\n\n\n<p>K\u00e4sikirjoitus: Heli Kym\u00e4l\u00e4inen ja Piritta Torssonen<br>Mets\u00e4koneenkuljettaja: Jukka Huttunen<br>Hakkuukone: Mets\u00e4kone Pesonen oy<br>Intron tunnusmusiikki: Samuli Junttila \/ KEIMA Creative<br>Muu musiikki: Artlist<br>Kiitokset: Motoajo oy<br>Videoiden toteutus: Tovari oy<\/p>\n\n\n\n<h3 class=\"wp-block-heading\"><strong>Lis\u00e4tietoa tutkimushankkeesta<\/strong><\/h3>\n\n\n\n<p><strong>Tutkimusartikkeli<\/strong>: Kym\u00e4l\u00e4inen, H., Laitila, J., V\u00e4\u00e4t\u00e4inen, K., Malinen, J. (2021). Workability and Well-Being at Work Among Cut-To-Length Forest Machine Operators. <em>Croatian Journal of Forest Engineering: Journal for Theory and Application of Forestry Engineering<\/em>, <em>42<\/em>(3), 405-417. <a rel=\"noreferrer noopener\" href=\"https:\/\/doi.org\/10.5552\/crojfe.2021.874\" target=\"_blank\">https:\/\/doi.org\/10.5552\/crojfe.2021.874<\/a><\/p>\n\n\n\n<p><strong>Tutkimustiedote<\/strong> 16.6.2021: <a rel=\"noreferrer noopener\" href=\"https:\/\/www.uef.fi\/fi\/artikkeli\/metsakoneenkuljettajien-tyokyky-ja-tyohyvinvointi-hyvalla-tasolla-nuoremmilla-mutta-heikkenevat-ian\" target=\"_blank\">Mets\u00e4koneenkuljettajien ty\u00f6kyky ja ty\u00f6hyvinvointi hyv\u00e4ll\u00e4 tasolla nuoremmilla, mutta heikkenev\u00e4t i\u00e4n karttuessa<\/a><\/p>\n\n\n\n<p><strong>Tuloskalvosarja<\/strong> 16.6.2021: <a rel=\"noreferrer noopener\" href=\"https:\/\/www.mmsaatio.fi\/media\/uutiset\/rahoituksen-tuloksia\/metsakoneenkuljettajien-tyokyky-ja-tyohyvinvointi.pdf\" target=\"_blank\">Mets\u00e4koneenkuljettajien ty\u00f6kyky ja ty\u00f6hyvinvointi<\/a> (pdf)<\/p>\n\n\n\n<p><strong>Tutkimustiedote<\/strong> 20.9.2019: <a rel=\"noreferrer noopener\" href=\"https:\/\/www.uef.fi\/fi\/artikkeli\/metsakoneenkuljettajien-tyohyvinvoinnin-tukemiseen-etsitaan-uusia-keinoja\" target=\"_blank\">Mets\u00e4koneenkuljettajien ty\u00f6hyvinvoinnin tukemiseen etsit\u00e4\u00e4n uusia keinoja<\/a> <\/p>\n\n\n\n<h3 class=\"wp-block-heading\"><strong>Hankkeen toteuttajien yhteystiedot<\/strong><\/h3>\n\n\n\n<ul class=\"wp-block-list\"><li>Projektitutkija Heli Kym\u00e4l\u00e4inen (heli.kymalainen (a) uef.fi)<\/li><li>Professori Teppo Hujala (<a rel=\"noreferrer noopener\" href=\"https:\/\/uefconnect.uef.fi\/henkilo\/teppo.hujala\/\" target=\"_blank\">https:\/\/uefconnect.uef.fi\/henkilo\/teppo.hujala\/<\/a>)<\/li><li>Tutkijatohtori Piritta Torssonen (piritta.torssonen (a) uef.fi)<\/li><li>Yhteisty\u00f6ss\u00e4: Luonnonvarakeskus (Juha Laitila, Kari V\u00e4\u00e4t\u00e4inen); Mets\u00e4teho oy (Jukka Malinen)<\/li><li>T\u00e4m\u00e4n sivun p\u00e4\u00e4kuva: Harri M\u00e4enp\u00e4\u00e4\/Studio Korento<\/li><\/ul>\n\n\n\n<div class=\"wp-block-image\"><figure class=\"aligncenter size-full is-resized\"><img loading=\"lazy\" decoding=\"async\" src=\"https:\/\/sites.uef.fi\/mototyhy\/wp-content\/uploads\/sites\/333\/2021\/11\/mmsaatio-tunnus.jpg\" alt=\"Mets\u00e4miesten S\u00e4\u00e4ti\u00f6n logo\" class=\"wp-image-72\" width=\"323\" height=\"250\" srcset=\"https:\/\/sites.uef.fi\/mototyhy\/wp-content\/uploads\/sites\/333\/2021\/11\/mmsaatio-tunnus.jpg 323w, https:\/\/sites.uef.fi\/mototyhy\/wp-content\/uploads\/sites\/333\/2021\/11\/mmsaatio-tunnus-300x232.jpg 300w\" sizes=\"auto, (max-width: 323px) 100vw, 323px\" \/><figcaption>Hankkeen on rahoittanut Mets\u00e4miesten S\u00e4\u00e4ti\u00f6. Lahjoitukset ja s\u00e4\u00e4ti\u00f6fuusiot ovat t\u00e4rke\u00e4 osa S\u00e4\u00e4ti\u00f6n yleishy\u00f6dyllisen toiminnan vaikuttavuutta. Lis\u00e4tietoa <a rel=\"noreferrer noopener\" href=\"http:\/\/www.mmsaatio.fi\" target=\"_blank\">www.mmsaatio.fi<\/a><\/figcaption><\/figure><\/div>\n\n\n\n<figure class=\"wp-block-image size-large\"><img loading=\"lazy\" decoding=\"async\" width=\"1024\" height=\"442\" src=\"https:\/\/sites.uef.fi\/mototyhy\/wp-content\/uploads\/sites\/333\/2021\/12\/UNITE-logo1-withtext-1024x442.png\" alt=\"UNITE-lippulaivalogo\" class=\"wp-image-273\" srcset=\"https:\/\/sites.uef.fi\/mototyhy\/wp-content\/uploads\/sites\/333\/2021\/12\/UNITE-logo1-withtext-1024x442.png 1024w, https:\/\/sites.uef.fi\/mototyhy\/wp-content\/uploads\/sites\/333\/2021\/12\/UNITE-logo1-withtext-300x129.png 300w, https:\/\/sites.uef.fi\/mototyhy\/wp-content\/uploads\/sites\/333\/2021\/12\/UNITE-logo1-withtext-768x331.png 768w, https:\/\/sites.uef.fi\/mototyhy\/wp-content\/uploads\/sites\/333\/2021\/12\/UNITE-logo1-withtext.png 1096w\" sizes=\"auto, (max-width: 1024px) 100vw, 1024px\" \/><figcaption>Hanke on toteutettu osana Suomen Akatemian rahoittaman Lippulaivaohjelman osaamiskeskittym\u00e4\u00e4 &#8221;Metsien, ihmisten ja koneiden vuorovaikutuksella resilienssi\u00e4, uusia arvoverkkoja ja merkityksellisi\u00e4 kokemuksia (UNITE). Lis\u00e4tietoja: <a href=\"https:\/\/uniteflagship.fi\/fi\/etusivu\/\" target=\"_blank\" rel=\"noreferrer noopener\">https:\/\/uniteflagship.fi\/fi\/etusivu\/<\/a><\/figcaption><\/figure>\n","protected":false},"excerpt":{"rendered":"<p>Mets\u00e4koneenkuljettajan ja h\u00e4vitt\u00e4j\u00e4lent\u00e4j\u00e4n ty\u00f6t\u00e4 verrataan usein toisiinsa. Kummassakin korostuu taito tehd\u00e4 jatkuvasti p\u00e4\u00e4t\u00f6ksi\u00e4 nopealla tahdilla. Mets\u00e4koneenkuljettajan on arvioitu antavan koneelleen jopa yli 4000 erilaista komentoa yhden tunnin aikana. Mets\u00e4 on monelle koneenkuljettajalle se kaikkein paras ty\u00f6paikka. Vastuullisessa ja vaativassa ty\u00f6ss\u00e4, arvokkaan koneen ohjaimissa sek\u00e4 mets\u00e4nomistajien omaisuuden ja teollisuuden raaka-aineen ensimm\u00e4isen\u00e4 k\u00e4sittelij\u00e4n\u00e4 kuljettaja on my\u00f6s paineen [&hellip;]<\/p>\n","protected":false},"author":657,"featured_media":0,"parent":0,"menu_order":0,"comment_status":"closed","ping_status":"closed","template":"","meta":{"_acf_changed":false,"footnotes":""},"class_list":["post-15","page","type-page","status-publish","hentry"],"acf":[],"yoast_head":"<!-- This site is optimized with the Yoast SEO plugin v27.1.1 - https:\/\/yoast.com\/product\/yoast-seo-wordpress\/ -->\n<title>Etusivu - Ty\u00f6hyvinvointia ja tuottavuutta mets\u00e4koneenkuljettajille<\/title>\n<meta name=\"robots\" content=\"index, follow, max-snippet:-1, max-image-preview:large, max-video-preview:-1\" \/>\n<link rel=\"canonical\" href=\"https:\/\/sites.uef.fi\/mototyhy\/\" \/>\n<meta property=\"og:locale\" content=\"fi_FI\" \/>\n<meta property=\"og:type\" content=\"article\" \/>\n<meta property=\"og:title\" content=\"Etusivu - Ty\u00f6hyvinvointia ja tuottavuutta mets\u00e4koneenkuljettajille\" \/>\n<meta property=\"og:description\" content=\"Mets\u00e4koneenkuljettajan ja h\u00e4vitt\u00e4j\u00e4lent\u00e4j\u00e4n ty\u00f6t\u00e4 verrataan usein toisiinsa. Kummassakin korostuu taito tehd\u00e4 jatkuvasti p\u00e4\u00e4t\u00f6ksi\u00e4 nopealla tahdilla. Mets\u00e4koneenkuljettajan on arvioitu antavan koneelleen jopa yli 4000 erilaista komentoa yhden tunnin aikana. Mets\u00e4 on monelle koneenkuljettajalle se kaikkein paras ty\u00f6paikka. Vastuullisessa ja vaativassa ty\u00f6ss\u00e4, arvokkaan koneen ohjaimissa sek\u00e4 mets\u00e4nomistajien omaisuuden ja teollisuuden raaka-aineen ensimm\u00e4isen\u00e4 k\u00e4sittelij\u00e4n\u00e4 kuljettaja on my\u00f6s paineen [&hellip;]\" \/>\n<meta property=\"og:url\" content=\"https:\/\/sites.uef.fi\/mototyhy\/\" \/>\n<meta property=\"og:site_name\" content=\"Ty\u00f6hyvinvointia ja tuottavuutta mets\u00e4koneenkuljettajille\" \/>\n<meta property=\"article:modified_time\" content=\"2021-12-02T17:18:15+00:00\" \/>\n<meta property=\"og:image\" content=\"https:\/\/sites.uef.fi\/mototyhy\/wp-content\/uploads\/sites\/333\/2021\/11\/mmsaatio-tunnus.jpg\" \/>\n<meta name=\"twitter:card\" content=\"summary_large_image\" \/>\n<meta name=\"twitter:label1\" content=\"Arvioitu lukuaika\" \/>\n\t<meta name=\"twitter:data1\" content=\"3 minuuttia\" \/>\n<script type=\"application\/ld+json\" class=\"yoast-schema-graph\">{\"@context\":\"https:\/\/schema.org\",\"@graph\":[{\"@type\":\"WebPage\",\"@id\":\"https:\/\/sites.uef.fi\/mototyhy\/\",\"url\":\"https:\/\/sites.uef.fi\/mototyhy\/\",\"name\":\"Etusivu - Ty\u00f6hyvinvointia ja tuottavuutta mets\u00e4koneenkuljettajille\",\"isPartOf\":{\"@id\":\"https:\/\/sites.uef.fi\/mototyhy\/#website\"},\"primaryImageOfPage\":{\"@id\":\"https:\/\/sites.uef.fi\/mototyhy\/#primaryimage\"},\"image\":{\"@id\":\"https:\/\/sites.uef.fi\/mototyhy\/#primaryimage\"},\"thumbnailUrl\":\"https:\/\/sites.uef.fi\/mototyhy\/wp-content\/uploads\/sites\/333\/2021\/11\/mmsaatio-tunnus.jpg\",\"datePublished\":\"2021-10-29T05:22:37+00:00\",\"dateModified\":\"2021-12-02T17:18:15+00:00\",\"breadcrumb\":{\"@id\":\"https:\/\/sites.uef.fi\/mototyhy\/#breadcrumb\"},\"inLanguage\":\"fi\",\"potentialAction\":[{\"@type\":\"ReadAction\",\"target\":[\"https:\/\/sites.uef.fi\/mototyhy\/\"]}]},{\"@type\":\"ImageObject\",\"inLanguage\":\"fi\",\"@id\":\"https:\/\/sites.uef.fi\/mototyhy\/#primaryimage\",\"url\":\"https:\/\/sites.uef.fi\/mototyhy\/wp-content\/uploads\/sites\/333\/2021\/11\/mmsaatio-tunnus.jpg\",\"contentUrl\":\"https:\/\/sites.uef.fi\/mototyhy\/wp-content\/uploads\/sites\/333\/2021\/11\/mmsaatio-tunnus.jpg\",\"width\":323,\"height\":250,\"caption\":\"Mets\u00e4miesten S\u00e4\u00e4ti\u00f6n logo\"},{\"@type\":\"BreadcrumbList\",\"@id\":\"https:\/\/sites.uef.fi\/mototyhy\/#breadcrumb\",\"itemListElement\":[{\"@type\":\"ListItem\",\"position\":1,\"name\":\"Home\",\"item\":\"https:\/\/sites.uef.fi\/mototyhy\/\"},{\"@type\":\"ListItem\",\"position\":2,\"name\":\"Etusivu\"}]},{\"@type\":\"WebSite\",\"@id\":\"https:\/\/sites.uef.fi\/mototyhy\/#website\",\"url\":\"https:\/\/sites.uef.fi\/mototyhy\/\",\"name\":\"Ty\u00f6hyvinvointia ja tuottavuutta mets\u00e4koneenkuljettajille\",\"description\":\"\",\"publisher\":{\"@id\":\"https:\/\/sites.uef.fi\/mototyhy\/#organization\"},\"potentialAction\":[{\"@type\":\"SearchAction\",\"target\":{\"@type\":\"EntryPoint\",\"urlTemplate\":\"https:\/\/sites.uef.fi\/mototyhy\/?s={search_term_string}\"},\"query-input\":{\"@type\":\"PropertyValueSpecification\",\"valueRequired\":true,\"valueName\":\"search_term_string\"}}],\"inLanguage\":\"fi\"},{\"@type\":\"Organization\",\"@id\":\"https:\/\/sites.uef.fi\/mototyhy\/#organization\",\"name\":\"Ty\u00f6hyvinvointia ja tuottavuutta mets\u00e4koneenkuljettajille\",\"url\":\"https:\/\/sites.uef.fi\/mototyhy\/\",\"logo\":{\"@type\":\"ImageObject\",\"inLanguage\":\"fi\",\"@id\":\"https:\/\/sites.uef.fi\/mototyhy\/#\/schema\/logo\/image\/\",\"url\":\"https:\/\/sites.uef.fi\/mototyhy\/wp-content\/uploads\/sites\/333\/2021\/11\/UEF-musta-logo-engl-pysty-pieni.jpg\",\"contentUrl\":\"https:\/\/sites.uef.fi\/mototyhy\/wp-content\/uploads\/sites\/333\/2021\/11\/UEF-musta-logo-engl-pysty-pieni.jpg\",\"width\":250,\"height\":250,\"caption\":\"Ty\u00f6hyvinvointia ja tuottavuutta mets\u00e4koneenkuljettajille\"},\"image\":{\"@id\":\"https:\/\/sites.uef.fi\/mototyhy\/#\/schema\/logo\/image\/\"}}]}<\/script>\n<!-- \/ Yoast SEO plugin. -->","yoast_head_json":{"title":"Etusivu - Ty\u00f6hyvinvointia ja tuottavuutta mets\u00e4koneenkuljettajille","robots":{"index":"index","follow":"follow","max-snippet":"max-snippet:-1","max-image-preview":"max-image-preview:large","max-video-preview":"max-video-preview:-1"},"canonical":"https:\/\/sites.uef.fi\/mototyhy\/","og_locale":"fi_FI","og_type":"article","og_title":"Etusivu - Ty\u00f6hyvinvointia ja tuottavuutta mets\u00e4koneenkuljettajille","og_description":"Mets\u00e4koneenkuljettajan ja h\u00e4vitt\u00e4j\u00e4lent\u00e4j\u00e4n ty\u00f6t\u00e4 verrataan usein toisiinsa. Kummassakin korostuu taito tehd\u00e4 jatkuvasti p\u00e4\u00e4t\u00f6ksi\u00e4 nopealla tahdilla. Mets\u00e4koneenkuljettajan on arvioitu antavan koneelleen jopa yli 4000 erilaista komentoa yhden tunnin aikana. Mets\u00e4 on monelle koneenkuljettajalle se kaikkein paras ty\u00f6paikka. Vastuullisessa ja vaativassa ty\u00f6ss\u00e4, arvokkaan koneen ohjaimissa sek\u00e4 mets\u00e4nomistajien omaisuuden ja teollisuuden raaka-aineen ensimm\u00e4isen\u00e4 k\u00e4sittelij\u00e4n\u00e4 kuljettaja on my\u00f6s paineen [&hellip;]","og_url":"https:\/\/sites.uef.fi\/mototyhy\/","og_site_name":"Ty\u00f6hyvinvointia ja tuottavuutta mets\u00e4koneenkuljettajille","article_modified_time":"2021-12-02T17:18:15+00:00","og_image":[{"url":"https:\/\/sites.uef.fi\/mototyhy\/wp-content\/uploads\/sites\/333\/2021\/11\/mmsaatio-tunnus.jpg","type":"","width":"","height":""}],"twitter_card":"summary_large_image","twitter_misc":{"Arvioitu lukuaika":"3 minuuttia"},"schema":{"@context":"https:\/\/schema.org","@graph":[{"@type":"WebPage","@id":"https:\/\/sites.uef.fi\/mototyhy\/","url":"https:\/\/sites.uef.fi\/mototyhy\/","name":"Etusivu - Ty\u00f6hyvinvointia ja tuottavuutta mets\u00e4koneenkuljettajille","isPartOf":{"@id":"https:\/\/sites.uef.fi\/mototyhy\/#website"},"primaryImageOfPage":{"@id":"https:\/\/sites.uef.fi\/mototyhy\/#primaryimage"},"image":{"@id":"https:\/\/sites.uef.fi\/mototyhy\/#primaryimage"},"thumbnailUrl":"https:\/\/sites.uef.fi\/mototyhy\/wp-content\/uploads\/sites\/333\/2021\/11\/mmsaatio-tunnus.jpg","datePublished":"2021-10-29T05:22:37+00:00","dateModified":"2021-12-02T17:18:15+00:00","breadcrumb":{"@id":"https:\/\/sites.uef.fi\/mototyhy\/#breadcrumb"},"inLanguage":"fi","potentialAction":[{"@type":"ReadAction","target":["https:\/\/sites.uef.fi\/mototyhy\/"]}]},{"@type":"ImageObject","inLanguage":"fi","@id":"https:\/\/sites.uef.fi\/mototyhy\/#primaryimage","url":"https:\/\/sites.uef.fi\/mototyhy\/wp-content\/uploads\/sites\/333\/2021\/11\/mmsaatio-tunnus.jpg","contentUrl":"https:\/\/sites.uef.fi\/mototyhy\/wp-content\/uploads\/sites\/333\/2021\/11\/mmsaatio-tunnus.jpg","width":323,"height":250,"caption":"Mets\u00e4miesten S\u00e4\u00e4ti\u00f6n logo"},{"@type":"BreadcrumbList","@id":"https:\/\/sites.uef.fi\/mototyhy\/#breadcrumb","itemListElement":[{"@type":"ListItem","position":1,"name":"Home","item":"https:\/\/sites.uef.fi\/mototyhy\/"},{"@type":"ListItem","position":2,"name":"Etusivu"}]},{"@type":"WebSite","@id":"https:\/\/sites.uef.fi\/mototyhy\/#website","url":"https:\/\/sites.uef.fi\/mototyhy\/","name":"Ty\u00f6hyvinvointia ja tuottavuutta mets\u00e4koneenkuljettajille","description":"","publisher":{"@id":"https:\/\/sites.uef.fi\/mototyhy\/#organization"},"potentialAction":[{"@type":"SearchAction","target":{"@type":"EntryPoint","urlTemplate":"https:\/\/sites.uef.fi\/mototyhy\/?s={search_term_string}"},"query-input":{"@type":"PropertyValueSpecification","valueRequired":true,"valueName":"search_term_string"}}],"inLanguage":"fi"},{"@type":"Organization","@id":"https:\/\/sites.uef.fi\/mototyhy\/#organization","name":"Ty\u00f6hyvinvointia ja tuottavuutta mets\u00e4koneenkuljettajille","url":"https:\/\/sites.uef.fi\/mototyhy\/","logo":{"@type":"ImageObject","inLanguage":"fi","@id":"https:\/\/sites.uef.fi\/mototyhy\/#\/schema\/logo\/image\/","url":"https:\/\/sites.uef.fi\/mototyhy\/wp-content\/uploads\/sites\/333\/2021\/11\/UEF-musta-logo-engl-pysty-pieni.jpg","contentUrl":"https:\/\/sites.uef.fi\/mototyhy\/wp-content\/uploads\/sites\/333\/2021\/11\/UEF-musta-logo-engl-pysty-pieni.jpg","width":250,"height":250,"caption":"Ty\u00f6hyvinvointia ja tuottavuutta mets\u00e4koneenkuljettajille"},"image":{"@id":"https:\/\/sites.uef.fi\/mototyhy\/#\/schema\/logo\/image\/"}}]}},"_links":{"self":[{"href":"https:\/\/sites.uef.fi\/mototyhy\/wp-json\/wp\/v2\/pages\/15","targetHints":{"allow":["GET"]}}],"collection":[{"href":"https:\/\/sites.uef.fi\/mototyhy\/wp-json\/wp\/v2\/pages"}],"about":[{"href":"https:\/\/sites.uef.fi\/mototyhy\/wp-json\/wp\/v2\/types\/page"}],"author":[{"embeddable":true,"href":"https:\/\/sites.uef.fi\/mototyhy\/wp-json\/wp\/v2\/users\/657"}],"replies":[{"embeddable":true,"href":"https:\/\/sites.uef.fi\/mototyhy\/wp-json\/wp\/v2\/comments?post=15"}],"version-history":[{"count":2,"href":"https:\/\/sites.uef.fi\/mototyhy\/wp-json\/wp\/v2\/pages\/15\/revisions"}],"predecessor-version":[{"id":500,"href":"https:\/\/sites.uef.fi\/mototyhy\/wp-json\/wp\/v2\/pages\/15\/revisions\/500"}],"wp:attachment":[{"href":"https:\/\/sites.uef.fi\/mototyhy\/wp-json\/wp\/v2\/media?parent=15"}],"curies":[{"name":"wp","href":"https:\/\/api.w.org\/{rel}","templated":true}]}}