{"id":155,"date":"2021-11-18T13:18:50","date_gmt":"2021-11-18T10:18:50","guid":{"rendered":"https:\/\/sites.uef.fi\/mototyhy\/?page_id=155"},"modified":"2021-11-18T13:18:51","modified_gmt":"2021-11-18T10:18:51","slug":"kuvailu-taukojumppa","status":"publish","type":"page","link":"https:\/\/sites.uef.fi\/mototyhy\/kuvailu-taukojumppa\/","title":{"rendered":"Taukojumppa (00:39)"},"content":{"rendered":"\n<h2 class=\"wp-block-heading\"><strong>Taukojumppa (00:39)<\/strong><\/h2>\n\n\n\n<p>Parrakas mies pukeutuu ty\u00f6takkiin. M\u00e4ntymets\u00e4, jossa mets\u00e4kone. Mies laittaa kyp\u00e4r\u00e4n p\u00e4\u00e4h\u00e4n. Mets\u00e4- ja j\u00e4rvimaisema.<\/p>\n\n\n\n<p>Teksti: <em>Taukojumppa<\/em>.<\/p>\n\n\n\n<p>Kuljettaja tauolla mets\u00e4koneen ohjaamossa.<\/p>\n\n\n\n<p>Ajatuskuplassa lukee: <em>Vahva lihas ei v\u00e4sy<\/em>.<\/p>\n\n\n\n<p>Kuljettaja nostaa etusormensa pystyyn ja tulee pois ohjaamosta.<\/p>\n\n\n\n<p>Teksti: <em>Tukkik\u00e4vely parantaa tasapainoa.<\/em><\/p>\n\n\n\n<p><em>Roikkuminen huoltaa hartioita ja olkap\u00e4it\u00e4<\/em>.<\/p>\n\n\n\n<p>Kuljettaja makaa sel\u00e4ll\u00e4\u00e4n tukin p\u00e4\u00e4ll\u00e4.<\/p>\n\n\n\n<p>Teksti: <em>Leputa istumisesta rasittunutta selk\u00e4\u00e4.<\/em><\/p>\n\n\n\n<p><em>Korokkeelle nousu aktivoi persikkaa.<\/em><\/p>\n\n\n\n<p><em>P\u00f6llipunnerrus vahvistaa ja huoltaa hartioita sek\u00e4 olkap\u00e4it\u00e4<\/em>.<\/p>\n\n\n\n<p><em>Mets\u00e4miesten s\u00e4\u00e4ti\u00f6, University of Eastern Finland<\/em>.<\/p>\n","protected":false},"excerpt":{"rendered":"<p>Taukojumppa (00:39) Parrakas mies pukeutuu ty\u00f6takkiin. M\u00e4ntymets\u00e4, jossa mets\u00e4kone. Mies laittaa kyp\u00e4r\u00e4n p\u00e4\u00e4h\u00e4n. Mets\u00e4- ja j\u00e4rvimaisema. Teksti: Taukojumppa. Kuljettaja tauolla mets\u00e4koneen ohjaamossa. Ajatuskuplassa lukee: Vahva lihas ei v\u00e4sy. Kuljettaja nostaa etusormensa pystyyn ja tulee pois ohjaamosta. Teksti: Tukkik\u00e4vely parantaa tasapainoa. Roikkuminen huoltaa hartioita ja olkap\u00e4it\u00e4. Kuljettaja makaa sel\u00e4ll\u00e4\u00e4n tukin p\u00e4\u00e4ll\u00e4. Teksti: Leputa istumisesta rasittunutta selk\u00e4\u00e4. [&hellip;]<\/p>\n","protected":false},"author":657,"featured_media":0,"parent":0,"menu_order":0,"comment_status":"closed","ping_status":"closed","template":"","meta":{"_acf_changed":false,"footnotes":""},"class_list":["post-155","page","type-page","status-publish","hentry"],"acf":[],"yoast_head":"<!-- This site is optimized with the Yoast SEO plugin v27.1.1 - https:\/\/yoast.com\/product\/yoast-seo-wordpress\/ -->\n<title>Taukojumppa (00:39) - Ty\u00f6hyvinvointia ja tuottavuutta mets\u00e4koneenkuljettajille<\/title>\n<meta name=\"robots\" content=\"index, follow, max-snippet:-1, max-image-preview:large, max-video-preview:-1\" \/>\n<link rel=\"canonical\" href=\"https:\/\/sites.uef.fi\/mototyhy\/kuvailu-taukojumppa\/\" \/>\n<meta property=\"og:locale\" content=\"fi_FI\" \/>\n<meta property=\"og:type\" content=\"article\" \/>\n<meta property=\"og:title\" content=\"Taukojumppa (00:39) - Ty\u00f6hyvinvointia ja tuottavuutta mets\u00e4koneenkuljettajille\" \/>\n<meta property=\"og:description\" content=\"Taukojumppa (00:39) Parrakas mies pukeutuu ty\u00f6takkiin. M\u00e4ntymets\u00e4, jossa mets\u00e4kone. Mies laittaa kyp\u00e4r\u00e4n p\u00e4\u00e4h\u00e4n. Mets\u00e4- ja j\u00e4rvimaisema. Teksti: Taukojumppa. Kuljettaja tauolla mets\u00e4koneen ohjaamossa. Ajatuskuplassa lukee: Vahva lihas ei v\u00e4sy. Kuljettaja nostaa etusormensa pystyyn ja tulee pois ohjaamosta. Teksti: Tukkik\u00e4vely parantaa tasapainoa. Roikkuminen huoltaa hartioita ja olkap\u00e4it\u00e4. Kuljettaja makaa sel\u00e4ll\u00e4\u00e4n tukin p\u00e4\u00e4ll\u00e4. Teksti: Leputa istumisesta rasittunutta selk\u00e4\u00e4. [&hellip;]\" \/>\n<meta property=\"og:url\" content=\"https:\/\/sites.uef.fi\/mototyhy\/kuvailu-taukojumppa\/\" \/>\n<meta property=\"og:site_name\" content=\"Ty\u00f6hyvinvointia ja tuottavuutta mets\u00e4koneenkuljettajille\" \/>\n<meta property=\"article:modified_time\" content=\"2021-11-18T10:18:51+00:00\" \/>\n<meta name=\"twitter:card\" content=\"summary_large_image\" \/>\n<script type=\"application\/ld+json\" class=\"yoast-schema-graph\">{\"@context\":\"https:\/\/schema.org\",\"@graph\":[{\"@type\":\"WebPage\",\"@id\":\"https:\/\/sites.uef.fi\/mototyhy\/kuvailu-taukojumppa\/\",\"url\":\"https:\/\/sites.uef.fi\/mototyhy\/kuvailu-taukojumppa\/\",\"name\":\"Taukojumppa (00:39) - Ty\u00f6hyvinvointia ja tuottavuutta mets\u00e4koneenkuljettajille\",\"isPartOf\":{\"@id\":\"https:\/\/sites.uef.fi\/mototyhy\/#website\"},\"datePublished\":\"2021-11-18T10:18:50+00:00\",\"dateModified\":\"2021-11-18T10:18:51+00:00\",\"breadcrumb\":{\"@id\":\"https:\/\/sites.uef.fi\/mototyhy\/kuvailu-taukojumppa\/#breadcrumb\"},\"inLanguage\":\"fi\",\"potentialAction\":[{\"@type\":\"ReadAction\",\"target\":[\"https:\/\/sites.uef.fi\/mototyhy\/kuvailu-taukojumppa\/\"]}]},{\"@type\":\"BreadcrumbList\",\"@id\":\"https:\/\/sites.uef.fi\/mototyhy\/kuvailu-taukojumppa\/#breadcrumb\",\"itemListElement\":[{\"@type\":\"ListItem\",\"position\":1,\"name\":\"Home\",\"item\":\"https:\/\/sites.uef.fi\/mototyhy\/\"},{\"@type\":\"ListItem\",\"position\":2,\"name\":\"Taukojumppa (00:39)\"}]},{\"@type\":\"WebSite\",\"@id\":\"https:\/\/sites.uef.fi\/mototyhy\/#website\",\"url\":\"https:\/\/sites.uef.fi\/mototyhy\/\",\"name\":\"Ty\u00f6hyvinvointia ja tuottavuutta mets\u00e4koneenkuljettajille\",\"description\":\"\",\"publisher\":{\"@id\":\"https:\/\/sites.uef.fi\/mototyhy\/#organization\"},\"potentialAction\":[{\"@type\":\"SearchAction\",\"target\":{\"@type\":\"EntryPoint\",\"urlTemplate\":\"https:\/\/sites.uef.fi\/mototyhy\/?s={search_term_string}\"},\"query-input\":{\"@type\":\"PropertyValueSpecification\",\"valueRequired\":true,\"valueName\":\"search_term_string\"}}],\"inLanguage\":\"fi\"},{\"@type\":\"Organization\",\"@id\":\"https:\/\/sites.uef.fi\/mototyhy\/#organization\",\"name\":\"Ty\u00f6hyvinvointia ja tuottavuutta mets\u00e4koneenkuljettajille\",\"url\":\"https:\/\/sites.uef.fi\/mototyhy\/\",\"logo\":{\"@type\":\"ImageObject\",\"inLanguage\":\"fi\",\"@id\":\"https:\/\/sites.uef.fi\/mototyhy\/#\/schema\/logo\/image\/\",\"url\":\"https:\/\/sites.uef.fi\/mototyhy\/wp-content\/uploads\/sites\/333\/2021\/11\/UEF-musta-logo-engl-pysty-pieni.jpg\",\"contentUrl\":\"https:\/\/sites.uef.fi\/mototyhy\/wp-content\/uploads\/sites\/333\/2021\/11\/UEF-musta-logo-engl-pysty-pieni.jpg\",\"width\":250,\"height\":250,\"caption\":\"Ty\u00f6hyvinvointia ja tuottavuutta mets\u00e4koneenkuljettajille\"},\"image\":{\"@id\":\"https:\/\/sites.uef.fi\/mototyhy\/#\/schema\/logo\/image\/\"}}]}<\/script>\n<!-- \/ Yoast SEO plugin. -->","yoast_head_json":{"title":"Taukojumppa (00:39) - Ty\u00f6hyvinvointia ja tuottavuutta mets\u00e4koneenkuljettajille","robots":{"index":"index","follow":"follow","max-snippet":"max-snippet:-1","max-image-preview":"max-image-preview:large","max-video-preview":"max-video-preview:-1"},"canonical":"https:\/\/sites.uef.fi\/mototyhy\/kuvailu-taukojumppa\/","og_locale":"fi_FI","og_type":"article","og_title":"Taukojumppa (00:39) - Ty\u00f6hyvinvointia ja tuottavuutta mets\u00e4koneenkuljettajille","og_description":"Taukojumppa (00:39) Parrakas mies pukeutuu ty\u00f6takkiin. M\u00e4ntymets\u00e4, jossa mets\u00e4kone. Mies laittaa kyp\u00e4r\u00e4n p\u00e4\u00e4h\u00e4n. Mets\u00e4- ja j\u00e4rvimaisema. Teksti: Taukojumppa. Kuljettaja tauolla mets\u00e4koneen ohjaamossa. Ajatuskuplassa lukee: Vahva lihas ei v\u00e4sy. Kuljettaja nostaa etusormensa pystyyn ja tulee pois ohjaamosta. Teksti: Tukkik\u00e4vely parantaa tasapainoa. Roikkuminen huoltaa hartioita ja olkap\u00e4it\u00e4. Kuljettaja makaa sel\u00e4ll\u00e4\u00e4n tukin p\u00e4\u00e4ll\u00e4. Teksti: Leputa istumisesta rasittunutta selk\u00e4\u00e4. [&hellip;]","og_url":"https:\/\/sites.uef.fi\/mototyhy\/kuvailu-taukojumppa\/","og_site_name":"Ty\u00f6hyvinvointia ja tuottavuutta mets\u00e4koneenkuljettajille","article_modified_time":"2021-11-18T10:18:51+00:00","twitter_card":"summary_large_image","schema":{"@context":"https:\/\/schema.org","@graph":[{"@type":"WebPage","@id":"https:\/\/sites.uef.fi\/mototyhy\/kuvailu-taukojumppa\/","url":"https:\/\/sites.uef.fi\/mototyhy\/kuvailu-taukojumppa\/","name":"Taukojumppa (00:39) - Ty\u00f6hyvinvointia ja tuottavuutta mets\u00e4koneenkuljettajille","isPartOf":{"@id":"https:\/\/sites.uef.fi\/mototyhy\/#website"},"datePublished":"2021-11-18T10:18:50+00:00","dateModified":"2021-11-18T10:18:51+00:00","breadcrumb":{"@id":"https:\/\/sites.uef.fi\/mototyhy\/kuvailu-taukojumppa\/#breadcrumb"},"inLanguage":"fi","potentialAction":[{"@type":"ReadAction","target":["https:\/\/sites.uef.fi\/mototyhy\/kuvailu-taukojumppa\/"]}]},{"@type":"BreadcrumbList","@id":"https:\/\/sites.uef.fi\/mototyhy\/kuvailu-taukojumppa\/#breadcrumb","itemListElement":[{"@type":"ListItem","position":1,"name":"Home","item":"https:\/\/sites.uef.fi\/mototyhy\/"},{"@type":"ListItem","position":2,"name":"Taukojumppa (00:39)"}]},{"@type":"WebSite","@id":"https:\/\/sites.uef.fi\/mototyhy\/#website","url":"https:\/\/sites.uef.fi\/mototyhy\/","name":"Ty\u00f6hyvinvointia ja tuottavuutta mets\u00e4koneenkuljettajille","description":"","publisher":{"@id":"https:\/\/sites.uef.fi\/mototyhy\/#organization"},"potentialAction":[{"@type":"SearchAction","target":{"@type":"EntryPoint","urlTemplate":"https:\/\/sites.uef.fi\/mototyhy\/?s={search_term_string}"},"query-input":{"@type":"PropertyValueSpecification","valueRequired":true,"valueName":"search_term_string"}}],"inLanguage":"fi"},{"@type":"Organization","@id":"https:\/\/sites.uef.fi\/mototyhy\/#organization","name":"Ty\u00f6hyvinvointia ja tuottavuutta mets\u00e4koneenkuljettajille","url":"https:\/\/sites.uef.fi\/mototyhy\/","logo":{"@type":"ImageObject","inLanguage":"fi","@id":"https:\/\/sites.uef.fi\/mototyhy\/#\/schema\/logo\/image\/","url":"https:\/\/sites.uef.fi\/mototyhy\/wp-content\/uploads\/sites\/333\/2021\/11\/UEF-musta-logo-engl-pysty-pieni.jpg","contentUrl":"https:\/\/sites.uef.fi\/mototyhy\/wp-content\/uploads\/sites\/333\/2021\/11\/UEF-musta-logo-engl-pysty-pieni.jpg","width":250,"height":250,"caption":"Ty\u00f6hyvinvointia ja tuottavuutta mets\u00e4koneenkuljettajille"},"image":{"@id":"https:\/\/sites.uef.fi\/mototyhy\/#\/schema\/logo\/image\/"}}]}},"_links":{"self":[{"href":"https:\/\/sites.uef.fi\/mototyhy\/wp-json\/wp\/v2\/pages\/155","targetHints":{"allow":["GET"]}}],"collection":[{"href":"https:\/\/sites.uef.fi\/mototyhy\/wp-json\/wp\/v2\/pages"}],"about":[{"href":"https:\/\/sites.uef.fi\/mototyhy\/wp-json\/wp\/v2\/types\/page"}],"author":[{"embeddable":true,"href":"https:\/\/sites.uef.fi\/mototyhy\/wp-json\/wp\/v2\/users\/657"}],"replies":[{"embeddable":true,"href":"https:\/\/sites.uef.fi\/mototyhy\/wp-json\/wp\/v2\/comments?post=155"}],"version-history":[{"count":1,"href":"https:\/\/sites.uef.fi\/mototyhy\/wp-json\/wp\/v2\/pages\/155\/revisions"}],"predecessor-version":[{"id":158,"href":"https:\/\/sites.uef.fi\/mototyhy\/wp-json\/wp\/v2\/pages\/155\/revisions\/158"}],"wp:attachment":[{"href":"https:\/\/sites.uef.fi\/mototyhy\/wp-json\/wp\/v2\/media?parent=155"}],"curies":[{"name":"wp","href":"https:\/\/api.w.org\/{rel}","templated":true}]}}